{"id":10189,"date":"2022-01-19T12:53:03","date_gmt":"2022-01-19T11:53:03","guid":{"rendered":"https:\/\/new.tiketi.com\/air-taxi-from-vasteras-to-stockholm\/"},"modified":"2022-01-24T12:04:43","modified_gmt":"2022-01-24T11:04:43","slug":"air-taxi-from-vasteras-to-stockholm","status":"publish","type":"page","link":"https:\/\/tiketi.com\/en-gb\/air-taxi-from-vasteras-to-stockholm\/","title":{"rendered":"Air Taxi from V\u00e4ster\u00e5s to Stockholm"},"content":{"rendered":"<h2>Looking for cheap flights from V\u00e4ster\u00e5s to Stockholm?<\/h2>\n<h3>Search, compare and book cheap flight tickets from V\u00e4ster\u00e5s to Stockholm online now.<\/h3>\n<p>Electric air taxi from V\u00e4ster\u00e5s to Stockholm online booking. The Tiketi.com app helps you search, compare and book cheap flights from V\u00e4ster\u00e5s to Stockholm online. Electric flying taxis in V\u00e4ster\u00e5s makes possible to travel cheap and fast in Stockholm and surroundings. Stockholm takes the cake when it comes to charming cities. Placed on fourteen islands, the Swedish capital is packed with both creative and medieval buildings contemporary architecture. One-third of the area within the city limits is made up of water, while another third comprises woodlands and parks. As an outcome, Stockholm is one of Europe fit cities and a remarkable place in which to spend time. The capital is also best for those with a penchant for culture, housing an abundance of galleries and museums including the world\u2019s first open-air museum, Skansen, and one of the largest meeting places of contemporary photography in the planet, Fotografiska. So find and compare drone taxi from V\u00e4ster\u00e5s to Stockholm and book great offers on cheap air taxis from V\u00e4ster\u00e5s to Stockholm online now.<\/p>\n<h2>Cheap air taxi\u00a0from V\u00e4ster\u00e5s to Stockholm online booking FAQs<\/h2>\n<h3>How far is V\u00e4ster\u00e5s to Stockholm?<\/h3>\n<p>The distance of flights from V\u00e4ster\u00e5s to Stockholm\u00a0is 57 miles \/ 91 km.<\/p>\n<h3>How long is the cheap flights from V\u00e4ster\u00e5s to Stockholm?<\/h3>\n<p>The average V\u00e4ster\u00e5s to Stockholm flight time is minutes.<\/p>\n<h3>How long is the flights from V\u00e4ster\u00e5s to Stockholm?<\/h3>\n<p>The average V\u00e4ster\u00e5s to Stockholm flight time is minutes.<\/p>\n<h3>What are eVLTO electric flying taxis from V\u00e4ster\u00e5s to Stockholm?<\/h3>\n<p><!--{cke_protected}{C}%3C!%2D%2D%20%2Fwp%3Aheading%20%2D%2D%3E--><!--{cke_protected}{C}%3C!%2D%2D%20wp%3Aparagraph%20%2D%2D%3E-->The flying taxis from V\u00e4ster\u00e5s to Stockholm aircraft, called as an eVTOL (electrical vertical take-off and landing), are designed to transport people via urban and cities atmosphere.<\/p>\n<h3>Electric air taxis from V\u00e4ster\u00e5s to Stockholm are high-speed public transport<\/h3>\n<p><!--{cke_protected}{C}%3C!%2D%2D%20%2Fwp%3Aheading%20%2D%2D%3E--><!--{cke_protected}{C}%3C!%2D%2D%20wp%3Aparagraph%20%2D%2D%3E-->The best benefit of\u00a0air taxis from V\u00e4ster\u00e5s to Stockholm is its high speed. It is the quickest mode of transport and thus it is the most perfect mean where time is a vital factor.<\/p>\n<h3>Electric flying taxi from V\u00e4ster\u00e5s to Stockholm has very low carbon emissions<\/h3>\n<p>Drone taxi\u00a0from V\u00e4ster\u00e5s to Stockholm producers use electricity to power their vehicles. Hence, drone taxis will not emit greenhouses gases. Hence, these taxis can support in decreasing the impact of climate change. So book your taxi with the help of drone taxi\u00a0from V\u00e4ster\u00e5s to Stockholm now.<\/p>\n<h3>Cheap drone taxi\u00a0from V\u00e4ster\u00e5s to Stockholm tips<\/h3>\n<p>Drone air taxi from V\u00e4ster\u00e5s to Stockholm offer the most nonstop flights between V\u00e4ster\u00e5s to Stockholm.<\/p>","protected":false},"excerpt":{"rendered":"<p>Looking for cheap flights from V\u00e4ster\u00e5s to Stockholm? Search, compare and book cheap flight tickets from V\u00e4ster\u00e5s to Stockholm online now. Electric air taxi from V\u00e4ster\u00e5s to Stockholm online booking. The Tiketi.com app helps you search, compare and book cheap flights from V\u00e4ster\u00e5s to Stockholm online. Electric flying taxis in V\u00e4ster\u00e5s makes possible to travel [&hellip;]<\/p>\n","protected":false},"author":1,"featured_media":13927,"parent":0,"menu_order":0,"comment_status":"open","ping_status":"closed","template":"template-home-modern.php","meta":{"footnotes":""},"class_list":["post-10189","page","type-page","status-publish","has-post-thumbnail","hentry"],"yoast_head":"<!-- This site is optimized with the Yoast SEO plugin v27.3 - https:\/\/yoast.com\/product\/yoast-seo-wordpress\/ -->\n<title>Air Taxi from V\u00e4ster\u00e5s to Stockholm<\/title>\n<meta name=\"description\" content=\"Looking for cheap air taxi from V\u00e4ster\u00e5s to Stockholm online booking? Search &amp; book cheap drone flights from V\u00e4ster\u00e5s to Stockholm\" \/>\n<meta name=\"robots\" content=\"index, follow, max-snippet:-1, max-image-preview:large, max-video-preview:-1\" \/>\n<link rel=\"canonical\" href=\"https:\/\/tiketi.com\/en-gb\/air-taxi-from-vasteras-to-stockholm\/\" \/>\n<meta property=\"og:locale\" content=\"en_GB\" \/>\n<meta property=\"og:type\" content=\"article\" \/>\n<meta property=\"og:title\" content=\"Air Taxi from V\u00e4ster\u00e5s to Stockholm\" \/>\n<meta property=\"og:description\" content=\"Looking for cheap air taxi from V\u00e4ster\u00e5s to Stockholm online booking? Search &amp; book cheap drone flights from V\u00e4ster\u00e5s to Stockholm\" \/>\n<meta property=\"og:url\" content=\"https:\/\/tiketi.com\/en-gb\/air-taxi-from-vasteras-to-stockholm\/\" \/>\n<meta property=\"og:site_name\" content=\"Tiketi.com\" \/>\n<meta property=\"article:publisher\" content=\"https:\/\/www.facebook.com\/TiketiCom\/\" \/>\n<meta property=\"article:modified_time\" content=\"2022-01-24T11:04:43+00:00\" \/>\n<meta property=\"og:image\" content=\"https:\/\/tiketi.com\/wp-content\/uploads\/2022\/01\/stockholm.jpg\" \/>\n\t<meta property=\"og:image:width\" content=\"1200\" \/>\n\t<meta property=\"og:image:height\" content=\"223\" \/>\n\t<meta property=\"og:image:type\" content=\"image\/jpeg\" \/>\n<meta name=\"twitter:card\" content=\"summary_large_image\" \/>\n<meta name=\"twitter:label1\" content=\"Estimated reading time\" \/>\n\t<meta name=\"twitter:data1\" content=\"2 minutes\" \/>\n<script type=\"application\/ld+json\" class=\"yoast-schema-graph\">{\"@context\":\"https:\\\/\\\/schema.org\",\"@graph\":[{\"@type\":\"WebPage\",\"@id\":\"https:\\\/\\\/tiketi.com\\\/air-taxi-from-vasteras-to-stockholm\\\/\",\"url\":\"https:\\\/\\\/tiketi.com\\\/air-taxi-from-vasteras-to-stockholm\\\/\",\"name\":\"Air Taxi from V\u00e4ster\u00e5s to Stockholm\",\"isPartOf\":{\"@id\":\"https:\\\/\\\/tiketi.com\\\/#website\"},\"primaryImageOfPage\":{\"@id\":\"https:\\\/\\\/tiketi.com\\\/air-taxi-from-vasteras-to-stockholm\\\/#primaryimage\"},\"image\":{\"@id\":\"https:\\\/\\\/tiketi.com\\\/air-taxi-from-vasteras-to-stockholm\\\/#primaryimage\"},\"thumbnailUrl\":\"https:\\\/\\\/tiketi.com\\\/wp-content\\\/uploads\\\/2022\\\/01\\\/stockholm.jpg\",\"datePublished\":\"2022-01-19T11:53:03+00:00\",\"dateModified\":\"2022-01-24T11:04:43+00:00\",\"description\":\"Looking for cheap air taxi from V\u00e4ster\u00e5s to Stockholm online booking? Search & book cheap drone flights from V\u00e4ster\u00e5s to Stockholm\",\"breadcrumb\":{\"@id\":\"https:\\\/\\\/tiketi.com\\\/air-taxi-from-vasteras-to-stockholm\\\/#breadcrumb\"},\"inLanguage\":\"en-GB\",\"potentialAction\":[{\"@type\":\"ReadAction\",\"target\":[\"https:\\\/\\\/tiketi.com\\\/air-taxi-from-vasteras-to-stockholm\\\/\"]}]},{\"@type\":\"ImageObject\",\"inLanguage\":\"en-GB\",\"@id\":\"https:\\\/\\\/tiketi.com\\\/air-taxi-from-vasteras-to-stockholm\\\/#primaryimage\",\"url\":\"https:\\\/\\\/tiketi.com\\\/wp-content\\\/uploads\\\/2022\\\/01\\\/stockholm.jpg\",\"contentUrl\":\"https:\\\/\\\/tiketi.com\\\/wp-content\\\/uploads\\\/2022\\\/01\\\/stockholm.jpg\",\"width\":1200,\"height\":223,\"caption\":\"Air Taxi in Stockholm\"},{\"@type\":\"BreadcrumbList\",\"@id\":\"https:\\\/\\\/tiketi.com\\\/air-taxi-from-vasteras-to-stockholm\\\/#breadcrumb\",\"itemListElement\":[{\"@type\":\"ListItem\",\"position\":1,\"name\":\"Home\",\"item\":\"https:\\\/\\\/tiketi.com\\\/\"},{\"@type\":\"ListItem\",\"position\":2,\"name\":\"Air Taxi from V\u00e4ster\u00e5s to Stockholm\"}]},{\"@type\":\"WebSite\",\"@id\":\"https:\\\/\\\/tiketi.com\\\/#website\",\"url\":\"https:\\\/\\\/tiketi.com\\\/\",\"name\":\"Flight & Bus Tickets, Tour Packages & Activitites - Tiketi.com\",\"description\":\"Flight &amp; Bus Tickets, Tours, Activitites\",\"publisher\":{\"@id\":\"https:\\\/\\\/tiketi.com\\\/#organization\"},\"potentialAction\":[{\"@type\":\"SearchAction\",\"target\":{\"@type\":\"EntryPoint\",\"urlTemplate\":\"https:\\\/\\\/tiketi.com\\\/?s={search_term_string}\"},\"query-input\":{\"@type\":\"PropertyValueSpecification\",\"valueRequired\":true,\"valueName\":\"search_term_string\"}}],\"inLanguage\":\"en-GB\"},{\"@type\":\"Organization\",\"@id\":\"https:\\\/\\\/tiketi.com\\\/#organization\",\"name\":\"Tiketi.com\",\"alternateName\":\"Tiketi\",\"url\":\"https:\\\/\\\/tiketi.com\\\/\",\"logo\":{\"@type\":\"ImageObject\",\"inLanguage\":\"en-GB\",\"@id\":\"https:\\\/\\\/tiketi.com\\\/#\\\/schema\\\/logo\\\/image\\\/\",\"url\":\"https:\\\/\\\/tiketi.com\\\/wp-content\\\/uploads\\\/2019\\\/05\\\/tiketi-logo-696.png\",\"contentUrl\":\"https:\\\/\\\/tiketi.com\\\/wp-content\\\/uploads\\\/2019\\\/05\\\/tiketi-logo-696.png\",\"width\":696,\"height\":696,\"caption\":\"Tiketi.com\"},\"image\":{\"@id\":\"https:\\\/\\\/tiketi.com\\\/#\\\/schema\\\/logo\\\/image\\\/\"},\"sameAs\":[\"https:\\\/\\\/www.facebook.com\\\/TiketiCom\\\/\"]}]}<\/script>\n<!-- \/ Yoast SEO plugin. -->","yoast_head_json":{"title":"Air Taxi from V\u00e4ster\u00e5s to Stockholm","description":"Looking for cheap air taxi from V\u00e4ster\u00e5s to Stockholm online booking? Search & book cheap drone flights from V\u00e4ster\u00e5s to Stockholm","robots":{"index":"index","follow":"follow","max-snippet":"max-snippet:-1","max-image-preview":"max-image-preview:large","max-video-preview":"max-video-preview:-1"},"canonical":"https:\/\/tiketi.com\/en-gb\/air-taxi-from-vasteras-to-stockholm\/","og_locale":"en_GB","og_type":"article","og_title":"Air Taxi from V\u00e4ster\u00e5s to Stockholm","og_description":"Looking for cheap air taxi from V\u00e4ster\u00e5s to Stockholm online booking? Search & book cheap drone flights from V\u00e4ster\u00e5s to Stockholm","og_url":"https:\/\/tiketi.com\/en-gb\/air-taxi-from-vasteras-to-stockholm\/","og_site_name":"Tiketi.com","article_publisher":"https:\/\/www.facebook.com\/TiketiCom\/","article_modified_time":"2022-01-24T11:04:43+00:00","og_image":[{"width":1200,"height":223,"url":"https:\/\/tiketi.com\/wp-content\/uploads\/2022\/01\/stockholm.jpg","type":"image\/jpeg"}],"twitter_card":"summary_large_image","twitter_misc":{"Estimated reading time":"2 minutes"},"schema":{"@context":"https:\/\/schema.org","@graph":[{"@type":"WebPage","@id":"https:\/\/tiketi.com\/air-taxi-from-vasteras-to-stockholm\/","url":"https:\/\/tiketi.com\/air-taxi-from-vasteras-to-stockholm\/","name":"Air Taxi from V\u00e4ster\u00e5s to Stockholm","isPartOf":{"@id":"https:\/\/tiketi.com\/#website"},"primaryImageOfPage":{"@id":"https:\/\/tiketi.com\/air-taxi-from-vasteras-to-stockholm\/#primaryimage"},"image":{"@id":"https:\/\/tiketi.com\/air-taxi-from-vasteras-to-stockholm\/#primaryimage"},"thumbnailUrl":"https:\/\/tiketi.com\/wp-content\/uploads\/2022\/01\/stockholm.jpg","datePublished":"2022-01-19T11:53:03+00:00","dateModified":"2022-01-24T11:04:43+00:00","description":"Looking for cheap air taxi from V\u00e4ster\u00e5s to Stockholm online booking? Search & book cheap drone flights from V\u00e4ster\u00e5s to Stockholm","breadcrumb":{"@id":"https:\/\/tiketi.com\/air-taxi-from-vasteras-to-stockholm\/#breadcrumb"},"inLanguage":"en-GB","potentialAction":[{"@type":"ReadAction","target":["https:\/\/tiketi.com\/air-taxi-from-vasteras-to-stockholm\/"]}]},{"@type":"ImageObject","inLanguage":"en-GB","@id":"https:\/\/tiketi.com\/air-taxi-from-vasteras-to-stockholm\/#primaryimage","url":"https:\/\/tiketi.com\/wp-content\/uploads\/2022\/01\/stockholm.jpg","contentUrl":"https:\/\/tiketi.com\/wp-content\/uploads\/2022\/01\/stockholm.jpg","width":1200,"height":223,"caption":"Air Taxi in Stockholm"},{"@type":"BreadcrumbList","@id":"https:\/\/tiketi.com\/air-taxi-from-vasteras-to-stockholm\/#breadcrumb","itemListElement":[{"@type":"ListItem","position":1,"name":"Home","item":"https:\/\/tiketi.com\/"},{"@type":"ListItem","position":2,"name":"Air Taxi from V\u00e4ster\u00e5s to Stockholm"}]},{"@type":"WebSite","@id":"https:\/\/tiketi.com\/#website","url":"https:\/\/tiketi.com\/","name":"Flight & Bus Tickets, Tour Packages & Activitites - Tiketi.com","description":"Flight &amp; Bus Tickets, Tours, Activitites","publisher":{"@id":"https:\/\/tiketi.com\/#organization"},"potentialAction":[{"@type":"SearchAction","target":{"@type":"EntryPoint","urlTemplate":"https:\/\/tiketi.com\/?s={search_term_string}"},"query-input":{"@type":"PropertyValueSpecification","valueRequired":true,"valueName":"search_term_string"}}],"inLanguage":"en-GB"},{"@type":"Organization","@id":"https:\/\/tiketi.com\/#organization","name":"Tiketi.com","alternateName":"Tiketi","url":"https:\/\/tiketi.com\/","logo":{"@type":"ImageObject","inLanguage":"en-GB","@id":"https:\/\/tiketi.com\/#\/schema\/logo\/image\/","url":"https:\/\/tiketi.com\/wp-content\/uploads\/2019\/05\/tiketi-logo-696.png","contentUrl":"https:\/\/tiketi.com\/wp-content\/uploads\/2019\/05\/tiketi-logo-696.png","width":696,"height":696,"caption":"Tiketi.com"},"image":{"@id":"https:\/\/tiketi.com\/#\/schema\/logo\/image\/"},"sameAs":["https:\/\/www.facebook.com\/TiketiCom\/"]}]}},"_links":{"self":[{"href":"https:\/\/tiketi.com\/en-gb\/wp-json\/wp\/v2\/pages\/10189","targetHints":{"allow":["GET"]}}],"collection":[{"href":"https:\/\/tiketi.com\/en-gb\/wp-json\/wp\/v2\/pages"}],"about":[{"href":"https:\/\/tiketi.com\/en-gb\/wp-json\/wp\/v2\/types\/page"}],"author":[{"embeddable":true,"href":"https:\/\/tiketi.com\/en-gb\/wp-json\/wp\/v2\/users\/1"}],"replies":[{"embeddable":true,"href":"https:\/\/tiketi.com\/en-gb\/wp-json\/wp\/v2\/comments?post=10189"}],"version-history":[{"count":0,"href":"https:\/\/tiketi.com\/en-gb\/wp-json\/wp\/v2\/pages\/10189\/revisions"}],"wp:featuredmedia":[{"embeddable":true,"href":"https:\/\/tiketi.com\/en-gb\/wp-json\/wp\/v2\/media\/13927"}],"wp:attachment":[{"href":"https:\/\/tiketi.com\/en-gb\/wp-json\/wp\/v2\/media?parent=10189"}],"curies":[{"name":"wp","href":"https:\/\/api.w.org\/{rel}","templated":true}]}}