{"id":10547,"date":"2022-01-19T12:53:29","date_gmt":"2022-01-19T11:53:29","guid":{"rendered":"https:\/\/new.tiketi.com\/reykjavik-air-taxi-booking-app-electric-flying-taxis\/"},"modified":"2022-02-21T10:42:10","modified_gmt":"2022-02-21T09:42:10","slug":"flying-reykjav-k-air-taxi-booking","status":"publish","type":"page","link":"https:\/\/tiketi.com\/en-gb\/flying-reykjav-k-air-taxi-booking\/","title":{"rendered":"Air Taxi in Reykjav\u00edk Online Booking App &#8211; Electric Flying Taxis"},"content":{"rendered":"<h2>Electric Reykjav\u00edk air taxi booking app<\/h2>\n<!-- \/wp:post-content --><!-- wp:paragraph -->\n\nElectric air taxi in Reykjav\u00edk online booking app service will enable users to book electric flying taxi in Reykjav\u00edk, launching in major cities and metropolitan areas in Reykjav\u00edk soon. Air taxis in Reykjav\u00edk makes possible to travel cheap and fast in Iceland. Placed in the southeast Iceland, Reykjavik has the respect of being the northernmost capital city in the planet. Besides which, it is a famous visitor place with visitors coming from around the planet to experience life in chill country \u2013 it was named Iceland. Settled by Scandinavian Vikings, visitors come to Iceland biggest city to learn more about those fierce settlers and perhaps take a dip in a geothermal warm spring. Whatever visitor attraction in Reykjavik draws visitors here, the city makes a best ending or starting point for Icelandic holiday. As with so many other things you will be able to make anytime and anywhere drone Reykjav\u00edk air taxi booking for your electric air taxi flight.\n\n<!-- \/wp:paragraph --><!-- wp:heading -->\n<h2>Here are some of the best advantages of electric flying\u00a0taxi in Reykjav\u00edk,\u00a0Iceland<\/h2>\n<h3>Are electric air taxis in Reykjav\u00edk and helicopters same?<\/h3>\n<!-- \/wp:heading --><!-- wp:paragraph -->\n\nAlthough electric flying taxis in Reykjav\u00edk and helicopters are pretty different with regards to the travel speed and flight range, they are extremely similar in terms of their vertical takeoff and landing, scheduling, operations and infrastructure needs, such as the presence of helipads for VTOL procedures.\n<h3>What is the speed of electric flying\u00a0taxi\u00a0in Reykjav\u00edk?<\/h3>\n<!-- \/wp:paragraph --><!-- wp:paragraph -->\n\nThe air taxis in Reykjav\u00edk will have 5 seats and a cruising speed of 290kph, and can fly an altitude of 1,000 &#8211; 2,000. It is little, electric run rotors make it less noisy than a combustion-engine helicopter, which will permit it to fly over cities with low tolerance for noise pollution without any problems.\n\n<!-- \/wp:paragraph --><!-- wp:heading {\"level\":3} -->\n<h3>Are electric air taxis in Reykjav\u00edk safe?<\/h3>\n<!-- \/wp:heading --><!-- wp:paragraph -->\n\nSo, it is safer to fly an air-taxi certified plane? The little answer is, yes. Extra safety measures undergo by flying\u00a0taxis in Reykjav\u00edk operators regulated under part 135 offer customer with more reliable way to hire a private aircraft.\n<h3>How much will an electric flying\u00a0taxis in Reykjav\u00edk cost?<\/h3>\n<!-- \/wp:paragraph --><!-- wp:paragraph -->\n\nInitially, drone air taxis in Reykjav\u00edk will cost approximately $5.73 per passenger mile. You can easily book air taxi through electric flying taxis in Reykjav\u00edk app.\n<h2>Advantages of electric Reykjav\u00edk air taxi booking app<\/h2>\n<!-- \/wp:paragraph --><!-- wp:paragraph -->\n\nAmong its other advantages, drone taxi in Reykjav\u00edk online booking could provide a economic boom by rising the number of people heading for recreation and tourism places that are not near big airports.\n\n<!-- \/wp:paragraph --><!-- wp:heading {\"level\":3} -->\n<h3>Would drone air taxi in Reykjav\u00edk online booking app be used to book a electric air taxi flight?<\/h3>\n<!-- \/wp:heading --><!-- wp:paragraph -->\n\nYes, customers can seamlessly use online electric Reykjav\u00edk air taxi booking app to find the best route and book a drone flying taxi in Reykjav\u00edk flight anytime and anywhere.","protected":false},"excerpt":{"rendered":"<p>Electric Reykjav\u00edk air taxi booking app Electric air taxi in Reykjav\u00edk online booking app service will enable users to book electric flying taxi in Reykjav\u00edk, launching in major cities and metropolitan areas in Reykjav\u00edk soon. Air taxis in Reykjav\u00edk makes possible to travel cheap and fast in Iceland. Placed in the southeast Iceland, Reykjavik has [&hellip;]<\/p>\n","protected":false},"author":1,"featured_media":21045,"parent":0,"menu_order":0,"comment_status":"open","ping_status":"closed","template":"template-home-modern.php","meta":{"footnotes":""},"class_list":["post-10547","page","type-page","status-publish","has-post-thumbnail","hentry"],"yoast_head":"<!-- This site is optimized with the Yoast SEO plugin v27.3 - https:\/\/yoast.com\/product\/yoast-seo-wordpress\/ -->\n<title>Air Taxi in Reykjav\u00edk Online Booking - Electric Flying Taxis<\/title>\n<meta name=\"description\" content=\"Looking for drone air taxi in Reykjav\u00edk online booking app, route, schedule &amp; fare? Compare air taxis and book your cheap flying taxi in Reykjav\u00edk\" \/>\n<meta name=\"robots\" content=\"index, follow, max-snippet:-1, max-image-preview:large, max-video-preview:-1\" \/>\n<link rel=\"canonical\" href=\"https:\/\/tiketi.com\/en-gb\/flying-reykjav-k-air-taxi-booking\/\" \/>\n<meta property=\"og:locale\" content=\"en_GB\" \/>\n<meta property=\"og:type\" content=\"article\" \/>\n<meta property=\"og:title\" content=\"Air Taxi in Reykjav\u00edk Online Booking - Electric Flying Taxis\" \/>\n<meta property=\"og:description\" content=\"Looking for drone air taxi in Reykjav\u00edk online booking app, route, schedule &amp; fare? Compare air taxis and book your cheap flying taxi in Reykjav\u00edk\" \/>\n<meta property=\"og:url\" content=\"https:\/\/tiketi.com\/en-gb\/flying-reykjav-k-air-taxi-booking\/\" \/>\n<meta property=\"og:site_name\" content=\"Tiketi.com\" \/>\n<meta property=\"article:publisher\" content=\"https:\/\/www.facebook.com\/TiketiCom\/\" \/>\n<meta property=\"article:modified_time\" content=\"2022-02-21T09:42:10+00:00\" \/>\n<meta property=\"og:image\" content=\"https:\/\/tiketi.com\/wp-content\/uploads\/2019\/05\/reykjavik-iceland-3905006_1280.jpg\" \/>\n\t<meta property=\"og:image:width\" content=\"1200\" \/>\n\t<meta property=\"og:image:height\" content=\"200\" \/>\n\t<meta property=\"og:image:type\" content=\"image\/jpeg\" \/>\n<meta name=\"twitter:card\" content=\"summary_large_image\" \/>\n<meta name=\"twitter:label1\" content=\"Estimated reading time\" \/>\n\t<meta name=\"twitter:data1\" content=\"3 minutes\" \/>\n<script type=\"application\/ld+json\" class=\"yoast-schema-graph\">{\"@context\":\"https:\\\/\\\/schema.org\",\"@graph\":[{\"@type\":\"WebPage\",\"@id\":\"https:\\\/\\\/tiketi.com\\\/flying-reykjav-k-air-taxi-booking\\\/\",\"url\":\"https:\\\/\\\/tiketi.com\\\/flying-reykjav-k-air-taxi-booking\\\/\",\"name\":\"Air Taxi in Reykjav\u00edk Online Booking - Electric Flying Taxis\",\"isPartOf\":{\"@id\":\"https:\\\/\\\/tiketi.com\\\/#website\"},\"primaryImageOfPage\":{\"@id\":\"https:\\\/\\\/tiketi.com\\\/flying-reykjav-k-air-taxi-booking\\\/#primaryimage\"},\"image\":{\"@id\":\"https:\\\/\\\/tiketi.com\\\/flying-reykjav-k-air-taxi-booking\\\/#primaryimage\"},\"thumbnailUrl\":\"https:\\\/\\\/tiketi.com\\\/wp-content\\\/uploads\\\/2019\\\/05\\\/reykjavik-iceland-3905006_1280.jpg\",\"datePublished\":\"2022-01-19T11:53:29+00:00\",\"dateModified\":\"2022-02-21T09:42:10+00:00\",\"description\":\"Looking for drone air taxi in Reykjav\u00edk online booking app, route, schedule & fare? Compare air taxis and book your cheap flying taxi in Reykjav\u00edk\",\"breadcrumb\":{\"@id\":\"https:\\\/\\\/tiketi.com\\\/flying-reykjav-k-air-taxi-booking\\\/#breadcrumb\"},\"inLanguage\":\"en-GB\",\"potentialAction\":[{\"@type\":\"ReadAction\",\"target\":[\"https:\\\/\\\/tiketi.com\\\/flying-reykjav-k-air-taxi-booking\\\/\"]}]},{\"@type\":\"ImageObject\",\"inLanguage\":\"en-GB\",\"@id\":\"https:\\\/\\\/tiketi.com\\\/flying-reykjav-k-air-taxi-booking\\\/#primaryimage\",\"url\":\"https:\\\/\\\/tiketi.com\\\/wp-content\\\/uploads\\\/2019\\\/05\\\/reykjavik-iceland-3905006_1280.jpg\",\"contentUrl\":\"https:\\\/\\\/tiketi.com\\\/wp-content\\\/uploads\\\/2019\\\/05\\\/reykjavik-iceland-3905006_1280.jpg\",\"width\":1200,\"height\":200,\"caption\":\"Air Taxi in Reykjav\u00edk\"},{\"@type\":\"BreadcrumbList\",\"@id\":\"https:\\\/\\\/tiketi.com\\\/flying-reykjav-k-air-taxi-booking\\\/#breadcrumb\",\"itemListElement\":[{\"@type\":\"ListItem\",\"position\":1,\"name\":\"Home\",\"item\":\"https:\\\/\\\/tiketi.com\\\/\"},{\"@type\":\"ListItem\",\"position\":2,\"name\":\"Air Taxi in Reykjav\u00edk Online Booking App &#8211; Electric Flying Taxis\"}]},{\"@type\":\"WebSite\",\"@id\":\"https:\\\/\\\/tiketi.com\\\/#website\",\"url\":\"https:\\\/\\\/tiketi.com\\\/\",\"name\":\"Flight & Bus Tickets, Tour Packages & Activitites - Tiketi.com\",\"description\":\"Flight &amp; Bus Tickets, Tours, Activitites\",\"publisher\":{\"@id\":\"https:\\\/\\\/tiketi.com\\\/#organization\"},\"potentialAction\":[{\"@type\":\"SearchAction\",\"target\":{\"@type\":\"EntryPoint\",\"urlTemplate\":\"https:\\\/\\\/tiketi.com\\\/?s={search_term_string}\"},\"query-input\":{\"@type\":\"PropertyValueSpecification\",\"valueRequired\":true,\"valueName\":\"search_term_string\"}}],\"inLanguage\":\"en-GB\"},{\"@type\":\"Organization\",\"@id\":\"https:\\\/\\\/tiketi.com\\\/#organization\",\"name\":\"Tiketi.com\",\"alternateName\":\"Tiketi\",\"url\":\"https:\\\/\\\/tiketi.com\\\/\",\"logo\":{\"@type\":\"ImageObject\",\"inLanguage\":\"en-GB\",\"@id\":\"https:\\\/\\\/tiketi.com\\\/#\\\/schema\\\/logo\\\/image\\\/\",\"url\":\"https:\\\/\\\/tiketi.com\\\/wp-content\\\/uploads\\\/2019\\\/05\\\/tiketi-logo-696.png\",\"contentUrl\":\"https:\\\/\\\/tiketi.com\\\/wp-content\\\/uploads\\\/2019\\\/05\\\/tiketi-logo-696.png\",\"width\":696,\"height\":696,\"caption\":\"Tiketi.com\"},\"image\":{\"@id\":\"https:\\\/\\\/tiketi.com\\\/#\\\/schema\\\/logo\\\/image\\\/\"},\"sameAs\":[\"https:\\\/\\\/www.facebook.com\\\/TiketiCom\\\/\"]}]}<\/script>\n<!-- \/ Yoast SEO plugin. -->","yoast_head_json":{"title":"Air Taxi in Reykjav\u00edk Online Booking - Electric Flying Taxis","description":"Looking for drone air taxi in Reykjav\u00edk online booking app, route, schedule & fare? Compare air taxis and book your cheap flying taxi in Reykjav\u00edk","robots":{"index":"index","follow":"follow","max-snippet":"max-snippet:-1","max-image-preview":"max-image-preview:large","max-video-preview":"max-video-preview:-1"},"canonical":"https:\/\/tiketi.com\/en-gb\/flying-reykjav-k-air-taxi-booking\/","og_locale":"en_GB","og_type":"article","og_title":"Air Taxi in Reykjav\u00edk Online Booking - Electric Flying Taxis","og_description":"Looking for drone air taxi in Reykjav\u00edk online booking app, route, schedule & fare? Compare air taxis and book your cheap flying taxi in Reykjav\u00edk","og_url":"https:\/\/tiketi.com\/en-gb\/flying-reykjav-k-air-taxi-booking\/","og_site_name":"Tiketi.com","article_publisher":"https:\/\/www.facebook.com\/TiketiCom\/","article_modified_time":"2022-02-21T09:42:10+00:00","og_image":[{"width":1200,"height":200,"url":"https:\/\/tiketi.com\/wp-content\/uploads\/2019\/05\/reykjavik-iceland-3905006_1280.jpg","type":"image\/jpeg"}],"twitter_card":"summary_large_image","twitter_misc":{"Estimated reading time":"3 minutes"},"schema":{"@context":"https:\/\/schema.org","@graph":[{"@type":"WebPage","@id":"https:\/\/tiketi.com\/flying-reykjav-k-air-taxi-booking\/","url":"https:\/\/tiketi.com\/flying-reykjav-k-air-taxi-booking\/","name":"Air Taxi in Reykjav\u00edk Online Booking - Electric Flying Taxis","isPartOf":{"@id":"https:\/\/tiketi.com\/#website"},"primaryImageOfPage":{"@id":"https:\/\/tiketi.com\/flying-reykjav-k-air-taxi-booking\/#primaryimage"},"image":{"@id":"https:\/\/tiketi.com\/flying-reykjav-k-air-taxi-booking\/#primaryimage"},"thumbnailUrl":"https:\/\/tiketi.com\/wp-content\/uploads\/2019\/05\/reykjavik-iceland-3905006_1280.jpg","datePublished":"2022-01-19T11:53:29+00:00","dateModified":"2022-02-21T09:42:10+00:00","description":"Looking for drone air taxi in Reykjav\u00edk online booking app, route, schedule & fare? Compare air taxis and book your cheap flying taxi in Reykjav\u00edk","breadcrumb":{"@id":"https:\/\/tiketi.com\/flying-reykjav-k-air-taxi-booking\/#breadcrumb"},"inLanguage":"en-GB","potentialAction":[{"@type":"ReadAction","target":["https:\/\/tiketi.com\/flying-reykjav-k-air-taxi-booking\/"]}]},{"@type":"ImageObject","inLanguage":"en-GB","@id":"https:\/\/tiketi.com\/flying-reykjav-k-air-taxi-booking\/#primaryimage","url":"https:\/\/tiketi.com\/wp-content\/uploads\/2019\/05\/reykjavik-iceland-3905006_1280.jpg","contentUrl":"https:\/\/tiketi.com\/wp-content\/uploads\/2019\/05\/reykjavik-iceland-3905006_1280.jpg","width":1200,"height":200,"caption":"Air Taxi in Reykjav\u00edk"},{"@type":"BreadcrumbList","@id":"https:\/\/tiketi.com\/flying-reykjav-k-air-taxi-booking\/#breadcrumb","itemListElement":[{"@type":"ListItem","position":1,"name":"Home","item":"https:\/\/tiketi.com\/"},{"@type":"ListItem","position":2,"name":"Air Taxi in Reykjav\u00edk Online Booking App &#8211; Electric Flying Taxis"}]},{"@type":"WebSite","@id":"https:\/\/tiketi.com\/#website","url":"https:\/\/tiketi.com\/","name":"Flight & Bus Tickets, Tour Packages & Activitites - Tiketi.com","description":"Flight &amp; Bus Tickets, Tours, Activitites","publisher":{"@id":"https:\/\/tiketi.com\/#organization"},"potentialAction":[{"@type":"SearchAction","target":{"@type":"EntryPoint","urlTemplate":"https:\/\/tiketi.com\/?s={search_term_string}"},"query-input":{"@type":"PropertyValueSpecification","valueRequired":true,"valueName":"search_term_string"}}],"inLanguage":"en-GB"},{"@type":"Organization","@id":"https:\/\/tiketi.com\/#organization","name":"Tiketi.com","alternateName":"Tiketi","url":"https:\/\/tiketi.com\/","logo":{"@type":"ImageObject","inLanguage":"en-GB","@id":"https:\/\/tiketi.com\/#\/schema\/logo\/image\/","url":"https:\/\/tiketi.com\/wp-content\/uploads\/2019\/05\/tiketi-logo-696.png","contentUrl":"https:\/\/tiketi.com\/wp-content\/uploads\/2019\/05\/tiketi-logo-696.png","width":696,"height":696,"caption":"Tiketi.com"},"image":{"@id":"https:\/\/tiketi.com\/#\/schema\/logo\/image\/"},"sameAs":["https:\/\/www.facebook.com\/TiketiCom\/"]}]}},"_links":{"self":[{"href":"https:\/\/tiketi.com\/en-gb\/wp-json\/wp\/v2\/pages\/10547","targetHints":{"allow":["GET"]}}],"collection":[{"href":"https:\/\/tiketi.com\/en-gb\/wp-json\/wp\/v2\/pages"}],"about":[{"href":"https:\/\/tiketi.com\/en-gb\/wp-json\/wp\/v2\/types\/page"}],"author":[{"embeddable":true,"href":"https:\/\/tiketi.com\/en-gb\/wp-json\/wp\/v2\/users\/1"}],"replies":[{"embeddable":true,"href":"https:\/\/tiketi.com\/en-gb\/wp-json\/wp\/v2\/comments?post=10547"}],"version-history":[{"count":0,"href":"https:\/\/tiketi.com\/en-gb\/wp-json\/wp\/v2\/pages\/10547\/revisions"}],"wp:featuredmedia":[{"embeddable":true,"href":"https:\/\/tiketi.com\/en-gb\/wp-json\/wp\/v2\/media\/21045"}],"wp:attachment":[{"href":"https:\/\/tiketi.com\/en-gb\/wp-json\/wp\/v2\/media?parent=10547"}],"curies":[{"name":"wp","href":"https:\/\/api.w.org\/{rel}","templated":true}]}}