{"id":10190,"date":"2022-01-19T12:53:03","date_gmt":"2022-01-19T11:53:03","guid":{"rendered":"https:\/\/new.tiketi.com\/air-taxi-from-uppsala-to-stockholm\/"},"modified":"2022-01-19T22:17:04","modified_gmt":"2022-01-19T21:17:04","slug":"air-taxi-from-uppsala-to-stockholm","status":"publish","type":"page","link":"https:\/\/tiketi.com\/fr-fr\/air-taxi-from-uppsala-to-stockholm\/","title":{"rendered":"Taxi a\u00e9rien d&#039;Uppsala \u00e0 Stockholm"},"content":{"rendered":"<div class=\"wpb-content-wrapper\"><div class=\"vc_row wpb_row st bg-holder\"><div class='container'><div class='row'>\n\t<div class=\"wpb_column column_container col-md-12\"><div class=\"vc_column-inner wpb_wrapper\">\n\t\t\t\n\t<div class=\"wpb_text_column wpb_content_element\" >\n\t\t<div class=\"wpb_wrapper\">\n\t\t\t<h2>Vous recherchez des vols \u00e0 bas prix de Uppsala vers Stockholm ?<\/h2>\n<h3>&gt;&gt; Recherchez, comparez et r\u00e9servez en ligne maintenant des billets d&#039;avion \u00e0 bas prix de Uppsala \u00e0 Stockholm.<\/h3>\n<p>Taxi a\u00e9rien \u00e9lectrique d&#039;Uppsala \u00e0 Stockholm r\u00e9servation en ligne. Comparez les vols et trouvez les billets d&#039;avion pas chers de Uppsala \u00e0 Stockholm. R\u00e9servez en direct et sans frais suppl\u00e9mentaires. L&#039;application Tiketi.com vous permet de rechercher, comparer et r\u00e9server en ligne des vols Uppsala Stockholm pas chers. Les taxis a\u00e9riens \u00e0 Uppsala permettent de voyager rapidement et \u00e0 bas prix \u00e0 Stockholm et ses environs. Stockholm prend le g\u00e2teau quand il s&#039;agit de villes charmantes. Pos\u00e9e sur quatorze \u00eeles, la capitale su\u00e9doise regorge de b\u00e2timents \u00e0 la fois cr\u00e9atifs et m\u00e9di\u00e9vaux \u00e0 l&#039;architecture contemporaine. Un tiers de la superficie \u00e0 l&#039;int\u00e9rieur des limites de la ville est constitu\u00e9 d&#039;eau, tandis qu&#039;un autre tiers comprend des bois et des parcs. En cons\u00e9quence, Stockholm est l&#039;une des villes europ\u00e9ennes en forme et un endroit remarquable o\u00f9 passer du temps. La capitale est \u00e9galement id\u00e9ale pour ceux qui ont un penchant pour la culture, abritant une abondance de galeries et de mus\u00e9es, dont le premier mus\u00e9e en plein air au monde, Skansen, et l&#039;un des plus grands lieux de rencontre de la photographie contemporaine de la plan\u00e8te, Fotografiska. Alors trouvez et comparez des vols pas chers de Uppsala \u00e0 Stockholm et r\u00e9servez en ligne d\u00e8s maintenant des offres exceptionnelles sur des taxis drones pas chers de Uppsala \u00e0 Stockholm.<\/p>\n<h2>Taxi a\u00e9rien \u00e9lectrique pas cher d&#039;Uppsala \u00e0 Stockholm FAQ sur la r\u00e9servation en ligne<\/h2>\n<h3>Quelle est la distance entre Uppsala et Stockholm ?<\/h3>\n<p>La distance des vols de Uppsala \u00e0 Stockholm est de 39 miles \/ 63 km.<\/p>\n<h3>Quelle est la dur\u00e9e des vols Uppsala-Stockholm ?<\/h3>\n<p>La dur\u00e9e moyenne d&#039;un vol Uppsala-Stockholm est de minutes.<\/p>\n<h3>Que sont les taxis volants \u00e9lectriques eVLTO d&#039;Uppsala \u00e0 Stockholm ?<\/h3>\n<p><!--{cke_protected}{C}%3C!%2D%2D%20%2Fwp%3Aheading%20%2D%2D%3E--><!--{cke_protected}{C}%3C!%2D%2D%20wp%3Aparagraph%20%2D%2D%3E-->Les taxis volants d&#039;Uppsala \u00e0 l&#039;avion de Stockholm, appel\u00e9s eVTOL (d\u00e9collage et atterrissage verticaux \u00e9lectriques), sont con\u00e7us pour transporter des personnes dans l&#039;atmosph\u00e8re urbaine et citadine.<\/p>\n<h3>Les taxis a\u00e9riens \u00e9lectriques d&#039;Uppsala \u00e0 Stockholm sont des transports publics \u00e0 grande vitesse<\/h3>\n<p><!--{cke_protected}{C}%3C!%2D%2D%20%2Fwp%3Aheading%20%2D%2D%3E--><!--{cke_protected}{C}%3C!%2D%2D%20wp%3Aparagraph%20%2D%2D%3E-->Le meilleur avantage des taxis a\u00e9riens d&#039;Uppsala \u00e0 Stockholm est sa grande vitesse. C&#039;est le mode de transport le plus rapide et donc le moyen le plus parfait o\u00f9 le temps est un facteur vital.<\/p>\n<h3>Le taxi volant \u00e9lectrique d&#039;Uppsala \u00e0 Stockholm a de tr\u00e8s faibles \u00e9missions de carbone<\/h3>\n<p>Drone taxi d&#039;Uppsala \u00e0 Stockholm Les producteurs utilisent l&#039;\u00e9lectricit\u00e9 pour alimenter leurs v\u00e9hicules. Ainsi, les taxis drones n&#039;\u00e9mettront pas de gaz \u00e0 effet de serre. Par cons\u00e9quent, ces taxis peuvent contribuer \u00e0 r\u00e9duire l&#039;impact du changement climatique. Alors r\u00e9servez d\u00e8s maintenant votre taxi avec l&#039;aide d&#039;un drone taxi d&#039;Uppsala \u00e0 Stockholm.<\/p>\n<h3>Conseils pour un taxi drone bon march\u00e9 d&#039;Uppsala \u00e0 Stockholm<\/h3>\n<p>Les taxis a\u00e9riens \u00e9lectriques d&#039;Uppsala \u00e0 Stockholm offrent le plus grand nombre de vols sans escale entre Uppsala et Stockholm.<\/p>\n\n\t\t<\/div>\n\t<\/div>\n<\/div>\n\t<\/div> \n<\/div><!--End .row--><\/div><!--End .container--><\/div>\n<\/div>","protected":false},"excerpt":{"rendered":"Looking for cheap flights from Uppsala to Stockholm? &gt;&gt; Search, compare and book cheap flight tickets from\u00a0Uppsala to Stockholm online now. Electric air taxi from Uppsala to Stockholm online booking. Compare flights and find cheap air tickets from Uppsala to Stockholm. Book directly with no added fees.. The Tiketi.com app helps you search, compare and [...]","protected":false},"author":1,"featured_media":13927,"parent":0,"menu_order":0,"comment_status":"open","ping_status":"closed","template":"template-home-modern.php","meta":{"footnotes":""},"class_list":["post-10190","page","type-page","status-publish","has-post-thumbnail","hentry"],"yoast_head":"<!-- This site is optimized with the Yoast SEO plugin v27.3 - https:\/\/yoast.com\/product\/yoast-seo-wordpress\/ -->\n<title>Air Taxi from Uppsala to Stockholm<\/title>\n<meta name=\"description\" content=\"Looking for cheap air taxi from Uppsala to Stockholm online booking? Our app helps you search &amp; book cheap flights from Uppsala to Stockholm\" \/>\n<meta name=\"robots\" content=\"index, follow, max-snippet:-1, max-image-preview:large, max-video-preview:-1\" \/>\n<link rel=\"canonical\" href=\"https:\/\/tiketi.com\/fr-fr\/air-taxi-from-uppsala-to-stockholm\/\" \/>\n<meta property=\"og:locale\" content=\"fr_FR\" \/>\n<meta property=\"og:type\" content=\"article\" \/>\n<meta property=\"og:title\" content=\"Air Taxi from Uppsala to Stockholm\" \/>\n<meta property=\"og:description\" content=\"Looking for cheap air taxi from Uppsala to Stockholm online booking? Our app helps you search &amp; book cheap flights from Uppsala to Stockholm\" \/>\n<meta property=\"og:url\" content=\"https:\/\/tiketi.com\/fr-fr\/air-taxi-from-uppsala-to-stockholm\/\" \/>\n<meta property=\"og:site_name\" content=\"Tiketi.com\" \/>\n<meta property=\"article:publisher\" content=\"https:\/\/www.facebook.com\/TiketiCom\/\" \/>\n<meta property=\"article:modified_time\" content=\"2022-01-19T21:17:04+00:00\" \/>\n<meta property=\"og:image\" content=\"https:\/\/tiketi.com\/wp-content\/uploads\/2022\/01\/stockholm.jpg\" \/>\n\t<meta property=\"og:image:width\" content=\"1200\" \/>\n\t<meta property=\"og:image:height\" content=\"223\" \/>\n\t<meta property=\"og:image:type\" content=\"image\/jpeg\" \/>\n<meta name=\"twitter:card\" content=\"summary_large_image\" \/>\n<meta name=\"twitter:label1\" content=\"Dur\u00e9e de lecture estim\u00e9e\" \/>\n\t<meta name=\"twitter:data1\" content=\"2 minutes\" \/>\n<script type=\"application\/ld+json\" class=\"yoast-schema-graph\">{\"@context\":\"https:\\\/\\\/schema.org\",\"@graph\":[{\"@type\":\"WebPage\",\"@id\":\"https:\\\/\\\/tiketi.com\\\/air-taxi-from-uppsala-to-stockholm\\\/\",\"url\":\"https:\\\/\\\/tiketi.com\\\/air-taxi-from-uppsala-to-stockholm\\\/\",\"name\":\"Air Taxi from Uppsala to Stockholm\",\"isPartOf\":{\"@id\":\"https:\\\/\\\/tiketi.com\\\/#website\"},\"primaryImageOfPage\":{\"@id\":\"https:\\\/\\\/tiketi.com\\\/air-taxi-from-uppsala-to-stockholm\\\/#primaryimage\"},\"image\":{\"@id\":\"https:\\\/\\\/tiketi.com\\\/air-taxi-from-uppsala-to-stockholm\\\/#primaryimage\"},\"thumbnailUrl\":\"https:\\\/\\\/tiketi.com\\\/wp-content\\\/uploads\\\/2022\\\/01\\\/stockholm.jpg\",\"datePublished\":\"2022-01-19T11:53:03+00:00\",\"dateModified\":\"2022-01-19T21:17:04+00:00\",\"description\":\"Looking for cheap air taxi from Uppsala to Stockholm online booking? Our app helps you search & book cheap flights from Uppsala to Stockholm\",\"breadcrumb\":{\"@id\":\"https:\\\/\\\/tiketi.com\\\/air-taxi-from-uppsala-to-stockholm\\\/#breadcrumb\"},\"inLanguage\":\"fr-FR\",\"potentialAction\":[{\"@type\":\"ReadAction\",\"target\":[\"https:\\\/\\\/tiketi.com\\\/air-taxi-from-uppsala-to-stockholm\\\/\"]}]},{\"@type\":\"ImageObject\",\"inLanguage\":\"fr-FR\",\"@id\":\"https:\\\/\\\/tiketi.com\\\/air-taxi-from-uppsala-to-stockholm\\\/#primaryimage\",\"url\":\"https:\\\/\\\/tiketi.com\\\/wp-content\\\/uploads\\\/2022\\\/01\\\/stockholm.jpg\",\"contentUrl\":\"https:\\\/\\\/tiketi.com\\\/wp-content\\\/uploads\\\/2022\\\/01\\\/stockholm.jpg\",\"width\":1200,\"height\":223,\"caption\":\"Air Taxi in Stockholm\"},{\"@type\":\"BreadcrumbList\",\"@id\":\"https:\\\/\\\/tiketi.com\\\/air-taxi-from-uppsala-to-stockholm\\\/#breadcrumb\",\"itemListElement\":[{\"@type\":\"ListItem\",\"position\":1,\"name\":\"Home\",\"item\":\"https:\\\/\\\/tiketi.com\\\/\"},{\"@type\":\"ListItem\",\"position\":2,\"name\":\"Air Taxi from Uppsala to Stockholm\"}]},{\"@type\":\"WebSite\",\"@id\":\"https:\\\/\\\/tiketi.com\\\/#website\",\"url\":\"https:\\\/\\\/tiketi.com\\\/\",\"name\":\"Flight & Bus Tickets, Tour Packages & Activitites - Tiketi.com\",\"description\":\"Flight &amp; Bus Tickets, Tours, Activitites\",\"publisher\":{\"@id\":\"https:\\\/\\\/tiketi.com\\\/#organization\"},\"potentialAction\":[{\"@type\":\"SearchAction\",\"target\":{\"@type\":\"EntryPoint\",\"urlTemplate\":\"https:\\\/\\\/tiketi.com\\\/?s={search_term_string}\"},\"query-input\":{\"@type\":\"PropertyValueSpecification\",\"valueRequired\":true,\"valueName\":\"search_term_string\"}}],\"inLanguage\":\"fr-FR\"},{\"@type\":\"Organization\",\"@id\":\"https:\\\/\\\/tiketi.com\\\/#organization\",\"name\":\"Tiketi.com\",\"alternateName\":\"Tiketi\",\"url\":\"https:\\\/\\\/tiketi.com\\\/\",\"logo\":{\"@type\":\"ImageObject\",\"inLanguage\":\"fr-FR\",\"@id\":\"https:\\\/\\\/tiketi.com\\\/#\\\/schema\\\/logo\\\/image\\\/\",\"url\":\"https:\\\/\\\/tiketi.com\\\/wp-content\\\/uploads\\\/2019\\\/05\\\/tiketi-logo-696.png\",\"contentUrl\":\"https:\\\/\\\/tiketi.com\\\/wp-content\\\/uploads\\\/2019\\\/05\\\/tiketi-logo-696.png\",\"width\":696,\"height\":696,\"caption\":\"Tiketi.com\"},\"image\":{\"@id\":\"https:\\\/\\\/tiketi.com\\\/#\\\/schema\\\/logo\\\/image\\\/\"},\"sameAs\":[\"https:\\\/\\\/www.facebook.com\\\/TiketiCom\\\/\"]}]}<\/script>\n<!-- \/ Yoast SEO plugin. -->","yoast_head_json":{"title":"Taxi a\u00e9rien d&#039;Uppsala \u00e0 Stockholm","description":"Vous recherchez une r\u00e9servation en ligne de taxi a\u00e9rien pas cher d&#039;Uppsala \u00e0 Stockholm? Notre application vous permet de rechercher et de r\u00e9server des vols pas chers de Uppsala \u00e0 Stockholm.","robots":{"index":"index","follow":"follow","max-snippet":"max-snippet:-1","max-image-preview":"max-image-preview:large","max-video-preview":"max-video-preview:-1"},"canonical":"https:\/\/tiketi.com\/fr-fr\/air-taxi-from-uppsala-to-stockholm\/","og_locale":"fr_FR","og_type":"article","og_title":"Air Taxi from Uppsala to Stockholm","og_description":"Looking for cheap air taxi from Uppsala to Stockholm online booking? Our app helps you search & book cheap flights from Uppsala to Stockholm","og_url":"https:\/\/tiketi.com\/fr-fr\/air-taxi-from-uppsala-to-stockholm\/","og_site_name":"Tiketi.com","article_publisher":"https:\/\/www.facebook.com\/TiketiCom\/","article_modified_time":"2022-01-19T21:17:04+00:00","og_image":[{"width":1200,"height":223,"url":"https:\/\/tiketi.com\/wp-content\/uploads\/2022\/01\/stockholm.jpg","type":"image\/jpeg"}],"twitter_card":"summary_large_image","twitter_misc":{"Dur\u00e9e de lecture estim\u00e9e":"2 minutes"},"schema":{"@context":"https:\/\/schema.org","@graph":[{"@type":"WebPage","@id":"https:\/\/tiketi.com\/air-taxi-from-uppsala-to-stockholm\/","url":"https:\/\/tiketi.com\/air-taxi-from-uppsala-to-stockholm\/","name":"Taxi a\u00e9rien d&#039;Uppsala \u00e0 Stockholm","isPartOf":{"@id":"https:\/\/tiketi.com\/#website"},"primaryImageOfPage":{"@id":"https:\/\/tiketi.com\/air-taxi-from-uppsala-to-stockholm\/#primaryimage"},"image":{"@id":"https:\/\/tiketi.com\/air-taxi-from-uppsala-to-stockholm\/#primaryimage"},"thumbnailUrl":"https:\/\/tiketi.com\/wp-content\/uploads\/2022\/01\/stockholm.jpg","datePublished":"2022-01-19T11:53:03+00:00","dateModified":"2022-01-19T21:17:04+00:00","description":"Vous recherchez une r\u00e9servation en ligne de taxi a\u00e9rien pas cher d&#039;Uppsala \u00e0 Stockholm? Notre application vous permet de rechercher et de r\u00e9server des vols pas chers de Uppsala \u00e0 Stockholm.","breadcrumb":{"@id":"https:\/\/tiketi.com\/air-taxi-from-uppsala-to-stockholm\/#breadcrumb"},"inLanguage":"fr-FR","potentialAction":[{"@type":"ReadAction","target":["https:\/\/tiketi.com\/air-taxi-from-uppsala-to-stockholm\/"]}]},{"@type":"ImageObject","inLanguage":"fr-FR","@id":"https:\/\/tiketi.com\/air-taxi-from-uppsala-to-stockholm\/#primaryimage","url":"https:\/\/tiketi.com\/wp-content\/uploads\/2022\/01\/stockholm.jpg","contentUrl":"https:\/\/tiketi.com\/wp-content\/uploads\/2022\/01\/stockholm.jpg","width":1200,"height":223,"caption":"Air Taxi in Stockholm"},{"@type":"BreadcrumbList","@id":"https:\/\/tiketi.com\/air-taxi-from-uppsala-to-stockholm\/#breadcrumb","itemListElement":[{"@type":"ListItem","position":1,"name":"Home","item":"https:\/\/tiketi.com\/"},{"@type":"ListItem","position":2,"name":"Air Taxi from Uppsala to Stockholm"}]},{"@type":"WebSite","@id":"https:\/\/tiketi.com\/#website","url":"https:\/\/tiketi.com\/","name":"Billets d&#039;avion et de bus, forfaits touristiques et activit\u00e9s - Tiketi.com","description":"Billets d&#039;avion et de bus, Tours, Activit\u00e9s","publisher":{"@id":"https:\/\/tiketi.com\/#organization"},"potentialAction":[{"@type":"SearchAction","target":{"@type":"EntryPoint","urlTemplate":"https:\/\/tiketi.com\/?s={search_term_string}"},"query-input":{"@type":"PropertyValueSpecification","valueRequired":true,"valueName":"search_term_string"}}],"inLanguage":"fr-FR"},{"@type":"Organization","@id":"https:\/\/tiketi.com\/#organization","name":"Tiketi.com","alternateName":"Tiketi","url":"https:\/\/tiketi.com\/","logo":{"@type":"ImageObject","inLanguage":"fr-FR","@id":"https:\/\/tiketi.com\/#\/schema\/logo\/image\/","url":"https:\/\/tiketi.com\/wp-content\/uploads\/2019\/05\/tiketi-logo-696.png","contentUrl":"https:\/\/tiketi.com\/wp-content\/uploads\/2019\/05\/tiketi-logo-696.png","width":696,"height":696,"caption":"Tiketi.com"},"image":{"@id":"https:\/\/tiketi.com\/#\/schema\/logo\/image\/"},"sameAs":["https:\/\/www.facebook.com\/TiketiCom\/"]}]}},"_links":{"self":[{"href":"https:\/\/tiketi.com\/fr-fr\/wp-json\/wp\/v2\/pages\/10190","targetHints":{"allow":["GET"]}}],"collection":[{"href":"https:\/\/tiketi.com\/fr-fr\/wp-json\/wp\/v2\/pages"}],"about":[{"href":"https:\/\/tiketi.com\/fr-fr\/wp-json\/wp\/v2\/types\/page"}],"author":[{"embeddable":true,"href":"https:\/\/tiketi.com\/fr-fr\/wp-json\/wp\/v2\/users\/1"}],"replies":[{"embeddable":true,"href":"https:\/\/tiketi.com\/fr-fr\/wp-json\/wp\/v2\/comments?post=10190"}],"version-history":[{"count":0,"href":"https:\/\/tiketi.com\/fr-fr\/wp-json\/wp\/v2\/pages\/10190\/revisions"}],"wp:featuredmedia":[{"embeddable":true,"href":"https:\/\/tiketi.com\/fr-fr\/wp-json\/wp\/v2\/media\/13927"}],"wp:attachment":[{"href":"https:\/\/tiketi.com\/fr-fr\/wp-json\/wp\/v2\/media?parent=10190"}],"curies":[{"name":"wp","href":"https:\/\/api.w.org\/{rel}","templated":true}]}}