{"id":10192,"date":"2022-01-19T12:53:03","date_gmt":"2022-01-19T11:53:03","guid":{"rendered":"https:\/\/new.tiketi.com\/air-taxi-from-cologne-to-brussels\/"},"modified":"2022-01-20T23:49:00","modified_gmt":"2022-01-20T22:49:00","slug":"air-taxi-from-cologne-to-brussels","status":"publish","type":"page","link":"https:\/\/tiketi.com\/fr-fr\/air-taxi-from-cologne-to-brussels\/","title":{"rendered":"Taxi a\u00e9rien de Cologne \u00e0 Bruxelles"},"content":{"rendered":"<h2>Vous cherchez des vols \u00e0 bas prix de Cologne \u00e0 Bruxelles ?<\/h2>\n<h3>&gt;&gt; Recherchez, comparez et r\u00e9servez en ligne maintenant des billets d&#039;avion \u00e0 bas prix de Cologne \u00e0 Bruxelles.<\/h3>\n<p>Taxi a\u00e9rien \u00e9lectrique de Cologne \u00e0 Bruxelles r\u00e9servation en ligne. L&#039;application Tiketi.com vous permet de rechercher, comparer et r\u00e9server en ligne des vols pas chers de Cologne \u00e0 Bruxelles. Les taxis a\u00e9riens \u00e0 Cologne permettent de voyager pas cher et rapidement en Europe. Bien s\u00fbr, les visiteurs de Bruxelles, la capitale belge, ne manqueront pas de choses \u00e0 voir et \u00e0 faire. La ville est un v\u00e9ritable assortiment de sons et d&#039;images. Il a de douces \u00e9glises gothiques ainsi qu&#039;une gamme d&#039;autres b\u00e2timents m\u00e9di\u00e9vaux. Les attractions touristiques historiques de Bruxelles se marient bien avec ses attractions du XXIe si\u00e8cle. Il y a de nombreuses belles galeries et mus\u00e9es, des statues historiques et de magnifiques parcs verdoyants. Les visiteurs peuvent faire du shopping jusqu&#039;\u00e0 \u00e9puisement dans une arcade couverte du XIXe si\u00e8cle. Et enfin, les gourmets appr\u00e9cieront de go\u00fbter aux d\u00e9lices de la ville, y compris les chocolats populaires de Belgique. Alors trouvez et comparez les vols de Cologne \u00e0 Bruxelles et r\u00e9servez en ligne d\u00e8s maintenant des offres exceptionnelles sur des taxis a\u00e9riens pas chers de Cologne \u00e0 Bruxelles.<\/p>\n<h2>Taxi a\u00e9rien pas cher de Cologne \u00e0 Bruxelles r\u00e9servation en ligne FAQ<\/h2>\n<h3>Quelle est la distance entre Cologne et Bruxelles ?<\/h3>\n<p>La distance des vols de Cologne \u00e0 Bruxelles est de 114 miles \/ 184 km.<\/p>\n<h3>Que sont les taxis volants \u00e9lectriques eVLTO de Cologne \u00e0 Bruxelles ?<\/h3>\n<p><!--{cke_protected}{C}%3C!%2D%2D%20%2Fwp%3Aheading%20%2D%2D%3E--><!--{cke_protected}{C}%3C!%2D%2D%20wp%3Aparagraph%20%2D%2D%3E-->Les taxis volants de Cologne \u00e0 Bruxelles, appel\u00e9s eVTOL (d\u00e9collage et atterrissage verticaux \u00e9lectriques), sont con\u00e7us pour transporter des personnes dans l&#039;atmosph\u00e8re urbaine et citadine.<\/p>\n<h3>Les taxis a\u00e9riens \u00e9lectriques de Cologne \u00e0 Bruxelles sont des transports publics \u00e0 grande vitesse<\/h3>\n<p><!--{cke_protected}{C}%3C!%2D%2D%20%2Fwp%3Aheading%20%2D%2D%3E--><!--{cke_protected}{C}%3C!%2D%2D%20wp%3Aparagraph%20%2D%2D%3E-->Le meilleur avantage des taxis a\u00e9riens de Cologne \u00e0 Bruxelles est sa grande vitesse. C&#039;est le mode de transport le plus rapide et donc le moyen le plus parfait o\u00f9 le temps est un facteur vital.<\/p>\n<h3>Le taxi volant \u00e9lectrique de Cologne \u00e0 Bruxelles a de tr\u00e8s faibles \u00e9missions de carbone<\/h3>\n<p>Drone taxi de Cologne \u00e0 Bruxelles Les producteurs utilisent l&#039;\u00e9lectricit\u00e9 pour alimenter leurs v\u00e9hicules. Ainsi, les taxis drones n&#039;\u00e9mettront pas de gaz \u00e0 effet de serre. Par cons\u00e9quent, ces taxis peuvent contribuer \u00e0 r\u00e9duire l&#039;impact du changement climatique. Alors r\u00e9servez d\u00e8s maintenant votre taxi avec l&#039;aide d&#039;un drone taxi de Cologne \u00e0 Bruxelles.<\/p>\n<h2>Vols bon march\u00e9 de Cologne \u00e0 Bruxelles<\/h2>\n<p>\u2022 Les taxis a\u00e9riens de Cologne \u00e0 Bruxelles proposent le plus grand nombre de vols sans escale entre Cologne et Bruxelles.<\/p>","protected":false},"excerpt":{"rendered":"<p>Looking for cheap flights from Cologne to Brussels? &gt;&gt; Search, compare and book cheap flight tickets from\u00a0Cologne to Brussels online now. Electric air taxi from Cologne to Brussels online booking. The Tiketi.com app helps you search, compare and book cheap flights from Cologne to Brussels online. Air taxis in Cologne makes possible to travel cheap [&hellip;]<\/p>\n","protected":false},"author":1,"featured_media":14057,"parent":0,"menu_order":0,"comment_status":"open","ping_status":"closed","template":"template-home-modern.php","meta":{"footnotes":""},"class_list":["post-10192","page","type-page","status-publish","has-post-thumbnail","hentry"],"yoast_head":"<!-- This site is optimized with the Yoast SEO plugin v27.5 - https:\/\/yoast.com\/product\/yoast-seo-wordpress\/ -->\n<title>Air Taxi from Cologne to Brussels<\/title>\n<meta name=\"description\" content=\"Looking for cheap air taxi from Cologne to Brussels online booking? Our app helps you search &amp; book cheap flights from Cologne to Brussels\" \/>\n<meta name=\"robots\" content=\"index, follow, max-snippet:-1, max-image-preview:large, max-video-preview:-1\" \/>\n<link rel=\"canonical\" href=\"https:\/\/tiketi.com\/fr-fr\/air-taxi-from-cologne-to-brussels\/\" \/>\n<meta property=\"og:locale\" content=\"fr_FR\" \/>\n<meta property=\"og:type\" content=\"article\" \/>\n<meta property=\"og:title\" content=\"Air Taxi from Cologne to Brussels\" \/>\n<meta property=\"og:description\" content=\"Looking for cheap air taxi from Cologne to Brussels online booking? Our app helps you search &amp; book cheap flights from Cologne to Brussels\" \/>\n<meta property=\"og:url\" content=\"https:\/\/tiketi.com\/fr-fr\/air-taxi-from-cologne-to-brussels\/\" \/>\n<meta property=\"og:site_name\" content=\"Tiketi.com\" \/>\n<meta property=\"article:publisher\" content=\"https:\/\/www.facebook.com\/TiketiCom\/\" \/>\n<meta property=\"article:modified_time\" content=\"2022-01-20T22:49:00+00:00\" \/>\n<meta property=\"og:image\" content=\"https:\/\/tiketi.com\/wp-content\/uploads\/2022\/01\/drone-air-taxi-6819108_1280.jpg\" \/>\n\t<meta property=\"og:image:width\" content=\"1213\" \/>\n\t<meta property=\"og:image:height\" content=\"200\" \/>\n\t<meta property=\"og:image:type\" content=\"image\/jpeg\" \/>\n<meta name=\"twitter:card\" content=\"summary_large_image\" \/>\n<meta name=\"twitter:label1\" content=\"Dur\u00e9e de lecture estim\u00e9e\" \/>\n\t<meta name=\"twitter:data1\" content=\"2 minutes\" \/>\n<script type=\"application\/ld+json\" class=\"yoast-schema-graph\">{\"@context\":\"https:\\\/\\\/schema.org\",\"@graph\":[{\"@type\":\"WebPage\",\"@id\":\"https:\\\/\\\/tiketi.com\\\/air-taxi-from-cologne-to-brussels\\\/\",\"url\":\"https:\\\/\\\/tiketi.com\\\/air-taxi-from-cologne-to-brussels\\\/\",\"name\":\"Air Taxi from Cologne to Brussels\",\"isPartOf\":{\"@id\":\"https:\\\/\\\/tiketi.com\\\/#website\"},\"primaryImageOfPage\":{\"@id\":\"https:\\\/\\\/tiketi.com\\\/air-taxi-from-cologne-to-brussels\\\/#primaryimage\"},\"image\":{\"@id\":\"https:\\\/\\\/tiketi.com\\\/air-taxi-from-cologne-to-brussels\\\/#primaryimage\"},\"thumbnailUrl\":\"https:\\\/\\\/tiketi.com\\\/wp-content\\\/uploads\\\/2022\\\/01\\\/drone-air-taxi-6819108_1280.jpg\",\"datePublished\":\"2022-01-19T11:53:03+00:00\",\"dateModified\":\"2022-01-20T22:49:00+00:00\",\"description\":\"Looking for cheap air taxi from Cologne to Brussels online booking? Our app helps you search & book cheap flights from Cologne to Brussels\",\"breadcrumb\":{\"@id\":\"https:\\\/\\\/tiketi.com\\\/air-taxi-from-cologne-to-brussels\\\/#breadcrumb\"},\"inLanguage\":\"fr-FR\",\"potentialAction\":[{\"@type\":\"ReadAction\",\"target\":[\"https:\\\/\\\/tiketi.com\\\/air-taxi-from-cologne-to-brussels\\\/\"]}]},{\"@type\":\"ImageObject\",\"inLanguage\":\"fr-FR\",\"@id\":\"https:\\\/\\\/tiketi.com\\\/air-taxi-from-cologne-to-brussels\\\/#primaryimage\",\"url\":\"https:\\\/\\\/tiketi.com\\\/wp-content\\\/uploads\\\/2022\\\/01\\\/drone-air-taxi-6819108_1280.jpg\",\"contentUrl\":\"https:\\\/\\\/tiketi.com\\\/wp-content\\\/uploads\\\/2022\\\/01\\\/drone-air-taxi-6819108_1280.jpg\",\"width\":1213,\"height\":200,\"caption\":\"Drone Air taxi\"},{\"@type\":\"BreadcrumbList\",\"@id\":\"https:\\\/\\\/tiketi.com\\\/air-taxi-from-cologne-to-brussels\\\/#breadcrumb\",\"itemListElement\":[{\"@type\":\"ListItem\",\"position\":1,\"name\":\"Home\",\"item\":\"https:\\\/\\\/tiketi.com\\\/\"},{\"@type\":\"ListItem\",\"position\":2,\"name\":\"Air Taxi from Cologne to Brussels\"}]},{\"@type\":\"WebSite\",\"@id\":\"https:\\\/\\\/tiketi.com\\\/#website\",\"url\":\"https:\\\/\\\/tiketi.com\\\/\",\"name\":\"Flight & Bus Tickets, Tour Packages & Activitites - Tiketi.com\",\"description\":\"Flight &amp; Bus Tickets, Tours, Activitites\",\"publisher\":{\"@id\":\"https:\\\/\\\/tiketi.com\\\/#organization\"},\"potentialAction\":[{\"@type\":\"SearchAction\",\"target\":{\"@type\":\"EntryPoint\",\"urlTemplate\":\"https:\\\/\\\/tiketi.com\\\/?s={search_term_string}\"},\"query-input\":{\"@type\":\"PropertyValueSpecification\",\"valueRequired\":true,\"valueName\":\"search_term_string\"}}],\"inLanguage\":\"fr-FR\"},{\"@type\":\"Organization\",\"@id\":\"https:\\\/\\\/tiketi.com\\\/#organization\",\"name\":\"Tiketi.com\",\"alternateName\":\"Tiketi\",\"url\":\"https:\\\/\\\/tiketi.com\\\/\",\"logo\":{\"@type\":\"ImageObject\",\"inLanguage\":\"fr-FR\",\"@id\":\"https:\\\/\\\/tiketi.com\\\/#\\\/schema\\\/logo\\\/image\\\/\",\"url\":\"https:\\\/\\\/tiketi.com\\\/wp-content\\\/uploads\\\/2019\\\/05\\\/tiketi-logo-696.png\",\"contentUrl\":\"https:\\\/\\\/tiketi.com\\\/wp-content\\\/uploads\\\/2019\\\/05\\\/tiketi-logo-696.png\",\"width\":696,\"height\":696,\"caption\":\"Tiketi.com\"},\"image\":{\"@id\":\"https:\\\/\\\/tiketi.com\\\/#\\\/schema\\\/logo\\\/image\\\/\"},\"sameAs\":[\"https:\\\/\\\/www.facebook.com\\\/TiketiCom\\\/\"]}]}<\/script>\n<!-- \/ Yoast SEO plugin. -->","yoast_head_json":{"title":"Taxi a\u00e9rien de Cologne \u00e0 Bruxelles","description":"Vous recherchez une r\u00e9servation en ligne de taxi a\u00e9rien pas cher de Cologne \u00e0 Bruxelles? Notre application vous permet de rechercher et de r\u00e9server des vols pas chers de Cologne \u00e0 Bruxelles","robots":{"index":"index","follow":"follow","max-snippet":"max-snippet:-1","max-image-preview":"max-image-preview:large","max-video-preview":"max-video-preview:-1"},"canonical":"https:\/\/tiketi.com\/fr-fr\/air-taxi-from-cologne-to-brussels\/","og_locale":"fr_FR","og_type":"article","og_title":"Air Taxi from Cologne to Brussels","og_description":"Looking for cheap air taxi from Cologne to Brussels online booking? Our app helps you search & book cheap flights from Cologne to Brussels","og_url":"https:\/\/tiketi.com\/fr-fr\/air-taxi-from-cologne-to-brussels\/","og_site_name":"Tiketi.com","article_publisher":"https:\/\/www.facebook.com\/TiketiCom\/","article_modified_time":"2022-01-20T22:49:00+00:00","og_image":[{"width":1213,"height":200,"url":"https:\/\/tiketi.com\/wp-content\/uploads\/2022\/01\/drone-air-taxi-6819108_1280.jpg","type":"image\/jpeg"}],"twitter_card":"summary_large_image","twitter_misc":{"Dur\u00e9e de lecture estim\u00e9e":"2 minutes"},"schema":{"@context":"https:\/\/schema.org","@graph":[{"@type":"WebPage","@id":"https:\/\/tiketi.com\/air-taxi-from-cologne-to-brussels\/","url":"https:\/\/tiketi.com\/air-taxi-from-cologne-to-brussels\/","name":"Taxi a\u00e9rien de Cologne \u00e0 Bruxelles","isPartOf":{"@id":"https:\/\/tiketi.com\/#website"},"primaryImageOfPage":{"@id":"https:\/\/tiketi.com\/air-taxi-from-cologne-to-brussels\/#primaryimage"},"image":{"@id":"https:\/\/tiketi.com\/air-taxi-from-cologne-to-brussels\/#primaryimage"},"thumbnailUrl":"https:\/\/tiketi.com\/wp-content\/uploads\/2022\/01\/drone-air-taxi-6819108_1280.jpg","datePublished":"2022-01-19T11:53:03+00:00","dateModified":"2022-01-20T22:49:00+00:00","description":"Vous recherchez une r\u00e9servation en ligne de taxi a\u00e9rien pas cher de Cologne \u00e0 Bruxelles? Notre application vous permet de rechercher et de r\u00e9server des vols pas chers de Cologne \u00e0 Bruxelles","breadcrumb":{"@id":"https:\/\/tiketi.com\/air-taxi-from-cologne-to-brussels\/#breadcrumb"},"inLanguage":"fr-FR","potentialAction":[{"@type":"ReadAction","target":["https:\/\/tiketi.com\/air-taxi-from-cologne-to-brussels\/"]}]},{"@type":"ImageObject","inLanguage":"fr-FR","@id":"https:\/\/tiketi.com\/air-taxi-from-cologne-to-brussels\/#primaryimage","url":"https:\/\/tiketi.com\/wp-content\/uploads\/2022\/01\/drone-air-taxi-6819108_1280.jpg","contentUrl":"https:\/\/tiketi.com\/wp-content\/uploads\/2022\/01\/drone-air-taxi-6819108_1280.jpg","width":1213,"height":200,"caption":"Drone Air taxi"},{"@type":"BreadcrumbList","@id":"https:\/\/tiketi.com\/air-taxi-from-cologne-to-brussels\/#breadcrumb","itemListElement":[{"@type":"ListItem","position":1,"name":"Home","item":"https:\/\/tiketi.com\/"},{"@type":"ListItem","position":2,"name":"Air Taxi from Cologne to Brussels"}]},{"@type":"WebSite","@id":"https:\/\/tiketi.com\/#website","url":"https:\/\/tiketi.com\/","name":"Billets d&#039;avion et de bus, forfaits touristiques et activit\u00e9s - Tiketi.com","description":"Billets d&#039;avion et de bus, Tours, Activit\u00e9s","publisher":{"@id":"https:\/\/tiketi.com\/#organization"},"potentialAction":[{"@type":"SearchAction","target":{"@type":"EntryPoint","urlTemplate":"https:\/\/tiketi.com\/?s={search_term_string}"},"query-input":{"@type":"PropertyValueSpecification","valueRequired":true,"valueName":"search_term_string"}}],"inLanguage":"fr-FR"},{"@type":"Organization","@id":"https:\/\/tiketi.com\/#organization","name":"Tiketi.com","alternateName":"Tiketi","url":"https:\/\/tiketi.com\/","logo":{"@type":"ImageObject","inLanguage":"fr-FR","@id":"https:\/\/tiketi.com\/#\/schema\/logo\/image\/","url":"https:\/\/tiketi.com\/wp-content\/uploads\/2019\/05\/tiketi-logo-696.png","contentUrl":"https:\/\/tiketi.com\/wp-content\/uploads\/2019\/05\/tiketi-logo-696.png","width":696,"height":696,"caption":"Tiketi.com"},"image":{"@id":"https:\/\/tiketi.com\/#\/schema\/logo\/image\/"},"sameAs":["https:\/\/www.facebook.com\/TiketiCom\/"]}]}},"_links":{"self":[{"href":"https:\/\/tiketi.com\/fr-fr\/wp-json\/wp\/v2\/pages\/10192","targetHints":{"allow":["GET"]}}],"collection":[{"href":"https:\/\/tiketi.com\/fr-fr\/wp-json\/wp\/v2\/pages"}],"about":[{"href":"https:\/\/tiketi.com\/fr-fr\/wp-json\/wp\/v2\/types\/page"}],"author":[{"embeddable":true,"href":"https:\/\/tiketi.com\/fr-fr\/wp-json\/wp\/v2\/users\/1"}],"replies":[{"embeddable":true,"href":"https:\/\/tiketi.com\/fr-fr\/wp-json\/wp\/v2\/comments?post=10192"}],"version-history":[{"count":0,"href":"https:\/\/tiketi.com\/fr-fr\/wp-json\/wp\/v2\/pages\/10192\/revisions"}],"wp:featuredmedia":[{"embeddable":true,"href":"https:\/\/tiketi.com\/fr-fr\/wp-json\/wp\/v2\/media\/14057"}],"wp:attachment":[{"href":"https:\/\/tiketi.com\/fr-fr\/wp-json\/wp\/v2\/media?parent=10192"}],"curies":[{"name":"wp","href":"https:\/\/api.w.org\/{rel}","templated":true}]}}