{"id":10193,"date":"2022-01-19T12:53:03","date_gmt":"2022-01-19T11:53:03","guid":{"rendered":"https:\/\/new.tiketi.com\/air-taxi-from-antwerp-to-brussels\/"},"modified":"2022-02-03T09:58:47","modified_gmt":"2022-02-03T08:58:47","slug":"air-taxi-from-antwerp-to-brussels","status":"publish","type":"page","link":"https:\/\/tiketi.com\/fr-fr\/air-taxi-from-antwerp-to-brussels\/","title":{"rendered":"Air Taxi from Antwerp to Brussels"},"content":{"rendered":"<h2>Looking for cheap flights from Brussels to Antwerp ?<\/h2>\n<h3>&gt;&gt; Search, compare and book cheap flight tickets from\u00a0Antwerp\u00a0to Brussels online now.<\/h3>\n<p>Electric air taxi from Antwerp to Brussels online booking. The Tiketi.com app helps you search, compare and book cheap flights from Brussels to Antwerp online. Drone air taxis in Antwerp makes possible to travel cheap and fast in Brussels. For sure, visitors to Brussels, the Belgium capital, would not lack for things to see and do. The city is a veritable smorgasbord of sounds and sights. It has a sweet Gothic churches as well as range of other medieval buildings. The historical visitor attractions in Brussels blend well with its twenty-one century attractions. There are many fine galleries and museums, historic statues and wonderful green parks. Visitors can shop till they drop at a nineteen century covered arcade. And last but not least, foodies will enjoy sampling the city beautiful delights, including Belgium\u2019s popular chocolates. So find and compare flights from Brussels to Antwerp and book great offers on cheap air taxis from Brussels to Antwerp online now.<\/p>\n<h2>Cheap air taxi\u00a0from Antwerp\u00a0to Brussels online booking FAQs<\/h2>\n<h3>How far is Brussels to Antwerp ?<\/h3>\n<p>The distance of flights from Brussels to Antwerp is 26 miles \/ 42 km.<\/p>\n<h3>What are eVLTO electric flying taxis from Antwerp to Brussels?<\/h3>\n<p><!--{cke_protected}{C}%3C!%2D%2D%20%2Fwp%3Aheading%20%2D%2D%3E--><!--{cke_protected}{C}%3C!%2D%2D%20wp%3Aparagraph%20%2D%2D%3E-->The flying taxis from Antwerp to Brussels aircraft, called as an eVTOL (electrical vertical take-off and landing), are designed to transport people via urban and cities atmosphere.<\/p>\n<h3>Electric air taxis from Antwerp to Brussels are high-speed public transport<\/h3>\n<p><!--{cke_protected}{C}%3C!%2D%2D%20%2Fwp%3Aheading%20%2D%2D%3E--><!--{cke_protected}{C}%3C!%2D%2D%20wp%3Aparagraph%20%2D%2D%3E-->The best benefit of\u00a0air taxis from Antwerp to Brussels is its high speed. It is the quickest mode of transport and thus it is the most perfect mean where time is a vital factor.<\/p>\n<h3>Electric flying taxi from Antwerp to Brussels has very low carbon emissions<\/h3>\n<p>Drone taxi\u00a0from Antwerp to Brussels producers use electricity to power their vehicles. Hence, drone taxis will not emit greenhouses gases. Hence, these taxis can support in decreasing the impact of climate change. So book your taxi with the help of drone taxi\u00a0from Antwerp to Brussels now.<\/p>\n<h2>Cheap flights from Brussels to Antwerp tips<\/h2>\n<p>Cheap flights from Brussels to Antwerp offer the most nonstop flights between Brussels to Antwerp .<\/p>","protected":false},"excerpt":{"rendered":"<p>Looking for cheap flights from Brussels to Antwerp ? &gt;&gt; Search, compare and book cheap flight tickets from\u00a0Antwerp\u00a0to Brussels online now. Electric air taxi from Antwerp to Brussels online booking. The Tiketi.com app helps you search, compare and book cheap flights from Brussels to Antwerp online. Drone air taxis in Antwerp makes possible to travel [&hellip;]<\/p>\n","protected":false},"author":1,"featured_media":16463,"parent":0,"menu_order":0,"comment_status":"open","ping_status":"closed","template":"template-home-modern.php","meta":{"footnotes":""},"class_list":["post-10193","page","type-page","status-publish","has-post-thumbnail","hentry"],"yoast_head":"<!-- This site is optimized with the Yoast SEO plugin v27.3 - https:\/\/yoast.com\/product\/yoast-seo-wordpress\/ -->\n<title>Air Taxi from Antwerp to Brussels<\/title>\n<meta name=\"description\" content=\"Looking for cheap air taxi from Antwerp to Brussels online booking app? Search, compare and book cheap flights from Antwerp to Brussels\" \/>\n<meta name=\"robots\" content=\"index, follow, max-snippet:-1, max-image-preview:large, max-video-preview:-1\" \/>\n<link rel=\"canonical\" href=\"https:\/\/tiketi.com\/fr-fr\/air-taxi-from-antwerp-to-brussels\/\" \/>\n<meta property=\"og:locale\" content=\"fr_FR\" \/>\n<meta property=\"og:type\" content=\"article\" \/>\n<meta property=\"og:title\" content=\"Air Taxi from Antwerp to Brussels\" \/>\n<meta property=\"og:description\" content=\"Looking for cheap air taxi from Antwerp to Brussels online booking app? Search, compare and book cheap flights from Antwerp to Brussels\" \/>\n<meta property=\"og:url\" content=\"https:\/\/tiketi.com\/fr-fr\/air-taxi-from-antwerp-to-brussels\/\" \/>\n<meta property=\"og:site_name\" content=\"Tiketi.com\" \/>\n<meta property=\"article:publisher\" content=\"https:\/\/www.facebook.com\/TiketiCom\/\" \/>\n<meta property=\"article:modified_time\" content=\"2022-02-03T08:58:47+00:00\" \/>\n<meta property=\"og:image\" content=\"https:\/\/tiketi.com\/wp-content\/uploads\/2022\/02\/brussels-3626586_1280.jpg\" \/>\n\t<meta property=\"og:image:width\" content=\"1200\" \/>\n\t<meta property=\"og:image:height\" content=\"205\" \/>\n\t<meta property=\"og:image:type\" content=\"image\/jpeg\" \/>\n<meta name=\"twitter:card\" content=\"summary_large_image\" \/>\n<meta name=\"twitter:label1\" content=\"Dur\u00e9e de lecture estim\u00e9e\" \/>\n\t<meta name=\"twitter:data1\" content=\"2 minutes\" \/>\n<script type=\"application\/ld+json\" class=\"yoast-schema-graph\">{\"@context\":\"https:\\\/\\\/schema.org\",\"@graph\":[{\"@type\":\"WebPage\",\"@id\":\"https:\\\/\\\/tiketi.com\\\/air-taxi-from-antwerp-to-brussels\\\/\",\"url\":\"https:\\\/\\\/tiketi.com\\\/air-taxi-from-antwerp-to-brussels\\\/\",\"name\":\"Air Taxi from Antwerp to Brussels\",\"isPartOf\":{\"@id\":\"https:\\\/\\\/tiketi.com\\\/#website\"},\"primaryImageOfPage\":{\"@id\":\"https:\\\/\\\/tiketi.com\\\/air-taxi-from-antwerp-to-brussels\\\/#primaryimage\"},\"image\":{\"@id\":\"https:\\\/\\\/tiketi.com\\\/air-taxi-from-antwerp-to-brussels\\\/#primaryimage\"},\"thumbnailUrl\":\"https:\\\/\\\/tiketi.com\\\/wp-content\\\/uploads\\\/2022\\\/02\\\/brussels-3626586_1280.jpg\",\"datePublished\":\"2022-01-19T11:53:03+00:00\",\"dateModified\":\"2022-02-03T08:58:47+00:00\",\"description\":\"Looking for cheap air taxi from Antwerp to Brussels online booking app? Search, compare and book cheap flights from Antwerp to Brussels\",\"breadcrumb\":{\"@id\":\"https:\\\/\\\/tiketi.com\\\/air-taxi-from-antwerp-to-brussels\\\/#breadcrumb\"},\"inLanguage\":\"fr-FR\",\"potentialAction\":[{\"@type\":\"ReadAction\",\"target\":[\"https:\\\/\\\/tiketi.com\\\/air-taxi-from-antwerp-to-brussels\\\/\"]}]},{\"@type\":\"ImageObject\",\"inLanguage\":\"fr-FR\",\"@id\":\"https:\\\/\\\/tiketi.com\\\/air-taxi-from-antwerp-to-brussels\\\/#primaryimage\",\"url\":\"https:\\\/\\\/tiketi.com\\\/wp-content\\\/uploads\\\/2022\\\/02\\\/brussels-3626586_1280.jpg\",\"contentUrl\":\"https:\\\/\\\/tiketi.com\\\/wp-content\\\/uploads\\\/2022\\\/02\\\/brussels-3626586_1280.jpg\",\"width\":1200,\"height\":205,\"caption\":\"Air Taxi from Antwerp to Brussels\"},{\"@type\":\"BreadcrumbList\",\"@id\":\"https:\\\/\\\/tiketi.com\\\/air-taxi-from-antwerp-to-brussels\\\/#breadcrumb\",\"itemListElement\":[{\"@type\":\"ListItem\",\"position\":1,\"name\":\"Home\",\"item\":\"https:\\\/\\\/tiketi.com\\\/\"},{\"@type\":\"ListItem\",\"position\":2,\"name\":\"Air Taxi from Antwerp to Brussels\"}]},{\"@type\":\"WebSite\",\"@id\":\"https:\\\/\\\/tiketi.com\\\/#website\",\"url\":\"https:\\\/\\\/tiketi.com\\\/\",\"name\":\"Flight & Bus Tickets, Tour Packages & Activitites - Tiketi.com\",\"description\":\"Flight &amp; Bus Tickets, Tours, Activitites\",\"publisher\":{\"@id\":\"https:\\\/\\\/tiketi.com\\\/#organization\"},\"potentialAction\":[{\"@type\":\"SearchAction\",\"target\":{\"@type\":\"EntryPoint\",\"urlTemplate\":\"https:\\\/\\\/tiketi.com\\\/?s={search_term_string}\"},\"query-input\":{\"@type\":\"PropertyValueSpecification\",\"valueRequired\":true,\"valueName\":\"search_term_string\"}}],\"inLanguage\":\"fr-FR\"},{\"@type\":\"Organization\",\"@id\":\"https:\\\/\\\/tiketi.com\\\/#organization\",\"name\":\"Tiketi.com\",\"alternateName\":\"Tiketi\",\"url\":\"https:\\\/\\\/tiketi.com\\\/\",\"logo\":{\"@type\":\"ImageObject\",\"inLanguage\":\"fr-FR\",\"@id\":\"https:\\\/\\\/tiketi.com\\\/#\\\/schema\\\/logo\\\/image\\\/\",\"url\":\"https:\\\/\\\/tiketi.com\\\/wp-content\\\/uploads\\\/2019\\\/05\\\/tiketi-logo-696.png\",\"contentUrl\":\"https:\\\/\\\/tiketi.com\\\/wp-content\\\/uploads\\\/2019\\\/05\\\/tiketi-logo-696.png\",\"width\":696,\"height\":696,\"caption\":\"Tiketi.com\"},\"image\":{\"@id\":\"https:\\\/\\\/tiketi.com\\\/#\\\/schema\\\/logo\\\/image\\\/\"},\"sameAs\":[\"https:\\\/\\\/www.facebook.com\\\/TiketiCom\\\/\"]}]}<\/script>\n<!-- \/ Yoast SEO plugin. -->","yoast_head_json":{"title":"Air Taxi from Antwerp to Brussels","description":"Vous cherchez une application de r\u00e9servation en ligne de taxi a\u00e9rien pas cher d&#039;Anvers \u00e0 Bruxelles? Recherchez, comparez et r\u00e9servez des vols pas chers de Anvers \u00e0 Bruxelles","robots":{"index":"index","follow":"follow","max-snippet":"max-snippet:-1","max-image-preview":"max-image-preview:large","max-video-preview":"max-video-preview:-1"},"canonical":"https:\/\/tiketi.com\/fr-fr\/air-taxi-from-antwerp-to-brussels\/","og_locale":"fr_FR","og_type":"article","og_title":"Air Taxi from Antwerp to Brussels","og_description":"Looking for cheap air taxi from Antwerp to Brussels online booking app? Search, compare and book cheap flights from Antwerp to Brussels","og_url":"https:\/\/tiketi.com\/fr-fr\/air-taxi-from-antwerp-to-brussels\/","og_site_name":"Tiketi.com","article_publisher":"https:\/\/www.facebook.com\/TiketiCom\/","article_modified_time":"2022-02-03T08:58:47+00:00","og_image":[{"width":1200,"height":205,"url":"https:\/\/tiketi.com\/wp-content\/uploads\/2022\/02\/brussels-3626586_1280.jpg","type":"image\/jpeg"}],"twitter_card":"summary_large_image","twitter_misc":{"Dur\u00e9e de lecture estim\u00e9e":"2 minutes"},"schema":{"@context":"https:\/\/schema.org","@graph":[{"@type":"WebPage","@id":"https:\/\/tiketi.com\/air-taxi-from-antwerp-to-brussels\/","url":"https:\/\/tiketi.com\/air-taxi-from-antwerp-to-brussels\/","name":"Air Taxi from Antwerp to Brussels","isPartOf":{"@id":"https:\/\/tiketi.com\/#website"},"primaryImageOfPage":{"@id":"https:\/\/tiketi.com\/air-taxi-from-antwerp-to-brussels\/#primaryimage"},"image":{"@id":"https:\/\/tiketi.com\/air-taxi-from-antwerp-to-brussels\/#primaryimage"},"thumbnailUrl":"https:\/\/tiketi.com\/wp-content\/uploads\/2022\/02\/brussels-3626586_1280.jpg","datePublished":"2022-01-19T11:53:03+00:00","dateModified":"2022-02-03T08:58:47+00:00","description":"Vous cherchez une application de r\u00e9servation en ligne de taxi a\u00e9rien pas cher d&#039;Anvers \u00e0 Bruxelles? Recherchez, comparez et r\u00e9servez des vols pas chers de Anvers \u00e0 Bruxelles","breadcrumb":{"@id":"https:\/\/tiketi.com\/air-taxi-from-antwerp-to-brussels\/#breadcrumb"},"inLanguage":"fr-FR","potentialAction":[{"@type":"ReadAction","target":["https:\/\/tiketi.com\/air-taxi-from-antwerp-to-brussels\/"]}]},{"@type":"ImageObject","inLanguage":"fr-FR","@id":"https:\/\/tiketi.com\/air-taxi-from-antwerp-to-brussels\/#primaryimage","url":"https:\/\/tiketi.com\/wp-content\/uploads\/2022\/02\/brussels-3626586_1280.jpg","contentUrl":"https:\/\/tiketi.com\/wp-content\/uploads\/2022\/02\/brussels-3626586_1280.jpg","width":1200,"height":205,"caption":"Air Taxi from Antwerp to Brussels"},{"@type":"BreadcrumbList","@id":"https:\/\/tiketi.com\/air-taxi-from-antwerp-to-brussels\/#breadcrumb","itemListElement":[{"@type":"ListItem","position":1,"name":"Home","item":"https:\/\/tiketi.com\/"},{"@type":"ListItem","position":2,"name":"Air Taxi from Antwerp to Brussels"}]},{"@type":"WebSite","@id":"https:\/\/tiketi.com\/#website","url":"https:\/\/tiketi.com\/","name":"Billets d&#039;avion et de bus, forfaits touristiques et activit\u00e9s - Tiketi.com","description":"Billets d&#039;avion et de bus, Tours, Activit\u00e9s","publisher":{"@id":"https:\/\/tiketi.com\/#organization"},"potentialAction":[{"@type":"SearchAction","target":{"@type":"EntryPoint","urlTemplate":"https:\/\/tiketi.com\/?s={search_term_string}"},"query-input":{"@type":"PropertyValueSpecification","valueRequired":true,"valueName":"search_term_string"}}],"inLanguage":"fr-FR"},{"@type":"Organization","@id":"https:\/\/tiketi.com\/#organization","name":"Tiketi.com","alternateName":"Tiketi","url":"https:\/\/tiketi.com\/","logo":{"@type":"ImageObject","inLanguage":"fr-FR","@id":"https:\/\/tiketi.com\/#\/schema\/logo\/image\/","url":"https:\/\/tiketi.com\/wp-content\/uploads\/2019\/05\/tiketi-logo-696.png","contentUrl":"https:\/\/tiketi.com\/wp-content\/uploads\/2019\/05\/tiketi-logo-696.png","width":696,"height":696,"caption":"Tiketi.com"},"image":{"@id":"https:\/\/tiketi.com\/#\/schema\/logo\/image\/"},"sameAs":["https:\/\/www.facebook.com\/TiketiCom\/"]}]}},"_links":{"self":[{"href":"https:\/\/tiketi.com\/fr-fr\/wp-json\/wp\/v2\/pages\/10193","targetHints":{"allow":["GET"]}}],"collection":[{"href":"https:\/\/tiketi.com\/fr-fr\/wp-json\/wp\/v2\/pages"}],"about":[{"href":"https:\/\/tiketi.com\/fr-fr\/wp-json\/wp\/v2\/types\/page"}],"author":[{"embeddable":true,"href":"https:\/\/tiketi.com\/fr-fr\/wp-json\/wp\/v2\/users\/1"}],"replies":[{"embeddable":true,"href":"https:\/\/tiketi.com\/fr-fr\/wp-json\/wp\/v2\/comments?post=10193"}],"version-history":[{"count":0,"href":"https:\/\/tiketi.com\/fr-fr\/wp-json\/wp\/v2\/pages\/10193\/revisions"}],"wp:featuredmedia":[{"embeddable":true,"href":"https:\/\/tiketi.com\/fr-fr\/wp-json\/wp\/v2\/media\/16463"}],"wp:attachment":[{"href":"https:\/\/tiketi.com\/fr-fr\/wp-json\/wp\/v2\/media?parent=10193"}],"curies":[{"name":"wp","href":"https:\/\/api.w.org\/{rel}","templated":true}]}}