{"id":10197,"date":"2022-01-19T12:53:03","date_gmt":"2022-01-19T11:53:03","guid":{"rendered":"https:\/\/new.tiketi.com\/air-taxi-from-pontoise-to-paris\/"},"modified":"2025-06-27T09:32:49","modified_gmt":"2025-06-27T08:32:49","slug":"pontoise-to-paris","status":"publish","type":"page","link":"https:\/\/tiketi.com\/fr-fr\/volants\/taxi-aerien\/pontoise-to-paris\/","title":{"rendered":"R\u00e9servation d&#039;un taxi a\u00e9rien de Pontoise \u00e0 Paris"},"content":{"rendered":"<h2>Vous recherchez des vols \u00e0 bas prix de Paris \u00e0 Pontoise ?<\/h2>\n<h3>Recherchez, comparez, comparez et r\u00e9servez en ligne maintenant des billets d&#039;avion pas chers de Paris \u00e0Pontoise.<\/h3>\n<p>Taxi a\u00e9rien \u00e9lectrique de Pontoise au centre de Paris r\u00e9servation en ligne. L&#039;application Tiketi.com vous permet de rechercher, comparer et r\u00e9server en ligne des vols pas chers de Paris \u00e0 Pontoise. En tant que capitale de la France, Paris est une ville vitale depuis plus de deux mille ans. Souvent appel\u00e9e par des surnoms comme la &quot;ville des vols&quot; et &quot;la ville de l&#039;amour&quot;. Paris est aujourd&#039;hui l&#039;un des grands centres mondiaux de la mode, des affaires, du divertissement, de la culture et de l&#039;art. \u00c9galement connue sous le nom de capitale de la mode, Paris abrite certains des meilleurs noms de cr\u00e9ateurs au monde, notamment LOreal, Lanc\u00f4me, Yves Saint-Laurent et Christian Dior. Alors trouvez et comparez les billets d&#039;avion de Paris \u00e0 Pontoise et r\u00e9servez en ligne d\u00e8s maintenant des offres exceptionnelles sur des taxis a\u00e9riens pas chers de Paris \u00e0 Pontoise.<\/p>\n<h2>Taxi a\u00e9rien pas cher de Pontoise \u00e0 Paris FAQ sur la r\u00e9servation en ligne<\/h2>\n<h3>Quelle est la distance entre Paris et Pontoise ?<\/h3>\n<p>La distance du vol taxi a\u00e9rien \u00e9lectrique de Pontoise \u00e0 Paris est de 23 km ou 14 miles.<\/p>\n<h3>Que sont les taxis volants \u00e9lectriques eVLTO de Paris \u00e0 Pontoise ?<\/h3>\n<p><!--{cke_protected}{C}%3C!%2D%2D%20%2Fwp%3Aheading%20%2D%2D%3E--><!--{cke_protected}{C}%3C!%2D%2D%20wp%3Aparagraph%20%2D%2D%3E-->Les taxis volants \u00e9lectriques de Paris \u00e0 Pontoise, appel\u00e9s eVTOL (d\u00e9collage et atterrissage verticaux \u00e9lectriques), sont con\u00e7us pour transporter des personnes dans l&#039;atmosph\u00e8re urbaine et citadine.<\/p>\n<h3>Les taxis a\u00e9riens \u00e9lectriques de Paris \u00e0 Pontoise sont des transports en commun \u00e0 grande vitesse<\/h3>\n<p><!--{cke_protected}{C}%3C!%2D%2D%20%2Fwp%3Aheading%20%2D%2D%3E--><!--{cke_protected}{C}%3C!%2D%2D%20wp%3Aparagraph%20%2D%2D%3E-->Le meilleur avantage des taxis a\u00e9riens \u00e9lectriques de Paris \u00e0 Pontoise est sa grande vitesse. C&#039;est le mode de transport le plus rapide et donc le moyen le plus parfait o\u00f9 le temps est un facteur vital.<\/p>\n<h3>Le taxi volant \u00e9lectrique de Paris \u00e0 Pontoise a de tr\u00e8s faibles \u00e9missions de carbone<\/h3>\n<p>Drone taxi de Paris \u00e0 Pontoise Les producteurs utilisent l&#039;\u00e9lectricit\u00e9 pour propulser leurs v\u00e9hicules. Ainsi, les taxis drones n&#039;\u00e9mettront pas de gaz \u00e0 effet de serre. Par cons\u00e9quent, ces taxis peuvent contribuer \u00e0 r\u00e9duire l&#039;impact du changement climatique. Alors r\u00e9servez d\u00e8s maintenant votre taxi avec l&#039;aide de drone taxi de Paris \u00e0 Pontoise.<\/p>\n<h2>Vols bon march\u00e9 de Paris \u00e0 Pontoise<\/h2>\n<p>Les taxis a\u00e9riens drones de Paris \u00e0 Pontoise proposent le plus de vols sans escale entre Paris et Pontoise.<\/p>\n<h2>Pontoise Flights<\/h2>\n<table border=\"0\" cellspacing=\"1\" cellpadding=\"1\">\n<tbody>\n<tr>\n<td>Bon march\u00e9 <a href=\"https:\/\/tiketi.com\/fr-fr\/volants\/taxi-aerien\/france\/\" target=\"_blank\" rel=\"noopener\">air taxi in France<\/a><\/td>\n<td style=\"width: 30px;\"><\/td>\n<td>Bon march\u00e9 <a href=\"https:\/\/tiketi.com\/fr-fr\/volants\/taxi-aerien\/paris\/\" target=\"_blank\" rel=\"noopener\">air taxi to Paris<\/a><\/td>\n<td style=\"width: 30px;\"><\/td>\n<td><\/td>\n<\/tr>\n<\/tbody>\n<\/table>\n<p>&nbsp;<\/p>\n<p>&nbsp;<\/p>","protected":false},"excerpt":{"rendered":"<p>Looking for cheap flights from Paris to Pontoise? Search, compare compare and book cheap flight tickets from Paris to Pontoise online now. Electric air taxi from Pontoise to Paris City Centre online booking. The Tiketi.com app helps you search, compare and book cheap flights from Paris to Pontoise online. As the capital city of France, [&hellip;]<\/p>\n","protected":false},"author":1,"featured_media":14315,"parent":25621,"menu_order":0,"comment_status":"open","ping_status":"closed","template":"template-home-modern.php","meta":{"footnotes":""},"class_list":["post-10197","page","type-page","status-publish","has-post-thumbnail","hentry"],"yoast_head":"<!-- This site is optimized with the Yoast SEO plugin v27.2 - https:\/\/yoast.com\/product\/yoast-seo-wordpress\/ -->\n<title>Air Taxi from Pontoise to Paris Booking<\/title>\n<meta name=\"description\" content=\"Looking for cheap air taxi\u00a0from air taxi\u00a0from Pontoise to Paris Centre online booking app? Search &amp; book cheap flights from Paris to Pontoise\" \/>\n<meta name=\"robots\" content=\"index, follow, max-snippet:-1, max-image-preview:large, max-video-preview:-1\" \/>\n<link rel=\"canonical\" href=\"https:\/\/tiketi.com\/fr-fr\/volants\/taxi-aerien\/pontoise-to-paris\/\" \/>\n<meta property=\"og:locale\" content=\"fr_FR\" \/>\n<meta property=\"og:type\" content=\"article\" \/>\n<meta property=\"og:title\" content=\"Air Taxi from Pontoise to Paris Booking\" \/>\n<meta property=\"og:description\" content=\"Looking for cheap air taxi\u00a0from air taxi\u00a0from Pontoise to Paris Centre online booking app? Search &amp; book cheap flights from Paris to Pontoise\" \/>\n<meta property=\"og:url\" content=\"https:\/\/tiketi.com\/fr-fr\/volants\/taxi-aerien\/pontoise-to-paris\/\" \/>\n<meta property=\"og:site_name\" content=\"Tiketi.com\" \/>\n<meta property=\"article:publisher\" content=\"https:\/\/www.facebook.com\/TiketiCom\/\" \/>\n<meta property=\"article:modified_time\" content=\"2025-06-27T08:32:49+00:00\" \/>\n<meta property=\"og:image\" content=\"https:\/\/tiketi.com\/wp-content\/uploads\/2022\/01\/paris-1836415_1280.jpg\" \/>\n\t<meta property=\"og:image:width\" content=\"1200\" \/>\n\t<meta property=\"og:image:height\" content=\"210\" \/>\n\t<meta property=\"og:image:type\" content=\"image\/jpeg\" \/>\n<meta name=\"twitter:card\" content=\"summary_large_image\" \/>\n<meta name=\"twitter:label1\" content=\"Dur\u00e9e de lecture estim\u00e9e\" \/>\n\t<meta name=\"twitter:data1\" content=\"2 minutes\" \/>\n<script type=\"application\/ld+json\" class=\"yoast-schema-graph\">{\"@context\":\"https:\/\/schema.org\",\"@graph\":[{\"@type\":\"WebPage\",\"@id\":\"https:\/\/tiketi.com\/flying\/air-taxi\/pontoise-to-paris\/\",\"url\":\"https:\/\/tiketi.com\/flying\/air-taxi\/pontoise-to-paris\/\",\"name\":\"Air Taxi from Pontoise to Paris Booking\",\"isPartOf\":{\"@id\":\"https:\/\/tiketi.com\/#website\"},\"primaryImageOfPage\":{\"@id\":\"https:\/\/tiketi.com\/flying\/air-taxi\/pontoise-to-paris\/#primaryimage\"},\"image\":{\"@id\":\"https:\/\/tiketi.com\/flying\/air-taxi\/pontoise-to-paris\/#primaryimage\"},\"thumbnailUrl\":\"https:\/\/tiketi.com\/wp-content\/uploads\/2022\/01\/paris-1836415_1280.jpg\",\"datePublished\":\"2022-01-19T11:53:03+00:00\",\"dateModified\":\"2025-06-27T08:32:49+00:00\",\"description\":\"Looking for cheap air taxi\u00a0from air taxi\u00a0from Pontoise to Paris Centre online booking app? Search & book cheap flights from Paris to Pontoise\",\"breadcrumb\":{\"@id\":\"https:\/\/tiketi.com\/flying\/air-taxi\/pontoise-to-paris\/#breadcrumb\"},\"inLanguage\":\"fr-FR\",\"potentialAction\":[{\"@type\":\"ReadAction\",\"target\":[\"https:\/\/tiketi.com\/flying\/air-taxi\/pontoise-to-paris\/\"]}]},{\"@type\":\"ImageObject\",\"inLanguage\":\"fr-FR\",\"@id\":\"https:\/\/tiketi.com\/flying\/air-taxi\/pontoise-to-paris\/#primaryimage\",\"url\":\"https:\/\/tiketi.com\/wp-content\/uploads\/2022\/01\/paris-1836415_1280.jpg\",\"contentUrl\":\"https:\/\/tiketi.com\/wp-content\/uploads\/2022\/01\/paris-1836415_1280.jpg\",\"width\":1200,\"height\":210,\"caption\":\"Air Taxi in Paris\"},{\"@type\":\"BreadcrumbList\",\"@id\":\"https:\/\/tiketi.com\/flying\/air-taxi\/pontoise-to-paris\/#breadcrumb\",\"itemListElement\":[{\"@type\":\"ListItem\",\"position\":1,\"name\":\"Home\",\"item\":\"https:\/\/tiketi.com\/\"},{\"@type\":\"ListItem\",\"position\":2,\"name\":\"Flying\",\"item\":\"https:\/\/tiketi.com\/fr-fr\/volants\/\"},{\"@type\":\"ListItem\",\"position\":3,\"name\":\"Air Taxi\",\"item\":\"https:\/\/tiketi.com\/flying\/air-taxi\/\"},{\"@type\":\"ListItem\",\"position\":4,\"name\":\"Air Taxi from Pontoise to Paris Booking\"}]},{\"@type\":\"WebSite\",\"@id\":\"https:\/\/tiketi.com\/#website\",\"url\":\"https:\/\/tiketi.com\/\",\"name\":\"Flight & Bus Tickets, Tour Packages & Activitites - Tiketi.com\",\"description\":\"Flight &amp; Bus Tickets, Tours, Activitites\",\"publisher\":{\"@id\":\"https:\/\/tiketi.com\/#organization\"},\"potentialAction\":[{\"@type\":\"SearchAction\",\"target\":{\"@type\":\"EntryPoint\",\"urlTemplate\":\"https:\/\/tiketi.com\/?s={search_term_string}\"},\"query-input\":{\"@type\":\"PropertyValueSpecification\",\"valueRequired\":true,\"valueName\":\"search_term_string\"}}],\"inLanguage\":\"fr-FR\"},{\"@type\":\"Organization\",\"@id\":\"https:\/\/tiketi.com\/#organization\",\"name\":\"Tiketi.com\",\"alternateName\":\"Tiketi\",\"url\":\"https:\/\/tiketi.com\/\",\"logo\":{\"@type\":\"ImageObject\",\"inLanguage\":\"fr-FR\",\"@id\":\"https:\/\/tiketi.com\/#\/schema\/logo\/image\/\",\"url\":\"https:\/\/tiketi.com\/wp-content\/uploads\/2019\/05\/tiketi-logo-696.png\",\"contentUrl\":\"https:\/\/tiketi.com\/wp-content\/uploads\/2019\/05\/tiketi-logo-696.png\",\"width\":696,\"height\":696,\"caption\":\"Tiketi.com\"},\"image\":{\"@id\":\"https:\/\/tiketi.com\/#\/schema\/logo\/image\/\"},\"sameAs\":[\"https:\/\/www.facebook.com\/TiketiCom\/\"]}]}<\/script>\n<!-- \/ Yoast SEO plugin. -->","yoast_head_json":{"title":"R\u00e9servation d&#039;un taxi a\u00e9rien de Pontoise \u00e0 Paris","description":"Vous recherchez une application de r\u00e9servation en ligne de taxi a\u00e9rien pas cher de taxi a\u00e9rien de Pontoise \u00e0 Paris Centre? Recherchez et r\u00e9servez des vols pas chers de Paris \u00e0 Pontoise","robots":{"index":"index","follow":"follow","max-snippet":"max-snippet:-1","max-image-preview":"max-image-preview:large","max-video-preview":"max-video-preview:-1"},"canonical":"https:\/\/tiketi.com\/fr-fr\/volants\/taxi-aerien\/pontoise-to-paris\/","og_locale":"fr_FR","og_type":"article","og_title":"Air Taxi from Pontoise to Paris Booking","og_description":"Looking for cheap air taxi\u00a0from air taxi\u00a0from Pontoise to Paris Centre online booking app? Search & book cheap flights from Paris to Pontoise","og_url":"https:\/\/tiketi.com\/fr-fr\/volants\/taxi-aerien\/pontoise-to-paris\/","og_site_name":"Tiketi.com","article_publisher":"https:\/\/www.facebook.com\/TiketiCom\/","article_modified_time":"2025-06-27T08:32:49+00:00","og_image":[{"width":1200,"height":210,"url":"https:\/\/tiketi.com\/wp-content\/uploads\/2022\/01\/paris-1836415_1280.jpg","type":"image\/jpeg"}],"twitter_card":"summary_large_image","twitter_misc":{"Dur\u00e9e de lecture estim\u00e9e":"2 minutes"},"schema":{"@context":"https:\/\/schema.org","@graph":[{"@type":"WebPage","@id":"https:\/\/tiketi.com\/flying\/air-taxi\/pontoise-to-paris\/","url":"https:\/\/tiketi.com\/flying\/air-taxi\/pontoise-to-paris\/","name":"R\u00e9servation d&#039;un taxi a\u00e9rien de Pontoise \u00e0 Paris","isPartOf":{"@id":"https:\/\/tiketi.com\/#website"},"primaryImageOfPage":{"@id":"https:\/\/tiketi.com\/flying\/air-taxi\/pontoise-to-paris\/#primaryimage"},"image":{"@id":"https:\/\/tiketi.com\/flying\/air-taxi\/pontoise-to-paris\/#primaryimage"},"thumbnailUrl":"https:\/\/tiketi.com\/wp-content\/uploads\/2022\/01\/paris-1836415_1280.jpg","datePublished":"2022-01-19T11:53:03+00:00","dateModified":"2025-06-27T08:32:49+00:00","description":"Vous recherchez une application de r\u00e9servation en ligne de taxi a\u00e9rien pas cher de taxi a\u00e9rien de Pontoise \u00e0 Paris Centre? Recherchez et r\u00e9servez des vols pas chers de Paris \u00e0 Pontoise","breadcrumb":{"@id":"https:\/\/tiketi.com\/flying\/air-taxi\/pontoise-to-paris\/#breadcrumb"},"inLanguage":"fr-FR","potentialAction":[{"@type":"ReadAction","target":["https:\/\/tiketi.com\/flying\/air-taxi\/pontoise-to-paris\/"]}]},{"@type":"ImageObject","inLanguage":"fr-FR","@id":"https:\/\/tiketi.com\/flying\/air-taxi\/pontoise-to-paris\/#primaryimage","url":"https:\/\/tiketi.com\/wp-content\/uploads\/2022\/01\/paris-1836415_1280.jpg","contentUrl":"https:\/\/tiketi.com\/wp-content\/uploads\/2022\/01\/paris-1836415_1280.jpg","width":1200,"height":210,"caption":"Air Taxi in Paris"},{"@type":"BreadcrumbList","@id":"https:\/\/tiketi.com\/flying\/air-taxi\/pontoise-to-paris\/#breadcrumb","itemListElement":[{"@type":"ListItem","position":1,"name":"Home","item":"https:\/\/tiketi.com\/"},{"@type":"ListItem","position":2,"name":"Flying","item":"https:\/\/tiketi.com\/fr-fr\/volants\/"},{"@type":"ListItem","position":3,"name":"Air Taxi","item":"https:\/\/tiketi.com\/flying\/air-taxi\/"},{"@type":"ListItem","position":4,"name":"Air Taxi from Pontoise to Paris Booking"}]},{"@type":"WebSite","@id":"https:\/\/tiketi.com\/#website","url":"https:\/\/tiketi.com\/","name":"Billets d&#039;avion et de bus, forfaits touristiques et activit\u00e9s - Tiketi.com","description":"Billets d&#039;avion et de bus, Tours, Activit\u00e9s","publisher":{"@id":"https:\/\/tiketi.com\/#organization"},"potentialAction":[{"@type":"SearchAction","target":{"@type":"EntryPoint","urlTemplate":"https:\/\/tiketi.com\/?s={search_term_string}"},"query-input":{"@type":"PropertyValueSpecification","valueRequired":true,"valueName":"search_term_string"}}],"inLanguage":"fr-FR"},{"@type":"Organization","@id":"https:\/\/tiketi.com\/#organization","name":"Tiketi.com","alternateName":"Tiketi","url":"https:\/\/tiketi.com\/","logo":{"@type":"ImageObject","inLanguage":"fr-FR","@id":"https:\/\/tiketi.com\/#\/schema\/logo\/image\/","url":"https:\/\/tiketi.com\/wp-content\/uploads\/2019\/05\/tiketi-logo-696.png","contentUrl":"https:\/\/tiketi.com\/wp-content\/uploads\/2019\/05\/tiketi-logo-696.png","width":696,"height":696,"caption":"Tiketi.com"},"image":{"@id":"https:\/\/tiketi.com\/#\/schema\/logo\/image\/"},"sameAs":["https:\/\/www.facebook.com\/TiketiCom\/"]}]}},"_links":{"self":[{"href":"https:\/\/tiketi.com\/fr-fr\/wp-json\/wp\/v2\/pages\/10197","targetHints":{"allow":["GET"]}}],"collection":[{"href":"https:\/\/tiketi.com\/fr-fr\/wp-json\/wp\/v2\/pages"}],"about":[{"href":"https:\/\/tiketi.com\/fr-fr\/wp-json\/wp\/v2\/types\/page"}],"author":[{"embeddable":true,"href":"https:\/\/tiketi.com\/fr-fr\/wp-json\/wp\/v2\/users\/1"}],"replies":[{"embeddable":true,"href":"https:\/\/tiketi.com\/fr-fr\/wp-json\/wp\/v2\/comments?post=10197"}],"version-history":[{"count":4,"href":"https:\/\/tiketi.com\/fr-fr\/wp-json\/wp\/v2\/pages\/10197\/revisions"}],"predecessor-version":[{"id":31557,"href":"https:\/\/tiketi.com\/fr-fr\/wp-json\/wp\/v2\/pages\/10197\/revisions\/31557"}],"up":[{"embeddable":true,"href":"https:\/\/tiketi.com\/fr-fr\/wp-json\/wp\/v2\/pages\/25621"}],"wp:featuredmedia":[{"embeddable":true,"href":"https:\/\/tiketi.com\/fr-fr\/wp-json\/wp\/v2\/media\/14315"}],"wp:attachment":[{"href":"https:\/\/tiketi.com\/fr-fr\/wp-json\/wp\/v2\/media?parent=10197"}],"curies":[{"name":"wp","href":"https:\/\/api.w.org\/{rel}","templated":true}]}}