{"id":10200,"date":"2022-01-19T12:53:03","date_gmt":"2022-01-19T11:53:03","guid":{"rendered":"https:\/\/new.tiketi.com\/air-taxi-from-antwerp-to-amsterdam\/"},"modified":"2022-02-03T09:47:00","modified_gmt":"2022-02-03T08:47:00","slug":"air-taxi-from-rotterdam-to-amsterdam","status":"publish","type":"page","link":"https:\/\/tiketi.com\/fr-fr\/air-taxi-from-rotterdam-to-amsterdam\/","title":{"rendered":"Taxi a\u00e9rien de Rotterdam \u00e0 Amsterdam"},"content":{"rendered":"<h2>Vous cherchez des vols \u00e0 bas prix de Rotterdam \u00e0 Amsterdam ?<\/h2>\n<h3>&gt;&gt; Recherchez, comparez et r\u00e9servez en ligne maintenant des billets d&#039;avion \u00e0 bas prix de Rotterdam \u00e0 Amsterdam.<\/h3>\n<p>Electric air taxi from Rotterdam to Amsterdam online booking. The Tiketi.com app helps you search, compare and book cheap flights from Rotterdam to Amsterdam \u00a0online. Drone air taxis in Rotterdam makes possible to travel cheap and fast in Rotterdam . One of the most famous travel places in Amsterdam, Amsterdam is a charming, compact and cosmopolitan city that invites exploration. Called as the Venice of the North \u201cfor its more than hundred canals, the Netherlands capital provides easy sight-seeing adventures by bike, foot and boat. Amsterdam well famous and attractive seventeen century architecture offers a quaint if congruous backdrop for a city popular for its progressive, new attitudes. From the city\u2019s fine art museum to its colorful flower markets, from coffee shops to cannabis-selling to the red light area. So find and compare flights from Rotterdam to Amsterdam and book great offers on cheap air taxis from Rotterdam to Amsterdam online now.<\/p>\n<h2>FAQ sur la r\u00e9servation en ligne d&#039;un taxi a\u00e9rien pas cher de Rotterdam \u00e0 Amsterdam<\/h2>\n<h3>Quelle est la distance entre Rotterdam et Amsterdam ?<\/h3>\n<p>The distance of flights from Rotterdam to Amsterdam \u00a0is 36 miles \/ 57\u00a0km.<\/p>\n<h3>Que sont les taxis volants \u00e9lectriques eVLTO de Rotterdam \u00e0 Amsterdam ?<\/h3>\n<p><!--{cke_protected}{C}%3C!%2D%2D%20%2Fwp%3Aheading%20%2D%2D%3E--><!--{cke_protected}{C}%3C!%2D%2D%20wp%3Aparagraph%20%2D%2D%3E-->Les taxis volants de Rotterdam \u00e0 Amsterdam, appel\u00e9s eVTOL (d\u00e9collage et atterrissage verticaux \u00e9lectriques), sont con\u00e7us pour transporter des personnes dans l&#039;atmosph\u00e8re urbaine et citadine.<\/p>\n<h3>Les taxis a\u00e9riens \u00e9lectriques de Rotterdam \u00e0 Amsterdam sont des transports publics \u00e0 grande vitesse<\/h3>\n<p><!--{cke_protected}{C}%3C!%2D%2D%20%2Fwp%3Aheading%20%2D%2D%3E--><!--{cke_protected}{C}%3C!%2D%2D%20wp%3Aparagraph%20%2D%2D%3E-->Le meilleur avantage des taxis a\u00e9riens de Rotterdam \u00e0 Amsterdam est sa grande vitesse. C&#039;est le mode de transport le plus rapide et donc le moyen le plus parfait o\u00f9 le temps est un facteur vital.<\/p>\n<h3>Electric flying taxi from Rotterdam to Amsterdam has very low carbon emissions<\/h3>\n<p>Les taxis drones de Rotterdam \u00e0 Amsterdam utilisent l&#039;\u00e9lectricit\u00e9 pour alimenter leurs v\u00e9hicules. Ainsi, les taxis drones n&#039;\u00e9mettront pas de gaz \u00e0 effet de serre. Par cons\u00e9quent, ces taxis peuvent contribuer \u00e0 r\u00e9duire l&#039;impact du changement climatique. Alors r\u00e9servez votre taxi avec l&#039;aide d&#039;un taxi drone de Rotterdam \u00e0 Amsterdam maintenant.<\/p>\n<h2>Cheap flights from Rotterdam to Amsterdam tips<\/h2>\n<p>Cheap flights from Rotterdam to Amsterdam offer the most nonstop flights between Rotterdam to Amsterdam.<\/p>","protected":false},"excerpt":{"rendered":"<p>Looking for cheap flights from Rotterdam to Amsterdam? &gt;&gt; Search, compare and book cheap flight tickets from\u00a0Rotterdam to Amsterdam online now. Electric air taxi from Rotterdam to Amsterdam online booking. The Tiketi.com app helps you search, compare and book cheap flights from Rotterdam to Amsterdam \u00a0online. Drone air taxis in Rotterdam makes possible to travel [&hellip;]<\/p>\n","protected":false},"author":1,"featured_media":13939,"parent":0,"menu_order":0,"comment_status":"open","ping_status":"closed","template":"template-home-modern.php","meta":{"footnotes":""},"class_list":["post-10200","page","type-page","status-publish","has-post-thumbnail","hentry"],"yoast_head":"<!-- This site is optimized with the Yoast SEO plugin v27.3 - https:\/\/yoast.com\/product\/yoast-seo-wordpress\/ -->\n<title>Air Taxi from Antwerp to Amsterdam<\/title>\n<meta name=\"description\" content=\"Looking for cheap air taxi from Rotterdam to Amsterdam online booking app? Search &amp; book cheap flights from Rotterdam to Amsterdam now\" \/>\n<meta name=\"robots\" content=\"index, follow, max-snippet:-1, max-image-preview:large, max-video-preview:-1\" \/>\n<link rel=\"canonical\" href=\"https:\/\/tiketi.com\/fr-fr\/air-taxi-from-rotterdam-to-amsterdam\/\" \/>\n<meta property=\"og:locale\" content=\"fr_FR\" \/>\n<meta property=\"og:type\" content=\"article\" \/>\n<meta property=\"og:title\" content=\"Air Taxi from Antwerp to Amsterdam\" \/>\n<meta property=\"og:description\" content=\"Looking for cheap air taxi from Rotterdam to Amsterdam online booking app? Search &amp; book cheap flights from Rotterdam to Amsterdam now\" \/>\n<meta property=\"og:url\" content=\"https:\/\/tiketi.com\/fr-fr\/air-taxi-from-rotterdam-to-amsterdam\/\" \/>\n<meta property=\"og:site_name\" content=\"Tiketi.com\" \/>\n<meta property=\"article:publisher\" content=\"https:\/\/www.facebook.com\/TiketiCom\/\" \/>\n<meta property=\"article:modified_time\" content=\"2022-02-03T08:47:00+00:00\" \/>\n<meta property=\"og:image\" content=\"https:\/\/tiketi.com\/wp-content\/uploads\/2022\/01\/amsterdam-canal-5488271_128.jpg\" \/>\n\t<meta property=\"og:image:width\" content=\"1280\" \/>\n\t<meta property=\"og:image:height\" content=\"244\" \/>\n\t<meta property=\"og:image:type\" content=\"image\/jpeg\" \/>\n<meta name=\"twitter:card\" content=\"summary_large_image\" \/>\n<meta name=\"twitter:label1\" content=\"Dur\u00e9e de lecture estim\u00e9e\" \/>\n\t<meta name=\"twitter:data1\" content=\"2 minutes\" \/>\n<script type=\"application\/ld+json\" class=\"yoast-schema-graph\">{\"@context\":\"https:\\\/\\\/schema.org\",\"@graph\":[{\"@type\":\"WebPage\",\"@id\":\"https:\\\/\\\/tiketi.com\\\/air-taxi-from-rotterdam-to-amsterdam\\\/\",\"url\":\"https:\\\/\\\/tiketi.com\\\/air-taxi-from-rotterdam-to-amsterdam\\\/\",\"name\":\"Air Taxi from Antwerp to Amsterdam\",\"isPartOf\":{\"@id\":\"https:\\\/\\\/tiketi.com\\\/#website\"},\"primaryImageOfPage\":{\"@id\":\"https:\\\/\\\/tiketi.com\\\/air-taxi-from-rotterdam-to-amsterdam\\\/#primaryimage\"},\"image\":{\"@id\":\"https:\\\/\\\/tiketi.com\\\/air-taxi-from-rotterdam-to-amsterdam\\\/#primaryimage\"},\"thumbnailUrl\":\"https:\\\/\\\/tiketi.com\\\/wp-content\\\/uploads\\\/2022\\\/01\\\/amsterdam-canal-5488271_128.jpg\",\"datePublished\":\"2022-01-19T11:53:03+00:00\",\"dateModified\":\"2022-02-03T08:47:00+00:00\",\"description\":\"Looking for cheap air taxi from Rotterdam to Amsterdam online booking app? Search & book cheap flights from Rotterdam to Amsterdam now\",\"breadcrumb\":{\"@id\":\"https:\\\/\\\/tiketi.com\\\/air-taxi-from-rotterdam-to-amsterdam\\\/#breadcrumb\"},\"inLanguage\":\"fr-FR\",\"potentialAction\":[{\"@type\":\"ReadAction\",\"target\":[\"https:\\\/\\\/tiketi.com\\\/air-taxi-from-rotterdam-to-amsterdam\\\/\"]}]},{\"@type\":\"ImageObject\",\"inLanguage\":\"fr-FR\",\"@id\":\"https:\\\/\\\/tiketi.com\\\/air-taxi-from-rotterdam-to-amsterdam\\\/#primaryimage\",\"url\":\"https:\\\/\\\/tiketi.com\\\/wp-content\\\/uploads\\\/2022\\\/01\\\/amsterdam-canal-5488271_128.jpg\",\"contentUrl\":\"https:\\\/\\\/tiketi.com\\\/wp-content\\\/uploads\\\/2022\\\/01\\\/amsterdam-canal-5488271_128.jpg\",\"width\":1280,\"height\":244,\"caption\":\"Air Taxi in Amsterdam\"},{\"@type\":\"BreadcrumbList\",\"@id\":\"https:\\\/\\\/tiketi.com\\\/air-taxi-from-rotterdam-to-amsterdam\\\/#breadcrumb\",\"itemListElement\":[{\"@type\":\"ListItem\",\"position\":1,\"name\":\"Home\",\"item\":\"https:\\\/\\\/tiketi.com\\\/\"},{\"@type\":\"ListItem\",\"position\":2,\"name\":\"Air Taxi from Rotterdam to Amsterdam\"}]},{\"@type\":\"WebSite\",\"@id\":\"https:\\\/\\\/tiketi.com\\\/#website\",\"url\":\"https:\\\/\\\/tiketi.com\\\/\",\"name\":\"Flight & Bus Tickets, Tour Packages & Activitites - Tiketi.com\",\"description\":\"Flight &amp; Bus Tickets, Tours, Activitites\",\"publisher\":{\"@id\":\"https:\\\/\\\/tiketi.com\\\/#organization\"},\"potentialAction\":[{\"@type\":\"SearchAction\",\"target\":{\"@type\":\"EntryPoint\",\"urlTemplate\":\"https:\\\/\\\/tiketi.com\\\/?s={search_term_string}\"},\"query-input\":{\"@type\":\"PropertyValueSpecification\",\"valueRequired\":true,\"valueName\":\"search_term_string\"}}],\"inLanguage\":\"fr-FR\"},{\"@type\":\"Organization\",\"@id\":\"https:\\\/\\\/tiketi.com\\\/#organization\",\"name\":\"Tiketi.com\",\"alternateName\":\"Tiketi\",\"url\":\"https:\\\/\\\/tiketi.com\\\/\",\"logo\":{\"@type\":\"ImageObject\",\"inLanguage\":\"fr-FR\",\"@id\":\"https:\\\/\\\/tiketi.com\\\/#\\\/schema\\\/logo\\\/image\\\/\",\"url\":\"https:\\\/\\\/tiketi.com\\\/wp-content\\\/uploads\\\/2019\\\/05\\\/tiketi-logo-696.png\",\"contentUrl\":\"https:\\\/\\\/tiketi.com\\\/wp-content\\\/uploads\\\/2019\\\/05\\\/tiketi-logo-696.png\",\"width\":696,\"height\":696,\"caption\":\"Tiketi.com\"},\"image\":{\"@id\":\"https:\\\/\\\/tiketi.com\\\/#\\\/schema\\\/logo\\\/image\\\/\"},\"sameAs\":[\"https:\\\/\\\/www.facebook.com\\\/TiketiCom\\\/\"]}]}<\/script>\n<!-- \/ Yoast SEO plugin. -->","yoast_head_json":{"title":"Air Taxi from Antwerp to Amsterdam","description":"Looking for cheap air taxi from Rotterdam to Amsterdam online booking app? Search & book cheap flights from Rotterdam to Amsterdam now","robots":{"index":"index","follow":"follow","max-snippet":"max-snippet:-1","max-image-preview":"max-image-preview:large","max-video-preview":"max-video-preview:-1"},"canonical":"https:\/\/tiketi.com\/fr-fr\/air-taxi-from-rotterdam-to-amsterdam\/","og_locale":"fr_FR","og_type":"article","og_title":"Air Taxi from Antwerp to Amsterdam","og_description":"Looking for cheap air taxi from Rotterdam to Amsterdam online booking app? Search & book cheap flights from Rotterdam to Amsterdam now","og_url":"https:\/\/tiketi.com\/fr-fr\/air-taxi-from-rotterdam-to-amsterdam\/","og_site_name":"Tiketi.com","article_publisher":"https:\/\/www.facebook.com\/TiketiCom\/","article_modified_time":"2022-02-03T08:47:00+00:00","og_image":[{"width":1280,"height":244,"url":"https:\/\/tiketi.com\/wp-content\/uploads\/2022\/01\/amsterdam-canal-5488271_128.jpg","type":"image\/jpeg"}],"twitter_card":"summary_large_image","twitter_misc":{"Dur\u00e9e de lecture estim\u00e9e":"2 minutes"},"schema":{"@context":"https:\/\/schema.org","@graph":[{"@type":"WebPage","@id":"https:\/\/tiketi.com\/air-taxi-from-rotterdam-to-amsterdam\/","url":"https:\/\/tiketi.com\/air-taxi-from-rotterdam-to-amsterdam\/","name":"Air Taxi from Antwerp to Amsterdam","isPartOf":{"@id":"https:\/\/tiketi.com\/#website"},"primaryImageOfPage":{"@id":"https:\/\/tiketi.com\/air-taxi-from-rotterdam-to-amsterdam\/#primaryimage"},"image":{"@id":"https:\/\/tiketi.com\/air-taxi-from-rotterdam-to-amsterdam\/#primaryimage"},"thumbnailUrl":"https:\/\/tiketi.com\/wp-content\/uploads\/2022\/01\/amsterdam-canal-5488271_128.jpg","datePublished":"2022-01-19T11:53:03+00:00","dateModified":"2022-02-03T08:47:00+00:00","description":"Looking for cheap air taxi from Rotterdam to Amsterdam online booking app? Search & book cheap flights from Rotterdam to Amsterdam now","breadcrumb":{"@id":"https:\/\/tiketi.com\/air-taxi-from-rotterdam-to-amsterdam\/#breadcrumb"},"inLanguage":"fr-FR","potentialAction":[{"@type":"ReadAction","target":["https:\/\/tiketi.com\/air-taxi-from-rotterdam-to-amsterdam\/"]}]},{"@type":"ImageObject","inLanguage":"fr-FR","@id":"https:\/\/tiketi.com\/air-taxi-from-rotterdam-to-amsterdam\/#primaryimage","url":"https:\/\/tiketi.com\/wp-content\/uploads\/2022\/01\/amsterdam-canal-5488271_128.jpg","contentUrl":"https:\/\/tiketi.com\/wp-content\/uploads\/2022\/01\/amsterdam-canal-5488271_128.jpg","width":1280,"height":244,"caption":"Air Taxi in Amsterdam"},{"@type":"BreadcrumbList","@id":"https:\/\/tiketi.com\/air-taxi-from-rotterdam-to-amsterdam\/#breadcrumb","itemListElement":[{"@type":"ListItem","position":1,"name":"Home","item":"https:\/\/tiketi.com\/"},{"@type":"ListItem","position":2,"name":"Air Taxi from Rotterdam to Amsterdam"}]},{"@type":"WebSite","@id":"https:\/\/tiketi.com\/#website","url":"https:\/\/tiketi.com\/","name":"Billets d&#039;avion et de bus, forfaits touristiques et activit\u00e9s - Tiketi.com","description":"Billets d&#039;avion et de bus, Tours, Activit\u00e9s","publisher":{"@id":"https:\/\/tiketi.com\/#organization"},"potentialAction":[{"@type":"SearchAction","target":{"@type":"EntryPoint","urlTemplate":"https:\/\/tiketi.com\/?s={search_term_string}"},"query-input":{"@type":"PropertyValueSpecification","valueRequired":true,"valueName":"search_term_string"}}],"inLanguage":"fr-FR"},{"@type":"Organization","@id":"https:\/\/tiketi.com\/#organization","name":"Tiketi.com","alternateName":"Tiketi","url":"https:\/\/tiketi.com\/","logo":{"@type":"ImageObject","inLanguage":"fr-FR","@id":"https:\/\/tiketi.com\/#\/schema\/logo\/image\/","url":"https:\/\/tiketi.com\/wp-content\/uploads\/2019\/05\/tiketi-logo-696.png","contentUrl":"https:\/\/tiketi.com\/wp-content\/uploads\/2019\/05\/tiketi-logo-696.png","width":696,"height":696,"caption":"Tiketi.com"},"image":{"@id":"https:\/\/tiketi.com\/#\/schema\/logo\/image\/"},"sameAs":["https:\/\/www.facebook.com\/TiketiCom\/"]}]}},"_links":{"self":[{"href":"https:\/\/tiketi.com\/fr-fr\/wp-json\/wp\/v2\/pages\/10200","targetHints":{"allow":["GET"]}}],"collection":[{"href":"https:\/\/tiketi.com\/fr-fr\/wp-json\/wp\/v2\/pages"}],"about":[{"href":"https:\/\/tiketi.com\/fr-fr\/wp-json\/wp\/v2\/types\/page"}],"author":[{"embeddable":true,"href":"https:\/\/tiketi.com\/fr-fr\/wp-json\/wp\/v2\/users\/1"}],"replies":[{"embeddable":true,"href":"https:\/\/tiketi.com\/fr-fr\/wp-json\/wp\/v2\/comments?post=10200"}],"version-history":[{"count":0,"href":"https:\/\/tiketi.com\/fr-fr\/wp-json\/wp\/v2\/pages\/10200\/revisions"}],"wp:featuredmedia":[{"embeddable":true,"href":"https:\/\/tiketi.com\/fr-fr\/wp-json\/wp\/v2\/media\/13939"}],"wp:attachment":[{"href":"https:\/\/tiketi.com\/fr-fr\/wp-json\/wp\/v2\/media?parent=10200"}],"curies":[{"name":"wp","href":"https:\/\/api.w.org\/{rel}","templated":true}]}}