{"id":10201,"date":"2022-01-19T12:53:03","date_gmt":"2022-01-19T11:53:03","guid":{"rendered":"https:\/\/new.tiketi.com\/air-taxi-from-amsterdam-to-rotterdam\/"},"modified":"2022-01-19T17:04:39","modified_gmt":"2022-01-19T16:04:39","slug":"air-taxi-from-amsterdam-to-rotterdam","status":"publish","type":"page","link":"https:\/\/tiketi.com\/fr-fr\/air-taxi-from-amsterdam-to-rotterdam\/","title":{"rendered":"Taxi a\u00e9rien de Rotterdam \u00e0 Amsterdam"},"content":{"rendered":"<h2>Vous cherchez des vols \u00e0 bas prix de Rotterdam \u00e0 Amsterdam ?<\/h2>\n<h3>&gt;&gt; Recherchez, comparez et r\u00e9servez en ligne maintenant des billets d&#039;avion \u00e0 bas prix de Rotterdam \u00e0 Amsterdam.<\/h3>\n<p>La r\u00e9servation en ligne d&#039;un taxi a\u00e9rien \u00e9lectrique de Rotterdam \u00e0 Amsterdam sera bient\u00f4t possible. L&#039;application Tiketi.com vous permet de rechercher, comparer et r\u00e9server en ligne des vols pas chers de Rotterdam \u00e0 Amsterdam. L&#039;un des lieux de voyage les plus c\u00e9l\u00e8bres d&#039;Amsterdam, Amsterdam est une ville charmante, compacte et cosmopolite qui invite \u00e0 l&#039;exploration. Appel\u00e9e la Venise du Nord \u00ab pour ses plus de cent canaux, la capitale des Pays-Bas propose des aventures touristiques faciles \u00e0 v\u00e9lo, \u00e0 pied et en bateau. L&#039;architecture bien connue et attrayante d&#039;Amsterdam du dix-septi\u00e8me si\u00e8cle offre une toile de fond pittoresque mais congrue pour une ville populaire pour ses nouvelles attitudes progressistes. Du mus\u00e9e des beaux-arts de la ville \u00e0 ses march\u00e9s aux fleurs color\u00e9s, des caf\u00e9s \u00e0 la vente de cannabis au quartier rouge. Alors trouvez et comparez les vols de Rotterdam \u00e0 Amsterdam et r\u00e9servez en ligne d\u00e8s maintenant des offres exceptionnelles sur des taxis a\u00e9riens \u00e0 bas prix de Rotterdam \u00e0 Amsterdam.<\/p>\n<h2>FAQ sur la r\u00e9servation en ligne d&#039;un taxi a\u00e9rien pas cher de Rotterdam \u00e0 Amsterdam<\/h2>\n<h3>Quelle est la distance entre Rotterdam et Amsterdam ?<\/h3>\n<p>La distance des vols de Rotterdam \u00e0 Amsterdam est de 36 miles \/ 57 km.<\/p>\n<h3>Que sont les taxis volants \u00e9lectriques eVLTO de Rotterdam \u00e0 Amsterdam ?<\/h3>\n<p><!--{cke_protected}{C}%3C!%2D%2D%20%2Fwp%3Aheading%20%2D%2D%3E--><!--{cke_protected}{C}%3C!%2D%2D%20wp%3Aparagraph%20%2D%2D%3E-->Les taxis volants de Rotterdam \u00e0 Amsterdam, appel\u00e9s eVTOL (d\u00e9collage et atterrissage verticaux \u00e9lectriques), sont con\u00e7us pour transporter des personnes dans l&#039;atmosph\u00e8re urbaine et citadine.<\/p>\n<h3>Les taxis a\u00e9riens \u00e9lectriques de Rotterdam \u00e0 Amsterdam sont des transports publics \u00e0 grande vitesse<\/h3>\n<p><!--{cke_protected}{C}%3C!%2D%2D%20%2Fwp%3Aheading%20%2D%2D%3E--><!--{cke_protected}{C}%3C!%2D%2D%20wp%3Aparagraph%20%2D%2D%3E-->Le meilleur avantage des taxis a\u00e9riens de Rotterdam \u00e0 Amsterdam est sa grande vitesse. C&#039;est le mode de transport le plus rapide et donc le moyen le plus parfait o\u00f9 le temps est un facteur vital.<\/p>\n<h3>Le taxi volant \u00e9lectrique de Rotterdam \u00e0 Amsterdam a de tr\u00e8s faibles \u00e9missions de carbone<\/h3>\n<p>Les taxis drones de Rotterdam \u00e0 Amsterdam utilisent l&#039;\u00e9lectricit\u00e9 pour alimenter leurs v\u00e9hicules. Ainsi, les taxis drones n&#039;\u00e9mettront pas de gaz \u00e0 effet de serre. Par cons\u00e9quent, ces taxis peuvent contribuer \u00e0 r\u00e9duire l&#039;impact du changement climatique. Alors r\u00e9servez votre taxi avec l&#039;aide d&#039;un taxi drone de Rotterdam \u00e0 Amsterdam maintenant.<\/p>\n<h3>Vols bon march\u00e9 de Rotterdam \u00e0 Amsterdam<\/h3>\n<p>Les taxis a\u00e9riens de Rotterdam \u00e0 Amsterdam offrent le plus grand nombre de vols sans escale entre Rotterdam et Amsterdam.<\/p>","protected":false},"excerpt":{"rendered":"<p>Looking for cheap flights from Rotterdam to Amsterdam? &gt;&gt; Search, compare and book cheap flight tickets from\u00a0Rotterdam to Amsterdam online now. Electric air taxi from Rotterdam to Amsterdam online booking will be possible soon. The Tiketi.com app helps you search, compare and book cheap flights from Rotterdam to Amsterdam online. One of the most famous [&hellip;]<\/p>\n","protected":false},"author":1,"featured_media":13939,"parent":0,"menu_order":0,"comment_status":"open","ping_status":"closed","template":"template-home-modern.php","meta":{"footnotes":""},"class_list":["post-10201","page","type-page","status-publish","has-post-thumbnail","hentry"],"yoast_head":"<!-- This site is optimized with the Yoast SEO plugin v27.3 - https:\/\/yoast.com\/product\/yoast-seo-wordpress\/ -->\n<title>Air Taxi from Amsterdam to Rotterdam<\/title>\n<meta name=\"description\" content=\"Looking for cheap air taxi from Rotterdam to Amsterdam online booking? Our app helps compare &amp; book cheap flights from Amsterdam to Rotterdam\" \/>\n<meta name=\"robots\" content=\"index, follow, max-snippet:-1, max-image-preview:large, max-video-preview:-1\" \/>\n<link rel=\"canonical\" href=\"https:\/\/tiketi.com\/fr-fr\/air-taxi-from-amsterdam-to-rotterdam\/\" \/>\n<meta property=\"og:locale\" content=\"fr_FR\" \/>\n<meta property=\"og:type\" content=\"article\" \/>\n<meta property=\"og:title\" content=\"Air Taxi from Amsterdam to Rotterdam\" \/>\n<meta property=\"og:description\" content=\"Looking for cheap air taxi from Rotterdam to Amsterdam online booking? Our app helps compare &amp; book cheap flights from Amsterdam to Rotterdam\" \/>\n<meta property=\"og:url\" content=\"https:\/\/tiketi.com\/fr-fr\/air-taxi-from-amsterdam-to-rotterdam\/\" \/>\n<meta property=\"og:site_name\" content=\"Tiketi.com\" \/>\n<meta property=\"article:publisher\" content=\"https:\/\/www.facebook.com\/TiketiCom\/\" \/>\n<meta property=\"article:modified_time\" content=\"2022-01-19T16:04:39+00:00\" \/>\n<meta property=\"og:image\" content=\"https:\/\/tiketi.com\/wp-content\/uploads\/2022\/01\/amsterdam-canal-5488271_128.jpg\" \/>\n\t<meta property=\"og:image:width\" content=\"1280\" \/>\n\t<meta property=\"og:image:height\" content=\"244\" \/>\n\t<meta property=\"og:image:type\" content=\"image\/jpeg\" \/>\n<meta name=\"twitter:card\" content=\"summary_large_image\" \/>\n<meta name=\"twitter:label1\" content=\"Dur\u00e9e de lecture estim\u00e9e\" \/>\n\t<meta name=\"twitter:data1\" content=\"2 minutes\" \/>\n<script type=\"application\/ld+json\" class=\"yoast-schema-graph\">{\"@context\":\"https:\\\/\\\/schema.org\",\"@graph\":[{\"@type\":\"WebPage\",\"@id\":\"https:\\\/\\\/tiketi.com\\\/air-taxi-from-amsterdam-to-rotterdam\\\/\",\"url\":\"https:\\\/\\\/tiketi.com\\\/air-taxi-from-amsterdam-to-rotterdam\\\/\",\"name\":\"Air Taxi from Amsterdam to Rotterdam\",\"isPartOf\":{\"@id\":\"https:\\\/\\\/tiketi.com\\\/#website\"},\"primaryImageOfPage\":{\"@id\":\"https:\\\/\\\/tiketi.com\\\/air-taxi-from-amsterdam-to-rotterdam\\\/#primaryimage\"},\"image\":{\"@id\":\"https:\\\/\\\/tiketi.com\\\/air-taxi-from-amsterdam-to-rotterdam\\\/#primaryimage\"},\"thumbnailUrl\":\"https:\\\/\\\/tiketi.com\\\/wp-content\\\/uploads\\\/2022\\\/01\\\/amsterdam-canal-5488271_128.jpg\",\"datePublished\":\"2022-01-19T11:53:03+00:00\",\"dateModified\":\"2022-01-19T16:04:39+00:00\",\"description\":\"Looking for cheap air taxi from Rotterdam to Amsterdam online booking? Our app helps compare & book cheap flights from Amsterdam to Rotterdam\",\"breadcrumb\":{\"@id\":\"https:\\\/\\\/tiketi.com\\\/air-taxi-from-amsterdam-to-rotterdam\\\/#breadcrumb\"},\"inLanguage\":\"fr-FR\",\"potentialAction\":[{\"@type\":\"ReadAction\",\"target\":[\"https:\\\/\\\/tiketi.com\\\/air-taxi-from-amsterdam-to-rotterdam\\\/\"]}]},{\"@type\":\"ImageObject\",\"inLanguage\":\"fr-FR\",\"@id\":\"https:\\\/\\\/tiketi.com\\\/air-taxi-from-amsterdam-to-rotterdam\\\/#primaryimage\",\"url\":\"https:\\\/\\\/tiketi.com\\\/wp-content\\\/uploads\\\/2022\\\/01\\\/amsterdam-canal-5488271_128.jpg\",\"contentUrl\":\"https:\\\/\\\/tiketi.com\\\/wp-content\\\/uploads\\\/2022\\\/01\\\/amsterdam-canal-5488271_128.jpg\",\"width\":1280,\"height\":244,\"caption\":\"Air Taxi in Amsterdam\"},{\"@type\":\"BreadcrumbList\",\"@id\":\"https:\\\/\\\/tiketi.com\\\/air-taxi-from-amsterdam-to-rotterdam\\\/#breadcrumb\",\"itemListElement\":[{\"@type\":\"ListItem\",\"position\":1,\"name\":\"Home\",\"item\":\"https:\\\/\\\/tiketi.com\\\/\"},{\"@type\":\"ListItem\",\"position\":2,\"name\":\"Air Taxi from Rotterdam to Amsterdam\"}]},{\"@type\":\"WebSite\",\"@id\":\"https:\\\/\\\/tiketi.com\\\/#website\",\"url\":\"https:\\\/\\\/tiketi.com\\\/\",\"name\":\"Flight & Bus Tickets, Tour Packages & Activitites - Tiketi.com\",\"description\":\"Flight &amp; Bus Tickets, Tours, Activitites\",\"publisher\":{\"@id\":\"https:\\\/\\\/tiketi.com\\\/#organization\"},\"potentialAction\":[{\"@type\":\"SearchAction\",\"target\":{\"@type\":\"EntryPoint\",\"urlTemplate\":\"https:\\\/\\\/tiketi.com\\\/?s={search_term_string}\"},\"query-input\":{\"@type\":\"PropertyValueSpecification\",\"valueRequired\":true,\"valueName\":\"search_term_string\"}}],\"inLanguage\":\"fr-FR\"},{\"@type\":\"Organization\",\"@id\":\"https:\\\/\\\/tiketi.com\\\/#organization\",\"name\":\"Tiketi.com\",\"alternateName\":\"Tiketi\",\"url\":\"https:\\\/\\\/tiketi.com\\\/\",\"logo\":{\"@type\":\"ImageObject\",\"inLanguage\":\"fr-FR\",\"@id\":\"https:\\\/\\\/tiketi.com\\\/#\\\/schema\\\/logo\\\/image\\\/\",\"url\":\"https:\\\/\\\/tiketi.com\\\/wp-content\\\/uploads\\\/2019\\\/05\\\/tiketi-logo-696.png\",\"contentUrl\":\"https:\\\/\\\/tiketi.com\\\/wp-content\\\/uploads\\\/2019\\\/05\\\/tiketi-logo-696.png\",\"width\":696,\"height\":696,\"caption\":\"Tiketi.com\"},\"image\":{\"@id\":\"https:\\\/\\\/tiketi.com\\\/#\\\/schema\\\/logo\\\/image\\\/\"},\"sameAs\":[\"https:\\\/\\\/www.facebook.com\\\/TiketiCom\\\/\"]}]}<\/script>\n<!-- \/ Yoast SEO plugin. -->","yoast_head_json":{"title":"Taxi a\u00e9rien d&#039;Amsterdam \u00e0 Rotterdam","description":"Vous recherchez une r\u00e9servation en ligne de taxi a\u00e9rien pas cher de Rotterdam \u00e0 Amsterdam? Notre application vous permet de comparer et de r\u00e9server des vols pas chers de Amsterdam \u00e0 Rotterdam","robots":{"index":"index","follow":"follow","max-snippet":"max-snippet:-1","max-image-preview":"max-image-preview:large","max-video-preview":"max-video-preview:-1"},"canonical":"https:\/\/tiketi.com\/fr-fr\/air-taxi-from-amsterdam-to-rotterdam\/","og_locale":"fr_FR","og_type":"article","og_title":"Air Taxi from Amsterdam to Rotterdam","og_description":"Looking for cheap air taxi from Rotterdam to Amsterdam online booking? Our app helps compare & book cheap flights from Amsterdam to Rotterdam","og_url":"https:\/\/tiketi.com\/fr-fr\/air-taxi-from-amsterdam-to-rotterdam\/","og_site_name":"Tiketi.com","article_publisher":"https:\/\/www.facebook.com\/TiketiCom\/","article_modified_time":"2022-01-19T16:04:39+00:00","og_image":[{"width":1280,"height":244,"url":"https:\/\/tiketi.com\/wp-content\/uploads\/2022\/01\/amsterdam-canal-5488271_128.jpg","type":"image\/jpeg"}],"twitter_card":"summary_large_image","twitter_misc":{"Dur\u00e9e de lecture estim\u00e9e":"2 minutes"},"schema":{"@context":"https:\/\/schema.org","@graph":[{"@type":"WebPage","@id":"https:\/\/tiketi.com\/air-taxi-from-amsterdam-to-rotterdam\/","url":"https:\/\/tiketi.com\/air-taxi-from-amsterdam-to-rotterdam\/","name":"Taxi a\u00e9rien d&#039;Amsterdam \u00e0 Rotterdam","isPartOf":{"@id":"https:\/\/tiketi.com\/#website"},"primaryImageOfPage":{"@id":"https:\/\/tiketi.com\/air-taxi-from-amsterdam-to-rotterdam\/#primaryimage"},"image":{"@id":"https:\/\/tiketi.com\/air-taxi-from-amsterdam-to-rotterdam\/#primaryimage"},"thumbnailUrl":"https:\/\/tiketi.com\/wp-content\/uploads\/2022\/01\/amsterdam-canal-5488271_128.jpg","datePublished":"2022-01-19T11:53:03+00:00","dateModified":"2022-01-19T16:04:39+00:00","description":"Vous recherchez une r\u00e9servation en ligne de taxi a\u00e9rien pas cher de Rotterdam \u00e0 Amsterdam? Notre application vous permet de comparer et de r\u00e9server des vols pas chers de Amsterdam \u00e0 Rotterdam","breadcrumb":{"@id":"https:\/\/tiketi.com\/air-taxi-from-amsterdam-to-rotterdam\/#breadcrumb"},"inLanguage":"fr-FR","potentialAction":[{"@type":"ReadAction","target":["https:\/\/tiketi.com\/air-taxi-from-amsterdam-to-rotterdam\/"]}]},{"@type":"ImageObject","inLanguage":"fr-FR","@id":"https:\/\/tiketi.com\/air-taxi-from-amsterdam-to-rotterdam\/#primaryimage","url":"https:\/\/tiketi.com\/wp-content\/uploads\/2022\/01\/amsterdam-canal-5488271_128.jpg","contentUrl":"https:\/\/tiketi.com\/wp-content\/uploads\/2022\/01\/amsterdam-canal-5488271_128.jpg","width":1280,"height":244,"caption":"Air Taxi in Amsterdam"},{"@type":"BreadcrumbList","@id":"https:\/\/tiketi.com\/air-taxi-from-amsterdam-to-rotterdam\/#breadcrumb","itemListElement":[{"@type":"ListItem","position":1,"name":"Home","item":"https:\/\/tiketi.com\/"},{"@type":"ListItem","position":2,"name":"Air Taxi from Rotterdam to Amsterdam"}]},{"@type":"WebSite","@id":"https:\/\/tiketi.com\/#website","url":"https:\/\/tiketi.com\/","name":"Billets d&#039;avion et de bus, forfaits touristiques et activit\u00e9s - Tiketi.com","description":"Billets d&#039;avion et de bus, Tours, Activit\u00e9s","publisher":{"@id":"https:\/\/tiketi.com\/#organization"},"potentialAction":[{"@type":"SearchAction","target":{"@type":"EntryPoint","urlTemplate":"https:\/\/tiketi.com\/?s={search_term_string}"},"query-input":{"@type":"PropertyValueSpecification","valueRequired":true,"valueName":"search_term_string"}}],"inLanguage":"fr-FR"},{"@type":"Organization","@id":"https:\/\/tiketi.com\/#organization","name":"Tiketi.com","alternateName":"Tiketi","url":"https:\/\/tiketi.com\/","logo":{"@type":"ImageObject","inLanguage":"fr-FR","@id":"https:\/\/tiketi.com\/#\/schema\/logo\/image\/","url":"https:\/\/tiketi.com\/wp-content\/uploads\/2019\/05\/tiketi-logo-696.png","contentUrl":"https:\/\/tiketi.com\/wp-content\/uploads\/2019\/05\/tiketi-logo-696.png","width":696,"height":696,"caption":"Tiketi.com"},"image":{"@id":"https:\/\/tiketi.com\/#\/schema\/logo\/image\/"},"sameAs":["https:\/\/www.facebook.com\/TiketiCom\/"]}]}},"_links":{"self":[{"href":"https:\/\/tiketi.com\/fr-fr\/wp-json\/wp\/v2\/pages\/10201","targetHints":{"allow":["GET"]}}],"collection":[{"href":"https:\/\/tiketi.com\/fr-fr\/wp-json\/wp\/v2\/pages"}],"about":[{"href":"https:\/\/tiketi.com\/fr-fr\/wp-json\/wp\/v2\/types\/page"}],"author":[{"embeddable":true,"href":"https:\/\/tiketi.com\/fr-fr\/wp-json\/wp\/v2\/users\/1"}],"replies":[{"embeddable":true,"href":"https:\/\/tiketi.com\/fr-fr\/wp-json\/wp\/v2\/comments?post=10201"}],"version-history":[{"count":0,"href":"https:\/\/tiketi.com\/fr-fr\/wp-json\/wp\/v2\/pages\/10201\/revisions"}],"wp:featuredmedia":[{"embeddable":true,"href":"https:\/\/tiketi.com\/fr-fr\/wp-json\/wp\/v2\/media\/13939"}],"wp:attachment":[{"href":"https:\/\/tiketi.com\/fr-fr\/wp-json\/wp\/v2\/media?parent=10201"}],"curies":[{"name":"wp","href":"https:\/\/api.w.org\/{rel}","templated":true}]}}