{"id":10204,"date":"2022-01-19T12:53:03","date_gmt":"2022-01-19T11:53:03","guid":{"rendered":"https:\/\/new.tiketi.com\/air-taxi-from-amsterdam-to-brussels\/"},"modified":"2022-02-03T09:44:28","modified_gmt":"2022-02-03T08:44:28","slug":"air-taxi-from-amsterdam-to-brussels","status":"publish","type":"page","link":"https:\/\/tiketi.com\/fr-fr\/taxi-aerien-de-amsterdam-a-bruxelles\/","title":{"rendered":"Taxi a\u00e9rien d&#039;Amsterdam \u00e0 Bruxelles"},"content":{"rendered":"<h2>Vous cherchez des vols \u00e0 bas prix d&#039;Amsterdam vers Bruxelles ?<\/h2>\n<h3>&gt;&gt; Recherchez, comparez et r\u00e9servez en ligne maintenant des billets d&#039;avion \u00e0 bas prix de Amsterdam \u00e0 Bruxelles.<\/h3>\n<p>Taxi a\u00e9rien \u00e9lectrique d&#039;Amsterdam \u00e0 Bruxelles r\u00e9servation en ligne. L&#039;application Tiketi.com vous permet de rechercher, comparer et r\u00e9server en ligne des vols pas chers d&#039;Amsterdam \u00e0 Bruxelles. Les taxis a\u00e9riens \u00e0 Amsterdam permettent de voyager pas cher et rapidement \u00e0 Bruxelles et ses environs. Bien s\u00fbr, les visiteurs de Bruxelles, la capitale belge, ne manqueront pas de choses \u00e0 voir et \u00e0 faire. La ville est un v\u00e9ritable assortiment de sons et d&#039;images. Il a de douces \u00e9glises gothiques ainsi qu&#039;une gamme d&#039;autres b\u00e2timents m\u00e9di\u00e9vaux. Les attractions touristiques historiques de Bruxelles se marient bien avec ses attractions du XXIe si\u00e8cle. Il y a de nombreuses belles galeries et mus\u00e9es, des statues historiques et de magnifiques parcs verdoyants. Les visiteurs peuvent faire du shopping jusqu&#039;\u00e0 \u00e9puisement dans une arcade couverte du XIXe si\u00e8cle. Et enfin, les gourmets appr\u00e9cieront de go\u00fbter aux d\u00e9lices de la ville, y compris les chocolats populaires de Belgique. Alors trouvez et comparez les vols de Amsterdam \u00e0 Bruxelles et r\u00e9servez en ligne d\u00e8s maintenant des offres exceptionnelles sur des taxis a\u00e9riens pas chers de Amsterdam \u00e0 Bruxelles.<\/p>\n<h2>FAQ sur la r\u00e9servation en ligne d&#039;un taxi a\u00e9rien pas cher d&#039;Amsterdam \u00e0 Bruxelles<\/h2>\n<h3>Quelle est la distance entre Amsterdam et Bruxelles ?<\/h3>\n<p>La distance des vols d&#039;Amsterdam \u00e0 Bruxelles est de 108 miles \/ 173 km.<\/p>\n<h3>Quelle est la dur\u00e9e des vols d&#039;Amsterdam \u00e0 Bruxelles ?<\/h3>\n<p>La dur\u00e9e moyenne d&#039;un vol Amsterdam Bruxelles est de minutes.<\/p>\n<h3>Que sont les taxis volants \u00e9lectriques eVLTO d&#039;Amsterdam \u00e0 Bruxelles ?<\/h3>\n<p>Les taxis volants d&#039;Amsterdam \u00e0 Bruxelles, appel\u00e9s eVTOL (d\u00e9collage et atterrissage verticaux \u00e9lectriques), sont con\u00e7us pour transporter des personnes dans l&#039;atmosph\u00e8re urbaine et citadine.<\/p>\n<h3>Les taxis a\u00e9riens \u00e9lectriques d&#039;Amsterdam \u00e0 Bruxelles sont des transports publics \u00e0 grande vitesse<\/h3>\n<p>Le meilleur avantage des taxis a\u00e9riens d&#039;Amsterdam \u00e0 Bruxelles est sa grande vitesse. C&#039;est le mode de transport le plus rapide et donc le moyen le plus parfait o\u00f9 le temps est un facteur vital.<\/p>\n<h3>Le taxi volant \u00e9lectrique d&#039;Amsterdam \u00e0 Bruxelles a de tr\u00e8s faibles \u00e9missions de carbone<\/h3>\n<p>Drone taxi d&#039;Amsterdam \u00e0 Bruxelles Les producteurs utilisent l&#039;\u00e9lectricit\u00e9 pour alimenter leurs v\u00e9hicules. Ainsi, les taxis drones n&#039;\u00e9mettront pas de gaz \u00e0 effet de serre. Par cons\u00e9quent, ces taxis peuvent contribuer \u00e0 r\u00e9duire l&#039;impact du changement climatique. Alors r\u00e9servez votre taxi avec l&#039;aide d&#039;un taxi drone d&#039;Amsterdam \u00e0 Bruxelles d\u00e8s maintenant.<\/p>\n<h2>Vols bon march\u00e9 de Amsterdam \u00e0 Bruxelles<\/h2>\n<p>Les vols pas chers de Amsterdam \u00e0 Bruxelles offrent le plus de vols sans escale entre Amsterdam et Bruxelles.<\/p>","protected":false},"excerpt":{"rendered":"<p>Looking for cheap flights from Amsterdam to Brussels? &gt;&gt; Search, compare and book cheap flight tickets from\u00a0Amsterdam to Brussels online now. Electric air taxi from Amsterdam to Brussels online booking. The Tiketi.com app helps you search, compare and book cheap flights from Amsterdam to Brussels online. Air taxis in Amsterdam makes possible to travel cheap [&hellip;]<\/p>\n","protected":false},"author":1,"featured_media":14779,"parent":0,"menu_order":0,"comment_status":"open","ping_status":"closed","template":"template-home-modern.php","meta":{"footnotes":""},"class_list":["post-10204","page","type-page","status-publish","has-post-thumbnail","hentry"],"yoast_head":"<!-- This site is optimized with the Yoast SEO plugin v27.3 - https:\/\/yoast.com\/product\/yoast-seo-wordpress\/ -->\n<title>Air Taxi from Amsterdam to Brussels<\/title>\n<meta name=\"description\" content=\"Looking for cheap air taxi from Amsterdam to Brussels online booking? Our app helps you search &amp; book cheap flights from Amsterdam to Brussels\" \/>\n<meta name=\"robots\" content=\"index, follow, max-snippet:-1, max-image-preview:large, max-video-preview:-1\" \/>\n<link rel=\"canonical\" href=\"https:\/\/tiketi.com\/fr-fr\/taxi-aerien-de-amsterdam-a-bruxelles\/\" \/>\n<meta property=\"og:locale\" content=\"fr_FR\" \/>\n<meta property=\"og:type\" content=\"article\" \/>\n<meta property=\"og:title\" content=\"Air Taxi from Amsterdam to Brussels\" \/>\n<meta property=\"og:description\" content=\"Looking for cheap air taxi from Amsterdam to Brussels online booking? Our app helps you search &amp; book cheap flights from Amsterdam to Brussels\" \/>\n<meta property=\"og:url\" content=\"https:\/\/tiketi.com\/fr-fr\/taxi-aerien-de-amsterdam-a-bruxelles\/\" \/>\n<meta property=\"og:site_name\" content=\"Tiketi.com\" \/>\n<meta property=\"article:publisher\" content=\"https:\/\/www.facebook.com\/TiketiCom\/\" \/>\n<meta property=\"article:modified_time\" content=\"2022-02-03T08:44:28+00:00\" \/>\n<meta property=\"og:image\" content=\"https:\/\/tiketi.com\/wp-content\/uploads\/2022\/01\/brussels-3626586_1280.jpg\" \/>\n\t<meta property=\"og:image:width\" content=\"1200\" \/>\n\t<meta property=\"og:image:height\" content=\"205\" \/>\n\t<meta property=\"og:image:type\" content=\"image\/jpeg\" \/>\n<meta name=\"twitter:card\" content=\"summary_large_image\" \/>\n<meta name=\"twitter:label1\" content=\"Dur\u00e9e de lecture estim\u00e9e\" \/>\n\t<meta name=\"twitter:data1\" content=\"2 minutes\" \/>\n<script type=\"application\/ld+json\" class=\"yoast-schema-graph\">{\"@context\":\"https:\\\/\\\/schema.org\",\"@graph\":[{\"@type\":\"WebPage\",\"@id\":\"https:\\\/\\\/tiketi.com\\\/air-taxi-from-amsterdam-to-brussels\\\/\",\"url\":\"https:\\\/\\\/tiketi.com\\\/air-taxi-from-amsterdam-to-brussels\\\/\",\"name\":\"Air Taxi from Amsterdam to Brussels\",\"isPartOf\":{\"@id\":\"https:\\\/\\\/tiketi.com\\\/#website\"},\"primaryImageOfPage\":{\"@id\":\"https:\\\/\\\/tiketi.com\\\/air-taxi-from-amsterdam-to-brussels\\\/#primaryimage\"},\"image\":{\"@id\":\"https:\\\/\\\/tiketi.com\\\/air-taxi-from-amsterdam-to-brussels\\\/#primaryimage\"},\"thumbnailUrl\":\"https:\\\/\\\/tiketi.com\\\/wp-content\\\/uploads\\\/2022\\\/01\\\/brussels-3626586_1280.jpg\",\"datePublished\":\"2022-01-19T11:53:03+00:00\",\"dateModified\":\"2022-02-03T08:44:28+00:00\",\"description\":\"Looking for cheap air taxi from Amsterdam to Brussels online booking? Our app helps you search & book cheap flights from Amsterdam to Brussels\",\"breadcrumb\":{\"@id\":\"https:\\\/\\\/tiketi.com\\\/air-taxi-from-amsterdam-to-brussels\\\/#breadcrumb\"},\"inLanguage\":\"fr-FR\",\"potentialAction\":[{\"@type\":\"ReadAction\",\"target\":[\"https:\\\/\\\/tiketi.com\\\/air-taxi-from-amsterdam-to-brussels\\\/\"]}]},{\"@type\":\"ImageObject\",\"inLanguage\":\"fr-FR\",\"@id\":\"https:\\\/\\\/tiketi.com\\\/air-taxi-from-amsterdam-to-brussels\\\/#primaryimage\",\"url\":\"https:\\\/\\\/tiketi.com\\\/wp-content\\\/uploads\\\/2022\\\/01\\\/brussels-3626586_1280.jpg\",\"contentUrl\":\"https:\\\/\\\/tiketi.com\\\/wp-content\\\/uploads\\\/2022\\\/01\\\/brussels-3626586_1280.jpg\",\"width\":1200,\"height\":205,\"caption\":\"Brussels Air Taxi\"},{\"@type\":\"BreadcrumbList\",\"@id\":\"https:\\\/\\\/tiketi.com\\\/air-taxi-from-amsterdam-to-brussels\\\/#breadcrumb\",\"itemListElement\":[{\"@type\":\"ListItem\",\"position\":1,\"name\":\"Home\",\"item\":\"https:\\\/\\\/tiketi.com\\\/\"},{\"@type\":\"ListItem\",\"position\":2,\"name\":\"Air Taxi from Amsterdam to Brussels\"}]},{\"@type\":\"WebSite\",\"@id\":\"https:\\\/\\\/tiketi.com\\\/#website\",\"url\":\"https:\\\/\\\/tiketi.com\\\/\",\"name\":\"Flight & Bus Tickets, Tour Packages & Activitites - Tiketi.com\",\"description\":\"Flight &amp; Bus Tickets, Tours, Activitites\",\"publisher\":{\"@id\":\"https:\\\/\\\/tiketi.com\\\/#organization\"},\"potentialAction\":[{\"@type\":\"SearchAction\",\"target\":{\"@type\":\"EntryPoint\",\"urlTemplate\":\"https:\\\/\\\/tiketi.com\\\/?s={search_term_string}\"},\"query-input\":{\"@type\":\"PropertyValueSpecification\",\"valueRequired\":true,\"valueName\":\"search_term_string\"}}],\"inLanguage\":\"fr-FR\"},{\"@type\":\"Organization\",\"@id\":\"https:\\\/\\\/tiketi.com\\\/#organization\",\"name\":\"Tiketi.com\",\"alternateName\":\"Tiketi\",\"url\":\"https:\\\/\\\/tiketi.com\\\/\",\"logo\":{\"@type\":\"ImageObject\",\"inLanguage\":\"fr-FR\",\"@id\":\"https:\\\/\\\/tiketi.com\\\/#\\\/schema\\\/logo\\\/image\\\/\",\"url\":\"https:\\\/\\\/tiketi.com\\\/wp-content\\\/uploads\\\/2019\\\/05\\\/tiketi-logo-696.png\",\"contentUrl\":\"https:\\\/\\\/tiketi.com\\\/wp-content\\\/uploads\\\/2019\\\/05\\\/tiketi-logo-696.png\",\"width\":696,\"height\":696,\"caption\":\"Tiketi.com\"},\"image\":{\"@id\":\"https:\\\/\\\/tiketi.com\\\/#\\\/schema\\\/logo\\\/image\\\/\"},\"sameAs\":[\"https:\\\/\\\/www.facebook.com\\\/TiketiCom\\\/\"]}]}<\/script>\n<!-- \/ Yoast SEO plugin. -->","yoast_head_json":{"title":"Taxi a\u00e9rien d&#039;Amsterdam \u00e0 Bruxelles","description":"Vous recherchez une r\u00e9servation en ligne de taxi a\u00e9rien pas cher d&#039;Amsterdam \u00e0 Bruxelles? Notre application vous permet de rechercher et de r\u00e9server des vols pas chers d&#039;Amsterdam \u00e0 Bruxelles","robots":{"index":"index","follow":"follow","max-snippet":"max-snippet:-1","max-image-preview":"max-image-preview:large","max-video-preview":"max-video-preview:-1"},"canonical":"https:\/\/tiketi.com\/fr-fr\/taxi-aerien-de-amsterdam-a-bruxelles\/","og_locale":"fr_FR","og_type":"article","og_title":"Air Taxi from Amsterdam to Brussels","og_description":"Looking for cheap air taxi from Amsterdam to Brussels online booking? Our app helps you search & book cheap flights from Amsterdam to Brussels","og_url":"https:\/\/tiketi.com\/fr-fr\/taxi-aerien-de-amsterdam-a-bruxelles\/","og_site_name":"Tiketi.com","article_publisher":"https:\/\/www.facebook.com\/TiketiCom\/","article_modified_time":"2022-02-03T08:44:28+00:00","og_image":[{"width":1200,"height":205,"url":"https:\/\/tiketi.com\/wp-content\/uploads\/2022\/01\/brussels-3626586_1280.jpg","type":"image\/jpeg"}],"twitter_card":"summary_large_image","twitter_misc":{"Dur\u00e9e de lecture estim\u00e9e":"2 minutes"},"schema":{"@context":"https:\/\/schema.org","@graph":[{"@type":"WebPage","@id":"https:\/\/tiketi.com\/air-taxi-from-amsterdam-to-brussels\/","url":"https:\/\/tiketi.com\/air-taxi-from-amsterdam-to-brussels\/","name":"Taxi a\u00e9rien d&#039;Amsterdam \u00e0 Bruxelles","isPartOf":{"@id":"https:\/\/tiketi.com\/#website"},"primaryImageOfPage":{"@id":"https:\/\/tiketi.com\/air-taxi-from-amsterdam-to-brussels\/#primaryimage"},"image":{"@id":"https:\/\/tiketi.com\/air-taxi-from-amsterdam-to-brussels\/#primaryimage"},"thumbnailUrl":"https:\/\/tiketi.com\/wp-content\/uploads\/2022\/01\/brussels-3626586_1280.jpg","datePublished":"2022-01-19T11:53:03+00:00","dateModified":"2022-02-03T08:44:28+00:00","description":"Vous recherchez une r\u00e9servation en ligne de taxi a\u00e9rien pas cher d&#039;Amsterdam \u00e0 Bruxelles? Notre application vous permet de rechercher et de r\u00e9server des vols pas chers d&#039;Amsterdam \u00e0 Bruxelles","breadcrumb":{"@id":"https:\/\/tiketi.com\/air-taxi-from-amsterdam-to-brussels\/#breadcrumb"},"inLanguage":"fr-FR","potentialAction":[{"@type":"ReadAction","target":["https:\/\/tiketi.com\/air-taxi-from-amsterdam-to-brussels\/"]}]},{"@type":"ImageObject","inLanguage":"fr-FR","@id":"https:\/\/tiketi.com\/air-taxi-from-amsterdam-to-brussels\/#primaryimage","url":"https:\/\/tiketi.com\/wp-content\/uploads\/2022\/01\/brussels-3626586_1280.jpg","contentUrl":"https:\/\/tiketi.com\/wp-content\/uploads\/2022\/01\/brussels-3626586_1280.jpg","width":1200,"height":205,"caption":"Brussels Air Taxi"},{"@type":"BreadcrumbList","@id":"https:\/\/tiketi.com\/air-taxi-from-amsterdam-to-brussels\/#breadcrumb","itemListElement":[{"@type":"ListItem","position":1,"name":"Home","item":"https:\/\/tiketi.com\/"},{"@type":"ListItem","position":2,"name":"Air Taxi from Amsterdam to Brussels"}]},{"@type":"WebSite","@id":"https:\/\/tiketi.com\/#website","url":"https:\/\/tiketi.com\/","name":"Billets d&#039;avion et de bus, forfaits touristiques et activit\u00e9s - Tiketi.com","description":"Billets d&#039;avion et de bus, Tours, Activit\u00e9s","publisher":{"@id":"https:\/\/tiketi.com\/#organization"},"potentialAction":[{"@type":"SearchAction","target":{"@type":"EntryPoint","urlTemplate":"https:\/\/tiketi.com\/?s={search_term_string}"},"query-input":{"@type":"PropertyValueSpecification","valueRequired":true,"valueName":"search_term_string"}}],"inLanguage":"fr-FR"},{"@type":"Organization","@id":"https:\/\/tiketi.com\/#organization","name":"Tiketi.com","alternateName":"Tiketi","url":"https:\/\/tiketi.com\/","logo":{"@type":"ImageObject","inLanguage":"fr-FR","@id":"https:\/\/tiketi.com\/#\/schema\/logo\/image\/","url":"https:\/\/tiketi.com\/wp-content\/uploads\/2019\/05\/tiketi-logo-696.png","contentUrl":"https:\/\/tiketi.com\/wp-content\/uploads\/2019\/05\/tiketi-logo-696.png","width":696,"height":696,"caption":"Tiketi.com"},"image":{"@id":"https:\/\/tiketi.com\/#\/schema\/logo\/image\/"},"sameAs":["https:\/\/www.facebook.com\/TiketiCom\/"]}]}},"_links":{"self":[{"href":"https:\/\/tiketi.com\/fr-fr\/wp-json\/wp\/v2\/pages\/10204","targetHints":{"allow":["GET"]}}],"collection":[{"href":"https:\/\/tiketi.com\/fr-fr\/wp-json\/wp\/v2\/pages"}],"about":[{"href":"https:\/\/tiketi.com\/fr-fr\/wp-json\/wp\/v2\/types\/page"}],"author":[{"embeddable":true,"href":"https:\/\/tiketi.com\/fr-fr\/wp-json\/wp\/v2\/users\/1"}],"replies":[{"embeddable":true,"href":"https:\/\/tiketi.com\/fr-fr\/wp-json\/wp\/v2\/comments?post=10204"}],"version-history":[{"count":0,"href":"https:\/\/tiketi.com\/fr-fr\/wp-json\/wp\/v2\/pages\/10204\/revisions"}],"wp:featuredmedia":[{"embeddable":true,"href":"https:\/\/tiketi.com\/fr-fr\/wp-json\/wp\/v2\/media\/14779"}],"wp:attachment":[{"href":"https:\/\/tiketi.com\/fr-fr\/wp-json\/wp\/v2\/media?parent=10204"}],"curies":[{"name":"wp","href":"https:\/\/api.w.org\/{rel}","templated":true}]}}