{"id":10206,"date":"2022-01-19T12:53:03","date_gmt":"2022-01-19T11:53:03","guid":{"rendered":"https:\/\/new.tiketi.com\/air-taxi-from-frankfurt-airport-to-frankfurt-city-centre\/"},"modified":"2022-01-20T23:57:08","modified_gmt":"2022-01-20T22:57:08","slug":"air-taxi-to-frankfurt-airport","status":"publish","type":"page","link":"https:\/\/tiketi.com\/fr-fr\/air-taxi-to-frankfurt-airport\/","title":{"rendered":"Taxi a\u00e9rien de l&#039;a\u00e9roport de Francfort au centre-ville de Francfort"},"content":{"rendered":"<h2>Vous cherchez des vols pas chers de Centre-ville de Francfort \u00e0 A\u00e9roport de Francfort (FRA) ?<\/h2>\n<h3>&gt;&gt; Recherchez, comparez et r\u00e9servez en ligne maintenant des billets d&#039;avion \u00e0 bas prix de Francfort \u00e0 Joliet.<\/h3>\n<p>R\u00e9servation en ligne de taxi a\u00e9rien \u00e9lectrique de l&#039;a\u00e9roport de Francfort au centre-ville de Francfort. L&#039;application Tiketi.com vous permet de rechercher, comparer et r\u00e9server en ligne des vols pas chers de Centre-ville de Francfort \u00e0 A\u00e9roport de Francfort (FRA). L&#039;immense centre financier allemand est une ville aux multiples facettes. Le quartier central des affaires, Bankenviertel, attire imm\u00e9diatement votre attention et poss\u00e8de les dix plus hauts gratte-ciel du pays. En face de ce paysage urbain de science-fiction se trouve le Musemsufer, un quartier plein de mus\u00e9es qui pourrait vous divertir et vous faire vibrer pendant des jours. Francfort poss\u00e8de \u00e9galement un centre-ville de sites touristiques remarquables comme l&#039;\u00e9glise qui a tenu le premier parlement d\u00e9mocratique d&#039;Allemagne et la maison d&#039;enfance de Johann Wolfgang von Goethe. Sous le regard de ces gratte-ciel se trouvent des quartiers amusants comme Sachsenhausen, o\u00f9 les tavernes servent l&#039;Apfelwein traditionnel et o\u00f9 il y a toujours des sorties nocturnes. Alors trouvez et comparez les billets d&#039;avion de Francfort-sur-le-Main \u00e0 A\u00e9roport de Francfort (FRA) et r\u00e9servez en ligne d\u00e8s maintenant des offres exceptionnelles sur des taxis a\u00e9riens pas chers de Francfort-sur-le-Main \u00e0 A\u00e9roport de Francfort (FRA).<\/p>\n<h2>Taxi a\u00e9rien pas cher de l&#039;a\u00e9roport de Francfort au centre-ville de Francfort FAQ sur la r\u00e9servation en ligne<\/h2>\n<h3>Quelle est la distance de Francfort \u00e0 Joliet ?<\/h3>\n<p>La distance des vols entre le centre-ville de Francfort et l&#039;a\u00e9roport de Francfort (FRA) est de 15 kilom\u00e8tres \/ 9 miles.<\/p>\n<h3>Que sont les taxis volants \u00e9lectriques eVLTO de l&#039;a\u00e9roport de Francfort au centre-ville de Francfort ?<\/h3>\n<p><!--{cke_protected}{C}%3C!%2D%2D%20%2Fwp%3Aheading%20%2D%2D%3E--><!--{cke_protected}{C}%3C!%2D%2D%20wp%3Aparagraph%20%2D%2D%3E-->Les taxis volants de l&#039;a\u00e9roport de Francfort au centre-ville de Francfort, appel\u00e9s eVTOL (d\u00e9collage et atterrissage verticaux \u00e9lectriques), sont con\u00e7us pour transporter des personnes dans l&#039;atmosph\u00e8re urbaine et urbaine.<\/p>\n<h3>Les taxis a\u00e9riens \u00e9lectriques de l&#039;a\u00e9roport de Francfort au centre-ville de Francfort sont des transports publics \u00e0 grande vitesse<\/h3>\n<p><!--{cke_protected}{C}%3C!%2D%2D%20%2Fwp%3Aheading%20%2D%2D%3E--><!--{cke_protected}{C}%3C!%2D%2D%20wp%3Aparagraph%20%2D%2D%3E-->Le meilleur avantage des taxis a\u00e9riens de l&#039;a\u00e9roport de Francfort au centre-ville de Francfort est sa grande vitesse. C&#039;est le mode de transport le plus rapide et donc le moyen le plus parfait o\u00f9 le temps est un facteur vital.<\/p>\n<h3>Le taxi volant \u00e9lectrique de l&#039;a\u00e9roport de Francfort au centre-ville de Francfort a de tr\u00e8s faibles \u00e9missions de carbone<\/h3>\n<p>Taxi drone de l&#039;a\u00e9roport de Francfort aux producteurs du centre-ville de Francfort utilisent l&#039;\u00e9lectricit\u00e9 pour alimenter leurs v\u00e9hicules. Ainsi, les taxis drones n&#039;\u00e9mettront pas de gaz \u00e0 effet de serre. Par cons\u00e9quent, ces taxis peuvent contribuer \u00e0 r\u00e9duire l&#039;impact du changement climatique. Alors r\u00e9servez d\u00e8s maintenant votre taxi avec l&#039;aide d&#039;un taxi drone de l&#039;a\u00e9roport de Francfort au centre-ville de Francfort.<\/p>\n<h2>Vols pas chers de Francfort-sur-le-Main \u00e0 A\u00e9roport de Francfort (FRA)<\/h2>\n<p>\u2022 Les taxis a\u00e9riens de l&#039;a\u00e9roport de Francfort au centre-ville de Francfort offrent le plus grand nombre de vols sans escale entre Francfort et Joliet.<\/p>","protected":false},"excerpt":{"rendered":"<p>Looking for cheap flights from Frankfurt\u00a0City Centre to Frankfurt Airport (FRA)? &gt;&gt; Search, compare and book cheap flight tickets from\u00a0Frankfurt to Joliet online now. Electric air taxi from Frankfurt Airport to Frankfurt City Centre online booking. The Tiketi.com app helps you search, compare and book cheap flights from Frankfurt City Centre to Frankfurt Airport (FRA)online. [&hellip;]<\/p>\n","protected":false},"author":1,"featured_media":14057,"parent":0,"menu_order":0,"comment_status":"open","ping_status":"closed","template":"template-home-modern.php","meta":{"footnotes":""},"class_list":["post-10206","page","type-page","status-publish","has-post-thumbnail","hentry"],"yoast_head":"<!-- This site is optimized with the Yoast SEO plugin v27.4 - https:\/\/yoast.com\/product\/yoast-seo-wordpress\/ -->\n<title>Air Taxi from Frankfurt Airport to Frankfurt\u00a0City Centre<\/title>\n<meta name=\"description\" content=\"Looking for cheap air taxi from Frankfurt Airport to Frankfurt\u00a0City Centre online booking? Our app helps you search &amp; book cheap flights from Uppsala to Stockholm\" \/>\n<meta name=\"robots\" content=\"index, follow, max-snippet:-1, max-image-preview:large, max-video-preview:-1\" \/>\n<link rel=\"canonical\" href=\"https:\/\/tiketi.com\/fr-fr\/air-taxi-to-frankfurt-airport\/\" \/>\n<meta property=\"og:locale\" content=\"fr_FR\" \/>\n<meta property=\"og:type\" content=\"article\" \/>\n<meta property=\"og:title\" content=\"Air Taxi from Frankfurt Airport to Frankfurt\u00a0City Centre\" \/>\n<meta property=\"og:description\" content=\"Looking for cheap air taxi from Frankfurt Airport to Frankfurt\u00a0City Centre online booking? Our app helps you search &amp; book cheap flights from Uppsala to Stockholm\" \/>\n<meta property=\"og:url\" content=\"https:\/\/tiketi.com\/fr-fr\/air-taxi-to-frankfurt-airport\/\" \/>\n<meta property=\"og:site_name\" content=\"Tiketi.com\" \/>\n<meta property=\"article:publisher\" content=\"https:\/\/www.facebook.com\/TiketiCom\/\" \/>\n<meta property=\"article:modified_time\" content=\"2022-01-20T22:57:08+00:00\" \/>\n<meta property=\"og:image\" content=\"https:\/\/tiketi.com\/wp-content\/uploads\/2022\/01\/drone-air-taxi-6819108_1280.jpg\" \/>\n\t<meta property=\"og:image:width\" content=\"1213\" \/>\n\t<meta property=\"og:image:height\" content=\"200\" \/>\n\t<meta property=\"og:image:type\" content=\"image\/jpeg\" \/>\n<meta name=\"twitter:card\" content=\"summary_large_image\" \/>\n<meta name=\"twitter:label1\" content=\"Dur\u00e9e de lecture estim\u00e9e\" \/>\n\t<meta name=\"twitter:data1\" content=\"2 minutes\" \/>\n<script type=\"application\/ld+json\" class=\"yoast-schema-graph\">{\"@context\":\"https:\\\/\\\/schema.org\",\"@graph\":[{\"@type\":\"WebPage\",\"@id\":\"https:\\\/\\\/tiketi.com\\\/air-taxi-to-frankfurt-airport\\\/\",\"url\":\"https:\\\/\\\/tiketi.com\\\/air-taxi-to-frankfurt-airport\\\/\",\"name\":\"Air Taxi from Frankfurt Airport to Frankfurt\u00a0City Centre\",\"isPartOf\":{\"@id\":\"https:\\\/\\\/tiketi.com\\\/#website\"},\"primaryImageOfPage\":{\"@id\":\"https:\\\/\\\/tiketi.com\\\/air-taxi-to-frankfurt-airport\\\/#primaryimage\"},\"image\":{\"@id\":\"https:\\\/\\\/tiketi.com\\\/air-taxi-to-frankfurt-airport\\\/#primaryimage\"},\"thumbnailUrl\":\"https:\\\/\\\/tiketi.com\\\/wp-content\\\/uploads\\\/2022\\\/01\\\/drone-air-taxi-6819108_1280.jpg\",\"datePublished\":\"2022-01-19T11:53:03+00:00\",\"dateModified\":\"2022-01-20T22:57:08+00:00\",\"description\":\"Looking for cheap air taxi from Frankfurt Airport to Frankfurt\u00a0City Centre online booking? Our app helps you search & book cheap flights from Uppsala to Stockholm\",\"breadcrumb\":{\"@id\":\"https:\\\/\\\/tiketi.com\\\/air-taxi-to-frankfurt-airport\\\/#breadcrumb\"},\"inLanguage\":\"fr-FR\",\"potentialAction\":[{\"@type\":\"ReadAction\",\"target\":[\"https:\\\/\\\/tiketi.com\\\/air-taxi-to-frankfurt-airport\\\/\"]}]},{\"@type\":\"ImageObject\",\"inLanguage\":\"fr-FR\",\"@id\":\"https:\\\/\\\/tiketi.com\\\/air-taxi-to-frankfurt-airport\\\/#primaryimage\",\"url\":\"https:\\\/\\\/tiketi.com\\\/wp-content\\\/uploads\\\/2022\\\/01\\\/drone-air-taxi-6819108_1280.jpg\",\"contentUrl\":\"https:\\\/\\\/tiketi.com\\\/wp-content\\\/uploads\\\/2022\\\/01\\\/drone-air-taxi-6819108_1280.jpg\",\"width\":1213,\"height\":200,\"caption\":\"Drone Air taxi\"},{\"@type\":\"BreadcrumbList\",\"@id\":\"https:\\\/\\\/tiketi.com\\\/air-taxi-to-frankfurt-airport\\\/#breadcrumb\",\"itemListElement\":[{\"@type\":\"ListItem\",\"position\":1,\"name\":\"Home\",\"item\":\"https:\\\/\\\/tiketi.com\\\/\"},{\"@type\":\"ListItem\",\"position\":2,\"name\":\"Air Taxi from Frankfurt Airport to Frankfurt\u00a0City Centre\"}]},{\"@type\":\"WebSite\",\"@id\":\"https:\\\/\\\/tiketi.com\\\/#website\",\"url\":\"https:\\\/\\\/tiketi.com\\\/\",\"name\":\"Flight & Bus Tickets, Tour Packages & Activitites - Tiketi.com\",\"description\":\"Flight &amp; Bus Tickets, Tours, Activitites\",\"publisher\":{\"@id\":\"https:\\\/\\\/tiketi.com\\\/#organization\"},\"potentialAction\":[{\"@type\":\"SearchAction\",\"target\":{\"@type\":\"EntryPoint\",\"urlTemplate\":\"https:\\\/\\\/tiketi.com\\\/?s={search_term_string}\"},\"query-input\":{\"@type\":\"PropertyValueSpecification\",\"valueRequired\":true,\"valueName\":\"search_term_string\"}}],\"inLanguage\":\"fr-FR\"},{\"@type\":\"Organization\",\"@id\":\"https:\\\/\\\/tiketi.com\\\/#organization\",\"name\":\"Tiketi.com\",\"alternateName\":\"Tiketi\",\"url\":\"https:\\\/\\\/tiketi.com\\\/\",\"logo\":{\"@type\":\"ImageObject\",\"inLanguage\":\"fr-FR\",\"@id\":\"https:\\\/\\\/tiketi.com\\\/#\\\/schema\\\/logo\\\/image\\\/\",\"url\":\"https:\\\/\\\/tiketi.com\\\/wp-content\\\/uploads\\\/2019\\\/05\\\/tiketi-logo-696.png\",\"contentUrl\":\"https:\\\/\\\/tiketi.com\\\/wp-content\\\/uploads\\\/2019\\\/05\\\/tiketi-logo-696.png\",\"width\":696,\"height\":696,\"caption\":\"Tiketi.com\"},\"image\":{\"@id\":\"https:\\\/\\\/tiketi.com\\\/#\\\/schema\\\/logo\\\/image\\\/\"},\"sameAs\":[\"https:\\\/\\\/www.facebook.com\\\/TiketiCom\\\/\"]}]}<\/script>\n<!-- \/ Yoast SEO plugin. -->","yoast_head_json":{"title":"Taxi a\u00e9rien de l&#039;a\u00e9roport de Francfort au centre-ville de Francfort","description":"Vous recherchez une r\u00e9servation en ligne de taxi a\u00e9rien pas cher de l&#039;a\u00e9roport de Francfort au centre-ville de Francfort? Notre application vous permet de rechercher et de r\u00e9server des vols pas chers de Uppsala \u00e0 Stockholm.","robots":{"index":"index","follow":"follow","max-snippet":"max-snippet:-1","max-image-preview":"max-image-preview:large","max-video-preview":"max-video-preview:-1"},"canonical":"https:\/\/tiketi.com\/fr-fr\/air-taxi-to-frankfurt-airport\/","og_locale":"fr_FR","og_type":"article","og_title":"Air Taxi from Frankfurt Airport to Frankfurt\u00a0City Centre","og_description":"Looking for cheap air taxi from Frankfurt Airport to Frankfurt\u00a0City Centre online booking? Our app helps you search & book cheap flights from Uppsala to Stockholm","og_url":"https:\/\/tiketi.com\/fr-fr\/air-taxi-to-frankfurt-airport\/","og_site_name":"Tiketi.com","article_publisher":"https:\/\/www.facebook.com\/TiketiCom\/","article_modified_time":"2022-01-20T22:57:08+00:00","og_image":[{"width":1213,"height":200,"url":"https:\/\/tiketi.com\/wp-content\/uploads\/2022\/01\/drone-air-taxi-6819108_1280.jpg","type":"image\/jpeg"}],"twitter_card":"summary_large_image","twitter_misc":{"Dur\u00e9e de lecture estim\u00e9e":"2 minutes"},"schema":{"@context":"https:\/\/schema.org","@graph":[{"@type":"WebPage","@id":"https:\/\/tiketi.com\/air-taxi-to-frankfurt-airport\/","url":"https:\/\/tiketi.com\/air-taxi-to-frankfurt-airport\/","name":"Taxi a\u00e9rien de l&#039;a\u00e9roport de Francfort au centre-ville de Francfort","isPartOf":{"@id":"https:\/\/tiketi.com\/#website"},"primaryImageOfPage":{"@id":"https:\/\/tiketi.com\/air-taxi-to-frankfurt-airport\/#primaryimage"},"image":{"@id":"https:\/\/tiketi.com\/air-taxi-to-frankfurt-airport\/#primaryimage"},"thumbnailUrl":"https:\/\/tiketi.com\/wp-content\/uploads\/2022\/01\/drone-air-taxi-6819108_1280.jpg","datePublished":"2022-01-19T11:53:03+00:00","dateModified":"2022-01-20T22:57:08+00:00","description":"Vous recherchez une r\u00e9servation en ligne de taxi a\u00e9rien pas cher de l&#039;a\u00e9roport de Francfort au centre-ville de Francfort? Notre application vous permet de rechercher et de r\u00e9server des vols pas chers de Uppsala \u00e0 Stockholm.","breadcrumb":{"@id":"https:\/\/tiketi.com\/air-taxi-to-frankfurt-airport\/#breadcrumb"},"inLanguage":"fr-FR","potentialAction":[{"@type":"ReadAction","target":["https:\/\/tiketi.com\/air-taxi-to-frankfurt-airport\/"]}]},{"@type":"ImageObject","inLanguage":"fr-FR","@id":"https:\/\/tiketi.com\/air-taxi-to-frankfurt-airport\/#primaryimage","url":"https:\/\/tiketi.com\/wp-content\/uploads\/2022\/01\/drone-air-taxi-6819108_1280.jpg","contentUrl":"https:\/\/tiketi.com\/wp-content\/uploads\/2022\/01\/drone-air-taxi-6819108_1280.jpg","width":1213,"height":200,"caption":"Drone Air taxi"},{"@type":"BreadcrumbList","@id":"https:\/\/tiketi.com\/air-taxi-to-frankfurt-airport\/#breadcrumb","itemListElement":[{"@type":"ListItem","position":1,"name":"Home","item":"https:\/\/tiketi.com\/"},{"@type":"ListItem","position":2,"name":"Air Taxi from Frankfurt Airport to Frankfurt\u00a0City Centre"}]},{"@type":"WebSite","@id":"https:\/\/tiketi.com\/#website","url":"https:\/\/tiketi.com\/","name":"Billets d&#039;avion et de bus, forfaits touristiques et activit\u00e9s - Tiketi.com","description":"Billets d&#039;avion et de bus, Tours, Activit\u00e9s","publisher":{"@id":"https:\/\/tiketi.com\/#organization"},"potentialAction":[{"@type":"SearchAction","target":{"@type":"EntryPoint","urlTemplate":"https:\/\/tiketi.com\/?s={search_term_string}"},"query-input":{"@type":"PropertyValueSpecification","valueRequired":true,"valueName":"search_term_string"}}],"inLanguage":"fr-FR"},{"@type":"Organization","@id":"https:\/\/tiketi.com\/#organization","name":"Tiketi.com","alternateName":"Tiketi","url":"https:\/\/tiketi.com\/","logo":{"@type":"ImageObject","inLanguage":"fr-FR","@id":"https:\/\/tiketi.com\/#\/schema\/logo\/image\/","url":"https:\/\/tiketi.com\/wp-content\/uploads\/2019\/05\/tiketi-logo-696.png","contentUrl":"https:\/\/tiketi.com\/wp-content\/uploads\/2019\/05\/tiketi-logo-696.png","width":696,"height":696,"caption":"Tiketi.com"},"image":{"@id":"https:\/\/tiketi.com\/#\/schema\/logo\/image\/"},"sameAs":["https:\/\/www.facebook.com\/TiketiCom\/"]}]}},"_links":{"self":[{"href":"https:\/\/tiketi.com\/fr-fr\/wp-json\/wp\/v2\/pages\/10206","targetHints":{"allow":["GET"]}}],"collection":[{"href":"https:\/\/tiketi.com\/fr-fr\/wp-json\/wp\/v2\/pages"}],"about":[{"href":"https:\/\/tiketi.com\/fr-fr\/wp-json\/wp\/v2\/types\/page"}],"author":[{"embeddable":true,"href":"https:\/\/tiketi.com\/fr-fr\/wp-json\/wp\/v2\/users\/1"}],"replies":[{"embeddable":true,"href":"https:\/\/tiketi.com\/fr-fr\/wp-json\/wp\/v2\/comments?post=10206"}],"version-history":[{"count":0,"href":"https:\/\/tiketi.com\/fr-fr\/wp-json\/wp\/v2\/pages\/10206\/revisions"}],"wp:featuredmedia":[{"embeddable":true,"href":"https:\/\/tiketi.com\/fr-fr\/wp-json\/wp\/v2\/media\/14057"}],"wp:attachment":[{"href":"https:\/\/tiketi.com\/fr-fr\/wp-json\/wp\/v2\/media?parent=10206"}],"curies":[{"name":"wp","href":"https:\/\/api.w.org\/{rel}","templated":true}]}}