{"id":10207,"date":"2022-01-19T12:53:03","date_gmt":"2022-01-19T11:53:03","guid":{"rendered":"https:\/\/new.tiketi.com\/air-taxi-from-los-angeles-airport-to-los-angeles-city-centre\/"},"modified":"2022-01-23T22:31:45","modified_gmt":"2022-01-23T21:31:45","slug":"air-taxi-to-los-angeles-airport","status":"publish","type":"page","link":"https:\/\/tiketi.com\/fr-fr\/air-taxi-to-los-angeles-airport\/","title":{"rendered":"Taxi a\u00e9rien de l&#039;a\u00e9roport de Los Angeles au centre-ville de Los Angeles"},"content":{"rendered":"<h2>Vous cherchez des vols \u00e0 bas prix de Los Angeles \u00e0 A\u00e9roport international de Los Angeles ?<\/h2>\n<h3>Recherchez, comparez et r\u00e9servez en ligne maintenant des billets d&#039;avion \u00e0 bas prix de Los Angeles \u00e0 A\u00e9roport international de Los Angeles.<\/h3>\n<p>La r\u00e9servation en ligne d&#039;un taxi a\u00e9rien \u00e9lectrique de l&#039;a\u00e9roport de Los Angeles au centre-ville de Los Angeles sera bient\u00f4t possible. L&#039;application Tiketi.com vous permet de rechercher, comparer et r\u00e9server en ligne des vols pas chers de Los Angeles \u00e0 A\u00e9roport international de Los Angeles. Los Angeles est connue comme la capitale mondiale du divertissement, et pour la meilleure raison. Les films, les \u00e9missions de t\u00e9l\u00e9vision et la musique produits dans la Cit\u00e9 des anges sont appr\u00e9ci\u00e9s dans le monde entier. Alors que l&#039;histoire commerciale actuelle de la ville et la possibilit\u00e9 de c\u00f4toyer une c\u00e9l\u00e9brit\u00e9 attirent de nombreux visiteurs \u00e0 Los Angeles, la zone des parcs \u00e0 th\u00e8me et le temps chaud toute l&#039;ann\u00e9e sont \u00e9galement d&#039;\u00e9normes attractions. Des collections d&#039;ar\u00e8nes, de mus\u00e9es et de th\u00e9\u00e2tres de premi\u00e8re classe signifient que les passionn\u00e9s d&#039;histoire, les amoureux et les amateurs de sport trouveront \u00e9galement beaucoup \u00e0 aimer dans les attractions touristiques de Los Angeles. Alors trouvez et comparez les billets d&#039;avion de Los Angeles \u00e0 l&#039;a\u00e9roport international de Los Angeles et r\u00e9servez en ligne d\u00e8s maintenant des offres exceptionnelles sur des taxis a\u00e9riens pas chers de Los Angeles \u00e0 l&#039;a\u00e9roport international de Los Angeles.<\/p>\n<h2>FAQ sur la r\u00e9servation en ligne d&#039;un taxi a\u00e9rien pas cher de l&#039;a\u00e9roport de Los Angeles au centre-ville de Los Angeles<\/h2>\n<h3>Quelle est la distance entre Los Angeles et l&#039;a\u00e9roport international de Los Angeles ?<\/h3>\n<p>La distance du taxi a\u00e9rien de l&#039;a\u00e9roport de Los Angeles au vol de Los Angeles est de 19 km.<\/p>\n<h3>Que sont les taxis volants \u00e9lectriques eVLTO de l&#039;a\u00e9roport de Los Angeles au centre-ville de Los Angeles\u00a0?<\/h3>\n<p><!--{cke_protected}{C}%3C!%2D%2D%20%2Fwp%3Aheading%20%2D%2D%3E--><!--{cke_protected}{C}%3C!%2D%2D%20wp%3Aparagraph%20%2D%2D%3E-->Les taxis volants de l&#039;a\u00e9roport de Los Angeles au centre-ville de Los Angeles, appel\u00e9s eVTOL (d\u00e9collage et atterrissage verticaux \u00e9lectriques), sont con\u00e7us pour transporter des personnes dans l&#039;atmosph\u00e8re urbaine et urbaine.<\/p>\n<h3>Les taxis a\u00e9riens \u00e9lectriques de l&#039;a\u00e9roport de Los Angeles au centre-ville de Los Angeles sont des transports publics \u00e0 grande vitesse<\/h3>\n<p><!--{cke_protected}{C}%3C!%2D%2D%20%2Fwp%3Aheading%20%2D%2D%3E--><!--{cke_protected}{C}%3C!%2D%2D%20wp%3Aparagraph%20%2D%2D%3E-->Le meilleur avantage des taxis a\u00e9riens de l&#039;a\u00e9roport de Los Angeles au centre-ville de Los Angeles est sa grande vitesse. C&#039;est le mode de transport le plus rapide et donc le moyen le plus parfait o\u00f9 le temps est un facteur vital.<\/p>\n<h3>Le taxi volant \u00e9lectrique de l&#039;a\u00e9roport de Los Angeles au centre-ville de Los Angeles a de tr\u00e8s faibles \u00e9missions de carbone<\/h3>\n<p>Taxi drone de l&#039;a\u00e9roport de Los Angeles au centre-ville de Los Angeles Les producteurs utilisent l&#039;\u00e9lectricit\u00e9 pour alimenter leurs v\u00e9hicules. Ainsi, les taxis drones n&#039;\u00e9mettront pas de gaz \u00e0 effet de serre. Par cons\u00e9quent, ces taxis peuvent contribuer \u00e0 r\u00e9duire l&#039;impact du changement climatique. Alors r\u00e9servez d\u00e8s maintenant votre taxi avec l&#039;aide d&#039;un taxi drone de l&#039;a\u00e9roport de Los Angeles au centre-ville de Los Angeles.<\/p>\n<h2>Vols pas chers de Los Angeles \u00e0 A\u00e9roport international de Los Angeles<\/h2>\n<p>Les taxis a\u00e9riens drones offrent de Los Angeles \u00e0 l&#039;a\u00e9roport international de Los Angeles le plus grand nombre de vols sans escale entre Los Angeles et l&#039;a\u00e9roport international de Los Angeles.<\/p>","protected":false},"excerpt":{"rendered":"<p>Looking for cheap flights from Los Angeles to Los Angeles International Airport? Search, compare and book cheap flight tickets from Los Angeles to Los Angeles International Airport online now. Electric air\u00a0taxi from Los Angeles Airport to Los Angeles City Centre online booking will be possible soon. The Tiketi.com app helps you search, compare and book [&hellip;]<\/p>\n","protected":false},"author":1,"featured_media":14311,"parent":0,"menu_order":0,"comment_status":"open","ping_status":"closed","template":"template-home-modern.php","meta":{"footnotes":""},"class_list":["post-10207","page","type-page","status-publish","has-post-thumbnail","hentry"],"yoast_head":"<!-- This site is optimized with the Yoast SEO plugin v27.3 - https:\/\/yoast.com\/product\/yoast-seo-wordpress\/ -->\n<title>Air Taxi from Los Angeles Airport to Los Angeles City Centre<\/title>\n<meta name=\"description\" content=\"Looking for cheap air taxi from Los Angeles Airport to Los Angeles online booking? The Tiketi.com app helps you search, compare and book cheap flights from Los Angeles to Los Angeles Airport\" \/>\n<meta name=\"robots\" content=\"index, follow, max-snippet:-1, max-image-preview:large, max-video-preview:-1\" \/>\n<link rel=\"canonical\" href=\"https:\/\/tiketi.com\/fr-fr\/air-taxi-to-los-angeles-airport\/\" \/>\n<meta property=\"og:locale\" content=\"fr_FR\" \/>\n<meta property=\"og:type\" content=\"article\" \/>\n<meta property=\"og:title\" content=\"Air Taxi from Los Angeles Airport to Los Angeles City Centre\" \/>\n<meta property=\"og:description\" content=\"Looking for cheap air taxi from Los Angeles Airport to Los Angeles online booking? The Tiketi.com app helps you search, compare and book cheap flights from Los Angeles to Los Angeles Airport\" \/>\n<meta property=\"og:url\" content=\"https:\/\/tiketi.com\/fr-fr\/air-taxi-to-los-angeles-airport\/\" \/>\n<meta property=\"og:site_name\" content=\"Tiketi.com\" \/>\n<meta property=\"article:publisher\" content=\"https:\/\/www.facebook.com\/TiketiCom\/\" \/>\n<meta property=\"article:modified_time\" content=\"2022-01-23T21:31:45+00:00\" \/>\n<meta property=\"og:image\" content=\"https:\/\/tiketi.com\/wp-content\/uploads\/2022\/01\/los-angeles-2340323_1280.jpg\" \/>\n\t<meta property=\"og:image:width\" content=\"1200\" \/>\n\t<meta property=\"og:image:height\" content=\"200\" \/>\n\t<meta property=\"og:image:type\" content=\"image\/jpeg\" \/>\n<meta name=\"twitter:card\" content=\"summary_large_image\" \/>\n<meta name=\"twitter:label1\" content=\"Dur\u00e9e de lecture estim\u00e9e\" \/>\n\t<meta name=\"twitter:data1\" content=\"2 minutes\" \/>\n<script type=\"application\/ld+json\" class=\"yoast-schema-graph\">{\"@context\":\"https:\\\/\\\/schema.org\",\"@graph\":[{\"@type\":\"WebPage\",\"@id\":\"https:\\\/\\\/tiketi.com\\\/air-taxi-to-los-angeles-airport\\\/\",\"url\":\"https:\\\/\\\/tiketi.com\\\/air-taxi-to-los-angeles-airport\\\/\",\"name\":\"Air Taxi from Los Angeles Airport to Los Angeles City Centre\",\"isPartOf\":{\"@id\":\"https:\\\/\\\/tiketi.com\\\/#website\"},\"primaryImageOfPage\":{\"@id\":\"https:\\\/\\\/tiketi.com\\\/air-taxi-to-los-angeles-airport\\\/#primaryimage\"},\"image\":{\"@id\":\"https:\\\/\\\/tiketi.com\\\/air-taxi-to-los-angeles-airport\\\/#primaryimage\"},\"thumbnailUrl\":\"https:\\\/\\\/tiketi.com\\\/wp-content\\\/uploads\\\/2022\\\/01\\\/los-angeles-2340323_1280.jpg\",\"datePublished\":\"2022-01-19T11:53:03+00:00\",\"dateModified\":\"2022-01-23T21:31:45+00:00\",\"description\":\"Looking for cheap air taxi from Los Angeles Airport to Los Angeles online booking? The Tiketi.com app helps you search, compare and book cheap flights from Los Angeles to Los Angeles Airport\",\"breadcrumb\":{\"@id\":\"https:\\\/\\\/tiketi.com\\\/air-taxi-to-los-angeles-airport\\\/#breadcrumb\"},\"inLanguage\":\"fr-FR\",\"potentialAction\":[{\"@type\":\"ReadAction\",\"target\":[\"https:\\\/\\\/tiketi.com\\\/air-taxi-to-los-angeles-airport\\\/\"]}]},{\"@type\":\"ImageObject\",\"inLanguage\":\"fr-FR\",\"@id\":\"https:\\\/\\\/tiketi.com\\\/air-taxi-to-los-angeles-airport\\\/#primaryimage\",\"url\":\"https:\\\/\\\/tiketi.com\\\/wp-content\\\/uploads\\\/2022\\\/01\\\/los-angeles-2340323_1280.jpg\",\"contentUrl\":\"https:\\\/\\\/tiketi.com\\\/wp-content\\\/uploads\\\/2022\\\/01\\\/los-angeles-2340323_1280.jpg\",\"width\":1200,\"height\":200,\"caption\":\"Air Taxi in Los Angeles\"},{\"@type\":\"BreadcrumbList\",\"@id\":\"https:\\\/\\\/tiketi.com\\\/air-taxi-to-los-angeles-airport\\\/#breadcrumb\",\"itemListElement\":[{\"@type\":\"ListItem\",\"position\":1,\"name\":\"Home\",\"item\":\"https:\\\/\\\/tiketi.com\\\/\"},{\"@type\":\"ListItem\",\"position\":2,\"name\":\"Air Taxi from Los Angeles Airport to Los Angeles City Centre\"}]},{\"@type\":\"WebSite\",\"@id\":\"https:\\\/\\\/tiketi.com\\\/#website\",\"url\":\"https:\\\/\\\/tiketi.com\\\/\",\"name\":\"Flight & Bus Tickets, Tour Packages & Activitites - Tiketi.com\",\"description\":\"Flight &amp; Bus Tickets, Tours, Activitites\",\"publisher\":{\"@id\":\"https:\\\/\\\/tiketi.com\\\/#organization\"},\"potentialAction\":[{\"@type\":\"SearchAction\",\"target\":{\"@type\":\"EntryPoint\",\"urlTemplate\":\"https:\\\/\\\/tiketi.com\\\/?s={search_term_string}\"},\"query-input\":{\"@type\":\"PropertyValueSpecification\",\"valueRequired\":true,\"valueName\":\"search_term_string\"}}],\"inLanguage\":\"fr-FR\"},{\"@type\":\"Organization\",\"@id\":\"https:\\\/\\\/tiketi.com\\\/#organization\",\"name\":\"Tiketi.com\",\"alternateName\":\"Tiketi\",\"url\":\"https:\\\/\\\/tiketi.com\\\/\",\"logo\":{\"@type\":\"ImageObject\",\"inLanguage\":\"fr-FR\",\"@id\":\"https:\\\/\\\/tiketi.com\\\/#\\\/schema\\\/logo\\\/image\\\/\",\"url\":\"https:\\\/\\\/tiketi.com\\\/wp-content\\\/uploads\\\/2019\\\/05\\\/tiketi-logo-696.png\",\"contentUrl\":\"https:\\\/\\\/tiketi.com\\\/wp-content\\\/uploads\\\/2019\\\/05\\\/tiketi-logo-696.png\",\"width\":696,\"height\":696,\"caption\":\"Tiketi.com\"},\"image\":{\"@id\":\"https:\\\/\\\/tiketi.com\\\/#\\\/schema\\\/logo\\\/image\\\/\"},\"sameAs\":[\"https:\\\/\\\/www.facebook.com\\\/TiketiCom\\\/\"]}]}<\/script>\n<!-- \/ Yoast SEO plugin. -->","yoast_head_json":{"title":"Taxi a\u00e9rien de l&#039;a\u00e9roport de Los Angeles au centre-ville de Los Angeles","description":"Vous recherchez une r\u00e9servation en ligne de taxi a\u00e9rien pas cher de l&#039;a\u00e9roport de Los Angeles \u00e0 Los Angeles? L&#039;application Tiketi.com vous aide \u00e0 rechercher, comparer et r\u00e9server des vols pas chers de Los Angeles vers A\u00e9roport de Los Angeles","robots":{"index":"index","follow":"follow","max-snippet":"max-snippet:-1","max-image-preview":"max-image-preview:large","max-video-preview":"max-video-preview:-1"},"canonical":"https:\/\/tiketi.com\/fr-fr\/air-taxi-to-los-angeles-airport\/","og_locale":"fr_FR","og_type":"article","og_title":"Air Taxi from Los Angeles Airport to Los Angeles City Centre","og_description":"Looking for cheap air taxi from Los Angeles Airport to Los Angeles online booking? The Tiketi.com app helps you search, compare and book cheap flights from Los Angeles to Los Angeles Airport","og_url":"https:\/\/tiketi.com\/fr-fr\/air-taxi-to-los-angeles-airport\/","og_site_name":"Tiketi.com","article_publisher":"https:\/\/www.facebook.com\/TiketiCom\/","article_modified_time":"2022-01-23T21:31:45+00:00","og_image":[{"width":1200,"height":200,"url":"https:\/\/tiketi.com\/wp-content\/uploads\/2022\/01\/los-angeles-2340323_1280.jpg","type":"image\/jpeg"}],"twitter_card":"summary_large_image","twitter_misc":{"Dur\u00e9e de lecture estim\u00e9e":"2 minutes"},"schema":{"@context":"https:\/\/schema.org","@graph":[{"@type":"WebPage","@id":"https:\/\/tiketi.com\/air-taxi-to-los-angeles-airport\/","url":"https:\/\/tiketi.com\/air-taxi-to-los-angeles-airport\/","name":"Taxi a\u00e9rien de l&#039;a\u00e9roport de Los Angeles au centre-ville de Los Angeles","isPartOf":{"@id":"https:\/\/tiketi.com\/#website"},"primaryImageOfPage":{"@id":"https:\/\/tiketi.com\/air-taxi-to-los-angeles-airport\/#primaryimage"},"image":{"@id":"https:\/\/tiketi.com\/air-taxi-to-los-angeles-airport\/#primaryimage"},"thumbnailUrl":"https:\/\/tiketi.com\/wp-content\/uploads\/2022\/01\/los-angeles-2340323_1280.jpg","datePublished":"2022-01-19T11:53:03+00:00","dateModified":"2022-01-23T21:31:45+00:00","description":"Vous recherchez une r\u00e9servation en ligne de taxi a\u00e9rien pas cher de l&#039;a\u00e9roport de Los Angeles \u00e0 Los Angeles? L&#039;application Tiketi.com vous aide \u00e0 rechercher, comparer et r\u00e9server des vols pas chers de Los Angeles vers A\u00e9roport de Los Angeles","breadcrumb":{"@id":"https:\/\/tiketi.com\/air-taxi-to-los-angeles-airport\/#breadcrumb"},"inLanguage":"fr-FR","potentialAction":[{"@type":"ReadAction","target":["https:\/\/tiketi.com\/air-taxi-to-los-angeles-airport\/"]}]},{"@type":"ImageObject","inLanguage":"fr-FR","@id":"https:\/\/tiketi.com\/air-taxi-to-los-angeles-airport\/#primaryimage","url":"https:\/\/tiketi.com\/wp-content\/uploads\/2022\/01\/los-angeles-2340323_1280.jpg","contentUrl":"https:\/\/tiketi.com\/wp-content\/uploads\/2022\/01\/los-angeles-2340323_1280.jpg","width":1200,"height":200,"caption":"Air Taxi in Los Angeles"},{"@type":"BreadcrumbList","@id":"https:\/\/tiketi.com\/air-taxi-to-los-angeles-airport\/#breadcrumb","itemListElement":[{"@type":"ListItem","position":1,"name":"Home","item":"https:\/\/tiketi.com\/"},{"@type":"ListItem","position":2,"name":"Air Taxi from Los Angeles Airport to Los Angeles City Centre"}]},{"@type":"WebSite","@id":"https:\/\/tiketi.com\/#website","url":"https:\/\/tiketi.com\/","name":"Billets d&#039;avion et de bus, forfaits touristiques et activit\u00e9s - Tiketi.com","description":"Billets d&#039;avion et de bus, Tours, Activit\u00e9s","publisher":{"@id":"https:\/\/tiketi.com\/#organization"},"potentialAction":[{"@type":"SearchAction","target":{"@type":"EntryPoint","urlTemplate":"https:\/\/tiketi.com\/?s={search_term_string}"},"query-input":{"@type":"PropertyValueSpecification","valueRequired":true,"valueName":"search_term_string"}}],"inLanguage":"fr-FR"},{"@type":"Organization","@id":"https:\/\/tiketi.com\/#organization","name":"Tiketi.com","alternateName":"Tiketi","url":"https:\/\/tiketi.com\/","logo":{"@type":"ImageObject","inLanguage":"fr-FR","@id":"https:\/\/tiketi.com\/#\/schema\/logo\/image\/","url":"https:\/\/tiketi.com\/wp-content\/uploads\/2019\/05\/tiketi-logo-696.png","contentUrl":"https:\/\/tiketi.com\/wp-content\/uploads\/2019\/05\/tiketi-logo-696.png","width":696,"height":696,"caption":"Tiketi.com"},"image":{"@id":"https:\/\/tiketi.com\/#\/schema\/logo\/image\/"},"sameAs":["https:\/\/www.facebook.com\/TiketiCom\/"]}]}},"_links":{"self":[{"href":"https:\/\/tiketi.com\/fr-fr\/wp-json\/wp\/v2\/pages\/10207","targetHints":{"allow":["GET"]}}],"collection":[{"href":"https:\/\/tiketi.com\/fr-fr\/wp-json\/wp\/v2\/pages"}],"about":[{"href":"https:\/\/tiketi.com\/fr-fr\/wp-json\/wp\/v2\/types\/page"}],"author":[{"embeddable":true,"href":"https:\/\/tiketi.com\/fr-fr\/wp-json\/wp\/v2\/users\/1"}],"replies":[{"embeddable":true,"href":"https:\/\/tiketi.com\/fr-fr\/wp-json\/wp\/v2\/comments?post=10207"}],"version-history":[{"count":0,"href":"https:\/\/tiketi.com\/fr-fr\/wp-json\/wp\/v2\/pages\/10207\/revisions"}],"wp:featuredmedia":[{"embeddable":true,"href":"https:\/\/tiketi.com\/fr-fr\/wp-json\/wp\/v2\/media\/14311"}],"wp:attachment":[{"href":"https:\/\/tiketi.com\/fr-fr\/wp-json\/wp\/v2\/media?parent=10207"}],"curies":[{"name":"wp","href":"https:\/\/api.w.org\/{rel}","templated":true}]}}