{"id":10208,"date":"2022-01-19T12:53:03","date_gmt":"2022-01-19T11:53:03","guid":{"rendered":"https:\/\/new.tiketi.com\/air-taxi-from-hamburg-airport-to-hamburg-city-centre\/"},"modified":"2022-01-21T17:30:52","modified_gmt":"2022-01-21T16:30:52","slug":"air-taxi-to-hamburg-airport","status":"publish","type":"page","link":"https:\/\/tiketi.com\/fr-fr\/air-taxi-to-hamburg-airport\/","title":{"rendered":"Taxi a\u00e9rien de l&#039;a\u00e9roport de Hambourg au centre-ville de Hambourg"},"content":{"rendered":"<h2>Vous recherchez des vols pas chers de A\u00e9roport Hambourg \u00e0 Hambourg ?<\/h2>\n<h3>&gt;&gt; Recherchez, comparez et r\u00e9servez en ligne maintenant des billets d&#039;avion pas chers de A\u00e9roport Hambourg \u00e0 Hambourg (HAM).<\/h3>\n<p>R\u00e9servation en ligne d&#039;un taxi a\u00e9rien de l&#039;a\u00e9roport de Hambourg au centre-ville de Hambourg. L&#039;application Tiketi.com vous permet de rechercher, comparer et r\u00e9server en ligne des vols pas chers de A\u00e9roport Hambourg \u00e0 Hambourg. Hambourg est un centre d&#039;activit\u00e9s touristiques. Il offre quelque chose pour chaque personne, que vous recherchiez la culture et l&#039;histoire ou que vous souhaitiez d\u00e9couvrir la musique, l&#039;art et la vie nocturne incroyables. Hambourg est un m\u00e9lange d&#039;architecture charmante de diff\u00e9rentes \u00e9poques et la ville est remarquable de vie. Hambourg a une histoire \u00e9tonnante. Il regorge de lieux importants de ses nombreux conflits et guerres. M\u00eame si une grande partie a \u00e9t\u00e9 endommag\u00e9e pendant la guerre, la ville a \u00e9t\u00e9 reconstruite avec l&#039;intention de pr\u00e9senter son histoire. Alors trouvez et comparez les billets d&#039;avion de l&#039;a\u00e9roport de Hambourg \u00e0 Hambourg (HAM) et r\u00e9servez en ligne d\u00e8s maintenant des offres exceptionnelles sur des taxis a\u00e9riens pas chers de l&#039;a\u00e9roport de Hambourg \u00e0 Hambourg.<\/p>\n<h2>Taxi a\u00e9rien pas cher de l&#039;a\u00e9roport de Hambourg au centre-ville de Hambourg, r\u00e9servation en ligne FAQ<\/h2>\n<h3>Quelle est la distance entre l&#039;a\u00e9roport de Hambourg et le centre-ville de Hambourg ?<\/h3>\n<p>La distance du taxi a\u00e9rien \u00e9lectrique de l&#039;a\u00e9roport de Hambourg au vol de Hambourg est de 10 km \/ 6 miles.<\/p>\n<h3>Que sont les taxis volants \u00e9lectriques eVLTO du centre-ville de Hambourg \u00e0 l&#039;a\u00e9roport de Hambourg ?<\/h3>\n<p><!--{cke_protected}{C}%3C!%2D%2D%20%2Fwp%3Aheading%20%2D%2D%3E--><!--{cke_protected}{C}%3C!%2D%2D%20wp%3Aparagraph%20%2D%2D%3E-->Les taxis volants \u00e9lectriques du centre-ville de Hambourg \u00e0 l&#039;avion de l&#039;a\u00e9roport de Hambourg, appel\u00e9s eVTOL (d\u00e9collage et atterrissage verticaux \u00e9lectriques), sont con\u00e7us pour transporter des personnes dans l&#039;atmosph\u00e8re urbaine et urbaine.<\/p>\n<h3>Les taxis a\u00e9riens \u00e9lectriques du centre-ville de Hambourg \u00e0 l&#039;a\u00e9roport de Hambourg sont des transports publics \u00e0 grande vitesse<\/h3>\n<p><!--{cke_protected}{C}%3C!%2D%2D%20%2Fwp%3Aheading%20%2D%2D%3E--><!--{cke_protected}{C}%3C!%2D%2D%20wp%3Aparagraph%20%2D%2D%3E-->Le meilleur avantage des drones taxis a\u00e9riens du centre-ville de Hambourg \u00e0 l&#039;a\u00e9roport de Hambourg est sa grande vitesse. C&#039;est le mode de transport le plus rapide et donc le moyen le plus parfait o\u00f9 le temps est un facteur vital.<\/p>\n<h3>Tr\u00e8s faibles \u00e9missions de carbone<\/h3>\n<p>Taxi drone du centre-ville de Hambourg \u00e0 l&#039;a\u00e9roport de Hambourg Les producteurs utilisent l&#039;\u00e9lectricit\u00e9 pour alimenter leurs v\u00e9hicules. Ainsi, les taxis drones n&#039;\u00e9mettront pas de gaz \u00e0 effet de serre. Par cons\u00e9quent, ces taxis peuvent contribuer \u00e0 r\u00e9duire l&#039;impact du changement climatique. Alors r\u00e9servez d\u00e8s maintenant votre taxi avec l&#039;aide d&#039;un drone taxi du centre-ville de Hambourg \u00e0 l&#039;a\u00e9roport de Hambourg.<\/p>\n<h2>Vols pas chers de A\u00e9roport Hambourg \u00e0 Conseils pour Hambourg<\/h2>\n<p>Les taxis a\u00e9riens drones offrent le plus de vols sans escale entre Hambourg et l&#039;a\u00e9roport de Hambourg.<\/p>","protected":false},"excerpt":{"rendered":"<p>Looking for cheap flights from Hamburg Airport to Hamburg? &gt;&gt; Search, compare and book cheap flight tickets from\u00a0Hamburg Airport to Hamburg (HAM) online now. Air taxi from Hamburg Airport to Hamburg City Centre online booking. The Tiketi.com app helps you search, compare and book cheap flights from Hamburg Airport to Hamburg online. Hamburg is a [&hellip;]<\/p>\n","protected":false},"author":1,"featured_media":14255,"parent":0,"menu_order":0,"comment_status":"open","ping_status":"closed","template":"template-home-modern.php","meta":{"footnotes":""},"class_list":["post-10208","page","type-page","status-publish","has-post-thumbnail","hentry"],"yoast_head":"<!-- This site is optimized with the Yoast SEO plugin v27.3 - https:\/\/yoast.com\/product\/yoast-seo-wordpress\/ -->\n<title>Air Taxi from Hamburg Airport to Hamburg City Centre<\/title>\n<meta name=\"description\" content=\"Looking for cheap air taxi from Hamburg Airport to Hamburg City Centre online booking app? Search &amp; book cheap flights to Hamburg Airport now\" \/>\n<meta name=\"robots\" content=\"index, follow, max-snippet:-1, max-image-preview:large, max-video-preview:-1\" \/>\n<link rel=\"canonical\" href=\"https:\/\/tiketi.com\/fr-fr\/air-taxi-to-hamburg-airport\/\" \/>\n<meta property=\"og:locale\" content=\"fr_FR\" \/>\n<meta property=\"og:type\" content=\"article\" \/>\n<meta property=\"og:title\" content=\"Air Taxi from Hamburg Airport to Hamburg City Centre\" \/>\n<meta property=\"og:description\" content=\"Looking for cheap air taxi from Hamburg Airport to Hamburg City Centre online booking app? Search &amp; book cheap flights to Hamburg Airport now\" \/>\n<meta property=\"og:url\" content=\"https:\/\/tiketi.com\/fr-fr\/air-taxi-to-hamburg-airport\/\" \/>\n<meta property=\"og:site_name\" content=\"Tiketi.com\" \/>\n<meta property=\"article:publisher\" content=\"https:\/\/www.facebook.com\/TiketiCom\/\" \/>\n<meta property=\"article:modified_time\" content=\"2022-01-21T16:30:52+00:00\" \/>\n<meta property=\"og:image\" content=\"https:\/\/tiketi.com\/wp-content\/uploads\/2022\/01\/hamburg-4667427_1280-1.jpg\" \/>\n\t<meta property=\"og:image:width\" content=\"1200\" \/>\n\t<meta property=\"og:image:height\" content=\"215\" \/>\n\t<meta property=\"og:image:type\" content=\"image\/jpeg\" \/>\n<meta name=\"twitter:card\" content=\"summary_large_image\" \/>\n<meta name=\"twitter:label1\" content=\"Dur\u00e9e de lecture estim\u00e9e\" \/>\n\t<meta name=\"twitter:data1\" content=\"2 minutes\" \/>\n<script type=\"application\/ld+json\" class=\"yoast-schema-graph\">{\"@context\":\"https:\\\/\\\/schema.org\",\"@graph\":[{\"@type\":\"WebPage\",\"@id\":\"https:\\\/\\\/tiketi.com\\\/air-taxi-to-hamburg-airport\\\/\",\"url\":\"https:\\\/\\\/tiketi.com\\\/air-taxi-to-hamburg-airport\\\/\",\"name\":\"Air Taxi from Hamburg Airport to Hamburg City Centre\",\"isPartOf\":{\"@id\":\"https:\\\/\\\/tiketi.com\\\/#website\"},\"primaryImageOfPage\":{\"@id\":\"https:\\\/\\\/tiketi.com\\\/air-taxi-to-hamburg-airport\\\/#primaryimage\"},\"image\":{\"@id\":\"https:\\\/\\\/tiketi.com\\\/air-taxi-to-hamburg-airport\\\/#primaryimage\"},\"thumbnailUrl\":\"https:\\\/\\\/tiketi.com\\\/wp-content\\\/uploads\\\/2022\\\/01\\\/hamburg-4667427_1280-1.jpg\",\"datePublished\":\"2022-01-19T11:53:03+00:00\",\"dateModified\":\"2022-01-21T16:30:52+00:00\",\"description\":\"Looking for cheap air taxi from Hamburg Airport to Hamburg City Centre online booking app? Search & book cheap flights to Hamburg Airport now\",\"breadcrumb\":{\"@id\":\"https:\\\/\\\/tiketi.com\\\/air-taxi-to-hamburg-airport\\\/#breadcrumb\"},\"inLanguage\":\"fr-FR\",\"potentialAction\":[{\"@type\":\"ReadAction\",\"target\":[\"https:\\\/\\\/tiketi.com\\\/air-taxi-to-hamburg-airport\\\/\"]}]},{\"@type\":\"ImageObject\",\"inLanguage\":\"fr-FR\",\"@id\":\"https:\\\/\\\/tiketi.com\\\/air-taxi-to-hamburg-airport\\\/#primaryimage\",\"url\":\"https:\\\/\\\/tiketi.com\\\/wp-content\\\/uploads\\\/2022\\\/01\\\/hamburg-4667427_1280-1.jpg\",\"contentUrl\":\"https:\\\/\\\/tiketi.com\\\/wp-content\\\/uploads\\\/2022\\\/01\\\/hamburg-4667427_1280-1.jpg\",\"width\":1200,\"height\":215,\"caption\":\"Air Taxi in Hamburg\"},{\"@type\":\"BreadcrumbList\",\"@id\":\"https:\\\/\\\/tiketi.com\\\/air-taxi-to-hamburg-airport\\\/#breadcrumb\",\"itemListElement\":[{\"@type\":\"ListItem\",\"position\":1,\"name\":\"Home\",\"item\":\"https:\\\/\\\/tiketi.com\\\/\"},{\"@type\":\"ListItem\",\"position\":2,\"name\":\"Air Taxi from Hamburg Airport to Hamburg City Centre\"}]},{\"@type\":\"WebSite\",\"@id\":\"https:\\\/\\\/tiketi.com\\\/#website\",\"url\":\"https:\\\/\\\/tiketi.com\\\/\",\"name\":\"Flight & Bus Tickets, Tour Packages & Activitites - Tiketi.com\",\"description\":\"Flight &amp; Bus Tickets, Tours, Activitites\",\"publisher\":{\"@id\":\"https:\\\/\\\/tiketi.com\\\/#organization\"},\"potentialAction\":[{\"@type\":\"SearchAction\",\"target\":{\"@type\":\"EntryPoint\",\"urlTemplate\":\"https:\\\/\\\/tiketi.com\\\/?s={search_term_string}\"},\"query-input\":{\"@type\":\"PropertyValueSpecification\",\"valueRequired\":true,\"valueName\":\"search_term_string\"}}],\"inLanguage\":\"fr-FR\"},{\"@type\":\"Organization\",\"@id\":\"https:\\\/\\\/tiketi.com\\\/#organization\",\"name\":\"Tiketi.com\",\"alternateName\":\"Tiketi\",\"url\":\"https:\\\/\\\/tiketi.com\\\/\",\"logo\":{\"@type\":\"ImageObject\",\"inLanguage\":\"fr-FR\",\"@id\":\"https:\\\/\\\/tiketi.com\\\/#\\\/schema\\\/logo\\\/image\\\/\",\"url\":\"https:\\\/\\\/tiketi.com\\\/wp-content\\\/uploads\\\/2019\\\/05\\\/tiketi-logo-696.png\",\"contentUrl\":\"https:\\\/\\\/tiketi.com\\\/wp-content\\\/uploads\\\/2019\\\/05\\\/tiketi-logo-696.png\",\"width\":696,\"height\":696,\"caption\":\"Tiketi.com\"},\"image\":{\"@id\":\"https:\\\/\\\/tiketi.com\\\/#\\\/schema\\\/logo\\\/image\\\/\"},\"sameAs\":[\"https:\\\/\\\/www.facebook.com\\\/TiketiCom\\\/\"]}]}<\/script>\n<!-- \/ Yoast SEO plugin. -->","yoast_head_json":{"title":"Taxi a\u00e9rien de l&#039;a\u00e9roport de Hambourg au centre-ville de Hambourg","description":"Vous recherchez une application de r\u00e9servation en ligne de taxi a\u00e9rien bon march\u00e9 de l&#039;a\u00e9roport de Hambourg au centre-ville de Hambourg? Recherchez et r\u00e9servez d\u00e8s maintenant des vols pas chers vers l&#039;a\u00e9roport de Hambourg","robots":{"index":"index","follow":"follow","max-snippet":"max-snippet:-1","max-image-preview":"max-image-preview:large","max-video-preview":"max-video-preview:-1"},"canonical":"https:\/\/tiketi.com\/fr-fr\/air-taxi-to-hamburg-airport\/","og_locale":"fr_FR","og_type":"article","og_title":"Air Taxi from Hamburg Airport to Hamburg City Centre","og_description":"Looking for cheap air taxi from Hamburg Airport to Hamburg City Centre online booking app? Search & book cheap flights to Hamburg Airport now","og_url":"https:\/\/tiketi.com\/fr-fr\/air-taxi-to-hamburg-airport\/","og_site_name":"Tiketi.com","article_publisher":"https:\/\/www.facebook.com\/TiketiCom\/","article_modified_time":"2022-01-21T16:30:52+00:00","og_image":[{"width":1200,"height":215,"url":"https:\/\/tiketi.com\/wp-content\/uploads\/2022\/01\/hamburg-4667427_1280-1.jpg","type":"image\/jpeg"}],"twitter_card":"summary_large_image","twitter_misc":{"Dur\u00e9e de lecture estim\u00e9e":"2 minutes"},"schema":{"@context":"https:\/\/schema.org","@graph":[{"@type":"WebPage","@id":"https:\/\/tiketi.com\/air-taxi-to-hamburg-airport\/","url":"https:\/\/tiketi.com\/air-taxi-to-hamburg-airport\/","name":"Taxi a\u00e9rien de l&#039;a\u00e9roport de Hambourg au centre-ville de Hambourg","isPartOf":{"@id":"https:\/\/tiketi.com\/#website"},"primaryImageOfPage":{"@id":"https:\/\/tiketi.com\/air-taxi-to-hamburg-airport\/#primaryimage"},"image":{"@id":"https:\/\/tiketi.com\/air-taxi-to-hamburg-airport\/#primaryimage"},"thumbnailUrl":"https:\/\/tiketi.com\/wp-content\/uploads\/2022\/01\/hamburg-4667427_1280-1.jpg","datePublished":"2022-01-19T11:53:03+00:00","dateModified":"2022-01-21T16:30:52+00:00","description":"Vous recherchez une application de r\u00e9servation en ligne de taxi a\u00e9rien bon march\u00e9 de l&#039;a\u00e9roport de Hambourg au centre-ville de Hambourg? Recherchez et r\u00e9servez d\u00e8s maintenant des vols pas chers vers l&#039;a\u00e9roport de Hambourg","breadcrumb":{"@id":"https:\/\/tiketi.com\/air-taxi-to-hamburg-airport\/#breadcrumb"},"inLanguage":"fr-FR","potentialAction":[{"@type":"ReadAction","target":["https:\/\/tiketi.com\/air-taxi-to-hamburg-airport\/"]}]},{"@type":"ImageObject","inLanguage":"fr-FR","@id":"https:\/\/tiketi.com\/air-taxi-to-hamburg-airport\/#primaryimage","url":"https:\/\/tiketi.com\/wp-content\/uploads\/2022\/01\/hamburg-4667427_1280-1.jpg","contentUrl":"https:\/\/tiketi.com\/wp-content\/uploads\/2022\/01\/hamburg-4667427_1280-1.jpg","width":1200,"height":215,"caption":"Air Taxi in Hamburg"},{"@type":"BreadcrumbList","@id":"https:\/\/tiketi.com\/air-taxi-to-hamburg-airport\/#breadcrumb","itemListElement":[{"@type":"ListItem","position":1,"name":"Home","item":"https:\/\/tiketi.com\/"},{"@type":"ListItem","position":2,"name":"Air Taxi from Hamburg Airport to Hamburg City Centre"}]},{"@type":"WebSite","@id":"https:\/\/tiketi.com\/#website","url":"https:\/\/tiketi.com\/","name":"Billets d&#039;avion et de bus, forfaits touristiques et activit\u00e9s - Tiketi.com","description":"Billets d&#039;avion et de bus, Tours, Activit\u00e9s","publisher":{"@id":"https:\/\/tiketi.com\/#organization"},"potentialAction":[{"@type":"SearchAction","target":{"@type":"EntryPoint","urlTemplate":"https:\/\/tiketi.com\/?s={search_term_string}"},"query-input":{"@type":"PropertyValueSpecification","valueRequired":true,"valueName":"search_term_string"}}],"inLanguage":"fr-FR"},{"@type":"Organization","@id":"https:\/\/tiketi.com\/#organization","name":"Tiketi.com","alternateName":"Tiketi","url":"https:\/\/tiketi.com\/","logo":{"@type":"ImageObject","inLanguage":"fr-FR","@id":"https:\/\/tiketi.com\/#\/schema\/logo\/image\/","url":"https:\/\/tiketi.com\/wp-content\/uploads\/2019\/05\/tiketi-logo-696.png","contentUrl":"https:\/\/tiketi.com\/wp-content\/uploads\/2019\/05\/tiketi-logo-696.png","width":696,"height":696,"caption":"Tiketi.com"},"image":{"@id":"https:\/\/tiketi.com\/#\/schema\/logo\/image\/"},"sameAs":["https:\/\/www.facebook.com\/TiketiCom\/"]}]}},"_links":{"self":[{"href":"https:\/\/tiketi.com\/fr-fr\/wp-json\/wp\/v2\/pages\/10208","targetHints":{"allow":["GET"]}}],"collection":[{"href":"https:\/\/tiketi.com\/fr-fr\/wp-json\/wp\/v2\/pages"}],"about":[{"href":"https:\/\/tiketi.com\/fr-fr\/wp-json\/wp\/v2\/types\/page"}],"author":[{"embeddable":true,"href":"https:\/\/tiketi.com\/fr-fr\/wp-json\/wp\/v2\/users\/1"}],"replies":[{"embeddable":true,"href":"https:\/\/tiketi.com\/fr-fr\/wp-json\/wp\/v2\/comments?post=10208"}],"version-history":[{"count":0,"href":"https:\/\/tiketi.com\/fr-fr\/wp-json\/wp\/v2\/pages\/10208\/revisions"}],"wp:featuredmedia":[{"embeddable":true,"href":"https:\/\/tiketi.com\/fr-fr\/wp-json\/wp\/v2\/media\/14255"}],"wp:attachment":[{"href":"https:\/\/tiketi.com\/fr-fr\/wp-json\/wp\/v2\/media?parent=10208"}],"curies":[{"name":"wp","href":"https:\/\/api.w.org\/{rel}","templated":true}]}}