{"id":10210,"date":"2022-01-19T12:53:05","date_gmt":"2022-01-19T11:53:05","guid":{"rendered":"https:\/\/new.tiketi.com\/air-taxi-from-berlin-brandenburg-airport-to-berlin-city-centre\/"},"modified":"2022-01-20T23:44:54","modified_gmt":"2022-01-20T22:44:54","slug":"air-taxi-to-berlin-brandenburg-airport","status":"publish","type":"page","link":"https:\/\/tiketi.com\/fr-fr\/air-taxi-to-berlin-brandenburg-airport\/","title":{"rendered":"Taxi a\u00e9rien de l&#039;a\u00e9roport de Berlin Brandebourg au centre-ville de Berlin"},"content":{"rendered":"<h2>Vous recherchez des vols pas chers de A\u00e9roport Berlin Brandebourg \u00e0 Berlin ?<\/h2>\n<h3>&gt;&gt; Recherchez, comparez et r\u00e9servez en ligne maintenant des billets d&#039;avion pas chers de A\u00e9roport Berlin Brandenburg \u00e0 Berlin (BER).<\/h3>\n<p>R\u00e9servation en ligne d&#039;un taxi a\u00e9rien de l&#039;a\u00e9roport de Berlin Brandebourg au centre-ville de Berlin. L&#039;application Tiketi.com vous permet de rechercher, comparer et r\u00e9server en ligne des vols pas chers de A\u00e9roport Berlin Brandebourg \u00e0 Berlin. Capitale de l&#039;Allemagne, Berlin est un centre d&#039;activit\u00e9s touristiques. Il offre quelque chose pour chaque personne, que vous recherchiez la culture et l&#039;histoire ou que vous souhaitiez d\u00e9couvrir la musique, l&#039;art et la vie nocturne incroyables. Berlin est un m\u00e9lange d&#039;architecture charmante de diff\u00e9rentes \u00e9poques et la ville est remarquable de vie. Berlin a une histoire \u00e9tonnante. Il regorge de lieux importants de ses nombreux conflits et guerres. M\u00eame si une grande partie a \u00e9t\u00e9 endommag\u00e9e pendant la guerre, la ville a \u00e9t\u00e9 reconstruite avec l&#039;intention de pr\u00e9senter son histoire. Alors trouvez et comparez les billets d&#039;avion de l&#039;a\u00e9roport de Berlin Brandebourg \u00e0 Berlin (BER) et r\u00e9servez en ligne d\u00e8s maintenant des offres exceptionnelles sur des taxis a\u00e9riens pas chers de l&#039;a\u00e9roport de Berlin Brandebourg \u00e0 Berlin.<\/p>\n<h2>Taxi a\u00e9rien pas cher de l&#039;a\u00e9roport de Berlin Brandebourg \u00e0 Berlin r\u00e9servation en ligne FAQ<\/h2>\n<h3>Quelle est la distance entre A\u00e9roport de Berlin Brandebourg et Berlin ?<\/h3>\n<p>La distance du taxi a\u00e9rien de l&#039;a\u00e9roport de Berlin Brandebourg au vol de Berlin est de 27 kilom\u00e8tres \/ 16,8 miles.<\/p>\n<h3>Quelle est la dur\u00e9e des vols pas chers de A\u00e9roport Berlin Brandebourg \u00e0 Berlin ?<\/h3>\n<p>La dur\u00e9e moyenne d&#039;un vol de A\u00e9roport Berlin Brandebourg \u00e0 Berlin est de 00:50 minutes.<\/p>\n<h3>Que sont les taxis volants \u00e9lectriques eVLTO de l&#039;a\u00e9roport de Berlin Brandebourg \u00e0 Berlin ?<\/h3>\n<p><!--{cke_protected}{C}%3C!%2D%2D%20%2Fwp%3Aheading%20%2D%2D%3E--><!--{cke_protected}{C}%3C!%2D%2D%20wp%3Aparagraph%20%2D%2D%3E-->Les taxis volants par drone de l&#039;a\u00e9roport de Berlin Brandebourg \u00e0 l&#039;avion de Berlin, appel\u00e9s eVTOL (d\u00e9collage et atterrissage verticaux \u00e9lectriques), sont con\u00e7us pour transporter des personnes dans l&#039;atmosph\u00e8re urbaine et urbaine.<\/p>\n<h3>Les taxis a\u00e9riens \u00e9lectriques de l&#039;a\u00e9roport de Berlin Brandebourg \u00e0 Berlin sont des transports publics \u00e0 grande vitesse<\/h3>\n<p><!--{cke_protected}{C}%3C!%2D%2D%20%2Fwp%3Aheading%20%2D%2D%3E--><!--{cke_protected}{C}%3C!%2D%2D%20wp%3Aparagraph%20%2D%2D%3E-->Le meilleur avantage des taxis a\u00e9riens de l&#039;a\u00e9roport de Berlin Brandebourg \u00e0 Berlin est sa grande vitesse. C&#039;est le mode de transport le plus rapide et donc le moyen le plus parfait o\u00f9 le temps est un facteur vital.<\/p>\n<h3>Le taxi volant \u00e9lectrique de l&#039;a\u00e9roport de Berlin Brandebourg \u00e0 Berlin a de tr\u00e8s faibles \u00e9missions de carbone<\/h3>\n<p>Taxi drone de l&#039;a\u00e9roport de Berlin Brandebourg aux producteurs de Berlin utilisent l&#039;\u00e9lectricit\u00e9 pour alimenter leurs v\u00e9hicules. Ainsi, les taxis drones n&#039;\u00e9mettront pas de gaz \u00e0 effet de serre. Par cons\u00e9quent, ces taxis peuvent contribuer \u00e0 r\u00e9duire l&#039;impact du changement climatique. Alors r\u00e9servez votre taxi avec l&#039;aide d&#039;un taxi drone de l&#039;a\u00e9roport de Berlin Brandebourg \u00e0 Berlin maintenant.<\/p>\n<h2>Vols pas chers de A\u00e9roport Berlin Brandebourg \u00e0 Berlin<\/h2>\n<p>\u2022 Air propose le plus grand nombre de vols sans escale entre Berlin et l&#039;a\u00e9roport de Berlin Brandebourg.<\/p>","protected":false},"excerpt":{"rendered":"<p>Looking for cheap flights from Berlin Brandenburg Airport to Berlin? &gt;&gt; Search, compare and book cheap flight tickets from\u00a0Berlin Brandenburg Airport to Berlin (BER) online now. Air taxi from Berlin Brandenburg Airport to Berlin City Centre online booking. The Tiketi.com app helps you search, compare and book cheap flights from Berlin Brandenburg Airport to Berlin [&hellip;]<\/p>\n","protected":false},"author":1,"featured_media":14057,"parent":0,"menu_order":0,"comment_status":"open","ping_status":"closed","template":"template-home-modern.php","meta":{"footnotes":""},"class_list":["post-10210","page","type-page","status-publish","has-post-thumbnail","hentry"],"yoast_head":"<!-- This site is optimized with the Yoast SEO plugin v27.3 - https:\/\/yoast.com\/product\/yoast-seo-wordpress\/ -->\n<title>Air Taxi from Berlin Brandenburg Airport to Berlin City Centre<\/title>\n<meta name=\"description\" content=\"Looking for cheap air taxi from Berlin Brandenburg Airport to Berlin online booking? Search &amp; book cheap flights from Berlin Brandenburg Airport to Berlin\" \/>\n<meta name=\"robots\" content=\"index, follow, max-snippet:-1, max-image-preview:large, max-video-preview:-1\" \/>\n<link rel=\"canonical\" href=\"https:\/\/tiketi.com\/fr-fr\/air-taxi-to-berlin-brandenburg-airport\/\" \/>\n<meta property=\"og:locale\" content=\"fr_FR\" \/>\n<meta property=\"og:type\" content=\"article\" \/>\n<meta property=\"og:title\" content=\"Air Taxi from Berlin Brandenburg Airport to Berlin City Centre\" \/>\n<meta property=\"og:description\" content=\"Looking for cheap air taxi from Berlin Brandenburg Airport to Berlin online booking? Search &amp; book cheap flights from Berlin Brandenburg Airport to Berlin\" \/>\n<meta property=\"og:url\" content=\"https:\/\/tiketi.com\/fr-fr\/air-taxi-to-berlin-brandenburg-airport\/\" \/>\n<meta property=\"og:site_name\" content=\"Tiketi.com\" \/>\n<meta property=\"article:publisher\" content=\"https:\/\/www.facebook.com\/TiketiCom\/\" \/>\n<meta property=\"article:modified_time\" content=\"2022-01-20T22:44:54+00:00\" \/>\n<meta property=\"og:image\" content=\"https:\/\/tiketi.com\/wp-content\/uploads\/2022\/01\/drone-air-taxi-6819108_1280.jpg\" \/>\n\t<meta property=\"og:image:width\" content=\"1213\" \/>\n\t<meta property=\"og:image:height\" content=\"200\" \/>\n\t<meta property=\"og:image:type\" content=\"image\/jpeg\" \/>\n<meta name=\"twitter:card\" content=\"summary_large_image\" \/>\n<meta name=\"twitter:label1\" content=\"Dur\u00e9e de lecture estim\u00e9e\" \/>\n\t<meta name=\"twitter:data1\" content=\"2 minutes\" \/>\n<script type=\"application\/ld+json\" class=\"yoast-schema-graph\">{\"@context\":\"https:\\\/\\\/schema.org\",\"@graph\":[{\"@type\":\"WebPage\",\"@id\":\"https:\\\/\\\/tiketi.com\\\/air-taxi-to-berlin-brandenburg-airport\\\/\",\"url\":\"https:\\\/\\\/tiketi.com\\\/air-taxi-to-berlin-brandenburg-airport\\\/\",\"name\":\"Air Taxi from Berlin Brandenburg Airport to Berlin City Centre\",\"isPartOf\":{\"@id\":\"https:\\\/\\\/tiketi.com\\\/#website\"},\"primaryImageOfPage\":{\"@id\":\"https:\\\/\\\/tiketi.com\\\/air-taxi-to-berlin-brandenburg-airport\\\/#primaryimage\"},\"image\":{\"@id\":\"https:\\\/\\\/tiketi.com\\\/air-taxi-to-berlin-brandenburg-airport\\\/#primaryimage\"},\"thumbnailUrl\":\"https:\\\/\\\/tiketi.com\\\/wp-content\\\/uploads\\\/2022\\\/01\\\/drone-air-taxi-6819108_1280.jpg\",\"datePublished\":\"2022-01-19T11:53:05+00:00\",\"dateModified\":\"2022-01-20T22:44:54+00:00\",\"description\":\"Looking for cheap air taxi from Berlin Brandenburg Airport to Berlin online booking? Search & book cheap flights from Berlin Brandenburg Airport to Berlin\",\"breadcrumb\":{\"@id\":\"https:\\\/\\\/tiketi.com\\\/air-taxi-to-berlin-brandenburg-airport\\\/#breadcrumb\"},\"inLanguage\":\"fr-FR\",\"potentialAction\":[{\"@type\":\"ReadAction\",\"target\":[\"https:\\\/\\\/tiketi.com\\\/air-taxi-to-berlin-brandenburg-airport\\\/\"]}]},{\"@type\":\"ImageObject\",\"inLanguage\":\"fr-FR\",\"@id\":\"https:\\\/\\\/tiketi.com\\\/air-taxi-to-berlin-brandenburg-airport\\\/#primaryimage\",\"url\":\"https:\\\/\\\/tiketi.com\\\/wp-content\\\/uploads\\\/2022\\\/01\\\/drone-air-taxi-6819108_1280.jpg\",\"contentUrl\":\"https:\\\/\\\/tiketi.com\\\/wp-content\\\/uploads\\\/2022\\\/01\\\/drone-air-taxi-6819108_1280.jpg\",\"width\":1213,\"height\":200,\"caption\":\"Drone Air taxi\"},{\"@type\":\"BreadcrumbList\",\"@id\":\"https:\\\/\\\/tiketi.com\\\/air-taxi-to-berlin-brandenburg-airport\\\/#breadcrumb\",\"itemListElement\":[{\"@type\":\"ListItem\",\"position\":1,\"name\":\"Home\",\"item\":\"https:\\\/\\\/tiketi.com\\\/\"},{\"@type\":\"ListItem\",\"position\":2,\"name\":\"Air Taxi from Berlin Brandenburg Airport to Berlin City Centre\"}]},{\"@type\":\"WebSite\",\"@id\":\"https:\\\/\\\/tiketi.com\\\/#website\",\"url\":\"https:\\\/\\\/tiketi.com\\\/\",\"name\":\"Flight & Bus Tickets, Tour Packages & Activitites - Tiketi.com\",\"description\":\"Flight &amp; Bus Tickets, Tours, Activitites\",\"publisher\":{\"@id\":\"https:\\\/\\\/tiketi.com\\\/#organization\"},\"potentialAction\":[{\"@type\":\"SearchAction\",\"target\":{\"@type\":\"EntryPoint\",\"urlTemplate\":\"https:\\\/\\\/tiketi.com\\\/?s={search_term_string}\"},\"query-input\":{\"@type\":\"PropertyValueSpecification\",\"valueRequired\":true,\"valueName\":\"search_term_string\"}}],\"inLanguage\":\"fr-FR\"},{\"@type\":\"Organization\",\"@id\":\"https:\\\/\\\/tiketi.com\\\/#organization\",\"name\":\"Tiketi.com\",\"alternateName\":\"Tiketi\",\"url\":\"https:\\\/\\\/tiketi.com\\\/\",\"logo\":{\"@type\":\"ImageObject\",\"inLanguage\":\"fr-FR\",\"@id\":\"https:\\\/\\\/tiketi.com\\\/#\\\/schema\\\/logo\\\/image\\\/\",\"url\":\"https:\\\/\\\/tiketi.com\\\/wp-content\\\/uploads\\\/2019\\\/05\\\/tiketi-logo-696.png\",\"contentUrl\":\"https:\\\/\\\/tiketi.com\\\/wp-content\\\/uploads\\\/2019\\\/05\\\/tiketi-logo-696.png\",\"width\":696,\"height\":696,\"caption\":\"Tiketi.com\"},\"image\":{\"@id\":\"https:\\\/\\\/tiketi.com\\\/#\\\/schema\\\/logo\\\/image\\\/\"},\"sameAs\":[\"https:\\\/\\\/www.facebook.com\\\/TiketiCom\\\/\"]}]}<\/script>\n<!-- \/ Yoast SEO plugin. -->","yoast_head_json":{"title":"Taxi a\u00e9rien de l&#039;a\u00e9roport de Berlin Brandebourg au centre-ville de Berlin","description":"Vous recherchez une r\u00e9servation en ligne de taxi a\u00e9rien pas cher de l&#039;a\u00e9roport de Berlin Brandebourg \u00e0 Berlin? Recherchez et r\u00e9servez des vols pas chers de A\u00e9roport de Berlin-Brandebourg \u00e0 Berlin","robots":{"index":"index","follow":"follow","max-snippet":"max-snippet:-1","max-image-preview":"max-image-preview:large","max-video-preview":"max-video-preview:-1"},"canonical":"https:\/\/tiketi.com\/fr-fr\/air-taxi-to-berlin-brandenburg-airport\/","og_locale":"fr_FR","og_type":"article","og_title":"Air Taxi from Berlin Brandenburg Airport to Berlin City Centre","og_description":"Looking for cheap air taxi from Berlin Brandenburg Airport to Berlin online booking? Search & book cheap flights from Berlin Brandenburg Airport to Berlin","og_url":"https:\/\/tiketi.com\/fr-fr\/air-taxi-to-berlin-brandenburg-airport\/","og_site_name":"Tiketi.com","article_publisher":"https:\/\/www.facebook.com\/TiketiCom\/","article_modified_time":"2022-01-20T22:44:54+00:00","og_image":[{"width":1213,"height":200,"url":"https:\/\/tiketi.com\/wp-content\/uploads\/2022\/01\/drone-air-taxi-6819108_1280.jpg","type":"image\/jpeg"}],"twitter_card":"summary_large_image","twitter_misc":{"Dur\u00e9e de lecture estim\u00e9e":"2 minutes"},"schema":{"@context":"https:\/\/schema.org","@graph":[{"@type":"WebPage","@id":"https:\/\/tiketi.com\/air-taxi-to-berlin-brandenburg-airport\/","url":"https:\/\/tiketi.com\/air-taxi-to-berlin-brandenburg-airport\/","name":"Taxi a\u00e9rien de l&#039;a\u00e9roport de Berlin Brandebourg au centre-ville de Berlin","isPartOf":{"@id":"https:\/\/tiketi.com\/#website"},"primaryImageOfPage":{"@id":"https:\/\/tiketi.com\/air-taxi-to-berlin-brandenburg-airport\/#primaryimage"},"image":{"@id":"https:\/\/tiketi.com\/air-taxi-to-berlin-brandenburg-airport\/#primaryimage"},"thumbnailUrl":"https:\/\/tiketi.com\/wp-content\/uploads\/2022\/01\/drone-air-taxi-6819108_1280.jpg","datePublished":"2022-01-19T11:53:05+00:00","dateModified":"2022-01-20T22:44:54+00:00","description":"Vous recherchez une r\u00e9servation en ligne de taxi a\u00e9rien pas cher de l&#039;a\u00e9roport de Berlin Brandebourg \u00e0 Berlin? Recherchez et r\u00e9servez des vols pas chers de A\u00e9roport de Berlin-Brandebourg \u00e0 Berlin","breadcrumb":{"@id":"https:\/\/tiketi.com\/air-taxi-to-berlin-brandenburg-airport\/#breadcrumb"},"inLanguage":"fr-FR","potentialAction":[{"@type":"ReadAction","target":["https:\/\/tiketi.com\/air-taxi-to-berlin-brandenburg-airport\/"]}]},{"@type":"ImageObject","inLanguage":"fr-FR","@id":"https:\/\/tiketi.com\/air-taxi-to-berlin-brandenburg-airport\/#primaryimage","url":"https:\/\/tiketi.com\/wp-content\/uploads\/2022\/01\/drone-air-taxi-6819108_1280.jpg","contentUrl":"https:\/\/tiketi.com\/wp-content\/uploads\/2022\/01\/drone-air-taxi-6819108_1280.jpg","width":1213,"height":200,"caption":"Drone Air taxi"},{"@type":"BreadcrumbList","@id":"https:\/\/tiketi.com\/air-taxi-to-berlin-brandenburg-airport\/#breadcrumb","itemListElement":[{"@type":"ListItem","position":1,"name":"Home","item":"https:\/\/tiketi.com\/"},{"@type":"ListItem","position":2,"name":"Air Taxi from Berlin Brandenburg Airport to Berlin City Centre"}]},{"@type":"WebSite","@id":"https:\/\/tiketi.com\/#website","url":"https:\/\/tiketi.com\/","name":"Billets d&#039;avion et de bus, forfaits touristiques et activit\u00e9s - Tiketi.com","description":"Billets d&#039;avion et de bus, Tours, Activit\u00e9s","publisher":{"@id":"https:\/\/tiketi.com\/#organization"},"potentialAction":[{"@type":"SearchAction","target":{"@type":"EntryPoint","urlTemplate":"https:\/\/tiketi.com\/?s={search_term_string}"},"query-input":{"@type":"PropertyValueSpecification","valueRequired":true,"valueName":"search_term_string"}}],"inLanguage":"fr-FR"},{"@type":"Organization","@id":"https:\/\/tiketi.com\/#organization","name":"Tiketi.com","alternateName":"Tiketi","url":"https:\/\/tiketi.com\/","logo":{"@type":"ImageObject","inLanguage":"fr-FR","@id":"https:\/\/tiketi.com\/#\/schema\/logo\/image\/","url":"https:\/\/tiketi.com\/wp-content\/uploads\/2019\/05\/tiketi-logo-696.png","contentUrl":"https:\/\/tiketi.com\/wp-content\/uploads\/2019\/05\/tiketi-logo-696.png","width":696,"height":696,"caption":"Tiketi.com"},"image":{"@id":"https:\/\/tiketi.com\/#\/schema\/logo\/image\/"},"sameAs":["https:\/\/www.facebook.com\/TiketiCom\/"]}]}},"_links":{"self":[{"href":"https:\/\/tiketi.com\/fr-fr\/wp-json\/wp\/v2\/pages\/10210","targetHints":{"allow":["GET"]}}],"collection":[{"href":"https:\/\/tiketi.com\/fr-fr\/wp-json\/wp\/v2\/pages"}],"about":[{"href":"https:\/\/tiketi.com\/fr-fr\/wp-json\/wp\/v2\/types\/page"}],"author":[{"embeddable":true,"href":"https:\/\/tiketi.com\/fr-fr\/wp-json\/wp\/v2\/users\/1"}],"replies":[{"embeddable":true,"href":"https:\/\/tiketi.com\/fr-fr\/wp-json\/wp\/v2\/comments?post=10210"}],"version-history":[{"count":0,"href":"https:\/\/tiketi.com\/fr-fr\/wp-json\/wp\/v2\/pages\/10210\/revisions"}],"wp:featuredmedia":[{"embeddable":true,"href":"https:\/\/tiketi.com\/fr-fr\/wp-json\/wp\/v2\/media\/14057"}],"wp:attachment":[{"href":"https:\/\/tiketi.com\/fr-fr\/wp-json\/wp\/v2\/media?parent=10210"}],"curies":[{"name":"wp","href":"https:\/\/api.w.org\/{rel}","templated":true}]}}