{"id":10211,"date":"2022-01-19T12:53:05","date_gmt":"2022-01-19T11:53:05","guid":{"rendered":"https:\/\/new.tiketi.com\/cheap-flights-air-taxi-from-wilmington-to-washington-dc\/"},"modified":"2022-02-05T13:18:17","modified_gmt":"2022-02-05T12:18:17","slug":"air-taxi-from-washington-dc-to-wilmington-online-booking-cheap-flights","status":"publish","type":"page","link":"https:\/\/tiketi.com\/fr-fr\/air-taxi-from-washington-dc-to-wilmington-online-booking-cheap-flights\/","title":{"rendered":"Taxi a\u00e9rien de Wilmington \u00e0 Washington DC"},"content":{"rendered":"<h2>Vous recherchez des vols \u00e0 bas prix de Washington DC \u00e0 Wilmington ?<\/h2>\n<h3>Recherchez, comparez et r\u00e9servez en ligne maintenant des billets d&#039;avion \u00e0 bas prix de Washington DC \u00e0 Wilmington.<\/h3>\n<p>La r\u00e9servation en ligne d&#039;un taxi a\u00e9rien \u00e9lectrique de Wilmington \u00e0 Washington DC sera bient\u00f4t possible. L&#039;application Tiketi.com vous permet de rechercher, comparer et r\u00e9server en ligne des vols pas chers de Washington DC \u00e0 Wilmington. Washington DC DC est l&#039;une des capitales les plus vitales de la plan\u00e8te. Ce n&#039;est peut-\u00eatre pas aussi grand que d&#039;autres capitales, mais il y a quand m\u00eame beaucoup de choses \u00e0 voir et \u00e0 faire. C&#039;est un endroit remarquable pour en apprendre davantage sur l&#039;histoire de l&#039;Am\u00e9rique, de la visualisation de documents pr\u00e9cieux \u00e0 la visualisation du Congr\u00e8s en action. Des dizaines de mus\u00e9es abondent dans la place centrale. Un syst\u00e8me de m\u00e9tro performant facilite les d\u00e9placements dans la ville. Si vous pr\u00e9voyez de visiter fin mars et en avril, ne manquez pas de visiter le Tidal Basin, o\u00f9 vous trouverez 1 000 cerisiers en fleurs roses, sans parler des situations \u00e9tonnantes pour explorer les quartiers de la ville. Alors trouvez et comparez les billets d&#039;avion de Washington DC \u00e0 Wilmington et r\u00e9servez en ligne d\u00e8s maintenant des offres exceptionnelles sur des taxis a\u00e9riens pas chers de Washington DC \u00e0 Wilmington.<\/p>\n<h2>FAQ sur la r\u00e9servation en ligne d&#039;un taxi a\u00e9rien pas cher de Wilmington \u00e0 Washington DC<\/h2>\n<h3>Quelle est la distance entre Washington DC et Wilmington ?<\/h3>\n<p>La distance des vols de Washington DC \u00e0 Wilmington est de 111 miles ou 179 km.<\/p>\n<h3>Que sont les taxis volants \u00e9lectriques eVLTO de Wilmington \u00e0 Washington DCi ?<\/h3>\n<p><!--{cke_protected}{C}%3C!%2D%2D%20%2Fwp%3Aheading%20%2D%2D%3E--><!--{cke_protected}{C}%3C!%2D%2D%20wp%3Aparagraph%20%2D%2D%3E-->Les taxis volants \u00e9lectriques de Wilmington \u00e0 Washington DCi, appel\u00e9s eVTOL (d\u00e9collage et atterrissage verticaux \u00e9lectriques), sont con\u00e7us pour transporter des personnes dans l&#039;atmosph\u00e8re urbaine et urbaine.<\/p>\n<h3>Les taxis a\u00e9riens \u00e9lectriques de Wilmington \u00e0 Washington DCi sont des transports publics \u00e0 grande vitesse<\/h3>\n<p><!--{cke_protected}{C}%3C!%2D%2D%20%2Fwp%3Aheading%20%2D%2D%3E--><!--{cke_protected}{C}%3C!%2D%2D%20wp%3Aparagraph%20%2D%2D%3E-->Le meilleur avantage des drones taxis a\u00e9riens de Wilmington \u00e0 Washington DCi est sa grande vitesse. C&#039;est le mode de transport le plus rapide et donc le moyen le plus parfait o\u00f9 le temps est un facteur vital.<\/p>\n<h3>Le taxi volant par drone de Wilmington \u00e0 Washington DCi a de tr\u00e8s faibles \u00e9missions de carbone<\/h3>\n<p>Drone taxi de Wilmington \u00e0 Washington Les producteurs de DCi utilisent l&#039;\u00e9lectricit\u00e9 pour alimenter leurs v\u00e9hicules. Ainsi, les taxis drones n&#039;\u00e9mettront pas de gaz \u00e0 effet de serre. Par cons\u00e9quent, ces taxis peuvent contribuer \u00e0 r\u00e9duire l&#039;impact du changement climatique. Alors r\u00e9servez votre taxi avec l&#039;aide d&#039;un taxi drone de Wilmington \u00e0 Washington DCi maintenant.<\/p>\n<h2>Vols bon march\u00e9 de Washington \u00e0 Wilmington<\/h2>\n<p>Les vols pas chers avec drone de Washington DC \u00e0 Wilmington offriront le plus de vols sans escale entre Wilmington et Washington DC.<\/p>","protected":false},"excerpt":{"rendered":"<p>Looking for cheap flights from Washington DC to Wilmington? Search, compare and book cheap flight tickets from Washington DC to Wilmington online now. Electric air taxi from Wilmington to Washington DC online booking will be possible soon. The Tiketi.com app helps you search, compare and book cheap flights from Washington DC to Wilmington&nbsp;online.&nbsp;Washington DC&nbsp;D.C. is [&hellip;]<\/p>\n","protected":false},"author":1,"featured_media":14358,"parent":0,"menu_order":0,"comment_status":"open","ping_status":"closed","template":"template-home-modern.php","meta":{"footnotes":""},"class_list":["post-10211","page","type-page","status-publish","has-post-thumbnail","hentry"],"yoast_head":"<!-- This site is optimized with the Yoast SEO plugin v27.3 - https:\/\/yoast.com\/product\/yoast-seo-wordpress\/ -->\n<title>Air Taxi from Wilmington to Washington DC<\/title>\n<meta name=\"description\" content=\"Looking for cheap air taxi from Wilmington to Washington DC online booking app? Compare and book cheap flights from Washington DC to Wilmington\" \/>\n<meta name=\"robots\" content=\"index, follow, max-snippet:-1, max-image-preview:large, max-video-preview:-1\" \/>\n<link rel=\"canonical\" href=\"https:\/\/tiketi.com\/fr-fr\/air-taxi-from-washington-dc-to-wilmington-online-booking-cheap-flights\/\" \/>\n<meta property=\"og:locale\" content=\"fr_FR\" \/>\n<meta property=\"og:type\" content=\"article\" \/>\n<meta property=\"og:title\" content=\"Air Taxi from Wilmington to Washington DC\" \/>\n<meta property=\"og:description\" content=\"Looking for cheap air taxi from Wilmington to Washington DC online booking app? Compare and book cheap flights from Washington DC to Wilmington\" \/>\n<meta property=\"og:url\" content=\"https:\/\/tiketi.com\/fr-fr\/air-taxi-from-washington-dc-to-wilmington-online-booking-cheap-flights\/\" \/>\n<meta property=\"og:site_name\" content=\"Tiketi.com\" \/>\n<meta property=\"article:publisher\" content=\"https:\/\/www.facebook.com\/TiketiCom\/\" \/>\n<meta property=\"article:modified_time\" content=\"2022-02-05T12:18:17+00:00\" \/>\n<meta property=\"og:image\" content=\"https:\/\/tiketi.com\/wp-content\/uploads\/2022\/01\/washington-dc-tidal-basin-6.jpg\" \/>\n\t<meta property=\"og:image:width\" content=\"1200\" \/>\n\t<meta property=\"og:image:height\" content=\"200\" \/>\n\t<meta property=\"og:image:type\" content=\"image\/jpeg\" \/>\n<meta name=\"twitter:card\" content=\"summary_large_image\" \/>\n<meta name=\"twitter:label1\" content=\"Dur\u00e9e de lecture estim\u00e9e\" \/>\n\t<meta name=\"twitter:data1\" content=\"2 minutes\" \/>\n<script type=\"application\/ld+json\" class=\"yoast-schema-graph\">{\"@context\":\"https:\\\/\\\/schema.org\",\"@graph\":[{\"@type\":\"WebPage\",\"@id\":\"https:\\\/\\\/tiketi.com\\\/air-taxi-from-washington-dc-to-wilmington-online-booking-cheap-flights\\\/\",\"url\":\"https:\\\/\\\/tiketi.com\\\/air-taxi-from-washington-dc-to-wilmington-online-booking-cheap-flights\\\/\",\"name\":\"Air Taxi from Wilmington to Washington DC\",\"isPartOf\":{\"@id\":\"https:\\\/\\\/tiketi.com\\\/#website\"},\"primaryImageOfPage\":{\"@id\":\"https:\\\/\\\/tiketi.com\\\/air-taxi-from-washington-dc-to-wilmington-online-booking-cheap-flights\\\/#primaryimage\"},\"image\":{\"@id\":\"https:\\\/\\\/tiketi.com\\\/air-taxi-from-washington-dc-to-wilmington-online-booking-cheap-flights\\\/#primaryimage\"},\"thumbnailUrl\":\"https:\\\/\\\/tiketi.com\\\/wp-content\\\/uploads\\\/2022\\\/01\\\/washington-dc-tidal-basin-6.jpg\",\"datePublished\":\"2022-01-19T11:53:05+00:00\",\"dateModified\":\"2022-02-05T12:18:17+00:00\",\"description\":\"Looking for cheap air taxi from Wilmington to Washington DC online booking app? Compare and book cheap flights from Washington DC to Wilmington\",\"breadcrumb\":{\"@id\":\"https:\\\/\\\/tiketi.com\\\/air-taxi-from-washington-dc-to-wilmington-online-booking-cheap-flights\\\/#breadcrumb\"},\"inLanguage\":\"fr-FR\",\"potentialAction\":[{\"@type\":\"ReadAction\",\"target\":[\"https:\\\/\\\/tiketi.com\\\/air-taxi-from-washington-dc-to-wilmington-online-booking-cheap-flights\\\/\"]}]},{\"@type\":\"ImageObject\",\"inLanguage\":\"fr-FR\",\"@id\":\"https:\\\/\\\/tiketi.com\\\/air-taxi-from-washington-dc-to-wilmington-online-booking-cheap-flights\\\/#primaryimage\",\"url\":\"https:\\\/\\\/tiketi.com\\\/wp-content\\\/uploads\\\/2022\\\/01\\\/washington-dc-tidal-basin-6.jpg\",\"contentUrl\":\"https:\\\/\\\/tiketi.com\\\/wp-content\\\/uploads\\\/2022\\\/01\\\/washington-dc-tidal-basin-6.jpg\",\"width\":1200,\"height\":200,\"caption\":\"Air Taxi in Washington Online Booking\"},{\"@type\":\"BreadcrumbList\",\"@id\":\"https:\\\/\\\/tiketi.com\\\/air-taxi-from-washington-dc-to-wilmington-online-booking-cheap-flights\\\/#breadcrumb\",\"itemListElement\":[{\"@type\":\"ListItem\",\"position\":1,\"name\":\"Home\",\"item\":\"https:\\\/\\\/tiketi.com\\\/\"},{\"@type\":\"ListItem\",\"position\":2,\"name\":\"Air Taxi from Wilmington to Washington DC\"}]},{\"@type\":\"WebSite\",\"@id\":\"https:\\\/\\\/tiketi.com\\\/#website\",\"url\":\"https:\\\/\\\/tiketi.com\\\/\",\"name\":\"Flight & Bus Tickets, Tour Packages & Activitites - Tiketi.com\",\"description\":\"Flight &amp; Bus Tickets, Tours, Activitites\",\"publisher\":{\"@id\":\"https:\\\/\\\/tiketi.com\\\/#organization\"},\"potentialAction\":[{\"@type\":\"SearchAction\",\"target\":{\"@type\":\"EntryPoint\",\"urlTemplate\":\"https:\\\/\\\/tiketi.com\\\/?s={search_term_string}\"},\"query-input\":{\"@type\":\"PropertyValueSpecification\",\"valueRequired\":true,\"valueName\":\"search_term_string\"}}],\"inLanguage\":\"fr-FR\"},{\"@type\":\"Organization\",\"@id\":\"https:\\\/\\\/tiketi.com\\\/#organization\",\"name\":\"Tiketi.com\",\"alternateName\":\"Tiketi\",\"url\":\"https:\\\/\\\/tiketi.com\\\/\",\"logo\":{\"@type\":\"ImageObject\",\"inLanguage\":\"fr-FR\",\"@id\":\"https:\\\/\\\/tiketi.com\\\/#\\\/schema\\\/logo\\\/image\\\/\",\"url\":\"https:\\\/\\\/tiketi.com\\\/wp-content\\\/uploads\\\/2019\\\/05\\\/tiketi-logo-696.png\",\"contentUrl\":\"https:\\\/\\\/tiketi.com\\\/wp-content\\\/uploads\\\/2019\\\/05\\\/tiketi-logo-696.png\",\"width\":696,\"height\":696,\"caption\":\"Tiketi.com\"},\"image\":{\"@id\":\"https:\\\/\\\/tiketi.com\\\/#\\\/schema\\\/logo\\\/image\\\/\"},\"sameAs\":[\"https:\\\/\\\/www.facebook.com\\\/TiketiCom\\\/\"]}]}<\/script>\n<!-- \/ Yoast SEO plugin. -->","yoast_head_json":{"title":"Taxi a\u00e9rien de Wilmington \u00e0 Washington DC","description":"Vous recherchez une application de r\u00e9servation en ligne de taxi a\u00e9rien pas cher de Wilmington \u00e0 Washington DC? Comparez et r\u00e9servez des vols pas chers de Washington \u00e0 Wilmington","robots":{"index":"index","follow":"follow","max-snippet":"max-snippet:-1","max-image-preview":"max-image-preview:large","max-video-preview":"max-video-preview:-1"},"canonical":"https:\/\/tiketi.com\/fr-fr\/air-taxi-from-washington-dc-to-wilmington-online-booking-cheap-flights\/","og_locale":"fr_FR","og_type":"article","og_title":"Air Taxi from Wilmington to Washington DC","og_description":"Looking for cheap air taxi from Wilmington to Washington DC online booking app? Compare and book cheap flights from Washington DC to Wilmington","og_url":"https:\/\/tiketi.com\/fr-fr\/air-taxi-from-washington-dc-to-wilmington-online-booking-cheap-flights\/","og_site_name":"Tiketi.com","article_publisher":"https:\/\/www.facebook.com\/TiketiCom\/","article_modified_time":"2022-02-05T12:18:17+00:00","og_image":[{"width":1200,"height":200,"url":"https:\/\/tiketi.com\/wp-content\/uploads\/2022\/01\/washington-dc-tidal-basin-6.jpg","type":"image\/jpeg"}],"twitter_card":"summary_large_image","twitter_misc":{"Dur\u00e9e de lecture estim\u00e9e":"2 minutes"},"schema":{"@context":"https:\/\/schema.org","@graph":[{"@type":"WebPage","@id":"https:\/\/tiketi.com\/air-taxi-from-washington-dc-to-wilmington-online-booking-cheap-flights\/","url":"https:\/\/tiketi.com\/air-taxi-from-washington-dc-to-wilmington-online-booking-cheap-flights\/","name":"Taxi a\u00e9rien de Wilmington \u00e0 Washington DC","isPartOf":{"@id":"https:\/\/tiketi.com\/#website"},"primaryImageOfPage":{"@id":"https:\/\/tiketi.com\/air-taxi-from-washington-dc-to-wilmington-online-booking-cheap-flights\/#primaryimage"},"image":{"@id":"https:\/\/tiketi.com\/air-taxi-from-washington-dc-to-wilmington-online-booking-cheap-flights\/#primaryimage"},"thumbnailUrl":"https:\/\/tiketi.com\/wp-content\/uploads\/2022\/01\/washington-dc-tidal-basin-6.jpg","datePublished":"2022-01-19T11:53:05+00:00","dateModified":"2022-02-05T12:18:17+00:00","description":"Vous recherchez une application de r\u00e9servation en ligne de taxi a\u00e9rien pas cher de Wilmington \u00e0 Washington DC? Comparez et r\u00e9servez des vols pas chers de Washington \u00e0 Wilmington","breadcrumb":{"@id":"https:\/\/tiketi.com\/air-taxi-from-washington-dc-to-wilmington-online-booking-cheap-flights\/#breadcrumb"},"inLanguage":"fr-FR","potentialAction":[{"@type":"ReadAction","target":["https:\/\/tiketi.com\/air-taxi-from-washington-dc-to-wilmington-online-booking-cheap-flights\/"]}]},{"@type":"ImageObject","inLanguage":"fr-FR","@id":"https:\/\/tiketi.com\/air-taxi-from-washington-dc-to-wilmington-online-booking-cheap-flights\/#primaryimage","url":"https:\/\/tiketi.com\/wp-content\/uploads\/2022\/01\/washington-dc-tidal-basin-6.jpg","contentUrl":"https:\/\/tiketi.com\/wp-content\/uploads\/2022\/01\/washington-dc-tidal-basin-6.jpg","width":1200,"height":200,"caption":"Air Taxi in Washington Online Booking"},{"@type":"BreadcrumbList","@id":"https:\/\/tiketi.com\/air-taxi-from-washington-dc-to-wilmington-online-booking-cheap-flights\/#breadcrumb","itemListElement":[{"@type":"ListItem","position":1,"name":"Home","item":"https:\/\/tiketi.com\/"},{"@type":"ListItem","position":2,"name":"Air Taxi from Wilmington to Washington DC"}]},{"@type":"WebSite","@id":"https:\/\/tiketi.com\/#website","url":"https:\/\/tiketi.com\/","name":"Billets d&#039;avion et de bus, forfaits touristiques et activit\u00e9s - Tiketi.com","description":"Billets d&#039;avion et de bus, Tours, Activit\u00e9s","publisher":{"@id":"https:\/\/tiketi.com\/#organization"},"potentialAction":[{"@type":"SearchAction","target":{"@type":"EntryPoint","urlTemplate":"https:\/\/tiketi.com\/?s={search_term_string}"},"query-input":{"@type":"PropertyValueSpecification","valueRequired":true,"valueName":"search_term_string"}}],"inLanguage":"fr-FR"},{"@type":"Organization","@id":"https:\/\/tiketi.com\/#organization","name":"Tiketi.com","alternateName":"Tiketi","url":"https:\/\/tiketi.com\/","logo":{"@type":"ImageObject","inLanguage":"fr-FR","@id":"https:\/\/tiketi.com\/#\/schema\/logo\/image\/","url":"https:\/\/tiketi.com\/wp-content\/uploads\/2019\/05\/tiketi-logo-696.png","contentUrl":"https:\/\/tiketi.com\/wp-content\/uploads\/2019\/05\/tiketi-logo-696.png","width":696,"height":696,"caption":"Tiketi.com"},"image":{"@id":"https:\/\/tiketi.com\/#\/schema\/logo\/image\/"},"sameAs":["https:\/\/www.facebook.com\/TiketiCom\/"]}]}},"_links":{"self":[{"href":"https:\/\/tiketi.com\/fr-fr\/wp-json\/wp\/v2\/pages\/10211","targetHints":{"allow":["GET"]}}],"collection":[{"href":"https:\/\/tiketi.com\/fr-fr\/wp-json\/wp\/v2\/pages"}],"about":[{"href":"https:\/\/tiketi.com\/fr-fr\/wp-json\/wp\/v2\/types\/page"}],"author":[{"embeddable":true,"href":"https:\/\/tiketi.com\/fr-fr\/wp-json\/wp\/v2\/users\/1"}],"replies":[{"embeddable":true,"href":"https:\/\/tiketi.com\/fr-fr\/wp-json\/wp\/v2\/comments?post=10211"}],"version-history":[{"count":0,"href":"https:\/\/tiketi.com\/fr-fr\/wp-json\/wp\/v2\/pages\/10211\/revisions"}],"wp:featuredmedia":[{"embeddable":true,"href":"https:\/\/tiketi.com\/fr-fr\/wp-json\/wp\/v2\/media\/14358"}],"wp:attachment":[{"href":"https:\/\/tiketi.com\/fr-fr\/wp-json\/wp\/v2\/media?parent=10211"}],"curies":[{"name":"wp","href":"https:\/\/api.w.org\/{rel}","templated":true}]}}