{"id":10213,"date":"2022-01-19T12:53:05","date_gmt":"2022-01-19T11:53:05","guid":{"rendered":"https:\/\/new.tiketi.com\/cheap-flights-air-taxi-from-annapolis-to-washington-dc\/"},"modified":"2022-02-03T10:39:02","modified_gmt":"2022-02-03T09:39:02","slug":"air-taxi-from-annapolis-to-washington-dc","status":"publish","type":"page","link":"https:\/\/tiketi.com\/fr-fr\/air-taxi-from-annapolis-to-washington-dc\/","title":{"rendered":"Taxi a\u00e9rien d\u2019Annapolis \u00e0 Washington DC"},"content":{"rendered":"<h2>Vous recherchez des vols \u00e0 bas prix au Annapolis vers Washington DC?<\/h2>\n<h3>Recherchez, comparez et r\u00e9servez des billets d&#039;avion pas chers de Annapolis \u00e0 Washington DC en ligne d\u00e8s maintenant.<\/h3>\n<p>La r\u00e9servation en ligne d&#039;un taxi a\u00e9rien \u00e9lectrique d&#039;Annapolis \u00e0 Washington DC sera bient\u00f4t possible. L&#039;application Tiketi.com vous aide \u00e0 rechercher, comparer et r\u00e9server en ligne des vols pas chers de Washington DC \u00e0 Annapolis. Washington DC DC est l&#039;une des capitales les plus vitales de la plan\u00e8te. Elle n\u2019est peut-\u00eatre pas aussi grande que d\u2019autres capitales, mais elle reste n\u00e9anmoins un atout en termes de visionnage et d\u2019activit\u00e9s. C&#039;est un endroit remarquable pour en apprendre davantage sur l&#039;histoire de l&#039;Am\u00e9rique, depuis la visualisation de documents pr\u00e9cieux jusqu&#039;\u00e0 l&#039;observation du Congr\u00e8s en action. Des dizaines de mus\u00e9es abondent sur la place centrale. Un syst\u00e8me de m\u00e9tro performant facilite les d\u00e9placements dans la ville. Si vous pr\u00e9voyez une visite fin mars et d\u00e9but avril, ne manquez pas de visiter le bassin de mar\u00e9e, o\u00f9 vous trouverez 1 000 fleurs de cerisier roses, sans oublier des situations \u00e9tonnantes pour explorer les quartiers de la ville. Trouvez et comparez vos billets d&#039;avion de Washington DC \u00e0 Annapolis et r\u00e9servez d\u00e8s maintenant en ligne des offres int\u00e9ressantes sur les taxis a\u00e9riens bon march\u00e9 de Washington DC \u00e0 Annapolis.<\/p>\n<h2>R\u00e9servation en ligne de taxi a\u00e9rien pas cher d&#039;Annapolis \u00e0 Washington DC FAQ<\/h2>\n<h3>Quelle est la distance entre Washington DC et Annapolis ?<\/h3>\n<p>La distance des vols de Washington DC \u00e0 Annapolis est de 35 miles ou 56 km.<\/p>\n<h3>Que sont les taxis volants \u00e9lectriques eVLTO d&#039;Annapolis \u00e0 Washington DC ?<\/h3>\n<p><!--{cke_protected}{C}%3C!%2D%2D%20%2Fwp%3Aheading%20%2D%2D%3E--><!--{cke_protected}{C}%3C!%2D%2D%20wp%3Aparagraph%20%2D%2D%3E-->Les taxis volants \u00e9lectriques d&#039;Annapolis \u00e0 Washington DC, appel\u00e9s eVTOL (d\u00e9collage et atterrissage verticaux \u00e9lectriques), sont con\u00e7us pour transporter des personnes dans l&#039;atmosph\u00e8re urbaine et urbaine.<\/p>\n<h3>Les taxis a\u00e9riens \u00e9lectriques d&#039;Annapolis \u00e0 Washington DC sont des transports publics \u00e0 grande vitesse<\/h3>\n<p><!--{cke_protected}{C}%3C!%2D%2D%20%2Fwp%3Aheading%20%2D%2D%3E--><!--{cke_protected}{C}%3C!%2D%2D%20wp%3Aparagraph%20%2D%2D%3E-->Le meilleur avantage des taxis a\u00e9riens par drones d\u2019Annapolis \u00e0 Washington DC est leur vitesse \u00e9lev\u00e9e. C&#039;est le mode de transport le plus rapide et donc le moyen le plus parfait l\u00e0 o\u00f9 le temps est un facteur essentiel.<\/p>\n<h3>Le taxi volant par drone d&#039;Annapolis \u00e0 Washington DC a de tr\u00e8s faibles \u00e9missions de carbone<\/h3>\n<p>Les producteurs de drones-taxi d&#039;Annapolis \u00e0 Washington DC utilisent l&#039;\u00e9lectricit\u00e9 pour alimenter leurs v\u00e9hicules. Ainsi, les taxis drones n\u2019\u00e9mettent pas de gaz \u00e0 effet de serre. Par cons\u00e9quent, ces taxis peuvent contribuer \u00e0 r\u00e9duire l\u2019impact du changement climatique. Alors r\u00e9servez votre taxi avec l&#039;aide d&#039;un taxi drone d&#039;Annapolis \u00e0 Washington DC d\u00e8s maintenant.<\/p>\n<h2>Conseils pour les vols pas chers de Washington DC \u00e0 Annapolis<\/h2>\n<p>Les vols pas chers de Washington DC \u00e0 Annapolis proposent le plus de vols directs entre Annapolis et Washington DC.<\/p>","protected":false},"excerpt":{"rendered":"<p>Looking for cheap flights from Annapolis to Washington DC? Search, compare and book cheap flight tickets from Annapolis to Washington DC online now. Electric air taxi from Annapolis to Washington DC online booking will be possible soon. The Tiketi.com app helps you search, compare and book cheap flights from Washington DC to Annapolis\u00a0online.\u00a0Washington DC\u00a0D.C. is [&hellip;]<\/p>\n","protected":false},"author":1,"featured_media":14358,"parent":0,"menu_order":0,"comment_status":"open","ping_status":"closed","template":"template-home-modern.php","meta":{"footnotes":""},"class_list":["post-10213","page","type-page","status-publish","has-post-thumbnail","hentry"],"yoast_head":"<!-- This site is optimized with the Yoast SEO plugin v27.3 - https:\/\/yoast.com\/product\/yoast-seo-wordpress\/ -->\n<title>Air Taxi from Annapolis to Washington DC<\/title>\n<meta name=\"description\" content=\"Looking for cheap air taxi from Annapolis to Washington DC online booking app? Search, compare and book cheap flights from Annapolis to Washington DC\" \/>\n<meta name=\"robots\" content=\"index, follow, max-snippet:-1, max-image-preview:large, max-video-preview:-1\" \/>\n<link rel=\"canonical\" href=\"https:\/\/tiketi.com\/fr-fr\/air-taxi-from-annapolis-to-washington-dc\/\" \/>\n<meta property=\"og:locale\" content=\"fr_FR\" \/>\n<meta property=\"og:type\" content=\"article\" \/>\n<meta property=\"og:title\" content=\"Air Taxi from Annapolis to Washington DC\" \/>\n<meta property=\"og:description\" content=\"Looking for cheap air taxi from Annapolis to Washington DC online booking app? Search, compare and book cheap flights from Annapolis to Washington DC\" \/>\n<meta property=\"og:url\" content=\"https:\/\/tiketi.com\/fr-fr\/air-taxi-from-annapolis-to-washington-dc\/\" \/>\n<meta property=\"og:site_name\" content=\"Tiketi.com\" \/>\n<meta property=\"article:publisher\" content=\"https:\/\/www.facebook.com\/TiketiCom\/\" \/>\n<meta property=\"article:modified_time\" content=\"2022-02-03T09:39:02+00:00\" \/>\n<meta property=\"og:image\" content=\"https:\/\/tiketi.com\/wp-content\/uploads\/2022\/01\/washington-dc-tidal-basin-6.jpg\" \/>\n\t<meta property=\"og:image:width\" content=\"1200\" \/>\n\t<meta property=\"og:image:height\" content=\"200\" \/>\n\t<meta property=\"og:image:type\" content=\"image\/jpeg\" \/>\n<meta name=\"twitter:card\" content=\"summary_large_image\" \/>\n<meta name=\"twitter:label1\" content=\"Dur\u00e9e de lecture estim\u00e9e\" \/>\n\t<meta name=\"twitter:data1\" content=\"2 minutes\" \/>\n<script type=\"application\/ld+json\" class=\"yoast-schema-graph\">{\"@context\":\"https:\\\/\\\/schema.org\",\"@graph\":[{\"@type\":\"WebPage\",\"@id\":\"https:\\\/\\\/tiketi.com\\\/air-taxi-from-annapolis-to-washington-dc\\\/\",\"url\":\"https:\\\/\\\/tiketi.com\\\/air-taxi-from-annapolis-to-washington-dc\\\/\",\"name\":\"Air Taxi from Annapolis to Washington DC\",\"isPartOf\":{\"@id\":\"https:\\\/\\\/tiketi.com\\\/#website\"},\"primaryImageOfPage\":{\"@id\":\"https:\\\/\\\/tiketi.com\\\/air-taxi-from-annapolis-to-washington-dc\\\/#primaryimage\"},\"image\":{\"@id\":\"https:\\\/\\\/tiketi.com\\\/air-taxi-from-annapolis-to-washington-dc\\\/#primaryimage\"},\"thumbnailUrl\":\"https:\\\/\\\/tiketi.com\\\/wp-content\\\/uploads\\\/2022\\\/01\\\/washington-dc-tidal-basin-6.jpg\",\"datePublished\":\"2022-01-19T11:53:05+00:00\",\"dateModified\":\"2022-02-03T09:39:02+00:00\",\"description\":\"Looking for cheap air taxi from Annapolis to Washington DC online booking app? Search, compare and book cheap flights from Annapolis to Washington DC\",\"breadcrumb\":{\"@id\":\"https:\\\/\\\/tiketi.com\\\/air-taxi-from-annapolis-to-washington-dc\\\/#breadcrumb\"},\"inLanguage\":\"fr-FR\",\"potentialAction\":[{\"@type\":\"ReadAction\",\"target\":[\"https:\\\/\\\/tiketi.com\\\/air-taxi-from-annapolis-to-washington-dc\\\/\"]}]},{\"@type\":\"ImageObject\",\"inLanguage\":\"fr-FR\",\"@id\":\"https:\\\/\\\/tiketi.com\\\/air-taxi-from-annapolis-to-washington-dc\\\/#primaryimage\",\"url\":\"https:\\\/\\\/tiketi.com\\\/wp-content\\\/uploads\\\/2022\\\/01\\\/washington-dc-tidal-basin-6.jpg\",\"contentUrl\":\"https:\\\/\\\/tiketi.com\\\/wp-content\\\/uploads\\\/2022\\\/01\\\/washington-dc-tidal-basin-6.jpg\",\"width\":1200,\"height\":200,\"caption\":\"Air Taxi in Washington Online Booking\"},{\"@type\":\"BreadcrumbList\",\"@id\":\"https:\\\/\\\/tiketi.com\\\/air-taxi-from-annapolis-to-washington-dc\\\/#breadcrumb\",\"itemListElement\":[{\"@type\":\"ListItem\",\"position\":1,\"name\":\"Home\",\"item\":\"https:\\\/\\\/tiketi.com\\\/\"},{\"@type\":\"ListItem\",\"position\":2,\"name\":\"Air Taxi from Annapolis to Washington DC\"}]},{\"@type\":\"WebSite\",\"@id\":\"https:\\\/\\\/tiketi.com\\\/#website\",\"url\":\"https:\\\/\\\/tiketi.com\\\/\",\"name\":\"Flight & Bus Tickets, Tour Packages & Activitites - Tiketi.com\",\"description\":\"Flight &amp; Bus Tickets, Tours, Activitites\",\"publisher\":{\"@id\":\"https:\\\/\\\/tiketi.com\\\/#organization\"},\"potentialAction\":[{\"@type\":\"SearchAction\",\"target\":{\"@type\":\"EntryPoint\",\"urlTemplate\":\"https:\\\/\\\/tiketi.com\\\/?s={search_term_string}\"},\"query-input\":{\"@type\":\"PropertyValueSpecification\",\"valueRequired\":true,\"valueName\":\"search_term_string\"}}],\"inLanguage\":\"fr-FR\"},{\"@type\":\"Organization\",\"@id\":\"https:\\\/\\\/tiketi.com\\\/#organization\",\"name\":\"Tiketi.com\",\"alternateName\":\"Tiketi\",\"url\":\"https:\\\/\\\/tiketi.com\\\/\",\"logo\":{\"@type\":\"ImageObject\",\"inLanguage\":\"fr-FR\",\"@id\":\"https:\\\/\\\/tiketi.com\\\/#\\\/schema\\\/logo\\\/image\\\/\",\"url\":\"https:\\\/\\\/tiketi.com\\\/wp-content\\\/uploads\\\/2019\\\/05\\\/tiketi-logo-696.png\",\"contentUrl\":\"https:\\\/\\\/tiketi.com\\\/wp-content\\\/uploads\\\/2019\\\/05\\\/tiketi-logo-696.png\",\"width\":696,\"height\":696,\"caption\":\"Tiketi.com\"},\"image\":{\"@id\":\"https:\\\/\\\/tiketi.com\\\/#\\\/schema\\\/logo\\\/image\\\/\"},\"sameAs\":[\"https:\\\/\\\/www.facebook.com\\\/TiketiCom\\\/\"]}]}<\/script>\n<!-- \/ Yoast SEO plugin. -->","yoast_head_json":{"title":"Taxi a\u00e9rien d\u2019Annapolis \u00e0 Washington DC","description":"Vous recherchez une application de r\u00e9servation en ligne de taxi a\u00e9rien pas cher d&#039;Annapolis \u00e0 Washington DC ? Recherchez, comparez et r\u00e9servez des vols pas chers de Annapolis \u00e0 Washington DC","robots":{"index":"index","follow":"follow","max-snippet":"max-snippet:-1","max-image-preview":"max-image-preview:large","max-video-preview":"max-video-preview:-1"},"canonical":"https:\/\/tiketi.com\/fr-fr\/air-taxi-from-annapolis-to-washington-dc\/","og_locale":"fr_FR","og_type":"article","og_title":"Air Taxi from Annapolis to Washington DC","og_description":"Looking for cheap air taxi from Annapolis to Washington DC online booking app? Search, compare and book cheap flights from Annapolis to Washington DC","og_url":"https:\/\/tiketi.com\/fr-fr\/air-taxi-from-annapolis-to-washington-dc\/","og_site_name":"Tiketi.com","article_publisher":"https:\/\/www.facebook.com\/TiketiCom\/","article_modified_time":"2022-02-03T09:39:02+00:00","og_image":[{"width":1200,"height":200,"url":"https:\/\/tiketi.com\/wp-content\/uploads\/2022\/01\/washington-dc-tidal-basin-6.jpg","type":"image\/jpeg"}],"twitter_card":"summary_large_image","twitter_misc":{"Dur\u00e9e de lecture estim\u00e9e":"2 minutes"},"schema":{"@context":"https:\/\/schema.org","@graph":[{"@type":"WebPage","@id":"https:\/\/tiketi.com\/air-taxi-from-annapolis-to-washington-dc\/","url":"https:\/\/tiketi.com\/air-taxi-from-annapolis-to-washington-dc\/","name":"Taxi a\u00e9rien d\u2019Annapolis \u00e0 Washington DC","isPartOf":{"@id":"https:\/\/tiketi.com\/#website"},"primaryImageOfPage":{"@id":"https:\/\/tiketi.com\/air-taxi-from-annapolis-to-washington-dc\/#primaryimage"},"image":{"@id":"https:\/\/tiketi.com\/air-taxi-from-annapolis-to-washington-dc\/#primaryimage"},"thumbnailUrl":"https:\/\/tiketi.com\/wp-content\/uploads\/2022\/01\/washington-dc-tidal-basin-6.jpg","datePublished":"2022-01-19T11:53:05+00:00","dateModified":"2022-02-03T09:39:02+00:00","description":"Vous recherchez une application de r\u00e9servation en ligne de taxi a\u00e9rien pas cher d&#039;Annapolis \u00e0 Washington DC ? Recherchez, comparez et r\u00e9servez des vols pas chers de Annapolis \u00e0 Washington DC","breadcrumb":{"@id":"https:\/\/tiketi.com\/air-taxi-from-annapolis-to-washington-dc\/#breadcrumb"},"inLanguage":"fr-FR","potentialAction":[{"@type":"ReadAction","target":["https:\/\/tiketi.com\/air-taxi-from-annapolis-to-washington-dc\/"]}]},{"@type":"ImageObject","inLanguage":"fr-FR","@id":"https:\/\/tiketi.com\/air-taxi-from-annapolis-to-washington-dc\/#primaryimage","url":"https:\/\/tiketi.com\/wp-content\/uploads\/2022\/01\/washington-dc-tidal-basin-6.jpg","contentUrl":"https:\/\/tiketi.com\/wp-content\/uploads\/2022\/01\/washington-dc-tidal-basin-6.jpg","width":1200,"height":200,"caption":"Air Taxi in Washington Online Booking"},{"@type":"BreadcrumbList","@id":"https:\/\/tiketi.com\/air-taxi-from-annapolis-to-washington-dc\/#breadcrumb","itemListElement":[{"@type":"ListItem","position":1,"name":"Home","item":"https:\/\/tiketi.com\/"},{"@type":"ListItem","position":2,"name":"Air Taxi from Annapolis to Washington DC"}]},{"@type":"WebSite","@id":"https:\/\/tiketi.com\/#website","url":"https:\/\/tiketi.com\/","name":"Billets d&#039;avion et de bus, forfaits touristiques et activit\u00e9s - Tiketi.com","description":"Billets d&#039;avion et de bus, Tours, Activit\u00e9s","publisher":{"@id":"https:\/\/tiketi.com\/#organization"},"potentialAction":[{"@type":"SearchAction","target":{"@type":"EntryPoint","urlTemplate":"https:\/\/tiketi.com\/?s={search_term_string}"},"query-input":{"@type":"PropertyValueSpecification","valueRequired":true,"valueName":"search_term_string"}}],"inLanguage":"fr-FR"},{"@type":"Organization","@id":"https:\/\/tiketi.com\/#organization","name":"Tiketi.com","alternateName":"Tiketi","url":"https:\/\/tiketi.com\/","logo":{"@type":"ImageObject","inLanguage":"fr-FR","@id":"https:\/\/tiketi.com\/#\/schema\/logo\/image\/","url":"https:\/\/tiketi.com\/wp-content\/uploads\/2019\/05\/tiketi-logo-696.png","contentUrl":"https:\/\/tiketi.com\/wp-content\/uploads\/2019\/05\/tiketi-logo-696.png","width":696,"height":696,"caption":"Tiketi.com"},"image":{"@id":"https:\/\/tiketi.com\/#\/schema\/logo\/image\/"},"sameAs":["https:\/\/www.facebook.com\/TiketiCom\/"]}]}},"_links":{"self":[{"href":"https:\/\/tiketi.com\/fr-fr\/wp-json\/wp\/v2\/pages\/10213","targetHints":{"allow":["GET"]}}],"collection":[{"href":"https:\/\/tiketi.com\/fr-fr\/wp-json\/wp\/v2\/pages"}],"about":[{"href":"https:\/\/tiketi.com\/fr-fr\/wp-json\/wp\/v2\/types\/page"}],"author":[{"embeddable":true,"href":"https:\/\/tiketi.com\/fr-fr\/wp-json\/wp\/v2\/users\/1"}],"replies":[{"embeddable":true,"href":"https:\/\/tiketi.com\/fr-fr\/wp-json\/wp\/v2\/comments?post=10213"}],"version-history":[{"count":0,"href":"https:\/\/tiketi.com\/fr-fr\/wp-json\/wp\/v2\/pages\/10213\/revisions"}],"wp:featuredmedia":[{"embeddable":true,"href":"https:\/\/tiketi.com\/fr-fr\/wp-json\/wp\/v2\/media\/14358"}],"wp:attachment":[{"href":"https:\/\/tiketi.com\/fr-fr\/wp-json\/wp\/v2\/media?parent=10213"}],"curies":[{"name":"wp","href":"https:\/\/api.w.org\/{rel}","templated":true}]}}