{"id":10230,"date":"2022-01-19T12:53:07","date_gmt":"2022-01-19T11:53:07","guid":{"rendered":"https:\/\/new.tiketi.com\/cheap-flights-air-taxi-from-hengshui-to-beijing\/"},"modified":"2022-02-04T10:20:14","modified_gmt":"2022-02-04T09:20:14","slug":"air-taxi-from-beijing-to-hengshui","status":"publish","type":"page","link":"https:\/\/tiketi.com\/fr-fr\/air-taxi-from-beijing-to-hengshui\/","title":{"rendered":"Taxi a\u00e9rien de Hengshui \u00e0 P\u00e9kin R\u00e9servation en ligne"},"content":{"rendered":"<h2>Vous recherchez des vols \u00e0 bas prix au P\u00e9kin vers Hengshui?<\/h2>\n<h3>Recherchez, comparez et r\u00e9servez des billets d&#039;avion pas chers de P\u00e9kin \u00e0 Hengshui en ligne d\u00e8s maintenant.<\/h3>\n<p>La r\u00e9servation en ligne d&#039;un taxi a\u00e9rien \u00e9lectrique de Hengshui \u00e0 P\u00e9kin sera bient\u00f4t possible. L&#039;application Tiketi.com vous permet de rechercher, comparer et r\u00e9server en ligne des vols pas chers de P\u00e9kin \u00e0 Hengshui. P\u00e9kin est certainement l&#039;une des villes les plus visit\u00e9es de la plan\u00e8te. Les taxis a\u00e9riens \u00e9lectriques autonomes \u00e0 P\u00e9kin permettent de voyager rapidement et \u00e0 moindre co\u00fbt \u00e0 P\u00e9kin. Chaque ann\u00e9e, des millions de visiteurs affluent \u00e0 P\u00e9kin pour d\u00e9couvrir la capitale chinoise, un merveilleux m\u00e9lange de nouveau et d&#039;ancien. P\u00e9kin est une ville pour toutes les saisons. Vous pouvez toujours trouver quelque chose pour vous, quelle que soit l&#039;heure \u00e0 laquelle vous \u00eates \u00e0 P\u00e9kin et quels que soient vos int\u00e9r\u00eats. Il existe en fait des centaines de sites historiques touristiques \u00e0 P\u00e9kin. Trouvez et comparez les billets d&#039;avion de P\u00e9kin \u00e0 Hengshui et r\u00e9servez d\u00e8s maintenant en ligne des offres int\u00e9ressantes sur les taxis a\u00e9riens bon march\u00e9 de P\u00e9kin \u00e0 Hengshui.<\/p>\n<h2>R\u00e9servation de taxi a\u00e9rien pas cher de Hengshui \u00e0 P\u00e9kin - FAQ<\/h2>\n<h3>Quelle est la distance entre P\u00e9kin et Hengshui ?<\/h3>\n<p>La distance des vols de P\u00e9kin \u00e0 Hengshui est de 249 km \/ 155 miles.<\/p>\n<h3>Que sont les taxis volants \u00e9lectriques eVLTO de Hengshui \u00e0 P\u00e9kin ?<\/h3>\n<p><!--{cke_protected}{C}%3C!%2D%2D%20%2Fwp%3Aheading%20%2D%2D%3E--><!--{cke_protected}{C}%3C!%2D%2D%20wp%3Aparagraph%20%2D%2D%3E-->Les taxis volants \u00e9lectriques reliant Hengshui \u00e0 P\u00e9kin, appel\u00e9s eVTOL (d\u00e9collage et atterrissage verticaux \u00e9lectriques), sont con\u00e7us pour transporter des personnes dans l&#039;atmosph\u00e8re urbaine et urbaine.<\/p>\n<h3>Les taxis a\u00e9riens \u00e9lectriques de Hengshui \u00e0 P\u00e9kin sont des transports publics \u00e0 grande vitesse<\/h3>\n<p><!--{cke_protected}{C}%3C!%2D%2D%20%2Fwp%3Aheading%20%2D%2D%3E--><!--{cke_protected}{C}%3C!%2D%2D%20wp%3Aparagraph%20%2D%2D%3E-->Le meilleur avantage des taxis a\u00e9riens drones de Hengshui \u00e0 P\u00e9kin est leur vitesse \u00e9lev\u00e9e. C&#039;est le mode de transport le plus rapide et donc le moyen le plus parfait l\u00e0 o\u00f9 le temps est un facteur essentiel.<\/p>\n<h3>Le taxi volant par drone de Hengshui \u00e0 P\u00e9kin a de tr\u00e8s faibles \u00e9missions de carbone<\/h3>\n<p>Les producteurs de drones-taxi de Hengshui \u00e0 P\u00e9kin utilisent l&#039;\u00e9lectricit\u00e9 pour alimenter leurs v\u00e9hicules. Ainsi, les taxis drones n\u2019\u00e9mettent pas de gaz \u00e0 effet de serre. Par cons\u00e9quent, ces taxis peuvent contribuer \u00e0 r\u00e9duire l\u2019impact du changement climatique. Alors r\u00e9servez d\u00e8s maintenant votre taxi avec l&#039;aide d&#039;un taxi drone de Hengshui \u00e0 P\u00e9kin.<\/p>\n<h2>Conseils pour les vols pas chers de P\u00e9kin \u00e0 Hengshui<\/h2>\n<p>Les vols pas chers par drone de P\u00e9kin \u00e0 Hengshui offrent le plus de vols sans escale entre Hengshui et P\u00e9kin.<\/p>","protected":false},"excerpt":{"rendered":"<p>Looking for cheap flights from Beijing to Hengshui? Search, compare and book cheap flight tickets from Beijing to Hengshui online now. Electric air taxi from Hengshui to Beijing online booking will be possible soon. The Tiketi.com app helps you search, compare and book cheap flights from Beijing to Hengshui\u00a0online.\u00a0Beijing is definitely one of the most [&hellip;]<\/p>\n","protected":false},"author":1,"featured_media":14572,"parent":0,"menu_order":0,"comment_status":"open","ping_status":"closed","template":"template-home-modern.php","meta":{"footnotes":""},"class_list":["post-10230","page","type-page","status-publish","has-post-thumbnail","hentry"],"yoast_head":"<!-- This site is optimized with the Yoast SEO plugin v27.5 - https:\/\/yoast.com\/product\/yoast-seo-wordpress\/ -->\n<title>Air Taxi from Hengshui to Beijing Online Booking - Cheap Flights<\/title>\n<meta name=\"description\" content=\"Looking for cheap air taxi from Hengshui to Beijing online booking app? Compare and book cheap flights from Beijing to Hengshui\" \/>\n<meta name=\"robots\" content=\"index, follow, max-snippet:-1, max-image-preview:large, max-video-preview:-1\" \/>\n<link rel=\"canonical\" href=\"https:\/\/tiketi.com\/fr-fr\/air-taxi-from-beijing-to-hengshui\/\" \/>\n<meta property=\"og:locale\" content=\"fr_FR\" \/>\n<meta property=\"og:type\" content=\"article\" \/>\n<meta property=\"og:title\" content=\"Air Taxi from Hengshui to Beijing Online Booking - Cheap Flights\" \/>\n<meta property=\"og:description\" content=\"Looking for cheap air taxi from Hengshui to Beijing online booking app? Compare and book cheap flights from Beijing to Hengshui\" \/>\n<meta property=\"og:url\" content=\"https:\/\/tiketi.com\/fr-fr\/air-taxi-from-beijing-to-hengshui\/\" \/>\n<meta property=\"og:site_name\" content=\"Tiketi.com\" \/>\n<meta property=\"article:publisher\" content=\"https:\/\/www.facebook.com\/TiketiCom\/\" \/>\n<meta property=\"article:modified_time\" content=\"2022-02-04T09:20:14+00:00\" \/>\n<meta property=\"og:image\" content=\"https:\/\/tiketi.com\/wp-content\/uploads\/2022\/01\/beijing-henry-chen-OF8MM3_Glrc-unsp.jpg\" \/>\n\t<meta property=\"og:image:width\" content=\"1200\" \/>\n\t<meta property=\"og:image:height\" content=\"236\" \/>\n\t<meta property=\"og:image:type\" content=\"image\/jpeg\" \/>\n<meta name=\"twitter:card\" content=\"summary_large_image\" \/>\n<meta name=\"twitter:label1\" content=\"Dur\u00e9e de lecture estim\u00e9e\" \/>\n\t<meta name=\"twitter:data1\" content=\"2 minutes\" \/>\n<script type=\"application\/ld+json\" class=\"yoast-schema-graph\">{\"@context\":\"https:\\\/\\\/schema.org\",\"@graph\":[{\"@type\":\"WebPage\",\"@id\":\"https:\\\/\\\/tiketi.com\\\/air-taxi-from-beijing-to-hengshui\\\/\",\"url\":\"https:\\\/\\\/tiketi.com\\\/air-taxi-from-beijing-to-hengshui\\\/\",\"name\":\"Air Taxi from Hengshui to Beijing Online Booking - Cheap Flights\",\"isPartOf\":{\"@id\":\"https:\\\/\\\/tiketi.com\\\/#website\"},\"primaryImageOfPage\":{\"@id\":\"https:\\\/\\\/tiketi.com\\\/air-taxi-from-beijing-to-hengshui\\\/#primaryimage\"},\"image\":{\"@id\":\"https:\\\/\\\/tiketi.com\\\/air-taxi-from-beijing-to-hengshui\\\/#primaryimage\"},\"thumbnailUrl\":\"https:\\\/\\\/tiketi.com\\\/wp-content\\\/uploads\\\/2022\\\/01\\\/beijing-henry-chen-OF8MM3_Glrc-unsp.jpg\",\"datePublished\":\"2022-01-19T11:53:07+00:00\",\"dateModified\":\"2022-02-04T09:20:14+00:00\",\"description\":\"Looking for cheap air taxi from Hengshui to Beijing online booking app? Compare and book cheap flights from Beijing to Hengshui\",\"breadcrumb\":{\"@id\":\"https:\\\/\\\/tiketi.com\\\/air-taxi-from-beijing-to-hengshui\\\/#breadcrumb\"},\"inLanguage\":\"fr-FR\",\"potentialAction\":[{\"@type\":\"ReadAction\",\"target\":[\"https:\\\/\\\/tiketi.com\\\/air-taxi-from-beijing-to-hengshui\\\/\"]}]},{\"@type\":\"ImageObject\",\"inLanguage\":\"fr-FR\",\"@id\":\"https:\\\/\\\/tiketi.com\\\/air-taxi-from-beijing-to-hengshui\\\/#primaryimage\",\"url\":\"https:\\\/\\\/tiketi.com\\\/wp-content\\\/uploads\\\/2022\\\/01\\\/beijing-henry-chen-OF8MM3_Glrc-unsp.jpg\",\"contentUrl\":\"https:\\\/\\\/tiketi.com\\\/wp-content\\\/uploads\\\/2022\\\/01\\\/beijing-henry-chen-OF8MM3_Glrc-unsp.jpg\",\"width\":1200,\"height\":236,\"caption\":\"Air Taxi in Beijing\"},{\"@type\":\"BreadcrumbList\",\"@id\":\"https:\\\/\\\/tiketi.com\\\/air-taxi-from-beijing-to-hengshui\\\/#breadcrumb\",\"itemListElement\":[{\"@type\":\"ListItem\",\"position\":1,\"name\":\"Home\",\"item\":\"https:\\\/\\\/tiketi.com\\\/\"},{\"@type\":\"ListItem\",\"position\":2,\"name\":\"Air Taxi from Hengshui to Beijing Online Booking\"}]},{\"@type\":\"WebSite\",\"@id\":\"https:\\\/\\\/tiketi.com\\\/#website\",\"url\":\"https:\\\/\\\/tiketi.com\\\/\",\"name\":\"Flight & Bus Tickets, Tour Packages & Activitites - Tiketi.com\",\"description\":\"Flight &amp; Bus Tickets, Tours, Activitites\",\"publisher\":{\"@id\":\"https:\\\/\\\/tiketi.com\\\/#organization\"},\"potentialAction\":[{\"@type\":\"SearchAction\",\"target\":{\"@type\":\"EntryPoint\",\"urlTemplate\":\"https:\\\/\\\/tiketi.com\\\/?s={search_term_string}\"},\"query-input\":{\"@type\":\"PropertyValueSpecification\",\"valueRequired\":true,\"valueName\":\"search_term_string\"}}],\"inLanguage\":\"fr-FR\"},{\"@type\":\"Organization\",\"@id\":\"https:\\\/\\\/tiketi.com\\\/#organization\",\"name\":\"Tiketi.com\",\"alternateName\":\"Tiketi\",\"url\":\"https:\\\/\\\/tiketi.com\\\/\",\"logo\":{\"@type\":\"ImageObject\",\"inLanguage\":\"fr-FR\",\"@id\":\"https:\\\/\\\/tiketi.com\\\/#\\\/schema\\\/logo\\\/image\\\/\",\"url\":\"https:\\\/\\\/tiketi.com\\\/wp-content\\\/uploads\\\/2019\\\/05\\\/tiketi-logo-696.png\",\"contentUrl\":\"https:\\\/\\\/tiketi.com\\\/wp-content\\\/uploads\\\/2019\\\/05\\\/tiketi-logo-696.png\",\"width\":696,\"height\":696,\"caption\":\"Tiketi.com\"},\"image\":{\"@id\":\"https:\\\/\\\/tiketi.com\\\/#\\\/schema\\\/logo\\\/image\\\/\"},\"sameAs\":[\"https:\\\/\\\/www.facebook.com\\\/TiketiCom\\\/\"]}]}<\/script>\n<!-- \/ Yoast SEO plugin. -->","yoast_head_json":{"title":"Taxi a\u00e9rien de Hengshui \u00e0 P\u00e9kin R\u00e9servation en ligne - Vols pas chers","description":"Vous recherchez une application de r\u00e9servation en ligne de taxi a\u00e9rien pas cher de Hengshui \u00e0 P\u00e9kin ? Comparez et r\u00e9servez des vols pas chers de P\u00e9kin \u00e0 Hengshui","robots":{"index":"index","follow":"follow","max-snippet":"max-snippet:-1","max-image-preview":"max-image-preview:large","max-video-preview":"max-video-preview:-1"},"canonical":"https:\/\/tiketi.com\/fr-fr\/air-taxi-from-beijing-to-hengshui\/","og_locale":"fr_FR","og_type":"article","og_title":"Air Taxi from Hengshui to Beijing Online Booking - Cheap Flights","og_description":"Looking for cheap air taxi from Hengshui to Beijing online booking app? Compare and book cheap flights from Beijing to Hengshui","og_url":"https:\/\/tiketi.com\/fr-fr\/air-taxi-from-beijing-to-hengshui\/","og_site_name":"Tiketi.com","article_publisher":"https:\/\/www.facebook.com\/TiketiCom\/","article_modified_time":"2022-02-04T09:20:14+00:00","og_image":[{"width":1200,"height":236,"url":"https:\/\/tiketi.com\/wp-content\/uploads\/2022\/01\/beijing-henry-chen-OF8MM3_Glrc-unsp.jpg","type":"image\/jpeg"}],"twitter_card":"summary_large_image","twitter_misc":{"Dur\u00e9e de lecture estim\u00e9e":"2 minutes"},"schema":{"@context":"https:\/\/schema.org","@graph":[{"@type":"WebPage","@id":"https:\/\/tiketi.com\/air-taxi-from-beijing-to-hengshui\/","url":"https:\/\/tiketi.com\/air-taxi-from-beijing-to-hengshui\/","name":"Taxi a\u00e9rien de Hengshui \u00e0 P\u00e9kin R\u00e9servation en ligne - Vols pas chers","isPartOf":{"@id":"https:\/\/tiketi.com\/#website"},"primaryImageOfPage":{"@id":"https:\/\/tiketi.com\/air-taxi-from-beijing-to-hengshui\/#primaryimage"},"image":{"@id":"https:\/\/tiketi.com\/air-taxi-from-beijing-to-hengshui\/#primaryimage"},"thumbnailUrl":"https:\/\/tiketi.com\/wp-content\/uploads\/2022\/01\/beijing-henry-chen-OF8MM3_Glrc-unsp.jpg","datePublished":"2022-01-19T11:53:07+00:00","dateModified":"2022-02-04T09:20:14+00:00","description":"Vous recherchez une application de r\u00e9servation en ligne de taxi a\u00e9rien pas cher de Hengshui \u00e0 P\u00e9kin ? Comparez et r\u00e9servez des vols pas chers de P\u00e9kin \u00e0 Hengshui","breadcrumb":{"@id":"https:\/\/tiketi.com\/air-taxi-from-beijing-to-hengshui\/#breadcrumb"},"inLanguage":"fr-FR","potentialAction":[{"@type":"ReadAction","target":["https:\/\/tiketi.com\/air-taxi-from-beijing-to-hengshui\/"]}]},{"@type":"ImageObject","inLanguage":"fr-FR","@id":"https:\/\/tiketi.com\/air-taxi-from-beijing-to-hengshui\/#primaryimage","url":"https:\/\/tiketi.com\/wp-content\/uploads\/2022\/01\/beijing-henry-chen-OF8MM3_Glrc-unsp.jpg","contentUrl":"https:\/\/tiketi.com\/wp-content\/uploads\/2022\/01\/beijing-henry-chen-OF8MM3_Glrc-unsp.jpg","width":1200,"height":236,"caption":"Air Taxi in Beijing"},{"@type":"BreadcrumbList","@id":"https:\/\/tiketi.com\/air-taxi-from-beijing-to-hengshui\/#breadcrumb","itemListElement":[{"@type":"ListItem","position":1,"name":"Home","item":"https:\/\/tiketi.com\/"},{"@type":"ListItem","position":2,"name":"Air Taxi from Hengshui to Beijing Online Booking"}]},{"@type":"WebSite","@id":"https:\/\/tiketi.com\/#website","url":"https:\/\/tiketi.com\/","name":"Billets d&#039;avion et de bus, forfaits touristiques et activit\u00e9s - Tiketi.com","description":"Billets d&#039;avion et de bus, Tours, Activit\u00e9s","publisher":{"@id":"https:\/\/tiketi.com\/#organization"},"potentialAction":[{"@type":"SearchAction","target":{"@type":"EntryPoint","urlTemplate":"https:\/\/tiketi.com\/?s={search_term_string}"},"query-input":{"@type":"PropertyValueSpecification","valueRequired":true,"valueName":"search_term_string"}}],"inLanguage":"fr-FR"},{"@type":"Organization","@id":"https:\/\/tiketi.com\/#organization","name":"Tiketi.com","alternateName":"Tiketi","url":"https:\/\/tiketi.com\/","logo":{"@type":"ImageObject","inLanguage":"fr-FR","@id":"https:\/\/tiketi.com\/#\/schema\/logo\/image\/","url":"https:\/\/tiketi.com\/wp-content\/uploads\/2019\/05\/tiketi-logo-696.png","contentUrl":"https:\/\/tiketi.com\/wp-content\/uploads\/2019\/05\/tiketi-logo-696.png","width":696,"height":696,"caption":"Tiketi.com"},"image":{"@id":"https:\/\/tiketi.com\/#\/schema\/logo\/image\/"},"sameAs":["https:\/\/www.facebook.com\/TiketiCom\/"]}]}},"_links":{"self":[{"href":"https:\/\/tiketi.com\/fr-fr\/wp-json\/wp\/v2\/pages\/10230","targetHints":{"allow":["GET"]}}],"collection":[{"href":"https:\/\/tiketi.com\/fr-fr\/wp-json\/wp\/v2\/pages"}],"about":[{"href":"https:\/\/tiketi.com\/fr-fr\/wp-json\/wp\/v2\/types\/page"}],"author":[{"embeddable":true,"href":"https:\/\/tiketi.com\/fr-fr\/wp-json\/wp\/v2\/users\/1"}],"replies":[{"embeddable":true,"href":"https:\/\/tiketi.com\/fr-fr\/wp-json\/wp\/v2\/comments?post=10230"}],"version-history":[{"count":0,"href":"https:\/\/tiketi.com\/fr-fr\/wp-json\/wp\/v2\/pages\/10230\/revisions"}],"wp:featuredmedia":[{"embeddable":true,"href":"https:\/\/tiketi.com\/fr-fr\/wp-json\/wp\/v2\/media\/14572"}],"wp:attachment":[{"href":"https:\/\/tiketi.com\/fr-fr\/wp-json\/wp\/v2\/media?parent=10230"}],"curies":[{"name":"wp","href":"https:\/\/api.w.org\/{rel}","templated":true}]}}