{"id":10241,"date":"2022-01-19T12:53:07","date_gmt":"2022-01-19T11:53:07","guid":{"rendered":"https:\/\/new.tiketi.com\/air-taxi-from-shanghai-pudong-airport-to-shanghai-city-centre\/"},"modified":"2022-01-23T23:00:38","modified_gmt":"2022-01-23T22:00:38","slug":"air-taxi-from-shanghai-to-shanghai-pudong-airport","status":"publish","type":"page","link":"https:\/\/tiketi.com\/fr-fr\/air-taxi-from-shanghai-to-shanghai-pudong-airport\/","title":{"rendered":"Taxi a\u00e9rien de l&#039;a\u00e9roport de Shanghai Pudong au centre-ville de Shanghai"},"content":{"rendered":"<h2>Vous \u00eates \u00e0 la recherche de vols \u00e0 bas prix de Shanghai vers A\u00e9roport international de Shanghai Pudong ?<\/h2>\n<h3>Recherchez, comparez et r\u00e9servez en ligne maintenant des billets d&#039;avion \u00e0 bas prix de Shanghai \u00e0 A\u00e9roport international de Shanghai Pudong.<\/h3>\n<p>La r\u00e9servation en ligne d&#039;un taxi a\u00e9rien \u00e9lectrique de l&#039;a\u00e9roport de Shanghai Pudong au centre-ville de Shanghai sera bient\u00f4t possible. L&#039;application Tiketi.com vous permet de rechercher, comparer et r\u00e9server en ligne des vols pas chers de Shanghai \u00e0 A\u00e9roport international de Shanghai Pudong. Les visiteurs d\u00e9testent ou aiment Shanghai. Beaucoup d\u00e9testent le flot d&#039;humanit\u00e9 des embouteillages irritants qui accompagnent le fait d&#039;\u00eatre la plus grande ville de Chine avec vingt-quatre millions d&#039;habitants. D&#039;autres jaillissent des m\u00e9andres du fleuve Huangpu qui s\u00e9pare le nouveau et l&#039;ancien Shanghai. D&#039;autres encore s&#039;extasient sur l&#039;architecture cr\u00e9ative ainsi que sur les incroyables jardins et mus\u00e9es qui comptent parmi les principales attractions touristiques de Shanghai. Alors trouvez et comparez les billets d&#039;avion de Shanghai \u00e0 l&#039;a\u00e9roport international de Shanghai Pudong et r\u00e9servez en ligne d\u00e8s maintenant des offres exceptionnelles sur des taxis a\u00e9riens pas chers de Shanghai \u00e0 l&#039;a\u00e9roport international de Shanghai Pudong.<\/p>\n<h2>Taxi a\u00e9rien pas cher de l&#039;a\u00e9roport de Shanghai Pudong au centre-ville de Shanghai FAQ sur la r\u00e9servation en ligne<\/h2>\n<h3>Quelle est la distance entre Shanghai et A\u00e9roport international de Shanghai Pudong ?<\/h3>\n<p>La distance des vols entre l&#039;a\u00e9roport de Shanghai Pudong et le centre-ville de Shanghai est de 28 miles \/ 45 kilom\u00e8tres.<\/p>\n<h3>Que sont les taxis volants \u00e9lectriques eVLTO de Shanghai \u00e0 l&#039;a\u00e9roport de Shanghai Pudong ?<\/h3>\n<p><!--{cke_protected}{C}%3C!%2D%2D%20%2Fwp%3Aheading%20%2D%2D%3E--><!--{cke_protected}{C}%3C!%2D%2D%20wp%3Aparagraph%20%2D%2D%3E-->Les taxis volants de Shanghai \u00e0 l&#039;a\u00e9roport de Shanghai Pudong, appel\u00e9s eVTOL (d\u00e9collage et atterrissage verticaux \u00e9lectriques), sont con\u00e7us pour transporter des personnes dans l&#039;atmosph\u00e8re urbaine et urbaine.<\/p>\n<h3>Les taxis a\u00e9riens \u00e9lectriques de Shanghai \u00e0 l&#039;a\u00e9roport de Shanghai Pudong sont des transports publics \u00e0 grande vitesse<\/h3>\n<p><!--{cke_protected}{C}%3C!%2D%2D%20%2Fwp%3Aheading%20%2D%2D%3E--><!--{cke_protected}{C}%3C!%2D%2D%20wp%3Aparagraph%20%2D%2D%3E-->Le meilleur avantage des taxis a\u00e9riens de Shanghai \u00e0 l&#039;a\u00e9roport de Shanghai Pudong est sa grande vitesse. C&#039;est le mode de transport le plus rapide et donc le moyen le plus parfait o\u00f9 le temps est un facteur vital.<\/p>\n<h3>Le taxi volant \u00e9lectrique de Shanghai \u00e0 l&#039;a\u00e9roport de Shanghai Pudong a de tr\u00e8s faibles \u00e9missions de carbone<\/h3>\n<p>Taxi drone de Shanghai \u00e0 l&#039;a\u00e9roport de Shanghai Pudong Les producteurs utilisent l&#039;\u00e9lectricit\u00e9 pour alimenter leurs v\u00e9hicules. Ainsi, les taxis drones n&#039;\u00e9mettront pas de gaz \u00e0 effet de serre. Par cons\u00e9quent, ces taxis peuvent contribuer \u00e0 r\u00e9duire l&#039;impact du changement climatique. Alors r\u00e9servez d\u00e8s maintenant votre taxi avec l&#039;aide d&#039;un taxi drone de Shanghai \u00e0 l&#039;a\u00e9roport de Shanghai Pudong.<\/p>\n<h2>Vols pas chers de Shanghai \u00e0 A\u00e9roport international de Shanghai Pudong<\/h2>\n<p>Les taxis a\u00e9riens par drone de l&#039;a\u00e9roport de Shanghai Pudong au centre-ville de Shanghai offrent le plus grand nombre de vols sans escale entre l&#039;a\u00e9roport international de Shanghai Pudong et Shanghai.<\/p>","protected":false},"excerpt":{"rendered":"<p>Looking for cheap flights from Shanghai to Shanghai Pudong International Airport? Search, compare and book cheap flight tickets from Shanghai to Shanghai Pudong International Airport online now. Electric air taxi from Shanghai Pudong Airport to Shanghai City Centre online booking will be possible soon. The Tiketi.com app helps you search, compare and book cheap flights [&hellip;]<\/p>\n","protected":false},"author":1,"featured_media":14331,"parent":0,"menu_order":0,"comment_status":"open","ping_status":"closed","template":"template-home-modern.php","meta":{"footnotes":""},"class_list":["post-10241","page","type-page","status-publish","has-post-thumbnail","hentry"],"yoast_head":"<!-- This site is optimized with the Yoast SEO plugin v27.3 - https:\/\/yoast.com\/product\/yoast-seo-wordpress\/ -->\n<title>Air Taxi from Shanghai Pudong Airport to Shanghai City Centre<\/title>\n<meta name=\"description\" content=\"Looking for cheap air taxi from Shanghai Pudong Airport to Shanghai City Centre online booking app? Book drone flights to Shanghai Pudong International Airport\" \/>\n<meta name=\"robots\" content=\"index, follow, max-snippet:-1, max-image-preview:large, max-video-preview:-1\" \/>\n<link rel=\"canonical\" href=\"https:\/\/tiketi.com\/fr-fr\/air-taxi-from-shanghai-to-shanghai-pudong-airport\/\" \/>\n<meta property=\"og:locale\" content=\"fr_FR\" \/>\n<meta property=\"og:type\" content=\"article\" \/>\n<meta property=\"og:title\" content=\"Air Taxi from Shanghai Pudong Airport to Shanghai City Centre\" \/>\n<meta property=\"og:description\" content=\"Looking for cheap air taxi from Shanghai Pudong Airport to Shanghai City Centre online booking app? Book drone flights to Shanghai Pudong International Airport\" \/>\n<meta property=\"og:url\" content=\"https:\/\/tiketi.com\/fr-fr\/air-taxi-from-shanghai-to-shanghai-pudong-airport\/\" \/>\n<meta property=\"og:site_name\" content=\"Tiketi.com\" \/>\n<meta property=\"article:publisher\" content=\"https:\/\/www.facebook.com\/TiketiCom\/\" \/>\n<meta property=\"article:modified_time\" content=\"2022-01-23T22:00:38+00:00\" \/>\n<meta property=\"og:image\" content=\"https:\/\/tiketi.com\/wp-content\/uploads\/2022\/01\/shanghai-city-2446326_1280.jpg\" \/>\n\t<meta property=\"og:image:width\" content=\"1200\" \/>\n\t<meta property=\"og:image:height\" content=\"207\" \/>\n\t<meta property=\"og:image:type\" content=\"image\/jpeg\" \/>\n<meta name=\"twitter:card\" content=\"summary_large_image\" \/>\n<meta name=\"twitter:label1\" content=\"Dur\u00e9e de lecture estim\u00e9e\" \/>\n\t<meta name=\"twitter:data1\" content=\"2 minutes\" \/>\n<script type=\"application\/ld+json\" class=\"yoast-schema-graph\">{\"@context\":\"https:\\\/\\\/schema.org\",\"@graph\":[{\"@type\":\"WebPage\",\"@id\":\"https:\\\/\\\/tiketi.com\\\/air-taxi-from-shanghai-to-shanghai-pudong-airport\\\/\",\"url\":\"https:\\\/\\\/tiketi.com\\\/air-taxi-from-shanghai-to-shanghai-pudong-airport\\\/\",\"name\":\"Air Taxi from Shanghai Pudong Airport to Shanghai City Centre\",\"isPartOf\":{\"@id\":\"https:\\\/\\\/tiketi.com\\\/#website\"},\"primaryImageOfPage\":{\"@id\":\"https:\\\/\\\/tiketi.com\\\/air-taxi-from-shanghai-to-shanghai-pudong-airport\\\/#primaryimage\"},\"image\":{\"@id\":\"https:\\\/\\\/tiketi.com\\\/air-taxi-from-shanghai-to-shanghai-pudong-airport\\\/#primaryimage\"},\"thumbnailUrl\":\"https:\\\/\\\/tiketi.com\\\/wp-content\\\/uploads\\\/2022\\\/01\\\/shanghai-city-2446326_1280.jpg\",\"datePublished\":\"2022-01-19T11:53:07+00:00\",\"dateModified\":\"2022-01-23T22:00:38+00:00\",\"description\":\"Looking for cheap air taxi from Shanghai Pudong Airport to Shanghai City Centre online booking app? Book drone flights to Shanghai Pudong International Airport\",\"breadcrumb\":{\"@id\":\"https:\\\/\\\/tiketi.com\\\/air-taxi-from-shanghai-to-shanghai-pudong-airport\\\/#breadcrumb\"},\"inLanguage\":\"fr-FR\",\"potentialAction\":[{\"@type\":\"ReadAction\",\"target\":[\"https:\\\/\\\/tiketi.com\\\/air-taxi-from-shanghai-to-shanghai-pudong-airport\\\/\"]}]},{\"@type\":\"ImageObject\",\"inLanguage\":\"fr-FR\",\"@id\":\"https:\\\/\\\/tiketi.com\\\/air-taxi-from-shanghai-to-shanghai-pudong-airport\\\/#primaryimage\",\"url\":\"https:\\\/\\\/tiketi.com\\\/wp-content\\\/uploads\\\/2022\\\/01\\\/shanghai-city-2446326_1280.jpg\",\"contentUrl\":\"https:\\\/\\\/tiketi.com\\\/wp-content\\\/uploads\\\/2022\\\/01\\\/shanghai-city-2446326_1280.jpg\",\"width\":1200,\"height\":207,\"caption\":\"Air Taxi in Shanghai City\"},{\"@type\":\"BreadcrumbList\",\"@id\":\"https:\\\/\\\/tiketi.com\\\/air-taxi-from-shanghai-to-shanghai-pudong-airport\\\/#breadcrumb\",\"itemListElement\":[{\"@type\":\"ListItem\",\"position\":1,\"name\":\"Home\",\"item\":\"https:\\\/\\\/tiketi.com\\\/\"},{\"@type\":\"ListItem\",\"position\":2,\"name\":\"Air Taxi from Shanghai Pudong Airport to Shanghai City Centre\"}]},{\"@type\":\"WebSite\",\"@id\":\"https:\\\/\\\/tiketi.com\\\/#website\",\"url\":\"https:\\\/\\\/tiketi.com\\\/\",\"name\":\"Flight & Bus Tickets, Tour Packages & Activitites - Tiketi.com\",\"description\":\"Flight &amp; Bus Tickets, Tours, Activitites\",\"publisher\":{\"@id\":\"https:\\\/\\\/tiketi.com\\\/#organization\"},\"potentialAction\":[{\"@type\":\"SearchAction\",\"target\":{\"@type\":\"EntryPoint\",\"urlTemplate\":\"https:\\\/\\\/tiketi.com\\\/?s={search_term_string}\"},\"query-input\":{\"@type\":\"PropertyValueSpecification\",\"valueRequired\":true,\"valueName\":\"search_term_string\"}}],\"inLanguage\":\"fr-FR\"},{\"@type\":\"Organization\",\"@id\":\"https:\\\/\\\/tiketi.com\\\/#organization\",\"name\":\"Tiketi.com\",\"alternateName\":\"Tiketi\",\"url\":\"https:\\\/\\\/tiketi.com\\\/\",\"logo\":{\"@type\":\"ImageObject\",\"inLanguage\":\"fr-FR\",\"@id\":\"https:\\\/\\\/tiketi.com\\\/#\\\/schema\\\/logo\\\/image\\\/\",\"url\":\"https:\\\/\\\/tiketi.com\\\/wp-content\\\/uploads\\\/2019\\\/05\\\/tiketi-logo-696.png\",\"contentUrl\":\"https:\\\/\\\/tiketi.com\\\/wp-content\\\/uploads\\\/2019\\\/05\\\/tiketi-logo-696.png\",\"width\":696,\"height\":696,\"caption\":\"Tiketi.com\"},\"image\":{\"@id\":\"https:\\\/\\\/tiketi.com\\\/#\\\/schema\\\/logo\\\/image\\\/\"},\"sameAs\":[\"https:\\\/\\\/www.facebook.com\\\/TiketiCom\\\/\"]}]}<\/script>\n<!-- \/ Yoast SEO plugin. -->","yoast_head_json":{"title":"Taxi a\u00e9rien de l&#039;a\u00e9roport de Shanghai Pudong au centre-ville de Shanghai","description":"Vous recherchez une application de r\u00e9servation en ligne de taxi a\u00e9rien pas cher de l&#039;a\u00e9roport de Shanghai Pudong au centre-ville de Shanghai? R\u00e9servez des vols de drone vers l&#039;a\u00e9roport international de Shanghai Pudong","robots":{"index":"index","follow":"follow","max-snippet":"max-snippet:-1","max-image-preview":"max-image-preview:large","max-video-preview":"max-video-preview:-1"},"canonical":"https:\/\/tiketi.com\/fr-fr\/air-taxi-from-shanghai-to-shanghai-pudong-airport\/","og_locale":"fr_FR","og_type":"article","og_title":"Air Taxi from Shanghai Pudong Airport to Shanghai City Centre","og_description":"Looking for cheap air taxi from Shanghai Pudong Airport to Shanghai City Centre online booking app? Book drone flights to Shanghai Pudong International Airport","og_url":"https:\/\/tiketi.com\/fr-fr\/air-taxi-from-shanghai-to-shanghai-pudong-airport\/","og_site_name":"Tiketi.com","article_publisher":"https:\/\/www.facebook.com\/TiketiCom\/","article_modified_time":"2022-01-23T22:00:38+00:00","og_image":[{"width":1200,"height":207,"url":"https:\/\/tiketi.com\/wp-content\/uploads\/2022\/01\/shanghai-city-2446326_1280.jpg","type":"image\/jpeg"}],"twitter_card":"summary_large_image","twitter_misc":{"Dur\u00e9e de lecture estim\u00e9e":"2 minutes"},"schema":{"@context":"https:\/\/schema.org","@graph":[{"@type":"WebPage","@id":"https:\/\/tiketi.com\/air-taxi-from-shanghai-to-shanghai-pudong-airport\/","url":"https:\/\/tiketi.com\/air-taxi-from-shanghai-to-shanghai-pudong-airport\/","name":"Taxi a\u00e9rien de l&#039;a\u00e9roport de Shanghai Pudong au centre-ville de Shanghai","isPartOf":{"@id":"https:\/\/tiketi.com\/#website"},"primaryImageOfPage":{"@id":"https:\/\/tiketi.com\/air-taxi-from-shanghai-to-shanghai-pudong-airport\/#primaryimage"},"image":{"@id":"https:\/\/tiketi.com\/air-taxi-from-shanghai-to-shanghai-pudong-airport\/#primaryimage"},"thumbnailUrl":"https:\/\/tiketi.com\/wp-content\/uploads\/2022\/01\/shanghai-city-2446326_1280.jpg","datePublished":"2022-01-19T11:53:07+00:00","dateModified":"2022-01-23T22:00:38+00:00","description":"Vous recherchez une application de r\u00e9servation en ligne de taxi a\u00e9rien pas cher de l&#039;a\u00e9roport de Shanghai Pudong au centre-ville de Shanghai? R\u00e9servez des vols de drone vers l&#039;a\u00e9roport international de Shanghai Pudong","breadcrumb":{"@id":"https:\/\/tiketi.com\/air-taxi-from-shanghai-to-shanghai-pudong-airport\/#breadcrumb"},"inLanguage":"fr-FR","potentialAction":[{"@type":"ReadAction","target":["https:\/\/tiketi.com\/air-taxi-from-shanghai-to-shanghai-pudong-airport\/"]}]},{"@type":"ImageObject","inLanguage":"fr-FR","@id":"https:\/\/tiketi.com\/air-taxi-from-shanghai-to-shanghai-pudong-airport\/#primaryimage","url":"https:\/\/tiketi.com\/wp-content\/uploads\/2022\/01\/shanghai-city-2446326_1280.jpg","contentUrl":"https:\/\/tiketi.com\/wp-content\/uploads\/2022\/01\/shanghai-city-2446326_1280.jpg","width":1200,"height":207,"caption":"Air Taxi in Shanghai City"},{"@type":"BreadcrumbList","@id":"https:\/\/tiketi.com\/air-taxi-from-shanghai-to-shanghai-pudong-airport\/#breadcrumb","itemListElement":[{"@type":"ListItem","position":1,"name":"Home","item":"https:\/\/tiketi.com\/"},{"@type":"ListItem","position":2,"name":"Air Taxi from Shanghai Pudong Airport to Shanghai City Centre"}]},{"@type":"WebSite","@id":"https:\/\/tiketi.com\/#website","url":"https:\/\/tiketi.com\/","name":"Billets d&#039;avion et de bus, forfaits touristiques et activit\u00e9s - Tiketi.com","description":"Billets d&#039;avion et de bus, Tours, Activit\u00e9s","publisher":{"@id":"https:\/\/tiketi.com\/#organization"},"potentialAction":[{"@type":"SearchAction","target":{"@type":"EntryPoint","urlTemplate":"https:\/\/tiketi.com\/?s={search_term_string}"},"query-input":{"@type":"PropertyValueSpecification","valueRequired":true,"valueName":"search_term_string"}}],"inLanguage":"fr-FR"},{"@type":"Organization","@id":"https:\/\/tiketi.com\/#organization","name":"Tiketi.com","alternateName":"Tiketi","url":"https:\/\/tiketi.com\/","logo":{"@type":"ImageObject","inLanguage":"fr-FR","@id":"https:\/\/tiketi.com\/#\/schema\/logo\/image\/","url":"https:\/\/tiketi.com\/wp-content\/uploads\/2019\/05\/tiketi-logo-696.png","contentUrl":"https:\/\/tiketi.com\/wp-content\/uploads\/2019\/05\/tiketi-logo-696.png","width":696,"height":696,"caption":"Tiketi.com"},"image":{"@id":"https:\/\/tiketi.com\/#\/schema\/logo\/image\/"},"sameAs":["https:\/\/www.facebook.com\/TiketiCom\/"]}]}},"_links":{"self":[{"href":"https:\/\/tiketi.com\/fr-fr\/wp-json\/wp\/v2\/pages\/10241","targetHints":{"allow":["GET"]}}],"collection":[{"href":"https:\/\/tiketi.com\/fr-fr\/wp-json\/wp\/v2\/pages"}],"about":[{"href":"https:\/\/tiketi.com\/fr-fr\/wp-json\/wp\/v2\/types\/page"}],"author":[{"embeddable":true,"href":"https:\/\/tiketi.com\/fr-fr\/wp-json\/wp\/v2\/users\/1"}],"replies":[{"embeddable":true,"href":"https:\/\/tiketi.com\/fr-fr\/wp-json\/wp\/v2\/comments?post=10241"}],"version-history":[{"count":0,"href":"https:\/\/tiketi.com\/fr-fr\/wp-json\/wp\/v2\/pages\/10241\/revisions"}],"wp:featuredmedia":[{"embeddable":true,"href":"https:\/\/tiketi.com\/fr-fr\/wp-json\/wp\/v2\/media\/14331"}],"wp:attachment":[{"href":"https:\/\/tiketi.com\/fr-fr\/wp-json\/wp\/v2\/media?parent=10241"}],"curies":[{"name":"wp","href":"https:\/\/api.w.org\/{rel}","templated":true}]}}