{"id":10259,"date":"2022-01-19T12:53:08","date_gmt":"2022-01-19T11:53:08","guid":{"rendered":"https:\/\/new.tiketi.com\/air-taxi-from-haneda-narita-airport-to-tokyo-city-centre\/"},"modified":"2022-01-23T22:19:48","modified_gmt":"2022-01-23T21:19:48","slug":"air-taxi-from-haneda-narita-to-tokyo","status":"publish","type":"page","link":"https:\/\/tiketi.com\/fr-fr\/air-taxi-from-haneda-narita-to-tokyo\/","title":{"rendered":"Taxi a\u00e9rien de l&#039;a\u00e9roport de Narita au centre-ville de Tokyo"},"content":{"rendered":"<h2>Vous cherchez des vols pas chers de Tokyo \u00e0 A\u00e9roport international de Narita ?<\/h2>\n<h3>&gt;&gt; Recherchez, comparez et r\u00e9servez en ligne maintenant des billets d&#039;avion pas chers de Tokyo \u00e0 A\u00e9roport international de Narita.<\/h3>\n<p>Taxi a\u00e9rien \u00e9lectrique de l&#039;a\u00e9roport de Narita \u00e0 la r\u00e9servation en ligne de Tokyo. L&#039;application Tiketi.com vous permet de rechercher, comparer et r\u00e9server en ligne des vols pas chers de Tokyo \u00e0 A\u00e9roport international de Narita. La capitale japonaise de Tokyo est un endroit grand, \u00e9nergique et \u00e9tonnant. Dans la ville la plus peupl\u00e9e de la plan\u00e8te, vous pourrez visiter des temples, d\u00eener sur d&#039;innombrables d\u00e9lices culinaires japonais et faire du shopping dans certains des murs les plus grands et les plus insolites du monde. Avec tant de choses \u00e0 faire, voir et explorer \u00e0 Tokyo, planifier votre propre itin\u00e9raire peut \u00eatre \u00e9crasant. Rendez-le plus simple en vous en tenant aux meilleures attractions de Tokyo. Alors trouvez et comparez les billets d&#039;avion de Tokyo \u00e0 l&#039;a\u00e9roport international de Narita et r\u00e9servez en ligne d\u00e8s maintenant des offres exceptionnelles sur des taxis a\u00e9riens pas chers de Tokyo \u00e0 l&#039;a\u00e9roport international de Narita.<\/p>\n<h2>Taxi a\u00e9rien pas cher de l&#039;a\u00e9roport de Narita \u00e0 Tokyo FAQ sur la r\u00e9servation en ligne<\/h2>\n<h3>Quelle est la distance entre Tokyo et l&#039;a\u00e9roport international de Narita ?<\/h3>\n<p>La distance du taxi a\u00e9rien de l&#039;a\u00e9roport de Haneda au vol de Tokyo est de 37 miles \/ 60 kilom\u00e8tres.<\/p>\n<h3>Que sont les taxis volants \u00e9lectriques eVLTO de l&#039;a\u00e9roport de Haneda \u00e0 Tokyo ?<\/h3>\n<p><!--{cke_protected}{C}%3C!%2D%2D%20%2Fwp%3Aheading%20%2D%2D%3E--><!--{cke_protected}{C}%3C!%2D%2D%20wp%3Aparagraph%20%2D%2D%3E-->Les taxis volants \u00e9lectriques de l&#039;a\u00e9roport de Haneda \u00e0 l&#039;avion de Tokyo, appel\u00e9s eVTOL (d\u00e9collage et atterrissage verticaux \u00e9lectriques), sont con\u00e7us pour transporter des personnes dans l&#039;atmosph\u00e8re urbaine et urbaine.<\/p>\n<h3>Les taxis a\u00e9riens \u00e9lectriques de l&#039;a\u00e9roport de Haneda \u00e0 Tokyo sont des transports publics \u00e0 grande vitesse<\/h3>\n<p><!--{cke_protected}{C}%3C!%2D%2D%20%2Fwp%3Aheading%20%2D%2D%3E--><!--{cke_protected}{C}%3C!%2D%2D%20wp%3Aparagraph%20%2D%2D%3E-->Le meilleur avantage des drones taxis a\u00e9riens de l&#039;a\u00e9roport de Haneda \u00e0 Tokyo est sa grande vitesse. C&#039;est le mode de transport le plus rapide et donc le moyen le plus parfait o\u00f9 le temps est un facteur vital.<\/p>\n<h3>Le taxi volant \u00e9lectrique de l&#039;a\u00e9roport de Narita au centre-ville de Tokyo a de tr\u00e8s faibles \u00e9missions de carbone<\/h3>\n<p>Taxi drone de l&#039;a\u00e9roport de Narita au centre-ville de Tokyo Les producteurs utilisent l&#039;\u00e9lectricit\u00e9 pour alimenter leurs v\u00e9hicules. Ainsi, les taxis drones n&#039;\u00e9mettront pas de gaz \u00e0 effet de serre. Par cons\u00e9quent, ces taxis peuvent contribuer \u00e0 r\u00e9duire l&#039;impact du changement climatique. Alors r\u00e9servez votre taxi avec l&#039;aide d&#039;un taxi drone de l&#039;a\u00e9roport de Haneda \u00e0 Tokyo maintenant.<\/p>\n<h2>Vols bon march\u00e9 de Tokyo \u00e0 A\u00e9roport international de Narita<\/h2>\n<p>Les taxis a\u00e9riens par drone de l&#039;a\u00e9roport de Narita au centre-ville de Tokyo offrent le plus de vols sans escale entre Tokyo et l&#039;a\u00e9roport international de Narita.<\/p>","protected":false},"excerpt":{"rendered":"<p>Looking for cheap flights from Tokyo to Narita International Airport? &gt;&gt; Search, compare and book cheap flight tickets from\u00a0Tokyo to Narita International Airport online now. Electric air taxi from\u00a0Narita Airport to Tokyo\u00a0online booking. The Tiketi.com app helps you search, compare and book cheap flights from Tokyo to Narita International Airport online. The Japanese capital city [&hellip;]<\/p>\n","protected":false},"author":1,"featured_media":14276,"parent":0,"menu_order":0,"comment_status":"open","ping_status":"closed","template":"template-home-modern.php","meta":{"footnotes":""},"class_list":["post-10259","page","type-page","status-publish","has-post-thumbnail","hentry"],"yoast_head":"<!-- This site is optimized with the Yoast SEO plugin v27.3 - https:\/\/yoast.com\/product\/yoast-seo-wordpress\/ -->\n<title>Air Taxi from Narita Airport to Tokyo City Centre<\/title>\n<meta name=\"description\" content=\"Looking for drone air taxi\u00a0from Narita Airport to Tokyo online booking app? Book cheap flights from Haneda\u00a0Airport to Tokyo City Centre\" \/>\n<meta name=\"robots\" content=\"index, follow, max-snippet:-1, max-image-preview:large, max-video-preview:-1\" \/>\n<link rel=\"canonical\" href=\"https:\/\/tiketi.com\/fr-fr\/air-taxi-from-haneda-narita-to-tokyo\/\" \/>\n<meta property=\"og:locale\" content=\"fr_FR\" \/>\n<meta property=\"og:type\" content=\"article\" \/>\n<meta property=\"og:title\" content=\"Air Taxi from Narita Airport to Tokyo City Centre\" \/>\n<meta property=\"og:description\" content=\"Looking for drone air taxi\u00a0from Narita Airport to Tokyo online booking app? Book cheap flights from Haneda\u00a0Airport to Tokyo City Centre\" \/>\n<meta property=\"og:url\" content=\"https:\/\/tiketi.com\/fr-fr\/air-taxi-from-haneda-narita-to-tokyo\/\" \/>\n<meta property=\"og:site_name\" content=\"Tiketi.com\" \/>\n<meta property=\"article:publisher\" content=\"https:\/\/www.facebook.com\/TiketiCom\/\" \/>\n<meta property=\"article:modified_time\" content=\"2022-01-23T21:19:48+00:00\" \/>\n<meta property=\"og:image\" content=\"https:\/\/tiketi.com\/wp-content\/uploads\/2022\/01\/tokyo-4524260_1280.jpg\" \/>\n\t<meta property=\"og:image:width\" content=\"1200\" \/>\n\t<meta property=\"og:image:height\" content=\"202\" \/>\n\t<meta property=\"og:image:type\" content=\"image\/jpeg\" \/>\n<meta name=\"twitter:card\" content=\"summary_large_image\" \/>\n<meta name=\"twitter:label1\" content=\"Dur\u00e9e de lecture estim\u00e9e\" \/>\n\t<meta name=\"twitter:data1\" content=\"2 minutes\" \/>\n<script type=\"application\/ld+json\" class=\"yoast-schema-graph\">{\"@context\":\"https:\\\/\\\/schema.org\",\"@graph\":[{\"@type\":\"WebPage\",\"@id\":\"https:\\\/\\\/tiketi.com\\\/air-taxi-from-haneda-narita-to-tokyo\\\/\",\"url\":\"https:\\\/\\\/tiketi.com\\\/air-taxi-from-haneda-narita-to-tokyo\\\/\",\"name\":\"Air Taxi from Narita Airport to Tokyo City Centre\",\"isPartOf\":{\"@id\":\"https:\\\/\\\/tiketi.com\\\/#website\"},\"primaryImageOfPage\":{\"@id\":\"https:\\\/\\\/tiketi.com\\\/air-taxi-from-haneda-narita-to-tokyo\\\/#primaryimage\"},\"image\":{\"@id\":\"https:\\\/\\\/tiketi.com\\\/air-taxi-from-haneda-narita-to-tokyo\\\/#primaryimage\"},\"thumbnailUrl\":\"https:\\\/\\\/tiketi.com\\\/wp-content\\\/uploads\\\/2022\\\/01\\\/tokyo-4524260_1280.jpg\",\"datePublished\":\"2022-01-19T11:53:08+00:00\",\"dateModified\":\"2022-01-23T21:19:48+00:00\",\"description\":\"Looking for drone air taxi\u00a0from Narita Airport to Tokyo online booking app? Book cheap flights from Haneda\u00a0Airport to Tokyo City Centre\",\"breadcrumb\":{\"@id\":\"https:\\\/\\\/tiketi.com\\\/air-taxi-from-haneda-narita-to-tokyo\\\/#breadcrumb\"},\"inLanguage\":\"fr-FR\",\"potentialAction\":[{\"@type\":\"ReadAction\",\"target\":[\"https:\\\/\\\/tiketi.com\\\/air-taxi-from-haneda-narita-to-tokyo\\\/\"]}]},{\"@type\":\"ImageObject\",\"inLanguage\":\"fr-FR\",\"@id\":\"https:\\\/\\\/tiketi.com\\\/air-taxi-from-haneda-narita-to-tokyo\\\/#primaryimage\",\"url\":\"https:\\\/\\\/tiketi.com\\\/wp-content\\\/uploads\\\/2022\\\/01\\\/tokyo-4524260_1280.jpg\",\"contentUrl\":\"https:\\\/\\\/tiketi.com\\\/wp-content\\\/uploads\\\/2022\\\/01\\\/tokyo-4524260_1280.jpg\",\"width\":1200,\"height\":202,\"caption\":\"Air Taxi in Tokyo City\"},{\"@type\":\"BreadcrumbList\",\"@id\":\"https:\\\/\\\/tiketi.com\\\/air-taxi-from-haneda-narita-to-tokyo\\\/#breadcrumb\",\"itemListElement\":[{\"@type\":\"ListItem\",\"position\":1,\"name\":\"Home\",\"item\":\"https:\\\/\\\/tiketi.com\\\/\"},{\"@type\":\"ListItem\",\"position\":2,\"name\":\"Air Taxi from Narita Airport to Tokyo City Centre\"}]},{\"@type\":\"WebSite\",\"@id\":\"https:\\\/\\\/tiketi.com\\\/#website\",\"url\":\"https:\\\/\\\/tiketi.com\\\/\",\"name\":\"Flight & Bus Tickets, Tour Packages & Activitites - Tiketi.com\",\"description\":\"Flight &amp; Bus Tickets, Tours, Activitites\",\"publisher\":{\"@id\":\"https:\\\/\\\/tiketi.com\\\/#organization\"},\"potentialAction\":[{\"@type\":\"SearchAction\",\"target\":{\"@type\":\"EntryPoint\",\"urlTemplate\":\"https:\\\/\\\/tiketi.com\\\/?s={search_term_string}\"},\"query-input\":{\"@type\":\"PropertyValueSpecification\",\"valueRequired\":true,\"valueName\":\"search_term_string\"}}],\"inLanguage\":\"fr-FR\"},{\"@type\":\"Organization\",\"@id\":\"https:\\\/\\\/tiketi.com\\\/#organization\",\"name\":\"Tiketi.com\",\"alternateName\":\"Tiketi\",\"url\":\"https:\\\/\\\/tiketi.com\\\/\",\"logo\":{\"@type\":\"ImageObject\",\"inLanguage\":\"fr-FR\",\"@id\":\"https:\\\/\\\/tiketi.com\\\/#\\\/schema\\\/logo\\\/image\\\/\",\"url\":\"https:\\\/\\\/tiketi.com\\\/wp-content\\\/uploads\\\/2019\\\/05\\\/tiketi-logo-696.png\",\"contentUrl\":\"https:\\\/\\\/tiketi.com\\\/wp-content\\\/uploads\\\/2019\\\/05\\\/tiketi-logo-696.png\",\"width\":696,\"height\":696,\"caption\":\"Tiketi.com\"},\"image\":{\"@id\":\"https:\\\/\\\/tiketi.com\\\/#\\\/schema\\\/logo\\\/image\\\/\"},\"sameAs\":[\"https:\\\/\\\/www.facebook.com\\\/TiketiCom\\\/\"]}]}<\/script>\n<!-- \/ Yoast SEO plugin. -->","yoast_head_json":{"title":"Taxi a\u00e9rien de l&#039;a\u00e9roport de Narita au centre-ville de Tokyo","description":"Vous recherchez une application de r\u00e9servation en ligne de taxi a\u00e9rien drone de l&#039;a\u00e9roport de Narita \u00e0 Tokyo? R\u00e9servez des vols pas chers de A\u00e9roport Haneda \u00e0 Centre-ville de Tokyo","robots":{"index":"index","follow":"follow","max-snippet":"max-snippet:-1","max-image-preview":"max-image-preview:large","max-video-preview":"max-video-preview:-1"},"canonical":"https:\/\/tiketi.com\/fr-fr\/air-taxi-from-haneda-narita-to-tokyo\/","og_locale":"fr_FR","og_type":"article","og_title":"Air Taxi from Narita Airport to Tokyo City Centre","og_description":"Looking for drone air taxi\u00a0from Narita Airport to Tokyo online booking app? Book cheap flights from Haneda\u00a0Airport to Tokyo City Centre","og_url":"https:\/\/tiketi.com\/fr-fr\/air-taxi-from-haneda-narita-to-tokyo\/","og_site_name":"Tiketi.com","article_publisher":"https:\/\/www.facebook.com\/TiketiCom\/","article_modified_time":"2022-01-23T21:19:48+00:00","og_image":[{"width":1200,"height":202,"url":"https:\/\/tiketi.com\/wp-content\/uploads\/2022\/01\/tokyo-4524260_1280.jpg","type":"image\/jpeg"}],"twitter_card":"summary_large_image","twitter_misc":{"Dur\u00e9e de lecture estim\u00e9e":"2 minutes"},"schema":{"@context":"https:\/\/schema.org","@graph":[{"@type":"WebPage","@id":"https:\/\/tiketi.com\/air-taxi-from-haneda-narita-to-tokyo\/","url":"https:\/\/tiketi.com\/air-taxi-from-haneda-narita-to-tokyo\/","name":"Taxi a\u00e9rien de l&#039;a\u00e9roport de Narita au centre-ville de Tokyo","isPartOf":{"@id":"https:\/\/tiketi.com\/#website"},"primaryImageOfPage":{"@id":"https:\/\/tiketi.com\/air-taxi-from-haneda-narita-to-tokyo\/#primaryimage"},"image":{"@id":"https:\/\/tiketi.com\/air-taxi-from-haneda-narita-to-tokyo\/#primaryimage"},"thumbnailUrl":"https:\/\/tiketi.com\/wp-content\/uploads\/2022\/01\/tokyo-4524260_1280.jpg","datePublished":"2022-01-19T11:53:08+00:00","dateModified":"2022-01-23T21:19:48+00:00","description":"Vous recherchez une application de r\u00e9servation en ligne de taxi a\u00e9rien drone de l&#039;a\u00e9roport de Narita \u00e0 Tokyo? R\u00e9servez des vols pas chers de A\u00e9roport Haneda \u00e0 Centre-ville de Tokyo","breadcrumb":{"@id":"https:\/\/tiketi.com\/air-taxi-from-haneda-narita-to-tokyo\/#breadcrumb"},"inLanguage":"fr-FR","potentialAction":[{"@type":"ReadAction","target":["https:\/\/tiketi.com\/air-taxi-from-haneda-narita-to-tokyo\/"]}]},{"@type":"ImageObject","inLanguage":"fr-FR","@id":"https:\/\/tiketi.com\/air-taxi-from-haneda-narita-to-tokyo\/#primaryimage","url":"https:\/\/tiketi.com\/wp-content\/uploads\/2022\/01\/tokyo-4524260_1280.jpg","contentUrl":"https:\/\/tiketi.com\/wp-content\/uploads\/2022\/01\/tokyo-4524260_1280.jpg","width":1200,"height":202,"caption":"Air Taxi in Tokyo City"},{"@type":"BreadcrumbList","@id":"https:\/\/tiketi.com\/air-taxi-from-haneda-narita-to-tokyo\/#breadcrumb","itemListElement":[{"@type":"ListItem","position":1,"name":"Home","item":"https:\/\/tiketi.com\/"},{"@type":"ListItem","position":2,"name":"Air Taxi from Narita Airport to Tokyo City Centre"}]},{"@type":"WebSite","@id":"https:\/\/tiketi.com\/#website","url":"https:\/\/tiketi.com\/","name":"Billets d&#039;avion et de bus, forfaits touristiques et activit\u00e9s - Tiketi.com","description":"Billets d&#039;avion et de bus, Tours, Activit\u00e9s","publisher":{"@id":"https:\/\/tiketi.com\/#organization"},"potentialAction":[{"@type":"SearchAction","target":{"@type":"EntryPoint","urlTemplate":"https:\/\/tiketi.com\/?s={search_term_string}"},"query-input":{"@type":"PropertyValueSpecification","valueRequired":true,"valueName":"search_term_string"}}],"inLanguage":"fr-FR"},{"@type":"Organization","@id":"https:\/\/tiketi.com\/#organization","name":"Tiketi.com","alternateName":"Tiketi","url":"https:\/\/tiketi.com\/","logo":{"@type":"ImageObject","inLanguage":"fr-FR","@id":"https:\/\/tiketi.com\/#\/schema\/logo\/image\/","url":"https:\/\/tiketi.com\/wp-content\/uploads\/2019\/05\/tiketi-logo-696.png","contentUrl":"https:\/\/tiketi.com\/wp-content\/uploads\/2019\/05\/tiketi-logo-696.png","width":696,"height":696,"caption":"Tiketi.com"},"image":{"@id":"https:\/\/tiketi.com\/#\/schema\/logo\/image\/"},"sameAs":["https:\/\/www.facebook.com\/TiketiCom\/"]}]}},"_links":{"self":[{"href":"https:\/\/tiketi.com\/fr-fr\/wp-json\/wp\/v2\/pages\/10259","targetHints":{"allow":["GET"]}}],"collection":[{"href":"https:\/\/tiketi.com\/fr-fr\/wp-json\/wp\/v2\/pages"}],"about":[{"href":"https:\/\/tiketi.com\/fr-fr\/wp-json\/wp\/v2\/types\/page"}],"author":[{"embeddable":true,"href":"https:\/\/tiketi.com\/fr-fr\/wp-json\/wp\/v2\/users\/1"}],"replies":[{"embeddable":true,"href":"https:\/\/tiketi.com\/fr-fr\/wp-json\/wp\/v2\/comments?post=10259"}],"version-history":[{"count":0,"href":"https:\/\/tiketi.com\/fr-fr\/wp-json\/wp\/v2\/pages\/10259\/revisions"}],"wp:featuredmedia":[{"embeddable":true,"href":"https:\/\/tiketi.com\/fr-fr\/wp-json\/wp\/v2\/media\/14276"}],"wp:attachment":[{"href":"https:\/\/tiketi.com\/fr-fr\/wp-json\/wp\/v2\/media?parent=10259"}],"curies":[{"name":"wp","href":"https:\/\/api.w.org\/{rel}","templated":true}]}}