{"id":10261,"date":"2022-01-19T12:53:08","date_gmt":"2022-01-19T11:53:08","guid":{"rendered":"https:\/\/new.tiketi.com\/air-taxi-from-hong-kong-airport-to-hong-kong-city-centre\/"},"modified":"2022-01-23T22:05:54","modified_gmt":"2022-01-23T21:05:54","slug":"air-taxi-from-hong-kong-airport-to-hong-kong-city-centre","status":"publish","type":"page","link":"https:\/\/tiketi.com\/fr-fr\/air-taxi-from-hong-kong-airport-to-hong-kong-city-centre\/","title":{"rendered":"Taxi a\u00e9rien de l&#039;a\u00e9roport de Hong Kong au centre-ville de Hong Kong"},"content":{"rendered":"<h2>Vous recherchez des vols pas chers de Hong Kong \u00e0 A\u00e9roport international de Hong Kong ?<\/h2>\n<h3>&gt;&gt; Recherchez, comparez et r\u00e9servez en ligne maintenant des billets d&#039;avion pas chers de A\u00e9roport international de Hong Kong \u00e0 Hong Kong (HKG).<\/h3>\n<p>Taxi a\u00e9rien \u00e9lectrique de l&#039;a\u00e9roport de Hong Kong \u00e0 la r\u00e9servation en ligne de Hong Kong. L&#039;application Tiketi.com vous permet de rechercher, comparer et r\u00e9server en ligne des vols pas chers de Hong Kong \u00e0 A\u00e9roport international de Hong Kong. Hong Kong est c\u00e9l\u00e8bre dans le monde entier comme une ville glamour et le meilleur choix pour le shopping de luxe. \u00c0 chaque coin de la ville, il y a quelque chose de sp\u00e9cial et de nouveau, qu&#039;il s&#039;agisse d&#039;un tr\u00e8s vieux temple ou d&#039;un magasin vendant les derniers gadgets \u00e9lectroniques. Voici quelques-unes des meilleures attractions de Hong Kong. Cela fait de Hong Kong un endroit parfait pour tous les types de visiteurs. Alors trouvez et comparez les billets d&#039;avion de l&#039;a\u00e9roport international de Hong Kong \u00e0 Hong Kong (HKG) et r\u00e9servez en ligne d\u00e8s maintenant des offres exceptionnelles sur des taxis a\u00e9riens pas chers de l&#039;a\u00e9roport international de Hong Kong \u00e0 Hong Kong. Voici quelques-unes des meilleures attractions de Hong Kong :<\/p>\n<h3>Horizon de Hong-Kong<\/h3>\n<p>Hong Kong poss\u00e8de l&#039;un des horizons les plus remarquables et les plus reconnaissables de la plan\u00e8te. La dense collection de gratte-ciel, \u00e0 la fois sur les \u00eeles de Hong Kong et \u00e0 Kowloon, rassembl\u00e9e avec le port et les montagnes environnants, distingue cette ville. Dans le port, les jonques chinoises traditionnelles \u00e0 voiles rouges et l&#039;historique Star Ferry contrastent fortement avec la toile de fond des derniers gratte-ciel.<\/p>\n<h3>Pic Victoria<\/h3>\n<p>Vous n&#039;avez pas vu le sommet de Hong Kong tant que vous n&#039;avez pas admir\u00e9 la ligne d&#039;horizon depuis le Victoria Peak, plus g\u00e9n\u00e9ralement appel\u00e9 le Peak. Prenez le tram jusqu&#039;au sommet de ce magnifique point de vue pour admirer les gratte-ciel, les \u00eeles environnantes et le port. La station de tramway plac\u00e9e pr\u00e8s de l&#039;entr\u00e9e du parc de Hong Kong pr\u00e8s du b\u00e2timent Murray. Au sommet du tram se trouvent la Peak Galleria et la Peak Tower, avec des restaurants, des boutiques et une terrasse d&#039;observation.<\/p>\n<h3>Temple Wong Tai Sin<\/h3>\n<p>Le temple Wong Tai Sin est l&#039;un des plus chauds de Hong Kong et aussi l&#039;un des plus \u00e9tonnants. Situ\u00e9 \u00e0 Kowloon, le vrai temple \u00e9tait une structure priv\u00e9e construite en 1920.<\/p>\n<h2>FAQ sur la r\u00e9servation en ligne d&#039;un taxi a\u00e9rien pas cher de l&#039;a\u00e9roport de Hong Kong \u00e0 Hong Kong<\/h2>\n<h3>Quelle est la distance entre l&#039;a\u00e9roport international de Hong Kong et le centre-ville de Hong Kong ?<\/h3>\n<p>La distance du taxi a\u00e9rien de l&#039;a\u00e9roport de Hong Kong au vol de Hong Kong est de 35 km \/ 21,7 miles.<\/p>\n<h3>Quelle est la dur\u00e9e des vols pas chers de Hong Kong \u00e0 A\u00e9roport international de Hong Kong ?<\/h3>\n<p>La dur\u00e9e moyenne d&#039;un vol de l&#039;a\u00e9roport international de Hong Kong \u00e0 Hong Kong est de 10 minutes.<\/p>\n<h3>Que sont les taxis volants \u00e9lectriques eVLTO de l&#039;a\u00e9roport de Hong Kong \u00e0 Hong Kong ?<\/h3>\n<p><!--{cke_protected}{C}%3C!%2D%2D%20%2Fwp%3Aheading%20%2D%2D%3E--><!--{cke_protected}{C}%3C!%2D%2D%20wp%3Aparagraph%20%2D%2D%3E-->Les taxis volants de l&#039;a\u00e9roport de Hong Kong aux avions de Hong Kong, appel\u00e9s eVTOL (d\u00e9collage et atterrissage verticaux \u00e9lectriques), sont con\u00e7us pour transporter des personnes dans l&#039;atmosph\u00e8re urbaine et urbaine.<\/p>\n<h3>Les taxis a\u00e9riens \u00e9lectriques de l&#039;a\u00e9roport de Hong Kong au centre-ville de Hong Kong sont des transports publics \u00e0 grande vitesse<\/h3>\n<p><!--{cke_protected}{C}%3C!%2D%2D%20%2Fwp%3Aheading%20%2D%2D%3E--><!--{cke_protected}{C}%3C!%2D%2D%20wp%3Aparagraph%20%2D%2D%3E-->Le meilleur avantage des taxis a\u00e9riens de l&#039;a\u00e9roport de Hong Kong \u00e0 Hong Kong est sa grande vitesse. C&#039;est le mode de transport le plus rapide et donc le moyen le plus parfait o\u00f9 le temps est un facteur vital.<\/p>\n<h3>Le taxi volant \u00e9lectrique de l&#039;a\u00e9roport de Hong Kong au centre-ville de Hong Kong a de tr\u00e8s faibles \u00e9missions de carbone<\/h3>\n<p>Le taxi drone de l&#039;a\u00e9roport de Hong Kong aux producteurs de Hong Kong utilise l&#039;\u00e9lectricit\u00e9 pour alimenter leurs v\u00e9hicules. Ainsi, les taxis drones n&#039;\u00e9mettront pas de gaz \u00e0 effet de serre. Par cons\u00e9quent, ces taxis peuvent contribuer \u00e0 r\u00e9duire l&#039;impact du changement climatique. Alors r\u00e9servez votre taxi avec l&#039;aide d&#039;un taxi drone de l&#039;a\u00e9roport de Hong Kong \u00e0 Hong Kong maintenant.<\/p>\n<h2>Vols pas chers de Hong Kong \u00e0 Hong Kong International Airport<\/h2>\n<p>Les taxis a\u00e9riens par drone de Hong Kong \u00e0 l&#039;a\u00e9roport international de Hong Kong offrent le plus de vols sans escale entre Hong Kong et l&#039;a\u00e9roport international de Hong Kong.<\/p>","protected":false},"excerpt":{"rendered":"<p>Looking for cheap flights from Hong Kong to Hong Kong International Airport? &gt;&gt; Search, compare and book cheap flight tickets from\u00a0Hong Kong International Airport\u00a0to Hong Kong (HKG) online now. Electric air taxi from Hong Kong Airport \u00a0to Hong Kong online booking. The Tiketi.com app helps you search, compare and book cheap flights from Hong Kong [&hellip;]<\/p>\n","protected":false},"author":1,"featured_media":14244,"parent":0,"menu_order":0,"comment_status":"open","ping_status":"closed","template":"template-home-modern.php","meta":{"footnotes":""},"class_list":["post-10261","page","type-page","status-publish","has-post-thumbnail","hentry"],"yoast_head":"<!-- This site is optimized with the Yoast SEO plugin v27.3 - https:\/\/yoast.com\/product\/yoast-seo-wordpress\/ -->\n<title>Air Taxi from Hong Kong Airport to Hong Kong City Centre<\/title>\n<meta name=\"description\" content=\"Looking for cheap air taxi from Hong Kong Airport to Hong Kong online booking app? Search &amp; book flights to Hong Kong International Airport\" \/>\n<meta name=\"robots\" content=\"index, follow, max-snippet:-1, max-image-preview:large, max-video-preview:-1\" \/>\n<link rel=\"canonical\" href=\"https:\/\/tiketi.com\/fr-fr\/air-taxi-from-hong-kong-airport-to-hong-kong-city-centre\/\" \/>\n<meta property=\"og:locale\" content=\"fr_FR\" \/>\n<meta property=\"og:type\" content=\"article\" \/>\n<meta property=\"og:title\" content=\"Air Taxi from Hong Kong Airport to Hong Kong City Centre\" \/>\n<meta property=\"og:description\" content=\"Looking for cheap air taxi from Hong Kong Airport to Hong Kong online booking app? Search &amp; book flights to Hong Kong International Airport\" \/>\n<meta property=\"og:url\" content=\"https:\/\/tiketi.com\/fr-fr\/air-taxi-from-hong-kong-airport-to-hong-kong-city-centre\/\" \/>\n<meta property=\"og:site_name\" content=\"Tiketi.com\" \/>\n<meta property=\"article:publisher\" content=\"https:\/\/www.facebook.com\/TiketiCom\/\" \/>\n<meta property=\"article:modified_time\" content=\"2022-01-23T21:05:54+00:00\" \/>\n<meta property=\"og:image\" content=\"https:\/\/tiketi.com\/wp-content\/uploads\/2022\/01\/hong-kong-4370342_1280.jpg\" \/>\n\t<meta property=\"og:image:width\" content=\"1200\" \/>\n\t<meta property=\"og:image:height\" content=\"264\" \/>\n\t<meta property=\"og:image:type\" content=\"image\/jpeg\" \/>\n<meta name=\"twitter:card\" content=\"summary_large_image\" \/>\n<meta name=\"twitter:label1\" content=\"Dur\u00e9e de lecture estim\u00e9e\" \/>\n\t<meta name=\"twitter:data1\" content=\"3 minutes\" \/>\n<script type=\"application\/ld+json\" class=\"yoast-schema-graph\">{\"@context\":\"https:\\\/\\\/schema.org\",\"@graph\":[{\"@type\":\"WebPage\",\"@id\":\"https:\\\/\\\/tiketi.com\\\/air-taxi-from-hong-kong-airport-to-hong-kong-city-centre\\\/\",\"url\":\"https:\\\/\\\/tiketi.com\\\/air-taxi-from-hong-kong-airport-to-hong-kong-city-centre\\\/\",\"name\":\"Air Taxi from Hong Kong Airport to Hong Kong City Centre\",\"isPartOf\":{\"@id\":\"https:\\\/\\\/tiketi.com\\\/#website\"},\"primaryImageOfPage\":{\"@id\":\"https:\\\/\\\/tiketi.com\\\/air-taxi-from-hong-kong-airport-to-hong-kong-city-centre\\\/#primaryimage\"},\"image\":{\"@id\":\"https:\\\/\\\/tiketi.com\\\/air-taxi-from-hong-kong-airport-to-hong-kong-city-centre\\\/#primaryimage\"},\"thumbnailUrl\":\"https:\\\/\\\/tiketi.com\\\/wp-content\\\/uploads\\\/2022\\\/01\\\/hong-kong-4370342_1280.jpg\",\"datePublished\":\"2022-01-19T11:53:08+00:00\",\"dateModified\":\"2022-01-23T21:05:54+00:00\",\"description\":\"Looking for cheap air taxi from Hong Kong Airport to Hong Kong online booking app? Search & book flights to Hong Kong International Airport\",\"breadcrumb\":{\"@id\":\"https:\\\/\\\/tiketi.com\\\/air-taxi-from-hong-kong-airport-to-hong-kong-city-centre\\\/#breadcrumb\"},\"inLanguage\":\"fr-FR\",\"potentialAction\":[{\"@type\":\"ReadAction\",\"target\":[\"https:\\\/\\\/tiketi.com\\\/air-taxi-from-hong-kong-airport-to-hong-kong-city-centre\\\/\"]}]},{\"@type\":\"ImageObject\",\"inLanguage\":\"fr-FR\",\"@id\":\"https:\\\/\\\/tiketi.com\\\/air-taxi-from-hong-kong-airport-to-hong-kong-city-centre\\\/#primaryimage\",\"url\":\"https:\\\/\\\/tiketi.com\\\/wp-content\\\/uploads\\\/2022\\\/01\\\/hong-kong-4370342_1280.jpg\",\"contentUrl\":\"https:\\\/\\\/tiketi.com\\\/wp-content\\\/uploads\\\/2022\\\/01\\\/hong-kong-4370342_1280.jpg\",\"width\":1200,\"height\":264,\"caption\":\"Air Taxi in Hong Kong\"},{\"@type\":\"BreadcrumbList\",\"@id\":\"https:\\\/\\\/tiketi.com\\\/air-taxi-from-hong-kong-airport-to-hong-kong-city-centre\\\/#breadcrumb\",\"itemListElement\":[{\"@type\":\"ListItem\",\"position\":1,\"name\":\"Home\",\"item\":\"https:\\\/\\\/tiketi.com\\\/\"},{\"@type\":\"ListItem\",\"position\":2,\"name\":\"Air Taxi from Hong Kong Airport to Hong Kong City Centre\"}]},{\"@type\":\"WebSite\",\"@id\":\"https:\\\/\\\/tiketi.com\\\/#website\",\"url\":\"https:\\\/\\\/tiketi.com\\\/\",\"name\":\"Flight & Bus Tickets, Tour Packages & Activitites - Tiketi.com\",\"description\":\"Flight &amp; Bus Tickets, Tours, Activitites\",\"publisher\":{\"@id\":\"https:\\\/\\\/tiketi.com\\\/#organization\"},\"potentialAction\":[{\"@type\":\"SearchAction\",\"target\":{\"@type\":\"EntryPoint\",\"urlTemplate\":\"https:\\\/\\\/tiketi.com\\\/?s={search_term_string}\"},\"query-input\":{\"@type\":\"PropertyValueSpecification\",\"valueRequired\":true,\"valueName\":\"search_term_string\"}}],\"inLanguage\":\"fr-FR\"},{\"@type\":\"Organization\",\"@id\":\"https:\\\/\\\/tiketi.com\\\/#organization\",\"name\":\"Tiketi.com\",\"alternateName\":\"Tiketi\",\"url\":\"https:\\\/\\\/tiketi.com\\\/\",\"logo\":{\"@type\":\"ImageObject\",\"inLanguage\":\"fr-FR\",\"@id\":\"https:\\\/\\\/tiketi.com\\\/#\\\/schema\\\/logo\\\/image\\\/\",\"url\":\"https:\\\/\\\/tiketi.com\\\/wp-content\\\/uploads\\\/2019\\\/05\\\/tiketi-logo-696.png\",\"contentUrl\":\"https:\\\/\\\/tiketi.com\\\/wp-content\\\/uploads\\\/2019\\\/05\\\/tiketi-logo-696.png\",\"width\":696,\"height\":696,\"caption\":\"Tiketi.com\"},\"image\":{\"@id\":\"https:\\\/\\\/tiketi.com\\\/#\\\/schema\\\/logo\\\/image\\\/\"},\"sameAs\":[\"https:\\\/\\\/www.facebook.com\\\/TiketiCom\\\/\"]}]}<\/script>\n<!-- \/ Yoast SEO plugin. -->","yoast_head_json":{"title":"Taxi a\u00e9rien de l&#039;a\u00e9roport de Hong Kong au centre-ville de Hong Kong","description":"Vous recherchez une application de r\u00e9servation en ligne de taxi a\u00e9rien bon march\u00e9 de l&#039;a\u00e9roport de Hong Kong \u00e0 Hong Kong? Rechercher et r\u00e9server des vols vers l&#039;a\u00e9roport international de Hong Kong","robots":{"index":"index","follow":"follow","max-snippet":"max-snippet:-1","max-image-preview":"max-image-preview:large","max-video-preview":"max-video-preview:-1"},"canonical":"https:\/\/tiketi.com\/fr-fr\/air-taxi-from-hong-kong-airport-to-hong-kong-city-centre\/","og_locale":"fr_FR","og_type":"article","og_title":"Air Taxi from Hong Kong Airport to Hong Kong City Centre","og_description":"Looking for cheap air taxi from Hong Kong Airport to Hong Kong online booking app? Search & book flights to Hong Kong International Airport","og_url":"https:\/\/tiketi.com\/fr-fr\/air-taxi-from-hong-kong-airport-to-hong-kong-city-centre\/","og_site_name":"Tiketi.com","article_publisher":"https:\/\/www.facebook.com\/TiketiCom\/","article_modified_time":"2022-01-23T21:05:54+00:00","og_image":[{"width":1200,"height":264,"url":"https:\/\/tiketi.com\/wp-content\/uploads\/2022\/01\/hong-kong-4370342_1280.jpg","type":"image\/jpeg"}],"twitter_card":"summary_large_image","twitter_misc":{"Dur\u00e9e de lecture estim\u00e9e":"3 minutes"},"schema":{"@context":"https:\/\/schema.org","@graph":[{"@type":"WebPage","@id":"https:\/\/tiketi.com\/air-taxi-from-hong-kong-airport-to-hong-kong-city-centre\/","url":"https:\/\/tiketi.com\/air-taxi-from-hong-kong-airport-to-hong-kong-city-centre\/","name":"Taxi a\u00e9rien de l&#039;a\u00e9roport de Hong Kong au centre-ville de Hong Kong","isPartOf":{"@id":"https:\/\/tiketi.com\/#website"},"primaryImageOfPage":{"@id":"https:\/\/tiketi.com\/air-taxi-from-hong-kong-airport-to-hong-kong-city-centre\/#primaryimage"},"image":{"@id":"https:\/\/tiketi.com\/air-taxi-from-hong-kong-airport-to-hong-kong-city-centre\/#primaryimage"},"thumbnailUrl":"https:\/\/tiketi.com\/wp-content\/uploads\/2022\/01\/hong-kong-4370342_1280.jpg","datePublished":"2022-01-19T11:53:08+00:00","dateModified":"2022-01-23T21:05:54+00:00","description":"Vous recherchez une application de r\u00e9servation en ligne de taxi a\u00e9rien bon march\u00e9 de l&#039;a\u00e9roport de Hong Kong \u00e0 Hong Kong? Rechercher et r\u00e9server des vols vers l&#039;a\u00e9roport international de Hong Kong","breadcrumb":{"@id":"https:\/\/tiketi.com\/air-taxi-from-hong-kong-airport-to-hong-kong-city-centre\/#breadcrumb"},"inLanguage":"fr-FR","potentialAction":[{"@type":"ReadAction","target":["https:\/\/tiketi.com\/air-taxi-from-hong-kong-airport-to-hong-kong-city-centre\/"]}]},{"@type":"ImageObject","inLanguage":"fr-FR","@id":"https:\/\/tiketi.com\/air-taxi-from-hong-kong-airport-to-hong-kong-city-centre\/#primaryimage","url":"https:\/\/tiketi.com\/wp-content\/uploads\/2022\/01\/hong-kong-4370342_1280.jpg","contentUrl":"https:\/\/tiketi.com\/wp-content\/uploads\/2022\/01\/hong-kong-4370342_1280.jpg","width":1200,"height":264,"caption":"Air Taxi in Hong Kong"},{"@type":"BreadcrumbList","@id":"https:\/\/tiketi.com\/air-taxi-from-hong-kong-airport-to-hong-kong-city-centre\/#breadcrumb","itemListElement":[{"@type":"ListItem","position":1,"name":"Home","item":"https:\/\/tiketi.com\/"},{"@type":"ListItem","position":2,"name":"Air Taxi from Hong Kong Airport to Hong Kong City Centre"}]},{"@type":"WebSite","@id":"https:\/\/tiketi.com\/#website","url":"https:\/\/tiketi.com\/","name":"Billets d&#039;avion et de bus, forfaits touristiques et activit\u00e9s - Tiketi.com","description":"Billets d&#039;avion et de bus, Tours, Activit\u00e9s","publisher":{"@id":"https:\/\/tiketi.com\/#organization"},"potentialAction":[{"@type":"SearchAction","target":{"@type":"EntryPoint","urlTemplate":"https:\/\/tiketi.com\/?s={search_term_string}"},"query-input":{"@type":"PropertyValueSpecification","valueRequired":true,"valueName":"search_term_string"}}],"inLanguage":"fr-FR"},{"@type":"Organization","@id":"https:\/\/tiketi.com\/#organization","name":"Tiketi.com","alternateName":"Tiketi","url":"https:\/\/tiketi.com\/","logo":{"@type":"ImageObject","inLanguage":"fr-FR","@id":"https:\/\/tiketi.com\/#\/schema\/logo\/image\/","url":"https:\/\/tiketi.com\/wp-content\/uploads\/2019\/05\/tiketi-logo-696.png","contentUrl":"https:\/\/tiketi.com\/wp-content\/uploads\/2019\/05\/tiketi-logo-696.png","width":696,"height":696,"caption":"Tiketi.com"},"image":{"@id":"https:\/\/tiketi.com\/#\/schema\/logo\/image\/"},"sameAs":["https:\/\/www.facebook.com\/TiketiCom\/"]}]}},"_links":{"self":[{"href":"https:\/\/tiketi.com\/fr-fr\/wp-json\/wp\/v2\/pages\/10261","targetHints":{"allow":["GET"]}}],"collection":[{"href":"https:\/\/tiketi.com\/fr-fr\/wp-json\/wp\/v2\/pages"}],"about":[{"href":"https:\/\/tiketi.com\/fr-fr\/wp-json\/wp\/v2\/types\/page"}],"author":[{"embeddable":true,"href":"https:\/\/tiketi.com\/fr-fr\/wp-json\/wp\/v2\/users\/1"}],"replies":[{"embeddable":true,"href":"https:\/\/tiketi.com\/fr-fr\/wp-json\/wp\/v2\/comments?post=10261"}],"version-history":[{"count":0,"href":"https:\/\/tiketi.com\/fr-fr\/wp-json\/wp\/v2\/pages\/10261\/revisions"}],"wp:featuredmedia":[{"embeddable":true,"href":"https:\/\/tiketi.com\/fr-fr\/wp-json\/wp\/v2\/media\/14244"}],"wp:attachment":[{"href":"https:\/\/tiketi.com\/fr-fr\/wp-json\/wp\/v2\/media?parent=10261"}],"curies":[{"name":"wp","href":"https:\/\/api.w.org\/{rel}","templated":true}]}}