{"id":10264,"date":"2022-01-19T12:53:08","date_gmt":"2022-01-19T11:53:08","guid":{"rendered":"https:\/\/new.tiketi.com\/cheap-flights-air-taxi-from-cimahi-to-jakarta\/"},"modified":"2022-02-03T14:25:32","modified_gmt":"2022-02-03T13:25:32","slug":"air-taxi-from-jakarta-to-cimahi","status":"publish","type":"page","link":"https:\/\/tiketi.com\/fr-fr\/air-taxi-from-jakarta-to-cimahi\/","title":{"rendered":"Taxi a\u00e9rien de Cimahi \u00e0 Jakarta"},"content":{"rendered":"<h2>Vous recherchez des vols \u00e0 bas prix au Jakarta vers Cimahi?<\/h2>\n<h3>Recherchez, comparez et r\u00e9servez des billets d&#039;avion pas chers de Jakarta \u00e0 Cimahi en ligne d\u00e8s maintenant.<\/h3>\n<p>La r\u00e9servation en ligne de taxi a\u00e9rien \u00e9lectrique de Cimahi \u00e0 Jakarta sera bient\u00f4t possible. L&#039;application Tiketi.com vous permet de rechercher, comparer et r\u00e9server en ligne des vols pas chers de Jakarta \u00e0 Cimahi. Jakarta, capitale chaotique et \u00e9poustouflante, abrite quelque 18 millions d&#039;habitants et sert de point d&#039;entr\u00e9e sur l&#039;\u00eele de Java. Pour de nombreux visiteurs, Jakarta n&#039;est qu&#039;une \u00e9tape en route vers une autre campagne, mais si vous prenez le temps, vous d\u00e9couvrirez une ville remarquable avec beaucoup \u00e0 offrir. Avec une histoire remontant \u00e0 plus de 1 500 ans lorsqu&#039;elle faisait partie du royaume soudanais de Tarumanagara, Jakarta a r\u00e9ussi \u00e0 pr\u00e9server une bonne dose d&#039;ancien pour contraster avec le nouveau d\u00e9veloppement remarquable. Trouvez et comparez les billets d&#039;avion de Jakarta \u00e0 Cimahi et r\u00e9servez en ligne d\u00e8s maintenant des offres int\u00e9ressantes sur les taxis a\u00e9riens bon march\u00e9 de Jakarta \u00e0 Cimahi.<\/p>\n<h2>R\u00e9servation en ligne de taxi a\u00e9rien pas cher de Cimahi \u00e0 Jakarta - FAQ<\/h2>\n<h3>Quelle est la distance entre Jakarta et Cimahi ?<\/h3>\n<p>La distance des vols de Jakarta \u00e0 Cimahi est de 106 kilom\u00e8tres.<\/p>\n<h3>Que sont les taxis volants \u00e9lectriques eVLTO de Cimahi \u00e0 Jakarta ?<\/h3>\n<p><!--{cke_protected}{C}%3C!%2D%2D%20%2Fwp%3Aheading%20%2D%2D%3E--><!--{cke_protected}{C}%3C!%2D%2D%20wp%3Aparagraph%20%2D%2D%3E-->Les taxis volants \u00e9lectriques reliant Cimahi \u00e0 Jakarta, appel\u00e9s eVTOL (d\u00e9collage et atterrissage verticaux \u00e9lectriques), sont con\u00e7us pour transporter des personnes dans l&#039;atmosph\u00e8re urbaine et urbaine.<\/p>\n<h3>Les taxis a\u00e9riens \u00e9lectriques de Cimahi \u00e0 Jakarta sont des transports publics \u00e0 grande vitesse<\/h3>\n<p><!--{cke_protected}{C}%3C!%2D%2D%20%2Fwp%3Aheading%20%2D%2D%3E--><!--{cke_protected}{C}%3C!%2D%2D%20wp%3Aparagraph%20%2D%2D%3E-->Le meilleur avantage des taxis a\u00e9riens par drones de Cimahi \u00e0 Jakarta est sa vitesse \u00e9lev\u00e9e. C&#039;est le mode de transport le plus rapide et donc le moyen le plus parfait l\u00e0 o\u00f9 le temps est un facteur essentiel.<\/p>\n<h3>Le taxi volant par drone de Cimahi \u00e0 Jakarta a de tr\u00e8s faibles \u00e9missions de carbone<\/h3>\n<p>Les producteurs de taxi drone de Cimahi \u00e0 Jakarta utilisent l\u2019\u00e9lectricit\u00e9 pour alimenter leurs v\u00e9hicules. Ainsi, les taxis drones n\u2019\u00e9mettent pas de gaz \u00e0 effet de serre. Par cons\u00e9quent, ces taxis peuvent contribuer \u00e0 r\u00e9duire l\u2019impact du changement climatique. Alors r\u00e9servez d\u00e8s maintenant votre taxi avec l&#039;aide d&#039;un taxi drone de Cimahi \u00e0 Jakarta.<\/p>\n<h2>Conseils pour les vols pas chers de Jakarta \u00e0 Cimahi<\/h2>\n<p>Les vols pas chers de Jakarta \u00e0 Cimahi proposent le plus de vols directs entre Jakarta et Cimahi.<\/p>","protected":false},"excerpt":{"rendered":"<p>Looking for cheap flights from Jakarta to Cimahi? Search, compare and book cheap flight tickets from\u00a0Jakarta to Cimahi online now. Electric air taxi from Cimahi to Jakarta online booking will be possible soon. The Tiketi.com app helps you search, compare and book cheap flights from Jakarta to Cimahi\u00a0online.\u00a0Jakarta chaotic, stunning capital, is home to some [&hellip;]<\/p>\n","protected":false},"author":1,"featured_media":14343,"parent":0,"menu_order":0,"comment_status":"open","ping_status":"closed","template":"template-home-modern.php","meta":{"footnotes":""},"class_list":["post-10264","page","type-page","status-publish","has-post-thumbnail","hentry"],"yoast_head":"<!-- This site is optimized with the Yoast SEO plugin v27.3 - https:\/\/yoast.com\/product\/yoast-seo-wordpress\/ -->\n<title>Air Taxi from Cimahi to Jakarta<\/title>\n<meta name=\"description\" content=\"Looking for cheap air taxi from Cimahi to Jakarta online booking app? Compare and book cheap flights from Jakarta to Cimahi\" \/>\n<meta name=\"robots\" content=\"index, follow, max-snippet:-1, max-image-preview:large, max-video-preview:-1\" \/>\n<link rel=\"canonical\" href=\"https:\/\/tiketi.com\/fr-fr\/air-taxi-from-jakarta-to-cimahi\/\" \/>\n<meta property=\"og:locale\" content=\"fr_FR\" \/>\n<meta property=\"og:type\" content=\"article\" \/>\n<meta property=\"og:title\" content=\"Air Taxi from Cimahi to Jakarta\" \/>\n<meta property=\"og:description\" content=\"Looking for cheap air taxi from Cimahi to Jakarta online booking app? Compare and book cheap flights from Jakarta to Cimahi\" \/>\n<meta property=\"og:url\" content=\"https:\/\/tiketi.com\/fr-fr\/air-taxi-from-jakarta-to-cimahi\/\" \/>\n<meta property=\"og:site_name\" content=\"Tiketi.com\" \/>\n<meta property=\"article:publisher\" content=\"https:\/\/www.facebook.com\/TiketiCom\/\" \/>\n<meta property=\"article:modified_time\" content=\"2022-02-03T13:25:32+00:00\" \/>\n<meta property=\"og:image\" content=\"https:\/\/tiketi.com\/wp-content\/uploads\/2022\/01\/jakarta-indonesia-3465931_1.jpg\" \/>\n\t<meta property=\"og:image:width\" content=\"1200\" \/>\n\t<meta property=\"og:image:height\" content=\"200\" \/>\n\t<meta property=\"og:image:type\" content=\"image\/jpeg\" \/>\n<meta name=\"twitter:card\" content=\"summary_large_image\" \/>\n<meta name=\"twitter:label1\" content=\"Dur\u00e9e de lecture estim\u00e9e\" \/>\n\t<meta name=\"twitter:data1\" content=\"2 minutes\" \/>\n<script type=\"application\/ld+json\" class=\"yoast-schema-graph\">{\"@context\":\"https:\\\/\\\/schema.org\",\"@graph\":[{\"@type\":\"WebPage\",\"@id\":\"https:\\\/\\\/tiketi.com\\\/air-taxi-from-jakarta-to-cimahi\\\/\",\"url\":\"https:\\\/\\\/tiketi.com\\\/air-taxi-from-jakarta-to-cimahi\\\/\",\"name\":\"Air Taxi from Cimahi to Jakarta\",\"isPartOf\":{\"@id\":\"https:\\\/\\\/tiketi.com\\\/#website\"},\"primaryImageOfPage\":{\"@id\":\"https:\\\/\\\/tiketi.com\\\/air-taxi-from-jakarta-to-cimahi\\\/#primaryimage\"},\"image\":{\"@id\":\"https:\\\/\\\/tiketi.com\\\/air-taxi-from-jakarta-to-cimahi\\\/#primaryimage\"},\"thumbnailUrl\":\"https:\\\/\\\/tiketi.com\\\/wp-content\\\/uploads\\\/2022\\\/01\\\/jakarta-indonesia-3465931_1.jpg\",\"datePublished\":\"2022-01-19T11:53:08+00:00\",\"dateModified\":\"2022-02-03T13:25:32+00:00\",\"description\":\"Looking for cheap air taxi from Cimahi to Jakarta online booking app? Compare and book cheap flights from Jakarta to Cimahi\",\"breadcrumb\":{\"@id\":\"https:\\\/\\\/tiketi.com\\\/air-taxi-from-jakarta-to-cimahi\\\/#breadcrumb\"},\"inLanguage\":\"fr-FR\",\"potentialAction\":[{\"@type\":\"ReadAction\",\"target\":[\"https:\\\/\\\/tiketi.com\\\/air-taxi-from-jakarta-to-cimahi\\\/\"]}]},{\"@type\":\"ImageObject\",\"inLanguage\":\"fr-FR\",\"@id\":\"https:\\\/\\\/tiketi.com\\\/air-taxi-from-jakarta-to-cimahi\\\/#primaryimage\",\"url\":\"https:\\\/\\\/tiketi.com\\\/wp-content\\\/uploads\\\/2022\\\/01\\\/jakarta-indonesia-3465931_1.jpg\",\"contentUrl\":\"https:\\\/\\\/tiketi.com\\\/wp-content\\\/uploads\\\/2022\\\/01\\\/jakarta-indonesia-3465931_1.jpg\",\"width\":1200,\"height\":200,\"caption\":\"Air Taxi in Jakarta\"},{\"@type\":\"BreadcrumbList\",\"@id\":\"https:\\\/\\\/tiketi.com\\\/air-taxi-from-jakarta-to-cimahi\\\/#breadcrumb\",\"itemListElement\":[{\"@type\":\"ListItem\",\"position\":1,\"name\":\"Home\",\"item\":\"https:\\\/\\\/tiketi.com\\\/\"},{\"@type\":\"ListItem\",\"position\":2,\"name\":\"Air Taxi from Cimahi to Jakarta\"}]},{\"@type\":\"WebSite\",\"@id\":\"https:\\\/\\\/tiketi.com\\\/#website\",\"url\":\"https:\\\/\\\/tiketi.com\\\/\",\"name\":\"Flight & Bus Tickets, Tour Packages & Activitites - Tiketi.com\",\"description\":\"Flight &amp; Bus Tickets, Tours, Activitites\",\"publisher\":{\"@id\":\"https:\\\/\\\/tiketi.com\\\/#organization\"},\"potentialAction\":[{\"@type\":\"SearchAction\",\"target\":{\"@type\":\"EntryPoint\",\"urlTemplate\":\"https:\\\/\\\/tiketi.com\\\/?s={search_term_string}\"},\"query-input\":{\"@type\":\"PropertyValueSpecification\",\"valueRequired\":true,\"valueName\":\"search_term_string\"}}],\"inLanguage\":\"fr-FR\"},{\"@type\":\"Organization\",\"@id\":\"https:\\\/\\\/tiketi.com\\\/#organization\",\"name\":\"Tiketi.com\",\"alternateName\":\"Tiketi\",\"url\":\"https:\\\/\\\/tiketi.com\\\/\",\"logo\":{\"@type\":\"ImageObject\",\"inLanguage\":\"fr-FR\",\"@id\":\"https:\\\/\\\/tiketi.com\\\/#\\\/schema\\\/logo\\\/image\\\/\",\"url\":\"https:\\\/\\\/tiketi.com\\\/wp-content\\\/uploads\\\/2019\\\/05\\\/tiketi-logo-696.png\",\"contentUrl\":\"https:\\\/\\\/tiketi.com\\\/wp-content\\\/uploads\\\/2019\\\/05\\\/tiketi-logo-696.png\",\"width\":696,\"height\":696,\"caption\":\"Tiketi.com\"},\"image\":{\"@id\":\"https:\\\/\\\/tiketi.com\\\/#\\\/schema\\\/logo\\\/image\\\/\"},\"sameAs\":[\"https:\\\/\\\/www.facebook.com\\\/TiketiCom\\\/\"]}]}<\/script>\n<!-- \/ Yoast SEO plugin. -->","yoast_head_json":{"title":"Taxi a\u00e9rien de Cimahi \u00e0 Jakarta","description":"Vous recherchez une application de r\u00e9servation en ligne de taxi a\u00e9rien pas cher de Cimahi \u00e0 Jakarta ? Comparez et r\u00e9servez des vols pas chers de Jakarta \u00e0 Cimahi","robots":{"index":"index","follow":"follow","max-snippet":"max-snippet:-1","max-image-preview":"max-image-preview:large","max-video-preview":"max-video-preview:-1"},"canonical":"https:\/\/tiketi.com\/fr-fr\/air-taxi-from-jakarta-to-cimahi\/","og_locale":"fr_FR","og_type":"article","og_title":"Air Taxi from Cimahi to Jakarta","og_description":"Looking for cheap air taxi from Cimahi to Jakarta online booking app? Compare and book cheap flights from Jakarta to Cimahi","og_url":"https:\/\/tiketi.com\/fr-fr\/air-taxi-from-jakarta-to-cimahi\/","og_site_name":"Tiketi.com","article_publisher":"https:\/\/www.facebook.com\/TiketiCom\/","article_modified_time":"2022-02-03T13:25:32+00:00","og_image":[{"width":1200,"height":200,"url":"https:\/\/tiketi.com\/wp-content\/uploads\/2022\/01\/jakarta-indonesia-3465931_1.jpg","type":"image\/jpeg"}],"twitter_card":"summary_large_image","twitter_misc":{"Dur\u00e9e de lecture estim\u00e9e":"2 minutes"},"schema":{"@context":"https:\/\/schema.org","@graph":[{"@type":"WebPage","@id":"https:\/\/tiketi.com\/air-taxi-from-jakarta-to-cimahi\/","url":"https:\/\/tiketi.com\/air-taxi-from-jakarta-to-cimahi\/","name":"Taxi a\u00e9rien de Cimahi \u00e0 Jakarta","isPartOf":{"@id":"https:\/\/tiketi.com\/#website"},"primaryImageOfPage":{"@id":"https:\/\/tiketi.com\/air-taxi-from-jakarta-to-cimahi\/#primaryimage"},"image":{"@id":"https:\/\/tiketi.com\/air-taxi-from-jakarta-to-cimahi\/#primaryimage"},"thumbnailUrl":"https:\/\/tiketi.com\/wp-content\/uploads\/2022\/01\/jakarta-indonesia-3465931_1.jpg","datePublished":"2022-01-19T11:53:08+00:00","dateModified":"2022-02-03T13:25:32+00:00","description":"Vous recherchez une application de r\u00e9servation en ligne de taxi a\u00e9rien pas cher de Cimahi \u00e0 Jakarta ? Comparez et r\u00e9servez des vols pas chers de Jakarta \u00e0 Cimahi","breadcrumb":{"@id":"https:\/\/tiketi.com\/air-taxi-from-jakarta-to-cimahi\/#breadcrumb"},"inLanguage":"fr-FR","potentialAction":[{"@type":"ReadAction","target":["https:\/\/tiketi.com\/air-taxi-from-jakarta-to-cimahi\/"]}]},{"@type":"ImageObject","inLanguage":"fr-FR","@id":"https:\/\/tiketi.com\/air-taxi-from-jakarta-to-cimahi\/#primaryimage","url":"https:\/\/tiketi.com\/wp-content\/uploads\/2022\/01\/jakarta-indonesia-3465931_1.jpg","contentUrl":"https:\/\/tiketi.com\/wp-content\/uploads\/2022\/01\/jakarta-indonesia-3465931_1.jpg","width":1200,"height":200,"caption":"Air Taxi in Jakarta"},{"@type":"BreadcrumbList","@id":"https:\/\/tiketi.com\/air-taxi-from-jakarta-to-cimahi\/#breadcrumb","itemListElement":[{"@type":"ListItem","position":1,"name":"Home","item":"https:\/\/tiketi.com\/"},{"@type":"ListItem","position":2,"name":"Air Taxi from Cimahi to Jakarta"}]},{"@type":"WebSite","@id":"https:\/\/tiketi.com\/#website","url":"https:\/\/tiketi.com\/","name":"Billets d&#039;avion et de bus, forfaits touristiques et activit\u00e9s - Tiketi.com","description":"Billets d&#039;avion et de bus, Tours, Activit\u00e9s","publisher":{"@id":"https:\/\/tiketi.com\/#organization"},"potentialAction":[{"@type":"SearchAction","target":{"@type":"EntryPoint","urlTemplate":"https:\/\/tiketi.com\/?s={search_term_string}"},"query-input":{"@type":"PropertyValueSpecification","valueRequired":true,"valueName":"search_term_string"}}],"inLanguage":"fr-FR"},{"@type":"Organization","@id":"https:\/\/tiketi.com\/#organization","name":"Tiketi.com","alternateName":"Tiketi","url":"https:\/\/tiketi.com\/","logo":{"@type":"ImageObject","inLanguage":"fr-FR","@id":"https:\/\/tiketi.com\/#\/schema\/logo\/image\/","url":"https:\/\/tiketi.com\/wp-content\/uploads\/2019\/05\/tiketi-logo-696.png","contentUrl":"https:\/\/tiketi.com\/wp-content\/uploads\/2019\/05\/tiketi-logo-696.png","width":696,"height":696,"caption":"Tiketi.com"},"image":{"@id":"https:\/\/tiketi.com\/#\/schema\/logo\/image\/"},"sameAs":["https:\/\/www.facebook.com\/TiketiCom\/"]}]}},"_links":{"self":[{"href":"https:\/\/tiketi.com\/fr-fr\/wp-json\/wp\/v2\/pages\/10264","targetHints":{"allow":["GET"]}}],"collection":[{"href":"https:\/\/tiketi.com\/fr-fr\/wp-json\/wp\/v2\/pages"}],"about":[{"href":"https:\/\/tiketi.com\/fr-fr\/wp-json\/wp\/v2\/types\/page"}],"author":[{"embeddable":true,"href":"https:\/\/tiketi.com\/fr-fr\/wp-json\/wp\/v2\/users\/1"}],"replies":[{"embeddable":true,"href":"https:\/\/tiketi.com\/fr-fr\/wp-json\/wp\/v2\/comments?post=10264"}],"version-history":[{"count":0,"href":"https:\/\/tiketi.com\/fr-fr\/wp-json\/wp\/v2\/pages\/10264\/revisions"}],"wp:featuredmedia":[{"embeddable":true,"href":"https:\/\/tiketi.com\/fr-fr\/wp-json\/wp\/v2\/media\/14343"}],"wp:attachment":[{"href":"https:\/\/tiketi.com\/fr-fr\/wp-json\/wp\/v2\/media?parent=10264"}],"curies":[{"name":"wp","href":"https:\/\/api.w.org\/{rel}","templated":true}]}}