{"id":10274,"date":"2022-01-19T12:53:10","date_gmt":"2022-01-19T11:53:10","guid":{"rendered":"https:\/\/new.tiketi.com\/cheap-flights-air-taxi-from-bekasi-to-jakarta\/"},"modified":"2022-02-03T11:47:30","modified_gmt":"2022-02-03T10:47:30","slug":"air-taxi-from-jakarta-to-bekasi","status":"publish","type":"page","link":"https:\/\/tiketi.com\/fr-fr\/air-taxi-from-jakarta-to-bekasi\/","title":{"rendered":"Taxi a\u00e9rien de Bekasi \u00e0 Jakarta"},"content":{"rendered":"<h2>Vous recherchez des vols \u00e0 bas prix de Jakarta vers Bekasi ?<\/h2>\n<h3>Recherchez, comparez et r\u00e9servez en ligne maintenant des billets d&#039;avion \u00e0 bas prix de Jakarta \u00e0 Bekasi.<\/h3>\n<p>La r\u00e9servation en ligne d&#039;un taxi a\u00e9rien \u00e9lectrique de Bekasi \u00e0 Jakarta sera bient\u00f4t possible. L&#039;application Tiketi.com vous permet de rechercher, comparer et r\u00e9server en ligne des vols pas chers de Jakarta \u00e0 Bekasi. Jakarta chaotique, magnifique capitale, abrite quelque 18 millions d&#039;habitants et sert de point d&#039;entr\u00e9e dans l&#039;\u00eele de Java. Pour de nombreux visiteurs, Jakarta n&#039;est qu&#039;une \u00e9tape vers un autre pays, mais si vous prenez le temps, vous trouverez une ville remarquable qui a beaucoup \u00e0 offrir. Avec une histoire remontant \u00e0 plus de 1 500 ans lorsqu&#039;elle faisait partie du royaume soudanais de Tarumanagara, Jakarta a r\u00e9ussi \u00e0 pr\u00e9server une bonne dose d&#039;ancien pour contraster le nouveau d\u00e9veloppement remarquable. Alors trouvez et comparez les billets d&#039;avion de Jakarta \u00e0 Bekasi et r\u00e9servez en ligne d\u00e8s maintenant des offres exceptionnelles sur des taxis a\u00e9riens pas chers de Jakarta \u00e0 Bekasi.<\/p>\n<h2>Taxi a\u00e9rien pas cher de Bekasi \u00e0 Jakarta FAQ sur la r\u00e9servation en ligne<\/h2>\n<h3>Quelle est la distance entre Jakarta et Bekasi ?<\/h3>\n<p>La distance des vols de Jakarta \u00e0 Bekasi est de 19 miles ou 31 km.<\/p>\n<h3>Que sont les taxis volants \u00e9lectriques eVLTO de Bekasi \u00e0 Jakarta ?<\/h3>\n<p><!--{cke_protected}{C}%3C!%2D%2D%20%2Fwp%3Aheading%20%2D%2D%3E--><!--{cke_protected}{C}%3C!%2D%2D%20wp%3Aparagraph%20%2D%2D%3E-->Les taxis volants \u00e9lectriques de Bekasi \u00e0 l&#039;avion de Jakarta, appel\u00e9s eVTOL (d\u00e9collage et atterrissage verticaux \u00e9lectriques), sont con\u00e7us pour transporter des personnes dans l&#039;atmosph\u00e8re urbaine et urbaine.<\/p>\n<h3>Les taxis a\u00e9riens \u00e9lectriques de Bekasi \u00e0 Jakarta sont des transports publics \u00e0 grande vitesse<\/h3>\n<p><!--{cke_protected}{C}%3C!%2D%2D%20%2Fwp%3Aheading%20%2D%2D%3E--><!--{cke_protected}{C}%3C!%2D%2D%20wp%3Aparagraph%20%2D%2D%3E-->Le meilleur avantage des drones taxis a\u00e9riens de Bekasi \u00e0 Jakarta est sa grande vitesse. C&#039;est le mode de transport le plus rapide et donc le moyen le plus parfait o\u00f9 le temps est un facteur vital.<\/p>\n<h3>Le taxi volant par drone de Bekasi \u00e0 Jakarta a de tr\u00e8s faibles \u00e9missions de carbone<\/h3>\n<p>Les taxis drones de Bekasi aux producteurs de Jakarta utilisent l&#039;\u00e9lectricit\u00e9 pour alimenter leurs v\u00e9hicules. Ainsi, les taxis drones n&#039;\u00e9mettront pas de gaz \u00e0 effet de serre. Par cons\u00e9quent, ces taxis peuvent contribuer \u00e0 r\u00e9duire l&#039;impact du changement climatique. Alors r\u00e9servez votre taxi avec l&#039;aide d&#039;un taxi drone de Bekasi \u00e0 Jakarta maintenant.<\/p>\n<h2>Vols bon march\u00e9 de Jakarta \u00e0 Bekasi<\/h2>\n<p>Les vols pas chers de Jakarta \u00e0 Bekasi offrent le plus grand nombre de vols sans escale entre Jakarta et Bekasi.<\/p>","protected":false},"excerpt":{"rendered":"<p>Looking for cheap flights from Jakarta to Bekasi? Search, compare and book cheap flight tickets from Jakarta to Bekasi online now. Electric air taxi from Bekasi to Jakarta online booking will be possible soon. The Tiketi.com app helps you search, compare and book cheap flights from Jakarta to Bekasi\u00a0online.\u00a0Jakarta chaotic, stunning capital, is home to [&hellip;]<\/p>\n","protected":false},"author":1,"featured_media":14343,"parent":0,"menu_order":0,"comment_status":"open","ping_status":"closed","template":"template-home-modern.php","meta":{"footnotes":""},"class_list":["post-10274","page","type-page","status-publish","has-post-thumbnail","hentry"],"yoast_head":"<!-- This site is optimized with the Yoast SEO plugin v27.3 - https:\/\/yoast.com\/product\/yoast-seo-wordpress\/ -->\n<title>Air Taxi from Bekasi to Jakarta<\/title>\n<meta name=\"description\" content=\"Looking for cheap air taxi from Bekasi to Jakarta online booking? Compare and book cheap flights from Jakarta to Bekasi\" \/>\n<meta name=\"robots\" content=\"index, follow, max-snippet:-1, max-image-preview:large, max-video-preview:-1\" \/>\n<link rel=\"canonical\" href=\"https:\/\/tiketi.com\/fr-fr\/air-taxi-from-jakarta-to-bekasi\/\" \/>\n<meta property=\"og:locale\" content=\"fr_FR\" \/>\n<meta property=\"og:type\" content=\"article\" \/>\n<meta property=\"og:title\" content=\"Air Taxi from Bekasi to Jakarta\" \/>\n<meta property=\"og:description\" content=\"Looking for cheap air taxi from Bekasi to Jakarta online booking? Compare and book cheap flights from Jakarta to Bekasi\" \/>\n<meta property=\"og:url\" content=\"https:\/\/tiketi.com\/fr-fr\/air-taxi-from-jakarta-to-bekasi\/\" \/>\n<meta property=\"og:site_name\" content=\"Tiketi.com\" \/>\n<meta property=\"article:publisher\" content=\"https:\/\/www.facebook.com\/TiketiCom\/\" \/>\n<meta property=\"article:modified_time\" content=\"2022-02-03T10:47:30+00:00\" \/>\n<meta property=\"og:image\" content=\"https:\/\/tiketi.com\/wp-content\/uploads\/2022\/01\/jakarta-indonesia-3465931_1.jpg\" \/>\n\t<meta property=\"og:image:width\" content=\"1200\" \/>\n\t<meta property=\"og:image:height\" content=\"200\" \/>\n\t<meta property=\"og:image:type\" content=\"image\/jpeg\" \/>\n<meta name=\"twitter:card\" content=\"summary_large_image\" \/>\n<meta name=\"twitter:label1\" content=\"Dur\u00e9e de lecture estim\u00e9e\" \/>\n\t<meta name=\"twitter:data1\" content=\"2 minutes\" \/>\n<script type=\"application\/ld+json\" class=\"yoast-schema-graph\">{\"@context\":\"https:\\\/\\\/schema.org\",\"@graph\":[{\"@type\":\"WebPage\",\"@id\":\"https:\\\/\\\/tiketi.com\\\/air-taxi-from-jakarta-to-bekasi\\\/\",\"url\":\"https:\\\/\\\/tiketi.com\\\/air-taxi-from-jakarta-to-bekasi\\\/\",\"name\":\"Air Taxi from Bekasi to Jakarta\",\"isPartOf\":{\"@id\":\"https:\\\/\\\/tiketi.com\\\/#website\"},\"primaryImageOfPage\":{\"@id\":\"https:\\\/\\\/tiketi.com\\\/air-taxi-from-jakarta-to-bekasi\\\/#primaryimage\"},\"image\":{\"@id\":\"https:\\\/\\\/tiketi.com\\\/air-taxi-from-jakarta-to-bekasi\\\/#primaryimage\"},\"thumbnailUrl\":\"https:\\\/\\\/tiketi.com\\\/wp-content\\\/uploads\\\/2022\\\/01\\\/jakarta-indonesia-3465931_1.jpg\",\"datePublished\":\"2022-01-19T11:53:10+00:00\",\"dateModified\":\"2022-02-03T10:47:30+00:00\",\"description\":\"Looking for cheap air taxi from Bekasi to Jakarta online booking? Compare and book cheap flights from Jakarta to Bekasi\",\"breadcrumb\":{\"@id\":\"https:\\\/\\\/tiketi.com\\\/air-taxi-from-jakarta-to-bekasi\\\/#breadcrumb\"},\"inLanguage\":\"fr-FR\",\"potentialAction\":[{\"@type\":\"ReadAction\",\"target\":[\"https:\\\/\\\/tiketi.com\\\/air-taxi-from-jakarta-to-bekasi\\\/\"]}]},{\"@type\":\"ImageObject\",\"inLanguage\":\"fr-FR\",\"@id\":\"https:\\\/\\\/tiketi.com\\\/air-taxi-from-jakarta-to-bekasi\\\/#primaryimage\",\"url\":\"https:\\\/\\\/tiketi.com\\\/wp-content\\\/uploads\\\/2022\\\/01\\\/jakarta-indonesia-3465931_1.jpg\",\"contentUrl\":\"https:\\\/\\\/tiketi.com\\\/wp-content\\\/uploads\\\/2022\\\/01\\\/jakarta-indonesia-3465931_1.jpg\",\"width\":1200,\"height\":200,\"caption\":\"Air Taxi in Jakarta\"},{\"@type\":\"BreadcrumbList\",\"@id\":\"https:\\\/\\\/tiketi.com\\\/air-taxi-from-jakarta-to-bekasi\\\/#breadcrumb\",\"itemListElement\":[{\"@type\":\"ListItem\",\"position\":1,\"name\":\"Home\",\"item\":\"https:\\\/\\\/tiketi.com\\\/\"},{\"@type\":\"ListItem\",\"position\":2,\"name\":\"Air Taxi from Bekasi to Jakarta\"}]},{\"@type\":\"WebSite\",\"@id\":\"https:\\\/\\\/tiketi.com\\\/#website\",\"url\":\"https:\\\/\\\/tiketi.com\\\/\",\"name\":\"Flight & Bus Tickets, Tour Packages & Activitites - Tiketi.com\",\"description\":\"Flight &amp; Bus Tickets, Tours, Activitites\",\"publisher\":{\"@id\":\"https:\\\/\\\/tiketi.com\\\/#organization\"},\"potentialAction\":[{\"@type\":\"SearchAction\",\"target\":{\"@type\":\"EntryPoint\",\"urlTemplate\":\"https:\\\/\\\/tiketi.com\\\/?s={search_term_string}\"},\"query-input\":{\"@type\":\"PropertyValueSpecification\",\"valueRequired\":true,\"valueName\":\"search_term_string\"}}],\"inLanguage\":\"fr-FR\"},{\"@type\":\"Organization\",\"@id\":\"https:\\\/\\\/tiketi.com\\\/#organization\",\"name\":\"Tiketi.com\",\"alternateName\":\"Tiketi\",\"url\":\"https:\\\/\\\/tiketi.com\\\/\",\"logo\":{\"@type\":\"ImageObject\",\"inLanguage\":\"fr-FR\",\"@id\":\"https:\\\/\\\/tiketi.com\\\/#\\\/schema\\\/logo\\\/image\\\/\",\"url\":\"https:\\\/\\\/tiketi.com\\\/wp-content\\\/uploads\\\/2019\\\/05\\\/tiketi-logo-696.png\",\"contentUrl\":\"https:\\\/\\\/tiketi.com\\\/wp-content\\\/uploads\\\/2019\\\/05\\\/tiketi-logo-696.png\",\"width\":696,\"height\":696,\"caption\":\"Tiketi.com\"},\"image\":{\"@id\":\"https:\\\/\\\/tiketi.com\\\/#\\\/schema\\\/logo\\\/image\\\/\"},\"sameAs\":[\"https:\\\/\\\/www.facebook.com\\\/TiketiCom\\\/\"]}]}<\/script>\n<!-- \/ Yoast SEO plugin. -->","yoast_head_json":{"title":"Taxi a\u00e9rien de Bekasi \u00e0 Jakarta","description":"Vous recherchez une r\u00e9servation en ligne de taxi a\u00e9rien pas cher de Bekasi \u00e0 Jakarta? Comparez et r\u00e9servez des vols pas chers de Jakarta \u00e0 Bekasi","robots":{"index":"index","follow":"follow","max-snippet":"max-snippet:-1","max-image-preview":"max-image-preview:large","max-video-preview":"max-video-preview:-1"},"canonical":"https:\/\/tiketi.com\/fr-fr\/air-taxi-from-jakarta-to-bekasi\/","og_locale":"fr_FR","og_type":"article","og_title":"Air Taxi from Bekasi to Jakarta","og_description":"Looking for cheap air taxi from Bekasi to Jakarta online booking? Compare and book cheap flights from Jakarta to Bekasi","og_url":"https:\/\/tiketi.com\/fr-fr\/air-taxi-from-jakarta-to-bekasi\/","og_site_name":"Tiketi.com","article_publisher":"https:\/\/www.facebook.com\/TiketiCom\/","article_modified_time":"2022-02-03T10:47:30+00:00","og_image":[{"width":1200,"height":200,"url":"https:\/\/tiketi.com\/wp-content\/uploads\/2022\/01\/jakarta-indonesia-3465931_1.jpg","type":"image\/jpeg"}],"twitter_card":"summary_large_image","twitter_misc":{"Dur\u00e9e de lecture estim\u00e9e":"2 minutes"},"schema":{"@context":"https:\/\/schema.org","@graph":[{"@type":"WebPage","@id":"https:\/\/tiketi.com\/air-taxi-from-jakarta-to-bekasi\/","url":"https:\/\/tiketi.com\/air-taxi-from-jakarta-to-bekasi\/","name":"Taxi a\u00e9rien de Bekasi \u00e0 Jakarta","isPartOf":{"@id":"https:\/\/tiketi.com\/#website"},"primaryImageOfPage":{"@id":"https:\/\/tiketi.com\/air-taxi-from-jakarta-to-bekasi\/#primaryimage"},"image":{"@id":"https:\/\/tiketi.com\/air-taxi-from-jakarta-to-bekasi\/#primaryimage"},"thumbnailUrl":"https:\/\/tiketi.com\/wp-content\/uploads\/2022\/01\/jakarta-indonesia-3465931_1.jpg","datePublished":"2022-01-19T11:53:10+00:00","dateModified":"2022-02-03T10:47:30+00:00","description":"Vous recherchez une r\u00e9servation en ligne de taxi a\u00e9rien pas cher de Bekasi \u00e0 Jakarta? Comparez et r\u00e9servez des vols pas chers de Jakarta \u00e0 Bekasi","breadcrumb":{"@id":"https:\/\/tiketi.com\/air-taxi-from-jakarta-to-bekasi\/#breadcrumb"},"inLanguage":"fr-FR","potentialAction":[{"@type":"ReadAction","target":["https:\/\/tiketi.com\/air-taxi-from-jakarta-to-bekasi\/"]}]},{"@type":"ImageObject","inLanguage":"fr-FR","@id":"https:\/\/tiketi.com\/air-taxi-from-jakarta-to-bekasi\/#primaryimage","url":"https:\/\/tiketi.com\/wp-content\/uploads\/2022\/01\/jakarta-indonesia-3465931_1.jpg","contentUrl":"https:\/\/tiketi.com\/wp-content\/uploads\/2022\/01\/jakarta-indonesia-3465931_1.jpg","width":1200,"height":200,"caption":"Air Taxi in Jakarta"},{"@type":"BreadcrumbList","@id":"https:\/\/tiketi.com\/air-taxi-from-jakarta-to-bekasi\/#breadcrumb","itemListElement":[{"@type":"ListItem","position":1,"name":"Home","item":"https:\/\/tiketi.com\/"},{"@type":"ListItem","position":2,"name":"Air Taxi from Bekasi to Jakarta"}]},{"@type":"WebSite","@id":"https:\/\/tiketi.com\/#website","url":"https:\/\/tiketi.com\/","name":"Billets d&#039;avion et de bus, forfaits touristiques et activit\u00e9s - Tiketi.com","description":"Billets d&#039;avion et de bus, Tours, Activit\u00e9s","publisher":{"@id":"https:\/\/tiketi.com\/#organization"},"potentialAction":[{"@type":"SearchAction","target":{"@type":"EntryPoint","urlTemplate":"https:\/\/tiketi.com\/?s={search_term_string}"},"query-input":{"@type":"PropertyValueSpecification","valueRequired":true,"valueName":"search_term_string"}}],"inLanguage":"fr-FR"},{"@type":"Organization","@id":"https:\/\/tiketi.com\/#organization","name":"Tiketi.com","alternateName":"Tiketi","url":"https:\/\/tiketi.com\/","logo":{"@type":"ImageObject","inLanguage":"fr-FR","@id":"https:\/\/tiketi.com\/#\/schema\/logo\/image\/","url":"https:\/\/tiketi.com\/wp-content\/uploads\/2019\/05\/tiketi-logo-696.png","contentUrl":"https:\/\/tiketi.com\/wp-content\/uploads\/2019\/05\/tiketi-logo-696.png","width":696,"height":696,"caption":"Tiketi.com"},"image":{"@id":"https:\/\/tiketi.com\/#\/schema\/logo\/image\/"},"sameAs":["https:\/\/www.facebook.com\/TiketiCom\/"]}]}},"_links":{"self":[{"href":"https:\/\/tiketi.com\/fr-fr\/wp-json\/wp\/v2\/pages\/10274","targetHints":{"allow":["GET"]}}],"collection":[{"href":"https:\/\/tiketi.com\/fr-fr\/wp-json\/wp\/v2\/pages"}],"about":[{"href":"https:\/\/tiketi.com\/fr-fr\/wp-json\/wp\/v2\/types\/page"}],"author":[{"embeddable":true,"href":"https:\/\/tiketi.com\/fr-fr\/wp-json\/wp\/v2\/users\/1"}],"replies":[{"embeddable":true,"href":"https:\/\/tiketi.com\/fr-fr\/wp-json\/wp\/v2\/comments?post=10274"}],"version-history":[{"count":0,"href":"https:\/\/tiketi.com\/fr-fr\/wp-json\/wp\/v2\/pages\/10274\/revisions"}],"wp:featuredmedia":[{"embeddable":true,"href":"https:\/\/tiketi.com\/fr-fr\/wp-json\/wp\/v2\/media\/14343"}],"wp:attachment":[{"href":"https:\/\/tiketi.com\/fr-fr\/wp-json\/wp\/v2\/media?parent=10274"}],"curies":[{"name":"wp","href":"https:\/\/api.w.org\/{rel}","templated":true}]}}