{"id":10293,"date":"2022-01-19T12:53:11","date_gmt":"2022-01-19T11:53:11","guid":{"rendered":"https:\/\/new.tiketi.com\/cheap-flights-air-taxi-from-abbotsford-to-vancouver\/"},"modified":"2022-02-07T09:11:27","modified_gmt":"2022-02-07T08:11:27","slug":"air-taxi-from-vancouver-to-abbotsford","status":"publish","type":"page","link":"https:\/\/tiketi.com\/fr-fr\/air-taxi-from-vancouver-to-abbotsford\/","title":{"rendered":"Taxi a\u00e9rien d\u2019Abbotsford \u00e0 Vancouver"},"content":{"rendered":"<h2>Vous recherchez des vols \u00e0 bas prix au Vancouver vers Abbotsford?<\/h2>\n<h3>&gt;&gt; Recherchez, comparez et r\u00e9servez en ligne d\u00e8s maintenant des billets d&#039;avion pas chers de Abbotsford \u00e0 Vancouver.<\/h3>\n<p>La r\u00e9servation en ligne d&#039;un taxi a\u00e9rien \u00e9lectrique d&#039;Abbotsford \u00e0 Vancouver sera bient\u00f4t possible. L&#039;application Tiketi.com vous aide \u00e0 rechercher, comparer et r\u00e9server en ligne des vols pas chers de Vancouver \u00e0 Abbotsford. Vancouver est une ville portuaire de l&#039;ouest du Canada, situ\u00e9e dans la r\u00e9gion du Lower Mainland de la Colombie-Britannique. En tant que ville la plus peupl\u00e9e de la province, le recensement de 2016 a enregistr\u00e9 631\u00a0485 habitants, contre 603\u00a0510 en 2011. La r\u00e9gion du Grand Vancouver comptait 2\u00a0465\u00a0500 habitants en 2016, ce qui en fait la troisi\u00e8me plus grande r\u00e9gion m\u00e9tropolitaine du Canada. Vancouver a la plus grande densit\u00e9 de population au Canada, avec plus de 5\u00a0400 habitants par kilom\u00e8tre carr\u00e9, ce qui en fait l&#039;une des villes les plus dens\u00e9ment peupl\u00e9es d&#039;Am\u00e9rique du Nord, avec plus de 250\u00a0000 habitants. Trouvez et comparez les billets d&#039;avion de Vancouver \u00e0 Abbotsford et r\u00e9servez d\u00e8s maintenant en ligne des offres int\u00e9ressantes sur les taxis a\u00e9riens bon march\u00e9 de Vancouver \u00e0 Abbotsford.<\/p>\n<h2>R\u00e9servation en ligne de taxi a\u00e9rien pas cher d&#039;Abbotsford \u00e0 Vancouver - FAQ<\/h2>\n<h3>Quelle est la distance entre Vancouver et Abbotsford ?<\/h3>\n<p>La distance des vols de Vancouver \u00e0 Abbotsford est de 65,98 km.<\/p>\n<h3>Que sont les taxis volants \u00e9lectriques eVLTO d\u2019Abbotsford \u00e0 Vancouver ?<\/h3>\n<p><!--{cke_protected}{C}%3C!%2D%2D%20%2Fwp%3Aheading%20%2D%2D%3E--><!--{cke_protected}{C}%3C!%2D%2D%20wp%3Aparagraph%20%2D%2D%3E-->Les taxis volants d&#039;Abbotsford \u00e0 Vancouver, appel\u00e9s eVTOL (d\u00e9collage et atterrissage verticaux \u00e9lectriques), sont con\u00e7us pour transporter des personnes dans l&#039;atmosph\u00e8re urbaine et urbaine.<\/p>\n<h3>Les taxis a\u00e9riens \u00e9lectriques d\u2019Abbotsford \u00e0 Vancouver sont des transports publics \u00e0 grande vitesse<\/h3>\n<p><!--{cke_protected}{C}%3C!%2D%2D%20%2Fwp%3Aheading%20%2D%2D%3E--><!--{cke_protected}{C}%3C!%2D%2D%20wp%3Aparagraph%20%2D%2D%3E-->Le meilleur avantage des taxis a\u00e9riens d\u2019Abbotsford \u00e0 Vancouver est leur vitesse \u00e9lev\u00e9e. C&#039;est le mode de transport le plus rapide et donc le moyen le plus parfait l\u00e0 o\u00f9 le temps est un facteur essentiel.<\/p>\n<h3>Le taxi volant \u00e9lectrique d\u2019Abbotsford \u00e0 Vancouver \u00e9met de tr\u00e8s faibles \u00e9missions de carbone<\/h3>\n<p>Taxi drone d\u2019Abbotsford \u00e0 Vancouver Les producteurs utilisent l\u2019\u00e9lectricit\u00e9 pour propulser leurs v\u00e9hicules. Ainsi, les taxis drones n\u2019\u00e9mettent pas de gaz \u00e0 effet de serre. Par cons\u00e9quent, ces taxis peuvent contribuer \u00e0 r\u00e9duire l\u2019impact du changement climatique. Alors r\u00e9servez d\u00e8s maintenant votre taxi avec l&#039;aide d&#039;un taxi drone d&#039;Abbotsford \u00e0 Vancouver.<\/p>\n<h2>Conseils pour les vols pas chers de Vancouver \u00e0 Abbotsford<\/h2>\n<p>Les vols pas chers de Vancouver \u00e0 Abbotsford offrent le plus de vols directs entre Vancouver et Abbotsford.<\/p>","protected":false},"excerpt":{"rendered":"<p>Looking for cheap flights from Vancouver to Abbotsford? &gt;&gt; Search, compare and book cheap flight tickets from&nbsp;Abbotsford to Vancouver online now. Electric air taxi from Abbotsford to Vancouver online booking will be possible soon. The Tiketi.com app helps you search, compare and book cheap flights from Vancouver to Abbotsford&nbsp;online.&nbsp;Vancouver is a seaport city in western [&hellip;]<\/p>\n","protected":false},"author":1,"featured_media":16469,"parent":0,"menu_order":0,"comment_status":"open","ping_status":"closed","template":"template-home-modern.php","meta":{"footnotes":""},"class_list":["post-10293","page","type-page","status-publish","has-post-thumbnail","hentry"],"yoast_head":"<!-- This site is optimized with the Yoast SEO plugin v27.3 - https:\/\/yoast.com\/product\/yoast-seo-wordpress\/ -->\n<title>Air Taxi from Abbotsford to Vancouver Online Booking - Cheap Flights<\/title>\n<meta name=\"description\" content=\"Looking for cheap air taxi from Antwerp to Brussels online booking app? Search, compare and book cheap flights from Antwerp to Brussels\" \/>\n<meta name=\"robots\" content=\"index, follow, max-snippet:-1, max-image-preview:large, max-video-preview:-1\" \/>\n<link rel=\"canonical\" href=\"https:\/\/tiketi.com\/fr-fr\/air-taxi-from-vancouver-to-abbotsford\/\" \/>\n<meta property=\"og:locale\" content=\"fr_FR\" \/>\n<meta property=\"og:type\" content=\"article\" \/>\n<meta property=\"og:title\" content=\"Air Taxi from Abbotsford to Vancouver Online Booking - Cheap Flights\" \/>\n<meta property=\"og:description\" content=\"Looking for cheap air taxi from Antwerp to Brussels online booking app? Search, compare and book cheap flights from Antwerp to Brussels\" \/>\n<meta property=\"og:url\" content=\"https:\/\/tiketi.com\/fr-fr\/air-taxi-from-vancouver-to-abbotsford\/\" \/>\n<meta property=\"og:site_name\" content=\"Tiketi.com\" \/>\n<meta property=\"article:publisher\" content=\"https:\/\/www.facebook.com\/TiketiCom\/\" \/>\n<meta property=\"article:modified_time\" content=\"2022-02-07T08:11:27+00:00\" \/>\n<meta property=\"og:image\" content=\"https:\/\/tiketi.com\/wp-content\/uploads\/2022\/02\/vancouver-bay-3009150_1280.jpg\" \/>\n\t<meta property=\"og:image:width\" content=\"1200\" \/>\n\t<meta property=\"og:image:height\" content=\"200\" \/>\n\t<meta property=\"og:image:type\" content=\"image\/jpeg\" \/>\n<meta name=\"twitter:card\" content=\"summary_large_image\" \/>\n<meta name=\"twitter:label1\" content=\"Dur\u00e9e de lecture estim\u00e9e\" \/>\n\t<meta name=\"twitter:data1\" content=\"2 minutes\" \/>\n<script type=\"application\/ld+json\" class=\"yoast-schema-graph\">{\"@context\":\"https:\\\/\\\/schema.org\",\"@graph\":[{\"@type\":\"WebPage\",\"@id\":\"https:\\\/\\\/tiketi.com\\\/air-taxi-from-vancouver-to-abbotsford\\\/\",\"url\":\"https:\\\/\\\/tiketi.com\\\/air-taxi-from-vancouver-to-abbotsford\\\/\",\"name\":\"Air Taxi from Abbotsford to Vancouver Online Booking - Cheap Flights\",\"isPartOf\":{\"@id\":\"https:\\\/\\\/tiketi.com\\\/#website\"},\"primaryImageOfPage\":{\"@id\":\"https:\\\/\\\/tiketi.com\\\/air-taxi-from-vancouver-to-abbotsford\\\/#primaryimage\"},\"image\":{\"@id\":\"https:\\\/\\\/tiketi.com\\\/air-taxi-from-vancouver-to-abbotsford\\\/#primaryimage\"},\"thumbnailUrl\":\"https:\\\/\\\/tiketi.com\\\/wp-content\\\/uploads\\\/2022\\\/02\\\/vancouver-bay-3009150_1280.jpg\",\"datePublished\":\"2022-01-19T11:53:11+00:00\",\"dateModified\":\"2022-02-07T08:11:27+00:00\",\"description\":\"Looking for cheap air taxi from Antwerp to Brussels online booking app? Search, compare and book cheap flights from Antwerp to Brussels\",\"breadcrumb\":{\"@id\":\"https:\\\/\\\/tiketi.com\\\/air-taxi-from-vancouver-to-abbotsford\\\/#breadcrumb\"},\"inLanguage\":\"fr-FR\",\"potentialAction\":[{\"@type\":\"ReadAction\",\"target\":[\"https:\\\/\\\/tiketi.com\\\/air-taxi-from-vancouver-to-abbotsford\\\/\"]}]},{\"@type\":\"ImageObject\",\"inLanguage\":\"fr-FR\",\"@id\":\"https:\\\/\\\/tiketi.com\\\/air-taxi-from-vancouver-to-abbotsford\\\/#primaryimage\",\"url\":\"https:\\\/\\\/tiketi.com\\\/wp-content\\\/uploads\\\/2022\\\/02\\\/vancouver-bay-3009150_1280.jpg\",\"contentUrl\":\"https:\\\/\\\/tiketi.com\\\/wp-content\\\/uploads\\\/2022\\\/02\\\/vancouver-bay-3009150_1280.jpg\",\"width\":1200,\"height\":200,\"caption\":\"Air Taxi in Vancouver Online Booking\"},{\"@type\":\"BreadcrumbList\",\"@id\":\"https:\\\/\\\/tiketi.com\\\/air-taxi-from-vancouver-to-abbotsford\\\/#breadcrumb\",\"itemListElement\":[{\"@type\":\"ListItem\",\"position\":1,\"name\":\"Home\",\"item\":\"https:\\\/\\\/tiketi.com\\\/\"},{\"@type\":\"ListItem\",\"position\":2,\"name\":\"Air Taxi from Abbotsford to Vancouver\"}]},{\"@type\":\"WebSite\",\"@id\":\"https:\\\/\\\/tiketi.com\\\/#website\",\"url\":\"https:\\\/\\\/tiketi.com\\\/\",\"name\":\"Flight & Bus Tickets, Tour Packages & Activitites - Tiketi.com\",\"description\":\"Flight &amp; Bus Tickets, Tours, Activitites\",\"publisher\":{\"@id\":\"https:\\\/\\\/tiketi.com\\\/#organization\"},\"potentialAction\":[{\"@type\":\"SearchAction\",\"target\":{\"@type\":\"EntryPoint\",\"urlTemplate\":\"https:\\\/\\\/tiketi.com\\\/?s={search_term_string}\"},\"query-input\":{\"@type\":\"PropertyValueSpecification\",\"valueRequired\":true,\"valueName\":\"search_term_string\"}}],\"inLanguage\":\"fr-FR\"},{\"@type\":\"Organization\",\"@id\":\"https:\\\/\\\/tiketi.com\\\/#organization\",\"name\":\"Tiketi.com\",\"alternateName\":\"Tiketi\",\"url\":\"https:\\\/\\\/tiketi.com\\\/\",\"logo\":{\"@type\":\"ImageObject\",\"inLanguage\":\"fr-FR\",\"@id\":\"https:\\\/\\\/tiketi.com\\\/#\\\/schema\\\/logo\\\/image\\\/\",\"url\":\"https:\\\/\\\/tiketi.com\\\/wp-content\\\/uploads\\\/2019\\\/05\\\/tiketi-logo-696.png\",\"contentUrl\":\"https:\\\/\\\/tiketi.com\\\/wp-content\\\/uploads\\\/2019\\\/05\\\/tiketi-logo-696.png\",\"width\":696,\"height\":696,\"caption\":\"Tiketi.com\"},\"image\":{\"@id\":\"https:\\\/\\\/tiketi.com\\\/#\\\/schema\\\/logo\\\/image\\\/\"},\"sameAs\":[\"https:\\\/\\\/www.facebook.com\\\/TiketiCom\\\/\"]}]}<\/script>\n<!-- \/ Yoast SEO plugin. -->","yoast_head_json":{"title":"Taxi a\u00e9rien d&#039;Abbotsford \u00e0 Vancouver R\u00e9servation en ligne - Vols pas chers","description":"Vous cherchez une application de r\u00e9servation en ligne de taxi a\u00e9rien pas cher d&#039;Anvers \u00e0 Bruxelles? Recherchez, comparez et r\u00e9servez des vols pas chers de Anvers \u00e0 Bruxelles","robots":{"index":"index","follow":"follow","max-snippet":"max-snippet:-1","max-image-preview":"max-image-preview:large","max-video-preview":"max-video-preview:-1"},"canonical":"https:\/\/tiketi.com\/fr-fr\/air-taxi-from-vancouver-to-abbotsford\/","og_locale":"fr_FR","og_type":"article","og_title":"Air Taxi from Abbotsford to Vancouver Online Booking - Cheap Flights","og_description":"Looking for cheap air taxi from Antwerp to Brussels online booking app? Search, compare and book cheap flights from Antwerp to Brussels","og_url":"https:\/\/tiketi.com\/fr-fr\/air-taxi-from-vancouver-to-abbotsford\/","og_site_name":"Tiketi.com","article_publisher":"https:\/\/www.facebook.com\/TiketiCom\/","article_modified_time":"2022-02-07T08:11:27+00:00","og_image":[{"width":1200,"height":200,"url":"https:\/\/tiketi.com\/wp-content\/uploads\/2022\/02\/vancouver-bay-3009150_1280.jpg","type":"image\/jpeg"}],"twitter_card":"summary_large_image","twitter_misc":{"Dur\u00e9e de lecture estim\u00e9e":"2 minutes"},"schema":{"@context":"https:\/\/schema.org","@graph":[{"@type":"WebPage","@id":"https:\/\/tiketi.com\/air-taxi-from-vancouver-to-abbotsford\/","url":"https:\/\/tiketi.com\/air-taxi-from-vancouver-to-abbotsford\/","name":"Taxi a\u00e9rien d&#039;Abbotsford \u00e0 Vancouver R\u00e9servation en ligne - Vols pas chers","isPartOf":{"@id":"https:\/\/tiketi.com\/#website"},"primaryImageOfPage":{"@id":"https:\/\/tiketi.com\/air-taxi-from-vancouver-to-abbotsford\/#primaryimage"},"image":{"@id":"https:\/\/tiketi.com\/air-taxi-from-vancouver-to-abbotsford\/#primaryimage"},"thumbnailUrl":"https:\/\/tiketi.com\/wp-content\/uploads\/2022\/02\/vancouver-bay-3009150_1280.jpg","datePublished":"2022-01-19T11:53:11+00:00","dateModified":"2022-02-07T08:11:27+00:00","description":"Vous cherchez une application de r\u00e9servation en ligne de taxi a\u00e9rien pas cher d&#039;Anvers \u00e0 Bruxelles? Recherchez, comparez et r\u00e9servez des vols pas chers de Anvers \u00e0 Bruxelles","breadcrumb":{"@id":"https:\/\/tiketi.com\/air-taxi-from-vancouver-to-abbotsford\/#breadcrumb"},"inLanguage":"fr-FR","potentialAction":[{"@type":"ReadAction","target":["https:\/\/tiketi.com\/air-taxi-from-vancouver-to-abbotsford\/"]}]},{"@type":"ImageObject","inLanguage":"fr-FR","@id":"https:\/\/tiketi.com\/air-taxi-from-vancouver-to-abbotsford\/#primaryimage","url":"https:\/\/tiketi.com\/wp-content\/uploads\/2022\/02\/vancouver-bay-3009150_1280.jpg","contentUrl":"https:\/\/tiketi.com\/wp-content\/uploads\/2022\/02\/vancouver-bay-3009150_1280.jpg","width":1200,"height":200,"caption":"Air Taxi in Vancouver Online Booking"},{"@type":"BreadcrumbList","@id":"https:\/\/tiketi.com\/air-taxi-from-vancouver-to-abbotsford\/#breadcrumb","itemListElement":[{"@type":"ListItem","position":1,"name":"Home","item":"https:\/\/tiketi.com\/"},{"@type":"ListItem","position":2,"name":"Air Taxi from Abbotsford to Vancouver"}]},{"@type":"WebSite","@id":"https:\/\/tiketi.com\/#website","url":"https:\/\/tiketi.com\/","name":"Billets d&#039;avion et de bus, forfaits touristiques et activit\u00e9s - Tiketi.com","description":"Billets d&#039;avion et de bus, Tours, Activit\u00e9s","publisher":{"@id":"https:\/\/tiketi.com\/#organization"},"potentialAction":[{"@type":"SearchAction","target":{"@type":"EntryPoint","urlTemplate":"https:\/\/tiketi.com\/?s={search_term_string}"},"query-input":{"@type":"PropertyValueSpecification","valueRequired":true,"valueName":"search_term_string"}}],"inLanguage":"fr-FR"},{"@type":"Organization","@id":"https:\/\/tiketi.com\/#organization","name":"Tiketi.com","alternateName":"Tiketi","url":"https:\/\/tiketi.com\/","logo":{"@type":"ImageObject","inLanguage":"fr-FR","@id":"https:\/\/tiketi.com\/#\/schema\/logo\/image\/","url":"https:\/\/tiketi.com\/wp-content\/uploads\/2019\/05\/tiketi-logo-696.png","contentUrl":"https:\/\/tiketi.com\/wp-content\/uploads\/2019\/05\/tiketi-logo-696.png","width":696,"height":696,"caption":"Tiketi.com"},"image":{"@id":"https:\/\/tiketi.com\/#\/schema\/logo\/image\/"},"sameAs":["https:\/\/www.facebook.com\/TiketiCom\/"]}]}},"_links":{"self":[{"href":"https:\/\/tiketi.com\/fr-fr\/wp-json\/wp\/v2\/pages\/10293","targetHints":{"allow":["GET"]}}],"collection":[{"href":"https:\/\/tiketi.com\/fr-fr\/wp-json\/wp\/v2\/pages"}],"about":[{"href":"https:\/\/tiketi.com\/fr-fr\/wp-json\/wp\/v2\/types\/page"}],"author":[{"embeddable":true,"href":"https:\/\/tiketi.com\/fr-fr\/wp-json\/wp\/v2\/users\/1"}],"replies":[{"embeddable":true,"href":"https:\/\/tiketi.com\/fr-fr\/wp-json\/wp\/v2\/comments?post=10293"}],"version-history":[{"count":0,"href":"https:\/\/tiketi.com\/fr-fr\/wp-json\/wp\/v2\/pages\/10293\/revisions"}],"wp:featuredmedia":[{"embeddable":true,"href":"https:\/\/tiketi.com\/fr-fr\/wp-json\/wp\/v2\/media\/16469"}],"wp:attachment":[{"href":"https:\/\/tiketi.com\/fr-fr\/wp-json\/wp\/v2\/media?parent=10293"}],"curies":[{"name":"wp","href":"https:\/\/api.w.org\/{rel}","templated":true}]}}