{"id":10308,"date":"2022-01-19T12:53:11","date_gmt":"2022-01-19T11:53:11","guid":{"rendered":"https:\/\/new.tiketi.com\/cheap-flights-air-taxi-from-laval-to-montreal\/"},"modified":"2022-02-04T12:37:36","modified_gmt":"2022-02-04T11:37:36","slug":"air-taxi-from-montreal-to-laval","status":"publish","type":"page","link":"https:\/\/tiketi.com\/fr-fr\/air-taxi-from-montreal-to-laval\/","title":{"rendered":"Taxi a\u00e9rien de Laval \u00e0 Montr\u00e9al R\u00e9servation en ligne"},"content":{"rendered":"<h2>Vous cherchez des vols \u00e0 bas prix de Montr\u00e9al vers Laval?<\/h2>\n<h3>Recherchez, comparez et r\u00e9servez en ligne maintenant des billets d&#039;avion \u00e0 bas prix de Montr\u00e9al \u00e0 Laval.<\/h3>\n<p>La r\u00e9servation en ligne de taxi a\u00e9rien \u00e9lectrique de Laval \u00e0 Montr\u00e9al sera bient\u00f4t possible. L&#039;application Tiketi.com vous permet de rechercher, comparer et r\u00e9server en ligne des vols pas chers de Montr\u00e9al \u00e0 Laval. Montr\u00e9al est la ville la plus c\u00e9l\u00e8bre de la province canadienne du Qu\u00e9bec et la deuxi\u00e8me ville la plus c\u00e9l\u00e8bre du Canada. Fond\u00e9e \u00e0 l&#039;origine en 1642 sous le nom de \u00ab\u00a0Cit\u00e9 de Marie\u00a0\u00bb ou \u00ab\u00a0Ville-Marie\u00a0\u00bb, elle porte le nom du mont Royal, la colline \u00e0 trois sommets au c\u0153ur de la ville. La ville est centr\u00e9e sur l&#039;\u00eele de Montr\u00e9al, qui tire son nom de la m\u00eame origine que la ville, et quelques petites \u00eeles p\u00e9riph\u00e9riques dont la plus grande est l&#039;\u00eele Bizard. La ville est situ\u00e9e \u00e0 196 km \u00e0 l&#039;est de la capitale nationale Ottawa et \u00e0 259 km au sud-ouest de la capitale provinciale, Qu\u00e9bec. Alors trouvez et comparez les billets d&#039;avion de Montr\u00e9al \u00e0 Laval et r\u00e9servez en ligne maintenant des offres exceptionnelles sur des taxis a\u00e9riens \u00e0 bas prix de Montr\u00e9al \u00e0 Laval.<\/p>\n<h2>FAQ sur la r\u00e9servation en ligne d&#039;un taxi a\u00e9rien pas cher de Laval \u00e0 Montr\u00e9al<\/h2>\n<h3>Quelle est la distance de Montr\u00e9al \u00e0 Laval?<\/h3>\n<p>La distance des vols de Montr\u00e9al \u00e0 Laval est de 11 kilom\u00e8tres (7 milles).<\/p>\n<h3>Que sont les taxis volants \u00e9lectriques eVLTO de Laval \u00e0 Montr\u00e9al?<\/h3>\n<p><!--{cke_protected}{C}%3C!%2D%2D%20%2Fwp%3Aheading%20%2D%2D%3E--><!--{cke_protected}{C}%3C!%2D%2D%20wp%3Aparagraph%20%2D%2D%3E-->Les avions taxis volants \u00e9lectriques de Laval \u00e0 Montr\u00e9al, appel\u00e9s eVTOL (d\u00e9collage et atterrissage verticaux \u00e9lectriques), sont con\u00e7us pour transporter des personnes via l&#039;atmosph\u00e8re urbaine et citadine.<\/p>\n<h3>Les taxis a\u00e9riens \u00e9lectriques de Laval \u00e0 Montr\u00e9al sont des transports collectifs \u00e0 grande vitesse<\/h3>\n<p><!--{cke_protected}{C}%3C!%2D%2D%20%2Fwp%3Aheading%20%2D%2D%3E--><!--{cke_protected}{C}%3C!%2D%2D%20wp%3Aparagraph%20%2D%2D%3E-->Le meilleur avantage des drones taxis a\u00e9riens de Laval \u00e0 Montr\u00e9al est sa grande vitesse. C&#039;est le mode de transport le plus rapide et donc le moyen le plus parfait o\u00f9 le temps est un facteur vital.<\/p>\n<h3>Le taxi volant par drone de Laval \u00e0 Montr\u00e9al a de tr\u00e8s faibles \u00e9missions de carbone<\/h3>\n<p>Drone taxi de Laval \u00e0 Montr\u00e9al Les producteurs utilisent l&#039;\u00e9lectricit\u00e9 pour propulser leurs v\u00e9hicules. Ainsi, les taxis drones n&#039;\u00e9mettront pas de gaz \u00e0 effet de serre. Par cons\u00e9quent, ces taxis peuvent contribuer \u00e0 r\u00e9duire l&#039;impact du changement climatique. Alors r\u00e9servez votre taxi avec l&#039;aide de taxi drone de Laval \u00e0 Montr\u00e9al d\u00e8s maintenant.<\/p>\n<h2>Vols bon march\u00e9 de Montr\u00e9al \u00e0 Laval<\/h2>\n<p>Les vols pas chers par drone de Montr\u00e9al \u00e0 Laval offrent le plus de vols sans escale entre Montr\u00e9al et Laval.<\/p>","protected":false},"excerpt":{"rendered":"<p>Looking for cheap flights from Montreal to Laval? Search, compare and book cheap flight tickets from Montreal to Laval online now. Electric air taxi from Laval to Montreal online booking will be possible soon. The Tiketi.com app helps you search, compare and book cheap flights from Montreal to Laval\u00a0online.\u00a0Montreal is the most famous city in [&hellip;]<\/p>\n","protected":false},"author":1,"featured_media":16748,"parent":0,"menu_order":0,"comment_status":"open","ping_status":"closed","template":"template-home-modern.php","meta":{"footnotes":""},"class_list":["post-10308","page","type-page","status-publish","has-post-thumbnail","hentry"],"yoast_head":"<!-- This site is optimized with the Yoast SEO plugin v27.3 - https:\/\/yoast.com\/product\/yoast-seo-wordpress\/ -->\n<title>Air Taxi from Laval to Montreal Online Booking - Cheap Flights<\/title>\n<meta name=\"description\" content=\"Looking for cheap air taxi from Laval to Montreal online booking app? Compare and book cheap flights from Montreal to Laval\" \/>\n<meta name=\"robots\" content=\"index, follow, max-snippet:-1, max-image-preview:large, max-video-preview:-1\" \/>\n<link rel=\"canonical\" href=\"https:\/\/tiketi.com\/fr-fr\/air-taxi-from-montreal-to-laval\/\" \/>\n<meta property=\"og:locale\" content=\"fr_FR\" \/>\n<meta property=\"og:type\" content=\"article\" \/>\n<meta property=\"og:title\" content=\"Air Taxi from Laval to Montreal Online Booking - Cheap Flights\" \/>\n<meta property=\"og:description\" content=\"Looking for cheap air taxi from Laval to Montreal online booking app? Compare and book cheap flights from Montreal to Laval\" \/>\n<meta property=\"og:url\" content=\"https:\/\/tiketi.com\/fr-fr\/air-taxi-from-montreal-to-laval\/\" \/>\n<meta property=\"og:site_name\" content=\"Tiketi.com\" \/>\n<meta property=\"article:publisher\" content=\"https:\/\/www.facebook.com\/TiketiCom\/\" \/>\n<meta property=\"article:modified_time\" content=\"2022-02-04T11:37:36+00:00\" \/>\n<meta property=\"og:image\" content=\"https:\/\/tiketi.com\/wp-content\/uploads\/2022\/02\/montreal-506130_1280.jpg\" \/>\n\t<meta property=\"og:image:width\" content=\"1280\" \/>\n\t<meta property=\"og:image:height\" content=\"225\" \/>\n\t<meta property=\"og:image:type\" content=\"image\/jpeg\" \/>\n<meta name=\"twitter:card\" content=\"summary_large_image\" \/>\n<meta name=\"twitter:label1\" content=\"Dur\u00e9e de lecture estim\u00e9e\" \/>\n\t<meta name=\"twitter:data1\" content=\"2 minutes\" \/>\n<script type=\"application\/ld+json\" class=\"yoast-schema-graph\">{\"@context\":\"https:\\\/\\\/schema.org\",\"@graph\":[{\"@type\":\"WebPage\",\"@id\":\"https:\\\/\\\/tiketi.com\\\/air-taxi-from-montreal-to-laval\\\/\",\"url\":\"https:\\\/\\\/tiketi.com\\\/air-taxi-from-montreal-to-laval\\\/\",\"name\":\"Air Taxi from Laval to Montreal Online Booking - Cheap Flights\",\"isPartOf\":{\"@id\":\"https:\\\/\\\/tiketi.com\\\/#website\"},\"primaryImageOfPage\":{\"@id\":\"https:\\\/\\\/tiketi.com\\\/air-taxi-from-montreal-to-laval\\\/#primaryimage\"},\"image\":{\"@id\":\"https:\\\/\\\/tiketi.com\\\/air-taxi-from-montreal-to-laval\\\/#primaryimage\"},\"thumbnailUrl\":\"https:\\\/\\\/tiketi.com\\\/wp-content\\\/uploads\\\/2022\\\/02\\\/montreal-506130_1280.jpg\",\"datePublished\":\"2022-01-19T11:53:11+00:00\",\"dateModified\":\"2022-02-04T11:37:36+00:00\",\"description\":\"Looking for cheap air taxi from Laval to Montreal online booking app? Compare and book cheap flights from Montreal to Laval\",\"breadcrumb\":{\"@id\":\"https:\\\/\\\/tiketi.com\\\/air-taxi-from-montreal-to-laval\\\/#breadcrumb\"},\"inLanguage\":\"fr-FR\",\"potentialAction\":[{\"@type\":\"ReadAction\",\"target\":[\"https:\\\/\\\/tiketi.com\\\/air-taxi-from-montreal-to-laval\\\/\"]}]},{\"@type\":\"ImageObject\",\"inLanguage\":\"fr-FR\",\"@id\":\"https:\\\/\\\/tiketi.com\\\/air-taxi-from-montreal-to-laval\\\/#primaryimage\",\"url\":\"https:\\\/\\\/tiketi.com\\\/wp-content\\\/uploads\\\/2022\\\/02\\\/montreal-506130_1280.jpg\",\"contentUrl\":\"https:\\\/\\\/tiketi.com\\\/wp-content\\\/uploads\\\/2022\\\/02\\\/montreal-506130_1280.jpg\",\"width\":1280,\"height\":225,\"caption\":\"Air Taxi in Montreal\"},{\"@type\":\"BreadcrumbList\",\"@id\":\"https:\\\/\\\/tiketi.com\\\/air-taxi-from-montreal-to-laval\\\/#breadcrumb\",\"itemListElement\":[{\"@type\":\"ListItem\",\"position\":1,\"name\":\"Home\",\"item\":\"https:\\\/\\\/tiketi.com\\\/\"},{\"@type\":\"ListItem\",\"position\":2,\"name\":\"Air Taxi from Laval to Montreal Online Booking\"}]},{\"@type\":\"WebSite\",\"@id\":\"https:\\\/\\\/tiketi.com\\\/#website\",\"url\":\"https:\\\/\\\/tiketi.com\\\/\",\"name\":\"Flight & Bus Tickets, Tour Packages & Activitites - Tiketi.com\",\"description\":\"Flight &amp; Bus Tickets, Tours, Activitites\",\"publisher\":{\"@id\":\"https:\\\/\\\/tiketi.com\\\/#organization\"},\"potentialAction\":[{\"@type\":\"SearchAction\",\"target\":{\"@type\":\"EntryPoint\",\"urlTemplate\":\"https:\\\/\\\/tiketi.com\\\/?s={search_term_string}\"},\"query-input\":{\"@type\":\"PropertyValueSpecification\",\"valueRequired\":true,\"valueName\":\"search_term_string\"}}],\"inLanguage\":\"fr-FR\"},{\"@type\":\"Organization\",\"@id\":\"https:\\\/\\\/tiketi.com\\\/#organization\",\"name\":\"Tiketi.com\",\"alternateName\":\"Tiketi\",\"url\":\"https:\\\/\\\/tiketi.com\\\/\",\"logo\":{\"@type\":\"ImageObject\",\"inLanguage\":\"fr-FR\",\"@id\":\"https:\\\/\\\/tiketi.com\\\/#\\\/schema\\\/logo\\\/image\\\/\",\"url\":\"https:\\\/\\\/tiketi.com\\\/wp-content\\\/uploads\\\/2019\\\/05\\\/tiketi-logo-696.png\",\"contentUrl\":\"https:\\\/\\\/tiketi.com\\\/wp-content\\\/uploads\\\/2019\\\/05\\\/tiketi-logo-696.png\",\"width\":696,\"height\":696,\"caption\":\"Tiketi.com\"},\"image\":{\"@id\":\"https:\\\/\\\/tiketi.com\\\/#\\\/schema\\\/logo\\\/image\\\/\"},\"sameAs\":[\"https:\\\/\\\/www.facebook.com\\\/TiketiCom\\\/\"]}]}<\/script>\n<!-- \/ Yoast SEO plugin. -->","yoast_head_json":{"title":"Taxi a\u00e9rien de Laval \u00e0 Montr\u00e9al R\u00e9servation en ligne - Vols pas chers","description":"Vous cherchez une application de r\u00e9servation en ligne de taxi a\u00e9rien pas cher de Laval \u00e0 Montr\u00e9al? Comparez et r\u00e9servez des vols pas chers de Montr\u00e9al \u00e0 Laval","robots":{"index":"index","follow":"follow","max-snippet":"max-snippet:-1","max-image-preview":"max-image-preview:large","max-video-preview":"max-video-preview:-1"},"canonical":"https:\/\/tiketi.com\/fr-fr\/air-taxi-from-montreal-to-laval\/","og_locale":"fr_FR","og_type":"article","og_title":"Air Taxi from Laval to Montreal Online Booking - Cheap Flights","og_description":"Looking for cheap air taxi from Laval to Montreal online booking app? Compare and book cheap flights from Montreal to Laval","og_url":"https:\/\/tiketi.com\/fr-fr\/air-taxi-from-montreal-to-laval\/","og_site_name":"Tiketi.com","article_publisher":"https:\/\/www.facebook.com\/TiketiCom\/","article_modified_time":"2022-02-04T11:37:36+00:00","og_image":[{"width":1280,"height":225,"url":"https:\/\/tiketi.com\/wp-content\/uploads\/2022\/02\/montreal-506130_1280.jpg","type":"image\/jpeg"}],"twitter_card":"summary_large_image","twitter_misc":{"Dur\u00e9e de lecture estim\u00e9e":"2 minutes"},"schema":{"@context":"https:\/\/schema.org","@graph":[{"@type":"WebPage","@id":"https:\/\/tiketi.com\/air-taxi-from-montreal-to-laval\/","url":"https:\/\/tiketi.com\/air-taxi-from-montreal-to-laval\/","name":"Taxi a\u00e9rien de Laval \u00e0 Montr\u00e9al R\u00e9servation en ligne - Vols pas chers","isPartOf":{"@id":"https:\/\/tiketi.com\/#website"},"primaryImageOfPage":{"@id":"https:\/\/tiketi.com\/air-taxi-from-montreal-to-laval\/#primaryimage"},"image":{"@id":"https:\/\/tiketi.com\/air-taxi-from-montreal-to-laval\/#primaryimage"},"thumbnailUrl":"https:\/\/tiketi.com\/wp-content\/uploads\/2022\/02\/montreal-506130_1280.jpg","datePublished":"2022-01-19T11:53:11+00:00","dateModified":"2022-02-04T11:37:36+00:00","description":"Vous cherchez une application de r\u00e9servation en ligne de taxi a\u00e9rien pas cher de Laval \u00e0 Montr\u00e9al? Comparez et r\u00e9servez des vols pas chers de Montr\u00e9al \u00e0 Laval","breadcrumb":{"@id":"https:\/\/tiketi.com\/air-taxi-from-montreal-to-laval\/#breadcrumb"},"inLanguage":"fr-FR","potentialAction":[{"@type":"ReadAction","target":["https:\/\/tiketi.com\/air-taxi-from-montreal-to-laval\/"]}]},{"@type":"ImageObject","inLanguage":"fr-FR","@id":"https:\/\/tiketi.com\/air-taxi-from-montreal-to-laval\/#primaryimage","url":"https:\/\/tiketi.com\/wp-content\/uploads\/2022\/02\/montreal-506130_1280.jpg","contentUrl":"https:\/\/tiketi.com\/wp-content\/uploads\/2022\/02\/montreal-506130_1280.jpg","width":1280,"height":225,"caption":"Air Taxi in Montreal"},{"@type":"BreadcrumbList","@id":"https:\/\/tiketi.com\/air-taxi-from-montreal-to-laval\/#breadcrumb","itemListElement":[{"@type":"ListItem","position":1,"name":"Home","item":"https:\/\/tiketi.com\/"},{"@type":"ListItem","position":2,"name":"Air Taxi from Laval to Montreal Online Booking"}]},{"@type":"WebSite","@id":"https:\/\/tiketi.com\/#website","url":"https:\/\/tiketi.com\/","name":"Billets d&#039;avion et de bus, forfaits touristiques et activit\u00e9s - Tiketi.com","description":"Billets d&#039;avion et de bus, Tours, Activit\u00e9s","publisher":{"@id":"https:\/\/tiketi.com\/#organization"},"potentialAction":[{"@type":"SearchAction","target":{"@type":"EntryPoint","urlTemplate":"https:\/\/tiketi.com\/?s={search_term_string}"},"query-input":{"@type":"PropertyValueSpecification","valueRequired":true,"valueName":"search_term_string"}}],"inLanguage":"fr-FR"},{"@type":"Organization","@id":"https:\/\/tiketi.com\/#organization","name":"Tiketi.com","alternateName":"Tiketi","url":"https:\/\/tiketi.com\/","logo":{"@type":"ImageObject","inLanguage":"fr-FR","@id":"https:\/\/tiketi.com\/#\/schema\/logo\/image\/","url":"https:\/\/tiketi.com\/wp-content\/uploads\/2019\/05\/tiketi-logo-696.png","contentUrl":"https:\/\/tiketi.com\/wp-content\/uploads\/2019\/05\/tiketi-logo-696.png","width":696,"height":696,"caption":"Tiketi.com"},"image":{"@id":"https:\/\/tiketi.com\/#\/schema\/logo\/image\/"},"sameAs":["https:\/\/www.facebook.com\/TiketiCom\/"]}]}},"_links":{"self":[{"href":"https:\/\/tiketi.com\/fr-fr\/wp-json\/wp\/v2\/pages\/10308","targetHints":{"allow":["GET"]}}],"collection":[{"href":"https:\/\/tiketi.com\/fr-fr\/wp-json\/wp\/v2\/pages"}],"about":[{"href":"https:\/\/tiketi.com\/fr-fr\/wp-json\/wp\/v2\/types\/page"}],"author":[{"embeddable":true,"href":"https:\/\/tiketi.com\/fr-fr\/wp-json\/wp\/v2\/users\/1"}],"replies":[{"embeddable":true,"href":"https:\/\/tiketi.com\/fr-fr\/wp-json\/wp\/v2\/comments?post=10308"}],"version-history":[{"count":0,"href":"https:\/\/tiketi.com\/fr-fr\/wp-json\/wp\/v2\/pages\/10308\/revisions"}],"wp:featuredmedia":[{"embeddable":true,"href":"https:\/\/tiketi.com\/fr-fr\/wp-json\/wp\/v2\/media\/16748"}],"wp:attachment":[{"href":"https:\/\/tiketi.com\/fr-fr\/wp-json\/wp\/v2\/media?parent=10308"}],"curies":[{"name":"wp","href":"https:\/\/api.w.org\/{rel}","templated":true}]}}