{"id":10317,"date":"2022-01-19T12:53:13","date_gmt":"2022-01-19T11:53:13","guid":{"rendered":"https:\/\/new.tiketi.com\/cheap-flights-air-taxi-from-vaughan-to-toronto\/"},"modified":"2022-02-05T12:45:45","modified_gmt":"2022-02-05T11:45:45","slug":"air-taxi-from-toronto-to-vaughan","status":"publish","type":"page","link":"https:\/\/tiketi.com\/fr-fr\/air-taxi-from-toronto-to-vaughan\/","title":{"rendered":"Air Taxi from Vaughan to Toronto Online Booking"},"content":{"rendered":"<h2>Looking for cheap flights from Toronto to Vaughan?<\/h2>\n<h3>Search, compare and book cheap flight tickets from Toronto to Vaughan online now.<\/h3>\n<p>Electric air taxi from Vaughan to Toronto online booking will be possible soon. The Tiketi.com app helps you search, compare and book cheap flights from Toronto to Vaughan\u00a0online.\u00a0With more than 3.1 million people, Toronto is the biggest city in Canada, ensuring the Ontario province capital provides lots of things for visitors to do and view. \u00a0The list of visitor places in Toronto contains top-class museums, great shopping, a smorgasbord of dining choices, and winter and summer outdoors activities.\u00a0The city is famous for its expert sporting teams, including baseball Blue Jays and hockey\u2019s Maple Leafs. Toronto is a dynamic city, with its big Chinatown, its restored Victorian buildings and its new-day skyscrapers.\u00a0May is cooler and great, July is warm but there are patios, October is charming with colours, and January is cold but there is skating.So find and compare flight tickets from\u00a0Toronto to Vaughan\u00a0and book great offers on cheap air taxis from Toronto to Vaughan online now.<\/p>\n<h2>Cheap air taxi\u00a0from Vaughan to Toronto online booking FAQs<\/h2>\n<h3>How far is Toronto to Vaughan?<\/h3>\n<p>The distance of flights from Toronto to Vaughan\u00a0is 16 kilometers (10 miles).<\/p>\n<h3>What are eVLTO electric flying taxis from Vaughan to Toronto?<\/h3>\n<p><!--{cke_protected}{C}%3C!%2D%2D%20%2Fwp%3Aheading%20%2D%2D%3E--><!--{cke_protected}{C}%3C!%2D%2D%20wp%3Aparagraph%20%2D%2D%3E-->The electric flying taxis from Vaughan to Toronto aircraft, called as an eVTOL (electrical vertical take-off and landing), are designed to transport people via urban and cities atmosphere.<\/p>\n<h3>Electric air taxis from Vaughan to Toronto are high-speed public transport<\/h3>\n<p><!--{cke_protected}{C}%3C!%2D%2D%20%2Fwp%3Aheading%20%2D%2D%3E--><!--{cke_protected}{C}%3C!%2D%2D%20wp%3Aparagraph%20%2D%2D%3E-->The best benefit of drone air taxis from Vaughan to Toronto is its high speed. It is the quickest mode of transport and thus it is the most perfect mean where time is a vital factor.<\/p>\n<h3>Drone flying taxi from Vaughan to Toronto has very low carbon emissions<\/h3>\n<p>Drone taxi from Vaughan to Toronto producers use electricity to power their vehicles. Hence, drone taxis will not emit greenhouses gases. Hence, these taxis can support in decreasing the impact of climate change. So book your taxi with the help of drone taxi from Vaughan to Toronto now.<\/p>\n<h2>Cheap flights from Toronto to Vaughan\u00a0tips<\/h2>\n<p>Drone cheap flights from Toronto to Vaughan will offer the most nonstop flights between Toronto and Vaughan.<\/p>","protected":false},"excerpt":{"rendered":"<p>Looking for cheap flights from Toronto to Vaughan? Search, compare and book cheap flight tickets from Toronto to Vaughan online now. Electric air taxi from Vaughan to Toronto online booking will be possible soon. The Tiketi.com app helps you search, compare and book cheap flights from Toronto to Vaughan\u00a0online.\u00a0With more than 3.1 million people, Toronto [&hellip;]<\/p>\n","protected":false},"author":1,"featured_media":16144,"parent":0,"menu_order":0,"comment_status":"open","ping_status":"closed","template":"template-home-modern.php","meta":{"footnotes":""},"class_list":["post-10317","page","type-page","status-publish","has-post-thumbnail","hentry"],"yoast_head":"<!-- This site is optimized with the Yoast SEO plugin v27.3 - https:\/\/yoast.com\/product\/yoast-seo-wordpress\/ -->\n<title>Air Taxi from Vaughan to Toronto Online Booking - Cheap Flights<\/title>\n<meta name=\"description\" content=\"Looking for cheap air taxi from Vaughan to Toronto online booking app? Compare and book cheap flights from Toronto to Vaughan\" \/>\n<meta name=\"robots\" content=\"index, follow, max-snippet:-1, max-image-preview:large, max-video-preview:-1\" \/>\n<link rel=\"canonical\" href=\"https:\/\/tiketi.com\/fr-fr\/air-taxi-from-toronto-to-vaughan\/\" \/>\n<meta property=\"og:locale\" content=\"fr_FR\" \/>\n<meta property=\"og:type\" content=\"article\" \/>\n<meta property=\"og:title\" content=\"Air Taxi from Vaughan to Toronto Online Booking - Cheap Flights\" \/>\n<meta property=\"og:description\" content=\"Looking for cheap air taxi from Vaughan to Toronto online booking app? Compare and book cheap flights from Toronto to Vaughan\" \/>\n<meta property=\"og:url\" content=\"https:\/\/tiketi.com\/fr-fr\/air-taxi-from-toronto-to-vaughan\/\" \/>\n<meta property=\"og:site_name\" content=\"Tiketi.com\" \/>\n<meta property=\"article:publisher\" content=\"https:\/\/www.facebook.com\/TiketiCom\/\" \/>\n<meta property=\"article:modified_time\" content=\"2022-02-05T11:45:45+00:00\" \/>\n<meta property=\"og:image\" content=\"https:\/\/tiketi.com\/wp-content\/uploads\/2022\/02\/toronto-73508_1280.jpg\" \/>\n\t<meta property=\"og:image:width\" content=\"1280\" \/>\n\t<meta property=\"og:image:height\" content=\"203\" \/>\n\t<meta property=\"og:image:type\" content=\"image\/jpeg\" \/>\n<meta name=\"twitter:card\" content=\"summary_large_image\" \/>\n<meta name=\"twitter:label1\" content=\"Dur\u00e9e de lecture estim\u00e9e\" \/>\n\t<meta name=\"twitter:data1\" content=\"2 minutes\" \/>\n<script type=\"application\/ld+json\" class=\"yoast-schema-graph\">{\"@context\":\"https:\\\/\\\/schema.org\",\"@graph\":[{\"@type\":\"WebPage\",\"@id\":\"https:\\\/\\\/tiketi.com\\\/air-taxi-from-toronto-to-vaughan\\\/\",\"url\":\"https:\\\/\\\/tiketi.com\\\/air-taxi-from-toronto-to-vaughan\\\/\",\"name\":\"Air Taxi from Vaughan to Toronto Online Booking - Cheap Flights\",\"isPartOf\":{\"@id\":\"https:\\\/\\\/tiketi.com\\\/#website\"},\"primaryImageOfPage\":{\"@id\":\"https:\\\/\\\/tiketi.com\\\/air-taxi-from-toronto-to-vaughan\\\/#primaryimage\"},\"image\":{\"@id\":\"https:\\\/\\\/tiketi.com\\\/air-taxi-from-toronto-to-vaughan\\\/#primaryimage\"},\"thumbnailUrl\":\"https:\\\/\\\/tiketi.com\\\/wp-content\\\/uploads\\\/2022\\\/02\\\/toronto-73508_1280.jpg\",\"datePublished\":\"2022-01-19T11:53:13+00:00\",\"dateModified\":\"2022-02-05T11:45:45+00:00\",\"description\":\"Looking for cheap air taxi from Vaughan to Toronto online booking app? Compare and book cheap flights from Toronto to Vaughan\",\"breadcrumb\":{\"@id\":\"https:\\\/\\\/tiketi.com\\\/air-taxi-from-toronto-to-vaughan\\\/#breadcrumb\"},\"inLanguage\":\"fr-FR\",\"potentialAction\":[{\"@type\":\"ReadAction\",\"target\":[\"https:\\\/\\\/tiketi.com\\\/air-taxi-from-toronto-to-vaughan\\\/\"]}]},{\"@type\":\"ImageObject\",\"inLanguage\":\"fr-FR\",\"@id\":\"https:\\\/\\\/tiketi.com\\\/air-taxi-from-toronto-to-vaughan\\\/#primaryimage\",\"url\":\"https:\\\/\\\/tiketi.com\\\/wp-content\\\/uploads\\\/2022\\\/02\\\/toronto-73508_1280.jpg\",\"contentUrl\":\"https:\\\/\\\/tiketi.com\\\/wp-content\\\/uploads\\\/2022\\\/02\\\/toronto-73508_1280.jpg\",\"width\":1280,\"height\":203,\"caption\":\"Air Taxi in Canada\"},{\"@type\":\"BreadcrumbList\",\"@id\":\"https:\\\/\\\/tiketi.com\\\/air-taxi-from-toronto-to-vaughan\\\/#breadcrumb\",\"itemListElement\":[{\"@type\":\"ListItem\",\"position\":1,\"name\":\"Home\",\"item\":\"https:\\\/\\\/tiketi.com\\\/\"},{\"@type\":\"ListItem\",\"position\":2,\"name\":\"Air Taxi from Vaughan to Toronto Online Booking\"}]},{\"@type\":\"WebSite\",\"@id\":\"https:\\\/\\\/tiketi.com\\\/#website\",\"url\":\"https:\\\/\\\/tiketi.com\\\/\",\"name\":\"Flight & Bus Tickets, Tour Packages & Activitites - Tiketi.com\",\"description\":\"Flight &amp; Bus Tickets, Tours, Activitites\",\"publisher\":{\"@id\":\"https:\\\/\\\/tiketi.com\\\/#organization\"},\"potentialAction\":[{\"@type\":\"SearchAction\",\"target\":{\"@type\":\"EntryPoint\",\"urlTemplate\":\"https:\\\/\\\/tiketi.com\\\/?s={search_term_string}\"},\"query-input\":{\"@type\":\"PropertyValueSpecification\",\"valueRequired\":true,\"valueName\":\"search_term_string\"}}],\"inLanguage\":\"fr-FR\"},{\"@type\":\"Organization\",\"@id\":\"https:\\\/\\\/tiketi.com\\\/#organization\",\"name\":\"Tiketi.com\",\"alternateName\":\"Tiketi\",\"url\":\"https:\\\/\\\/tiketi.com\\\/\",\"logo\":{\"@type\":\"ImageObject\",\"inLanguage\":\"fr-FR\",\"@id\":\"https:\\\/\\\/tiketi.com\\\/#\\\/schema\\\/logo\\\/image\\\/\",\"url\":\"https:\\\/\\\/tiketi.com\\\/wp-content\\\/uploads\\\/2019\\\/05\\\/tiketi-logo-696.png\",\"contentUrl\":\"https:\\\/\\\/tiketi.com\\\/wp-content\\\/uploads\\\/2019\\\/05\\\/tiketi-logo-696.png\",\"width\":696,\"height\":696,\"caption\":\"Tiketi.com\"},\"image\":{\"@id\":\"https:\\\/\\\/tiketi.com\\\/#\\\/schema\\\/logo\\\/image\\\/\"},\"sameAs\":[\"https:\\\/\\\/www.facebook.com\\\/TiketiCom\\\/\"]}]}<\/script>\n<!-- \/ Yoast SEO plugin. -->","yoast_head_json":{"title":"R\u00e9servation en ligne de taxi a\u00e9rien de Vaughan \u00e0 Toronto\u00a0\u2013 Vols pas chers","description":"Looking for cheap air taxi from Vaughan to Toronto online booking app? Compare and book cheap flights from Toronto to Vaughan","robots":{"index":"index","follow":"follow","max-snippet":"max-snippet:-1","max-image-preview":"max-image-preview:large","max-video-preview":"max-video-preview:-1"},"canonical":"https:\/\/tiketi.com\/fr-fr\/air-taxi-from-toronto-to-vaughan\/","og_locale":"fr_FR","og_type":"article","og_title":"Air Taxi from Vaughan to Toronto Online Booking - Cheap Flights","og_description":"Looking for cheap air taxi from Vaughan to Toronto online booking app? Compare and book cheap flights from Toronto to Vaughan","og_url":"https:\/\/tiketi.com\/fr-fr\/air-taxi-from-toronto-to-vaughan\/","og_site_name":"Tiketi.com","article_publisher":"https:\/\/www.facebook.com\/TiketiCom\/","article_modified_time":"2022-02-05T11:45:45+00:00","og_image":[{"width":1280,"height":203,"url":"https:\/\/tiketi.com\/wp-content\/uploads\/2022\/02\/toronto-73508_1280.jpg","type":"image\/jpeg"}],"twitter_card":"summary_large_image","twitter_misc":{"Dur\u00e9e de lecture estim\u00e9e":"2 minutes"},"schema":{"@context":"https:\/\/schema.org","@graph":[{"@type":"WebPage","@id":"https:\/\/tiketi.com\/air-taxi-from-toronto-to-vaughan\/","url":"https:\/\/tiketi.com\/air-taxi-from-toronto-to-vaughan\/","name":"R\u00e9servation en ligne de taxi a\u00e9rien de Vaughan \u00e0 Toronto\u00a0\u2013 Vols pas chers","isPartOf":{"@id":"https:\/\/tiketi.com\/#website"},"primaryImageOfPage":{"@id":"https:\/\/tiketi.com\/air-taxi-from-toronto-to-vaughan\/#primaryimage"},"image":{"@id":"https:\/\/tiketi.com\/air-taxi-from-toronto-to-vaughan\/#primaryimage"},"thumbnailUrl":"https:\/\/tiketi.com\/wp-content\/uploads\/2022\/02\/toronto-73508_1280.jpg","datePublished":"2022-01-19T11:53:13+00:00","dateModified":"2022-02-05T11:45:45+00:00","description":"Looking for cheap air taxi from Vaughan to Toronto online booking app? Compare and book cheap flights from Toronto to Vaughan","breadcrumb":{"@id":"https:\/\/tiketi.com\/air-taxi-from-toronto-to-vaughan\/#breadcrumb"},"inLanguage":"fr-FR","potentialAction":[{"@type":"ReadAction","target":["https:\/\/tiketi.com\/air-taxi-from-toronto-to-vaughan\/"]}]},{"@type":"ImageObject","inLanguage":"fr-FR","@id":"https:\/\/tiketi.com\/air-taxi-from-toronto-to-vaughan\/#primaryimage","url":"https:\/\/tiketi.com\/wp-content\/uploads\/2022\/02\/toronto-73508_1280.jpg","contentUrl":"https:\/\/tiketi.com\/wp-content\/uploads\/2022\/02\/toronto-73508_1280.jpg","width":1280,"height":203,"caption":"Air Taxi in Canada"},{"@type":"BreadcrumbList","@id":"https:\/\/tiketi.com\/air-taxi-from-toronto-to-vaughan\/#breadcrumb","itemListElement":[{"@type":"ListItem","position":1,"name":"Home","item":"https:\/\/tiketi.com\/"},{"@type":"ListItem","position":2,"name":"Air Taxi from Vaughan to Toronto Online Booking"}]},{"@type":"WebSite","@id":"https:\/\/tiketi.com\/#website","url":"https:\/\/tiketi.com\/","name":"Billets d&#039;avion et de bus, forfaits touristiques et activit\u00e9s - Tiketi.com","description":"Billets d&#039;avion et de bus, Tours, Activit\u00e9s","publisher":{"@id":"https:\/\/tiketi.com\/#organization"},"potentialAction":[{"@type":"SearchAction","target":{"@type":"EntryPoint","urlTemplate":"https:\/\/tiketi.com\/?s={search_term_string}"},"query-input":{"@type":"PropertyValueSpecification","valueRequired":true,"valueName":"search_term_string"}}],"inLanguage":"fr-FR"},{"@type":"Organization","@id":"https:\/\/tiketi.com\/#organization","name":"Tiketi.com","alternateName":"Tiketi","url":"https:\/\/tiketi.com\/","logo":{"@type":"ImageObject","inLanguage":"fr-FR","@id":"https:\/\/tiketi.com\/#\/schema\/logo\/image\/","url":"https:\/\/tiketi.com\/wp-content\/uploads\/2019\/05\/tiketi-logo-696.png","contentUrl":"https:\/\/tiketi.com\/wp-content\/uploads\/2019\/05\/tiketi-logo-696.png","width":696,"height":696,"caption":"Tiketi.com"},"image":{"@id":"https:\/\/tiketi.com\/#\/schema\/logo\/image\/"},"sameAs":["https:\/\/www.facebook.com\/TiketiCom\/"]}]}},"_links":{"self":[{"href":"https:\/\/tiketi.com\/fr-fr\/wp-json\/wp\/v2\/pages\/10317","targetHints":{"allow":["GET"]}}],"collection":[{"href":"https:\/\/tiketi.com\/fr-fr\/wp-json\/wp\/v2\/pages"}],"about":[{"href":"https:\/\/tiketi.com\/fr-fr\/wp-json\/wp\/v2\/types\/page"}],"author":[{"embeddable":true,"href":"https:\/\/tiketi.com\/fr-fr\/wp-json\/wp\/v2\/users\/1"}],"replies":[{"embeddable":true,"href":"https:\/\/tiketi.com\/fr-fr\/wp-json\/wp\/v2\/comments?post=10317"}],"version-history":[{"count":0,"href":"https:\/\/tiketi.com\/fr-fr\/wp-json\/wp\/v2\/pages\/10317\/revisions"}],"wp:featuredmedia":[{"embeddable":true,"href":"https:\/\/tiketi.com\/fr-fr\/wp-json\/wp\/v2\/media\/16144"}],"wp:attachment":[{"href":"https:\/\/tiketi.com\/fr-fr\/wp-json\/wp\/v2\/media?parent=10317"}],"curies":[{"name":"wp","href":"https:\/\/api.w.org\/{rel}","templated":true}]}}