{"id":10319,"date":"2022-01-19T12:53:13","date_gmt":"2022-01-19T11:53:13","guid":{"rendered":"https:\/\/new.tiketi.com\/cheap-flights-air-taxi-from-etobicoke-to-toronto\/"},"modified":"2022-02-03T16:56:51","modified_gmt":"2022-02-03T15:56:51","slug":"air-taxi-from-toronto-to-etobicoke","status":"publish","type":"page","link":"https:\/\/tiketi.com\/fr-fr\/air-taxi-from-toronto-to-etobicoke\/","title":{"rendered":"R\u00e9servation en ligne de taxi a\u00e9rien d&#039;Etobicoke \u00e0 Toronto"},"content":{"rendered":"<h2>Vous cherchez des vols pas chers de Toronto \u00e0 Etobicoke ?<\/h2>\n<h3>Recherchez, comparez et r\u00e9servez d\u00e8s maintenant en ligne des billets d&#039;avion pas chers de Toronto \u00e0 Etobicoke.<\/h3>\n<p>La r\u00e9servation en ligne de taxis a\u00e9riens \u00e9lectriques entre Etobicoke et Toronto sera bient\u00f4t possible. L&#039;application Tiketi.com vous permet de rechercher, comparer et r\u00e9server des vols pas chers de Toronto \u00e0 Etobicoke en ligne. Avec plus de 3,1 millions d&#039;habitants, Toronto est la plus grande ville du Canada, et la capitale de l&#039;Ontario offre une multitude d&#039;activit\u00e9s et de sites \u00e0 d\u00e9couvrir. Parmi les attractions touristiques de Toronto, on trouve des mus\u00e9es de renom, d&#039;excellentes boutiques, une grande vari\u00e9t\u00e9 de restaurants et des activit\u00e9s de plein air en hiver comme en \u00e9t\u00e9. La ville est c\u00e9l\u00e8bre pour ses \u00e9quipes sportives de haut niveau, notamment les Blue Jays (baseball) et les Maple Leafs (hockey sur glace). Toronto est une ville dynamique, avec son grand quartier chinois, ses b\u00e2timents victoriens restaur\u00e9s et ses gratte-ciel modernes. Le mois de mai est frais et agr\u00e9able, juillet est chaud et on peut profiter des terrasses, octobre est charmant avec ses couleurs automnales et janvier est froid mais on peut patiner. Alors, trouvez et comparez vos billets d&#039;avion de Toronto \u00e0 Etobicoke et r\u00e9servez d\u00e8s maintenant vos taxis a\u00e9riens pas chers en ligne.<\/p>\n<h2>FAQ sur la r\u00e9servation en ligne de taxis a\u00e9riens pas chers entre Etobicoke et Toronto<\/h2>\n<h3>Quelle est la distance entre Toronto et Etobicoke ?<\/h3>\n<p>La distance des vols entre Toronto et Etobicoke est de 13 kilom\u00e8tres (8 miles).<\/p>\n<h3>Que sont les taxis volants \u00e9lectriques eVLTO reliant Etobicoke \u00e0 Toronto\u00a0?<\/h3>\n<p><!--{cke_protected}{C}%3C!%2D%2D%20%2Fwp%3Aheading%20%2D%2D%3E--><!--{cke_protected}{C}%3C!%2D%2D%20wp%3Aparagraph%20%2D%2D%3E-->Les taxis volants \u00e9lectriques reliant Etobicoke \u00e0 Toronto, appel\u00e9s eVTOL (d\u00e9collage et atterrissage vertical \u00e9lectriques), sont con\u00e7us pour transporter des personnes en milieu urbain.<\/p>\n<h3>Les taxis a\u00e9riens \u00e9lectriques reliant Etobicoke \u00e0 Toronto sont des transports publics \u00e0 grande vitesse<\/h3>\n<p><!--{cke_protected}{C}%3C!%2D%2D%20%2Fwp%3Aheading%20%2D%2D%3E--><!--{cke_protected}{C}%3C!%2D%2D%20wp%3Aparagraph%20%2D%2D%3E-->Le principal avantage des taxis a\u00e9riens par drone reliant Etobicoke \u00e0 Toronto r\u00e9side dans leur rapidit\u00e9. Il s&#039;agit du mode de transport le plus rapide et, par cons\u00e9quent, de la solution id\u00e9ale lorsque le temps est un facteur crucial.<\/p>\n<h3>Le taxi volant par drone reliant Etobicoke \u00e0 Toronto g\u00e9n\u00e8re de tr\u00e8s faibles \u00e9missions de carbone.<\/h3>\n<p>Les taxis drones assurant la liaison entre Etobicoke et Toronto fonctionnent \u00e0 l&#039;\u00e9lectricit\u00e9. Par cons\u00e9quent, ils n&#039;\u00e9mettent pas de gaz \u00e0 effet de serre et contribuent ainsi \u00e0 att\u00e9nuer les effets du changement climatique. R\u00e9servez d\u00e8s maintenant votre taxi drone entre Etobicoke et Toronto\u00a0!.<\/p>\n<h2>Vols pas chers de Toronto \u00e0 Etobicoke\u00a0: conseils<\/h2>\n<p>Les vols en drone \u00e0 bas prix de Toronto \u00e0 Etobicoke offrent le plus grand nombre de vols directs entre Toronto et Etobicoke.<\/p>","protected":false},"excerpt":{"rendered":"<p>Looking for cheap flights from Toronto to Etobicoke? Search, compare and book cheap flight tickets from Toronto to Etobicoke online now. Electric air taxi from Etobicoke to Toronto online booking will be possible soon. The Tiketi.com app helps you search, compare and book cheap flights from Toronto to Etobicoke\u00a0online.\u00a0With more than 3.1 million people, Toronto [&hellip;]<\/p>\n","protected":false},"author":1,"featured_media":16144,"parent":0,"menu_order":0,"comment_status":"open","ping_status":"closed","template":"template-home-modern.php","meta":{"footnotes":""},"class_list":["post-10319","page","type-page","status-publish","has-post-thumbnail","hentry"],"yoast_head":"<!-- This site is optimized with the Yoast SEO plugin v27.3 - https:\/\/yoast.com\/product\/yoast-seo-wordpress\/ -->\n<title>Air Taxi from Etobicoke to Toronto Online Booking<\/title>\n<meta name=\"description\" content=\"Looking for cheap air taxi from Etobicoke to Toronto online booking app? Compare and book cheap flights from Toronto to Etobicoke\" \/>\n<meta name=\"robots\" content=\"index, follow, max-snippet:-1, max-image-preview:large, max-video-preview:-1\" \/>\n<link rel=\"canonical\" href=\"https:\/\/tiketi.com\/fr-fr\/air-taxi-from-toronto-to-etobicoke\/\" \/>\n<meta property=\"og:locale\" content=\"fr_FR\" \/>\n<meta property=\"og:type\" content=\"article\" \/>\n<meta property=\"og:title\" content=\"Air Taxi from Etobicoke to Toronto Online Booking\" \/>\n<meta property=\"og:description\" content=\"Looking for cheap air taxi from Etobicoke to Toronto online booking app? Compare and book cheap flights from Toronto to Etobicoke\" \/>\n<meta property=\"og:url\" content=\"https:\/\/tiketi.com\/fr-fr\/air-taxi-from-toronto-to-etobicoke\/\" \/>\n<meta property=\"og:site_name\" content=\"Tiketi.com\" \/>\n<meta property=\"article:publisher\" content=\"https:\/\/www.facebook.com\/TiketiCom\/\" \/>\n<meta property=\"article:modified_time\" content=\"2022-02-03T15:56:51+00:00\" \/>\n<meta property=\"og:image\" content=\"https:\/\/tiketi.com\/wp-content\/uploads\/2022\/02\/toronto-73508_1280.jpg\" \/>\n\t<meta property=\"og:image:width\" content=\"1280\" \/>\n\t<meta property=\"og:image:height\" content=\"203\" \/>\n\t<meta property=\"og:image:type\" content=\"image\/jpeg\" \/>\n<meta name=\"twitter:card\" content=\"summary_large_image\" \/>\n<meta name=\"twitter:label1\" content=\"Dur\u00e9e de lecture estim\u00e9e\" \/>\n\t<meta name=\"twitter:data1\" content=\"2 minutes\" \/>\n<script type=\"application\/ld+json\" class=\"yoast-schema-graph\">{\"@context\":\"https:\\\/\\\/schema.org\",\"@graph\":[{\"@type\":\"WebPage\",\"@id\":\"https:\\\/\\\/tiketi.com\\\/air-taxi-from-toronto-to-etobicoke\\\/\",\"url\":\"https:\\\/\\\/tiketi.com\\\/air-taxi-from-toronto-to-etobicoke\\\/\",\"name\":\"Air Taxi from Etobicoke to Toronto Online Booking\",\"isPartOf\":{\"@id\":\"https:\\\/\\\/tiketi.com\\\/#website\"},\"primaryImageOfPage\":{\"@id\":\"https:\\\/\\\/tiketi.com\\\/air-taxi-from-toronto-to-etobicoke\\\/#primaryimage\"},\"image\":{\"@id\":\"https:\\\/\\\/tiketi.com\\\/air-taxi-from-toronto-to-etobicoke\\\/#primaryimage\"},\"thumbnailUrl\":\"https:\\\/\\\/tiketi.com\\\/wp-content\\\/uploads\\\/2022\\\/02\\\/toronto-73508_1280.jpg\",\"datePublished\":\"2022-01-19T11:53:13+00:00\",\"dateModified\":\"2022-02-03T15:56:51+00:00\",\"description\":\"Looking for cheap air taxi from Etobicoke to Toronto online booking app? Compare and book cheap flights from Toronto to Etobicoke\",\"breadcrumb\":{\"@id\":\"https:\\\/\\\/tiketi.com\\\/air-taxi-from-toronto-to-etobicoke\\\/#breadcrumb\"},\"inLanguage\":\"fr-FR\",\"potentialAction\":[{\"@type\":\"ReadAction\",\"target\":[\"https:\\\/\\\/tiketi.com\\\/air-taxi-from-toronto-to-etobicoke\\\/\"]}]},{\"@type\":\"ImageObject\",\"inLanguage\":\"fr-FR\",\"@id\":\"https:\\\/\\\/tiketi.com\\\/air-taxi-from-toronto-to-etobicoke\\\/#primaryimage\",\"url\":\"https:\\\/\\\/tiketi.com\\\/wp-content\\\/uploads\\\/2022\\\/02\\\/toronto-73508_1280.jpg\",\"contentUrl\":\"https:\\\/\\\/tiketi.com\\\/wp-content\\\/uploads\\\/2022\\\/02\\\/toronto-73508_1280.jpg\",\"width\":1280,\"height\":203,\"caption\":\"Air Taxi in Canada\"},{\"@type\":\"BreadcrumbList\",\"@id\":\"https:\\\/\\\/tiketi.com\\\/air-taxi-from-toronto-to-etobicoke\\\/#breadcrumb\",\"itemListElement\":[{\"@type\":\"ListItem\",\"position\":1,\"name\":\"Home\",\"item\":\"https:\\\/\\\/tiketi.com\\\/\"},{\"@type\":\"ListItem\",\"position\":2,\"name\":\"Air Taxi from Etobicoke to Toronto Online Booking\"}]},{\"@type\":\"WebSite\",\"@id\":\"https:\\\/\\\/tiketi.com\\\/#website\",\"url\":\"https:\\\/\\\/tiketi.com\\\/\",\"name\":\"Flight & Bus Tickets, Tour Packages & Activitites - Tiketi.com\",\"description\":\"Flight &amp; Bus Tickets, Tours, Activitites\",\"publisher\":{\"@id\":\"https:\\\/\\\/tiketi.com\\\/#organization\"},\"potentialAction\":[{\"@type\":\"SearchAction\",\"target\":{\"@type\":\"EntryPoint\",\"urlTemplate\":\"https:\\\/\\\/tiketi.com\\\/?s={search_term_string}\"},\"query-input\":{\"@type\":\"PropertyValueSpecification\",\"valueRequired\":true,\"valueName\":\"search_term_string\"}}],\"inLanguage\":\"fr-FR\"},{\"@type\":\"Organization\",\"@id\":\"https:\\\/\\\/tiketi.com\\\/#organization\",\"name\":\"Tiketi.com\",\"alternateName\":\"Tiketi\",\"url\":\"https:\\\/\\\/tiketi.com\\\/\",\"logo\":{\"@type\":\"ImageObject\",\"inLanguage\":\"fr-FR\",\"@id\":\"https:\\\/\\\/tiketi.com\\\/#\\\/schema\\\/logo\\\/image\\\/\",\"url\":\"https:\\\/\\\/tiketi.com\\\/wp-content\\\/uploads\\\/2019\\\/05\\\/tiketi-logo-696.png\",\"contentUrl\":\"https:\\\/\\\/tiketi.com\\\/wp-content\\\/uploads\\\/2019\\\/05\\\/tiketi-logo-696.png\",\"width\":696,\"height\":696,\"caption\":\"Tiketi.com\"},\"image\":{\"@id\":\"https:\\\/\\\/tiketi.com\\\/#\\\/schema\\\/logo\\\/image\\\/\"},\"sameAs\":[\"https:\\\/\\\/www.facebook.com\\\/TiketiCom\\\/\"]}]}<\/script>\n<!-- \/ Yoast SEO plugin. -->","yoast_head_json":{"title":"R\u00e9servation en ligne de taxi a\u00e9rien d&#039;Etobicoke \u00e0 Toronto","description":"Vous cherchez une application de r\u00e9servation en ligne pour un vol pas cher entre Etobicoke et Toronto\u00a0? Comparez et r\u00e9servez des vols pas chers de Toronto \u00e0 Etobicoke.","robots":{"index":"index","follow":"follow","max-snippet":"max-snippet:-1","max-image-preview":"max-image-preview:large","max-video-preview":"max-video-preview:-1"},"canonical":"https:\/\/tiketi.com\/fr-fr\/air-taxi-from-toronto-to-etobicoke\/","og_locale":"fr_FR","og_type":"article","og_title":"Air Taxi from Etobicoke to Toronto Online Booking","og_description":"Looking for cheap air taxi from Etobicoke to Toronto online booking app? Compare and book cheap flights from Toronto to Etobicoke","og_url":"https:\/\/tiketi.com\/fr-fr\/air-taxi-from-toronto-to-etobicoke\/","og_site_name":"Tiketi.com","article_publisher":"https:\/\/www.facebook.com\/TiketiCom\/","article_modified_time":"2022-02-03T15:56:51+00:00","og_image":[{"width":1280,"height":203,"url":"https:\/\/tiketi.com\/wp-content\/uploads\/2022\/02\/toronto-73508_1280.jpg","type":"image\/jpeg"}],"twitter_card":"summary_large_image","twitter_misc":{"Dur\u00e9e de lecture estim\u00e9e":"2 minutes"},"schema":{"@context":"https:\/\/schema.org","@graph":[{"@type":"WebPage","@id":"https:\/\/tiketi.com\/air-taxi-from-toronto-to-etobicoke\/","url":"https:\/\/tiketi.com\/air-taxi-from-toronto-to-etobicoke\/","name":"R\u00e9servation en ligne de taxi a\u00e9rien d&#039;Etobicoke \u00e0 Toronto","isPartOf":{"@id":"https:\/\/tiketi.com\/#website"},"primaryImageOfPage":{"@id":"https:\/\/tiketi.com\/air-taxi-from-toronto-to-etobicoke\/#primaryimage"},"image":{"@id":"https:\/\/tiketi.com\/air-taxi-from-toronto-to-etobicoke\/#primaryimage"},"thumbnailUrl":"https:\/\/tiketi.com\/wp-content\/uploads\/2022\/02\/toronto-73508_1280.jpg","datePublished":"2022-01-19T11:53:13+00:00","dateModified":"2022-02-03T15:56:51+00:00","description":"Vous cherchez une application de r\u00e9servation en ligne pour un vol pas cher entre Etobicoke et Toronto\u00a0? Comparez et r\u00e9servez des vols pas chers de Toronto \u00e0 Etobicoke.","breadcrumb":{"@id":"https:\/\/tiketi.com\/air-taxi-from-toronto-to-etobicoke\/#breadcrumb"},"inLanguage":"fr-FR","potentialAction":[{"@type":"ReadAction","target":["https:\/\/tiketi.com\/air-taxi-from-toronto-to-etobicoke\/"]}]},{"@type":"ImageObject","inLanguage":"fr-FR","@id":"https:\/\/tiketi.com\/air-taxi-from-toronto-to-etobicoke\/#primaryimage","url":"https:\/\/tiketi.com\/wp-content\/uploads\/2022\/02\/toronto-73508_1280.jpg","contentUrl":"https:\/\/tiketi.com\/wp-content\/uploads\/2022\/02\/toronto-73508_1280.jpg","width":1280,"height":203,"caption":"Air Taxi in Canada"},{"@type":"BreadcrumbList","@id":"https:\/\/tiketi.com\/air-taxi-from-toronto-to-etobicoke\/#breadcrumb","itemListElement":[{"@type":"ListItem","position":1,"name":"Home","item":"https:\/\/tiketi.com\/"},{"@type":"ListItem","position":2,"name":"Air Taxi from Etobicoke to Toronto Online Booking"}]},{"@type":"WebSite","@id":"https:\/\/tiketi.com\/#website","url":"https:\/\/tiketi.com\/","name":"Billets d&#039;avion et de bus, forfaits touristiques et activit\u00e9s - Tiketi.com","description":"Billets d&#039;avion et de bus, Tours, Activit\u00e9s","publisher":{"@id":"https:\/\/tiketi.com\/#organization"},"potentialAction":[{"@type":"SearchAction","target":{"@type":"EntryPoint","urlTemplate":"https:\/\/tiketi.com\/?s={search_term_string}"},"query-input":{"@type":"PropertyValueSpecification","valueRequired":true,"valueName":"search_term_string"}}],"inLanguage":"fr-FR"},{"@type":"Organization","@id":"https:\/\/tiketi.com\/#organization","name":"Tiketi.com","alternateName":"Tiketi","url":"https:\/\/tiketi.com\/","logo":{"@type":"ImageObject","inLanguage":"fr-FR","@id":"https:\/\/tiketi.com\/#\/schema\/logo\/image\/","url":"https:\/\/tiketi.com\/wp-content\/uploads\/2019\/05\/tiketi-logo-696.png","contentUrl":"https:\/\/tiketi.com\/wp-content\/uploads\/2019\/05\/tiketi-logo-696.png","width":696,"height":696,"caption":"Tiketi.com"},"image":{"@id":"https:\/\/tiketi.com\/#\/schema\/logo\/image\/"},"sameAs":["https:\/\/www.facebook.com\/TiketiCom\/"]}]}},"_links":{"self":[{"href":"https:\/\/tiketi.com\/fr-fr\/wp-json\/wp\/v2\/pages\/10319","targetHints":{"allow":["GET"]}}],"collection":[{"href":"https:\/\/tiketi.com\/fr-fr\/wp-json\/wp\/v2\/pages"}],"about":[{"href":"https:\/\/tiketi.com\/fr-fr\/wp-json\/wp\/v2\/types\/page"}],"author":[{"embeddable":true,"href":"https:\/\/tiketi.com\/fr-fr\/wp-json\/wp\/v2\/users\/1"}],"replies":[{"embeddable":true,"href":"https:\/\/tiketi.com\/fr-fr\/wp-json\/wp\/v2\/comments?post=10319"}],"version-history":[{"count":0,"href":"https:\/\/tiketi.com\/fr-fr\/wp-json\/wp\/v2\/pages\/10319\/revisions"}],"wp:featuredmedia":[{"embeddable":true,"href":"https:\/\/tiketi.com\/fr-fr\/wp-json\/wp\/v2\/media\/16144"}],"wp:attachment":[{"href":"https:\/\/tiketi.com\/fr-fr\/wp-json\/wp\/v2\/media?parent=10319"}],"curies":[{"name":"wp","href":"https:\/\/api.w.org\/{rel}","templated":true}]}}