{"id":10323,"date":"2022-01-19T12:53:13","date_gmt":"2022-01-19T11:53:13","guid":{"rendered":"https:\/\/new.tiketi.com\/cheap-flights-air-taxi-from-mississauga-to-toronto\/"},"modified":"2022-02-04T16:22:13","modified_gmt":"2022-02-04T15:22:13","slug":"air-taxi-from-toronto-to-mississauga","status":"publish","type":"page","link":"https:\/\/tiketi.com\/fr-fr\/air-taxi-from-toronto-to-mississauga\/","title":{"rendered":"Taxi a\u00e9rien de Mississauga \u00e0 Toronto R\u00e9servation en ligne"},"content":{"rendered":"<h2>Vous cherchez des vols \u00e0 bas prix de Toronto vers Mississauga ?<\/h2>\n<h3>Recherchez, comparez et r\u00e9servez en ligne maintenant des billets d&#039;avion \u00e0 bas prix de Montr\u00e9al \u00e0 Mississauga.<\/h3>\n<p>La r\u00e9servation en ligne d&#039;un taxi a\u00e9rien \u00e9lectrique de Mississauga \u00e0 Toronto sera bient\u00f4t possible. L&#039;application Tiketi.com vous permet de rechercher, comparer et r\u00e9server en ligne des vols pas chers de Toronto \u00e0 Mississauga. Avec plus de 3,1 millions d&#039;habitants, Toronto est la plus grande ville du Canada, ce qui garantit que la capitale de la province de l&#039;Ontario offre de nombreuses choses \u00e0 faire et \u00e0 voir pour les visiteurs. La liste des lieux touristiques \u00e0 Toronto contient des mus\u00e9es de premier ordre, de superbes boutiques, un assortiment de choix de restaurants et des activit\u00e9s de plein air en hiver et en \u00e9t\u00e9. La ville est c\u00e9l\u00e8bre pour ses \u00e9quipes sportives expertes, dont les Blue Jays de baseball et les Maple Leafs de hockey. Toronto est une ville dynamique, avec son grand quartier chinois, ses immeubles victoriens restaur\u00e9s et ses gratte-ciel new-day. Mai est plus frais et agr\u00e9able, juillet est chaud mais il y a des terrasses, octobre est charmant avec des couleurs et janvier est froid mais il y a du patinage. Alors, trouvez et comparez les billets d&#039;avion de Toronto \u00e0 Mississauga et r\u00e9servez des offres exceptionnelles sur les taxis a\u00e9riens bon march\u00e9 de Toronto \u00e0 Mississauga en ligne maintenant.<\/p>\n<h2>FAQ sur la r\u00e9servation en ligne d&#039;un taxi a\u00e9rien pas cher de Mississauga \u00e0 Toronto<\/h2>\n<h3>Quelle est la distance entre Toronto et Mississauga?<\/h3>\n<p>La distance des vols de Toronto \u00e0 Mississauga est de 24 kilom\u00e8tres (15 milles).<\/p>\n<h3>Que sont les taxis volants \u00e9lectriques eVLTO de Mississauga \u00e0 Toronto?<\/h3>\n<p><!--{cke_protected}{C}%3C!%2D%2D%20%2Fwp%3Aheading%20%2D%2D%3E--><!--{cke_protected}{C}%3C!%2D%2D%20wp%3Aparagraph%20%2D%2D%3E-->Les taxis volants \u00e9lectriques de Mississauga \u00e0 Toronto, appel\u00e9s eVTOL (d\u00e9collage et atterrissage verticaux \u00e9lectriques), sont con\u00e7us pour transporter des personnes dans l&#039;atmosph\u00e8re urbaine et urbaine.<\/p>\n<h3>Les taxis a\u00e9riens \u00e9lectriques de Mississauga \u00e0 Toronto sont des transports publics \u00e0 grande vitesse<\/h3>\n<p><!--{cke_protected}{C}%3C!%2D%2D%20%2Fwp%3Aheading%20%2D%2D%3E--><!--{cke_protected}{C}%3C!%2D%2D%20wp%3Aparagraph%20%2D%2D%3E-->Le meilleur avantage des drones taxis a\u00e9riens de Mississauga \u00e0 Toronto est sa grande vitesse. C&#039;est le mode de transport le plus rapide et donc le moyen le plus parfait o\u00f9 le temps est un facteur vital.<\/p>\n<h3>Le taxi volant par drone de Mississauga \u00e0 Toronto a de tr\u00e8s faibles \u00e9missions de carbone<\/h3>\n<p>Les taxis drones de Mississauga \u00e0 Toronto utilisent l&#039;\u00e9lectricit\u00e9 pour alimenter leurs v\u00e9hicules. Ainsi, les taxis drones n&#039;\u00e9mettront pas de gaz \u00e0 effet de serre. Par cons\u00e9quent, ces taxis peuvent contribuer \u00e0 r\u00e9duire l&#039;impact du changement climatique. Alors r\u00e9servez votre taxi avec l&#039;aide d&#039;un taxi drone de Mississauga \u00e0 Toronto maintenant.<\/p>\n<h2>Vols bon march\u00e9 de Montr\u00e9al \u00e0 Mississauga<\/h2>\n<p>Les vols pas chers avec drone de Toronto \u00e0 Mississauga offrent le plus de vols sans escale entre Toronto et Mississauga.<\/p>","protected":false},"excerpt":{"rendered":"<p>Looking for cheap flights from Toronto to Mississauga? Search, compare and book cheap flight tickets from Toronto to Mississauga online now. Electric air taxi from Mississauga to Toronto online booking will be possible soon. The Tiketi.com app helps you search, compare and book cheap flights from Toronto to Mississauga\u00a0online.\u00a0With more than 3.1 million people, Toronto [&hellip;]<\/p>\n","protected":false},"author":1,"featured_media":14603,"parent":0,"menu_order":0,"comment_status":"open","ping_status":"closed","template":"template-home-modern.php","meta":{"footnotes":""},"class_list":["post-10323","page","type-page","status-publish","has-post-thumbnail","hentry"],"yoast_head":"<!-- This site is optimized with the Yoast SEO plugin v27.3 - https:\/\/yoast.com\/product\/yoast-seo-wordpress\/ -->\n<title>Air Taxi from Mississauga to Toronto Online Booking - Cheap Flights<\/title>\n<meta name=\"description\" content=\"Looking for cheap air taxi from Mississauga to Toronto online booking app? Compare and book cheap flights from Toronto to Mississauga\" \/>\n<meta name=\"robots\" content=\"index, follow, max-snippet:-1, max-image-preview:large, max-video-preview:-1\" \/>\n<link rel=\"canonical\" href=\"https:\/\/tiketi.com\/fr-fr\/air-taxi-from-toronto-to-mississauga\/\" \/>\n<meta property=\"og:locale\" content=\"fr_FR\" \/>\n<meta property=\"og:type\" content=\"article\" \/>\n<meta property=\"og:title\" content=\"Air Taxi from Mississauga to Toronto Online Booking - Cheap Flights\" \/>\n<meta property=\"og:description\" content=\"Looking for cheap air taxi from Mississauga to Toronto online booking app? Compare and book cheap flights from Toronto to Mississauga\" \/>\n<meta property=\"og:url\" content=\"https:\/\/tiketi.com\/fr-fr\/air-taxi-from-toronto-to-mississauga\/\" \/>\n<meta property=\"og:site_name\" content=\"Tiketi.com\" \/>\n<meta property=\"article:publisher\" content=\"https:\/\/www.facebook.com\/TiketiCom\/\" \/>\n<meta property=\"article:modified_time\" content=\"2022-02-04T15:22:13+00:00\" \/>\n<meta property=\"og:image\" content=\"https:\/\/tiketi.com\/wp-content\/uploads\/2022\/01\/berlin-4096342_1280.jpg\" \/>\n\t<meta property=\"og:image:width\" content=\"1200\" \/>\n\t<meta property=\"og:image:height\" content=\"240\" \/>\n\t<meta property=\"og:image:type\" content=\"image\/jpeg\" \/>\n<meta name=\"twitter:card\" content=\"summary_large_image\" \/>\n<meta name=\"twitter:label1\" content=\"Dur\u00e9e de lecture estim\u00e9e\" \/>\n\t<meta name=\"twitter:data1\" content=\"2 minutes\" \/>\n<script type=\"application\/ld+json\" class=\"yoast-schema-graph\">{\"@context\":\"https:\\\/\\\/schema.org\",\"@graph\":[{\"@type\":\"WebPage\",\"@id\":\"https:\\\/\\\/tiketi.com\\\/air-taxi-from-toronto-to-mississauga\\\/\",\"url\":\"https:\\\/\\\/tiketi.com\\\/air-taxi-from-toronto-to-mississauga\\\/\",\"name\":\"Air Taxi from Mississauga to Toronto Online Booking - Cheap Flights\",\"isPartOf\":{\"@id\":\"https:\\\/\\\/tiketi.com\\\/#website\"},\"primaryImageOfPage\":{\"@id\":\"https:\\\/\\\/tiketi.com\\\/air-taxi-from-toronto-to-mississauga\\\/#primaryimage\"},\"image\":{\"@id\":\"https:\\\/\\\/tiketi.com\\\/air-taxi-from-toronto-to-mississauga\\\/#primaryimage\"},\"thumbnailUrl\":\"https:\\\/\\\/tiketi.com\\\/wp-content\\\/uploads\\\/2022\\\/01\\\/berlin-4096342_1280.jpg\",\"datePublished\":\"2022-01-19T11:53:13+00:00\",\"dateModified\":\"2022-02-04T15:22:13+00:00\",\"description\":\"Looking for cheap air taxi from Mississauga to Toronto online booking app? Compare and book cheap flights from Toronto to Mississauga\",\"breadcrumb\":{\"@id\":\"https:\\\/\\\/tiketi.com\\\/air-taxi-from-toronto-to-mississauga\\\/#breadcrumb\"},\"inLanguage\":\"fr-FR\",\"potentialAction\":[{\"@type\":\"ReadAction\",\"target\":[\"https:\\\/\\\/tiketi.com\\\/air-taxi-from-toronto-to-mississauga\\\/\"]}]},{\"@type\":\"ImageObject\",\"inLanguage\":\"fr-FR\",\"@id\":\"https:\\\/\\\/tiketi.com\\\/air-taxi-from-toronto-to-mississauga\\\/#primaryimage\",\"url\":\"https:\\\/\\\/tiketi.com\\\/wp-content\\\/uploads\\\/2022\\\/01\\\/berlin-4096342_1280.jpg\",\"contentUrl\":\"https:\\\/\\\/tiketi.com\\\/wp-content\\\/uploads\\\/2022\\\/01\\\/berlin-4096342_1280.jpg\",\"width\":1200,\"height\":240,\"caption\":\"air taxi in Berlin\"},{\"@type\":\"BreadcrumbList\",\"@id\":\"https:\\\/\\\/tiketi.com\\\/air-taxi-from-toronto-to-mississauga\\\/#breadcrumb\",\"itemListElement\":[{\"@type\":\"ListItem\",\"position\":1,\"name\":\"Home\",\"item\":\"https:\\\/\\\/tiketi.com\\\/\"},{\"@type\":\"ListItem\",\"position\":2,\"name\":\"Air Taxi from Mississauga to Toronto Online Booking\"}]},{\"@type\":\"WebSite\",\"@id\":\"https:\\\/\\\/tiketi.com\\\/#website\",\"url\":\"https:\\\/\\\/tiketi.com\\\/\",\"name\":\"Flight & Bus Tickets, Tour Packages & Activitites - Tiketi.com\",\"description\":\"Flight &amp; Bus Tickets, Tours, Activitites\",\"publisher\":{\"@id\":\"https:\\\/\\\/tiketi.com\\\/#organization\"},\"potentialAction\":[{\"@type\":\"SearchAction\",\"target\":{\"@type\":\"EntryPoint\",\"urlTemplate\":\"https:\\\/\\\/tiketi.com\\\/?s={search_term_string}\"},\"query-input\":{\"@type\":\"PropertyValueSpecification\",\"valueRequired\":true,\"valueName\":\"search_term_string\"}}],\"inLanguage\":\"fr-FR\"},{\"@type\":\"Organization\",\"@id\":\"https:\\\/\\\/tiketi.com\\\/#organization\",\"name\":\"Tiketi.com\",\"alternateName\":\"Tiketi\",\"url\":\"https:\\\/\\\/tiketi.com\\\/\",\"logo\":{\"@type\":\"ImageObject\",\"inLanguage\":\"fr-FR\",\"@id\":\"https:\\\/\\\/tiketi.com\\\/#\\\/schema\\\/logo\\\/image\\\/\",\"url\":\"https:\\\/\\\/tiketi.com\\\/wp-content\\\/uploads\\\/2019\\\/05\\\/tiketi-logo-696.png\",\"contentUrl\":\"https:\\\/\\\/tiketi.com\\\/wp-content\\\/uploads\\\/2019\\\/05\\\/tiketi-logo-696.png\",\"width\":696,\"height\":696,\"caption\":\"Tiketi.com\"},\"image\":{\"@id\":\"https:\\\/\\\/tiketi.com\\\/#\\\/schema\\\/logo\\\/image\\\/\"},\"sameAs\":[\"https:\\\/\\\/www.facebook.com\\\/TiketiCom\\\/\"]}]}<\/script>\n<!-- \/ Yoast SEO plugin. -->","yoast_head_json":{"title":"Taxi a\u00e9rien de Mississauga \u00e0 Toronto R\u00e9servation en ligne - Vols pas chers","description":"Vous recherchez une application de r\u00e9servation en ligne de taxi a\u00e9rien pas cher de Mississauga \u00e0 Toronto? Comparez et r\u00e9servez des vols pas chers de Montr\u00e9al \u00e0 Mississauga","robots":{"index":"index","follow":"follow","max-snippet":"max-snippet:-1","max-image-preview":"max-image-preview:large","max-video-preview":"max-video-preview:-1"},"canonical":"https:\/\/tiketi.com\/fr-fr\/air-taxi-from-toronto-to-mississauga\/","og_locale":"fr_FR","og_type":"article","og_title":"Air Taxi from Mississauga to Toronto Online Booking - Cheap Flights","og_description":"Looking for cheap air taxi from Mississauga to Toronto online booking app? Compare and book cheap flights from Toronto to Mississauga","og_url":"https:\/\/tiketi.com\/fr-fr\/air-taxi-from-toronto-to-mississauga\/","og_site_name":"Tiketi.com","article_publisher":"https:\/\/www.facebook.com\/TiketiCom\/","article_modified_time":"2022-02-04T15:22:13+00:00","og_image":[{"width":1200,"height":240,"url":"https:\/\/tiketi.com\/wp-content\/uploads\/2022\/01\/berlin-4096342_1280.jpg","type":"image\/jpeg"}],"twitter_card":"summary_large_image","twitter_misc":{"Dur\u00e9e de lecture estim\u00e9e":"2 minutes"},"schema":{"@context":"https:\/\/schema.org","@graph":[{"@type":"WebPage","@id":"https:\/\/tiketi.com\/air-taxi-from-toronto-to-mississauga\/","url":"https:\/\/tiketi.com\/air-taxi-from-toronto-to-mississauga\/","name":"Taxi a\u00e9rien de Mississauga \u00e0 Toronto R\u00e9servation en ligne - Vols pas chers","isPartOf":{"@id":"https:\/\/tiketi.com\/#website"},"primaryImageOfPage":{"@id":"https:\/\/tiketi.com\/air-taxi-from-toronto-to-mississauga\/#primaryimage"},"image":{"@id":"https:\/\/tiketi.com\/air-taxi-from-toronto-to-mississauga\/#primaryimage"},"thumbnailUrl":"https:\/\/tiketi.com\/wp-content\/uploads\/2022\/01\/berlin-4096342_1280.jpg","datePublished":"2022-01-19T11:53:13+00:00","dateModified":"2022-02-04T15:22:13+00:00","description":"Vous recherchez une application de r\u00e9servation en ligne de taxi a\u00e9rien pas cher de Mississauga \u00e0 Toronto? Comparez et r\u00e9servez des vols pas chers de Montr\u00e9al \u00e0 Mississauga","breadcrumb":{"@id":"https:\/\/tiketi.com\/air-taxi-from-toronto-to-mississauga\/#breadcrumb"},"inLanguage":"fr-FR","potentialAction":[{"@type":"ReadAction","target":["https:\/\/tiketi.com\/air-taxi-from-toronto-to-mississauga\/"]}]},{"@type":"ImageObject","inLanguage":"fr-FR","@id":"https:\/\/tiketi.com\/air-taxi-from-toronto-to-mississauga\/#primaryimage","url":"https:\/\/tiketi.com\/wp-content\/uploads\/2022\/01\/berlin-4096342_1280.jpg","contentUrl":"https:\/\/tiketi.com\/wp-content\/uploads\/2022\/01\/berlin-4096342_1280.jpg","width":1200,"height":240,"caption":"air taxi in Berlin"},{"@type":"BreadcrumbList","@id":"https:\/\/tiketi.com\/air-taxi-from-toronto-to-mississauga\/#breadcrumb","itemListElement":[{"@type":"ListItem","position":1,"name":"Home","item":"https:\/\/tiketi.com\/"},{"@type":"ListItem","position":2,"name":"Air Taxi from Mississauga to Toronto Online Booking"}]},{"@type":"WebSite","@id":"https:\/\/tiketi.com\/#website","url":"https:\/\/tiketi.com\/","name":"Billets d&#039;avion et de bus, forfaits touristiques et activit\u00e9s - Tiketi.com","description":"Billets d&#039;avion et de bus, Tours, Activit\u00e9s","publisher":{"@id":"https:\/\/tiketi.com\/#organization"},"potentialAction":[{"@type":"SearchAction","target":{"@type":"EntryPoint","urlTemplate":"https:\/\/tiketi.com\/?s={search_term_string}"},"query-input":{"@type":"PropertyValueSpecification","valueRequired":true,"valueName":"search_term_string"}}],"inLanguage":"fr-FR"},{"@type":"Organization","@id":"https:\/\/tiketi.com\/#organization","name":"Tiketi.com","alternateName":"Tiketi","url":"https:\/\/tiketi.com\/","logo":{"@type":"ImageObject","inLanguage":"fr-FR","@id":"https:\/\/tiketi.com\/#\/schema\/logo\/image\/","url":"https:\/\/tiketi.com\/wp-content\/uploads\/2019\/05\/tiketi-logo-696.png","contentUrl":"https:\/\/tiketi.com\/wp-content\/uploads\/2019\/05\/tiketi-logo-696.png","width":696,"height":696,"caption":"Tiketi.com"},"image":{"@id":"https:\/\/tiketi.com\/#\/schema\/logo\/image\/"},"sameAs":["https:\/\/www.facebook.com\/TiketiCom\/"]}]}},"_links":{"self":[{"href":"https:\/\/tiketi.com\/fr-fr\/wp-json\/wp\/v2\/pages\/10323","targetHints":{"allow":["GET"]}}],"collection":[{"href":"https:\/\/tiketi.com\/fr-fr\/wp-json\/wp\/v2\/pages"}],"about":[{"href":"https:\/\/tiketi.com\/fr-fr\/wp-json\/wp\/v2\/types\/page"}],"author":[{"embeddable":true,"href":"https:\/\/tiketi.com\/fr-fr\/wp-json\/wp\/v2\/users\/1"}],"replies":[{"embeddable":true,"href":"https:\/\/tiketi.com\/fr-fr\/wp-json\/wp\/v2\/comments?post=10323"}],"version-history":[{"count":0,"href":"https:\/\/tiketi.com\/fr-fr\/wp-json\/wp\/v2\/pages\/10323\/revisions"}],"wp:featuredmedia":[{"embeddable":true,"href":"https:\/\/tiketi.com\/fr-fr\/wp-json\/wp\/v2\/media\/14603"}],"wp:attachment":[{"href":"https:\/\/tiketi.com\/fr-fr\/wp-json\/wp\/v2\/media?parent=10323"}],"curies":[{"name":"wp","href":"https:\/\/api.w.org\/{rel}","templated":true}]}}