{"id":10329,"date":"2022-01-19T12:53:14","date_gmt":"2022-01-19T11:53:14","guid":{"rendered":"https:\/\/new.tiketi.com\/cheap-flights-air-taxi-from-aamby-valley-city-to-mumbai\/"},"modified":"2022-02-02T21:26:05","modified_gmt":"2022-02-02T20:26:05","slug":"air-taxi-from-mumbai-to-aamby-valley-city","status":"publish","type":"page","link":"https:\/\/tiketi.com\/fr-fr\/air-taxi-from-mumbai-to-aamby-valley-city\/","title":{"rendered":"Taxi a\u00e9rien de la ville d&#039;Aamby Valley \u00e0 Mumbai"},"content":{"rendered":"<h2>Vous cherchez un taxi a\u00e9rien pas cher de Bombay \u00e0 Aamby Valley City ?<\/h2>\n<h3>Recherchez, comparez et r\u00e9servez en ligne maintenant un taxi a\u00e9rien pas cher de Aamby Valley City \u00e0 Bombay.<\/h3>\n<p>La r\u00e9servation en ligne d&#039;un taxi a\u00e9rien \u00e9lectrique d&#039;Aamby Valley City \u00e0 Mumbai sera bient\u00f4t possible. L&#039;application Tiketi.com vous permet de rechercher, comparer et r\u00e9server en ligne des vols pas chers de Bombay \u00e0 Aamby Valley City. Mumbai, anciennement connue sous le nom de Bombay, est l&#039;une des villes les plus grandes et les plus c\u00e9l\u00e8bres du Maharashtra. \u00c9galement la plus grande m\u00e9tropole de cet \u00c9tat, Mumbai est \u00e9galement connue comme la capitale du divertissement et de la finance de l&#039;Inde. C&#039;est la plus grande ville de l&#039;Inde et affectueusement appel\u00e9e la ville des r\u00eaves. C&#039;est un endroit rempli de r\u00eaveurs et de gens qui travaillent dur jour et nuit pour r\u00e9aliser leurs r\u00eaves. Des travailleurs, des acteurs en difficult\u00e9, des stars de Bollywood aux gangsters, Mumbai a beaucoup. La ville a \u00e9galement sa propre langue qui est l&#039;hindi bambaiya, connue pour \u00eatre une ville pleine de gens chauds et amicaux. Alors trouvez et comparez les billets d&#039;avion de Bombay \u00e0 Aamby Valley City et r\u00e9servez en ligne d\u00e8s maintenant des offres exceptionnelles sur des taxis a\u00e9riens pas chers de Bombay \u00e0 Aamby Valley City.<\/p>\n<h2>FAQ sur la r\u00e9servation en ligne d&#039;un taxi a\u00e9rien pas cher de Mumbai \u00e0 Aamby Valley City<\/h2>\n<h3>Quelle est la distance entre Bombay et Aamby Valley City ?<\/h3>\n<p>La distance du taxi a\u00e9rien \u00e9lectrique de Mumbai au vol Aamby Valley City est de 109 km ou 67,7 miles.<\/p>\n<h3>Que sont les taxis volants \u00e9lectriques eVLTO de Mumbai \u00e0 Aamby Valley City ?<\/h3>\n<p><!--{cke_protected}{C}%3C!%2D%2D%20%2Fwp%3Aheading%20%2D%2D%3E--><!--{cke_protected}{C}%3C!%2D%2D%20wp%3Aparagraph%20%2D%2D%3E-->Les taxis volants de Mumbai \u00e0 l&#039;avion d&#039;Aamby Valley City, appel\u00e9s eVTOL (d\u00e9collage et atterrissage verticaux \u00e9lectriques), sont con\u00e7us pour transporter des personnes dans l&#039;atmosph\u00e8re urbaine et urbaine.<\/p>\n<h3>Les taxis a\u00e9riens \u00e9lectriques de Mumbai \u00e0 Aamby Valley City sont des transports publics \u00e0 grande vitesse<\/h3>\n<p><!--{cke_protected}{C}%3C!%2D%2D%20%2Fwp%3Aheading%20%2D%2D%3E--><!--{cke_protected}{C}%3C!%2D%2D%20wp%3Aparagraph%20%2D%2D%3E-->Le meilleur avantage des taxis a\u00e9riens de Mumbai \u00e0 Aamby Valley City est sa grande vitesse. C&#039;est le mode de transport le plus rapide et donc le moyen le plus parfait o\u00f9 le temps est un facteur vital.<\/p>\n<h3>Le taxi volant \u00e9lectrique de Mumbai \u00e0 Aamby Valley City a de tr\u00e8s faibles \u00e9missions de carbone<\/h3>\n<p>Taxi drone de Mumbai \u00e0 Aamby Valley City Les producteurs utilisent l&#039;\u00e9lectricit\u00e9 pour alimenter leurs v\u00e9hicules. Ainsi, les taxis drones n&#039;\u00e9mettront pas de gaz \u00e0 effet de serre. Par cons\u00e9quent, ces taxis peuvent contribuer \u00e0 r\u00e9duire l&#039;impact du changement climatique. Alors r\u00e9servez votre taxi avec l&#039;aide d&#039;un taxi drone de Mumbai \u00e0 Aamby Valley City maintenant.<\/p>\n<h2>Vols bon march\u00e9 de Bombay \u00e0 Aamby Valley City<\/h2>\n<p>Les vols pas chers avec drone de Mumbai \u00e0 Aamby Valley City offrent le plus grand nombre de vols sans escale entre Aamby Valley City et Mumbai.<\/p>","protected":false},"excerpt":{"rendered":"<p>Looking for cheap\u00a0air taxi from\u00a0Mumbai to\u00a0Aamby Valley City? Search, compare and book cheap air Taxi from Aamby Valley City to Mumbai\u00a0online now. Electric air taxi from Aamby Valley City to Mumbai online booking will be possible soon. The Tiketi.com app helps you search, compare and book cheap flights from Mumbai to Aamby Valley City online. [&hellip;]<\/p>\n","protected":false},"author":1,"featured_media":16441,"parent":0,"menu_order":0,"comment_status":"open","ping_status":"closed","template":"template-home-modern.php","meta":{"footnotes":""},"class_list":["post-10329","page","type-page","status-publish","has-post-thumbnail","hentry"],"yoast_head":"<!-- This site is optimized with the Yoast SEO plugin v27.3 - https:\/\/yoast.com\/product\/yoast-seo-wordpress\/ -->\n<title>Air Taxi from Aamby Valley City to Mumbai<\/title>\n<meta name=\"description\" content=\"Looking for cheap air taxi from Aamby Valley City to Mumbai online booking app? Search, compare and book cheap flights from Mumbai to Aamby Valley City\" \/>\n<meta name=\"robots\" content=\"index, follow, max-snippet:-1, max-image-preview:large, max-video-preview:-1\" \/>\n<link rel=\"canonical\" href=\"https:\/\/tiketi.com\/fr-fr\/air-taxi-from-mumbai-to-aamby-valley-city\/\" \/>\n<meta property=\"og:locale\" content=\"fr_FR\" \/>\n<meta property=\"og:type\" content=\"article\" \/>\n<meta property=\"og:title\" content=\"Air Taxi from Aamby Valley City to Mumbai\" \/>\n<meta property=\"og:description\" content=\"Looking for cheap air taxi from Aamby Valley City to Mumbai online booking app? Search, compare and book cheap flights from Mumbai to Aamby Valley City\" \/>\n<meta property=\"og:url\" content=\"https:\/\/tiketi.com\/fr-fr\/air-taxi-from-mumbai-to-aamby-valley-city\/\" \/>\n<meta property=\"og:site_name\" content=\"Tiketi.com\" \/>\n<meta property=\"article:publisher\" content=\"https:\/\/www.facebook.com\/TiketiCom\/\" \/>\n<meta property=\"article:modified_time\" content=\"2022-02-02T20:26:05+00:00\" \/>\n<meta property=\"og:image\" content=\"https:\/\/tiketi.com\/wp-content\/uploads\/2022\/02\/mumbai-390928_1280.jpg\" \/>\n\t<meta property=\"og:image:width\" content=\"1200\" \/>\n\t<meta property=\"og:image:height\" content=\"224\" \/>\n\t<meta property=\"og:image:type\" content=\"image\/jpeg\" \/>\n<meta name=\"twitter:card\" content=\"summary_large_image\" \/>\n<meta name=\"twitter:label1\" content=\"Dur\u00e9e de lecture estim\u00e9e\" \/>\n\t<meta name=\"twitter:data1\" content=\"2 minutes\" \/>\n<script type=\"application\/ld+json\" class=\"yoast-schema-graph\">{\"@context\":\"https:\\\/\\\/schema.org\",\"@graph\":[{\"@type\":\"WebPage\",\"@id\":\"https:\\\/\\\/tiketi.com\\\/air-taxi-from-mumbai-to-aamby-valley-city\\\/\",\"url\":\"https:\\\/\\\/tiketi.com\\\/air-taxi-from-mumbai-to-aamby-valley-city\\\/\",\"name\":\"Air Taxi from Aamby Valley City to Mumbai\",\"isPartOf\":{\"@id\":\"https:\\\/\\\/tiketi.com\\\/#website\"},\"primaryImageOfPage\":{\"@id\":\"https:\\\/\\\/tiketi.com\\\/air-taxi-from-mumbai-to-aamby-valley-city\\\/#primaryimage\"},\"image\":{\"@id\":\"https:\\\/\\\/tiketi.com\\\/air-taxi-from-mumbai-to-aamby-valley-city\\\/#primaryimage\"},\"thumbnailUrl\":\"https:\\\/\\\/tiketi.com\\\/wp-content\\\/uploads\\\/2022\\\/02\\\/mumbai-390928_1280.jpg\",\"datePublished\":\"2022-01-19T11:53:14+00:00\",\"dateModified\":\"2022-02-02T20:26:05+00:00\",\"description\":\"Looking for cheap air taxi from Aamby Valley City to Mumbai online booking app? Search, compare and book cheap flights from Mumbai to Aamby Valley City\",\"breadcrumb\":{\"@id\":\"https:\\\/\\\/tiketi.com\\\/air-taxi-from-mumbai-to-aamby-valley-city\\\/#breadcrumb\"},\"inLanguage\":\"fr-FR\",\"potentialAction\":[{\"@type\":\"ReadAction\",\"target\":[\"https:\\\/\\\/tiketi.com\\\/air-taxi-from-mumbai-to-aamby-valley-city\\\/\"]}]},{\"@type\":\"ImageObject\",\"inLanguage\":\"fr-FR\",\"@id\":\"https:\\\/\\\/tiketi.com\\\/air-taxi-from-mumbai-to-aamby-valley-city\\\/#primaryimage\",\"url\":\"https:\\\/\\\/tiketi.com\\\/wp-content\\\/uploads\\\/2022\\\/02\\\/mumbai-390928_1280.jpg\",\"contentUrl\":\"https:\\\/\\\/tiketi.com\\\/wp-content\\\/uploads\\\/2022\\\/02\\\/mumbai-390928_1280.jpg\",\"width\":1200,\"height\":224,\"caption\":\"Air Taxi in Mumbai\"},{\"@type\":\"BreadcrumbList\",\"@id\":\"https:\\\/\\\/tiketi.com\\\/air-taxi-from-mumbai-to-aamby-valley-city\\\/#breadcrumb\",\"itemListElement\":[{\"@type\":\"ListItem\",\"position\":1,\"name\":\"Home\",\"item\":\"https:\\\/\\\/tiketi.com\\\/\"},{\"@type\":\"ListItem\",\"position\":2,\"name\":\"Air Taxi from Aamby Valley City to Mumbai\"}]},{\"@type\":\"WebSite\",\"@id\":\"https:\\\/\\\/tiketi.com\\\/#website\",\"url\":\"https:\\\/\\\/tiketi.com\\\/\",\"name\":\"Flight & Bus Tickets, Tour Packages & Activitites - Tiketi.com\",\"description\":\"Flight &amp; Bus Tickets, Tours, Activitites\",\"publisher\":{\"@id\":\"https:\\\/\\\/tiketi.com\\\/#organization\"},\"potentialAction\":[{\"@type\":\"SearchAction\",\"target\":{\"@type\":\"EntryPoint\",\"urlTemplate\":\"https:\\\/\\\/tiketi.com\\\/?s={search_term_string}\"},\"query-input\":{\"@type\":\"PropertyValueSpecification\",\"valueRequired\":true,\"valueName\":\"search_term_string\"}}],\"inLanguage\":\"fr-FR\"},{\"@type\":\"Organization\",\"@id\":\"https:\\\/\\\/tiketi.com\\\/#organization\",\"name\":\"Tiketi.com\",\"alternateName\":\"Tiketi\",\"url\":\"https:\\\/\\\/tiketi.com\\\/\",\"logo\":{\"@type\":\"ImageObject\",\"inLanguage\":\"fr-FR\",\"@id\":\"https:\\\/\\\/tiketi.com\\\/#\\\/schema\\\/logo\\\/image\\\/\",\"url\":\"https:\\\/\\\/tiketi.com\\\/wp-content\\\/uploads\\\/2019\\\/05\\\/tiketi-logo-696.png\",\"contentUrl\":\"https:\\\/\\\/tiketi.com\\\/wp-content\\\/uploads\\\/2019\\\/05\\\/tiketi-logo-696.png\",\"width\":696,\"height\":696,\"caption\":\"Tiketi.com\"},\"image\":{\"@id\":\"https:\\\/\\\/tiketi.com\\\/#\\\/schema\\\/logo\\\/image\\\/\"},\"sameAs\":[\"https:\\\/\\\/www.facebook.com\\\/TiketiCom\\\/\"]}]}<\/script>\n<!-- \/ Yoast SEO plugin. -->","yoast_head_json":{"title":"Taxi a\u00e9rien de la ville d&#039;Aamby Valley \u00e0 Mumbai","description":"Vous recherchez une application de r\u00e9servation en ligne de taxi a\u00e9rien bon march\u00e9 d&#039;Aamby Valley City \u00e0 Mumbai? Recherchez, comparez et r\u00e9servez des vols pas chers de Bombay \u00e0 Aamby Valley City","robots":{"index":"index","follow":"follow","max-snippet":"max-snippet:-1","max-image-preview":"max-image-preview:large","max-video-preview":"max-video-preview:-1"},"canonical":"https:\/\/tiketi.com\/fr-fr\/air-taxi-from-mumbai-to-aamby-valley-city\/","og_locale":"fr_FR","og_type":"article","og_title":"Air Taxi from Aamby Valley City to Mumbai","og_description":"Looking for cheap air taxi from Aamby Valley City to Mumbai online booking app? Search, compare and book cheap flights from Mumbai to Aamby Valley City","og_url":"https:\/\/tiketi.com\/fr-fr\/air-taxi-from-mumbai-to-aamby-valley-city\/","og_site_name":"Tiketi.com","article_publisher":"https:\/\/www.facebook.com\/TiketiCom\/","article_modified_time":"2022-02-02T20:26:05+00:00","og_image":[{"width":1200,"height":224,"url":"https:\/\/tiketi.com\/wp-content\/uploads\/2022\/02\/mumbai-390928_1280.jpg","type":"image\/jpeg"}],"twitter_card":"summary_large_image","twitter_misc":{"Dur\u00e9e de lecture estim\u00e9e":"2 minutes"},"schema":{"@context":"https:\/\/schema.org","@graph":[{"@type":"WebPage","@id":"https:\/\/tiketi.com\/air-taxi-from-mumbai-to-aamby-valley-city\/","url":"https:\/\/tiketi.com\/air-taxi-from-mumbai-to-aamby-valley-city\/","name":"Taxi a\u00e9rien de la ville d&#039;Aamby Valley \u00e0 Mumbai","isPartOf":{"@id":"https:\/\/tiketi.com\/#website"},"primaryImageOfPage":{"@id":"https:\/\/tiketi.com\/air-taxi-from-mumbai-to-aamby-valley-city\/#primaryimage"},"image":{"@id":"https:\/\/tiketi.com\/air-taxi-from-mumbai-to-aamby-valley-city\/#primaryimage"},"thumbnailUrl":"https:\/\/tiketi.com\/wp-content\/uploads\/2022\/02\/mumbai-390928_1280.jpg","datePublished":"2022-01-19T11:53:14+00:00","dateModified":"2022-02-02T20:26:05+00:00","description":"Vous recherchez une application de r\u00e9servation en ligne de taxi a\u00e9rien bon march\u00e9 d&#039;Aamby Valley City \u00e0 Mumbai? Recherchez, comparez et r\u00e9servez des vols pas chers de Bombay \u00e0 Aamby Valley City","breadcrumb":{"@id":"https:\/\/tiketi.com\/air-taxi-from-mumbai-to-aamby-valley-city\/#breadcrumb"},"inLanguage":"fr-FR","potentialAction":[{"@type":"ReadAction","target":["https:\/\/tiketi.com\/air-taxi-from-mumbai-to-aamby-valley-city\/"]}]},{"@type":"ImageObject","inLanguage":"fr-FR","@id":"https:\/\/tiketi.com\/air-taxi-from-mumbai-to-aamby-valley-city\/#primaryimage","url":"https:\/\/tiketi.com\/wp-content\/uploads\/2022\/02\/mumbai-390928_1280.jpg","contentUrl":"https:\/\/tiketi.com\/wp-content\/uploads\/2022\/02\/mumbai-390928_1280.jpg","width":1200,"height":224,"caption":"Air Taxi in Mumbai"},{"@type":"BreadcrumbList","@id":"https:\/\/tiketi.com\/air-taxi-from-mumbai-to-aamby-valley-city\/#breadcrumb","itemListElement":[{"@type":"ListItem","position":1,"name":"Home","item":"https:\/\/tiketi.com\/"},{"@type":"ListItem","position":2,"name":"Air Taxi from Aamby Valley City to Mumbai"}]},{"@type":"WebSite","@id":"https:\/\/tiketi.com\/#website","url":"https:\/\/tiketi.com\/","name":"Billets d&#039;avion et de bus, forfaits touristiques et activit\u00e9s - Tiketi.com","description":"Billets d&#039;avion et de bus, Tours, Activit\u00e9s","publisher":{"@id":"https:\/\/tiketi.com\/#organization"},"potentialAction":[{"@type":"SearchAction","target":{"@type":"EntryPoint","urlTemplate":"https:\/\/tiketi.com\/?s={search_term_string}"},"query-input":{"@type":"PropertyValueSpecification","valueRequired":true,"valueName":"search_term_string"}}],"inLanguage":"fr-FR"},{"@type":"Organization","@id":"https:\/\/tiketi.com\/#organization","name":"Tiketi.com","alternateName":"Tiketi","url":"https:\/\/tiketi.com\/","logo":{"@type":"ImageObject","inLanguage":"fr-FR","@id":"https:\/\/tiketi.com\/#\/schema\/logo\/image\/","url":"https:\/\/tiketi.com\/wp-content\/uploads\/2019\/05\/tiketi-logo-696.png","contentUrl":"https:\/\/tiketi.com\/wp-content\/uploads\/2019\/05\/tiketi-logo-696.png","width":696,"height":696,"caption":"Tiketi.com"},"image":{"@id":"https:\/\/tiketi.com\/#\/schema\/logo\/image\/"},"sameAs":["https:\/\/www.facebook.com\/TiketiCom\/"]}]}},"_links":{"self":[{"href":"https:\/\/tiketi.com\/fr-fr\/wp-json\/wp\/v2\/pages\/10329","targetHints":{"allow":["GET"]}}],"collection":[{"href":"https:\/\/tiketi.com\/fr-fr\/wp-json\/wp\/v2\/pages"}],"about":[{"href":"https:\/\/tiketi.com\/fr-fr\/wp-json\/wp\/v2\/types\/page"}],"author":[{"embeddable":true,"href":"https:\/\/tiketi.com\/fr-fr\/wp-json\/wp\/v2\/users\/1"}],"replies":[{"embeddable":true,"href":"https:\/\/tiketi.com\/fr-fr\/wp-json\/wp\/v2\/comments?post=10329"}],"version-history":[{"count":0,"href":"https:\/\/tiketi.com\/fr-fr\/wp-json\/wp\/v2\/pages\/10329\/revisions"}],"wp:featuredmedia":[{"embeddable":true,"href":"https:\/\/tiketi.com\/fr-fr\/wp-json\/wp\/v2\/media\/16441"}],"wp:attachment":[{"href":"https:\/\/tiketi.com\/fr-fr\/wp-json\/wp\/v2\/media?parent=10329"}],"curies":[{"name":"wp","href":"https:\/\/api.w.org\/{rel}","templated":true}]}}