{"id":10331,"date":"2022-01-19T12:53:14","date_gmt":"2022-01-19T11:53:14","guid":{"rendered":"https:\/\/new.tiketi.com\/cheap-flights-air-taxi-from-ipoh-to-kuala-lumpur\/"},"modified":"2022-02-04T11:14:16","modified_gmt":"2022-02-04T10:14:16","slug":"air-taxi-from-kuala-lumpur-to-ipoh","status":"publish","type":"page","link":"https:\/\/tiketi.com\/fr-fr\/air-taxi-from-kuala-lumpur-to-ipoh\/","title":{"rendered":"Taxi a\u00e9rien d&#039;Ipoh \u00e0 Kuala Lumpur R\u00e9servation en ligne"},"content":{"rendered":"<h2>Vous recherchez des vols \u00e0 bas prix de Kuala Lumpur \u00e0 Ipoh ?<\/h2>\n<h3>Recherchez, comparez et r\u00e9servez en ligne maintenant des billets d&#039;avion \u00e0 bas prix de Kuala Lumpur \u00e0Ipoh.<\/h3>\n<p>La r\u00e9servation en ligne d&#039;un taxi a\u00e9rien \u00e9lectrique d&#039;Ipoh \u00e0 Kuala Lumpur sera bient\u00f4t possible. L&#039;application Tiketi.com vous permet de rechercher, comparer et r\u00e9server en ligne des vols pas chers de Kuala Lumpur \u00e0 Ipoh. La capitale Kuala Lumpur est une grande r\u00e9gion qui comprend des habitants chinois, tamouls et malais. La ville la plus peupl\u00e9e du pays, Kuala Lumpur s&#039;\u00e9tend sur deux cents kilom\u00e8tres carr\u00e9s et fusionne d\u00e9sormais avec les banlieues voisines pour en faire une plaque tournante du commerce et de l&#039;activit\u00e9. Le tourisme est une cible centrale \u00e0 Kuala Lumpur et, \u00e0 ce titre, les visiteurs peuvent choisir parmi un large \u00e9ventail d&#039;attractions, allant des plus traditionnelles aux plus nouvelles, selon vos go\u00fbts. Il y a des mosqu\u00e9es et des temples pour refl\u00e9ter la diversit\u00e9 de la ville, d&#039;incroyables gratte-ciel et tours futuristes, un march\u00e9 int\u00e9rieur et de la nourriture de rue. Alors trouvez et comparez les billets d&#039;avion de Kuala Lumpur \u00e0 Ipoh et r\u00e9servez en ligne d\u00e8s maintenant des offres exceptionnelles sur des taxis a\u00e9riens pas chers de Kuala Lumpur \u00e0 Ipoh.<\/p>\n<h2>FAQ sur la r\u00e9servation en ligne d&#039;un taxi a\u00e9rien pas cher d&#039;Ipoh \u00e0 Kuala Lumpur<\/h2>\n<h3>Quelle est la distance entre Kuala Lumpur et Ipoh ?<\/h3>\n<p>La distance du taxi drone entre Ipoh et le vol Kuala Lumpur est de 107 kilom\u00e8tres (172 miles).<\/p>\n<h3>Que sont les taxis volants \u00e9lectriques eVLTO d&#039;Ipoh \u00e0 Kuala Lumpur ?<\/h3>\n<p><!--{cke_protected}{C}%3C!%2D%2D%20%2Fwp%3Aheading%20%2D%2D%3E--><!--{cke_protected}{C}%3C!%2D%2D%20wp%3Aparagraph%20%2D%2D%3E-->Les taxis volants \u00e9lectriques d&#039;Ipoh \u00e0 Kuala Lumpur, appel\u00e9s eVTOL (d\u00e9collage et atterrissage verticaux \u00e9lectriques), sont con\u00e7us pour transporter des personnes dans l&#039;atmosph\u00e8re urbaine et urbaine.<\/p>\n<h3>Les taxis a\u00e9riens \u00e9lectriques d&#039;Ipoh \u00e0 Kuala Lumpur sont des transports publics \u00e0 grande vitesse<\/h3>\n<p><!--{cke_protected}{C}%3C!%2D%2D%20%2Fwp%3Aheading%20%2D%2D%3E--><!--{cke_protected}{C}%3C!%2D%2D%20wp%3Aparagraph%20%2D%2D%3E-->Le meilleur avantage des drones taxis a\u00e9riens d&#039;Ipoh \u00e0 Kuala Lumpur est sa grande vitesse. C&#039;est le mode de transport le plus rapide et donc le moyen le plus parfait o\u00f9 le temps est un facteur vital.<\/p>\n<h3>Le taxi volant par drone d&#039;Ipoh \u00e0 Kuala Lumpur a de tr\u00e8s faibles \u00e9missions de carbone<\/h3>\n<p>Drone taxi d&#039;Ipoh \u00e0 Kuala Lumpur Les producteurs utilisent l&#039;\u00e9lectricit\u00e9 pour alimenter leurs v\u00e9hicules. Ainsi, les taxis drones n&#039;\u00e9mettront pas de gaz \u00e0 effet de serre. Par cons\u00e9quent, ces taxis peuvent contribuer \u00e0 r\u00e9duire l&#039;impact du changement climatique. Alors r\u00e9servez votre taxi avec l&#039;aide d&#039;un taxi drone d&#039;Ipoh \u00e0 Kuala Lumpur maintenant.<\/p>\n<h2>Vols bon march\u00e9 de Kuala Lumpur \u00e0 Ipoh<\/h2>\n<p>Les vols pas chers avec drone de Kuala Lumpur \u00e0 Ipoh offrent le plus grand nombre de vols sans escale entre Kuala Lumpur et Ipoh.<\/p>","protected":false},"excerpt":{"rendered":"<p>Looking for cheap flights from Kuala Lumpur to Ipoh? Search, compare and book cheap flight tickets from Kuala Lumpur to Ipoh online now. Electric air taxi from Ipoh to Kuala Lumpur online booking will be possible soon. The Tiketi.com app helps you search, compare and book cheap flights from Kuala Lumpur to Ipoh\u00a0online.\u00a0The capital city [&hellip;]<\/p>\n","protected":false},"author":1,"featured_media":16955,"parent":0,"menu_order":0,"comment_status":"open","ping_status":"closed","template":"template-home-modern.php","meta":{"footnotes":""},"class_list":["post-10331","page","type-page","status-publish","has-post-thumbnail","hentry"],"yoast_head":"<!-- This site is optimized with the Yoast SEO plugin v27.4 - https:\/\/yoast.com\/product\/yoast-seo-wordpress\/ -->\n<title>Air Taxi from Ipoh to Kuala Lumpur Online Booking - Cheap Flights<\/title>\n<meta name=\"description\" content=\"Looking for cheap air taxi from Ipoh to Kuala Lumpur online booking app? Compare and book cheap flights from Kuala Lumpur to Ipoh\" \/>\n<meta name=\"robots\" content=\"index, follow, max-snippet:-1, max-image-preview:large, max-video-preview:-1\" \/>\n<link rel=\"canonical\" href=\"https:\/\/tiketi.com\/fr-fr\/air-taxi-from-kuala-lumpur-to-ipoh\/\" \/>\n<meta property=\"og:locale\" content=\"fr_FR\" \/>\n<meta property=\"og:type\" content=\"article\" \/>\n<meta property=\"og:title\" content=\"Air Taxi from Ipoh to Kuala Lumpur Online Booking - Cheap Flights\" \/>\n<meta property=\"og:description\" content=\"Looking for cheap air taxi from Ipoh to Kuala Lumpur online booking app? Compare and book cheap flights from Kuala Lumpur to Ipoh\" \/>\n<meta property=\"og:url\" content=\"https:\/\/tiketi.com\/fr-fr\/air-taxi-from-kuala-lumpur-to-ipoh\/\" \/>\n<meta property=\"og:site_name\" content=\"Tiketi.com\" \/>\n<meta property=\"article:publisher\" content=\"https:\/\/www.facebook.com\/TiketiCom\/\" \/>\n<meta property=\"article:modified_time\" content=\"2022-02-04T10:14:16+00:00\" \/>\n<meta property=\"og:image\" content=\"https:\/\/tiketi.com\/wp-content\/uploads\/2022\/02\/kuala-lumpur-1896797_1280.jpg\" \/>\n\t<meta property=\"og:image:width\" content=\"1200\" \/>\n\t<meta property=\"og:image:height\" content=\"200\" \/>\n\t<meta property=\"og:image:type\" content=\"image\/jpeg\" \/>\n<meta name=\"twitter:card\" content=\"summary_large_image\" \/>\n<meta name=\"twitter:label1\" content=\"Dur\u00e9e de lecture estim\u00e9e\" \/>\n\t<meta name=\"twitter:data1\" content=\"2 minutes\" \/>\n<script type=\"application\/ld+json\" class=\"yoast-schema-graph\">{\"@context\":\"https:\\\/\\\/schema.org\",\"@graph\":[{\"@type\":\"WebPage\",\"@id\":\"https:\\\/\\\/tiketi.com\\\/air-taxi-from-kuala-lumpur-to-ipoh\\\/\",\"url\":\"https:\\\/\\\/tiketi.com\\\/air-taxi-from-kuala-lumpur-to-ipoh\\\/\",\"name\":\"Air Taxi from Ipoh to Kuala Lumpur Online Booking - Cheap Flights\",\"isPartOf\":{\"@id\":\"https:\\\/\\\/tiketi.com\\\/#website\"},\"primaryImageOfPage\":{\"@id\":\"https:\\\/\\\/tiketi.com\\\/air-taxi-from-kuala-lumpur-to-ipoh\\\/#primaryimage\"},\"image\":{\"@id\":\"https:\\\/\\\/tiketi.com\\\/air-taxi-from-kuala-lumpur-to-ipoh\\\/#primaryimage\"},\"thumbnailUrl\":\"https:\\\/\\\/tiketi.com\\\/wp-content\\\/uploads\\\/2022\\\/02\\\/kuala-lumpur-1896797_1280.jpg\",\"datePublished\":\"2022-01-19T11:53:14+00:00\",\"dateModified\":\"2022-02-04T10:14:16+00:00\",\"description\":\"Looking for cheap air taxi from Ipoh to Kuala Lumpur online booking app? Compare and book cheap flights from Kuala Lumpur to Ipoh\",\"breadcrumb\":{\"@id\":\"https:\\\/\\\/tiketi.com\\\/air-taxi-from-kuala-lumpur-to-ipoh\\\/#breadcrumb\"},\"inLanguage\":\"fr-FR\",\"potentialAction\":[{\"@type\":\"ReadAction\",\"target\":[\"https:\\\/\\\/tiketi.com\\\/air-taxi-from-kuala-lumpur-to-ipoh\\\/\"]}]},{\"@type\":\"ImageObject\",\"inLanguage\":\"fr-FR\",\"@id\":\"https:\\\/\\\/tiketi.com\\\/air-taxi-from-kuala-lumpur-to-ipoh\\\/#primaryimage\",\"url\":\"https:\\\/\\\/tiketi.com\\\/wp-content\\\/uploads\\\/2022\\\/02\\\/kuala-lumpur-1896797_1280.jpg\",\"contentUrl\":\"https:\\\/\\\/tiketi.com\\\/wp-content\\\/uploads\\\/2022\\\/02\\\/kuala-lumpur-1896797_1280.jpg\",\"width\":1200,\"height\":200,\"caption\":\"Air Taxi in Kuala Lumpur\"},{\"@type\":\"BreadcrumbList\",\"@id\":\"https:\\\/\\\/tiketi.com\\\/air-taxi-from-kuala-lumpur-to-ipoh\\\/#breadcrumb\",\"itemListElement\":[{\"@type\":\"ListItem\",\"position\":1,\"name\":\"Home\",\"item\":\"https:\\\/\\\/tiketi.com\\\/\"},{\"@type\":\"ListItem\",\"position\":2,\"name\":\"Air Taxi from Ipoh to Kuala Lumpur Online Booking\"}]},{\"@type\":\"WebSite\",\"@id\":\"https:\\\/\\\/tiketi.com\\\/#website\",\"url\":\"https:\\\/\\\/tiketi.com\\\/\",\"name\":\"Flight & Bus Tickets, Tour Packages & Activitites - Tiketi.com\",\"description\":\"Flight &amp; Bus Tickets, Tours, Activitites\",\"publisher\":{\"@id\":\"https:\\\/\\\/tiketi.com\\\/#organization\"},\"potentialAction\":[{\"@type\":\"SearchAction\",\"target\":{\"@type\":\"EntryPoint\",\"urlTemplate\":\"https:\\\/\\\/tiketi.com\\\/?s={search_term_string}\"},\"query-input\":{\"@type\":\"PropertyValueSpecification\",\"valueRequired\":true,\"valueName\":\"search_term_string\"}}],\"inLanguage\":\"fr-FR\"},{\"@type\":\"Organization\",\"@id\":\"https:\\\/\\\/tiketi.com\\\/#organization\",\"name\":\"Tiketi.com\",\"alternateName\":\"Tiketi\",\"url\":\"https:\\\/\\\/tiketi.com\\\/\",\"logo\":{\"@type\":\"ImageObject\",\"inLanguage\":\"fr-FR\",\"@id\":\"https:\\\/\\\/tiketi.com\\\/#\\\/schema\\\/logo\\\/image\\\/\",\"url\":\"https:\\\/\\\/tiketi.com\\\/wp-content\\\/uploads\\\/2019\\\/05\\\/tiketi-logo-696.png\",\"contentUrl\":\"https:\\\/\\\/tiketi.com\\\/wp-content\\\/uploads\\\/2019\\\/05\\\/tiketi-logo-696.png\",\"width\":696,\"height\":696,\"caption\":\"Tiketi.com\"},\"image\":{\"@id\":\"https:\\\/\\\/tiketi.com\\\/#\\\/schema\\\/logo\\\/image\\\/\"},\"sameAs\":[\"https:\\\/\\\/www.facebook.com\\\/TiketiCom\\\/\"]}]}<\/script>\n<!-- \/ Yoast SEO plugin. -->","yoast_head_json":{"title":"Taxi a\u00e9rien de Ipoh \u00e0 Kuala Lumpur R\u00e9servation en ligne - Vols pas chers","description":"Vous recherchez une application de r\u00e9servation en ligne de taxi a\u00e9rien pas cher d&#039;Ipoh \u00e0 Kuala Lumpur? Comparez et r\u00e9servez des vols pas chers de Kuala Lumpur \u00e0 Ipoh","robots":{"index":"index","follow":"follow","max-snippet":"max-snippet:-1","max-image-preview":"max-image-preview:large","max-video-preview":"max-video-preview:-1"},"canonical":"https:\/\/tiketi.com\/fr-fr\/air-taxi-from-kuala-lumpur-to-ipoh\/","og_locale":"fr_FR","og_type":"article","og_title":"Air Taxi from Ipoh to Kuala Lumpur Online Booking - Cheap Flights","og_description":"Looking for cheap air taxi from Ipoh to Kuala Lumpur online booking app? Compare and book cheap flights from Kuala Lumpur to Ipoh","og_url":"https:\/\/tiketi.com\/fr-fr\/air-taxi-from-kuala-lumpur-to-ipoh\/","og_site_name":"Tiketi.com","article_publisher":"https:\/\/www.facebook.com\/TiketiCom\/","article_modified_time":"2022-02-04T10:14:16+00:00","og_image":[{"width":1200,"height":200,"url":"https:\/\/tiketi.com\/wp-content\/uploads\/2022\/02\/kuala-lumpur-1896797_1280.jpg","type":"image\/jpeg"}],"twitter_card":"summary_large_image","twitter_misc":{"Dur\u00e9e de lecture estim\u00e9e":"2 minutes"},"schema":{"@context":"https:\/\/schema.org","@graph":[{"@type":"WebPage","@id":"https:\/\/tiketi.com\/air-taxi-from-kuala-lumpur-to-ipoh\/","url":"https:\/\/tiketi.com\/air-taxi-from-kuala-lumpur-to-ipoh\/","name":"Taxi a\u00e9rien de Ipoh \u00e0 Kuala Lumpur R\u00e9servation en ligne - Vols pas chers","isPartOf":{"@id":"https:\/\/tiketi.com\/#website"},"primaryImageOfPage":{"@id":"https:\/\/tiketi.com\/air-taxi-from-kuala-lumpur-to-ipoh\/#primaryimage"},"image":{"@id":"https:\/\/tiketi.com\/air-taxi-from-kuala-lumpur-to-ipoh\/#primaryimage"},"thumbnailUrl":"https:\/\/tiketi.com\/wp-content\/uploads\/2022\/02\/kuala-lumpur-1896797_1280.jpg","datePublished":"2022-01-19T11:53:14+00:00","dateModified":"2022-02-04T10:14:16+00:00","description":"Vous recherchez une application de r\u00e9servation en ligne de taxi a\u00e9rien pas cher d&#039;Ipoh \u00e0 Kuala Lumpur? Comparez et r\u00e9servez des vols pas chers de Kuala Lumpur \u00e0 Ipoh","breadcrumb":{"@id":"https:\/\/tiketi.com\/air-taxi-from-kuala-lumpur-to-ipoh\/#breadcrumb"},"inLanguage":"fr-FR","potentialAction":[{"@type":"ReadAction","target":["https:\/\/tiketi.com\/air-taxi-from-kuala-lumpur-to-ipoh\/"]}]},{"@type":"ImageObject","inLanguage":"fr-FR","@id":"https:\/\/tiketi.com\/air-taxi-from-kuala-lumpur-to-ipoh\/#primaryimage","url":"https:\/\/tiketi.com\/wp-content\/uploads\/2022\/02\/kuala-lumpur-1896797_1280.jpg","contentUrl":"https:\/\/tiketi.com\/wp-content\/uploads\/2022\/02\/kuala-lumpur-1896797_1280.jpg","width":1200,"height":200,"caption":"Air Taxi in Kuala Lumpur"},{"@type":"BreadcrumbList","@id":"https:\/\/tiketi.com\/air-taxi-from-kuala-lumpur-to-ipoh\/#breadcrumb","itemListElement":[{"@type":"ListItem","position":1,"name":"Home","item":"https:\/\/tiketi.com\/"},{"@type":"ListItem","position":2,"name":"Air Taxi from Ipoh to Kuala Lumpur Online Booking"}]},{"@type":"WebSite","@id":"https:\/\/tiketi.com\/#website","url":"https:\/\/tiketi.com\/","name":"Billets d&#039;avion et de bus, forfaits touristiques et activit\u00e9s - Tiketi.com","description":"Billets d&#039;avion et de bus, Tours, Activit\u00e9s","publisher":{"@id":"https:\/\/tiketi.com\/#organization"},"potentialAction":[{"@type":"SearchAction","target":{"@type":"EntryPoint","urlTemplate":"https:\/\/tiketi.com\/?s={search_term_string}"},"query-input":{"@type":"PropertyValueSpecification","valueRequired":true,"valueName":"search_term_string"}}],"inLanguage":"fr-FR"},{"@type":"Organization","@id":"https:\/\/tiketi.com\/#organization","name":"Tiketi.com","alternateName":"Tiketi","url":"https:\/\/tiketi.com\/","logo":{"@type":"ImageObject","inLanguage":"fr-FR","@id":"https:\/\/tiketi.com\/#\/schema\/logo\/image\/","url":"https:\/\/tiketi.com\/wp-content\/uploads\/2019\/05\/tiketi-logo-696.png","contentUrl":"https:\/\/tiketi.com\/wp-content\/uploads\/2019\/05\/tiketi-logo-696.png","width":696,"height":696,"caption":"Tiketi.com"},"image":{"@id":"https:\/\/tiketi.com\/#\/schema\/logo\/image\/"},"sameAs":["https:\/\/www.facebook.com\/TiketiCom\/"]}]}},"_links":{"self":[{"href":"https:\/\/tiketi.com\/fr-fr\/wp-json\/wp\/v2\/pages\/10331","targetHints":{"allow":["GET"]}}],"collection":[{"href":"https:\/\/tiketi.com\/fr-fr\/wp-json\/wp\/v2\/pages"}],"about":[{"href":"https:\/\/tiketi.com\/fr-fr\/wp-json\/wp\/v2\/types\/page"}],"author":[{"embeddable":true,"href":"https:\/\/tiketi.com\/fr-fr\/wp-json\/wp\/v2\/users\/1"}],"replies":[{"embeddable":true,"href":"https:\/\/tiketi.com\/fr-fr\/wp-json\/wp\/v2\/comments?post=10331"}],"version-history":[{"count":0,"href":"https:\/\/tiketi.com\/fr-fr\/wp-json\/wp\/v2\/pages\/10331\/revisions"}],"wp:featuredmedia":[{"embeddable":true,"href":"https:\/\/tiketi.com\/fr-fr\/wp-json\/wp\/v2\/media\/16955"}],"wp:attachment":[{"href":"https:\/\/tiketi.com\/fr-fr\/wp-json\/wp\/v2\/media?parent=10331"}],"curies":[{"name":"wp","href":"https:\/\/api.w.org\/{rel}","templated":true}]}}