{"id":10355,"date":"2022-01-19T12:53:16","date_gmt":"2022-01-19T11:53:16","guid":{"rendered":"https:\/\/new.tiketi.com\/cheap-flights-air-taxi-from-shizuoka-to-tokyo\/"},"modified":"2022-02-05T09:30:56","modified_gmt":"2022-02-05T08:30:56","slug":"air-taxi-from-tokyo-to-shizuoka","status":"publish","type":"page","link":"https:\/\/tiketi.com\/fr-fr\/air-taxi-from-tokyo-to-shizuoka\/","title":{"rendered":"R\u00e9servation en ligne de taxi a\u00e9rien de Shizuoka \u00e0 Tokyo"},"content":{"rendered":"<h2>Vous recherchez des vols pas chers de Tokyo \u00e0 Shizuoka ?<\/h2>\n<h3>Recherchez, comparez et r\u00e9servez des billets d&#039;avion pas chers de Tokyo \u00e0 Shizuoka en ligne d\u00e8s maintenant.<\/h3>\n<p>R\u00e9servation en ligne de taxis \u00e9lectriques de Shizuoka \u00e0 Tokyo. L&#039;application Tiketi.com vous permet de rechercher, comparer et r\u00e9server en ligne des vols pas chers de Tokyo \u00e0 Shizuoka. Tokyo, la capitale japonaise, est une ville immense, dynamique et fascinante. Dans la ville la plus peupl\u00e9e du monde, vous pourrez visiter des temples, savourer d&#039;innombrables sp\u00e9cialit\u00e9s culinaires japonaises et faire du shopping dans des remparts parmi les plus grands et les plus insolites du monde. Avec tant de choses \u00e0 faire, \u00e0 voir et \u00e0 explorer \u00e0 Tokyo, planifier son itin\u00e9raire peut s&#039;av\u00e9rer complexe. Simplifiez-vous la vie en vous concentrant sur les meilleures attractions de Tokyo. Trouvez et comparez vos billets d&#039;avion de Tokyo \u00e0 Shizuoka et r\u00e9servez d\u00e8s maintenant des offres exceptionnelles sur des taxis a\u00e9riens pas chers.<\/p>\n<h2>FAQ sur la r\u00e9servation en ligne de taxis a\u00e9riens pas chers de Shizuoka \u00e0 Tokyo<\/h2>\n<h3>Quelle est la distance entre Tokyo et Shizuoka ?<\/h3>\n<p>La distance du vol en taxi drone de Shizuoka \u00e0 Tokyo est de 89 miles \/ 143,23 km.<\/p>\n<h3>Que sont les taxis volants \u00e9lectriques eVLTO de Shizuoka \u00e0 Tokyo ?<\/h3>\n<p><!--{cke_protected}{C}%3C!%2D%2D%20%2Fwp%3Aheading%20%2D%2D%3E--><!--{cke_protected}{C}%3C!%2D%2D%20wp%3Aparagraph%20%2D%2D%3E-->Les taxis volants \u00e9lectriques reliant Shizuoka \u00e0 Tokyo, appel\u00e9s eVTOL (d\u00e9collage et atterrissage verticaux \u00e9lectriques), sont con\u00e7us pour transporter des personnes dans l&#039;atmosph\u00e8re urbaine et urbaine.<\/p>\n<h3>Les taxis a\u00e9riens \u00e9lectriques de Shizuoka \u00e0 Tokyo sont des transports publics \u00e0 grande vitesse<\/h3>\n<p><!--{cke_protected}{C}%3C!%2D%2D%20%2Fwp%3Aheading%20%2D%2D%3E--><!--{cke_protected}{C}%3C!%2D%2D%20wp%3Aparagraph%20%2D%2D%3E-->Le principal avantage des taxis a\u00e9riens par drone de Shizuoka \u00e0 Tokyo r\u00e9side dans leur grande rapidit\u00e9. C&#039;est le mode de transport le plus rapide et donc le moyen id\u00e9al lorsque le temps est un facteur crucial.<\/p>\n<h3>Le drone volant en taxi de Shizuoka \u00e0 Tokyo a de tr\u00e8s faibles \u00e9missions de carbone<\/h3>\n<p>Les drones-taxis de Shizuoka \u00e0 Tokyo utilisent l&#039;\u00e9lectricit\u00e9 pour alimenter leurs v\u00e9hicules. Ils n&#039;\u00e9mettent donc pas de gaz \u00e0 effet de serre et contribuent ainsi \u00e0 r\u00e9duire l&#039;impact du changement climatique. R\u00e9servez d\u00e8s maintenant votre taxi avec l&#039;aide de notre service de taxis-drones de Shizuoka \u00e0 Tokyo.<\/p>\n<h2>Conseils pour r\u00e9server un vol pas cher de Tokyo \u00e0 Shizuoka<\/h2>\n<p>Les vols pas chers en drone de Tokyo \u00e0 Shizuoka offrent le plus de vols sans escale entre Tokyo et Shizuoka.<\/p>","protected":false},"excerpt":{"rendered":"<p>Looking for cheap flights from Tokyo to Shizuoka? Search, compare and book cheap flight tickets from Tokyo to Shizuoka online now. Electric air taxi from Shizuoka to Tokyo online booking. The Tiketi.com app helps you search, compare and book cheap flights from Tokyo to Shizuoka online. The Japanese capital city of Tokyo is a big, [&hellip;]<\/p>\n","protected":false},"author":1,"featured_media":14276,"parent":0,"menu_order":0,"comment_status":"open","ping_status":"closed","template":"template-home-modern.php","meta":{"footnotes":""},"class_list":["post-10355","page","type-page","status-publish","has-post-thumbnail","hentry"],"yoast_head":"<!-- This site is optimized with the Yoast SEO plugin v27.3 - https:\/\/yoast.com\/product\/yoast-seo-wordpress\/ -->\n<title>Air Taxi from Shizuoka to Tokyo Online Booking - Cheap Flights<\/title>\n<meta name=\"description\" content=\"Looking for cheap air taxi from Shizuoka to Tokyo online booking app? Compare and book cheap flights from Tokyo to Shizuoka\" \/>\n<meta name=\"robots\" content=\"index, follow, max-snippet:-1, max-image-preview:large, max-video-preview:-1\" \/>\n<link rel=\"canonical\" href=\"https:\/\/tiketi.com\/fr-fr\/air-taxi-from-tokyo-to-shizuoka\/\" \/>\n<meta property=\"og:locale\" content=\"fr_FR\" \/>\n<meta property=\"og:type\" content=\"article\" \/>\n<meta property=\"og:title\" content=\"Air Taxi from Shizuoka to Tokyo Online Booking - Cheap Flights\" \/>\n<meta property=\"og:description\" content=\"Looking for cheap air taxi from Shizuoka to Tokyo online booking app? Compare and book cheap flights from Tokyo to Shizuoka\" \/>\n<meta property=\"og:url\" content=\"https:\/\/tiketi.com\/fr-fr\/air-taxi-from-tokyo-to-shizuoka\/\" \/>\n<meta property=\"og:site_name\" content=\"Tiketi.com\" \/>\n<meta property=\"article:publisher\" content=\"https:\/\/www.facebook.com\/TiketiCom\/\" \/>\n<meta property=\"article:modified_time\" content=\"2022-02-05T08:30:56+00:00\" \/>\n<meta property=\"og:image\" content=\"https:\/\/tiketi.com\/wp-content\/uploads\/2022\/01\/tokyo-4524260_1280.jpg\" \/>\n\t<meta property=\"og:image:width\" content=\"1200\" \/>\n\t<meta property=\"og:image:height\" content=\"202\" \/>\n\t<meta property=\"og:image:type\" content=\"image\/jpeg\" \/>\n<meta name=\"twitter:card\" content=\"summary_large_image\" \/>\n<meta name=\"twitter:label1\" content=\"Dur\u00e9e de lecture estim\u00e9e\" \/>\n\t<meta name=\"twitter:data1\" content=\"2 minutes\" \/>\n<script type=\"application\/ld+json\" class=\"yoast-schema-graph\">{\"@context\":\"https:\\\/\\\/schema.org\",\"@graph\":[{\"@type\":\"WebPage\",\"@id\":\"https:\\\/\\\/tiketi.com\\\/air-taxi-from-tokyo-to-shizuoka\\\/\",\"url\":\"https:\\\/\\\/tiketi.com\\\/air-taxi-from-tokyo-to-shizuoka\\\/\",\"name\":\"Air Taxi from Shizuoka to Tokyo Online Booking - Cheap Flights\",\"isPartOf\":{\"@id\":\"https:\\\/\\\/tiketi.com\\\/#website\"},\"primaryImageOfPage\":{\"@id\":\"https:\\\/\\\/tiketi.com\\\/air-taxi-from-tokyo-to-shizuoka\\\/#primaryimage\"},\"image\":{\"@id\":\"https:\\\/\\\/tiketi.com\\\/air-taxi-from-tokyo-to-shizuoka\\\/#primaryimage\"},\"thumbnailUrl\":\"https:\\\/\\\/tiketi.com\\\/wp-content\\\/uploads\\\/2022\\\/01\\\/tokyo-4524260_1280.jpg\",\"datePublished\":\"2022-01-19T11:53:16+00:00\",\"dateModified\":\"2022-02-05T08:30:56+00:00\",\"description\":\"Looking for cheap air taxi from Shizuoka to Tokyo online booking app? Compare and book cheap flights from Tokyo to Shizuoka\",\"breadcrumb\":{\"@id\":\"https:\\\/\\\/tiketi.com\\\/air-taxi-from-tokyo-to-shizuoka\\\/#breadcrumb\"},\"inLanguage\":\"fr-FR\",\"potentialAction\":[{\"@type\":\"ReadAction\",\"target\":[\"https:\\\/\\\/tiketi.com\\\/air-taxi-from-tokyo-to-shizuoka\\\/\"]}]},{\"@type\":\"ImageObject\",\"inLanguage\":\"fr-FR\",\"@id\":\"https:\\\/\\\/tiketi.com\\\/air-taxi-from-tokyo-to-shizuoka\\\/#primaryimage\",\"url\":\"https:\\\/\\\/tiketi.com\\\/wp-content\\\/uploads\\\/2022\\\/01\\\/tokyo-4524260_1280.jpg\",\"contentUrl\":\"https:\\\/\\\/tiketi.com\\\/wp-content\\\/uploads\\\/2022\\\/01\\\/tokyo-4524260_1280.jpg\",\"width\":1200,\"height\":202,\"caption\":\"Air Taxi in Tokyo City\"},{\"@type\":\"BreadcrumbList\",\"@id\":\"https:\\\/\\\/tiketi.com\\\/air-taxi-from-tokyo-to-shizuoka\\\/#breadcrumb\",\"itemListElement\":[{\"@type\":\"ListItem\",\"position\":1,\"name\":\"Home\",\"item\":\"https:\\\/\\\/tiketi.com\\\/\"},{\"@type\":\"ListItem\",\"position\":2,\"name\":\"Air Taxi from Shizuoka to Tokyo Online Booking\"}]},{\"@type\":\"WebSite\",\"@id\":\"https:\\\/\\\/tiketi.com\\\/#website\",\"url\":\"https:\\\/\\\/tiketi.com\\\/\",\"name\":\"Flight & Bus Tickets, Tour Packages & Activitites - Tiketi.com\",\"description\":\"Flight &amp; Bus Tickets, Tours, Activitites\",\"publisher\":{\"@id\":\"https:\\\/\\\/tiketi.com\\\/#organization\"},\"potentialAction\":[{\"@type\":\"SearchAction\",\"target\":{\"@type\":\"EntryPoint\",\"urlTemplate\":\"https:\\\/\\\/tiketi.com\\\/?s={search_term_string}\"},\"query-input\":{\"@type\":\"PropertyValueSpecification\",\"valueRequired\":true,\"valueName\":\"search_term_string\"}}],\"inLanguage\":\"fr-FR\"},{\"@type\":\"Organization\",\"@id\":\"https:\\\/\\\/tiketi.com\\\/#organization\",\"name\":\"Tiketi.com\",\"alternateName\":\"Tiketi\",\"url\":\"https:\\\/\\\/tiketi.com\\\/\",\"logo\":{\"@type\":\"ImageObject\",\"inLanguage\":\"fr-FR\",\"@id\":\"https:\\\/\\\/tiketi.com\\\/#\\\/schema\\\/logo\\\/image\\\/\",\"url\":\"https:\\\/\\\/tiketi.com\\\/wp-content\\\/uploads\\\/2019\\\/05\\\/tiketi-logo-696.png\",\"contentUrl\":\"https:\\\/\\\/tiketi.com\\\/wp-content\\\/uploads\\\/2019\\\/05\\\/tiketi-logo-696.png\",\"width\":696,\"height\":696,\"caption\":\"Tiketi.com\"},\"image\":{\"@id\":\"https:\\\/\\\/tiketi.com\\\/#\\\/schema\\\/logo\\\/image\\\/\"},\"sameAs\":[\"https:\\\/\\\/www.facebook.com\\\/TiketiCom\\\/\"]}]}<\/script>\n<!-- \/ Yoast SEO plugin. -->","yoast_head_json":{"title":"R\u00e9servation en ligne de taxi a\u00e9rien de Shizuoka \u00e0 Tokyo\u00a0\u2013 Vols pas chers","description":"Vous cherchez une application de r\u00e9servation en ligne pour un taxi a\u00e9rien pas cher de Shizuoka \u00e0 Tokyo\u00a0? Comparez et r\u00e9servez des vols pas chers de Tokyo \u00e0 Shizuoka.","robots":{"index":"index","follow":"follow","max-snippet":"max-snippet:-1","max-image-preview":"max-image-preview:large","max-video-preview":"max-video-preview:-1"},"canonical":"https:\/\/tiketi.com\/fr-fr\/air-taxi-from-tokyo-to-shizuoka\/","og_locale":"fr_FR","og_type":"article","og_title":"Air Taxi from Shizuoka to Tokyo Online Booking - Cheap Flights","og_description":"Looking for cheap air taxi from Shizuoka to Tokyo online booking app? Compare and book cheap flights from Tokyo to Shizuoka","og_url":"https:\/\/tiketi.com\/fr-fr\/air-taxi-from-tokyo-to-shizuoka\/","og_site_name":"Tiketi.com","article_publisher":"https:\/\/www.facebook.com\/TiketiCom\/","article_modified_time":"2022-02-05T08:30:56+00:00","og_image":[{"width":1200,"height":202,"url":"https:\/\/tiketi.com\/wp-content\/uploads\/2022\/01\/tokyo-4524260_1280.jpg","type":"image\/jpeg"}],"twitter_card":"summary_large_image","twitter_misc":{"Dur\u00e9e de lecture estim\u00e9e":"2 minutes"},"schema":{"@context":"https:\/\/schema.org","@graph":[{"@type":"WebPage","@id":"https:\/\/tiketi.com\/air-taxi-from-tokyo-to-shizuoka\/","url":"https:\/\/tiketi.com\/air-taxi-from-tokyo-to-shizuoka\/","name":"R\u00e9servation en ligne de taxi a\u00e9rien de Shizuoka \u00e0 Tokyo\u00a0\u2013 Vols pas chers","isPartOf":{"@id":"https:\/\/tiketi.com\/#website"},"primaryImageOfPage":{"@id":"https:\/\/tiketi.com\/air-taxi-from-tokyo-to-shizuoka\/#primaryimage"},"image":{"@id":"https:\/\/tiketi.com\/air-taxi-from-tokyo-to-shizuoka\/#primaryimage"},"thumbnailUrl":"https:\/\/tiketi.com\/wp-content\/uploads\/2022\/01\/tokyo-4524260_1280.jpg","datePublished":"2022-01-19T11:53:16+00:00","dateModified":"2022-02-05T08:30:56+00:00","description":"Vous cherchez une application de r\u00e9servation en ligne pour un taxi a\u00e9rien pas cher de Shizuoka \u00e0 Tokyo\u00a0? Comparez et r\u00e9servez des vols pas chers de Tokyo \u00e0 Shizuoka.","breadcrumb":{"@id":"https:\/\/tiketi.com\/air-taxi-from-tokyo-to-shizuoka\/#breadcrumb"},"inLanguage":"fr-FR","potentialAction":[{"@type":"ReadAction","target":["https:\/\/tiketi.com\/air-taxi-from-tokyo-to-shizuoka\/"]}]},{"@type":"ImageObject","inLanguage":"fr-FR","@id":"https:\/\/tiketi.com\/air-taxi-from-tokyo-to-shizuoka\/#primaryimage","url":"https:\/\/tiketi.com\/wp-content\/uploads\/2022\/01\/tokyo-4524260_1280.jpg","contentUrl":"https:\/\/tiketi.com\/wp-content\/uploads\/2022\/01\/tokyo-4524260_1280.jpg","width":1200,"height":202,"caption":"Air Taxi in Tokyo City"},{"@type":"BreadcrumbList","@id":"https:\/\/tiketi.com\/air-taxi-from-tokyo-to-shizuoka\/#breadcrumb","itemListElement":[{"@type":"ListItem","position":1,"name":"Home","item":"https:\/\/tiketi.com\/"},{"@type":"ListItem","position":2,"name":"Air Taxi from Shizuoka to Tokyo Online Booking"}]},{"@type":"WebSite","@id":"https:\/\/tiketi.com\/#website","url":"https:\/\/tiketi.com\/","name":"Billets d&#039;avion et de bus, forfaits touristiques et activit\u00e9s - Tiketi.com","description":"Billets d&#039;avion et de bus, Tours, Activit\u00e9s","publisher":{"@id":"https:\/\/tiketi.com\/#organization"},"potentialAction":[{"@type":"SearchAction","target":{"@type":"EntryPoint","urlTemplate":"https:\/\/tiketi.com\/?s={search_term_string}"},"query-input":{"@type":"PropertyValueSpecification","valueRequired":true,"valueName":"search_term_string"}}],"inLanguage":"fr-FR"},{"@type":"Organization","@id":"https:\/\/tiketi.com\/#organization","name":"Tiketi.com","alternateName":"Tiketi","url":"https:\/\/tiketi.com\/","logo":{"@type":"ImageObject","inLanguage":"fr-FR","@id":"https:\/\/tiketi.com\/#\/schema\/logo\/image\/","url":"https:\/\/tiketi.com\/wp-content\/uploads\/2019\/05\/tiketi-logo-696.png","contentUrl":"https:\/\/tiketi.com\/wp-content\/uploads\/2019\/05\/tiketi-logo-696.png","width":696,"height":696,"caption":"Tiketi.com"},"image":{"@id":"https:\/\/tiketi.com\/#\/schema\/logo\/image\/"},"sameAs":["https:\/\/www.facebook.com\/TiketiCom\/"]}]}},"_links":{"self":[{"href":"https:\/\/tiketi.com\/fr-fr\/wp-json\/wp\/v2\/pages\/10355","targetHints":{"allow":["GET"]}}],"collection":[{"href":"https:\/\/tiketi.com\/fr-fr\/wp-json\/wp\/v2\/pages"}],"about":[{"href":"https:\/\/tiketi.com\/fr-fr\/wp-json\/wp\/v2\/types\/page"}],"author":[{"embeddable":true,"href":"https:\/\/tiketi.com\/fr-fr\/wp-json\/wp\/v2\/users\/1"}],"replies":[{"embeddable":true,"href":"https:\/\/tiketi.com\/fr-fr\/wp-json\/wp\/v2\/comments?post=10355"}],"version-history":[{"count":0,"href":"https:\/\/tiketi.com\/fr-fr\/wp-json\/wp\/v2\/pages\/10355\/revisions"}],"wp:featuredmedia":[{"embeddable":true,"href":"https:\/\/tiketi.com\/fr-fr\/wp-json\/wp\/v2\/media\/14276"}],"wp:attachment":[{"href":"https:\/\/tiketi.com\/fr-fr\/wp-json\/wp\/v2\/media?parent=10355"}],"curies":[{"name":"wp","href":"https:\/\/api.w.org\/{rel}","templated":true}]}}