{"id":10376,"date":"2022-01-19T12:53:17","date_gmt":"2022-01-19T11:53:17","guid":{"rendered":"https:\/\/new.tiketi.com\/cheap-flights-air-taxi-from-bankstown-to-sydney\/"},"modified":"2022-02-04T21:20:44","modified_gmt":"2022-02-04T20:20:44","slug":"air-taxi-from-sydney-to-bankstown","status":"publish","type":"page","link":"https:\/\/tiketi.com\/fr-fr\/air-taxi-from-sydney-to-bankstown\/","title":{"rendered":"R\u00e9servation de taxi a\u00e9rien de Bankstown \u00e0 Sydney"},"content":{"rendered":"<h2>Looking for cheap flights from Sydney to Bankstown?<\/h2>\n<h3>Search, compare and book cheap flight tickets from Sydney to Bankstown online now.<\/h3>\n<p>Electric air taxi from Bankstown to Sydney online booking will be possible soon. The Tiketi.com app helps you search, compare and book cheap flights from Sydney to Bankstown\u00a0online.\u00a0Sydney is a famous known visitor place and one of the most visited cities in Australia. Home to the world famous Sydney opera house, this dynamic city is full of visitor attractions and provides something for every person. It has a charming mix of wonderful natural beauty and day attractions, like luxury hotels, shopping centers, monuments and much more. If you are traveling with kids, or the kid inside you is still alive, then do not forget to visit Luna Park. Placed near the Sydney Harbour Bridge, this is one of the largest theme parks in Australia. Right from its mouth-shaped gate to the big Ferris wheel, this location is best for a thrill day in the city. So find and compare flight tickets from\u00a0Sydney to Bankstown\u00a0and book great offers on cheap air taxis from Sydney to Bankstown online now.<\/p>\n<h2>Cheap air taxi from Bankstown to Sydney online booking FAQs<\/h2>\n<h3>How far is Sydney to Bankstown?<\/h3>\n<p>The distance of drone taxi from Bankstown to Sydney flight is 11 miles \/ 17 km.<\/p>\n<h3>What are eVLTO electric flying taxis from Bankstown to Sydney?<\/h3>\n<p><!--{cke_protected}{C}%3C!%2D%2D%20%2Fwp%3Aheading%20%2D%2D%3E--><!--{cke_protected}{C}%3C!%2D%2D%20wp%3Aparagraph%20%2D%2D%3E-->The electric flying taxis from Bankstown to Sydney aircraft, called as an eVTOL (electrical vertical take-off and landing), are designed to transport people via urban and cities atmosphere.<\/p>\n<h3>Electric air taxis from Bankstown to Sydney are high-speed public transport<\/h3>\n<p><!--{cke_protected}{C}%3C!%2D%2D%20%2Fwp%3Aheading%20%2D%2D%3E--><!--{cke_protected}{C}%3C!%2D%2D%20wp%3Aparagraph%20%2D%2D%3E-->The best benefit of drone air taxis from Bankstown to Sydney is its high speed. It is the quickest mode of transport and thus it is the most perfect mean where time is a vital factor.<\/p>\n<h3>Drone flying taxi from Bankstown to Sydney has very low carbon emissions<\/h3>\n<p>Drone taxi from Bankstown to Sydney producers use electricity to power their vehicles. Hence, drone taxis will not emit greenhouses gases. Hence, these taxis can support in decreasing the impact of climate change. So book your taxi with the help of drone taxi from Bankstown to Sydney now.<\/p>\n<h2>Cheap flights from Sydney to Bankstown tips<\/h2>\n<p>Drone cheap flights from Sydney to Bankstown offer the most nonstop flights between Sydney and Bankstown.<\/p>","protected":false},"excerpt":{"rendered":"<p>Looking for cheap flights from Sydney to Bankstown? Search, compare and book cheap flight tickets from Sydney to Bankstown online now. Electric air taxi from Bankstown to Sydney online booking will be possible soon. The Tiketi.com app helps you search, compare and book cheap flights from Sydney to Bankstown\u00a0online.\u00a0Sydney is a famous known visitor place [&hellip;]<\/p>\n","protected":false},"author":1,"featured_media":14463,"parent":0,"menu_order":0,"comment_status":"open","ping_status":"closed","template":"template-home-modern.php","meta":{"footnotes":""},"class_list":["post-10376","page","type-page","status-publish","has-post-thumbnail","hentry"],"yoast_head":"<!-- This site is optimized with the Yoast SEO plugin v27.5 - https:\/\/yoast.com\/product\/yoast-seo-wordpress\/ -->\n<title>Air Taxi from Bankstown to Sydney Online Booking - Cheap Flights<\/title>\n<meta name=\"description\" content=\"Looking for cheap air taxi from Bankstown to Sydney online booking app? Search, compare and book cheap flights from Bankstown to Sydney\" \/>\n<meta name=\"robots\" content=\"index, follow, max-snippet:-1, max-image-preview:large, max-video-preview:-1\" \/>\n<link rel=\"canonical\" href=\"https:\/\/tiketi.com\/fr-fr\/air-taxi-from-sydney-to-bankstown\/\" \/>\n<meta property=\"og:locale\" content=\"fr_FR\" \/>\n<meta property=\"og:type\" content=\"article\" \/>\n<meta property=\"og:title\" content=\"Air Taxi from Bankstown to Sydney Online Booking - Cheap Flights\" \/>\n<meta property=\"og:description\" content=\"Looking for cheap air taxi from Bankstown to Sydney online booking app? Search, compare and book cheap flights from Bankstown to Sydney\" \/>\n<meta property=\"og:url\" content=\"https:\/\/tiketi.com\/fr-fr\/air-taxi-from-sydney-to-bankstown\/\" \/>\n<meta property=\"og:site_name\" content=\"Tiketi.com\" \/>\n<meta property=\"article:publisher\" content=\"https:\/\/www.facebook.com\/TiketiCom\/\" \/>\n<meta property=\"article:modified_time\" content=\"2022-02-04T20:20:44+00:00\" \/>\n<meta property=\"og:image\" content=\"https:\/\/tiketi.com\/wp-content\/uploads\/2022\/01\/sydney-opera-house-354375_1.jpg\" \/>\n\t<meta property=\"og:image:width\" content=\"1200\" \/>\n\t<meta property=\"og:image:height\" content=\"239\" \/>\n\t<meta property=\"og:image:type\" content=\"image\/jpeg\" \/>\n<meta name=\"twitter:card\" content=\"summary_large_image\" \/>\n<meta name=\"twitter:label1\" content=\"Dur\u00e9e de lecture estim\u00e9e\" \/>\n\t<meta name=\"twitter:data1\" content=\"2 minutes\" \/>\n<script type=\"application\/ld+json\" class=\"yoast-schema-graph\">{\"@context\":\"https:\\\/\\\/schema.org\",\"@graph\":[{\"@type\":\"WebPage\",\"@id\":\"https:\\\/\\\/tiketi.com\\\/air-taxi-from-sydney-to-bankstown\\\/\",\"url\":\"https:\\\/\\\/tiketi.com\\\/air-taxi-from-sydney-to-bankstown\\\/\",\"name\":\"Air Taxi from Bankstown to Sydney Online Booking - Cheap Flights\",\"isPartOf\":{\"@id\":\"https:\\\/\\\/tiketi.com\\\/#website\"},\"primaryImageOfPage\":{\"@id\":\"https:\\\/\\\/tiketi.com\\\/air-taxi-from-sydney-to-bankstown\\\/#primaryimage\"},\"image\":{\"@id\":\"https:\\\/\\\/tiketi.com\\\/air-taxi-from-sydney-to-bankstown\\\/#primaryimage\"},\"thumbnailUrl\":\"https:\\\/\\\/tiketi.com\\\/wp-content\\\/uploads\\\/2022\\\/01\\\/sydney-opera-house-354375_1.jpg\",\"datePublished\":\"2022-01-19T11:53:17+00:00\",\"dateModified\":\"2022-02-04T20:20:44+00:00\",\"description\":\"Looking for cheap air taxi from Bankstown to Sydney online booking app? Search, compare and book cheap flights from Bankstown to Sydney\",\"breadcrumb\":{\"@id\":\"https:\\\/\\\/tiketi.com\\\/air-taxi-from-sydney-to-bankstown\\\/#breadcrumb\"},\"inLanguage\":\"fr-FR\",\"potentialAction\":[{\"@type\":\"ReadAction\",\"target\":[\"https:\\\/\\\/tiketi.com\\\/air-taxi-from-sydney-to-bankstown\\\/\"]}]},{\"@type\":\"ImageObject\",\"inLanguage\":\"fr-FR\",\"@id\":\"https:\\\/\\\/tiketi.com\\\/air-taxi-from-sydney-to-bankstown\\\/#primaryimage\",\"url\":\"https:\\\/\\\/tiketi.com\\\/wp-content\\\/uploads\\\/2022\\\/01\\\/sydney-opera-house-354375_1.jpg\",\"contentUrl\":\"https:\\\/\\\/tiketi.com\\\/wp-content\\\/uploads\\\/2022\\\/01\\\/sydney-opera-house-354375_1.jpg\",\"width\":1200,\"height\":239,\"caption\":\"Air Taxi in Australia\"},{\"@type\":\"BreadcrumbList\",\"@id\":\"https:\\\/\\\/tiketi.com\\\/air-taxi-from-sydney-to-bankstown\\\/#breadcrumb\",\"itemListElement\":[{\"@type\":\"ListItem\",\"position\":1,\"name\":\"Home\",\"item\":\"https:\\\/\\\/tiketi.com\\\/\"},{\"@type\":\"ListItem\",\"position\":2,\"name\":\"Air Taxi from Bankstown to Sydney Booking\"}]},{\"@type\":\"WebSite\",\"@id\":\"https:\\\/\\\/tiketi.com\\\/#website\",\"url\":\"https:\\\/\\\/tiketi.com\\\/\",\"name\":\"Flight & Bus Tickets, Tour Packages & Activitites - Tiketi.com\",\"description\":\"Flight &amp; Bus Tickets, Tours, Activitites\",\"publisher\":{\"@id\":\"https:\\\/\\\/tiketi.com\\\/#organization\"},\"potentialAction\":[{\"@type\":\"SearchAction\",\"target\":{\"@type\":\"EntryPoint\",\"urlTemplate\":\"https:\\\/\\\/tiketi.com\\\/?s={search_term_string}\"},\"query-input\":{\"@type\":\"PropertyValueSpecification\",\"valueRequired\":true,\"valueName\":\"search_term_string\"}}],\"inLanguage\":\"fr-FR\"},{\"@type\":\"Organization\",\"@id\":\"https:\\\/\\\/tiketi.com\\\/#organization\",\"name\":\"Tiketi.com\",\"alternateName\":\"Tiketi\",\"url\":\"https:\\\/\\\/tiketi.com\\\/\",\"logo\":{\"@type\":\"ImageObject\",\"inLanguage\":\"fr-FR\",\"@id\":\"https:\\\/\\\/tiketi.com\\\/#\\\/schema\\\/logo\\\/image\\\/\",\"url\":\"https:\\\/\\\/tiketi.com\\\/wp-content\\\/uploads\\\/2019\\\/05\\\/tiketi-logo-696.png\",\"contentUrl\":\"https:\\\/\\\/tiketi.com\\\/wp-content\\\/uploads\\\/2019\\\/05\\\/tiketi-logo-696.png\",\"width\":696,\"height\":696,\"caption\":\"Tiketi.com\"},\"image\":{\"@id\":\"https:\\\/\\\/tiketi.com\\\/#\\\/schema\\\/logo\\\/image\\\/\"},\"sameAs\":[\"https:\\\/\\\/www.facebook.com\\\/TiketiCom\\\/\"]}]}<\/script>\n<!-- \/ Yoast SEO plugin. -->","yoast_head_json":{"title":"Air Taxi from Bankstown to Sydney Online Booking - Cheap Flights","description":"Looking for cheap air taxi from Bankstown to Sydney online booking app? Search, compare and book cheap flights from Bankstown to Sydney","robots":{"index":"index","follow":"follow","max-snippet":"max-snippet:-1","max-image-preview":"max-image-preview:large","max-video-preview":"max-video-preview:-1"},"canonical":"https:\/\/tiketi.com\/fr-fr\/air-taxi-from-sydney-to-bankstown\/","og_locale":"fr_FR","og_type":"article","og_title":"Air Taxi from Bankstown to Sydney Online Booking - Cheap Flights","og_description":"Looking for cheap air taxi from Bankstown to Sydney online booking app? Search, compare and book cheap flights from Bankstown to Sydney","og_url":"https:\/\/tiketi.com\/fr-fr\/air-taxi-from-sydney-to-bankstown\/","og_site_name":"Tiketi.com","article_publisher":"https:\/\/www.facebook.com\/TiketiCom\/","article_modified_time":"2022-02-04T20:20:44+00:00","og_image":[{"width":1200,"height":239,"url":"https:\/\/tiketi.com\/wp-content\/uploads\/2022\/01\/sydney-opera-house-354375_1.jpg","type":"image\/jpeg"}],"twitter_card":"summary_large_image","twitter_misc":{"Dur\u00e9e de lecture estim\u00e9e":"2 minutes"},"schema":{"@context":"https:\/\/schema.org","@graph":[{"@type":"WebPage","@id":"https:\/\/tiketi.com\/air-taxi-from-sydney-to-bankstown\/","url":"https:\/\/tiketi.com\/air-taxi-from-sydney-to-bankstown\/","name":"Air Taxi from Bankstown to Sydney Online Booking - Cheap Flights","isPartOf":{"@id":"https:\/\/tiketi.com\/#website"},"primaryImageOfPage":{"@id":"https:\/\/tiketi.com\/air-taxi-from-sydney-to-bankstown\/#primaryimage"},"image":{"@id":"https:\/\/tiketi.com\/air-taxi-from-sydney-to-bankstown\/#primaryimage"},"thumbnailUrl":"https:\/\/tiketi.com\/wp-content\/uploads\/2022\/01\/sydney-opera-house-354375_1.jpg","datePublished":"2022-01-19T11:53:17+00:00","dateModified":"2022-02-04T20:20:44+00:00","description":"Looking for cheap air taxi from Bankstown to Sydney online booking app? Search, compare and book cheap flights from Bankstown to Sydney","breadcrumb":{"@id":"https:\/\/tiketi.com\/air-taxi-from-sydney-to-bankstown\/#breadcrumb"},"inLanguage":"fr-FR","potentialAction":[{"@type":"ReadAction","target":["https:\/\/tiketi.com\/air-taxi-from-sydney-to-bankstown\/"]}]},{"@type":"ImageObject","inLanguage":"fr-FR","@id":"https:\/\/tiketi.com\/air-taxi-from-sydney-to-bankstown\/#primaryimage","url":"https:\/\/tiketi.com\/wp-content\/uploads\/2022\/01\/sydney-opera-house-354375_1.jpg","contentUrl":"https:\/\/tiketi.com\/wp-content\/uploads\/2022\/01\/sydney-opera-house-354375_1.jpg","width":1200,"height":239,"caption":"Air Taxi in Australia"},{"@type":"BreadcrumbList","@id":"https:\/\/tiketi.com\/air-taxi-from-sydney-to-bankstown\/#breadcrumb","itemListElement":[{"@type":"ListItem","position":1,"name":"Home","item":"https:\/\/tiketi.com\/"},{"@type":"ListItem","position":2,"name":"Air Taxi from Bankstown to Sydney Booking"}]},{"@type":"WebSite","@id":"https:\/\/tiketi.com\/#website","url":"https:\/\/tiketi.com\/","name":"Billets d&#039;avion et de bus, forfaits touristiques et activit\u00e9s - Tiketi.com","description":"Billets d&#039;avion et de bus, Tours, Activit\u00e9s","publisher":{"@id":"https:\/\/tiketi.com\/#organization"},"potentialAction":[{"@type":"SearchAction","target":{"@type":"EntryPoint","urlTemplate":"https:\/\/tiketi.com\/?s={search_term_string}"},"query-input":{"@type":"PropertyValueSpecification","valueRequired":true,"valueName":"search_term_string"}}],"inLanguage":"fr-FR"},{"@type":"Organization","@id":"https:\/\/tiketi.com\/#organization","name":"Tiketi.com","alternateName":"Tiketi","url":"https:\/\/tiketi.com\/","logo":{"@type":"ImageObject","inLanguage":"fr-FR","@id":"https:\/\/tiketi.com\/#\/schema\/logo\/image\/","url":"https:\/\/tiketi.com\/wp-content\/uploads\/2019\/05\/tiketi-logo-696.png","contentUrl":"https:\/\/tiketi.com\/wp-content\/uploads\/2019\/05\/tiketi-logo-696.png","width":696,"height":696,"caption":"Tiketi.com"},"image":{"@id":"https:\/\/tiketi.com\/#\/schema\/logo\/image\/"},"sameAs":["https:\/\/www.facebook.com\/TiketiCom\/"]}]}},"_links":{"self":[{"href":"https:\/\/tiketi.com\/fr-fr\/wp-json\/wp\/v2\/pages\/10376","targetHints":{"allow":["GET"]}}],"collection":[{"href":"https:\/\/tiketi.com\/fr-fr\/wp-json\/wp\/v2\/pages"}],"about":[{"href":"https:\/\/tiketi.com\/fr-fr\/wp-json\/wp\/v2\/types\/page"}],"author":[{"embeddable":true,"href":"https:\/\/tiketi.com\/fr-fr\/wp-json\/wp\/v2\/users\/1"}],"replies":[{"embeddable":true,"href":"https:\/\/tiketi.com\/fr-fr\/wp-json\/wp\/v2\/comments?post=10376"}],"version-history":[{"count":0,"href":"https:\/\/tiketi.com\/fr-fr\/wp-json\/wp\/v2\/pages\/10376\/revisions"}],"wp:featuredmedia":[{"embeddable":true,"href":"https:\/\/tiketi.com\/fr-fr\/wp-json\/wp\/v2\/media\/14463"}],"wp:attachment":[{"href":"https:\/\/tiketi.com\/fr-fr\/wp-json\/wp\/v2\/media?parent=10376"}],"curies":[{"name":"wp","href":"https:\/\/api.w.org\/{rel}","templated":true}]}}