{"id":10384,"date":"2022-01-19T12:53:17","date_gmt":"2022-01-19T11:53:17","guid":{"rendered":"https:\/\/new.tiketi.com\/cheap-flights-air-taxi-from-gosford-to-sydney\/"},"modified":"2022-02-03T19:15:01","modified_gmt":"2022-02-03T18:15:01","slug":"air-taxi-from-sydney-to-gosford","status":"publish","type":"page","link":"https:\/\/tiketi.com\/fr-fr\/air-taxi-from-sydney-to-gosford\/","title":{"rendered":"Taxi a\u00e9rien de Gosford \u00e0 Sydney R\u00e9servation en ligne"},"content":{"rendered":"<h2>Vous recherchez des vols \u00e0 bas prix de Sydney \u00e0 Gosford ?<\/h2>\n<h3>Recherchez, comparez et r\u00e9servez en ligne maintenant des billets d&#039;avion \u00e0 bas prix de Sydney \u00e0 Gosford.<\/h3>\n<p>La r\u00e9servation en ligne d&#039;un taxi a\u00e9rien \u00e9lectrique de Gosford \u00e0 Sydney sera bient\u00f4t possible. L&#039;application Tiketi.com vous permet de rechercher, comparer et r\u00e9server en ligne des vols pas chers de Sydney \u00e0 Gosford. Sydney est un c\u00e9l\u00e8bre lieu touristique connu et l&#039;une des villes les plus visit\u00e9es d&#039;Australie. Abritant le c\u00e9l\u00e8bre op\u00e9ra de Sydney, cette ville dynamique regorge d&#039;attractions touristiques et offre quelque chose pour chaque personne. Il a un charmant m\u00e9lange de beaut\u00e9s naturelles merveilleuses et d&#039;attractions de jour, comme des h\u00f4tels de luxe, des centres commerciaux, des monuments et bien plus encore. Si vous voyagez avec des enfants ou si l&#039;enfant en vous est encore en vie, n&#039;oubliez pas de visiter Luna Park. Situ\u00e9 pr\u00e8s du Sydney Harbour Bridge, c&#039;est l&#039;un des plus grands parcs \u00e0 th\u00e8me d&#039;Australie. Depuis sa porte en forme de bouche jusqu&#039;\u00e0 la grande roue, cet endroit est id\u00e9al pour une journ\u00e9e de sensations fortes dans la ville. Alors trouvez et comparez les billets d&#039;avion de Sydney \u00e0 Gosford et r\u00e9servez en ligne d\u00e8s maintenant des offres exceptionnelles sur des taxis a\u00e9riens pas chers de Sydney \u00e0 Gosford.<\/p>\n<h2>FAQ sur la r\u00e9servation en ligne d&#039;un taxi a\u00e9rien pas cher de Gosford \u00e0 Sydney<\/h2>\n<h3>Quelle est la distance entre Sydney et Gosford ?<\/h3>\n<p>La distance du taxi drone du vol Gosford \u00e0 Sydney est de 32 miles \/ 51 km.<\/p>\n<h3>Que sont les taxis volants \u00e9lectriques eVLTO de Gosford \u00e0 Sydney ?<\/h3>\n<p><!--{cke_protected}{C}%3C!%2D%2D%20%2Fwp%3Aheading%20%2D%2D%3E--><!--{cke_protected}{C}%3C!%2D%2D%20wp%3Aparagraph%20%2D%2D%3E-->Les taxis volants \u00e9lectriques de Gosford \u00e0 Sydney, appel\u00e9s eVTOL (d\u00e9collage et atterrissage verticaux \u00e9lectriques), sont con\u00e7us pour transporter des personnes dans l&#039;atmosph\u00e8re urbaine et citadine.<\/p>\n<h3>Les taxis a\u00e9riens \u00e9lectriques de Gosford \u00e0 Sydney sont des transports publics \u00e0 grande vitesse<\/h3>\n<p><!--{cke_protected}{C}%3C!%2D%2D%20%2Fwp%3Aheading%20%2D%2D%3E--><!--{cke_protected}{C}%3C!%2D%2D%20wp%3Aparagraph%20%2D%2D%3E-->Le meilleur avantage des drones taxis a\u00e9riens de Gosford \u00e0 Sydney est sa grande vitesse. C&#039;est le mode de transport le plus rapide et donc le moyen le plus parfait o\u00f9 le temps est un facteur vital.<\/p>\n<h3>Le taxi volant par drone de Gosford \u00e0 Sydney a de tr\u00e8s faibles \u00e9missions de carbone<\/h3>\n<p>Les taxis drones de Gosford aux producteurs de Sydney utilisent l&#039;\u00e9lectricit\u00e9 pour alimenter leurs v\u00e9hicules. Ainsi, les taxis drones n&#039;\u00e9mettront pas de gaz \u00e0 effet de serre. Par cons\u00e9quent, ces taxis peuvent contribuer \u00e0 r\u00e9duire l&#039;impact du changement climatique. Alors r\u00e9servez votre taxi avec l&#039;aide d&#039;un taxi drone de Gosford \u00e0 Sydney maintenant.<\/p>\n<h2>Vols bon march\u00e9 de Sydney \u00e0 Gosford<\/h2>\n<p>Les vols pas chers avec drone de Sydney \u00e0 Gosford offrent le plus de vols sans escale entre Sydney et Gosford.<\/p>","protected":false},"excerpt":{"rendered":"<p>Looking for cheap flights from Sydney to Gosford? Search, compare and book cheap flight tickets from Sydney to Gosford online now. Electric air taxi from Gosford to Sydney online booking will be possible soon. The Tiketi.com app helps you search, compare and book cheap flights from Sydney to Gosford\u00a0online.\u00a0Sydney is a famous known visitor place [&hellip;]<\/p>\n","protected":false},"author":1,"featured_media":14463,"parent":0,"menu_order":0,"comment_status":"open","ping_status":"closed","template":"template-home-modern.php","meta":{"footnotes":""},"class_list":["post-10384","page","type-page","status-publish","has-post-thumbnail","hentry"],"yoast_head":"<!-- This site is optimized with the Yoast SEO plugin v27.3 - https:\/\/yoast.com\/product\/yoast-seo-wordpress\/ -->\n<title>Air Taxi from Gosford to Sydney Online Booking - Cheap Flights<\/title>\n<meta name=\"description\" content=\"Looking for cheap air taxi from Gosford to Sydney online booking app? Compare and book cheap flights from Sydney to Gosford\" \/>\n<meta name=\"robots\" content=\"index, follow, max-snippet:-1, max-image-preview:large, max-video-preview:-1\" \/>\n<link rel=\"canonical\" href=\"https:\/\/tiketi.com\/fr-fr\/air-taxi-from-sydney-to-gosford\/\" \/>\n<meta property=\"og:locale\" content=\"fr_FR\" \/>\n<meta property=\"og:type\" content=\"article\" \/>\n<meta property=\"og:title\" content=\"Air Taxi from Gosford to Sydney Online Booking - Cheap Flights\" \/>\n<meta property=\"og:description\" content=\"Looking for cheap air taxi from Gosford to Sydney online booking app? Compare and book cheap flights from Sydney to Gosford\" \/>\n<meta property=\"og:url\" content=\"https:\/\/tiketi.com\/fr-fr\/air-taxi-from-sydney-to-gosford\/\" \/>\n<meta property=\"og:site_name\" content=\"Tiketi.com\" \/>\n<meta property=\"article:publisher\" content=\"https:\/\/www.facebook.com\/TiketiCom\/\" \/>\n<meta property=\"article:modified_time\" content=\"2022-02-03T18:15:01+00:00\" \/>\n<meta property=\"og:image\" content=\"https:\/\/tiketi.com\/wp-content\/uploads\/2022\/01\/sydney-opera-house-354375_1.jpg\" \/>\n\t<meta property=\"og:image:width\" content=\"1200\" \/>\n\t<meta property=\"og:image:height\" content=\"239\" \/>\n\t<meta property=\"og:image:type\" content=\"image\/jpeg\" \/>\n<meta name=\"twitter:card\" content=\"summary_large_image\" \/>\n<meta name=\"twitter:label1\" content=\"Dur\u00e9e de lecture estim\u00e9e\" \/>\n\t<meta name=\"twitter:data1\" content=\"2 minutes\" \/>\n<script type=\"application\/ld+json\" class=\"yoast-schema-graph\">{\"@context\":\"https:\\\/\\\/schema.org\",\"@graph\":[{\"@type\":\"WebPage\",\"@id\":\"https:\\\/\\\/tiketi.com\\\/air-taxi-from-sydney-to-gosford\\\/\",\"url\":\"https:\\\/\\\/tiketi.com\\\/air-taxi-from-sydney-to-gosford\\\/\",\"name\":\"Air Taxi from Gosford to Sydney Online Booking - Cheap Flights\",\"isPartOf\":{\"@id\":\"https:\\\/\\\/tiketi.com\\\/#website\"},\"primaryImageOfPage\":{\"@id\":\"https:\\\/\\\/tiketi.com\\\/air-taxi-from-sydney-to-gosford\\\/#primaryimage\"},\"image\":{\"@id\":\"https:\\\/\\\/tiketi.com\\\/air-taxi-from-sydney-to-gosford\\\/#primaryimage\"},\"thumbnailUrl\":\"https:\\\/\\\/tiketi.com\\\/wp-content\\\/uploads\\\/2022\\\/01\\\/sydney-opera-house-354375_1.jpg\",\"datePublished\":\"2022-01-19T11:53:17+00:00\",\"dateModified\":\"2022-02-03T18:15:01+00:00\",\"description\":\"Looking for cheap air taxi from Gosford to Sydney online booking app? Compare and book cheap flights from Sydney to Gosford\",\"breadcrumb\":{\"@id\":\"https:\\\/\\\/tiketi.com\\\/air-taxi-from-sydney-to-gosford\\\/#breadcrumb\"},\"inLanguage\":\"fr-FR\",\"potentialAction\":[{\"@type\":\"ReadAction\",\"target\":[\"https:\\\/\\\/tiketi.com\\\/air-taxi-from-sydney-to-gosford\\\/\"]}]},{\"@type\":\"ImageObject\",\"inLanguage\":\"fr-FR\",\"@id\":\"https:\\\/\\\/tiketi.com\\\/air-taxi-from-sydney-to-gosford\\\/#primaryimage\",\"url\":\"https:\\\/\\\/tiketi.com\\\/wp-content\\\/uploads\\\/2022\\\/01\\\/sydney-opera-house-354375_1.jpg\",\"contentUrl\":\"https:\\\/\\\/tiketi.com\\\/wp-content\\\/uploads\\\/2022\\\/01\\\/sydney-opera-house-354375_1.jpg\",\"width\":1200,\"height\":239,\"caption\":\"Air Taxi in Australia\"},{\"@type\":\"BreadcrumbList\",\"@id\":\"https:\\\/\\\/tiketi.com\\\/air-taxi-from-sydney-to-gosford\\\/#breadcrumb\",\"itemListElement\":[{\"@type\":\"ListItem\",\"position\":1,\"name\":\"Home\",\"item\":\"https:\\\/\\\/tiketi.com\\\/\"},{\"@type\":\"ListItem\",\"position\":2,\"name\":\"Air Taxi from Gosford to Sydney Online Booking\"}]},{\"@type\":\"WebSite\",\"@id\":\"https:\\\/\\\/tiketi.com\\\/#website\",\"url\":\"https:\\\/\\\/tiketi.com\\\/\",\"name\":\"Flight & Bus Tickets, Tour Packages & Activitites - Tiketi.com\",\"description\":\"Flight &amp; Bus Tickets, Tours, Activitites\",\"publisher\":{\"@id\":\"https:\\\/\\\/tiketi.com\\\/#organization\"},\"potentialAction\":[{\"@type\":\"SearchAction\",\"target\":{\"@type\":\"EntryPoint\",\"urlTemplate\":\"https:\\\/\\\/tiketi.com\\\/?s={search_term_string}\"},\"query-input\":{\"@type\":\"PropertyValueSpecification\",\"valueRequired\":true,\"valueName\":\"search_term_string\"}}],\"inLanguage\":\"fr-FR\"},{\"@type\":\"Organization\",\"@id\":\"https:\\\/\\\/tiketi.com\\\/#organization\",\"name\":\"Tiketi.com\",\"alternateName\":\"Tiketi\",\"url\":\"https:\\\/\\\/tiketi.com\\\/\",\"logo\":{\"@type\":\"ImageObject\",\"inLanguage\":\"fr-FR\",\"@id\":\"https:\\\/\\\/tiketi.com\\\/#\\\/schema\\\/logo\\\/image\\\/\",\"url\":\"https:\\\/\\\/tiketi.com\\\/wp-content\\\/uploads\\\/2019\\\/05\\\/tiketi-logo-696.png\",\"contentUrl\":\"https:\\\/\\\/tiketi.com\\\/wp-content\\\/uploads\\\/2019\\\/05\\\/tiketi-logo-696.png\",\"width\":696,\"height\":696,\"caption\":\"Tiketi.com\"},\"image\":{\"@id\":\"https:\\\/\\\/tiketi.com\\\/#\\\/schema\\\/logo\\\/image\\\/\"},\"sameAs\":[\"https:\\\/\\\/www.facebook.com\\\/TiketiCom\\\/\"]}]}<\/script>\n<!-- \/ Yoast SEO plugin. -->","yoast_head_json":{"title":"Taxi a\u00e9rien de Gosford \u00e0 Sydney R\u00e9servation en ligne - Vols pas chers","description":"Vous recherchez une application de r\u00e9servation en ligne de taxi a\u00e9rien pas cher de Gosford \u00e0 Sydney? Comparez et r\u00e9servez des vols pas chers de Sydney \u00e0 Gosford","robots":{"index":"index","follow":"follow","max-snippet":"max-snippet:-1","max-image-preview":"max-image-preview:large","max-video-preview":"max-video-preview:-1"},"canonical":"https:\/\/tiketi.com\/fr-fr\/air-taxi-from-sydney-to-gosford\/","og_locale":"fr_FR","og_type":"article","og_title":"Air Taxi from Gosford to Sydney Online Booking - Cheap Flights","og_description":"Looking for cheap air taxi from Gosford to Sydney online booking app? Compare and book cheap flights from Sydney to Gosford","og_url":"https:\/\/tiketi.com\/fr-fr\/air-taxi-from-sydney-to-gosford\/","og_site_name":"Tiketi.com","article_publisher":"https:\/\/www.facebook.com\/TiketiCom\/","article_modified_time":"2022-02-03T18:15:01+00:00","og_image":[{"width":1200,"height":239,"url":"https:\/\/tiketi.com\/wp-content\/uploads\/2022\/01\/sydney-opera-house-354375_1.jpg","type":"image\/jpeg"}],"twitter_card":"summary_large_image","twitter_misc":{"Dur\u00e9e de lecture estim\u00e9e":"2 minutes"},"schema":{"@context":"https:\/\/schema.org","@graph":[{"@type":"WebPage","@id":"https:\/\/tiketi.com\/air-taxi-from-sydney-to-gosford\/","url":"https:\/\/tiketi.com\/air-taxi-from-sydney-to-gosford\/","name":"Taxi a\u00e9rien de Gosford \u00e0 Sydney R\u00e9servation en ligne - Vols pas chers","isPartOf":{"@id":"https:\/\/tiketi.com\/#website"},"primaryImageOfPage":{"@id":"https:\/\/tiketi.com\/air-taxi-from-sydney-to-gosford\/#primaryimage"},"image":{"@id":"https:\/\/tiketi.com\/air-taxi-from-sydney-to-gosford\/#primaryimage"},"thumbnailUrl":"https:\/\/tiketi.com\/wp-content\/uploads\/2022\/01\/sydney-opera-house-354375_1.jpg","datePublished":"2022-01-19T11:53:17+00:00","dateModified":"2022-02-03T18:15:01+00:00","description":"Vous recherchez une application de r\u00e9servation en ligne de taxi a\u00e9rien pas cher de Gosford \u00e0 Sydney? Comparez et r\u00e9servez des vols pas chers de Sydney \u00e0 Gosford","breadcrumb":{"@id":"https:\/\/tiketi.com\/air-taxi-from-sydney-to-gosford\/#breadcrumb"},"inLanguage":"fr-FR","potentialAction":[{"@type":"ReadAction","target":["https:\/\/tiketi.com\/air-taxi-from-sydney-to-gosford\/"]}]},{"@type":"ImageObject","inLanguage":"fr-FR","@id":"https:\/\/tiketi.com\/air-taxi-from-sydney-to-gosford\/#primaryimage","url":"https:\/\/tiketi.com\/wp-content\/uploads\/2022\/01\/sydney-opera-house-354375_1.jpg","contentUrl":"https:\/\/tiketi.com\/wp-content\/uploads\/2022\/01\/sydney-opera-house-354375_1.jpg","width":1200,"height":239,"caption":"Air Taxi in Australia"},{"@type":"BreadcrumbList","@id":"https:\/\/tiketi.com\/air-taxi-from-sydney-to-gosford\/#breadcrumb","itemListElement":[{"@type":"ListItem","position":1,"name":"Home","item":"https:\/\/tiketi.com\/"},{"@type":"ListItem","position":2,"name":"Air Taxi from Gosford to Sydney Online Booking"}]},{"@type":"WebSite","@id":"https:\/\/tiketi.com\/#website","url":"https:\/\/tiketi.com\/","name":"Billets d&#039;avion et de bus, forfaits touristiques et activit\u00e9s - Tiketi.com","description":"Billets d&#039;avion et de bus, Tours, Activit\u00e9s","publisher":{"@id":"https:\/\/tiketi.com\/#organization"},"potentialAction":[{"@type":"SearchAction","target":{"@type":"EntryPoint","urlTemplate":"https:\/\/tiketi.com\/?s={search_term_string}"},"query-input":{"@type":"PropertyValueSpecification","valueRequired":true,"valueName":"search_term_string"}}],"inLanguage":"fr-FR"},{"@type":"Organization","@id":"https:\/\/tiketi.com\/#organization","name":"Tiketi.com","alternateName":"Tiketi","url":"https:\/\/tiketi.com\/","logo":{"@type":"ImageObject","inLanguage":"fr-FR","@id":"https:\/\/tiketi.com\/#\/schema\/logo\/image\/","url":"https:\/\/tiketi.com\/wp-content\/uploads\/2019\/05\/tiketi-logo-696.png","contentUrl":"https:\/\/tiketi.com\/wp-content\/uploads\/2019\/05\/tiketi-logo-696.png","width":696,"height":696,"caption":"Tiketi.com"},"image":{"@id":"https:\/\/tiketi.com\/#\/schema\/logo\/image\/"},"sameAs":["https:\/\/www.facebook.com\/TiketiCom\/"]}]}},"_links":{"self":[{"href":"https:\/\/tiketi.com\/fr-fr\/wp-json\/wp\/v2\/pages\/10384","targetHints":{"allow":["GET"]}}],"collection":[{"href":"https:\/\/tiketi.com\/fr-fr\/wp-json\/wp\/v2\/pages"}],"about":[{"href":"https:\/\/tiketi.com\/fr-fr\/wp-json\/wp\/v2\/types\/page"}],"author":[{"embeddable":true,"href":"https:\/\/tiketi.com\/fr-fr\/wp-json\/wp\/v2\/users\/1"}],"replies":[{"embeddable":true,"href":"https:\/\/tiketi.com\/fr-fr\/wp-json\/wp\/v2\/comments?post=10384"}],"version-history":[{"count":0,"href":"https:\/\/tiketi.com\/fr-fr\/wp-json\/wp\/v2\/pages\/10384\/revisions"}],"wp:featuredmedia":[{"embeddable":true,"href":"https:\/\/tiketi.com\/fr-fr\/wp-json\/wp\/v2\/media\/14463"}],"wp:attachment":[{"href":"https:\/\/tiketi.com\/fr-fr\/wp-json\/wp\/v2\/media?parent=10384"}],"curies":[{"name":"wp","href":"https:\/\/api.w.org\/{rel}","templated":true}]}}