{"id":10390,"date":"2022-01-19T12:53:19","date_gmt":"2022-01-19T11:53:19","guid":{"rendered":"https:\/\/new.tiketi.com\/cheap-flights-air-taxi-from-fresno-to-san-francisco\/"},"modified":"2022-02-03T19:01:47","modified_gmt":"2022-02-03T18:01:47","slug":"air-taxi-from-san-francisco-to-fresno","status":"publish","type":"page","link":"https:\/\/tiketi.com\/fr-fr\/air-taxi-from-san-francisco-to-fresno\/","title":{"rendered":"R\u00e9servation en ligne d&#039;un taxi a\u00e9rien de Fresno \u00e0 San Francisco"},"content":{"rendered":"<h2>Vous cherchez des vols pas chers de San Francisco \u00e0 Fresno ?<\/h2>\n<h3>Recherchez, comparez et r\u00e9servez d\u00e8s maintenant en ligne des billets d&#039;avion pas chers de San Francisco \u00e0 Fresno.<\/h3>\n<p>La r\u00e9servation en ligne de taxis a\u00e9riens \u00e9lectriques entre Fresno et San Francisco sera bient\u00f4t possible. L&#039;application Tiketi.com vous permet de rechercher, comparer et r\u00e9server des vols pas chers de San Francisco \u00e0 Fresno. C\u00e9l\u00e8bre pour ses tramways \u00e0 c\u00e2ble et ses brumes estivales, San Francisco est depuis longtemps une destination touristique incontournable de Californie. Nich\u00e9e sur une p\u00e9ninsule entre la magnifique baie de San Francisco et l&#039;oc\u00e9an Pacifique, la ville offre un paysage urbain diversifi\u00e9 et des rues pittoresques. Le Golden Gate Bridge et l&#039;\u00eele d&#039;Alcatraz sont deux des attractions touristiques les plus populaires de San Francisco, mais la ville regorge \u00e9galement de mus\u00e9es, d&#039;une architecture victorienne remarquable et de superbes fronts de mer \u00e0 d\u00e9couvrir. Alors, trouvez et comparez les billets d&#039;avion de San Francisco \u00e0 Fresno et r\u00e9servez d\u00e8s maintenant vos taxis a\u00e9riens pas chers en ligne.<\/p>\n<h2>FAQ sur la r\u00e9servation en ligne de taxis a\u00e9riens pas chers de Fresno \u00e0 San Francisco<\/h2>\n<h3>Quelle est la distance entre San Francisco et Fresno ?<\/h3>\n<p>La distance du vol en taxi drone de Fresno \u00e0 San Francisco est de 79 kilom\u00e8tres (49 miles).<\/p>\n<h3>Que sont les taxis volants \u00e9lectriques eVLTO reliant Fresno \u00e0 San Francisco\u00a0?<\/h3>\n<p><!--{cke_protected}{C}%3C!%2D%2D%20%2Fwp%3Aheading%20%2D%2D%3E--><!--{cke_protected}{C}%3C!%2D%2D%20wp%3Aparagraph%20%2D%2D%3E-->Les taxis volants \u00e9lectriques reliant Fresno \u00e0 San Francisco, appel\u00e9s eVTOL (\u00e0 d\u00e9collage et atterrissage vertical \u00e9lectriques), sont con\u00e7us pour transporter des personnes en milieu urbain.<\/p>\n<h3>Les taxis a\u00e9riens \u00e9lectriques reliant Fresno \u00e0 San Francisco sont un moyen de transport public \u00e0 grande vitesse.<\/h3>\n<p><!--{cke_protected}{C}%3C!%2D%2D%20%2Fwp%3Aheading%20%2D%2D%3E--><!--{cke_protected}{C}%3C!%2D%2D%20wp%3Aparagraph%20%2D%2D%3E-->Le principal avantage des taxis a\u00e9riens par drones reliant Fresno \u00e0 San Francisco r\u00e9side dans leur rapidit\u00e9. Il s&#039;agit du mode de transport le plus rapide et, par cons\u00e9quent, de la solution id\u00e9ale lorsque le temps est un facteur crucial.<\/p>\n<h3>Les taxis volants en drone reliant Fresno \u00e0 San Francisco ont de tr\u00e8s faibles \u00e9missions de carbone.<\/h3>\n<p>Les taxis-drones assurant la liaison Fresno-San Francisco fonctionnent \u00e0 l&#039;\u00e9lectricit\u00e9. Par cons\u00e9quent, ils n&#039;\u00e9mettent pas de gaz \u00e0 effet de serre et contribuent ainsi \u00e0 att\u00e9nuer les effets du changement climatique. R\u00e9servez d\u00e8s maintenant votre taxi-drone entre Fresno et San Francisco\u00a0!.<\/p>\n<h2>Conseils pour des vols pas chers de San Francisco \u00e0 Fresno<\/h2>\n<p>Les vols en drone \u00e0 bas prix de San Francisco \u00e0 Fresno offrent le plus grand nombre de vols directs entre Los Angeles et Santa Barbara.<\/p>","protected":false},"excerpt":{"rendered":"<p>Looking for cheap flights from San Francisco to Fresno? Search, compare and book cheap flight tickets from San Francisco to Fresno online now. Electric air taxi from Fresno to San Francisco online booking will be possible soon. The Tiketi.com app helps you search, compare and book cheap flights from San Francisco to Fresno\u00a0online.\u00a0Popular for its [&hellip;]<\/p>\n","protected":false},"author":1,"featured_media":16834,"parent":0,"menu_order":0,"comment_status":"open","ping_status":"closed","template":"template-home-modern.php","meta":{"footnotes":""},"class_list":["post-10390","page","type-page","status-publish","has-post-thumbnail","hentry"],"yoast_head":"<!-- This site is optimized with the Yoast SEO plugin v27.3 - https:\/\/yoast.com\/product\/yoast-seo-wordpress\/ -->\n<title>Air Taxi from Fresno to San Francisco Online Booking - Cheap Flights<\/title>\n<meta name=\"description\" content=\"Looking for cheap air taxi from Fresno to San Francisco online booking app? Compare and book cheap flights from San Francisco to Fresno\" \/>\n<meta name=\"robots\" content=\"index, follow, max-snippet:-1, max-image-preview:large, max-video-preview:-1\" \/>\n<link rel=\"canonical\" href=\"https:\/\/tiketi.com\/fr-fr\/air-taxi-from-san-francisco-to-fresno\/\" \/>\n<meta property=\"og:locale\" content=\"fr_FR\" \/>\n<meta property=\"og:type\" content=\"article\" \/>\n<meta property=\"og:title\" content=\"Air Taxi from Fresno to San Francisco Online Booking - Cheap Flights\" \/>\n<meta property=\"og:description\" content=\"Looking for cheap air taxi from Fresno to San Francisco online booking app? Compare and book cheap flights from San Francisco to Fresno\" \/>\n<meta property=\"og:url\" content=\"https:\/\/tiketi.com\/fr-fr\/air-taxi-from-san-francisco-to-fresno\/\" \/>\n<meta property=\"og:site_name\" content=\"Tiketi.com\" \/>\n<meta property=\"article:publisher\" content=\"https:\/\/www.facebook.com\/TiketiCom\/\" \/>\n<meta property=\"article:modified_time\" content=\"2022-02-03T18:01:47+00:00\" \/>\n<meta property=\"og:image\" content=\"https:\/\/tiketi.com\/wp-content\/uploads\/2022\/02\/san-francisco-panorama-2154.jpg\" \/>\n\t<meta property=\"og:image:width\" content=\"1200\" \/>\n\t<meta property=\"og:image:height\" content=\"200\" \/>\n\t<meta property=\"og:image:type\" content=\"image\/jpeg\" \/>\n<meta name=\"twitter:card\" content=\"summary_large_image\" \/>\n<meta name=\"twitter:label1\" content=\"Dur\u00e9e de lecture estim\u00e9e\" \/>\n\t<meta name=\"twitter:data1\" content=\"2 minutes\" \/>\n<script type=\"application\/ld+json\" class=\"yoast-schema-graph\">{\"@context\":\"https:\\\/\\\/schema.org\",\"@graph\":[{\"@type\":\"WebPage\",\"@id\":\"https:\\\/\\\/tiketi.com\\\/air-taxi-from-san-francisco-to-fresno\\\/\",\"url\":\"https:\\\/\\\/tiketi.com\\\/air-taxi-from-san-francisco-to-fresno\\\/\",\"name\":\"Air Taxi from Fresno to San Francisco Online Booking - Cheap Flights\",\"isPartOf\":{\"@id\":\"https:\\\/\\\/tiketi.com\\\/#website\"},\"primaryImageOfPage\":{\"@id\":\"https:\\\/\\\/tiketi.com\\\/air-taxi-from-san-francisco-to-fresno\\\/#primaryimage\"},\"image\":{\"@id\":\"https:\\\/\\\/tiketi.com\\\/air-taxi-from-san-francisco-to-fresno\\\/#primaryimage\"},\"thumbnailUrl\":\"https:\\\/\\\/tiketi.com\\\/wp-content\\\/uploads\\\/2022\\\/02\\\/san-francisco-panorama-2154.jpg\",\"datePublished\":\"2022-01-19T11:53:19+00:00\",\"dateModified\":\"2022-02-03T18:01:47+00:00\",\"description\":\"Looking for cheap air taxi from Fresno to San Francisco online booking app? Compare and book cheap flights from San Francisco to Fresno\",\"breadcrumb\":{\"@id\":\"https:\\\/\\\/tiketi.com\\\/air-taxi-from-san-francisco-to-fresno\\\/#breadcrumb\"},\"inLanguage\":\"fr-FR\",\"potentialAction\":[{\"@type\":\"ReadAction\",\"target\":[\"https:\\\/\\\/tiketi.com\\\/air-taxi-from-san-francisco-to-fresno\\\/\"]}]},{\"@type\":\"ImageObject\",\"inLanguage\":\"fr-FR\",\"@id\":\"https:\\\/\\\/tiketi.com\\\/air-taxi-from-san-francisco-to-fresno\\\/#primaryimage\",\"url\":\"https:\\\/\\\/tiketi.com\\\/wp-content\\\/uploads\\\/2022\\\/02\\\/san-francisco-panorama-2154.jpg\",\"contentUrl\":\"https:\\\/\\\/tiketi.com\\\/wp-content\\\/uploads\\\/2022\\\/02\\\/san-francisco-panorama-2154.jpg\",\"width\":1200,\"height\":200,\"caption\":\"Air Taxi in San Francisco\"},{\"@type\":\"BreadcrumbList\",\"@id\":\"https:\\\/\\\/tiketi.com\\\/air-taxi-from-san-francisco-to-fresno\\\/#breadcrumb\",\"itemListElement\":[{\"@type\":\"ListItem\",\"position\":1,\"name\":\"Home\",\"item\":\"https:\\\/\\\/tiketi.com\\\/\"},{\"@type\":\"ListItem\",\"position\":2,\"name\":\"Air Taxi from Fresno to San Francisco Online Booking\"}]},{\"@type\":\"WebSite\",\"@id\":\"https:\\\/\\\/tiketi.com\\\/#website\",\"url\":\"https:\\\/\\\/tiketi.com\\\/\",\"name\":\"Flight & Bus Tickets, Tour Packages & Activitites - Tiketi.com\",\"description\":\"Flight &amp; Bus Tickets, Tours, Activitites\",\"publisher\":{\"@id\":\"https:\\\/\\\/tiketi.com\\\/#organization\"},\"potentialAction\":[{\"@type\":\"SearchAction\",\"target\":{\"@type\":\"EntryPoint\",\"urlTemplate\":\"https:\\\/\\\/tiketi.com\\\/?s={search_term_string}\"},\"query-input\":{\"@type\":\"PropertyValueSpecification\",\"valueRequired\":true,\"valueName\":\"search_term_string\"}}],\"inLanguage\":\"fr-FR\"},{\"@type\":\"Organization\",\"@id\":\"https:\\\/\\\/tiketi.com\\\/#organization\",\"name\":\"Tiketi.com\",\"alternateName\":\"Tiketi\",\"url\":\"https:\\\/\\\/tiketi.com\\\/\",\"logo\":{\"@type\":\"ImageObject\",\"inLanguage\":\"fr-FR\",\"@id\":\"https:\\\/\\\/tiketi.com\\\/#\\\/schema\\\/logo\\\/image\\\/\",\"url\":\"https:\\\/\\\/tiketi.com\\\/wp-content\\\/uploads\\\/2019\\\/05\\\/tiketi-logo-696.png\",\"contentUrl\":\"https:\\\/\\\/tiketi.com\\\/wp-content\\\/uploads\\\/2019\\\/05\\\/tiketi-logo-696.png\",\"width\":696,\"height\":696,\"caption\":\"Tiketi.com\"},\"image\":{\"@id\":\"https:\\\/\\\/tiketi.com\\\/#\\\/schema\\\/logo\\\/image\\\/\"},\"sameAs\":[\"https:\\\/\\\/www.facebook.com\\\/TiketiCom\\\/\"]}]}<\/script>\n<!-- \/ Yoast SEO plugin. -->","yoast_head_json":{"title":"R\u00e9servation en ligne de taxi a\u00e9rien de Fresno \u00e0 San Francisco\u00a0\u2013 Vols pas chers","description":"Vous cherchez une application de r\u00e9servation en ligne pour un vol pas cher de Fresno \u00e0 San Francisco\u00a0? Comparez et r\u00e9servez des vols pas chers de San Francisco \u00e0 Fresno.","robots":{"index":"index","follow":"follow","max-snippet":"max-snippet:-1","max-image-preview":"max-image-preview:large","max-video-preview":"max-video-preview:-1"},"canonical":"https:\/\/tiketi.com\/fr-fr\/air-taxi-from-san-francisco-to-fresno\/","og_locale":"fr_FR","og_type":"article","og_title":"Air Taxi from Fresno to San Francisco Online Booking - Cheap Flights","og_description":"Looking for cheap air taxi from Fresno to San Francisco online booking app? Compare and book cheap flights from San Francisco to Fresno","og_url":"https:\/\/tiketi.com\/fr-fr\/air-taxi-from-san-francisco-to-fresno\/","og_site_name":"Tiketi.com","article_publisher":"https:\/\/www.facebook.com\/TiketiCom\/","article_modified_time":"2022-02-03T18:01:47+00:00","og_image":[{"width":1200,"height":200,"url":"https:\/\/tiketi.com\/wp-content\/uploads\/2022\/02\/san-francisco-panorama-2154.jpg","type":"image\/jpeg"}],"twitter_card":"summary_large_image","twitter_misc":{"Dur\u00e9e de lecture estim\u00e9e":"2 minutes"},"schema":{"@context":"https:\/\/schema.org","@graph":[{"@type":"WebPage","@id":"https:\/\/tiketi.com\/air-taxi-from-san-francisco-to-fresno\/","url":"https:\/\/tiketi.com\/air-taxi-from-san-francisco-to-fresno\/","name":"R\u00e9servation en ligne de taxi a\u00e9rien de Fresno \u00e0 San Francisco\u00a0\u2013 Vols pas chers","isPartOf":{"@id":"https:\/\/tiketi.com\/#website"},"primaryImageOfPage":{"@id":"https:\/\/tiketi.com\/air-taxi-from-san-francisco-to-fresno\/#primaryimage"},"image":{"@id":"https:\/\/tiketi.com\/air-taxi-from-san-francisco-to-fresno\/#primaryimage"},"thumbnailUrl":"https:\/\/tiketi.com\/wp-content\/uploads\/2022\/02\/san-francisco-panorama-2154.jpg","datePublished":"2022-01-19T11:53:19+00:00","dateModified":"2022-02-03T18:01:47+00:00","description":"Vous cherchez une application de r\u00e9servation en ligne pour un vol pas cher de Fresno \u00e0 San Francisco\u00a0? Comparez et r\u00e9servez des vols pas chers de San Francisco \u00e0 Fresno.","breadcrumb":{"@id":"https:\/\/tiketi.com\/air-taxi-from-san-francisco-to-fresno\/#breadcrumb"},"inLanguage":"fr-FR","potentialAction":[{"@type":"ReadAction","target":["https:\/\/tiketi.com\/air-taxi-from-san-francisco-to-fresno\/"]}]},{"@type":"ImageObject","inLanguage":"fr-FR","@id":"https:\/\/tiketi.com\/air-taxi-from-san-francisco-to-fresno\/#primaryimage","url":"https:\/\/tiketi.com\/wp-content\/uploads\/2022\/02\/san-francisco-panorama-2154.jpg","contentUrl":"https:\/\/tiketi.com\/wp-content\/uploads\/2022\/02\/san-francisco-panorama-2154.jpg","width":1200,"height":200,"caption":"Air Taxi in San Francisco"},{"@type":"BreadcrumbList","@id":"https:\/\/tiketi.com\/air-taxi-from-san-francisco-to-fresno\/#breadcrumb","itemListElement":[{"@type":"ListItem","position":1,"name":"Home","item":"https:\/\/tiketi.com\/"},{"@type":"ListItem","position":2,"name":"Air Taxi from Fresno to San Francisco Online Booking"}]},{"@type":"WebSite","@id":"https:\/\/tiketi.com\/#website","url":"https:\/\/tiketi.com\/","name":"Billets d&#039;avion et de bus, forfaits touristiques et activit\u00e9s - Tiketi.com","description":"Billets d&#039;avion et de bus, Tours, Activit\u00e9s","publisher":{"@id":"https:\/\/tiketi.com\/#organization"},"potentialAction":[{"@type":"SearchAction","target":{"@type":"EntryPoint","urlTemplate":"https:\/\/tiketi.com\/?s={search_term_string}"},"query-input":{"@type":"PropertyValueSpecification","valueRequired":true,"valueName":"search_term_string"}}],"inLanguage":"fr-FR"},{"@type":"Organization","@id":"https:\/\/tiketi.com\/#organization","name":"Tiketi.com","alternateName":"Tiketi","url":"https:\/\/tiketi.com\/","logo":{"@type":"ImageObject","inLanguage":"fr-FR","@id":"https:\/\/tiketi.com\/#\/schema\/logo\/image\/","url":"https:\/\/tiketi.com\/wp-content\/uploads\/2019\/05\/tiketi-logo-696.png","contentUrl":"https:\/\/tiketi.com\/wp-content\/uploads\/2019\/05\/tiketi-logo-696.png","width":696,"height":696,"caption":"Tiketi.com"},"image":{"@id":"https:\/\/tiketi.com\/#\/schema\/logo\/image\/"},"sameAs":["https:\/\/www.facebook.com\/TiketiCom\/"]}]}},"_links":{"self":[{"href":"https:\/\/tiketi.com\/fr-fr\/wp-json\/wp\/v2\/pages\/10390","targetHints":{"allow":["GET"]}}],"collection":[{"href":"https:\/\/tiketi.com\/fr-fr\/wp-json\/wp\/v2\/pages"}],"about":[{"href":"https:\/\/tiketi.com\/fr-fr\/wp-json\/wp\/v2\/types\/page"}],"author":[{"embeddable":true,"href":"https:\/\/tiketi.com\/fr-fr\/wp-json\/wp\/v2\/users\/1"}],"replies":[{"embeddable":true,"href":"https:\/\/tiketi.com\/fr-fr\/wp-json\/wp\/v2\/comments?post=10390"}],"version-history":[{"count":0,"href":"https:\/\/tiketi.com\/fr-fr\/wp-json\/wp\/v2\/pages\/10390\/revisions"}],"wp:featuredmedia":[{"embeddable":true,"href":"https:\/\/tiketi.com\/fr-fr\/wp-json\/wp\/v2\/media\/16834"}],"wp:attachment":[{"href":"https:\/\/tiketi.com\/fr-fr\/wp-json\/wp\/v2\/media?parent=10390"}],"curies":[{"name":"wp","href":"https:\/\/api.w.org\/{rel}","templated":true}]}}