{"id":10393,"date":"2022-01-19T12:53:19","date_gmt":"2022-01-19T11:53:19","guid":{"rendered":"https:\/\/new.tiketi.com\/cheap-flights-air-taxi-from-sacramento-to-san-francisco\/"},"modified":"2022-02-04T21:21:29","modified_gmt":"2022-02-04T20:21:29","slug":"air-taxi-from-san-francisco-to-sacramento","status":"publish","type":"page","link":"https:\/\/tiketi.com\/fr-fr\/air-taxi-from-san-francisco-to-sacramento\/","title":{"rendered":"Taxi a\u00e9rien de Sacramento \u00e0 San Francisco"},"content":{"rendered":"<h2>Vous cherchez des vols \u00e0 bas prix de San Francisco vers Sacramento ?<\/h2>\n<h3>Recherchez, comparez et r\u00e9servez en ligne maintenant des billets d&#039;avion \u00e0 bas prix de San Francisco \u00e0 Sacramento.<\/h3>\n<p>La r\u00e9servation en ligne d&#039;un taxi a\u00e9rien \u00e9lectrique de Sacramento \u00e0 San Francisco sera bient\u00f4t possible. L&#039;application Tiketi.com vous permet de rechercher, comparer et r\u00e9server en ligne des vols pas chers de San Francisco \u00e0 Sacramento. Populaire pour ses t\u00e9l\u00e9ph\u00e9riques et ses brouillards d&#039;\u00e9t\u00e9, San Francisco est depuis longtemps un lieu c\u00e9l\u00e8bre \u00e0 visiter en Californie. Perch\u00e9 sur une p\u00e9ninsule entre l&#039;incroyable baie de San Francisco et l&#039;oc\u00e9an Pacifique, ses nombreuses collines abritent des quartiers merveilleusement diversifi\u00e9s et des paysages de rue \u00e9tonnants. Le Golden Gate Bridge et l&#039;\u00eele d&#039;Alcatraz sont les deux attractions touristiques les plus c\u00e9l\u00e8bres de San Francisco, mais il poss\u00e8de \u00e9galement une gamme de mus\u00e9es, une architecture victorienne \u00e9tonnante et des zones riveraines remarquables \u00e0 explorer. Alors trouvez et comparez les billets d&#039;avion de San Francisco \u00e0 Sacramento et r\u00e9servez en ligne d\u00e8s maintenant des offres exceptionnelles sur des taxis a\u00e9riens pas chers de San Francisco \u00e0 Sacramento.<\/p>\n<h2>FAQ sur la r\u00e9servation en ligne d&#039;un taxi a\u00e9rien pas cher de Sacramento \u00e0 San Francisco<\/h2>\n<h3>Quelle est la distance entre San Francisco et Sacramento ?<\/h3>\n<p>La distance du taxi drone de Sacramento \u00e0 San Francisco est de 75 miles \/ 121 km.<\/p>\n<h3>Que sont les taxis volants \u00e9lectriques eVLTO de Sacramento \u00e0 San Francisco ?<\/h3>\n<p><!--{cke_protected}{C}%3C!%2D%2D%20%2Fwp%3Aheading%20%2D%2D%3E--><!--{cke_protected}{C}%3C!%2D%2D%20wp%3Aparagraph%20%2D%2D%3E-->Les taxis volants \u00e9lectriques de Sacramento \u00e0 San Francisco, appel\u00e9s eVTOL (d\u00e9collage et atterrissage verticaux \u00e9lectriques), sont con\u00e7us pour transporter des personnes dans l&#039;atmosph\u00e8re urbaine et urbaine.<\/p>\n<h3>Les taxis a\u00e9riens \u00e9lectriques de Sacramento \u00e0 San Francisco sont des transports publics \u00e0 grande vitesse<\/h3>\n<p><!--{cke_protected}{C}%3C!%2D%2D%20%2Fwp%3Aheading%20%2D%2D%3E--><!--{cke_protected}{C}%3C!%2D%2D%20wp%3Aparagraph%20%2D%2D%3E-->Le meilleur avantage des drones taxis a\u00e9riens de Sacramento \u00e0 San Francisco est sa grande vitesse. C&#039;est le mode de transport le plus rapide et donc le moyen le plus parfait o\u00f9 le temps est un facteur vital.<\/p>\n<h3>Le taxi volant par drone de Sacramento \u00e0 San Francisco a de tr\u00e8s faibles \u00e9missions de carbone<\/h3>\n<p>Les taxis drones de Sacramento \u00e0 San Francisco utilisent l&#039;\u00e9lectricit\u00e9 pour alimenter leurs v\u00e9hicules. Ainsi, les taxis drones n&#039;\u00e9mettront pas de gaz \u00e0 effet de serre. Par cons\u00e9quent, ces taxis peuvent contribuer \u00e0 r\u00e9duire l&#039;impact du changement climatique. Alors r\u00e9servez votre taxi avec l&#039;aide d&#039;un taxi drone de Sacramento \u00e0 San Francisco maintenant.<\/p>\n<h2>Vols bon march\u00e9 de San Francisco \u00e0 Sacramento<\/h2>\n<p>Les vols pas chers avec drone de San Francisco \u00e0 Sacramento offrent le plus grand nombre de vols sans escale entre Los Angeles et Santa Barbara.<\/p>","protected":false},"excerpt":{"rendered":"<p>Looking for cheap flights from San Francisco to Sacramento? Search, compare and book cheap flight tickets from San Francisco to Sacramento online now. Electric air taxi from Sacramento to San Francisco online booking will be possible soon. The Tiketi.com app helps you search, compare and book cheap flights from San Francisco to Sacramento\u00a0online.\u00a0Popular for its [&hellip;]<\/p>\n","protected":false},"author":1,"featured_media":16834,"parent":0,"menu_order":0,"comment_status":"open","ping_status":"closed","template":"template-home-modern.php","meta":{"footnotes":""},"class_list":["post-10393","page","type-page","status-publish","has-post-thumbnail","hentry"],"yoast_head":"<!-- This site is optimized with the Yoast SEO plugin v27.3 - https:\/\/yoast.com\/product\/yoast-seo-wordpress\/ -->\n<title>Air Taxi from Sacramento to San Francisco Online Booking - Cheap Flights<\/title>\n<meta name=\"description\" content=\"Looking for cheap air taxi from Sacramento to San Francisco online booking app? Compare and book cheap flights from San Francisco to Sacramento\" \/>\n<meta name=\"robots\" content=\"index, follow, max-snippet:-1, max-image-preview:large, max-video-preview:-1\" \/>\n<link rel=\"canonical\" href=\"https:\/\/tiketi.com\/fr-fr\/air-taxi-from-san-francisco-to-sacramento\/\" \/>\n<meta property=\"og:locale\" content=\"fr_FR\" \/>\n<meta property=\"og:type\" content=\"article\" \/>\n<meta property=\"og:title\" content=\"Air Taxi from Sacramento to San Francisco Online Booking - Cheap Flights\" \/>\n<meta property=\"og:description\" content=\"Looking for cheap air taxi from Sacramento to San Francisco online booking app? Compare and book cheap flights from San Francisco to Sacramento\" \/>\n<meta property=\"og:url\" content=\"https:\/\/tiketi.com\/fr-fr\/air-taxi-from-san-francisco-to-sacramento\/\" \/>\n<meta property=\"og:site_name\" content=\"Tiketi.com\" \/>\n<meta property=\"article:publisher\" content=\"https:\/\/www.facebook.com\/TiketiCom\/\" \/>\n<meta property=\"article:modified_time\" content=\"2022-02-04T20:21:29+00:00\" \/>\n<meta property=\"og:image\" content=\"https:\/\/tiketi.com\/wp-content\/uploads\/2022\/02\/san-francisco-panorama-2154.jpg\" \/>\n\t<meta property=\"og:image:width\" content=\"1200\" \/>\n\t<meta property=\"og:image:height\" content=\"200\" \/>\n\t<meta property=\"og:image:type\" content=\"image\/jpeg\" \/>\n<meta name=\"twitter:card\" content=\"summary_large_image\" \/>\n<meta name=\"twitter:label1\" content=\"Dur\u00e9e de lecture estim\u00e9e\" \/>\n\t<meta name=\"twitter:data1\" content=\"2 minutes\" \/>\n<script type=\"application\/ld+json\" class=\"yoast-schema-graph\">{\"@context\":\"https:\\\/\\\/schema.org\",\"@graph\":[{\"@type\":\"WebPage\",\"@id\":\"https:\\\/\\\/tiketi.com\\\/air-taxi-from-san-francisco-to-sacramento\\\/\",\"url\":\"https:\\\/\\\/tiketi.com\\\/air-taxi-from-san-francisco-to-sacramento\\\/\",\"name\":\"Air Taxi from Sacramento to San Francisco Online Booking - Cheap Flights\",\"isPartOf\":{\"@id\":\"https:\\\/\\\/tiketi.com\\\/#website\"},\"primaryImageOfPage\":{\"@id\":\"https:\\\/\\\/tiketi.com\\\/air-taxi-from-san-francisco-to-sacramento\\\/#primaryimage\"},\"image\":{\"@id\":\"https:\\\/\\\/tiketi.com\\\/air-taxi-from-san-francisco-to-sacramento\\\/#primaryimage\"},\"thumbnailUrl\":\"https:\\\/\\\/tiketi.com\\\/wp-content\\\/uploads\\\/2022\\\/02\\\/san-francisco-panorama-2154.jpg\",\"datePublished\":\"2022-01-19T11:53:19+00:00\",\"dateModified\":\"2022-02-04T20:21:29+00:00\",\"description\":\"Looking for cheap air taxi from Sacramento to San Francisco online booking app? Compare and book cheap flights from San Francisco to Sacramento\",\"breadcrumb\":{\"@id\":\"https:\\\/\\\/tiketi.com\\\/air-taxi-from-san-francisco-to-sacramento\\\/#breadcrumb\"},\"inLanguage\":\"fr-FR\",\"potentialAction\":[{\"@type\":\"ReadAction\",\"target\":[\"https:\\\/\\\/tiketi.com\\\/air-taxi-from-san-francisco-to-sacramento\\\/\"]}]},{\"@type\":\"ImageObject\",\"inLanguage\":\"fr-FR\",\"@id\":\"https:\\\/\\\/tiketi.com\\\/air-taxi-from-san-francisco-to-sacramento\\\/#primaryimage\",\"url\":\"https:\\\/\\\/tiketi.com\\\/wp-content\\\/uploads\\\/2022\\\/02\\\/san-francisco-panorama-2154.jpg\",\"contentUrl\":\"https:\\\/\\\/tiketi.com\\\/wp-content\\\/uploads\\\/2022\\\/02\\\/san-francisco-panorama-2154.jpg\",\"width\":1200,\"height\":200,\"caption\":\"Air Taxi in San Francisco\"},{\"@type\":\"BreadcrumbList\",\"@id\":\"https:\\\/\\\/tiketi.com\\\/air-taxi-from-san-francisco-to-sacramento\\\/#breadcrumb\",\"itemListElement\":[{\"@type\":\"ListItem\",\"position\":1,\"name\":\"Home\",\"item\":\"https:\\\/\\\/tiketi.com\\\/\"},{\"@type\":\"ListItem\",\"position\":2,\"name\":\"Air Taxi from Sacramento to San Francisco\"}]},{\"@type\":\"WebSite\",\"@id\":\"https:\\\/\\\/tiketi.com\\\/#website\",\"url\":\"https:\\\/\\\/tiketi.com\\\/\",\"name\":\"Flight & Bus Tickets, Tour Packages & Activitites - Tiketi.com\",\"description\":\"Flight &amp; Bus Tickets, Tours, Activitites\",\"publisher\":{\"@id\":\"https:\\\/\\\/tiketi.com\\\/#organization\"},\"potentialAction\":[{\"@type\":\"SearchAction\",\"target\":{\"@type\":\"EntryPoint\",\"urlTemplate\":\"https:\\\/\\\/tiketi.com\\\/?s={search_term_string}\"},\"query-input\":{\"@type\":\"PropertyValueSpecification\",\"valueRequired\":true,\"valueName\":\"search_term_string\"}}],\"inLanguage\":\"fr-FR\"},{\"@type\":\"Organization\",\"@id\":\"https:\\\/\\\/tiketi.com\\\/#organization\",\"name\":\"Tiketi.com\",\"alternateName\":\"Tiketi\",\"url\":\"https:\\\/\\\/tiketi.com\\\/\",\"logo\":{\"@type\":\"ImageObject\",\"inLanguage\":\"fr-FR\",\"@id\":\"https:\\\/\\\/tiketi.com\\\/#\\\/schema\\\/logo\\\/image\\\/\",\"url\":\"https:\\\/\\\/tiketi.com\\\/wp-content\\\/uploads\\\/2019\\\/05\\\/tiketi-logo-696.png\",\"contentUrl\":\"https:\\\/\\\/tiketi.com\\\/wp-content\\\/uploads\\\/2019\\\/05\\\/tiketi-logo-696.png\",\"width\":696,\"height\":696,\"caption\":\"Tiketi.com\"},\"image\":{\"@id\":\"https:\\\/\\\/tiketi.com\\\/#\\\/schema\\\/logo\\\/image\\\/\"},\"sameAs\":[\"https:\\\/\\\/www.facebook.com\\\/TiketiCom\\\/\"]}]}<\/script>\n<!-- \/ Yoast SEO plugin. -->","yoast_head_json":{"title":"Taxi a\u00e9rien de Sacramento \u00e0 San Francisco R\u00e9servation en ligne - Vols pas chers","description":"Vous recherchez une application de r\u00e9servation en ligne de taxi a\u00e9rien pas cher de Sacramento \u00e0 San Francisco? Comparez et r\u00e9servez des vols pas chers de San Francisco \u00e0 Sacramento","robots":{"index":"index","follow":"follow","max-snippet":"max-snippet:-1","max-image-preview":"max-image-preview:large","max-video-preview":"max-video-preview:-1"},"canonical":"https:\/\/tiketi.com\/fr-fr\/air-taxi-from-san-francisco-to-sacramento\/","og_locale":"fr_FR","og_type":"article","og_title":"Air Taxi from Sacramento to San Francisco Online Booking - Cheap Flights","og_description":"Looking for cheap air taxi from Sacramento to San Francisco online booking app? Compare and book cheap flights from San Francisco to Sacramento","og_url":"https:\/\/tiketi.com\/fr-fr\/air-taxi-from-san-francisco-to-sacramento\/","og_site_name":"Tiketi.com","article_publisher":"https:\/\/www.facebook.com\/TiketiCom\/","article_modified_time":"2022-02-04T20:21:29+00:00","og_image":[{"width":1200,"height":200,"url":"https:\/\/tiketi.com\/wp-content\/uploads\/2022\/02\/san-francisco-panorama-2154.jpg","type":"image\/jpeg"}],"twitter_card":"summary_large_image","twitter_misc":{"Dur\u00e9e de lecture estim\u00e9e":"2 minutes"},"schema":{"@context":"https:\/\/schema.org","@graph":[{"@type":"WebPage","@id":"https:\/\/tiketi.com\/air-taxi-from-san-francisco-to-sacramento\/","url":"https:\/\/tiketi.com\/air-taxi-from-san-francisco-to-sacramento\/","name":"Taxi a\u00e9rien de Sacramento \u00e0 San Francisco R\u00e9servation en ligne - Vols pas chers","isPartOf":{"@id":"https:\/\/tiketi.com\/#website"},"primaryImageOfPage":{"@id":"https:\/\/tiketi.com\/air-taxi-from-san-francisco-to-sacramento\/#primaryimage"},"image":{"@id":"https:\/\/tiketi.com\/air-taxi-from-san-francisco-to-sacramento\/#primaryimage"},"thumbnailUrl":"https:\/\/tiketi.com\/wp-content\/uploads\/2022\/02\/san-francisco-panorama-2154.jpg","datePublished":"2022-01-19T11:53:19+00:00","dateModified":"2022-02-04T20:21:29+00:00","description":"Vous recherchez une application de r\u00e9servation en ligne de taxi a\u00e9rien pas cher de Sacramento \u00e0 San Francisco? Comparez et r\u00e9servez des vols pas chers de San Francisco \u00e0 Sacramento","breadcrumb":{"@id":"https:\/\/tiketi.com\/air-taxi-from-san-francisco-to-sacramento\/#breadcrumb"},"inLanguage":"fr-FR","potentialAction":[{"@type":"ReadAction","target":["https:\/\/tiketi.com\/air-taxi-from-san-francisco-to-sacramento\/"]}]},{"@type":"ImageObject","inLanguage":"fr-FR","@id":"https:\/\/tiketi.com\/air-taxi-from-san-francisco-to-sacramento\/#primaryimage","url":"https:\/\/tiketi.com\/wp-content\/uploads\/2022\/02\/san-francisco-panorama-2154.jpg","contentUrl":"https:\/\/tiketi.com\/wp-content\/uploads\/2022\/02\/san-francisco-panorama-2154.jpg","width":1200,"height":200,"caption":"Air Taxi in San Francisco"},{"@type":"BreadcrumbList","@id":"https:\/\/tiketi.com\/air-taxi-from-san-francisco-to-sacramento\/#breadcrumb","itemListElement":[{"@type":"ListItem","position":1,"name":"Home","item":"https:\/\/tiketi.com\/"},{"@type":"ListItem","position":2,"name":"Air Taxi from Sacramento to San Francisco"}]},{"@type":"WebSite","@id":"https:\/\/tiketi.com\/#website","url":"https:\/\/tiketi.com\/","name":"Billets d&#039;avion et de bus, forfaits touristiques et activit\u00e9s - Tiketi.com","description":"Billets d&#039;avion et de bus, Tours, Activit\u00e9s","publisher":{"@id":"https:\/\/tiketi.com\/#organization"},"potentialAction":[{"@type":"SearchAction","target":{"@type":"EntryPoint","urlTemplate":"https:\/\/tiketi.com\/?s={search_term_string}"},"query-input":{"@type":"PropertyValueSpecification","valueRequired":true,"valueName":"search_term_string"}}],"inLanguage":"fr-FR"},{"@type":"Organization","@id":"https:\/\/tiketi.com\/#organization","name":"Tiketi.com","alternateName":"Tiketi","url":"https:\/\/tiketi.com\/","logo":{"@type":"ImageObject","inLanguage":"fr-FR","@id":"https:\/\/tiketi.com\/#\/schema\/logo\/image\/","url":"https:\/\/tiketi.com\/wp-content\/uploads\/2019\/05\/tiketi-logo-696.png","contentUrl":"https:\/\/tiketi.com\/wp-content\/uploads\/2019\/05\/tiketi-logo-696.png","width":696,"height":696,"caption":"Tiketi.com"},"image":{"@id":"https:\/\/tiketi.com\/#\/schema\/logo\/image\/"},"sameAs":["https:\/\/www.facebook.com\/TiketiCom\/"]}]}},"_links":{"self":[{"href":"https:\/\/tiketi.com\/fr-fr\/wp-json\/wp\/v2\/pages\/10393","targetHints":{"allow":["GET"]}}],"collection":[{"href":"https:\/\/tiketi.com\/fr-fr\/wp-json\/wp\/v2\/pages"}],"about":[{"href":"https:\/\/tiketi.com\/fr-fr\/wp-json\/wp\/v2\/types\/page"}],"author":[{"embeddable":true,"href":"https:\/\/tiketi.com\/fr-fr\/wp-json\/wp\/v2\/users\/1"}],"replies":[{"embeddable":true,"href":"https:\/\/tiketi.com\/fr-fr\/wp-json\/wp\/v2\/comments?post=10393"}],"version-history":[{"count":0,"href":"https:\/\/tiketi.com\/fr-fr\/wp-json\/wp\/v2\/pages\/10393\/revisions"}],"wp:featuredmedia":[{"embeddable":true,"href":"https:\/\/tiketi.com\/fr-fr\/wp-json\/wp\/v2\/media\/16834"}],"wp:attachment":[{"href":"https:\/\/tiketi.com\/fr-fr\/wp-json\/wp\/v2\/media?parent=10393"}],"curies":[{"name":"wp","href":"https:\/\/api.w.org\/{rel}","templated":true}]}}