{"id":10398,"date":"2022-01-19T12:53:19","date_gmt":"2022-01-19T11:53:19","guid":{"rendered":"https:\/\/new.tiketi.com\/cheap-flights-air-taxi-from-nassau-to-miami\/"},"modified":"2022-02-04T17:42:25","modified_gmt":"2022-02-04T16:42:25","slug":"air-taxi-from-miami-to-nassau","status":"publish","type":"page","link":"https:\/\/tiketi.com\/fr-fr\/air-taxi-from-miami-to-nassau\/","title":{"rendered":"Taxi a\u00e9rien de Nassau \u00e0 Miami R\u00e9servation en ligne"},"content":{"rendered":"<h2>Vous recherchez des vols \u00e0 bas prix au Miami vers Nassau?<\/h2>\n<h3>Recherchez, comparez et r\u00e9servez des billets d&#039;avion pas chers de Miami \u00e0 Nassau en ligne d\u00e8s maintenant.<\/h3>\nLa r\u00e9servation en ligne de taxi a\u00e9rien \u00e9lectrique de Nassau \u00e0 Miami sera bient\u00f4t possible. L&#039;application Tiketi.com vous aide \u00e0 rechercher, comparer et r\u00e9server en ligne des vols pas chers de Miami \u00e0 Nassau. De belles plages, une vie nocturne de classe mondiale et des possibilit\u00e9s de shopping illimit\u00e9es ne sont que quelques-unes des choses qui font la renomm\u00e9e de Miami. La ville b\u00e9n\u00e9ficie d&#039;un climat chaud et se trouve au bord des eaux incroyables de l&#039;oc\u00e9an Atlantique et de la baie de Biscayne. Longtemps un lieu touristique c\u00e9l\u00e8bre, elle offre tout ce que vous pouvez attendre d&#039;une ville pour des vacances en Floride. Visiter Miami, c\u2019est bien plus que visiter une seule ville. C&#039;est l&#039;occasion d&#039;explorer de nombreux quartiers sp\u00e9ciaux, chacun avec une culture, un style et une architecture distincts. Des b\u00e2timents Art d\u00e9co de Miami Beach aux maisons \u00e0 sensations fortes de Little Havana, il existe une gamme incroyable d&#039;attractions touristiques \u00e0 Miami que vous pourrez appr\u00e9cier et admirer. Trouvez et comparez les billets d&#039;avion de Miami \u00e0 Nassau et r\u00e9servez d\u00e8s maintenant en ligne des offres int\u00e9ressantes sur les taxis a\u00e9riens bon march\u00e9 de Miami \u00e0 Nassau.\n\n<!-- \/wp:post-content --><!-- wp:paragraph -->\n\nC&#039;est aussi l&#039;une des dix premi\u00e8res r\u00e9gions m\u00e9tropolitaines de la plan\u00e8te. Miami est une ville internationale avec une puissante influence dans le divertissement, les arts, le commerce et la finance, et la ville accueille le plus grand d\u00e9fil\u00e9 de la fiert\u00e9 gay de la plan\u00e8te. Connue famili\u00e8rement sous le nom de Cidade da Garoa ou Sampa, la municipalit\u00e9 comptait en 2011 une population de 11,32 millions d&#039;habitants.\n\n<!-- \/wp:paragraph --><!-- wp:paragraph -->\n\nMiami est l&#039;une des villes les plus riches de l&#039;h\u00e9misph\u00e8re sud, bien que l&#039;in\u00e9galit\u00e9 entre les classes g\u00e9n\u00e9ralement observ\u00e9e \u00e0 Miami soit d\u00e9lib\u00e9r\u00e9e. Historiquement \u00e9tonnante pour les immigrants et les Br\u00e9siliens d&#039;autres \u00c9tats, c&#039;est l&#039;une des villes les plus diverses de la plan\u00e8te.\n<h2>Taxi a\u00e9rien abordable de Nassau \u00e0 Miami R\u00e9servation en ligne FAQ<\/h2>\n<h3>Quelle est la distance entre Nassau et Miami ?<\/h3>\nLa distance du vol drone taxi de Nassau \u00e0 Miami est de 184 miles \/ 296 km.\n<h3>Que sont les taxis volants \u00e9lectriques eVLTO de Nassau \u00e0 Miami ?<\/h3>\n<!--{cke_protected}{C}%3C!%2D%2D%20%2Fwp%3Aheading%20%2D%2D%3E--><!--{cke_protected}{C}%3C!%2D%2D%20wp%3Aparagraph%20%2D%2D%3E-->Les taxis volants \u00e9lectriques reliant Nassau \u00e0 Miami, appel\u00e9s eVTOL (d\u00e9collage et atterrissage verticaux \u00e9lectriques), sont con\u00e7us pour transporter des personnes dans une atmosph\u00e8re urbaine et urbaine.\n<h3>Les taxis a\u00e9riens \u00e9lectriques de Nassau \u00e0 Miami sont des transports publics \u00e0 grande vitesse<\/h3>\n<!--{cke_protected}{C}%3C!%2D%2D%20%2Fwp%3Aheading%20%2D%2D%3E--><!--{cke_protected}{C}%3C!%2D%2D%20wp%3Aparagraph%20%2D%2D%3E-->Le meilleur avantage des taxis a\u00e9riens par drones de Nassau \u00e0 Miami est sa vitesse \u00e9lev\u00e9e. C&#039;est le mode de transport le plus rapide et donc le moyen le plus parfait l\u00e0 o\u00f9 le temps est un facteur essentiel.\n<h3>Le taxi volant par drone de Nassau \u00e0 Miami a de tr\u00e8s faibles \u00e9missions de carbone<\/h3>\nLes producteurs de taxi drone de Nassau \u00e0 Miami utilisent l\u2019\u00e9lectricit\u00e9 pour alimenter leurs v\u00e9hicules. Ainsi, les taxis drones n\u2019\u00e9mettent pas de gaz \u00e0 effet de serre. Par cons\u00e9quent, ces taxis peuvent contribuer \u00e0 r\u00e9duire l\u2019impact du changement climatique. Alors r\u00e9servez votre taxi avec l&#039;aide d&#039;un taxi drone de Nassau \u00e0 Miami d\u00e8s maintenant.\n<h2>Conseils pour les vols pas chers de Miami \u00e0 Nassau<\/h2>\nLes vols pas chers par drone de Miami \u00e0 Nassau offrent le plus de vols sans escale entre Miami et Nassau.","protected":false},"excerpt":{"rendered":"<p>Looking for cheap flights from Miami to Nassau? Search, compare and book cheap flight tickets from Miami to Nassau online now. Electric air taxi from Nassau to Miami\u00a0online booking will be possible soon. The Tiketi.com app helps you search, compare and book cheap flights from Miami to Nassau online.\u00a0Beautiful beaches, world class nightlife and limitless [&hellip;]<\/p>\n","protected":false},"author":1,"featured_media":16816,"parent":0,"menu_order":0,"comment_status":"open","ping_status":"closed","template":"template-home-modern.php","meta":{"footnotes":""},"class_list":["post-10398","page","type-page","status-publish","has-post-thumbnail","hentry"],"yoast_head":"<!-- This site is optimized with the Yoast SEO plugin v27.3 - https:\/\/yoast.com\/product\/yoast-seo-wordpress\/ -->\n<title>Air Taxi from Nassau to Miami Online Booking - Cheap Flights<\/title>\n<meta name=\"description\" content=\"Looking for cheap air taxi from Nassau to Miami online booking app? Compare and book cheap flights from Miami to Nassau\" \/>\n<meta name=\"robots\" content=\"index, follow, max-snippet:-1, max-image-preview:large, max-video-preview:-1\" \/>\n<link rel=\"canonical\" href=\"https:\/\/tiketi.com\/fr-fr\/air-taxi-from-miami-to-nassau\/\" \/>\n<meta property=\"og:locale\" content=\"fr_FR\" \/>\n<meta property=\"og:type\" content=\"article\" \/>\n<meta property=\"og:title\" content=\"Air Taxi from Nassau to Miami Online Booking - Cheap Flights\" \/>\n<meta property=\"og:description\" content=\"Looking for cheap air taxi from Nassau to Miami online booking app? Compare and book cheap flights from Miami to Nassau\" \/>\n<meta property=\"og:url\" content=\"https:\/\/tiketi.com\/fr-fr\/air-taxi-from-miami-to-nassau\/\" \/>\n<meta property=\"og:site_name\" content=\"Tiketi.com\" \/>\n<meta property=\"article:publisher\" content=\"https:\/\/www.facebook.com\/TiketiCom\/\" \/>\n<meta property=\"article:modified_time\" content=\"2022-02-04T16:42:25+00:00\" \/>\n<meta property=\"og:image\" content=\"https:\/\/tiketi.com\/wp-content\/uploads\/2022\/02\/miami-panorama-2117310_1280.jpg\" \/>\n\t<meta property=\"og:image:width\" content=\"1200\" \/>\n\t<meta property=\"og:image:height\" content=\"201\" \/>\n\t<meta property=\"og:image:type\" content=\"image\/jpeg\" \/>\n<meta name=\"twitter:card\" content=\"summary_large_image\" \/>\n<meta name=\"twitter:label1\" content=\"Dur\u00e9e de lecture estim\u00e9e\" \/>\n\t<meta name=\"twitter:data1\" content=\"3 minutes\" \/>\n<script type=\"application\/ld+json\" class=\"yoast-schema-graph\">{\"@context\":\"https:\\\/\\\/schema.org\",\"@graph\":[{\"@type\":\"WebPage\",\"@id\":\"https:\\\/\\\/tiketi.com\\\/fr-fr\\\/air-taxi-from-miami-to-nassau\\\/\",\"url\":\"https:\\\/\\\/tiketi.com\\\/fr-fr\\\/air-taxi-from-miami-to-nassau\\\/\",\"name\":\"Air Taxi from Nassau to Miami Online Booking - Cheap Flights\",\"isPartOf\":{\"@id\":\"https:\\\/\\\/tiketi.com\\\/#website\"},\"primaryImageOfPage\":{\"@id\":\"https:\\\/\\\/tiketi.com\\\/fr-fr\\\/air-taxi-from-miami-to-nassau\\\/#primaryimage\"},\"image\":{\"@id\":\"https:\\\/\\\/tiketi.com\\\/fr-fr\\\/air-taxi-from-miami-to-nassau\\\/#primaryimage\"},\"thumbnailUrl\":\"https:\\\/\\\/tiketi.com\\\/wp-content\\\/uploads\\\/2022\\\/02\\\/miami-panorama-2117310_1280.jpg\",\"datePublished\":\"2022-01-19T11:53:19+00:00\",\"dateModified\":\"2022-02-04T16:42:25+00:00\",\"description\":\"Looking for cheap air taxi from Nassau to Miami online booking app? Compare and book cheap flights from Miami to Nassau\",\"breadcrumb\":{\"@id\":\"https:\\\/\\\/tiketi.com\\\/fr-fr\\\/air-taxi-from-miami-to-nassau\\\/#breadcrumb\"},\"inLanguage\":\"fr-FR\",\"potentialAction\":[{\"@type\":\"ReadAction\",\"target\":[\"https:\\\/\\\/tiketi.com\\\/fr-fr\\\/air-taxi-from-miami-to-nassau\\\/\"]}]},{\"@type\":\"ImageObject\",\"inLanguage\":\"fr-FR\",\"@id\":\"https:\\\/\\\/tiketi.com\\\/fr-fr\\\/air-taxi-from-miami-to-nassau\\\/#primaryimage\",\"url\":\"https:\\\/\\\/tiketi.com\\\/wp-content\\\/uploads\\\/2022\\\/02\\\/miami-panorama-2117310_1280.jpg\",\"contentUrl\":\"https:\\\/\\\/tiketi.com\\\/wp-content\\\/uploads\\\/2022\\\/02\\\/miami-panorama-2117310_1280.jpg\",\"width\":1200,\"height\":201,\"caption\":\"Taxi in Miami\"},{\"@type\":\"BreadcrumbList\",\"@id\":\"https:\\\/\\\/tiketi.com\\\/fr-fr\\\/air-taxi-from-miami-to-nassau\\\/#breadcrumb\",\"itemListElement\":[{\"@type\":\"ListItem\",\"position\":1,\"name\":\"Home\",\"item\":\"https:\\\/\\\/tiketi.com\\\/\"},{\"@type\":\"ListItem\",\"position\":2,\"name\":\"Air Taxi from Nassau to Miami Online Booking\"}]},{\"@type\":\"WebSite\",\"@id\":\"https:\\\/\\\/tiketi.com\\\/#website\",\"url\":\"https:\\\/\\\/tiketi.com\\\/\",\"name\":\"Flight & Bus Tickets, Tour Packages & Activitites - Tiketi.com\",\"description\":\"Flight &amp; Bus Tickets, Tours, Activitites\",\"publisher\":{\"@id\":\"https:\\\/\\\/tiketi.com\\\/#organization\"},\"potentialAction\":[{\"@type\":\"SearchAction\",\"target\":{\"@type\":\"EntryPoint\",\"urlTemplate\":\"https:\\\/\\\/tiketi.com\\\/?s={search_term_string}\"},\"query-input\":{\"@type\":\"PropertyValueSpecification\",\"valueRequired\":true,\"valueName\":\"search_term_string\"}}],\"inLanguage\":\"fr-FR\"},{\"@type\":\"Organization\",\"@id\":\"https:\\\/\\\/tiketi.com\\\/#organization\",\"name\":\"Tiketi.com\",\"alternateName\":\"Tiketi\",\"url\":\"https:\\\/\\\/tiketi.com\\\/\",\"logo\":{\"@type\":\"ImageObject\",\"inLanguage\":\"fr-FR\",\"@id\":\"https:\\\/\\\/tiketi.com\\\/#\\\/schema\\\/logo\\\/image\\\/\",\"url\":\"https:\\\/\\\/tiketi.com\\\/wp-content\\\/uploads\\\/2019\\\/05\\\/tiketi-logo-696.png\",\"contentUrl\":\"https:\\\/\\\/tiketi.com\\\/wp-content\\\/uploads\\\/2019\\\/05\\\/tiketi-logo-696.png\",\"width\":696,\"height\":696,\"caption\":\"Tiketi.com\"},\"image\":{\"@id\":\"https:\\\/\\\/tiketi.com\\\/#\\\/schema\\\/logo\\\/image\\\/\"},\"sameAs\":[\"https:\\\/\\\/www.facebook.com\\\/TiketiCom\\\/\"]}]}<\/script>\n<!-- \/ Yoast SEO plugin. -->","yoast_head_json":{"title":"Taxi a\u00e9rien de Nassau \u00e0 Miami R\u00e9servation en ligne - Vols pas chers","description":"Vous recherchez une application de r\u00e9servation en ligne de taxi a\u00e9rien pas cher de Nassau \u00e0 Miami ? Comparez et r\u00e9servez des vols pas chers de Miami \u00e0 Nassau","robots":{"index":"index","follow":"follow","max-snippet":"max-snippet:-1","max-image-preview":"max-image-preview:large","max-video-preview":"max-video-preview:-1"},"canonical":"https:\/\/tiketi.com\/fr-fr\/air-taxi-from-miami-to-nassau\/","og_locale":"fr_FR","og_type":"article","og_title":"Air Taxi from Nassau to Miami Online Booking - Cheap Flights","og_description":"Looking for cheap air taxi from Nassau to Miami online booking app? Compare and book cheap flights from Miami to Nassau","og_url":"https:\/\/tiketi.com\/fr-fr\/air-taxi-from-miami-to-nassau\/","og_site_name":"Tiketi.com","article_publisher":"https:\/\/www.facebook.com\/TiketiCom\/","article_modified_time":"2022-02-04T16:42:25+00:00","og_image":[{"width":1200,"height":201,"url":"https:\/\/tiketi.com\/wp-content\/uploads\/2022\/02\/miami-panorama-2117310_1280.jpg","type":"image\/jpeg"}],"twitter_card":"summary_large_image","twitter_misc":{"Dur\u00e9e de lecture estim\u00e9e":"3 minutes"},"schema":{"@context":"https:\/\/schema.org","@graph":[{"@type":"WebPage","@id":"https:\/\/tiketi.com\/fr-fr\/air-taxi-from-miami-to-nassau\/","url":"https:\/\/tiketi.com\/fr-fr\/air-taxi-from-miami-to-nassau\/","name":"Taxi a\u00e9rien de Nassau \u00e0 Miami R\u00e9servation en ligne - Vols pas chers","isPartOf":{"@id":"https:\/\/tiketi.com\/#website"},"primaryImageOfPage":{"@id":"https:\/\/tiketi.com\/fr-fr\/air-taxi-from-miami-to-nassau\/#primaryimage"},"image":{"@id":"https:\/\/tiketi.com\/fr-fr\/air-taxi-from-miami-to-nassau\/#primaryimage"},"thumbnailUrl":"https:\/\/tiketi.com\/wp-content\/uploads\/2022\/02\/miami-panorama-2117310_1280.jpg","datePublished":"2022-01-19T11:53:19+00:00","dateModified":"2022-02-04T16:42:25+00:00","description":"Vous recherchez une application de r\u00e9servation en ligne de taxi a\u00e9rien pas cher de Nassau \u00e0 Miami ? Comparez et r\u00e9servez des vols pas chers de Miami \u00e0 Nassau","breadcrumb":{"@id":"https:\/\/tiketi.com\/fr-fr\/air-taxi-from-miami-to-nassau\/#breadcrumb"},"inLanguage":"fr-FR","potentialAction":[{"@type":"ReadAction","target":["https:\/\/tiketi.com\/fr-fr\/air-taxi-from-miami-to-nassau\/"]}]},{"@type":"ImageObject","inLanguage":"fr-FR","@id":"https:\/\/tiketi.com\/fr-fr\/air-taxi-from-miami-to-nassau\/#primaryimage","url":"https:\/\/tiketi.com\/wp-content\/uploads\/2022\/02\/miami-panorama-2117310_1280.jpg","contentUrl":"https:\/\/tiketi.com\/wp-content\/uploads\/2022\/02\/miami-panorama-2117310_1280.jpg","width":1200,"height":201,"caption":"Taxi in Miami"},{"@type":"BreadcrumbList","@id":"https:\/\/tiketi.com\/fr-fr\/air-taxi-from-miami-to-nassau\/#breadcrumb","itemListElement":[{"@type":"ListItem","position":1,"name":"Home","item":"https:\/\/tiketi.com\/"},{"@type":"ListItem","position":2,"name":"Air Taxi from Nassau to Miami Online Booking"}]},{"@type":"WebSite","@id":"https:\/\/tiketi.com\/#website","url":"https:\/\/tiketi.com\/","name":"Billets d&#039;avion et de bus, forfaits touristiques et activit\u00e9s - Tiketi.com","description":"Billets d&#039;avion et de bus, Tours, Activit\u00e9s","publisher":{"@id":"https:\/\/tiketi.com\/#organization"},"potentialAction":[{"@type":"SearchAction","target":{"@type":"EntryPoint","urlTemplate":"https:\/\/tiketi.com\/?s={search_term_string}"},"query-input":{"@type":"PropertyValueSpecification","valueRequired":true,"valueName":"search_term_string"}}],"inLanguage":"fr-FR"},{"@type":"Organization","@id":"https:\/\/tiketi.com\/#organization","name":"Tiketi.com","alternateName":"Tiketi","url":"https:\/\/tiketi.com\/","logo":{"@type":"ImageObject","inLanguage":"fr-FR","@id":"https:\/\/tiketi.com\/#\/schema\/logo\/image\/","url":"https:\/\/tiketi.com\/wp-content\/uploads\/2019\/05\/tiketi-logo-696.png","contentUrl":"https:\/\/tiketi.com\/wp-content\/uploads\/2019\/05\/tiketi-logo-696.png","width":696,"height":696,"caption":"Tiketi.com"},"image":{"@id":"https:\/\/tiketi.com\/#\/schema\/logo\/image\/"},"sameAs":["https:\/\/www.facebook.com\/TiketiCom\/"]}]}},"_links":{"self":[{"href":"https:\/\/tiketi.com\/fr-fr\/wp-json\/wp\/v2\/pages\/10398","targetHints":{"allow":["GET"]}}],"collection":[{"href":"https:\/\/tiketi.com\/fr-fr\/wp-json\/wp\/v2\/pages"}],"about":[{"href":"https:\/\/tiketi.com\/fr-fr\/wp-json\/wp\/v2\/types\/page"}],"author":[{"embeddable":true,"href":"https:\/\/tiketi.com\/fr-fr\/wp-json\/wp\/v2\/users\/1"}],"replies":[{"embeddable":true,"href":"https:\/\/tiketi.com\/fr-fr\/wp-json\/wp\/v2\/comments?post=10398"}],"version-history":[{"count":0,"href":"https:\/\/tiketi.com\/fr-fr\/wp-json\/wp\/v2\/pages\/10398\/revisions"}],"wp:featuredmedia":[{"embeddable":true,"href":"https:\/\/tiketi.com\/fr-fr\/wp-json\/wp\/v2\/media\/16816"}],"wp:attachment":[{"href":"https:\/\/tiketi.com\/fr-fr\/wp-json\/wp\/v2\/media?parent=10398"}],"curies":[{"name":"wp","href":"https:\/\/api.w.org\/{rel}","templated":true}]}}