{"id":10407,"date":"2022-01-19T12:53:19","date_gmt":"2022-01-19T11:53:19","guid":{"rendered":"https:\/\/new.tiketi.com\/cheap-flights-air-taxi-from-osasco-to-sao-paulo-centro\/"},"modified":"2022-02-04T19:10:21","modified_gmt":"2022-02-04T18:10:21","slug":"air-taxi-from-sao-paulo-to-guarulhos-osasco","status":"publish","type":"page","link":"https:\/\/tiketi.com\/fr-fr\/air-taxi-from-sao-paulo-to-guarulhos-osasco\/","title":{"rendered":"Air Taxi from Osasco to Sao Paulo Centro Online Booking"},"content":{"rendered":"<h2>Looking for cheap flights from Sao Paulo to Osasco?<\/h2>\n<h3>Search, compare and book cheap flight tickets from Sao Paulo to Osasco online now.<\/h3>\nElectric air taxi from Osasco to Sao Paulo Centro online booking will be possible soon. The Tiketi.com app helps you search, compare and book cheap flights from Sao Paulo to Osasco online.&nbsp;Sao Paulo is the richest and most famous state in Brazil and its capital city, bearing the same name, is the biggest city in all of South America. As such, Sao Paulo is one of the country&#8217;s and, indeed, the continent&#8217;s most important areas. Actually, it contributes over a third of Brazil GPS (Gross Domestic product). So find and compare flight tickets from&nbsp;Sao Paulo to Osasco&nbsp;and book great offers on cheap air taxis from Sao Paulo to Osasco online now.\n\n<!-- \/wp:post-content --><!-- wp:paragraph -->\n\nC&#039;est \u00e9galement l&#039;une des dix plus grandes zones m\u00e9tropolitaines de la plan\u00e8te. Sao Paulo est une ville internationale avec une puissante influence dans les domaines du divertissement, des arts, du commerce et de la finance, et la ville accueille le plus grand d\u00e9fil\u00e9 de la fiert\u00e9 gay de la plan\u00e8te. Connue famili\u00e8rement sous le nom de Cidade da Garoa ou Sampa, la municipalit\u00e9 comptait en 2011 une population de 11,32 millions d&#039;habitants.\n\n<!-- \/wp:paragraph --><!-- wp:paragraph -->\n\nSao Paulo est l\u2019une des villes les plus riches de l\u2019h\u00e9misph\u00e8re sud, m\u00eame si les in\u00e9galit\u00e9s entre les classes g\u00e9n\u00e9ralement observ\u00e9es \u00e0 Sao Paulo sont d\u00e9lib\u00e9r\u00e9es. Historiquement \u00e9tonnante pour les immigrants ainsi que pour les Br\u00e9siliens d&#039;autres \u00c9tats, c&#039;est l&#039;une des villes les plus diversifi\u00e9es de la plan\u00e8te.\n<h2>Affordable air taxi from Osasco to Sao Paulo&nbsp;online booking FAQs<\/h2>\n<h3>How far is Osasco to Sao Paulo?<\/h3>\nThe distance of drone taxi from Osasco to Sao Paulo flight is 11 miles \/ 17 km.\n<h3>What are eVLTO electric flying taxis from Osasco to Sao Paulo?<\/h3>\n<!--{cke_protected}{C}%3C!%2D%2D%20%2Fwp%3Aheading%20%2D%2D%3E--><!--{cke_protected}{C}%3C!%2D%2D%20wp%3Aparagraph%20%2D%2D%3E-->The electric flying taxis from Osasco to Sao Paulo aircraft, called as an eVTOL (electrical vertical take-off and landing), are designed to transport people via urban and cities atmosphere.\n<h3>Electric air taxis from Osasco to Sao Paulo are high-speed public transport<\/h3>\n<!--{cke_protected}{C}%3C!%2D%2D%20%2Fwp%3Aheading%20%2D%2D%3E--><!--{cke_protected}{C}%3C!%2D%2D%20wp%3Aparagraph%20%2D%2D%3E-->The best benefit of drone air taxis from Osasco to Sao Paulo is its high speed. It is the quickest mode of transport and thus it is the most perfect mean where time is a vital factor.\n<h3>Drone flying taxi from Osasco to Sao Paulo has very low carbon emissions<\/h3>\nDrone taxi from Osasco to Sao Paulo producers use electricity to power their vehicles. Hence, drone taxis will not emit greenhouses gases. Hence, these taxis can support in decreasing the impact of climate change. So book your taxi with the help of drone taxi from Osasco to Sao Paulo now.\n<h2>Cheap flights from Sao Paulo to Osasco&nbsp;tips<\/h2>\nDrone cheap flights from Sao Paulo to Osasco offer the most nonstop flights between Sao Paulo and Osasco.","protected":false},"excerpt":{"rendered":"<p>Looking for cheap flights from Sao Paulo to Osasco? Search, compare and book cheap flight tickets from Sao Paulo to Osasco online now. Electric air taxi from Osasco to Sao Paulo Centro online booking will be possible soon. The Tiketi.com app helps you search, compare and book cheap flights from Sao Paulo to Osasco online.&nbsp;Sao [&hellip;]<\/p>\n","protected":false},"author":1,"featured_media":16626,"parent":0,"menu_order":0,"comment_status":"open","ping_status":"closed","template":"template-home-modern.php","meta":{"footnotes":""},"class_list":["post-10407","page","type-page","status-publish","has-post-thumbnail","hentry"],"yoast_head":"<!-- This site is optimized with the Yoast SEO plugin v27.3 - https:\/\/yoast.com\/product\/yoast-seo-wordpress\/ -->\n<title>Air Taxi from Osasco to Sao Paulo Centro Online Booking - Cheap Flights<\/title>\n<meta name=\"description\" content=\"Looking for cheap air taxi from Osasco to Sao Paulo online booking app? Compare and book cheap flights from Sao Paulo to Osasco\" \/>\n<meta name=\"robots\" content=\"index, follow, max-snippet:-1, max-image-preview:large, max-video-preview:-1\" \/>\n<link rel=\"canonical\" href=\"https:\/\/tiketi.com\/fr-fr\/air-taxi-from-sao-paulo-to-guarulhos-osasco\/\" \/>\n<meta property=\"og:locale\" content=\"fr_FR\" \/>\n<meta property=\"og:type\" content=\"article\" \/>\n<meta property=\"og:title\" content=\"Air Taxi from Osasco to Sao Paulo Centro Online Booking - Cheap Flights\" \/>\n<meta property=\"og:description\" content=\"Looking for cheap air taxi from Osasco to Sao Paulo online booking app? Compare and book cheap flights from Sao Paulo to Osasco\" \/>\n<meta property=\"og:url\" content=\"https:\/\/tiketi.com\/fr-fr\/air-taxi-from-sao-paulo-to-guarulhos-osasco\/\" \/>\n<meta property=\"og:site_name\" content=\"Tiketi.com\" \/>\n<meta property=\"article:publisher\" content=\"https:\/\/www.facebook.com\/TiketiCom\/\" \/>\n<meta property=\"article:modified_time\" content=\"2022-02-04T18:10:21+00:00\" \/>\n<meta property=\"og:image\" content=\"https:\/\/tiketi.com\/wp-content\/uploads\/2022\/02\/sao-paulo-4428426_1280.jpg\" \/>\n\t<meta property=\"og:image:width\" content=\"1200\" \/>\n\t<meta property=\"og:image:height\" content=\"204\" \/>\n\t<meta property=\"og:image:type\" content=\"image\/jpeg\" \/>\n<meta name=\"twitter:card\" content=\"summary_large_image\" \/>\n<meta name=\"twitter:label1\" content=\"Dur\u00e9e de lecture estim\u00e9e\" \/>\n\t<meta name=\"twitter:data1\" content=\"2 minutes\" \/>\n<script type=\"application\/ld+json\" class=\"yoast-schema-graph\">{\"@context\":\"https:\\\/\\\/schema.org\",\"@graph\":[{\"@type\":\"WebPage\",\"@id\":\"https:\\\/\\\/tiketi.com\\\/air-taxi-from-sao-paulo-to-guarulhos-osasco\\\/\",\"url\":\"https:\\\/\\\/tiketi.com\\\/air-taxi-from-sao-paulo-to-guarulhos-osasco\\\/\",\"name\":\"Air Taxi from Osasco to Sao Paulo Centro Online Booking - Cheap Flights\",\"isPartOf\":{\"@id\":\"https:\\\/\\\/tiketi.com\\\/#website\"},\"primaryImageOfPage\":{\"@id\":\"https:\\\/\\\/tiketi.com\\\/air-taxi-from-sao-paulo-to-guarulhos-osasco\\\/#primaryimage\"},\"image\":{\"@id\":\"https:\\\/\\\/tiketi.com\\\/air-taxi-from-sao-paulo-to-guarulhos-osasco\\\/#primaryimage\"},\"thumbnailUrl\":\"https:\\\/\\\/tiketi.com\\\/wp-content\\\/uploads\\\/2022\\\/02\\\/sao-paulo-4428426_1280.jpg\",\"datePublished\":\"2022-01-19T11:53:19+00:00\",\"dateModified\":\"2022-02-04T18:10:21+00:00\",\"description\":\"Looking for cheap air taxi from Osasco to Sao Paulo online booking app? Compare and book cheap flights from Sao Paulo to Osasco\",\"breadcrumb\":{\"@id\":\"https:\\\/\\\/tiketi.com\\\/air-taxi-from-sao-paulo-to-guarulhos-osasco\\\/#breadcrumb\"},\"inLanguage\":\"fr-FR\",\"potentialAction\":[{\"@type\":\"ReadAction\",\"target\":[\"https:\\\/\\\/tiketi.com\\\/air-taxi-from-sao-paulo-to-guarulhos-osasco\\\/\"]}]},{\"@type\":\"ImageObject\",\"inLanguage\":\"fr-FR\",\"@id\":\"https:\\\/\\\/tiketi.com\\\/air-taxi-from-sao-paulo-to-guarulhos-osasco\\\/#primaryimage\",\"url\":\"https:\\\/\\\/tiketi.com\\\/wp-content\\\/uploads\\\/2022\\\/02\\\/sao-paulo-4428426_1280.jpg\",\"contentUrl\":\"https:\\\/\\\/tiketi.com\\\/wp-content\\\/uploads\\\/2022\\\/02\\\/sao-paulo-4428426_1280.jpg\",\"width\":1200,\"height\":204,\"caption\":\"Air Taxi in Sao Paulo Centro\"},{\"@type\":\"BreadcrumbList\",\"@id\":\"https:\\\/\\\/tiketi.com\\\/air-taxi-from-sao-paulo-to-guarulhos-osasco\\\/#breadcrumb\",\"itemListElement\":[{\"@type\":\"ListItem\",\"position\":1,\"name\":\"Home\",\"item\":\"https:\\\/\\\/tiketi.com\\\/\"},{\"@type\":\"ListItem\",\"position\":2,\"name\":\"Air Taxi from Osasco to Sao Paulo Centro Online Booking\"}]},{\"@type\":\"WebSite\",\"@id\":\"https:\\\/\\\/tiketi.com\\\/#website\",\"url\":\"https:\\\/\\\/tiketi.com\\\/\",\"name\":\"Flight & Bus Tickets, Tour Packages & Activitites - Tiketi.com\",\"description\":\"Flight &amp; Bus Tickets, Tours, Activitites\",\"publisher\":{\"@id\":\"https:\\\/\\\/tiketi.com\\\/#organization\"},\"potentialAction\":[{\"@type\":\"SearchAction\",\"target\":{\"@type\":\"EntryPoint\",\"urlTemplate\":\"https:\\\/\\\/tiketi.com\\\/?s={search_term_string}\"},\"query-input\":{\"@type\":\"PropertyValueSpecification\",\"valueRequired\":true,\"valueName\":\"search_term_string\"}}],\"inLanguage\":\"fr-FR\"},{\"@type\":\"Organization\",\"@id\":\"https:\\\/\\\/tiketi.com\\\/#organization\",\"name\":\"Tiketi.com\",\"alternateName\":\"Tiketi\",\"url\":\"https:\\\/\\\/tiketi.com\\\/\",\"logo\":{\"@type\":\"ImageObject\",\"inLanguage\":\"fr-FR\",\"@id\":\"https:\\\/\\\/tiketi.com\\\/#\\\/schema\\\/logo\\\/image\\\/\",\"url\":\"https:\\\/\\\/tiketi.com\\\/wp-content\\\/uploads\\\/2019\\\/05\\\/tiketi-logo-696.png\",\"contentUrl\":\"https:\\\/\\\/tiketi.com\\\/wp-content\\\/uploads\\\/2019\\\/05\\\/tiketi-logo-696.png\",\"width\":696,\"height\":696,\"caption\":\"Tiketi.com\"},\"image\":{\"@id\":\"https:\\\/\\\/tiketi.com\\\/#\\\/schema\\\/logo\\\/image\\\/\"},\"sameAs\":[\"https:\\\/\\\/www.facebook.com\\\/TiketiCom\\\/\"]}]}<\/script>\n<!-- \/ Yoast SEO plugin. -->","yoast_head_json":{"title":"Air Taxi from Osasco to Sao Paulo Centro Online Booking - Cheap Flights","description":"Looking for cheap air taxi from Osasco to Sao Paulo online booking app? Compare and book cheap flights from Sao Paulo to Osasco","robots":{"index":"index","follow":"follow","max-snippet":"max-snippet:-1","max-image-preview":"max-image-preview:large","max-video-preview":"max-video-preview:-1"},"canonical":"https:\/\/tiketi.com\/fr-fr\/air-taxi-from-sao-paulo-to-guarulhos-osasco\/","og_locale":"fr_FR","og_type":"article","og_title":"Air Taxi from Osasco to Sao Paulo Centro Online Booking - Cheap Flights","og_description":"Looking for cheap air taxi from Osasco to Sao Paulo online booking app? Compare and book cheap flights from Sao Paulo to Osasco","og_url":"https:\/\/tiketi.com\/fr-fr\/air-taxi-from-sao-paulo-to-guarulhos-osasco\/","og_site_name":"Tiketi.com","article_publisher":"https:\/\/www.facebook.com\/TiketiCom\/","article_modified_time":"2022-02-04T18:10:21+00:00","og_image":[{"width":1200,"height":204,"url":"https:\/\/tiketi.com\/wp-content\/uploads\/2022\/02\/sao-paulo-4428426_1280.jpg","type":"image\/jpeg"}],"twitter_card":"summary_large_image","twitter_misc":{"Dur\u00e9e de lecture estim\u00e9e":"2 minutes"},"schema":{"@context":"https:\/\/schema.org","@graph":[{"@type":"WebPage","@id":"https:\/\/tiketi.com\/air-taxi-from-sao-paulo-to-guarulhos-osasco\/","url":"https:\/\/tiketi.com\/air-taxi-from-sao-paulo-to-guarulhos-osasco\/","name":"Air Taxi from Osasco to Sao Paulo Centro Online Booking - Cheap Flights","isPartOf":{"@id":"https:\/\/tiketi.com\/#website"},"primaryImageOfPage":{"@id":"https:\/\/tiketi.com\/air-taxi-from-sao-paulo-to-guarulhos-osasco\/#primaryimage"},"image":{"@id":"https:\/\/tiketi.com\/air-taxi-from-sao-paulo-to-guarulhos-osasco\/#primaryimage"},"thumbnailUrl":"https:\/\/tiketi.com\/wp-content\/uploads\/2022\/02\/sao-paulo-4428426_1280.jpg","datePublished":"2022-01-19T11:53:19+00:00","dateModified":"2022-02-04T18:10:21+00:00","description":"Looking for cheap air taxi from Osasco to Sao Paulo online booking app? Compare and book cheap flights from Sao Paulo to Osasco","breadcrumb":{"@id":"https:\/\/tiketi.com\/air-taxi-from-sao-paulo-to-guarulhos-osasco\/#breadcrumb"},"inLanguage":"fr-FR","potentialAction":[{"@type":"ReadAction","target":["https:\/\/tiketi.com\/air-taxi-from-sao-paulo-to-guarulhos-osasco\/"]}]},{"@type":"ImageObject","inLanguage":"fr-FR","@id":"https:\/\/tiketi.com\/air-taxi-from-sao-paulo-to-guarulhos-osasco\/#primaryimage","url":"https:\/\/tiketi.com\/wp-content\/uploads\/2022\/02\/sao-paulo-4428426_1280.jpg","contentUrl":"https:\/\/tiketi.com\/wp-content\/uploads\/2022\/02\/sao-paulo-4428426_1280.jpg","width":1200,"height":204,"caption":"Air Taxi in Sao Paulo Centro"},{"@type":"BreadcrumbList","@id":"https:\/\/tiketi.com\/air-taxi-from-sao-paulo-to-guarulhos-osasco\/#breadcrumb","itemListElement":[{"@type":"ListItem","position":1,"name":"Home","item":"https:\/\/tiketi.com\/"},{"@type":"ListItem","position":2,"name":"Air Taxi from Osasco to Sao Paulo Centro Online Booking"}]},{"@type":"WebSite","@id":"https:\/\/tiketi.com\/#website","url":"https:\/\/tiketi.com\/","name":"Billets d&#039;avion et de bus, forfaits touristiques et activit\u00e9s - Tiketi.com","description":"Billets d&#039;avion et de bus, Tours, Activit\u00e9s","publisher":{"@id":"https:\/\/tiketi.com\/#organization"},"potentialAction":[{"@type":"SearchAction","target":{"@type":"EntryPoint","urlTemplate":"https:\/\/tiketi.com\/?s={search_term_string}"},"query-input":{"@type":"PropertyValueSpecification","valueRequired":true,"valueName":"search_term_string"}}],"inLanguage":"fr-FR"},{"@type":"Organization","@id":"https:\/\/tiketi.com\/#organization","name":"Tiketi.com","alternateName":"Tiketi","url":"https:\/\/tiketi.com\/","logo":{"@type":"ImageObject","inLanguage":"fr-FR","@id":"https:\/\/tiketi.com\/#\/schema\/logo\/image\/","url":"https:\/\/tiketi.com\/wp-content\/uploads\/2019\/05\/tiketi-logo-696.png","contentUrl":"https:\/\/tiketi.com\/wp-content\/uploads\/2019\/05\/tiketi-logo-696.png","width":696,"height":696,"caption":"Tiketi.com"},"image":{"@id":"https:\/\/tiketi.com\/#\/schema\/logo\/image\/"},"sameAs":["https:\/\/www.facebook.com\/TiketiCom\/"]}]}},"_links":{"self":[{"href":"https:\/\/tiketi.com\/fr-fr\/wp-json\/wp\/v2\/pages\/10407","targetHints":{"allow":["GET"]}}],"collection":[{"href":"https:\/\/tiketi.com\/fr-fr\/wp-json\/wp\/v2\/pages"}],"about":[{"href":"https:\/\/tiketi.com\/fr-fr\/wp-json\/wp\/v2\/types\/page"}],"author":[{"embeddable":true,"href":"https:\/\/tiketi.com\/fr-fr\/wp-json\/wp\/v2\/users\/1"}],"replies":[{"embeddable":true,"href":"https:\/\/tiketi.com\/fr-fr\/wp-json\/wp\/v2\/comments?post=10407"}],"version-history":[{"count":0,"href":"https:\/\/tiketi.com\/fr-fr\/wp-json\/wp\/v2\/pages\/10407\/revisions"}],"wp:featuredmedia":[{"embeddable":true,"href":"https:\/\/tiketi.com\/fr-fr\/wp-json\/wp\/v2\/media\/16626"}],"wp:attachment":[{"href":"https:\/\/tiketi.com\/fr-fr\/wp-json\/wp\/v2\/media?parent=10407"}],"curies":[{"name":"wp","href":"https:\/\/api.w.org\/{rel}","templated":true}]}}