{"id":10420,"date":"2022-01-19T12:53:20","date_gmt":"2022-01-19T11:53:20","guid":{"rendered":"https:\/\/new.tiketi.com\/cheap-flights-air-taxi-from-kawasaki-to-tokyo\/"},"modified":"2022-02-04T12:15:11","modified_gmt":"2022-02-04T11:15:11","slug":"air-taxi-from-tokyo-to-kawasaki","status":"publish","type":"page","link":"https:\/\/tiketi.com\/fr-fr\/air-taxi-from-tokyo-to-kawasaki\/","title":{"rendered":"Taxi a\u00e9rien de Kawasaki \u00e0 Tokyo R\u00e9servation en ligne"},"content":{"rendered":"<h2>Vous recherchez des vols \u00e0 bas prix au Tokyo vers Kawasaki?<\/h2>\n<h3>Recherchez, comparez et r\u00e9servez des billets d&#039;avion pas chers de Tokyo \u00e0 Kawasaki en ligne d\u00e8s maintenant.<\/h3>\n<p>La r\u00e9servation en ligne de taxi a\u00e9rien \u00e9lectrique de Kawasaki \u00e0 Tokyo sera bient\u00f4t possible. L&#039;application Tiketi.com vous aide \u00e0 rechercher, comparer et r\u00e9server en ligne des vols pas chers de Tokyo \u00e0 Kawasaki. La capitale japonaise, Tokyo, est un endroit vaste, \u00e9nergique et \u00e9tonnant. Dans la ville la plus peupl\u00e9e de la plan\u00e8te, vous pourrez visiter des temples, d\u00e9guster d&#039;innombrables sp\u00e9cialit\u00e9s culinaires japonaises et faire du shopping dans certains des murs les plus grands et les plus insolites du monde. Avec tant de choses \u00e0 faire, \u00e0 voir et \u00e0 explorer \u00e0 Tokyo, planifier votre propre itin\u00e9raire peut s&#039;av\u00e9rer une t\u00e2che ardue. Simplifiez-vous la t\u00e2che en vous en tenant aux meilleures attractions de Tokyo. Trouvez et comparez les billets d&#039;avion de Tokyo \u00e0 Kawasaki et r\u00e9servez en ligne d\u00e8s maintenant des offres int\u00e9ressantes sur les taxis a\u00e9riens bon march\u00e9 de Tokyo \u00e0 Kawasaki.<\/p>\n<h2>R\u00e9servation en ligne de taxi a\u00e9rien pas cher de Kawasaki \u00e0 Tokyo - FAQ<\/h2>\n<h3>Quelle est la distance entre Tokyo et Kawasaki ?<\/h3>\n<p>La distance du taxi drone entre Kawasaki et le vol de Tokyo est de 79 kilom\u00e8tres (49 miles).<\/p>\n<h3>Que sont les taxis volants \u00e9lectriques eVLTO de Kawasaki \u00e0 Tokyo ?<\/h3>\n<p><!--{cke_protected}{C}%3C!%2D%2D%20%2Fwp%3Aheading%20%2D%2D%3E--><!--{cke_protected}{C}%3C!%2D%2D%20wp%3Aparagraph%20%2D%2D%3E-->Les taxis volants \u00e9lectriques reliant Kawasaki \u00e0 Tokyo, appel\u00e9s eVTOL (d\u00e9collage et atterrissage verticaux \u00e9lectriques), sont con\u00e7us pour transporter des personnes dans l&#039;atmosph\u00e8re urbaine et urbaine.<\/p>\n<h3>Les taxis a\u00e9riens \u00e9lectriques de Kawasaki \u00e0 Tokyo sont des transports publics \u00e0 grande vitesse<\/h3>\n<p><!--{cke_protected}{C}%3C!%2D%2D%20%2Fwp%3Aheading%20%2D%2D%3E--><!--{cke_protected}{C}%3C!%2D%2D%20wp%3Aparagraph%20%2D%2D%3E-->Le meilleur avantage des taxis a\u00e9riens drones de Kawasaki \u00e0 Tokyo est leur vitesse \u00e9lev\u00e9e. C&#039;est le mode de transport le plus rapide et donc le moyen le plus parfait l\u00e0 o\u00f9 le temps est un facteur essentiel.<\/p>\n<h3>Le taxi volant par drone de Kawasaki \u00e0 Tokyo a de tr\u00e8s faibles \u00e9missions de carbone<\/h3>\n<p>Les producteurs de taxis drones de Kawasaki \u00e0 Tokyo utilisent l&#039;\u00e9lectricit\u00e9 pour propulser leurs v\u00e9hicules. Ainsi, les taxis drones n\u2019\u00e9mettent pas de gaz \u00e0 effet de serre. Par cons\u00e9quent, ces taxis peuvent contribuer \u00e0 r\u00e9duire l\u2019impact du changement climatique. Alors r\u00e9servez d\u00e8s maintenant votre taxi avec l&#039;aide d&#039;un taxi drone de Kawasaki \u00e0 Tokyo.<\/p>\n<h2>Conseils pour les vols pas chers de Tokyo \u00e0 Kawasaki<\/h2>\n<p>Les vols pas chers par drone de Tokyo \u00e0 Kawasaki offrent le plus de vols sans escale entre Tokyo et Kawasaki.<\/p>","protected":false},"excerpt":{"rendered":"<p>Looking for cheap flights from Tokyo to Kawasaki? Search, compare and book cheap flight tickets from Tokyo to Kawasaki online now. Electric air taxi\u00a0from Kawasaki to Tokyo online booking will be possible soon. The Tiketi.com app helps you search, compare and book cheap flights from Tokyo to Kawasaki\u00a0online.\u00a0The Japanese capital city of Tokyo is a [&hellip;]<\/p>\n","protected":false},"author":1,"featured_media":14276,"parent":0,"menu_order":0,"comment_status":"open","ping_status":"closed","template":"template-home-modern.php","meta":{"footnotes":""},"class_list":["post-10420","page","type-page","status-publish","has-post-thumbnail","hentry"],"yoast_head":"<!-- This site is optimized with the Yoast SEO plugin v27.3 - https:\/\/yoast.com\/product\/yoast-seo-wordpress\/ -->\n<title>Air Taxi from Kawasaki to Tokyo Online Booking - Cheap Flights<\/title>\n<meta name=\"description\" content=\"Looking for cheap air taxi from Kawasaki to Tokyo online booking app? Compare and book cheap flights from Tokyo to Kawasaki\" \/>\n<meta name=\"robots\" content=\"index, follow, max-snippet:-1, max-image-preview:large, max-video-preview:-1\" \/>\n<link rel=\"canonical\" href=\"https:\/\/tiketi.com\/fr-fr\/air-taxi-from-tokyo-to-kawasaki\/\" \/>\n<meta property=\"og:locale\" content=\"fr_FR\" \/>\n<meta property=\"og:type\" content=\"article\" \/>\n<meta property=\"og:title\" content=\"Air Taxi from Kawasaki to Tokyo Online Booking - Cheap Flights\" \/>\n<meta property=\"og:description\" content=\"Looking for cheap air taxi from Kawasaki to Tokyo online booking app? Compare and book cheap flights from Tokyo to Kawasaki\" \/>\n<meta property=\"og:url\" content=\"https:\/\/tiketi.com\/fr-fr\/air-taxi-from-tokyo-to-kawasaki\/\" \/>\n<meta property=\"og:site_name\" content=\"Tiketi.com\" \/>\n<meta property=\"article:publisher\" content=\"https:\/\/www.facebook.com\/TiketiCom\/\" \/>\n<meta property=\"article:modified_time\" content=\"2022-02-04T11:15:11+00:00\" \/>\n<meta property=\"og:image\" content=\"https:\/\/tiketi.com\/wp-content\/uploads\/2022\/01\/tokyo-4524260_1280.jpg\" \/>\n\t<meta property=\"og:image:width\" content=\"1200\" \/>\n\t<meta property=\"og:image:height\" content=\"202\" \/>\n\t<meta property=\"og:image:type\" content=\"image\/jpeg\" \/>\n<meta name=\"twitter:card\" content=\"summary_large_image\" \/>\n<meta name=\"twitter:label1\" content=\"Dur\u00e9e de lecture estim\u00e9e\" \/>\n\t<meta name=\"twitter:data1\" content=\"2 minutes\" \/>\n<script type=\"application\/ld+json\" class=\"yoast-schema-graph\">{\"@context\":\"https:\\\/\\\/schema.org\",\"@graph\":[{\"@type\":\"WebPage\",\"@id\":\"https:\\\/\\\/tiketi.com\\\/en-gb\\\/air-taxi-from-tokyo-to-kawasaki\\\/\",\"url\":\"https:\\\/\\\/tiketi.com\\\/en-gb\\\/air-taxi-from-tokyo-to-kawasaki\\\/\",\"name\":\"Air Taxi from Kawasaki to Tokyo Online Booking - Cheap Flights\",\"isPartOf\":{\"@id\":\"https:\\\/\\\/tiketi.com\\\/#website\"},\"primaryImageOfPage\":{\"@id\":\"https:\\\/\\\/tiketi.com\\\/en-gb\\\/air-taxi-from-tokyo-to-kawasaki\\\/#primaryimage\"},\"image\":{\"@id\":\"https:\\\/\\\/tiketi.com\\\/en-gb\\\/air-taxi-from-tokyo-to-kawasaki\\\/#primaryimage\"},\"thumbnailUrl\":\"https:\\\/\\\/tiketi.com\\\/wp-content\\\/uploads\\\/2022\\\/01\\\/tokyo-4524260_1280.jpg\",\"datePublished\":\"2022-01-19T11:53:20+00:00\",\"dateModified\":\"2022-02-04T11:15:11+00:00\",\"description\":\"Looking for cheap air taxi from Kawasaki to Tokyo online booking app? Compare and book cheap flights from Tokyo to Kawasaki\",\"breadcrumb\":{\"@id\":\"https:\\\/\\\/tiketi.com\\\/en-gb\\\/air-taxi-from-tokyo-to-kawasaki\\\/#breadcrumb\"},\"inLanguage\":\"fr-FR\",\"potentialAction\":[{\"@type\":\"ReadAction\",\"target\":[\"https:\\\/\\\/tiketi.com\\\/en-gb\\\/air-taxi-from-tokyo-to-kawasaki\\\/\"]}]},{\"@type\":\"ImageObject\",\"inLanguage\":\"fr-FR\",\"@id\":\"https:\\\/\\\/tiketi.com\\\/en-gb\\\/air-taxi-from-tokyo-to-kawasaki\\\/#primaryimage\",\"url\":\"https:\\\/\\\/tiketi.com\\\/wp-content\\\/uploads\\\/2022\\\/01\\\/tokyo-4524260_1280.jpg\",\"contentUrl\":\"https:\\\/\\\/tiketi.com\\\/wp-content\\\/uploads\\\/2022\\\/01\\\/tokyo-4524260_1280.jpg\",\"width\":1200,\"height\":202,\"caption\":\"Air Taxi in Tokyo City\"},{\"@type\":\"BreadcrumbList\",\"@id\":\"https:\\\/\\\/tiketi.com\\\/en-gb\\\/air-taxi-from-tokyo-to-kawasaki\\\/#breadcrumb\",\"itemListElement\":[{\"@type\":\"ListItem\",\"position\":1,\"name\":\"Home\",\"item\":\"https:\\\/\\\/tiketi.com\\\/\"},{\"@type\":\"ListItem\",\"position\":2,\"name\":\"Air Taxi from Kawasaki to Tokyo Online Booking\"}]},{\"@type\":\"WebSite\",\"@id\":\"https:\\\/\\\/tiketi.com\\\/#website\",\"url\":\"https:\\\/\\\/tiketi.com\\\/\",\"name\":\"Flight & Bus Tickets, Tour Packages & Activitites - Tiketi.com\",\"description\":\"Flight &amp; Bus Tickets, Tours, Activitites\",\"publisher\":{\"@id\":\"https:\\\/\\\/tiketi.com\\\/#organization\"},\"potentialAction\":[{\"@type\":\"SearchAction\",\"target\":{\"@type\":\"EntryPoint\",\"urlTemplate\":\"https:\\\/\\\/tiketi.com\\\/?s={search_term_string}\"},\"query-input\":{\"@type\":\"PropertyValueSpecification\",\"valueRequired\":true,\"valueName\":\"search_term_string\"}}],\"inLanguage\":\"fr-FR\"},{\"@type\":\"Organization\",\"@id\":\"https:\\\/\\\/tiketi.com\\\/#organization\",\"name\":\"Tiketi.com\",\"alternateName\":\"Tiketi\",\"url\":\"https:\\\/\\\/tiketi.com\\\/\",\"logo\":{\"@type\":\"ImageObject\",\"inLanguage\":\"fr-FR\",\"@id\":\"https:\\\/\\\/tiketi.com\\\/#\\\/schema\\\/logo\\\/image\\\/\",\"url\":\"https:\\\/\\\/tiketi.com\\\/wp-content\\\/uploads\\\/2019\\\/05\\\/tiketi-logo-696.png\",\"contentUrl\":\"https:\\\/\\\/tiketi.com\\\/wp-content\\\/uploads\\\/2019\\\/05\\\/tiketi-logo-696.png\",\"width\":696,\"height\":696,\"caption\":\"Tiketi.com\"},\"image\":{\"@id\":\"https:\\\/\\\/tiketi.com\\\/#\\\/schema\\\/logo\\\/image\\\/\"},\"sameAs\":[\"https:\\\/\\\/www.facebook.com\\\/TiketiCom\\\/\"]}]}<\/script>\n<!-- \/ Yoast SEO plugin. -->","yoast_head_json":{"title":"Taxi a\u00e9rien de Kawasaki \u00e0 Tokyo R\u00e9servation en ligne - Vols pas chers","description":"Vous recherchez une application de r\u00e9servation en ligne de taxi a\u00e9rien pas cher de Kawasaki \u00e0 Tokyo ? Comparez et r\u00e9servez des vols pas chers de Tokyo \u00e0 Kawasaki","robots":{"index":"index","follow":"follow","max-snippet":"max-snippet:-1","max-image-preview":"max-image-preview:large","max-video-preview":"max-video-preview:-1"},"canonical":"https:\/\/tiketi.com\/fr-fr\/air-taxi-from-tokyo-to-kawasaki\/","og_locale":"fr_FR","og_type":"article","og_title":"Air Taxi from Kawasaki to Tokyo Online Booking - Cheap Flights","og_description":"Looking for cheap air taxi from Kawasaki to Tokyo online booking app? Compare and book cheap flights from Tokyo to Kawasaki","og_url":"https:\/\/tiketi.com\/fr-fr\/air-taxi-from-tokyo-to-kawasaki\/","og_site_name":"Tiketi.com","article_publisher":"https:\/\/www.facebook.com\/TiketiCom\/","article_modified_time":"2022-02-04T11:15:11+00:00","og_image":[{"width":1200,"height":202,"url":"https:\/\/tiketi.com\/wp-content\/uploads\/2022\/01\/tokyo-4524260_1280.jpg","type":"image\/jpeg"}],"twitter_card":"summary_large_image","twitter_misc":{"Dur\u00e9e de lecture estim\u00e9e":"2 minutes"},"schema":{"@context":"https:\/\/schema.org","@graph":[{"@type":"WebPage","@id":"https:\/\/tiketi.com\/en-gb\/air-taxi-from-tokyo-to-kawasaki\/","url":"https:\/\/tiketi.com\/en-gb\/air-taxi-from-tokyo-to-kawasaki\/","name":"Taxi a\u00e9rien de Kawasaki \u00e0 Tokyo R\u00e9servation en ligne - Vols pas chers","isPartOf":{"@id":"https:\/\/tiketi.com\/#website"},"primaryImageOfPage":{"@id":"https:\/\/tiketi.com\/en-gb\/air-taxi-from-tokyo-to-kawasaki\/#primaryimage"},"image":{"@id":"https:\/\/tiketi.com\/en-gb\/air-taxi-from-tokyo-to-kawasaki\/#primaryimage"},"thumbnailUrl":"https:\/\/tiketi.com\/wp-content\/uploads\/2022\/01\/tokyo-4524260_1280.jpg","datePublished":"2022-01-19T11:53:20+00:00","dateModified":"2022-02-04T11:15:11+00:00","description":"Vous recherchez une application de r\u00e9servation en ligne de taxi a\u00e9rien pas cher de Kawasaki \u00e0 Tokyo ? Comparez et r\u00e9servez des vols pas chers de Tokyo \u00e0 Kawasaki","breadcrumb":{"@id":"https:\/\/tiketi.com\/en-gb\/air-taxi-from-tokyo-to-kawasaki\/#breadcrumb"},"inLanguage":"fr-FR","potentialAction":[{"@type":"ReadAction","target":["https:\/\/tiketi.com\/en-gb\/air-taxi-from-tokyo-to-kawasaki\/"]}]},{"@type":"ImageObject","inLanguage":"fr-FR","@id":"https:\/\/tiketi.com\/en-gb\/air-taxi-from-tokyo-to-kawasaki\/#primaryimage","url":"https:\/\/tiketi.com\/wp-content\/uploads\/2022\/01\/tokyo-4524260_1280.jpg","contentUrl":"https:\/\/tiketi.com\/wp-content\/uploads\/2022\/01\/tokyo-4524260_1280.jpg","width":1200,"height":202,"caption":"Air Taxi in Tokyo City"},{"@type":"BreadcrumbList","@id":"https:\/\/tiketi.com\/en-gb\/air-taxi-from-tokyo-to-kawasaki\/#breadcrumb","itemListElement":[{"@type":"ListItem","position":1,"name":"Home","item":"https:\/\/tiketi.com\/"},{"@type":"ListItem","position":2,"name":"Air Taxi from Kawasaki to Tokyo Online Booking"}]},{"@type":"WebSite","@id":"https:\/\/tiketi.com\/#website","url":"https:\/\/tiketi.com\/","name":"Billets d&#039;avion et de bus, forfaits touristiques et activit\u00e9s - Tiketi.com","description":"Billets d&#039;avion et de bus, Tours, Activit\u00e9s","publisher":{"@id":"https:\/\/tiketi.com\/#organization"},"potentialAction":[{"@type":"SearchAction","target":{"@type":"EntryPoint","urlTemplate":"https:\/\/tiketi.com\/?s={search_term_string}"},"query-input":{"@type":"PropertyValueSpecification","valueRequired":true,"valueName":"search_term_string"}}],"inLanguage":"fr-FR"},{"@type":"Organization","@id":"https:\/\/tiketi.com\/#organization","name":"Tiketi.com","alternateName":"Tiketi","url":"https:\/\/tiketi.com\/","logo":{"@type":"ImageObject","inLanguage":"fr-FR","@id":"https:\/\/tiketi.com\/#\/schema\/logo\/image\/","url":"https:\/\/tiketi.com\/wp-content\/uploads\/2019\/05\/tiketi-logo-696.png","contentUrl":"https:\/\/tiketi.com\/wp-content\/uploads\/2019\/05\/tiketi-logo-696.png","width":696,"height":696,"caption":"Tiketi.com"},"image":{"@id":"https:\/\/tiketi.com\/#\/schema\/logo\/image\/"},"sameAs":["https:\/\/www.facebook.com\/TiketiCom\/"]}]}},"_links":{"self":[{"href":"https:\/\/tiketi.com\/fr-fr\/wp-json\/wp\/v2\/pages\/10420","targetHints":{"allow":["GET"]}}],"collection":[{"href":"https:\/\/tiketi.com\/fr-fr\/wp-json\/wp\/v2\/pages"}],"about":[{"href":"https:\/\/tiketi.com\/fr-fr\/wp-json\/wp\/v2\/types\/page"}],"author":[{"embeddable":true,"href":"https:\/\/tiketi.com\/fr-fr\/wp-json\/wp\/v2\/users\/1"}],"replies":[{"embeddable":true,"href":"https:\/\/tiketi.com\/fr-fr\/wp-json\/wp\/v2\/comments?post=10420"}],"version-history":[{"count":0,"href":"https:\/\/tiketi.com\/fr-fr\/wp-json\/wp\/v2\/pages\/10420\/revisions"}],"wp:featuredmedia":[{"embeddable":true,"href":"https:\/\/tiketi.com\/fr-fr\/wp-json\/wp\/v2\/media\/14276"}],"wp:attachment":[{"href":"https:\/\/tiketi.com\/fr-fr\/wp-json\/wp\/v2\/media?parent=10420"}],"curies":[{"name":"wp","href":"https:\/\/api.w.org\/{rel}","templated":true}]}}