{"id":10429,"date":"2022-01-19T12:53:22","date_gmt":"2022-01-19T11:53:22","guid":{"rendered":"https:\/\/new.tiketi.com\/cheap-flights-air-taxi-from-bristol-to-london\/"},"modified":"2022-02-03T12:27:09","modified_gmt":"2022-02-03T11:27:09","slug":"air-taxi-from-london-to-bristol","status":"publish","type":"page","link":"https:\/\/tiketi.com\/fr-fr\/air-taxi-from-london-to-bristol\/","title":{"rendered":"Air Taxi from Bristol to London"},"content":{"rendered":"<h2>Looking for cheap flights from London to Bristol?<\/h2>\n<h3>Search, compare and book cheap flight tickets from London to Bristol online now.<\/h3>\n<p>Electric air taxi\u00a0from Bristol to London\u00a0online booking will be possible soon. The Tiketi.com app helps you search, compare and book cheap flights from London to Bristol\u00a0online.\u00a0Whether you are an overseas visitor, tourist or daytripper in your own hometown, there are many amazing London attractions that you need to visit. These galleries, museums, parks and monuments are parks of the city&#8217;s fabric &#8211; to experience them to steep yourself in the history and culture of the capital.\u00a0So find and compare flight tickets from\u00a0London to Bristol\u00a0and book great offers on cheap air taxis from London to Bristol online now.<\/p>\n<h2>Voici quelques-unes des meilleures attractions de Londres<\/h2>\n<h3>Le palais de Buckingham<\/h3>\n<p>Situ\u00e9 \u00e0 Westminster, le palais de Buckingham ne va pas seulement vous plaire esth\u00e9tiquement, mais il va aussi d\u00e9tendre votre soif d&#039;histoire. Pendant que vous vous d\u00e9lectez de son architecture importante, assurez-vous de garder un \u0153il sur la reine. Vous pourriez l&#039;apercevoir en train de se promener devant sa maison.<\/p>\n<h3>L&#039;\u0152il de Londres<\/h3>\n<p>\u00c9galement appel\u00e9 Millennium Wheel, le London Eye est situ\u00e9 dans le centre de Londres, \u00e0 deux pas de la Tamise. Si vous voulez voir Londres sous son meilleur jour, assurez-vous de monter \u00e0 bord de cette grande roue. Essayez de r\u00e9server vos billets en ligne afin de ne pas avoir \u00e0 passer par les longues files d&#039;attente.<\/p>\n<h3>Mus\u00e9e anglais<\/h3>\n<p>L&#039;histoire prend vie dans ce c\u00e9l\u00e8bre mus\u00e9e, donc si vous voulez avoir une id\u00e9e du pass\u00e9, n&#039;h\u00e9sitez pas \u00e0 ajouter le British Museum \u00e0 votre itin\u00e9raire. De plus, il contient plus de sept millions d&#039;artefacts, vous serez choqu\u00e9 par la vaste collection de tr\u00e9sors qu&#039;il abrite.<\/p>\n<h2>Cheap air taxi\u00a0from Bristol to London online booking FAQs<\/h2>\n<h3>How far is London to Bristol?<\/h3>\n<p>The distance of drone taxi from Bristol to London flight is 171 kilometers (106 miles).<\/p>\n<h3>What are eVLTO electric flying taxis from Bristol to London?<\/h3>\n<p><!--{cke_protected}{C}%3C!%2D%2D%20%2Fwp%3Aheading%20%2D%2D%3E--><!--{cke_protected}{C}%3C!%2D%2D%20wp%3Aparagraph%20%2D%2D%3E-->The electric flying taxis from Bristol to London aircraft, called as an eVTOL (electrical vertical take-off and landing), are designed to transport people via urban and cities atmosphere.<\/p>\n<h3>Electric air taxis from Bristol to London are high-speed public transport<\/h3>\n<p><!--{cke_protected}{C}%3C!%2D%2D%20%2Fwp%3Aheading%20%2D%2D%3E--><!--{cke_protected}{C}%3C!%2D%2D%20wp%3Aparagraph%20%2D%2D%3E-->The best benefit of drone air taxis from Bristol to London is its high speed. It is the quickest mode of transport and thus it is the most perfect mean where time is a vital factor.<\/p>\n<h3>Drone flying taxi from Bristol to London has very low carbon emissions<\/h3>\n<p>Drone taxi from Bristol to London producers use electricity to power their vehicles. Hence, drone taxis will not emit greenhouses gases. Hence, these taxis can support in decreasing the impact of climate change. So book your taxi with the help of drone taxi from Bristol to London now.<\/p>\n<h2>Cheap flights from London to Bristol\u00a0tips<\/h2>\n<p>Cheap flights from London to Bristol offer the most nonstop flights between Bristol and London.<\/p>","protected":false},"excerpt":{"rendered":"<p>Looking for cheap flights from London to Bristol? Search, compare and book cheap flight tickets from London to Bristol online now. Electric air taxi\u00a0from Bristol to London\u00a0online booking will be possible soon. The Tiketi.com app helps you search, compare and book cheap flights from London to Bristol\u00a0online.\u00a0Whether you are an overseas visitor, tourist or daytripper [&hellip;]<\/p>\n","protected":false},"author":1,"featured_media":14230,"parent":0,"menu_order":0,"comment_status":"open","ping_status":"closed","template":"template-home-modern.php","meta":{"footnotes":""},"class_list":["post-10429","page","type-page","status-publish","has-post-thumbnail","hentry"],"yoast_head":"<!-- This site is optimized with the Yoast SEO plugin v27.3 - https:\/\/yoast.com\/product\/yoast-seo-wordpress\/ -->\n<title>Air Taxi from Bristol to London<\/title>\n<meta name=\"description\" content=\"Looking for cheap air taxi\u00a0from Bristol to London online booking app? Compare and book cheap flights from London to Bristol\" \/>\n<meta name=\"robots\" content=\"index, follow, max-snippet:-1, max-image-preview:large, max-video-preview:-1\" \/>\n<link rel=\"canonical\" href=\"https:\/\/tiketi.com\/fr-fr\/air-taxi-from-london-to-bristol\/\" \/>\n<meta property=\"og:locale\" content=\"fr_FR\" \/>\n<meta property=\"og:type\" content=\"article\" \/>\n<meta property=\"og:title\" content=\"Air Taxi from Bristol to London\" \/>\n<meta property=\"og:description\" content=\"Looking for cheap air taxi\u00a0from Bristol to London online booking app? Compare and book cheap flights from London to Bristol\" \/>\n<meta property=\"og:url\" content=\"https:\/\/tiketi.com\/fr-fr\/air-taxi-from-london-to-bristol\/\" \/>\n<meta property=\"og:site_name\" content=\"Tiketi.com\" \/>\n<meta property=\"article:publisher\" content=\"https:\/\/www.facebook.com\/TiketiCom\/\" \/>\n<meta property=\"article:modified_time\" content=\"2022-02-03T11:27:09+00:00\" \/>\n<meta property=\"og:image\" content=\"https:\/\/tiketi.com\/wp-content\/uploads\/2022\/01\/london-2239726_1280.jpg\" \/>\n\t<meta property=\"og:image:width\" content=\"1200\" \/>\n\t<meta property=\"og:image:height\" content=\"200\" \/>\n\t<meta property=\"og:image:type\" content=\"image\/jpeg\" \/>\n<meta name=\"twitter:card\" content=\"summary_large_image\" \/>\n<meta name=\"twitter:label1\" content=\"Dur\u00e9e de lecture estim\u00e9e\" \/>\n\t<meta name=\"twitter:data1\" content=\"3 minutes\" \/>\n<script type=\"application\/ld+json\" class=\"yoast-schema-graph\">{\"@context\":\"https:\\\/\\\/schema.org\",\"@graph\":[{\"@type\":\"WebPage\",\"@id\":\"https:\\\/\\\/tiketi.com\\\/air-taxi-from-london-to-bristol\\\/\",\"url\":\"https:\\\/\\\/tiketi.com\\\/air-taxi-from-london-to-bristol\\\/\",\"name\":\"Air Taxi from Bristol to London\",\"isPartOf\":{\"@id\":\"https:\\\/\\\/tiketi.com\\\/#website\"},\"primaryImageOfPage\":{\"@id\":\"https:\\\/\\\/tiketi.com\\\/air-taxi-from-london-to-bristol\\\/#primaryimage\"},\"image\":{\"@id\":\"https:\\\/\\\/tiketi.com\\\/air-taxi-from-london-to-bristol\\\/#primaryimage\"},\"thumbnailUrl\":\"https:\\\/\\\/tiketi.com\\\/wp-content\\\/uploads\\\/2022\\\/01\\\/london-2239726_1280.jpg\",\"datePublished\":\"2022-01-19T11:53:22+00:00\",\"dateModified\":\"2022-02-03T11:27:09+00:00\",\"description\":\"Looking for cheap air taxi\u00a0from Bristol to London online booking app? Compare and book cheap flights from London to Bristol\",\"breadcrumb\":{\"@id\":\"https:\\\/\\\/tiketi.com\\\/air-taxi-from-london-to-bristol\\\/#breadcrumb\"},\"inLanguage\":\"fr-FR\",\"potentialAction\":[{\"@type\":\"ReadAction\",\"target\":[\"https:\\\/\\\/tiketi.com\\\/air-taxi-from-london-to-bristol\\\/\"]}]},{\"@type\":\"ImageObject\",\"inLanguage\":\"fr-FR\",\"@id\":\"https:\\\/\\\/tiketi.com\\\/air-taxi-from-london-to-bristol\\\/#primaryimage\",\"url\":\"https:\\\/\\\/tiketi.com\\\/wp-content\\\/uploads\\\/2022\\\/01\\\/london-2239726_1280.jpg\",\"contentUrl\":\"https:\\\/\\\/tiketi.com\\\/wp-content\\\/uploads\\\/2022\\\/01\\\/london-2239726_1280.jpg\",\"width\":1200,\"height\":200,\"caption\":\"Air Taxi in London\"},{\"@type\":\"BreadcrumbList\",\"@id\":\"https:\\\/\\\/tiketi.com\\\/air-taxi-from-london-to-bristol\\\/#breadcrumb\",\"itemListElement\":[{\"@type\":\"ListItem\",\"position\":1,\"name\":\"Home\",\"item\":\"https:\\\/\\\/tiketi.com\\\/\"},{\"@type\":\"ListItem\",\"position\":2,\"name\":\"Air Taxi from Bristol to London\"}]},{\"@type\":\"WebSite\",\"@id\":\"https:\\\/\\\/tiketi.com\\\/#website\",\"url\":\"https:\\\/\\\/tiketi.com\\\/\",\"name\":\"Flight & Bus Tickets, Tour Packages & Activitites - Tiketi.com\",\"description\":\"Flight &amp; Bus Tickets, Tours, Activitites\",\"publisher\":{\"@id\":\"https:\\\/\\\/tiketi.com\\\/#organization\"},\"potentialAction\":[{\"@type\":\"SearchAction\",\"target\":{\"@type\":\"EntryPoint\",\"urlTemplate\":\"https:\\\/\\\/tiketi.com\\\/?s={search_term_string}\"},\"query-input\":{\"@type\":\"PropertyValueSpecification\",\"valueRequired\":true,\"valueName\":\"search_term_string\"}}],\"inLanguage\":\"fr-FR\"},{\"@type\":\"Organization\",\"@id\":\"https:\\\/\\\/tiketi.com\\\/#organization\",\"name\":\"Tiketi.com\",\"alternateName\":\"Tiketi\",\"url\":\"https:\\\/\\\/tiketi.com\\\/\",\"logo\":{\"@type\":\"ImageObject\",\"inLanguage\":\"fr-FR\",\"@id\":\"https:\\\/\\\/tiketi.com\\\/#\\\/schema\\\/logo\\\/image\\\/\",\"url\":\"https:\\\/\\\/tiketi.com\\\/wp-content\\\/uploads\\\/2019\\\/05\\\/tiketi-logo-696.png\",\"contentUrl\":\"https:\\\/\\\/tiketi.com\\\/wp-content\\\/uploads\\\/2019\\\/05\\\/tiketi-logo-696.png\",\"width\":696,\"height\":696,\"caption\":\"Tiketi.com\"},\"image\":{\"@id\":\"https:\\\/\\\/tiketi.com\\\/#\\\/schema\\\/logo\\\/image\\\/\"},\"sameAs\":[\"https:\\\/\\\/www.facebook.com\\\/TiketiCom\\\/\"]}]}<\/script>\n<!-- \/ Yoast SEO plugin. -->","yoast_head_json":{"title":"Air Taxi from Bristol to London","description":"Looking for cheap air taxi\u00a0from Bristol to London online booking app? Compare and book cheap flights from London to Bristol","robots":{"index":"index","follow":"follow","max-snippet":"max-snippet:-1","max-image-preview":"max-image-preview:large","max-video-preview":"max-video-preview:-1"},"canonical":"https:\/\/tiketi.com\/fr-fr\/air-taxi-from-london-to-bristol\/","og_locale":"fr_FR","og_type":"article","og_title":"Air Taxi from Bristol to London","og_description":"Looking for cheap air taxi\u00a0from Bristol to London online booking app? Compare and book cheap flights from London to Bristol","og_url":"https:\/\/tiketi.com\/fr-fr\/air-taxi-from-london-to-bristol\/","og_site_name":"Tiketi.com","article_publisher":"https:\/\/www.facebook.com\/TiketiCom\/","article_modified_time":"2022-02-03T11:27:09+00:00","og_image":[{"width":1200,"height":200,"url":"https:\/\/tiketi.com\/wp-content\/uploads\/2022\/01\/london-2239726_1280.jpg","type":"image\/jpeg"}],"twitter_card":"summary_large_image","twitter_misc":{"Dur\u00e9e de lecture estim\u00e9e":"3 minutes"},"schema":{"@context":"https:\/\/schema.org","@graph":[{"@type":"WebPage","@id":"https:\/\/tiketi.com\/air-taxi-from-london-to-bristol\/","url":"https:\/\/tiketi.com\/air-taxi-from-london-to-bristol\/","name":"Air Taxi from Bristol to London","isPartOf":{"@id":"https:\/\/tiketi.com\/#website"},"primaryImageOfPage":{"@id":"https:\/\/tiketi.com\/air-taxi-from-london-to-bristol\/#primaryimage"},"image":{"@id":"https:\/\/tiketi.com\/air-taxi-from-london-to-bristol\/#primaryimage"},"thumbnailUrl":"https:\/\/tiketi.com\/wp-content\/uploads\/2022\/01\/london-2239726_1280.jpg","datePublished":"2022-01-19T11:53:22+00:00","dateModified":"2022-02-03T11:27:09+00:00","description":"Looking for cheap air taxi\u00a0from Bristol to London online booking app? Compare and book cheap flights from London to Bristol","breadcrumb":{"@id":"https:\/\/tiketi.com\/air-taxi-from-london-to-bristol\/#breadcrumb"},"inLanguage":"fr-FR","potentialAction":[{"@type":"ReadAction","target":["https:\/\/tiketi.com\/air-taxi-from-london-to-bristol\/"]}]},{"@type":"ImageObject","inLanguage":"fr-FR","@id":"https:\/\/tiketi.com\/air-taxi-from-london-to-bristol\/#primaryimage","url":"https:\/\/tiketi.com\/wp-content\/uploads\/2022\/01\/london-2239726_1280.jpg","contentUrl":"https:\/\/tiketi.com\/wp-content\/uploads\/2022\/01\/london-2239726_1280.jpg","width":1200,"height":200,"caption":"Air Taxi in London"},{"@type":"BreadcrumbList","@id":"https:\/\/tiketi.com\/air-taxi-from-london-to-bristol\/#breadcrumb","itemListElement":[{"@type":"ListItem","position":1,"name":"Home","item":"https:\/\/tiketi.com\/"},{"@type":"ListItem","position":2,"name":"Air Taxi from Bristol to London"}]},{"@type":"WebSite","@id":"https:\/\/tiketi.com\/#website","url":"https:\/\/tiketi.com\/","name":"Billets d&#039;avion et de bus, forfaits touristiques et activit\u00e9s - Tiketi.com","description":"Billets d&#039;avion et de bus, Tours, Activit\u00e9s","publisher":{"@id":"https:\/\/tiketi.com\/#organization"},"potentialAction":[{"@type":"SearchAction","target":{"@type":"EntryPoint","urlTemplate":"https:\/\/tiketi.com\/?s={search_term_string}"},"query-input":{"@type":"PropertyValueSpecification","valueRequired":true,"valueName":"search_term_string"}}],"inLanguage":"fr-FR"},{"@type":"Organization","@id":"https:\/\/tiketi.com\/#organization","name":"Tiketi.com","alternateName":"Tiketi","url":"https:\/\/tiketi.com\/","logo":{"@type":"ImageObject","inLanguage":"fr-FR","@id":"https:\/\/tiketi.com\/#\/schema\/logo\/image\/","url":"https:\/\/tiketi.com\/wp-content\/uploads\/2019\/05\/tiketi-logo-696.png","contentUrl":"https:\/\/tiketi.com\/wp-content\/uploads\/2019\/05\/tiketi-logo-696.png","width":696,"height":696,"caption":"Tiketi.com"},"image":{"@id":"https:\/\/tiketi.com\/#\/schema\/logo\/image\/"},"sameAs":["https:\/\/www.facebook.com\/TiketiCom\/"]}]}},"_links":{"self":[{"href":"https:\/\/tiketi.com\/fr-fr\/wp-json\/wp\/v2\/pages\/10429","targetHints":{"allow":["GET"]}}],"collection":[{"href":"https:\/\/tiketi.com\/fr-fr\/wp-json\/wp\/v2\/pages"}],"about":[{"href":"https:\/\/tiketi.com\/fr-fr\/wp-json\/wp\/v2\/types\/page"}],"author":[{"embeddable":true,"href":"https:\/\/tiketi.com\/fr-fr\/wp-json\/wp\/v2\/users\/1"}],"replies":[{"embeddable":true,"href":"https:\/\/tiketi.com\/fr-fr\/wp-json\/wp\/v2\/comments?post=10429"}],"version-history":[{"count":0,"href":"https:\/\/tiketi.com\/fr-fr\/wp-json\/wp\/v2\/pages\/10429\/revisions"}],"wp:featuredmedia":[{"embeddable":true,"href":"https:\/\/tiketi.com\/fr-fr\/wp-json\/wp\/v2\/media\/14230"}],"wp:attachment":[{"href":"https:\/\/tiketi.com\/fr-fr\/wp-json\/wp\/v2\/media?parent=10429"}],"curies":[{"name":"wp","href":"https:\/\/api.w.org\/{rel}","templated":true}]}}