{"id":10434,"date":"2022-01-19T12:53:22","date_gmt":"2022-01-19T11:53:22","guid":{"rendered":"https:\/\/new.tiketi.com\/cheap-flights-air-taxi-from-reading-to-london\/"},"modified":"2022-02-04T20:13:32","modified_gmt":"2022-02-04T19:13:32","slug":"air-taxi-from-reading-to-london","status":"publish","type":"page","link":"https:\/\/tiketi.com\/fr-fr\/air-taxi-from-reading-to-london\/","title":{"rendered":"Taxi a\u00e9rien de Reading \u00e0 Londres R\u00e9servation en ligne \u2013 Vols pas chers"},"content":{"rendered":"<h2>Vous recherchez des vols \u00e0 bas prix au Londres vers Reading?<\/h2>\n<h3>Recherchez, comparez et r\u00e9servez des billets d&#039;avion pas chers de Londres \u00e0 Reading en ligne d\u00e8s maintenant.<\/h3>\n<p>La r\u00e9servation en ligne d&#039;un taxi a\u00e9rien \u00e9lectrique de Reading \u00e0 Londres sera bient\u00f4t possible. L&#039;application Tiketi.com vous permet de rechercher, comparer et r\u00e9server en ligne des vols pas chers de Londres \u00e0 Reading. Que vous soyez un visiteur \u00e9tranger, un touriste ou un excursionniste dans votre propre ville natale, il existe de nombreuses attractions incroyables \u00e0 Londres que vous devez visiter. Ces galeries, mus\u00e9es, parcs et monuments sont des parcs du tissu urbain \u2013 faites-en l&#039;exp\u00e9rience pour vous impr\u00e9gner de l&#039;histoire et de la culture de la capitale. Trouvez et comparez les billets d&#039;avion de Londres \u00e0 Reading et r\u00e9servez d\u00e8s maintenant en ligne des offres int\u00e9ressantes sur les taxis a\u00e9riens bon march\u00e9 de Londres \u00e0 Reading.<\/p>\n<h2>Voici quelques-unes des meilleures attractions de Londres<\/h2>\n<h3>Le palais de Buckingham<\/h3>\n<p>Situ\u00e9 \u00e0 Westminster, le palais de Buckingham ne va pas seulement vous plaire esth\u00e9tiquement, mais il va aussi d\u00e9tendre votre soif d&#039;histoire. Pendant que vous vous d\u00e9lectez de son architecture importante, assurez-vous de garder un \u0153il sur la reine. Vous pourriez l&#039;apercevoir en train de se promener devant sa maison.<\/p>\n<h3>L&#039;\u0152il de Londres<\/h3>\n<p>\u00c9galement appel\u00e9 Millennium Wheel, le London Eye est situ\u00e9 dans le centre de Londres, \u00e0 deux pas de la Tamise. Si vous voulez voir Londres sous son meilleur jour, assurez-vous de monter \u00e0 bord de cette grande roue. Essayez de r\u00e9server vos billets en ligne afin de ne pas avoir \u00e0 passer par les longues files d&#039;attente.<\/p>\n<h3>Mus\u00e9e anglais<\/h3>\n<p>L&#039;histoire prend vie dans ce c\u00e9l\u00e8bre mus\u00e9e, donc si vous voulez avoir une id\u00e9e du pass\u00e9, n&#039;h\u00e9sitez pas \u00e0 ajouter le British Museum \u00e0 votre itin\u00e9raire. De plus, il contient plus de sept millions d&#039;artefacts, vous serez choqu\u00e9 par la vaste collection de tr\u00e9sors qu&#039;il abrite.<\/p>\n<h2>R\u00e9servation en ligne de taxi a\u00e9rien pas cher de Reading \u00e0 Londres - FAQ<\/h2>\n<h3>Quelle est la distance entre Londres et Reading ?<\/h3>\n<p>La distance du taxi drone entre Reading et le vol de Londres est de 61 kilom\u00e8tres (38 miles).<\/p>\n<h3>Que sont les taxis volants \u00e9lectriques eVLTO de Reading \u00e0 Londres ?<\/h3>\n<p><!--{cke_protected}{C}%3C!%2D%2D%20%2Fwp%3Aheading%20%2D%2D%3E--><!--{cke_protected}{C}%3C!%2D%2D%20wp%3Aparagraph%20%2D%2D%3E-->Les taxis volants \u00e9lectriques reliant Reading \u00e0 Londres, appel\u00e9s eVTOL (d\u00e9collage et atterrissage verticaux \u00e9lectriques), sont con\u00e7us pour transporter des personnes dans l&#039;atmosph\u00e8re urbaine et urbaine.<\/p>\n<h3>Les taxis a\u00e9riens \u00e9lectriques de Reading \u00e0 Londres sont des transports publics \u00e0 grande vitesse<\/h3>\n<p><!--{cke_protected}{C}%3C!%2D%2D%20%2Fwp%3Aheading%20%2D%2D%3E--><!--{cke_protected}{C}%3C!%2D%2D%20wp%3Aparagraph%20%2D%2D%3E-->Le meilleur avantage des taxis a\u00e9riens par drones de Reading \u00e0 Londres est leur vitesse \u00e9lev\u00e9e. C&#039;est le mode de transport le plus rapide et donc le moyen le plus parfait l\u00e0 o\u00f9 le temps est un facteur essentiel.<\/p>\n<h3>Le taxi volant par drone de Reading \u00e0 Londres a de tr\u00e8s faibles \u00e9missions de carbone<\/h3>\n<p>Les producteurs de taxi drone de Reading \u00e0 Londres utilisent l\u2019\u00e9lectricit\u00e9 pour alimenter leurs v\u00e9hicules. Ainsi, les taxis drones n\u2019\u00e9mettent pas de gaz \u00e0 effet de serre. Par cons\u00e9quent, ces taxis peuvent contribuer \u00e0 r\u00e9duire l\u2019impact du changement climatique. Alors r\u00e9servez d\u00e8s maintenant votre taxi avec l&#039;aide d&#039;un taxi drone de Reading \u00e0 Londres.<\/p>\n<h2>Conseils pour les vols pas chers de Londres \u00e0 Reading<\/h2>\n<p>Les vols pas chers par drone de Londres \u00e0 Reading offrent le plus de vols directs entre Reading et Londres.<\/p>","protected":false},"excerpt":{"rendered":"<p>Looking for cheap flights from London to Reading? Search, compare and book cheap flight tickets from London to Reading online now. Electric air taxi\u00a0from Reading to London online booking will be possible soon. The Tiketi.com app helps you search, compare and book cheap flights from London to Reading\u00a0online.\u00a0Whether you are an overseas visitor, tourist or [&hellip;]<\/p>\n","protected":false},"author":1,"featured_media":14230,"parent":0,"menu_order":0,"comment_status":"open","ping_status":"closed","template":"template-home-modern.php","meta":{"footnotes":""},"class_list":["post-10434","page","type-page","status-publish","has-post-thumbnail","hentry"],"yoast_head":"<!-- This site is optimized with the Yoast SEO plugin v27.3 - https:\/\/yoast.com\/product\/yoast-seo-wordpress\/ -->\n<title>Air Taxi from Reading to London Online Booking - Cheap Flights<\/title>\n<meta name=\"description\" content=\"Looking for cheap air taxi\u00a0from Reading to London online booking app? Compare and book cheap flights from London to Reading\" \/>\n<meta name=\"robots\" content=\"index, follow, max-snippet:-1, max-image-preview:large, max-video-preview:-1\" \/>\n<link rel=\"canonical\" href=\"https:\/\/tiketi.com\/fr-fr\/air-taxi-from-reading-to-london\/\" \/>\n<meta property=\"og:locale\" content=\"fr_FR\" \/>\n<meta property=\"og:type\" content=\"article\" \/>\n<meta property=\"og:title\" content=\"Air Taxi from Reading to London Online Booking - Cheap Flights\" \/>\n<meta property=\"og:description\" content=\"Looking for cheap air taxi\u00a0from Reading to London online booking app? Compare and book cheap flights from London to Reading\" \/>\n<meta property=\"og:url\" content=\"https:\/\/tiketi.com\/fr-fr\/air-taxi-from-reading-to-london\/\" \/>\n<meta property=\"og:site_name\" content=\"Tiketi.com\" \/>\n<meta property=\"article:publisher\" content=\"https:\/\/www.facebook.com\/TiketiCom\/\" \/>\n<meta property=\"article:modified_time\" content=\"2022-02-04T19:13:32+00:00\" \/>\n<meta property=\"og:image\" content=\"https:\/\/tiketi.com\/wp-content\/uploads\/2022\/01\/london-2239726_1280.jpg\" \/>\n\t<meta property=\"og:image:width\" content=\"1200\" \/>\n\t<meta property=\"og:image:height\" content=\"200\" \/>\n\t<meta property=\"og:image:type\" content=\"image\/jpeg\" \/>\n<meta name=\"twitter:card\" content=\"summary_large_image\" \/>\n<meta name=\"twitter:label1\" content=\"Dur\u00e9e de lecture estim\u00e9e\" \/>\n\t<meta name=\"twitter:data1\" content=\"3 minutes\" \/>\n<script type=\"application\/ld+json\" class=\"yoast-schema-graph\">{\"@context\":\"https:\\\/\\\/schema.org\",\"@graph\":[{\"@type\":\"WebPage\",\"@id\":\"https:\\\/\\\/tiketi.com\\\/air-taxi-from-reading-to-london\\\/\",\"url\":\"https:\\\/\\\/tiketi.com\\\/air-taxi-from-reading-to-london\\\/\",\"name\":\"Air Taxi from Reading to London Online Booking - Cheap Flights\",\"isPartOf\":{\"@id\":\"https:\\\/\\\/tiketi.com\\\/#website\"},\"primaryImageOfPage\":{\"@id\":\"https:\\\/\\\/tiketi.com\\\/air-taxi-from-reading-to-london\\\/#primaryimage\"},\"image\":{\"@id\":\"https:\\\/\\\/tiketi.com\\\/air-taxi-from-reading-to-london\\\/#primaryimage\"},\"thumbnailUrl\":\"https:\\\/\\\/tiketi.com\\\/wp-content\\\/uploads\\\/2022\\\/01\\\/london-2239726_1280.jpg\",\"datePublished\":\"2022-01-19T11:53:22+00:00\",\"dateModified\":\"2022-02-04T19:13:32+00:00\",\"description\":\"Looking for cheap air taxi\u00a0from Reading to London online booking app? Compare and book cheap flights from London to Reading\",\"breadcrumb\":{\"@id\":\"https:\\\/\\\/tiketi.com\\\/air-taxi-from-reading-to-london\\\/#breadcrumb\"},\"inLanguage\":\"fr-FR\",\"potentialAction\":[{\"@type\":\"ReadAction\",\"target\":[\"https:\\\/\\\/tiketi.com\\\/air-taxi-from-reading-to-london\\\/\"]}]},{\"@type\":\"ImageObject\",\"inLanguage\":\"fr-FR\",\"@id\":\"https:\\\/\\\/tiketi.com\\\/air-taxi-from-reading-to-london\\\/#primaryimage\",\"url\":\"https:\\\/\\\/tiketi.com\\\/wp-content\\\/uploads\\\/2022\\\/01\\\/london-2239726_1280.jpg\",\"contentUrl\":\"https:\\\/\\\/tiketi.com\\\/wp-content\\\/uploads\\\/2022\\\/01\\\/london-2239726_1280.jpg\",\"width\":1200,\"height\":200,\"caption\":\"Air Taxi in London\"},{\"@type\":\"BreadcrumbList\",\"@id\":\"https:\\\/\\\/tiketi.com\\\/air-taxi-from-reading-to-london\\\/#breadcrumb\",\"itemListElement\":[{\"@type\":\"ListItem\",\"position\":1,\"name\":\"Home\",\"item\":\"https:\\\/\\\/tiketi.com\\\/\"},{\"@type\":\"ListItem\",\"position\":2,\"name\":\"Air Taxi from Reading to London Online Booking &#8211; Cheap Flights\"}]},{\"@type\":\"WebSite\",\"@id\":\"https:\\\/\\\/tiketi.com\\\/#website\",\"url\":\"https:\\\/\\\/tiketi.com\\\/\",\"name\":\"Flight & Bus Tickets, Tour Packages & Activitites - Tiketi.com\",\"description\":\"Flight &amp; Bus Tickets, Tours, Activitites\",\"publisher\":{\"@id\":\"https:\\\/\\\/tiketi.com\\\/#organization\"},\"potentialAction\":[{\"@type\":\"SearchAction\",\"target\":{\"@type\":\"EntryPoint\",\"urlTemplate\":\"https:\\\/\\\/tiketi.com\\\/?s={search_term_string}\"},\"query-input\":{\"@type\":\"PropertyValueSpecification\",\"valueRequired\":true,\"valueName\":\"search_term_string\"}}],\"inLanguage\":\"fr-FR\"},{\"@type\":\"Organization\",\"@id\":\"https:\\\/\\\/tiketi.com\\\/#organization\",\"name\":\"Tiketi.com\",\"alternateName\":\"Tiketi\",\"url\":\"https:\\\/\\\/tiketi.com\\\/\",\"logo\":{\"@type\":\"ImageObject\",\"inLanguage\":\"fr-FR\",\"@id\":\"https:\\\/\\\/tiketi.com\\\/#\\\/schema\\\/logo\\\/image\\\/\",\"url\":\"https:\\\/\\\/tiketi.com\\\/wp-content\\\/uploads\\\/2019\\\/05\\\/tiketi-logo-696.png\",\"contentUrl\":\"https:\\\/\\\/tiketi.com\\\/wp-content\\\/uploads\\\/2019\\\/05\\\/tiketi-logo-696.png\",\"width\":696,\"height\":696,\"caption\":\"Tiketi.com\"},\"image\":{\"@id\":\"https:\\\/\\\/tiketi.com\\\/#\\\/schema\\\/logo\\\/image\\\/\"},\"sameAs\":[\"https:\\\/\\\/www.facebook.com\\\/TiketiCom\\\/\"]}]}<\/script>\n<!-- \/ Yoast SEO plugin. -->","yoast_head_json":{"title":"Taxi a\u00e9rien de Reading \u00e0 Londres R\u00e9servation en ligne - Vols pas chers","description":"Vous recherchez une application de r\u00e9servation en ligne de taxi a\u00e9rien pas cher de Reading \u00e0 Londres ? Comparez et r\u00e9servez des vols pas chers de Londres \u00e0 Reading","robots":{"index":"index","follow":"follow","max-snippet":"max-snippet:-1","max-image-preview":"max-image-preview:large","max-video-preview":"max-video-preview:-1"},"canonical":"https:\/\/tiketi.com\/fr-fr\/air-taxi-from-reading-to-london\/","og_locale":"fr_FR","og_type":"article","og_title":"Air Taxi from Reading to London Online Booking - Cheap Flights","og_description":"Looking for cheap air taxi\u00a0from Reading to London online booking app? Compare and book cheap flights from London to Reading","og_url":"https:\/\/tiketi.com\/fr-fr\/air-taxi-from-reading-to-london\/","og_site_name":"Tiketi.com","article_publisher":"https:\/\/www.facebook.com\/TiketiCom\/","article_modified_time":"2022-02-04T19:13:32+00:00","og_image":[{"width":1200,"height":200,"url":"https:\/\/tiketi.com\/wp-content\/uploads\/2022\/01\/london-2239726_1280.jpg","type":"image\/jpeg"}],"twitter_card":"summary_large_image","twitter_misc":{"Dur\u00e9e de lecture estim\u00e9e":"3 minutes"},"schema":{"@context":"https:\/\/schema.org","@graph":[{"@type":"WebPage","@id":"https:\/\/tiketi.com\/air-taxi-from-reading-to-london\/","url":"https:\/\/tiketi.com\/air-taxi-from-reading-to-london\/","name":"Taxi a\u00e9rien de Reading \u00e0 Londres R\u00e9servation en ligne - Vols pas chers","isPartOf":{"@id":"https:\/\/tiketi.com\/#website"},"primaryImageOfPage":{"@id":"https:\/\/tiketi.com\/air-taxi-from-reading-to-london\/#primaryimage"},"image":{"@id":"https:\/\/tiketi.com\/air-taxi-from-reading-to-london\/#primaryimage"},"thumbnailUrl":"https:\/\/tiketi.com\/wp-content\/uploads\/2022\/01\/london-2239726_1280.jpg","datePublished":"2022-01-19T11:53:22+00:00","dateModified":"2022-02-04T19:13:32+00:00","description":"Vous recherchez une application de r\u00e9servation en ligne de taxi a\u00e9rien pas cher de Reading \u00e0 Londres ? Comparez et r\u00e9servez des vols pas chers de Londres \u00e0 Reading","breadcrumb":{"@id":"https:\/\/tiketi.com\/air-taxi-from-reading-to-london\/#breadcrumb"},"inLanguage":"fr-FR","potentialAction":[{"@type":"ReadAction","target":["https:\/\/tiketi.com\/air-taxi-from-reading-to-london\/"]}]},{"@type":"ImageObject","inLanguage":"fr-FR","@id":"https:\/\/tiketi.com\/air-taxi-from-reading-to-london\/#primaryimage","url":"https:\/\/tiketi.com\/wp-content\/uploads\/2022\/01\/london-2239726_1280.jpg","contentUrl":"https:\/\/tiketi.com\/wp-content\/uploads\/2022\/01\/london-2239726_1280.jpg","width":1200,"height":200,"caption":"Air Taxi in London"},{"@type":"BreadcrumbList","@id":"https:\/\/tiketi.com\/air-taxi-from-reading-to-london\/#breadcrumb","itemListElement":[{"@type":"ListItem","position":1,"name":"Home","item":"https:\/\/tiketi.com\/"},{"@type":"ListItem","position":2,"name":"Air Taxi from Reading to London Online Booking &#8211; Cheap Flights"}]},{"@type":"WebSite","@id":"https:\/\/tiketi.com\/#website","url":"https:\/\/tiketi.com\/","name":"Billets d&#039;avion et de bus, forfaits touristiques et activit\u00e9s - Tiketi.com","description":"Billets d&#039;avion et de bus, Tours, Activit\u00e9s","publisher":{"@id":"https:\/\/tiketi.com\/#organization"},"potentialAction":[{"@type":"SearchAction","target":{"@type":"EntryPoint","urlTemplate":"https:\/\/tiketi.com\/?s={search_term_string}"},"query-input":{"@type":"PropertyValueSpecification","valueRequired":true,"valueName":"search_term_string"}}],"inLanguage":"fr-FR"},{"@type":"Organization","@id":"https:\/\/tiketi.com\/#organization","name":"Tiketi.com","alternateName":"Tiketi","url":"https:\/\/tiketi.com\/","logo":{"@type":"ImageObject","inLanguage":"fr-FR","@id":"https:\/\/tiketi.com\/#\/schema\/logo\/image\/","url":"https:\/\/tiketi.com\/wp-content\/uploads\/2019\/05\/tiketi-logo-696.png","contentUrl":"https:\/\/tiketi.com\/wp-content\/uploads\/2019\/05\/tiketi-logo-696.png","width":696,"height":696,"caption":"Tiketi.com"},"image":{"@id":"https:\/\/tiketi.com\/#\/schema\/logo\/image\/"},"sameAs":["https:\/\/www.facebook.com\/TiketiCom\/"]}]}},"_links":{"self":[{"href":"https:\/\/tiketi.com\/fr-fr\/wp-json\/wp\/v2\/pages\/10434","targetHints":{"allow":["GET"]}}],"collection":[{"href":"https:\/\/tiketi.com\/fr-fr\/wp-json\/wp\/v2\/pages"}],"about":[{"href":"https:\/\/tiketi.com\/fr-fr\/wp-json\/wp\/v2\/types\/page"}],"author":[{"embeddable":true,"href":"https:\/\/tiketi.com\/fr-fr\/wp-json\/wp\/v2\/users\/1"}],"replies":[{"embeddable":true,"href":"https:\/\/tiketi.com\/fr-fr\/wp-json\/wp\/v2\/comments?post=10434"}],"version-history":[{"count":0,"href":"https:\/\/tiketi.com\/fr-fr\/wp-json\/wp\/v2\/pages\/10434\/revisions"}],"wp:featuredmedia":[{"embeddable":true,"href":"https:\/\/tiketi.com\/fr-fr\/wp-json\/wp\/v2\/media\/14230"}],"wp:attachment":[{"href":"https:\/\/tiketi.com\/fr-fr\/wp-json\/wp\/v2\/media?parent=10434"}],"curies":[{"name":"wp","href":"https:\/\/api.w.org\/{rel}","templated":true}]}}