{"id":10436,"date":"2022-01-19T12:53:22","date_gmt":"2022-01-19T11:53:22","guid":{"rendered":"https:\/\/new.tiketi.com\/cheap-flights-air-taxi-from-philadelphia-to-new-york\/"},"modified":"2022-02-04T19:35:50","modified_gmt":"2022-02-04T18:35:50","slug":"air-taxi-from-newyork-to-philadelphia","status":"publish","type":"page","link":"https:\/\/tiketi.com\/fr-fr\/air-taxi-from-newyork-to-philadelphia\/","title":{"rendered":"Air Taxi from Philadelphia to New York Online Booking"},"content":{"rendered":"<h2>Looking for cheap flights from New York to Philadelphia?<\/h2>\n<h3>Search, compare and book cheap flight tickets from Manhattan to Philadelphia online now.<\/h3>\n<p>Electric air taxi from Philadelphia to New York \/ Manhattan online booking will be possible soon. The Tiketi.com app helps you search, compare and book cheap flights from New York to Philadelphia online. With popular New York landmarks like the Empire State Building, Rockefeller Center or Brooklyn Bridge around every corner, it can be difficult picking the attractions that you want to view on your trip to NYC. Below you will find the best attractions of NYC. So find and compare flight tickets from Manhattan to Philadelphia and book great offers on cheap air taxis from New York to Philadelphia online now.<\/p>\n<h3>Voici quelques-unes des meilleures attractions de New York<\/h3>\n<h3>La statue de la Libert\u00e9<\/h3>\n<p>La Statue de la Libert\u00e9 \u00e9tait un cadeau de France \u00e0 l&#039;Am\u00e9rique. Construit en 1886, il reste un symbole mondial populaire de libert\u00e9 et l&#039;une des plus grandes ic\u00f4nes am\u00e9ricaines. C&#039;est l&#039;une des plus grandes statues du monde, mesurant un peu moins de 152 pieds de haut de la base \u00e0 la torche et pesant environ 450 000 livres.<\/p>\n<h3>Parc central<\/h3>\n<p>Une promenade \u00e0 pied, \u00e0 pied ou en cal\u00e8che dans les all\u00e9es qui s&#039;entrecroisent de Central Park est un incontournable de tout itin\u00e9raire \u00e0 New York. Pendant les mois de glace, vous pouvez m\u00eame attacher vos patins et glisser sur la Wollman Rink. Ce grand parc du centre-ville, d&#039;une demi-largeur et d&#039;une longueur de 2,5 miles, est l&#039;une des choses qui font de NYC une ville aussi charmante et dynamique.<\/p>\n<h3>centre Rockefeller<\/h3>\n<p>En ce qui concerne les attractions de New York, le Rockefeller Center est presque tous les itin\u00e9raires des visiteurs. Ce grand complexe de divertissement et de shopping au milieu de Manhattan abrite NBC-TV et d&#039;autres m\u00e9dias, mais la pi\u00e8ce ma\u00eetresse est le Rockefeller Plaza de soixante-dix \u00e9tages, un gratte-ciel Art d\u00e9co qui offre une vue imprenable sur Manhattan depuis le sommet populaire du rocher. pont d&#039;observation.<\/p>\n<h3>L&#039;Empire State Building<\/h3>\n<p>L&#039;Empire State Building est l&#039;un des b\u00e2timents les plus c\u00e9l\u00e8bres de New York et des principales attractions touristiques. Le b\u00e2timent de 381 m\u00e8tres de haut et 102 \u00e9tages \u00e9tait le plus haut de la plan\u00e8te jusqu&#039;\u00e0 ce que le 1 World Trade Center s&#039;\u00e9l\u00e8ve plus haut, quarante et un ans plus tard. Surmont\u00e9 d&#039;un m\u00e2t d&#039;amarrage pour les dirigeables, l&#039;Empire State Building est rapidement devenu un point de rep\u00e8re et un symbole pour New York lors de son ouverture en 1931.<\/p>\n<h3>Mus\u00e9e d&#039;art m\u00e9tropolitain<\/h3>\n<p>Le Met, ou Metropolitan Museum of Art, comme on l&#039;appelle g\u00e9n\u00e9ralement, a \u00e9t\u00e9 fond\u00e9 en 1870 et est l&#039;un des mus\u00e9es les plus populaires d&#039;Am\u00e9rique. La collection permanente du Met contient plus de 2 millions d&#039;\u0153uvres d&#039;art, couvrant une p\u00e9riode de 5 000 ans.<\/p>\n<h2>Affordable air taxi from Philadelphia to New York \/ Manhattan online booking FAQs<\/h2>\n<h3>How far is Manhattan\u00a0to Philadelphia?<\/h3>\n<p>The distance of air taxi from Philadelphia to New York \/ Manhattan\u00a0flight is 130 kilometers (81 miles).<\/p>\n<h3>Quel est le meilleur moment pour visiter New York ?<\/h3>\n<p>Spring and summer seasons are the excellent times to discover the best of this tourism magnet with mostly tourists setting their ways to Manhattan in big numbers. Early fall is also best when chill breeze and moderate temperature predominates. But bear in mind, no issue what time of the year you book cheap air taxi from Philadelphia to Manhattan\u00a0New York, the city will forever be alive, kicking and never lacking fun-filled activities.<\/p>\n<h3>What are eVLTO electric flying taxis from Bankstown to Sydney?<\/h3>\n<p><!--{cke_protected}{C}%3C!%2D%2D%20%2Fwp%3Aheading%20%2D%2D%3E--><!--{cke_protected}{C}%3C!%2D%2D%20wp%3Aparagraph%20%2D%2D%3E-->The electric flying taxis from Bankstown to Sydney aircraft, called as an eVTOL (electrical vertical take-off and landing), are designed to transport people via urban and cities atmosphere.<\/p>\n<h3>Electric air taxis from Bankstown to Sydney are high-speed public transport<\/h3>\n<p><!--{cke_protected}{C}%3C!%2D%2D%20%2Fwp%3Aheading%20%2D%2D%3E--><!--{cke_protected}{C}%3C!%2D%2D%20wp%3Aparagraph%20%2D%2D%3E-->The best benefit of drone air taxis from Bankstown to Sydney is its high speed. It is the quickest mode of transport and thus it is the most perfect mean where time is a vital factor.<\/p>\n<h3>Drone flying taxi from Bankstown to Sydney has very low carbon emissions<\/h3>\n<p>Drone taxi from Bankstown to Sydney producers use electricity to power their vehicles. Hence, drone taxis will not emit greenhouses gases. Hence, these taxis can support in decreasing the impact of climate change. So book your taxi with the help of drone taxi from Bankstown to Sydney now.<\/p>\n<h3>Quels sont les choix de transport disponibles pour les touristes \u00e0 New York\u00a0?<\/h3>\n<p>Toute la ville de New York est comme une grille et simplement navigable. Louer un taxi, de toute fa\u00e7on, est l&#039;excellent moyen de voyager \u00e0 New York qui ne co\u00fbterait pas trop cher et qui est \u00e9galement assez facile \u00e0 trouver, peu importe o\u00f9 vous vous trouvez dans la ville. C&#039;est l&#039;un des moyens abordables de voyager \u00e0 New York et aussi l&#039;un des meilleurs moyens d&#039;explorer v\u00e9ritablement l&#039;essence de la vie dans cette ville anim\u00e9e. Le m\u00e9tro fonctionne 24 heures sur 24 et est facilement accessible quelle que soit l&#039;heure de la journ\u00e9e \u00e0 laquelle vous voyagez. L&#039;utilisation du bus est \u00e9galement un meilleur choix \u00e0 condition que vous voyagiez pendant les heures de pointe o\u00f9 vous pourriez \u00eatre coinc\u00e9 dans la circulation.<\/p>\n<h2>Handy tips for cheap flights from New York to Philadelphia direct<\/h2>\n<p>\u2022 NYC City regorge de curiosit\u00e9s et de choses \u00e0 faire que vous ne voulez pas manquer. Assurez-vous donc de vous procurer un guide qui vous aidera \u00e0 planifier votre voyage de mani\u00e8re \u00e0 vous faire traverser la ville sans manquer les grandes attractions touristiques.<\/p>\n<p>\u2022 Vous voudrez peut-\u00eatre r\u00e9server vos r\u00e9servations pour certaines des principales attractions de NYC d\u00e8s que vous atterrirez dans la c\u00e9l\u00e8bre ville. Ceux-ci contiennent l&#039;observation du coucher du soleil au sommet du rocher, la visite du studio NBC, l&#039;observation de l&#039;Empire State, etc.<\/p>","protected":false},"excerpt":{"rendered":"<p>Looking for cheap flights from New York to Philadelphia? Search, compare and book cheap flight tickets from Manhattan to Philadelphia online now. Electric air taxi from Philadelphia to New York \/ Manhattan online booking will be possible soon. The Tiketi.com app helps you search, compare and book cheap flights from New York to Philadelphia online. [&hellip;]<\/p>\n","protected":false},"author":1,"featured_media":15770,"parent":0,"menu_order":0,"comment_status":"open","ping_status":"closed","template":"template-home-modern.php","meta":{"footnotes":""},"class_list":["post-10436","page","type-page","status-publish","has-post-thumbnail","hentry"],"yoast_head":"<!-- This site is optimized with the Yoast SEO plugin v27.3 - https:\/\/yoast.com\/product\/yoast-seo-wordpress\/ -->\n<title>Air Taxi from Philadelphia to New York Online Booking - Cheap Flights<\/title>\n<meta name=\"description\" content=\"Looking for cheap air taxi from Philadelphia to Manhattan online booking app? Compare and book cheap flights from New York to Philadelphia\" \/>\n<meta name=\"robots\" content=\"index, follow, max-snippet:-1, max-image-preview:large, max-video-preview:-1\" \/>\n<link rel=\"canonical\" href=\"https:\/\/tiketi.com\/fr-fr\/air-taxi-from-newyork-to-philadelphia\/\" \/>\n<meta property=\"og:locale\" content=\"fr_FR\" \/>\n<meta property=\"og:type\" content=\"article\" \/>\n<meta property=\"og:title\" content=\"Air Taxi from Philadelphia to New York Online Booking - Cheap Flights\" \/>\n<meta property=\"og:description\" content=\"Looking for cheap air taxi from Philadelphia to Manhattan online booking app? Compare and book cheap flights from New York to Philadelphia\" \/>\n<meta property=\"og:url\" content=\"https:\/\/tiketi.com\/fr-fr\/air-taxi-from-newyork-to-philadelphia\/\" \/>\n<meta property=\"og:site_name\" content=\"Tiketi.com\" \/>\n<meta property=\"article:publisher\" content=\"https:\/\/www.facebook.com\/TiketiCom\/\" \/>\n<meta property=\"article:modified_time\" content=\"2022-02-04T18:35:50+00:00\" \/>\n<meta property=\"og:image\" content=\"https:\/\/tiketi.com\/wp-content\/uploads\/2019\/05\/new-york-4957752_1280.jpg\" \/>\n\t<meta property=\"og:image:width\" content=\"1200\" \/>\n\t<meta property=\"og:image:height\" content=\"204\" \/>\n\t<meta property=\"og:image:type\" content=\"image\/jpeg\" \/>\n<meta name=\"twitter:card\" content=\"summary_large_image\" \/>\n<meta name=\"twitter:label1\" content=\"Dur\u00e9e de lecture estim\u00e9e\" \/>\n\t<meta name=\"twitter:data1\" content=\"5 minutes\" \/>\n<script type=\"application\/ld+json\" class=\"yoast-schema-graph\">{\"@context\":\"https:\\\/\\\/schema.org\",\"@graph\":[{\"@type\":\"WebPage\",\"@id\":\"https:\\\/\\\/tiketi.com\\\/air-taxi-from-newyork-to-philadelphia\\\/\",\"url\":\"https:\\\/\\\/tiketi.com\\\/air-taxi-from-newyork-to-philadelphia\\\/\",\"name\":\"Air Taxi from Philadelphia to New York Online Booking - Cheap Flights\",\"isPartOf\":{\"@id\":\"https:\\\/\\\/tiketi.com\\\/#website\"},\"primaryImageOfPage\":{\"@id\":\"https:\\\/\\\/tiketi.com\\\/air-taxi-from-newyork-to-philadelphia\\\/#primaryimage\"},\"image\":{\"@id\":\"https:\\\/\\\/tiketi.com\\\/air-taxi-from-newyork-to-philadelphia\\\/#primaryimage\"},\"thumbnailUrl\":\"https:\\\/\\\/tiketi.com\\\/wp-content\\\/uploads\\\/2019\\\/05\\\/new-york-4957752_1280.jpg\",\"datePublished\":\"2022-01-19T11:53:22+00:00\",\"dateModified\":\"2022-02-04T18:35:50+00:00\",\"description\":\"Looking for cheap air taxi from Philadelphia to Manhattan online booking app? Compare and book cheap flights from New York to Philadelphia\",\"breadcrumb\":{\"@id\":\"https:\\\/\\\/tiketi.com\\\/air-taxi-from-newyork-to-philadelphia\\\/#breadcrumb\"},\"inLanguage\":\"fr-FR\",\"potentialAction\":[{\"@type\":\"ReadAction\",\"target\":[\"https:\\\/\\\/tiketi.com\\\/air-taxi-from-newyork-to-philadelphia\\\/\"]}]},{\"@type\":\"ImageObject\",\"inLanguage\":\"fr-FR\",\"@id\":\"https:\\\/\\\/tiketi.com\\\/air-taxi-from-newyork-to-philadelphia\\\/#primaryimage\",\"url\":\"https:\\\/\\\/tiketi.com\\\/wp-content\\\/uploads\\\/2019\\\/05\\\/new-york-4957752_1280.jpg\",\"contentUrl\":\"https:\\\/\\\/tiketi.com\\\/wp-content\\\/uploads\\\/2019\\\/05\\\/new-york-4957752_1280.jpg\",\"width\":1200,\"height\":204,\"caption\":\"Air Taxi in New York\"},{\"@type\":\"BreadcrumbList\",\"@id\":\"https:\\\/\\\/tiketi.com\\\/air-taxi-from-newyork-to-philadelphia\\\/#breadcrumb\",\"itemListElement\":[{\"@type\":\"ListItem\",\"position\":1,\"name\":\"Home\",\"item\":\"https:\\\/\\\/tiketi.com\\\/\"},{\"@type\":\"ListItem\",\"position\":2,\"name\":\"Air Taxi from Philadelphia to New York Online Booking\"}]},{\"@type\":\"WebSite\",\"@id\":\"https:\\\/\\\/tiketi.com\\\/#website\",\"url\":\"https:\\\/\\\/tiketi.com\\\/\",\"name\":\"Flight & Bus Tickets, Tour Packages & Activitites - Tiketi.com\",\"description\":\"Flight &amp; Bus Tickets, Tours, Activitites\",\"publisher\":{\"@id\":\"https:\\\/\\\/tiketi.com\\\/#organization\"},\"potentialAction\":[{\"@type\":\"SearchAction\",\"target\":{\"@type\":\"EntryPoint\",\"urlTemplate\":\"https:\\\/\\\/tiketi.com\\\/?s={search_term_string}\"},\"query-input\":{\"@type\":\"PropertyValueSpecification\",\"valueRequired\":true,\"valueName\":\"search_term_string\"}}],\"inLanguage\":\"fr-FR\"},{\"@type\":\"Organization\",\"@id\":\"https:\\\/\\\/tiketi.com\\\/#organization\",\"name\":\"Tiketi.com\",\"alternateName\":\"Tiketi\",\"url\":\"https:\\\/\\\/tiketi.com\\\/\",\"logo\":{\"@type\":\"ImageObject\",\"inLanguage\":\"fr-FR\",\"@id\":\"https:\\\/\\\/tiketi.com\\\/#\\\/schema\\\/logo\\\/image\\\/\",\"url\":\"https:\\\/\\\/tiketi.com\\\/wp-content\\\/uploads\\\/2019\\\/05\\\/tiketi-logo-696.png\",\"contentUrl\":\"https:\\\/\\\/tiketi.com\\\/wp-content\\\/uploads\\\/2019\\\/05\\\/tiketi-logo-696.png\",\"width\":696,\"height\":696,\"caption\":\"Tiketi.com\"},\"image\":{\"@id\":\"https:\\\/\\\/tiketi.com\\\/#\\\/schema\\\/logo\\\/image\\\/\"},\"sameAs\":[\"https:\\\/\\\/www.facebook.com\\\/TiketiCom\\\/\"]}]}<\/script>\n<!-- \/ Yoast SEO plugin. -->","yoast_head_json":{"title":"Air Taxi from Philadelphia to New York Online Booking - Cheap Flights","description":"Looking for cheap air taxi from Philadelphia to Manhattan online booking app? Compare and book cheap flights from New York to Philadelphia","robots":{"index":"index","follow":"follow","max-snippet":"max-snippet:-1","max-image-preview":"max-image-preview:large","max-video-preview":"max-video-preview:-1"},"canonical":"https:\/\/tiketi.com\/fr-fr\/air-taxi-from-newyork-to-philadelphia\/","og_locale":"fr_FR","og_type":"article","og_title":"Air Taxi from Philadelphia to New York Online Booking - Cheap Flights","og_description":"Looking for cheap air taxi from Philadelphia to Manhattan online booking app? Compare and book cheap flights from New York to Philadelphia","og_url":"https:\/\/tiketi.com\/fr-fr\/air-taxi-from-newyork-to-philadelphia\/","og_site_name":"Tiketi.com","article_publisher":"https:\/\/www.facebook.com\/TiketiCom\/","article_modified_time":"2022-02-04T18:35:50+00:00","og_image":[{"width":1200,"height":204,"url":"https:\/\/tiketi.com\/wp-content\/uploads\/2019\/05\/new-york-4957752_1280.jpg","type":"image\/jpeg"}],"twitter_card":"summary_large_image","twitter_misc":{"Dur\u00e9e de lecture estim\u00e9e":"5 minutes"},"schema":{"@context":"https:\/\/schema.org","@graph":[{"@type":"WebPage","@id":"https:\/\/tiketi.com\/air-taxi-from-newyork-to-philadelphia\/","url":"https:\/\/tiketi.com\/air-taxi-from-newyork-to-philadelphia\/","name":"Air Taxi from Philadelphia to New York Online Booking - Cheap Flights","isPartOf":{"@id":"https:\/\/tiketi.com\/#website"},"primaryImageOfPage":{"@id":"https:\/\/tiketi.com\/air-taxi-from-newyork-to-philadelphia\/#primaryimage"},"image":{"@id":"https:\/\/tiketi.com\/air-taxi-from-newyork-to-philadelphia\/#primaryimage"},"thumbnailUrl":"https:\/\/tiketi.com\/wp-content\/uploads\/2019\/05\/new-york-4957752_1280.jpg","datePublished":"2022-01-19T11:53:22+00:00","dateModified":"2022-02-04T18:35:50+00:00","description":"Looking for cheap air taxi from Philadelphia to Manhattan online booking app? Compare and book cheap flights from New York to Philadelphia","breadcrumb":{"@id":"https:\/\/tiketi.com\/air-taxi-from-newyork-to-philadelphia\/#breadcrumb"},"inLanguage":"fr-FR","potentialAction":[{"@type":"ReadAction","target":["https:\/\/tiketi.com\/air-taxi-from-newyork-to-philadelphia\/"]}]},{"@type":"ImageObject","inLanguage":"fr-FR","@id":"https:\/\/tiketi.com\/air-taxi-from-newyork-to-philadelphia\/#primaryimage","url":"https:\/\/tiketi.com\/wp-content\/uploads\/2019\/05\/new-york-4957752_1280.jpg","contentUrl":"https:\/\/tiketi.com\/wp-content\/uploads\/2019\/05\/new-york-4957752_1280.jpg","width":1200,"height":204,"caption":"Air Taxi in New York"},{"@type":"BreadcrumbList","@id":"https:\/\/tiketi.com\/air-taxi-from-newyork-to-philadelphia\/#breadcrumb","itemListElement":[{"@type":"ListItem","position":1,"name":"Home","item":"https:\/\/tiketi.com\/"},{"@type":"ListItem","position":2,"name":"Air Taxi from Philadelphia to New York Online Booking"}]},{"@type":"WebSite","@id":"https:\/\/tiketi.com\/#website","url":"https:\/\/tiketi.com\/","name":"Billets d&#039;avion et de bus, forfaits touristiques et activit\u00e9s - Tiketi.com","description":"Billets d&#039;avion et de bus, Tours, Activit\u00e9s","publisher":{"@id":"https:\/\/tiketi.com\/#organization"},"potentialAction":[{"@type":"SearchAction","target":{"@type":"EntryPoint","urlTemplate":"https:\/\/tiketi.com\/?s={search_term_string}"},"query-input":{"@type":"PropertyValueSpecification","valueRequired":true,"valueName":"search_term_string"}}],"inLanguage":"fr-FR"},{"@type":"Organization","@id":"https:\/\/tiketi.com\/#organization","name":"Tiketi.com","alternateName":"Tiketi","url":"https:\/\/tiketi.com\/","logo":{"@type":"ImageObject","inLanguage":"fr-FR","@id":"https:\/\/tiketi.com\/#\/schema\/logo\/image\/","url":"https:\/\/tiketi.com\/wp-content\/uploads\/2019\/05\/tiketi-logo-696.png","contentUrl":"https:\/\/tiketi.com\/wp-content\/uploads\/2019\/05\/tiketi-logo-696.png","width":696,"height":696,"caption":"Tiketi.com"},"image":{"@id":"https:\/\/tiketi.com\/#\/schema\/logo\/image\/"},"sameAs":["https:\/\/www.facebook.com\/TiketiCom\/"]}]}},"_links":{"self":[{"href":"https:\/\/tiketi.com\/fr-fr\/wp-json\/wp\/v2\/pages\/10436","targetHints":{"allow":["GET"]}}],"collection":[{"href":"https:\/\/tiketi.com\/fr-fr\/wp-json\/wp\/v2\/pages"}],"about":[{"href":"https:\/\/tiketi.com\/fr-fr\/wp-json\/wp\/v2\/types\/page"}],"author":[{"embeddable":true,"href":"https:\/\/tiketi.com\/fr-fr\/wp-json\/wp\/v2\/users\/1"}],"replies":[{"embeddable":true,"href":"https:\/\/tiketi.com\/fr-fr\/wp-json\/wp\/v2\/comments?post=10436"}],"version-history":[{"count":0,"href":"https:\/\/tiketi.com\/fr-fr\/wp-json\/wp\/v2\/pages\/10436\/revisions"}],"wp:featuredmedia":[{"embeddable":true,"href":"https:\/\/tiketi.com\/fr-fr\/wp-json\/wp\/v2\/media\/15770"}],"wp:attachment":[{"href":"https:\/\/tiketi.com\/fr-fr\/wp-json\/wp\/v2\/media?parent=10436"}],"curies":[{"name":"wp","href":"https:\/\/api.w.org\/{rel}","templated":true}]}}