{"id":10444,"date":"2022-01-19T12:53:22","date_gmt":"2022-01-19T11:53:22","guid":{"rendered":"https:\/\/new.tiketi.com\/cheap-flights-air-taxi-from-santa-monica-to-los-angeles\/"},"modified":"2022-02-05T08:28:57","modified_gmt":"2022-02-05T07:28:57","slug":"air-taxi-from-los-angeles-to-santa-monica","status":"publish","type":"page","link":"https:\/\/tiketi.com\/fr-fr\/air-taxi-from-los-angeles-to-santa-monica\/","title":{"rendered":"Taxi a\u00e9rien de Santa Monica \u00e0 Los Angeles R\u00e9servation en ligne"},"content":{"rendered":"<h2>Vous recherchez des vols \u00e0 bas prix de Los Angeles vers Santa Monica ?<\/h2>\n<h3>Recherchez, comparez et r\u00e9servez en ligne les billets d&#039;avion \u00e0 bas prix de Los Angeles \u00e0 Santa Monica.<\/h3>\n<p>La r\u00e9servation en ligne d&#039;un taxi a\u00e9rien \u00e9lectrique de Santa Monica \u00e0 Los Angeles sera bient\u00f4t possible. L&#039;application Tiketi.com vous permet de rechercher, comparer et r\u00e9server en ligne des vols pas chers de Los Angeles \u00e0 Santa Monica. Los Angeles est connue comme la capitale mondiale du divertissement, et pour la meilleure raison. Les films, les \u00e9missions de t\u00e9l\u00e9vision et la musique produits dans la Cit\u00e9 des anges sont appr\u00e9ci\u00e9s dans le monde entier. Alors que l&#039;histoire commerciale actuelle de la ville et la possibilit\u00e9 de c\u00f4toyer une c\u00e9l\u00e9brit\u00e9 attirent de nombreux visiteurs \u00e0 Los Angeles, la zone des parcs \u00e0 th\u00e8me et le temps chaud toute l&#039;ann\u00e9e sont \u00e9galement d&#039;\u00e9normes attractions. Des collections d&#039;ar\u00e8nes, de mus\u00e9es et de th\u00e9\u00e2tres de premi\u00e8re classe signifient que les passionn\u00e9s d&#039;histoire, les amoureux et les amateurs de sport trouveront \u00e9galement beaucoup \u00e0 aimer dans les attractions touristiques de Los Angeles. Alors trouvez et comparez les billets d&#039;avion de Los Angeles \u00e0 Santa Monica et r\u00e9servez en ligne d\u00e8s maintenant des offres exceptionnelles sur des taxis a\u00e9riens pas chers de Los Angeles \u00e0 Santa Monica.<\/p>\n<h2>FAQ sur la r\u00e9servation en ligne d&#039;un taxi a\u00e9rien pas cher de Santa Monica \u00e0 Los Angeles<\/h2>\n<h3>Quelle est la distance entre Los Angeles et Santa Monica ?<\/h3>\n<p>La distance du taxi drone de Santa Monica \u00e0 Los Angeles est de 23 kilom\u00e8tres (14 miles).<\/p>\n<h2>Vols bon march\u00e9 de Los Angeles \u00e0 Santa Monica<\/h2>\n<p>Les vols pas chers avec drone de Los Angeles \u00e0 Santa Monica offrent le plus de vols sans escale entre Los Angeles et Santa Monica.<\/p>","protected":false},"excerpt":{"rendered":"<p>Looking for cheap flights from Los Angeles to Santa Monica? Search, compare and book cheap flight tickets from Los Angeles to Santa Monica online. Electric air taxi from Santa Monica to Los Angeles online booking will be possible soon. The Tiketi.com app helps you search, compare and book cheap flights from Los Angeles to Santa [&hellip;]<\/p>\n","protected":false},"author":1,"featured_media":14311,"parent":0,"menu_order":0,"comment_status":"open","ping_status":"closed","template":"template-home-modern.php","meta":{"footnotes":""},"class_list":["post-10444","page","type-page","status-publish","has-post-thumbnail","hentry"],"yoast_head":"<!-- This site is optimized with the Yoast SEO plugin v27.3 - https:\/\/yoast.com\/product\/yoast-seo-wordpress\/ -->\n<title>Air Taxi from Santa Monica to Los Angeles Online Booking - Cheap Flights<\/title>\n<meta name=\"description\" content=\"Looking for cheap air taxi from Santa Monica to Los Angeles online booking app? Compare and book cheap flights from Los Angeles to Santa Monica\" \/>\n<meta name=\"robots\" content=\"index, follow, max-snippet:-1, max-image-preview:large, max-video-preview:-1\" \/>\n<link rel=\"canonical\" href=\"https:\/\/tiketi.com\/fr-fr\/air-taxi-from-los-angeles-to-santa-monica\/\" \/>\n<meta property=\"og:locale\" content=\"fr_FR\" \/>\n<meta property=\"og:type\" content=\"article\" \/>\n<meta property=\"og:title\" content=\"Air Taxi from Santa Monica to Los Angeles Online Booking - Cheap Flights\" \/>\n<meta property=\"og:description\" content=\"Looking for cheap air taxi from Santa Monica to Los Angeles online booking app? Compare and book cheap flights from Los Angeles to Santa Monica\" \/>\n<meta property=\"og:url\" content=\"https:\/\/tiketi.com\/fr-fr\/air-taxi-from-los-angeles-to-santa-monica\/\" \/>\n<meta property=\"og:site_name\" content=\"Tiketi.com\" \/>\n<meta property=\"article:publisher\" content=\"https:\/\/www.facebook.com\/TiketiCom\/\" \/>\n<meta property=\"article:modified_time\" content=\"2022-02-05T07:28:57+00:00\" \/>\n<meta property=\"og:image\" content=\"https:\/\/tiketi.com\/wp-content\/uploads\/2022\/01\/los-angeles-2340323_1280.jpg\" \/>\n\t<meta property=\"og:image:width\" content=\"1200\" \/>\n\t<meta property=\"og:image:height\" content=\"200\" \/>\n\t<meta property=\"og:image:type\" content=\"image\/jpeg\" \/>\n<meta name=\"twitter:card\" content=\"summary_large_image\" \/>\n<meta name=\"twitter:label1\" content=\"Dur\u00e9e de lecture estim\u00e9e\" \/>\n\t<meta name=\"twitter:data1\" content=\"2 minutes\" \/>\n<script type=\"application\/ld+json\" class=\"yoast-schema-graph\">{\"@context\":\"https:\\\/\\\/schema.org\",\"@graph\":[{\"@type\":\"WebPage\",\"@id\":\"https:\\\/\\\/tiketi.com\\\/air-taxi-from-los-angeles-to-santa-monica\\\/\",\"url\":\"https:\\\/\\\/tiketi.com\\\/air-taxi-from-los-angeles-to-santa-monica\\\/\",\"name\":\"Air Taxi from Santa Monica to Los Angeles Online Booking - Cheap Flights\",\"isPartOf\":{\"@id\":\"https:\\\/\\\/tiketi.com\\\/#website\"},\"primaryImageOfPage\":{\"@id\":\"https:\\\/\\\/tiketi.com\\\/air-taxi-from-los-angeles-to-santa-monica\\\/#primaryimage\"},\"image\":{\"@id\":\"https:\\\/\\\/tiketi.com\\\/air-taxi-from-los-angeles-to-santa-monica\\\/#primaryimage\"},\"thumbnailUrl\":\"https:\\\/\\\/tiketi.com\\\/wp-content\\\/uploads\\\/2022\\\/01\\\/los-angeles-2340323_1280.jpg\",\"datePublished\":\"2022-01-19T11:53:22+00:00\",\"dateModified\":\"2022-02-05T07:28:57+00:00\",\"description\":\"Looking for cheap air taxi from Santa Monica to Los Angeles online booking app? Compare and book cheap flights from Los Angeles to Santa Monica\",\"breadcrumb\":{\"@id\":\"https:\\\/\\\/tiketi.com\\\/air-taxi-from-los-angeles-to-santa-monica\\\/#breadcrumb\"},\"inLanguage\":\"fr-FR\",\"potentialAction\":[{\"@type\":\"ReadAction\",\"target\":[\"https:\\\/\\\/tiketi.com\\\/air-taxi-from-los-angeles-to-santa-monica\\\/\"]}]},{\"@type\":\"ImageObject\",\"inLanguage\":\"fr-FR\",\"@id\":\"https:\\\/\\\/tiketi.com\\\/air-taxi-from-los-angeles-to-santa-monica\\\/#primaryimage\",\"url\":\"https:\\\/\\\/tiketi.com\\\/wp-content\\\/uploads\\\/2022\\\/01\\\/los-angeles-2340323_1280.jpg\",\"contentUrl\":\"https:\\\/\\\/tiketi.com\\\/wp-content\\\/uploads\\\/2022\\\/01\\\/los-angeles-2340323_1280.jpg\",\"width\":1200,\"height\":200,\"caption\":\"Air Taxi in Los Angeles\"},{\"@type\":\"BreadcrumbList\",\"@id\":\"https:\\\/\\\/tiketi.com\\\/air-taxi-from-los-angeles-to-santa-monica\\\/#breadcrumb\",\"itemListElement\":[{\"@type\":\"ListItem\",\"position\":1,\"name\":\"Home\",\"item\":\"https:\\\/\\\/tiketi.com\\\/\"},{\"@type\":\"ListItem\",\"position\":2,\"name\":\"Air Taxi from Santa Monica to Los Angeles Online Booking\"}]},{\"@type\":\"WebSite\",\"@id\":\"https:\\\/\\\/tiketi.com\\\/#website\",\"url\":\"https:\\\/\\\/tiketi.com\\\/\",\"name\":\"Flight & Bus Tickets, Tour Packages & Activitites - Tiketi.com\",\"description\":\"Flight &amp; Bus Tickets, Tours, Activitites\",\"publisher\":{\"@id\":\"https:\\\/\\\/tiketi.com\\\/#organization\"},\"potentialAction\":[{\"@type\":\"SearchAction\",\"target\":{\"@type\":\"EntryPoint\",\"urlTemplate\":\"https:\\\/\\\/tiketi.com\\\/?s={search_term_string}\"},\"query-input\":{\"@type\":\"PropertyValueSpecification\",\"valueRequired\":true,\"valueName\":\"search_term_string\"}}],\"inLanguage\":\"fr-FR\"},{\"@type\":\"Organization\",\"@id\":\"https:\\\/\\\/tiketi.com\\\/#organization\",\"name\":\"Tiketi.com\",\"alternateName\":\"Tiketi\",\"url\":\"https:\\\/\\\/tiketi.com\\\/\",\"logo\":{\"@type\":\"ImageObject\",\"inLanguage\":\"fr-FR\",\"@id\":\"https:\\\/\\\/tiketi.com\\\/#\\\/schema\\\/logo\\\/image\\\/\",\"url\":\"https:\\\/\\\/tiketi.com\\\/wp-content\\\/uploads\\\/2019\\\/05\\\/tiketi-logo-696.png\",\"contentUrl\":\"https:\\\/\\\/tiketi.com\\\/wp-content\\\/uploads\\\/2019\\\/05\\\/tiketi-logo-696.png\",\"width\":696,\"height\":696,\"caption\":\"Tiketi.com\"},\"image\":{\"@id\":\"https:\\\/\\\/tiketi.com\\\/#\\\/schema\\\/logo\\\/image\\\/\"},\"sameAs\":[\"https:\\\/\\\/www.facebook.com\\\/TiketiCom\\\/\"]}]}<\/script>\n<!-- \/ Yoast SEO plugin. -->","yoast_head_json":{"title":"Taxi a\u00e9rien de Santa Monica \u00e0 Los Angeles R\u00e9servation en ligne - Vols pas chers","description":"Vous recherchez une application de r\u00e9servation en ligne de taxi a\u00e9rien pas cher de Santa Monica \u00e0 Los Angeles? Comparez et r\u00e9servez des vols pas chers de Los Angeles \u00e0 Santa Monica","robots":{"index":"index","follow":"follow","max-snippet":"max-snippet:-1","max-image-preview":"max-image-preview:large","max-video-preview":"max-video-preview:-1"},"canonical":"https:\/\/tiketi.com\/fr-fr\/air-taxi-from-los-angeles-to-santa-monica\/","og_locale":"fr_FR","og_type":"article","og_title":"Air Taxi from Santa Monica to Los Angeles Online Booking - Cheap Flights","og_description":"Looking for cheap air taxi from Santa Monica to Los Angeles online booking app? Compare and book cheap flights from Los Angeles to Santa Monica","og_url":"https:\/\/tiketi.com\/fr-fr\/air-taxi-from-los-angeles-to-santa-monica\/","og_site_name":"Tiketi.com","article_publisher":"https:\/\/www.facebook.com\/TiketiCom\/","article_modified_time":"2022-02-05T07:28:57+00:00","og_image":[{"width":1200,"height":200,"url":"https:\/\/tiketi.com\/wp-content\/uploads\/2022\/01\/los-angeles-2340323_1280.jpg","type":"image\/jpeg"}],"twitter_card":"summary_large_image","twitter_misc":{"Dur\u00e9e de lecture estim\u00e9e":"2 minutes"},"schema":{"@context":"https:\/\/schema.org","@graph":[{"@type":"WebPage","@id":"https:\/\/tiketi.com\/air-taxi-from-los-angeles-to-santa-monica\/","url":"https:\/\/tiketi.com\/air-taxi-from-los-angeles-to-santa-monica\/","name":"Taxi a\u00e9rien de Santa Monica \u00e0 Los Angeles R\u00e9servation en ligne - Vols pas chers","isPartOf":{"@id":"https:\/\/tiketi.com\/#website"},"primaryImageOfPage":{"@id":"https:\/\/tiketi.com\/air-taxi-from-los-angeles-to-santa-monica\/#primaryimage"},"image":{"@id":"https:\/\/tiketi.com\/air-taxi-from-los-angeles-to-santa-monica\/#primaryimage"},"thumbnailUrl":"https:\/\/tiketi.com\/wp-content\/uploads\/2022\/01\/los-angeles-2340323_1280.jpg","datePublished":"2022-01-19T11:53:22+00:00","dateModified":"2022-02-05T07:28:57+00:00","description":"Vous recherchez une application de r\u00e9servation en ligne de taxi a\u00e9rien pas cher de Santa Monica \u00e0 Los Angeles? Comparez et r\u00e9servez des vols pas chers de Los Angeles \u00e0 Santa Monica","breadcrumb":{"@id":"https:\/\/tiketi.com\/air-taxi-from-los-angeles-to-santa-monica\/#breadcrumb"},"inLanguage":"fr-FR","potentialAction":[{"@type":"ReadAction","target":["https:\/\/tiketi.com\/air-taxi-from-los-angeles-to-santa-monica\/"]}]},{"@type":"ImageObject","inLanguage":"fr-FR","@id":"https:\/\/tiketi.com\/air-taxi-from-los-angeles-to-santa-monica\/#primaryimage","url":"https:\/\/tiketi.com\/wp-content\/uploads\/2022\/01\/los-angeles-2340323_1280.jpg","contentUrl":"https:\/\/tiketi.com\/wp-content\/uploads\/2022\/01\/los-angeles-2340323_1280.jpg","width":1200,"height":200,"caption":"Air Taxi in Los Angeles"},{"@type":"BreadcrumbList","@id":"https:\/\/tiketi.com\/air-taxi-from-los-angeles-to-santa-monica\/#breadcrumb","itemListElement":[{"@type":"ListItem","position":1,"name":"Home","item":"https:\/\/tiketi.com\/"},{"@type":"ListItem","position":2,"name":"Air Taxi from Santa Monica to Los Angeles Online Booking"}]},{"@type":"WebSite","@id":"https:\/\/tiketi.com\/#website","url":"https:\/\/tiketi.com\/","name":"Billets d&#039;avion et de bus, forfaits touristiques et activit\u00e9s - Tiketi.com","description":"Billets d&#039;avion et de bus, Tours, Activit\u00e9s","publisher":{"@id":"https:\/\/tiketi.com\/#organization"},"potentialAction":[{"@type":"SearchAction","target":{"@type":"EntryPoint","urlTemplate":"https:\/\/tiketi.com\/?s={search_term_string}"},"query-input":{"@type":"PropertyValueSpecification","valueRequired":true,"valueName":"search_term_string"}}],"inLanguage":"fr-FR"},{"@type":"Organization","@id":"https:\/\/tiketi.com\/#organization","name":"Tiketi.com","alternateName":"Tiketi","url":"https:\/\/tiketi.com\/","logo":{"@type":"ImageObject","inLanguage":"fr-FR","@id":"https:\/\/tiketi.com\/#\/schema\/logo\/image\/","url":"https:\/\/tiketi.com\/wp-content\/uploads\/2019\/05\/tiketi-logo-696.png","contentUrl":"https:\/\/tiketi.com\/wp-content\/uploads\/2019\/05\/tiketi-logo-696.png","width":696,"height":696,"caption":"Tiketi.com"},"image":{"@id":"https:\/\/tiketi.com\/#\/schema\/logo\/image\/"},"sameAs":["https:\/\/www.facebook.com\/TiketiCom\/"]}]}},"_links":{"self":[{"href":"https:\/\/tiketi.com\/fr-fr\/wp-json\/wp\/v2\/pages\/10444","targetHints":{"allow":["GET"]}}],"collection":[{"href":"https:\/\/tiketi.com\/fr-fr\/wp-json\/wp\/v2\/pages"}],"about":[{"href":"https:\/\/tiketi.com\/fr-fr\/wp-json\/wp\/v2\/types\/page"}],"author":[{"embeddable":true,"href":"https:\/\/tiketi.com\/fr-fr\/wp-json\/wp\/v2\/users\/1"}],"replies":[{"embeddable":true,"href":"https:\/\/tiketi.com\/fr-fr\/wp-json\/wp\/v2\/comments?post=10444"}],"version-history":[{"count":0,"href":"https:\/\/tiketi.com\/fr-fr\/wp-json\/wp\/v2\/pages\/10444\/revisions"}],"wp:featuredmedia":[{"embeddable":true,"href":"https:\/\/tiketi.com\/fr-fr\/wp-json\/wp\/v2\/media\/14311"}],"wp:attachment":[{"href":"https:\/\/tiketi.com\/fr-fr\/wp-json\/wp\/v2\/media?parent=10444"}],"curies":[{"name":"wp","href":"https:\/\/api.w.org\/{rel}","templated":true}]}}