{"id":10453,"date":"2022-01-19T12:53:23","date_gmt":"2022-01-19T11:53:23","guid":{"rendered":"https:\/\/new.tiketi.com\/cheap-flights-air-taxi-from-fujairah-to-dubai\/"},"modified":"2022-02-03T18:10:00","modified_gmt":"2022-02-03T17:10:00","slug":"air-taxi-from-dubai-to-fujairah","status":"publish","type":"page","link":"https:\/\/tiketi.com\/fr-fr\/air-taxi-from-dubai-to-fujairah\/","title":{"rendered":"Taxi a\u00e9rien de Fujairah \u00e0 Duba\u00ef R\u00e9servation en ligne"},"content":{"rendered":"<h2>Vous recherchez des vols \u00e0 bas prix au Duba\u00ef vers Fujairah?<\/h2>\n<h3>Recherchez, comparez et r\u00e9servez en ligne d\u00e8s maintenant des billets d&#039;avion pas chers de Duba\u00ef \u00e0 Fujairah (DXB).<\/h3>\n<p>La r\u00e9servation en ligne d&#039;un taxi a\u00e9rien \u00e9lectrique de Fujairah \u00e0 Duba\u00ef sera bient\u00f4t possible. L&#039;application Tiketi.com vous aide \u00e0 rechercher, comparer et r\u00e9server en ligne des vols pas chers de Duba\u00ef \u00e0 Fujairah. Les dunes de sable dor\u00e9 de Duba\u00ef font de cette ville un nom c\u00e9l\u00e8bre dans les pays d\u00e9sertiques les plus exaltants. Le sable scintillant et les b\u00e2timents imposants qui se dressent au c\u0153ur offriront en r\u00e9alit\u00e9 une vue magnifique. La ville est visit\u00e9e par des millions de visiteurs tout au long de l&#039;ann\u00e9e et accueille les voyageurs avec ses destinations commer\u00e7antes de classe mondiale, ses plages exotiques, sa cuisine d\u00e9licieuse et bien plus encore. Trouvez et comparez les billets d&#039;avion de Duba\u00ef \u00e0 Fujairah et r\u00e9servez d\u00e8s maintenant en ligne des offres int\u00e9ressantes sur les taxis a\u00e9riens bon march\u00e9 de Duba\u00ef \u00e0 Fujairah.<\/p>\n<h3>D\u00eener Croisi\u00e8re Marina Dhow<\/h3>\n<p>La d\u00e9tente ultime Down offre une vue \u00e9tonnante et intrigante sur la ville aventureuse de Duba\u00ef. Si vous avez pr\u00e9vu une visite \u00e0 Duba\u00ef, vous ne pouvez pas vous permettre de manquer la merveilleuse ing\u00e9nierie et architecture de la marina de Duba\u00ef. Pour profiter de l&#039;exp\u00e9rience culinaire lors d&#039;une croisi\u00e8re en boutre, c&#039;est la meilleure id\u00e9e.<\/p>\n<h3>Monde Ferrari<\/h3>\n<p>C&#039;est un hommage \u00e0 la c\u00e9l\u00e8bre marque de v\u00e9hicules Ferrari. Le parc \u00e0 th\u00e8me couvre une r\u00e9gion de 86 000 m\u00e8tres carr\u00e9s qui abrite 5 restaurants \u00e0 th\u00e8me italien, des boutiques, vingt man\u00e8ges, dont les montagnes russes les plus rapides au monde, la Formula Rossa. Il atteint jusqu&#039;\u00e0 la vitesse de 240 km\/h. Profitez du mill\u00e9sime des v\u00e9hicules Ferrari dans le plus grand mus\u00e9e de Ferrari.<\/p>\n<h3>Yas Waterworld<\/h3>\n<p>Profitez de plus de quarante toboggans et man\u00e8ges \u00e0 travers le Yas Waterworld qui couvre une r\u00e9gion de quinze hectares. Vous trouverez de nombreux restaurants, boutiques \u00e0 l&#039;int\u00e9rieur du parc. Quoi qu&#039;il en soit, gardez \u00e0 l&#039;esprit que pendant Ramada, vous ne b\u00e9n\u00e9ficierez pas de l&#039;avantage de la soir\u00e9e sp\u00e9ciale dames le jeudi.<\/p>\n<h2>R\u00e9servation de taxi a\u00e9rien pas cher de Fujairah \u00e0 Duba\u00ef - R\u00e9servation en ligne FAQ<\/h2>\n<h3>Quelle est la distance entre Duba\u00ef et Fuja\u00efrah ?<\/h3>\n<p>La distance du vol par drone taxi de Fujairah \u00e0 Duba\u00ef est de 101 km (63 miles).<\/p>\n<h3>Quelle est la dur\u00e9e des vols les moins chers entre Duba\u00ef et Fuja\u00efrah ?<\/h3>\n<p>La dur\u00e9e moyenne d&#039;un vol de Duba\u00ef \u00e0 Fujairah est de 00:22 minutes.<\/p>\n<h3>Que sont les taxis volants \u00e9lectriques eVLTO de Duba\u00ef \u00e0 Fujairah ?<\/h3>\n<p><!--{cke_protected}{C}%3C!%2D%2D%20%2Fwp%3Aheading%20%2D%2D%3E--><!--{cke_protected}{C}%3C!%2D%2D%20wp%3Aparagraph%20%2D%2D%3E-->Les taxis volants \u00e9lectriques reliant Duba\u00ef \u00e0 Fujairah, appel\u00e9s eVTOL (d\u00e9collage et atterrissage verticaux \u00e9lectriques), sont con\u00e7us pour transporter des personnes dans l&#039;atmosph\u00e8re urbaine et urbaine.<\/p>\n<h3>Les taxis a\u00e9riens \u00e9lectriques de Duba\u00ef \u00e0 Fujairah sont des transports publics \u00e0 grande vitesse<\/h3>\n<p><!--{cke_protected}{C}%3C!%2D%2D%20%2Fwp%3Aheading%20%2D%2D%3E--><!--{cke_protected}{C}%3C!%2D%2D%20wp%3Aparagraph%20%2D%2D%3E-->Le meilleur avantage des taxis a\u00e9riens par drones de Duba\u00ef \u00e0 Fujairah est sa vitesse \u00e9lev\u00e9e. C&#039;est le mode de transport le plus rapide et donc le moyen le plus parfait l\u00e0 o\u00f9 le temps est un facteur essentiel.<\/p>\n<h3>Le taxi volant par drone de Duba\u00ef \u00e0 Fujairah a de tr\u00e8s faibles \u00e9missions de carbone<\/h3>\n<p>Les producteurs de taxis drones de Duba\u00ef \u00e0 Fujairah utilisent l\u2019\u00e9lectricit\u00e9 pour propulser leurs v\u00e9hicules. Ainsi, les taxis drones n\u2019\u00e9mettent pas de gaz \u00e0 effet de serre. Par cons\u00e9quent, ces taxis peuvent contribuer \u00e0 r\u00e9duire l\u2019impact du changement climatique. Alors r\u00e9servez votre taxi avec l&#039;aide d&#039;un taxi drone de Duba\u00ef \u00e0 Fujairah maintenant.<\/p>\n<h2>Conseils pour les vols pas chers de Duba\u00ef \u00e0 Fujairah<\/h2>\n<p>Les vols pas chers par drone de Duba\u00ef \u00e0 Fujairah offrent le plus de vols sans escale entre Fujairah et Duba\u00ef.<\/p>","protected":false},"excerpt":{"rendered":"<p>Looking for cheap flights from Dubai to Fujairah? Search, compare and book cheap flight tickets from Dubai to Fujairah (DXB) online now. Electric air taxi\u00a0from Fujairah to\u00a0Dubai online booking will be possible soon. The Tiketi.com app helps you search, compare and book cheap flights from Dubai to Fujairah online.\u00a0The golden sand dunes of Dubai make [&hellip;]<\/p>\n","protected":false},"author":1,"featured_media":16474,"parent":0,"menu_order":0,"comment_status":"open","ping_status":"closed","template":"template-home-modern.php","meta":{"footnotes":""},"class_list":["post-10453","page","type-page","status-publish","has-post-thumbnail","hentry"],"yoast_head":"<!-- This site is optimized with the Yoast SEO plugin v27.3 - https:\/\/yoast.com\/product\/yoast-seo-wordpress\/ -->\n<title>Air Taxi from Fujairah to Dubai Online Booking<\/title>\n<meta name=\"description\" content=\"Looking for drone cheap air taxi from Fujairah to Dubai online booking app? Compare and book cheap flights from Dubai to Fujairah online\" \/>\n<meta name=\"robots\" content=\"index, follow, max-snippet:-1, max-image-preview:large, max-video-preview:-1\" \/>\n<link rel=\"canonical\" href=\"https:\/\/tiketi.com\/fr-fr\/air-taxi-from-dubai-to-fujairah\/\" \/>\n<meta property=\"og:locale\" content=\"fr_FR\" \/>\n<meta property=\"og:type\" content=\"article\" \/>\n<meta property=\"og:title\" content=\"Air Taxi from Fujairah to Dubai Online Booking\" \/>\n<meta property=\"og:description\" content=\"Looking for drone cheap air taxi from Fujairah to Dubai online booking app? Compare and book cheap flights from Dubai to Fujairah online\" \/>\n<meta property=\"og:url\" content=\"https:\/\/tiketi.com\/fr-fr\/air-taxi-from-dubai-to-fujairah\/\" \/>\n<meta property=\"og:site_name\" content=\"Tiketi.com\" \/>\n<meta property=\"article:publisher\" content=\"https:\/\/www.facebook.com\/TiketiCom\/\" \/>\n<meta property=\"article:modified_time\" content=\"2022-02-03T17:10:00+00:00\" \/>\n<meta property=\"og:image\" content=\"https:\/\/tiketi.com\/wp-content\/uploads\/2022\/02\/dubai-skyline-buildings-183.jpg\" \/>\n\t<meta property=\"og:image:width\" content=\"1200\" \/>\n\t<meta property=\"og:image:height\" content=\"202\" \/>\n\t<meta property=\"og:image:type\" content=\"image\/jpeg\" \/>\n<meta name=\"twitter:card\" content=\"summary_large_image\" \/>\n<meta name=\"twitter:label1\" content=\"Dur\u00e9e de lecture estim\u00e9e\" \/>\n\t<meta name=\"twitter:data1\" content=\"3 minutes\" \/>\n<script type=\"application\/ld+json\" class=\"yoast-schema-graph\">{\"@context\":\"https:\\\/\\\/schema.org\",\"@graph\":[{\"@type\":\"WebPage\",\"@id\":\"https:\\\/\\\/tiketi.com\\\/air-taxi-from-dubai-to-fujairah\\\/\",\"url\":\"https:\\\/\\\/tiketi.com\\\/air-taxi-from-dubai-to-fujairah\\\/\",\"name\":\"Air Taxi from Fujairah to Dubai Online Booking\",\"isPartOf\":{\"@id\":\"https:\\\/\\\/tiketi.com\\\/#website\"},\"primaryImageOfPage\":{\"@id\":\"https:\\\/\\\/tiketi.com\\\/air-taxi-from-dubai-to-fujairah\\\/#primaryimage\"},\"image\":{\"@id\":\"https:\\\/\\\/tiketi.com\\\/air-taxi-from-dubai-to-fujairah\\\/#primaryimage\"},\"thumbnailUrl\":\"https:\\\/\\\/tiketi.com\\\/wp-content\\\/uploads\\\/2022\\\/02\\\/dubai-skyline-buildings-183.jpg\",\"datePublished\":\"2022-01-19T11:53:23+00:00\",\"dateModified\":\"2022-02-03T17:10:00+00:00\",\"description\":\"Looking for drone cheap air taxi from Fujairah to Dubai online booking app? Compare and book cheap flights from Dubai to Fujairah online\",\"breadcrumb\":{\"@id\":\"https:\\\/\\\/tiketi.com\\\/air-taxi-from-dubai-to-fujairah\\\/#breadcrumb\"},\"inLanguage\":\"fr-FR\",\"potentialAction\":[{\"@type\":\"ReadAction\",\"target\":[\"https:\\\/\\\/tiketi.com\\\/air-taxi-from-dubai-to-fujairah\\\/\"]}]},{\"@type\":\"ImageObject\",\"inLanguage\":\"fr-FR\",\"@id\":\"https:\\\/\\\/tiketi.com\\\/air-taxi-from-dubai-to-fujairah\\\/#primaryimage\",\"url\":\"https:\\\/\\\/tiketi.com\\\/wp-content\\\/uploads\\\/2022\\\/02\\\/dubai-skyline-buildings-183.jpg\",\"contentUrl\":\"https:\\\/\\\/tiketi.com\\\/wp-content\\\/uploads\\\/2022\\\/02\\\/dubai-skyline-buildings-183.jpg\",\"width\":1200,\"height\":202,\"caption\":\"Air Taxi in Dubai\"},{\"@type\":\"BreadcrumbList\",\"@id\":\"https:\\\/\\\/tiketi.com\\\/air-taxi-from-dubai-to-fujairah\\\/#breadcrumb\",\"itemListElement\":[{\"@type\":\"ListItem\",\"position\":1,\"name\":\"Home\",\"item\":\"https:\\\/\\\/tiketi.com\\\/\"},{\"@type\":\"ListItem\",\"position\":2,\"name\":\"Air Taxi from Fujairah to Dubai Online Booking\"}]},{\"@type\":\"WebSite\",\"@id\":\"https:\\\/\\\/tiketi.com\\\/#website\",\"url\":\"https:\\\/\\\/tiketi.com\\\/\",\"name\":\"Flight & Bus Tickets, Tour Packages & Activitites - Tiketi.com\",\"description\":\"Flight &amp; Bus Tickets, Tours, Activitites\",\"publisher\":{\"@id\":\"https:\\\/\\\/tiketi.com\\\/#organization\"},\"potentialAction\":[{\"@type\":\"SearchAction\",\"target\":{\"@type\":\"EntryPoint\",\"urlTemplate\":\"https:\\\/\\\/tiketi.com\\\/?s={search_term_string}\"},\"query-input\":{\"@type\":\"PropertyValueSpecification\",\"valueRequired\":true,\"valueName\":\"search_term_string\"}}],\"inLanguage\":\"fr-FR\"},{\"@type\":\"Organization\",\"@id\":\"https:\\\/\\\/tiketi.com\\\/#organization\",\"name\":\"Tiketi.com\",\"alternateName\":\"Tiketi\",\"url\":\"https:\\\/\\\/tiketi.com\\\/\",\"logo\":{\"@type\":\"ImageObject\",\"inLanguage\":\"fr-FR\",\"@id\":\"https:\\\/\\\/tiketi.com\\\/#\\\/schema\\\/logo\\\/image\\\/\",\"url\":\"https:\\\/\\\/tiketi.com\\\/wp-content\\\/uploads\\\/2019\\\/05\\\/tiketi-logo-696.png\",\"contentUrl\":\"https:\\\/\\\/tiketi.com\\\/wp-content\\\/uploads\\\/2019\\\/05\\\/tiketi-logo-696.png\",\"width\":696,\"height\":696,\"caption\":\"Tiketi.com\"},\"image\":{\"@id\":\"https:\\\/\\\/tiketi.com\\\/#\\\/schema\\\/logo\\\/image\\\/\"},\"sameAs\":[\"https:\\\/\\\/www.facebook.com\\\/TiketiCom\\\/\"]}]}<\/script>\n<!-- \/ Yoast SEO plugin. -->","yoast_head_json":{"title":"Taxi a\u00e9rien de Fujairah \u00e0 Duba\u00ef R\u00e9servation en ligne","description":"Vous recherchez une application de r\u00e9servation en ligne de drone de taxi a\u00e9rien bon march\u00e9 de Fujairah \u00e0 Duba\u00ef ? Comparez et r\u00e9servez en ligne des vols pas chers de Duba\u00ef \u00e0 Fujairah","robots":{"index":"index","follow":"follow","max-snippet":"max-snippet:-1","max-image-preview":"max-image-preview:large","max-video-preview":"max-video-preview:-1"},"canonical":"https:\/\/tiketi.com\/fr-fr\/air-taxi-from-dubai-to-fujairah\/","og_locale":"fr_FR","og_type":"article","og_title":"Air Taxi from Fujairah to Dubai Online Booking","og_description":"Looking for drone cheap air taxi from Fujairah to Dubai online booking app? Compare and book cheap flights from Dubai to Fujairah online","og_url":"https:\/\/tiketi.com\/fr-fr\/air-taxi-from-dubai-to-fujairah\/","og_site_name":"Tiketi.com","article_publisher":"https:\/\/www.facebook.com\/TiketiCom\/","article_modified_time":"2022-02-03T17:10:00+00:00","og_image":[{"width":1200,"height":202,"url":"https:\/\/tiketi.com\/wp-content\/uploads\/2022\/02\/dubai-skyline-buildings-183.jpg","type":"image\/jpeg"}],"twitter_card":"summary_large_image","twitter_misc":{"Dur\u00e9e de lecture estim\u00e9e":"3 minutes"},"schema":{"@context":"https:\/\/schema.org","@graph":[{"@type":"WebPage","@id":"https:\/\/tiketi.com\/air-taxi-from-dubai-to-fujairah\/","url":"https:\/\/tiketi.com\/air-taxi-from-dubai-to-fujairah\/","name":"Taxi a\u00e9rien de Fujairah \u00e0 Duba\u00ef R\u00e9servation en ligne","isPartOf":{"@id":"https:\/\/tiketi.com\/#website"},"primaryImageOfPage":{"@id":"https:\/\/tiketi.com\/air-taxi-from-dubai-to-fujairah\/#primaryimage"},"image":{"@id":"https:\/\/tiketi.com\/air-taxi-from-dubai-to-fujairah\/#primaryimage"},"thumbnailUrl":"https:\/\/tiketi.com\/wp-content\/uploads\/2022\/02\/dubai-skyline-buildings-183.jpg","datePublished":"2022-01-19T11:53:23+00:00","dateModified":"2022-02-03T17:10:00+00:00","description":"Vous recherchez une application de r\u00e9servation en ligne de drone de taxi a\u00e9rien bon march\u00e9 de Fujairah \u00e0 Duba\u00ef ? Comparez et r\u00e9servez en ligne des vols pas chers de Duba\u00ef \u00e0 Fujairah","breadcrumb":{"@id":"https:\/\/tiketi.com\/air-taxi-from-dubai-to-fujairah\/#breadcrumb"},"inLanguage":"fr-FR","potentialAction":[{"@type":"ReadAction","target":["https:\/\/tiketi.com\/air-taxi-from-dubai-to-fujairah\/"]}]},{"@type":"ImageObject","inLanguage":"fr-FR","@id":"https:\/\/tiketi.com\/air-taxi-from-dubai-to-fujairah\/#primaryimage","url":"https:\/\/tiketi.com\/wp-content\/uploads\/2022\/02\/dubai-skyline-buildings-183.jpg","contentUrl":"https:\/\/tiketi.com\/wp-content\/uploads\/2022\/02\/dubai-skyline-buildings-183.jpg","width":1200,"height":202,"caption":"Air Taxi in Dubai"},{"@type":"BreadcrumbList","@id":"https:\/\/tiketi.com\/air-taxi-from-dubai-to-fujairah\/#breadcrumb","itemListElement":[{"@type":"ListItem","position":1,"name":"Home","item":"https:\/\/tiketi.com\/"},{"@type":"ListItem","position":2,"name":"Air Taxi from Fujairah to Dubai Online Booking"}]},{"@type":"WebSite","@id":"https:\/\/tiketi.com\/#website","url":"https:\/\/tiketi.com\/","name":"Billets d&#039;avion et de bus, forfaits touristiques et activit\u00e9s - Tiketi.com","description":"Billets d&#039;avion et de bus, Tours, Activit\u00e9s","publisher":{"@id":"https:\/\/tiketi.com\/#organization"},"potentialAction":[{"@type":"SearchAction","target":{"@type":"EntryPoint","urlTemplate":"https:\/\/tiketi.com\/?s={search_term_string}"},"query-input":{"@type":"PropertyValueSpecification","valueRequired":true,"valueName":"search_term_string"}}],"inLanguage":"fr-FR"},{"@type":"Organization","@id":"https:\/\/tiketi.com\/#organization","name":"Tiketi.com","alternateName":"Tiketi","url":"https:\/\/tiketi.com\/","logo":{"@type":"ImageObject","inLanguage":"fr-FR","@id":"https:\/\/tiketi.com\/#\/schema\/logo\/image\/","url":"https:\/\/tiketi.com\/wp-content\/uploads\/2019\/05\/tiketi-logo-696.png","contentUrl":"https:\/\/tiketi.com\/wp-content\/uploads\/2019\/05\/tiketi-logo-696.png","width":696,"height":696,"caption":"Tiketi.com"},"image":{"@id":"https:\/\/tiketi.com\/#\/schema\/logo\/image\/"},"sameAs":["https:\/\/www.facebook.com\/TiketiCom\/"]}]}},"_links":{"self":[{"href":"https:\/\/tiketi.com\/fr-fr\/wp-json\/wp\/v2\/pages\/10453","targetHints":{"allow":["GET"]}}],"collection":[{"href":"https:\/\/tiketi.com\/fr-fr\/wp-json\/wp\/v2\/pages"}],"about":[{"href":"https:\/\/tiketi.com\/fr-fr\/wp-json\/wp\/v2\/types\/page"}],"author":[{"embeddable":true,"href":"https:\/\/tiketi.com\/fr-fr\/wp-json\/wp\/v2\/users\/1"}],"replies":[{"embeddable":true,"href":"https:\/\/tiketi.com\/fr-fr\/wp-json\/wp\/v2\/comments?post=10453"}],"version-history":[{"count":0,"href":"https:\/\/tiketi.com\/fr-fr\/wp-json\/wp\/v2\/pages\/10453\/revisions"}],"wp:featuredmedia":[{"embeddable":true,"href":"https:\/\/tiketi.com\/fr-fr\/wp-json\/wp\/v2\/media\/16474"}],"wp:attachment":[{"href":"https:\/\/tiketi.com\/fr-fr\/wp-json\/wp\/v2\/media?parent=10453"}],"curies":[{"name":"wp","href":"https:\/\/api.w.org\/{rel}","templated":true}]}}