{"id":10454,"date":"2022-01-19T12:53:23","date_gmt":"2022-01-19T11:53:23","guid":{"rendered":"https:\/\/new.tiketi.com\/cheap-flights-air-taxi-from-umm-al-qaiwain-to-dubai\/"},"modified":"2022-02-05T12:47:00","modified_gmt":"2022-02-05T11:47:00","slug":"air-taxi-from-dubai-to-umm-al-quwain","status":"publish","type":"page","link":"https:\/\/tiketi.com\/fr-fr\/air-taxi-from-dubai-to-umm-al-quwain\/","title":{"rendered":"Air Taxi from Umm al Quwain to Dubai Online Booking"},"content":{"rendered":"<h2>Looking for cheap flights from Dubai to Umm al Quwain?<\/h2>\n<h3>Search, compare and book cheap flight tickets from Dubai to Umm al Quwain (DXB) online now.<\/h3>\n<p>Electric air taxi\u00a0from Umm al Quwain to\u00a0Dubai online booking will be possible soon. The Tiketi.com app helps you search, compare and book cheap flights from Dubai to Umm al Quwain online.\u00a0The golden sand dunes of Dubai make this city famous name in the most exhilarating desert countries. The glittering sand and the towering buildings standing tall at the heart will actually be a wonderful view. The city is visited by millions of visitors all around the year and welcome the travelers with its world-class shopping destinations, exotic beaches, and yummy food and lot more.\u00a0So find and compare flight tickets from\u00a0Dubai to Umm al Quwain\u00a0and book great offers on cheap air taxis from Dubai to Umm al Quwain online now.<\/p>\n<h3>D\u00eener Croisi\u00e8re Marina Dhow<\/h3>\n<p>La d\u00e9tente ultime Down offre une vue \u00e9tonnante et intrigante sur la ville aventureuse de Duba\u00ef. Si vous avez pr\u00e9vu une visite \u00e0 Duba\u00ef, vous ne pouvez pas vous permettre de manquer la merveilleuse ing\u00e9nierie et architecture de la marina de Duba\u00ef. Pour profiter de l&#039;exp\u00e9rience culinaire lors d&#039;une croisi\u00e8re en boutre, c&#039;est la meilleure id\u00e9e.<\/p>\n<h3>Monde Ferrari<\/h3>\n<p>C&#039;est un hommage \u00e0 la c\u00e9l\u00e8bre marque de v\u00e9hicules Ferrari. Le parc \u00e0 th\u00e8me couvre une r\u00e9gion de 86 000 m\u00e8tres carr\u00e9s qui abrite 5 restaurants \u00e0 th\u00e8me italien, des boutiques, vingt man\u00e8ges, dont les montagnes russes les plus rapides au monde, la Formula Rossa. Il atteint jusqu&#039;\u00e0 la vitesse de 240 km\/h. Profitez du mill\u00e9sime des v\u00e9hicules Ferrari dans le plus grand mus\u00e9e de Ferrari.<\/p>\n<h3>Yas Waterworld<\/h3>\n<p>Profitez de plus de quarante toboggans et man\u00e8ges \u00e0 travers le Yas Waterworld qui couvre une r\u00e9gion de quinze hectares. Vous trouverez de nombreux restaurants, boutiques \u00e0 l&#039;int\u00e9rieur du parc. Quoi qu&#039;il en soit, gardez \u00e0 l&#039;esprit que pendant Ramada, vous ne b\u00e9n\u00e9ficierez pas de l&#039;avantage de la soir\u00e9e sp\u00e9ciale dames le jeudi.<\/p>\n<h2>Cheap air taxi\u00a0from Umm al Quwain to\u00a0Dubai online booking FAQs<\/h2>\n<h3>How far is Dubai to Umm al Quwain ?<\/h3>\n<p>The distance of air taxi\u00a0from Umm al Quwain to\u00a0Dubai flight\u00a0is 57 km (35 miles).<\/p>\n<h3>What are eVLTO electric flying taxis from Umm al Quwain to\u00a0Dubai?<\/h3>\n<p><!--{cke_protected}{C}%3C!%2D%2D%20%2Fwp%3Aheading%20%2D%2D%3E--><!--{cke_protected}{C}%3C!%2D%2D%20wp%3Aparagraph%20%2D%2D%3E-->The electric flying taxis from Umm al Quwain to\u00a0Dubai aircraft, called as an eVTOL (electrical vertical take-off and landing), are designed to transport people via urban and cities atmosphere.<\/p>\n<h3>Electric air taxis from Umm al Quwain to\u00a0Dubai are high-speed public transport<\/h3>\n<p><!--{cke_protected}{C}%3C!%2D%2D%20%2Fwp%3Aheading%20%2D%2D%3E--><!--{cke_protected}{C}%3C!%2D%2D%20wp%3Aparagraph%20%2D%2D%3E-->The best benefit of drone air taxis from Umm al Quwain to\u00a0Dubai is its high speed. It is the quickest mode of transport and thus it is the most perfect mean where time is a vital factor.<\/p>\n<h3>Drone flying taxi from Umm al Quwain to\u00a0Dubai has very low carbon emissions<\/h3>\n<p>Drone taxi from Umm al Quwain to\u00a0Dubai producers use electricity to power their vehicles. Hence, drone taxis will not emit greenhouses gases. Hence, these taxis can support in decreasing the impact of climate change. So book your taxi with the help of drone taxi from Umm al Quwain to\u00a0Dubai now.<\/p>\n<h2>Cheap flights from Dubai to Umm al Quwain\u00a0tips<\/h2>\n<p>Drone cheap flights from Dubai to Umm al Quwain will offer the most nonstop flights between Umm al Quwain and Dubai.<\/p>","protected":false},"excerpt":{"rendered":"<p>Looking for cheap flights from Dubai to Umm al Quwain? Search, compare and book cheap flight tickets from Dubai to Umm al Quwain (DXB) online now. Electric air taxi\u00a0from Umm al Quwain to\u00a0Dubai online booking will be possible soon. The Tiketi.com app helps you search, compare and book cheap flights from Dubai to Umm al [&hellip;]<\/p>\n","protected":false},"author":1,"featured_media":16474,"parent":0,"menu_order":0,"comment_status":"open","ping_status":"closed","template":"template-home-modern.php","meta":{"footnotes":""},"class_list":["post-10454","page","type-page","status-publish","has-post-thumbnail","hentry"],"yoast_head":"<!-- This site is optimized with the Yoast SEO plugin v27.3 - https:\/\/yoast.com\/product\/yoast-seo-wordpress\/ -->\n<title>Air Taxi from Umm al Quwain to Dubai Online Booking - Cheap Flights<\/title>\n<meta name=\"description\" content=\"Looking for cheap air taxi from Umm al Quwain to Dubai online booking app? Compare and book cheap flights from Dubai to Umm al Quwain online\" \/>\n<meta name=\"robots\" content=\"index, follow, max-snippet:-1, max-image-preview:large, max-video-preview:-1\" \/>\n<link rel=\"canonical\" href=\"https:\/\/tiketi.com\/fr-fr\/air-taxi-from-dubai-to-umm-al-quwain\/\" \/>\n<meta property=\"og:locale\" content=\"fr_FR\" \/>\n<meta property=\"og:type\" content=\"article\" \/>\n<meta property=\"og:title\" content=\"Air Taxi from Umm al Quwain to Dubai Online Booking - Cheap Flights\" \/>\n<meta property=\"og:description\" content=\"Looking for cheap air taxi from Umm al Quwain to Dubai online booking app? Compare and book cheap flights from Dubai to Umm al Quwain online\" \/>\n<meta property=\"og:url\" content=\"https:\/\/tiketi.com\/fr-fr\/air-taxi-from-dubai-to-umm-al-quwain\/\" \/>\n<meta property=\"og:site_name\" content=\"Tiketi.com\" \/>\n<meta property=\"article:publisher\" content=\"https:\/\/www.facebook.com\/TiketiCom\/\" \/>\n<meta property=\"article:modified_time\" content=\"2022-02-05T11:47:00+00:00\" \/>\n<meta property=\"og:image\" content=\"https:\/\/tiketi.com\/wp-content\/uploads\/2022\/02\/dubai-skyline-buildings-183.jpg\" \/>\n\t<meta property=\"og:image:width\" content=\"1200\" \/>\n\t<meta property=\"og:image:height\" content=\"202\" \/>\n\t<meta property=\"og:image:type\" content=\"image\/jpeg\" \/>\n<meta name=\"twitter:card\" content=\"summary_large_image\" \/>\n<meta name=\"twitter:label1\" content=\"Dur\u00e9e de lecture estim\u00e9e\" \/>\n\t<meta name=\"twitter:data1\" content=\"3 minutes\" \/>\n<script type=\"application\/ld+json\" class=\"yoast-schema-graph\">{\"@context\":\"https:\\\/\\\/schema.org\",\"@graph\":[{\"@type\":\"WebPage\",\"@id\":\"https:\\\/\\\/tiketi.com\\\/air-taxi-from-dubai-to-umm-al-quwain\\\/\",\"url\":\"https:\\\/\\\/tiketi.com\\\/air-taxi-from-dubai-to-umm-al-quwain\\\/\",\"name\":\"Air Taxi from Umm al Quwain to Dubai Online Booking - Cheap Flights\",\"isPartOf\":{\"@id\":\"https:\\\/\\\/tiketi.com\\\/#website\"},\"primaryImageOfPage\":{\"@id\":\"https:\\\/\\\/tiketi.com\\\/air-taxi-from-dubai-to-umm-al-quwain\\\/#primaryimage\"},\"image\":{\"@id\":\"https:\\\/\\\/tiketi.com\\\/air-taxi-from-dubai-to-umm-al-quwain\\\/#primaryimage\"},\"thumbnailUrl\":\"https:\\\/\\\/tiketi.com\\\/wp-content\\\/uploads\\\/2022\\\/02\\\/dubai-skyline-buildings-183.jpg\",\"datePublished\":\"2022-01-19T11:53:23+00:00\",\"dateModified\":\"2022-02-05T11:47:00+00:00\",\"description\":\"Looking for cheap air taxi from Umm al Quwain to Dubai online booking app? Compare and book cheap flights from Dubai to Umm al Quwain online\",\"breadcrumb\":{\"@id\":\"https:\\\/\\\/tiketi.com\\\/air-taxi-from-dubai-to-umm-al-quwain\\\/#breadcrumb\"},\"inLanguage\":\"fr-FR\",\"potentialAction\":[{\"@type\":\"ReadAction\",\"target\":[\"https:\\\/\\\/tiketi.com\\\/air-taxi-from-dubai-to-umm-al-quwain\\\/\"]}]},{\"@type\":\"ImageObject\",\"inLanguage\":\"fr-FR\",\"@id\":\"https:\\\/\\\/tiketi.com\\\/air-taxi-from-dubai-to-umm-al-quwain\\\/#primaryimage\",\"url\":\"https:\\\/\\\/tiketi.com\\\/wp-content\\\/uploads\\\/2022\\\/02\\\/dubai-skyline-buildings-183.jpg\",\"contentUrl\":\"https:\\\/\\\/tiketi.com\\\/wp-content\\\/uploads\\\/2022\\\/02\\\/dubai-skyline-buildings-183.jpg\",\"width\":1200,\"height\":202,\"caption\":\"Air Taxi in Dubai\"},{\"@type\":\"BreadcrumbList\",\"@id\":\"https:\\\/\\\/tiketi.com\\\/air-taxi-from-dubai-to-umm-al-quwain\\\/#breadcrumb\",\"itemListElement\":[{\"@type\":\"ListItem\",\"position\":1,\"name\":\"Home\",\"item\":\"https:\\\/\\\/tiketi.com\\\/\"},{\"@type\":\"ListItem\",\"position\":2,\"name\":\"Air Taxi from Umm al Quwain to Dubai Online Booking\"}]},{\"@type\":\"WebSite\",\"@id\":\"https:\\\/\\\/tiketi.com\\\/#website\",\"url\":\"https:\\\/\\\/tiketi.com\\\/\",\"name\":\"Flight & Bus Tickets, Tour Packages & Activitites - Tiketi.com\",\"description\":\"Flight &amp; Bus Tickets, Tours, Activitites\",\"publisher\":{\"@id\":\"https:\\\/\\\/tiketi.com\\\/#organization\"},\"potentialAction\":[{\"@type\":\"SearchAction\",\"target\":{\"@type\":\"EntryPoint\",\"urlTemplate\":\"https:\\\/\\\/tiketi.com\\\/?s={search_term_string}\"},\"query-input\":{\"@type\":\"PropertyValueSpecification\",\"valueRequired\":true,\"valueName\":\"search_term_string\"}}],\"inLanguage\":\"fr-FR\"},{\"@type\":\"Organization\",\"@id\":\"https:\\\/\\\/tiketi.com\\\/#organization\",\"name\":\"Tiketi.com\",\"alternateName\":\"Tiketi\",\"url\":\"https:\\\/\\\/tiketi.com\\\/\",\"logo\":{\"@type\":\"ImageObject\",\"inLanguage\":\"fr-FR\",\"@id\":\"https:\\\/\\\/tiketi.com\\\/#\\\/schema\\\/logo\\\/image\\\/\",\"url\":\"https:\\\/\\\/tiketi.com\\\/wp-content\\\/uploads\\\/2019\\\/05\\\/tiketi-logo-696.png\",\"contentUrl\":\"https:\\\/\\\/tiketi.com\\\/wp-content\\\/uploads\\\/2019\\\/05\\\/tiketi-logo-696.png\",\"width\":696,\"height\":696,\"caption\":\"Tiketi.com\"},\"image\":{\"@id\":\"https:\\\/\\\/tiketi.com\\\/#\\\/schema\\\/logo\\\/image\\\/\"},\"sameAs\":[\"https:\\\/\\\/www.facebook.com\\\/TiketiCom\\\/\"]}]}<\/script>\n<!-- \/ Yoast SEO plugin. -->","yoast_head_json":{"title":"R\u00e9servation en ligne de taxi a\u00e9rien d&#039;Umm al Quwain \u00e0 Duba\u00ef - Vols pas chers","description":"Looking for cheap air taxi from Umm al Quwain to Dubai online booking app? Compare and book cheap flights from Dubai to Umm al Quwain online","robots":{"index":"index","follow":"follow","max-snippet":"max-snippet:-1","max-image-preview":"max-image-preview:large","max-video-preview":"max-video-preview:-1"},"canonical":"https:\/\/tiketi.com\/fr-fr\/air-taxi-from-dubai-to-umm-al-quwain\/","og_locale":"fr_FR","og_type":"article","og_title":"Air Taxi from Umm al Quwain to Dubai Online Booking - Cheap Flights","og_description":"Looking for cheap air taxi from Umm al Quwain to Dubai online booking app? Compare and book cheap flights from Dubai to Umm al Quwain online","og_url":"https:\/\/tiketi.com\/fr-fr\/air-taxi-from-dubai-to-umm-al-quwain\/","og_site_name":"Tiketi.com","article_publisher":"https:\/\/www.facebook.com\/TiketiCom\/","article_modified_time":"2022-02-05T11:47:00+00:00","og_image":[{"width":1200,"height":202,"url":"https:\/\/tiketi.com\/wp-content\/uploads\/2022\/02\/dubai-skyline-buildings-183.jpg","type":"image\/jpeg"}],"twitter_card":"summary_large_image","twitter_misc":{"Dur\u00e9e de lecture estim\u00e9e":"3 minutes"},"schema":{"@context":"https:\/\/schema.org","@graph":[{"@type":"WebPage","@id":"https:\/\/tiketi.com\/air-taxi-from-dubai-to-umm-al-quwain\/","url":"https:\/\/tiketi.com\/air-taxi-from-dubai-to-umm-al-quwain\/","name":"R\u00e9servation en ligne de taxi a\u00e9rien d&#039;Umm al Quwain \u00e0 Duba\u00ef - Vols pas chers","isPartOf":{"@id":"https:\/\/tiketi.com\/#website"},"primaryImageOfPage":{"@id":"https:\/\/tiketi.com\/air-taxi-from-dubai-to-umm-al-quwain\/#primaryimage"},"image":{"@id":"https:\/\/tiketi.com\/air-taxi-from-dubai-to-umm-al-quwain\/#primaryimage"},"thumbnailUrl":"https:\/\/tiketi.com\/wp-content\/uploads\/2022\/02\/dubai-skyline-buildings-183.jpg","datePublished":"2022-01-19T11:53:23+00:00","dateModified":"2022-02-05T11:47:00+00:00","description":"Looking for cheap air taxi from Umm al Quwain to Dubai online booking app? Compare and book cheap flights from Dubai to Umm al Quwain online","breadcrumb":{"@id":"https:\/\/tiketi.com\/air-taxi-from-dubai-to-umm-al-quwain\/#breadcrumb"},"inLanguage":"fr-FR","potentialAction":[{"@type":"ReadAction","target":["https:\/\/tiketi.com\/air-taxi-from-dubai-to-umm-al-quwain\/"]}]},{"@type":"ImageObject","inLanguage":"fr-FR","@id":"https:\/\/tiketi.com\/air-taxi-from-dubai-to-umm-al-quwain\/#primaryimage","url":"https:\/\/tiketi.com\/wp-content\/uploads\/2022\/02\/dubai-skyline-buildings-183.jpg","contentUrl":"https:\/\/tiketi.com\/wp-content\/uploads\/2022\/02\/dubai-skyline-buildings-183.jpg","width":1200,"height":202,"caption":"Air Taxi in Dubai"},{"@type":"BreadcrumbList","@id":"https:\/\/tiketi.com\/air-taxi-from-dubai-to-umm-al-quwain\/#breadcrumb","itemListElement":[{"@type":"ListItem","position":1,"name":"Home","item":"https:\/\/tiketi.com\/"},{"@type":"ListItem","position":2,"name":"Air Taxi from Umm al Quwain to Dubai Online Booking"}]},{"@type":"WebSite","@id":"https:\/\/tiketi.com\/#website","url":"https:\/\/tiketi.com\/","name":"Billets d&#039;avion et de bus, forfaits touristiques et activit\u00e9s - Tiketi.com","description":"Billets d&#039;avion et de bus, Tours, Activit\u00e9s","publisher":{"@id":"https:\/\/tiketi.com\/#organization"},"potentialAction":[{"@type":"SearchAction","target":{"@type":"EntryPoint","urlTemplate":"https:\/\/tiketi.com\/?s={search_term_string}"},"query-input":{"@type":"PropertyValueSpecification","valueRequired":true,"valueName":"search_term_string"}}],"inLanguage":"fr-FR"},{"@type":"Organization","@id":"https:\/\/tiketi.com\/#organization","name":"Tiketi.com","alternateName":"Tiketi","url":"https:\/\/tiketi.com\/","logo":{"@type":"ImageObject","inLanguage":"fr-FR","@id":"https:\/\/tiketi.com\/#\/schema\/logo\/image\/","url":"https:\/\/tiketi.com\/wp-content\/uploads\/2019\/05\/tiketi-logo-696.png","contentUrl":"https:\/\/tiketi.com\/wp-content\/uploads\/2019\/05\/tiketi-logo-696.png","width":696,"height":696,"caption":"Tiketi.com"},"image":{"@id":"https:\/\/tiketi.com\/#\/schema\/logo\/image\/"},"sameAs":["https:\/\/www.facebook.com\/TiketiCom\/"]}]}},"_links":{"self":[{"href":"https:\/\/tiketi.com\/fr-fr\/wp-json\/wp\/v2\/pages\/10454","targetHints":{"allow":["GET"]}}],"collection":[{"href":"https:\/\/tiketi.com\/fr-fr\/wp-json\/wp\/v2\/pages"}],"about":[{"href":"https:\/\/tiketi.com\/fr-fr\/wp-json\/wp\/v2\/types\/page"}],"author":[{"embeddable":true,"href":"https:\/\/tiketi.com\/fr-fr\/wp-json\/wp\/v2\/users\/1"}],"replies":[{"embeddable":true,"href":"https:\/\/tiketi.com\/fr-fr\/wp-json\/wp\/v2\/comments?post=10454"}],"version-history":[{"count":0,"href":"https:\/\/tiketi.com\/fr-fr\/wp-json\/wp\/v2\/pages\/10454\/revisions"}],"wp:featuredmedia":[{"embeddable":true,"href":"https:\/\/tiketi.com\/fr-fr\/wp-json\/wp\/v2\/media\/16474"}],"wp:attachment":[{"href":"https:\/\/tiketi.com\/fr-fr\/wp-json\/wp\/v2\/media?parent=10454"}],"curies":[{"name":"wp","href":"https:\/\/api.w.org\/{rel}","templated":true}]}}