{"id":10457,"date":"2022-01-19T12:53:23","date_gmt":"2022-01-19T11:53:23","guid":{"rendered":"https:\/\/new.tiketi.com\/cheap-flights-air-taxi-from-munich-to-switzerland\/"},"modified":"2022-02-04T16:36:58","modified_gmt":"2022-02-04T15:36:58","slug":"air-taxi-from-munich-to-switzerland","status":"publish","type":"page","link":"https:\/\/tiketi.com\/fr-fr\/air-taxi-from-munich-to-switzerland\/","title":{"rendered":"Taxi a\u00e9rien de Munich \u00e0 la Suisse R\u00e9servation en ligne"},"content":{"rendered":"<h2>Vous recherchez des vols pas chers de Suisse vers Munich ?<\/h2>\n<h3>Recherchez, comparez et r\u00e9servez en ligne maintenant des billets d&#039;avion \u00e0 bas prix de Munich \u00e0 Suisse.<\/h3>\n<p>La r\u00e9servation en ligne d&#039;un taxi a\u00e9rien \u00e9lectrique de Munich \u00e0 la Suisse sera bient\u00f4t possible. L&#039;application Tiketi.com vous permet de rechercher, comparer et r\u00e9server en ligne des vols pas chers de Suisse \u00e0 Munich. Connues pour leur chocolat, leurs horloges, leurs montagnes, leur fromage et leur neutralit\u00e9 politique, les merveilleuses Alpes suisses sont un lieu de contes \u00e0 visiter. Le pays a des particularit\u00e9s, comme le fait qu&#039;il a 3 langues nationales. Selon la r\u00e9gion de la Suisse, les visiteurs trouveront l&#039;italien, le fran\u00e7ais et l&#039;allemand parl\u00e9s. Bien qu&#039;il n&#039;y ait pas de langue suisse, un dialecte de l&#039;allemand, connu sous le nom de suisse allemand, est g\u00e9n\u00e9ralement parl\u00e9 par ceux qui se trouvent pr\u00e8s de la fronti\u00e8re allemande. Alors trouvez et comparez les billets d&#039;avion de Munich vers la Suisse et r\u00e9servez en ligne d\u00e8s maintenant des offres exceptionnelles sur des taxis a\u00e9riens pas chers de Munich vers la Suisse.<\/p>\n<h2>FAQ sur la r\u00e9servation en ligne d&#039;un taxi a\u00e9rien pas cher de Munich \u00e0 la Suisse<\/h2>\n<h3>Quelle est la distance de Munich \u00e0 la Suisse ?<\/h3>\n<p>La distance du vol en taxi drone de Munich \u00e0 la Suisse est de 356 kilom\u00e8tres (221 miles).<\/p>\n<h3>Que sont les taxis volants \u00e9lectriques eVLTO de Munich \u00e0 la Suisse ?<\/h3>\n<p><!--{cke_protected}{C}%3C!%2D%2D%20%2Fwp%3Aheading%20%2D%2D%3E--><!--{cke_protected}{C}%3C!%2D%2D%20wp%3Aparagraph%20%2D%2D%3E-->Les taxis volants \u00e9lectriques de Munich \u00e0 la Suisse, appel\u00e9s eVTOL (d\u00e9collage et atterrissage verticaux \u00e9lectriques), sont con\u00e7us pour transporter des personnes dans l&#039;atmosph\u00e8re urbaine et citadine.<\/p>\n<h3>Les taxis a\u00e9riens \u00e9lectriques de Munich \u00e0 la Suisse sont des transports publics \u00e0 grande vitesse<\/h3>\n<p><!--{cke_protected}{C}%3C!%2D%2D%20%2Fwp%3Aheading%20%2D%2D%3E--><!--{cke_protected}{C}%3C!%2D%2D%20wp%3Aparagraph%20%2D%2D%3E-->Le meilleur avantage des drones taxis a\u00e9riens de Munich \u00e0 la Suisse est sa grande vitesse. C&#039;est le mode de transport le plus rapide et donc le moyen le plus parfait o\u00f9 le temps est un facteur vital.<\/p>\n<h3>Le taxi volant par drone de Munich \u00e0 la Suisse a de tr\u00e8s faibles \u00e9missions de carbone<\/h3>\n<p>Les taxis drones de Munich aux producteurs suisses utilisent l&#039;\u00e9lectricit\u00e9 pour alimenter leurs v\u00e9hicules. Ainsi, les taxis drones n&#039;\u00e9mettront pas de gaz \u00e0 effet de serre. Par cons\u00e9quent, ces taxis peuvent contribuer \u00e0 r\u00e9duire l&#039;impact du changement climatique. Alors r\u00e9servez d\u00e8s maintenant votre taxi avec l&#039;aide d&#039;un drone taxi de Munich \u00e0 la Suisse.<\/p>\n<h2>Vols pas chers de Suisse \u00e0 Munich<\/h2>\n<p>Les vols pas chers avec drone de la Suisse \u00e0 Munich offrent le plus de vols sans escale entre Munich et la Suisse.<\/p>","protected":false},"excerpt":{"rendered":"<p>Looking for cheap flights from Switzerland to Munich? Search, compare and book cheap flight tickets from Munich to Switzerland online now. Electric air taxi from Munich to Switzerland online booking will be possible soon. The Tiketi.com app helps you search, compare and book cheap flights from Switzerland to Munich online.&nbsp;Known for its chocolate, clocks, mountains, [&hellip;]<\/p>\n","protected":false},"author":1,"featured_media":17142,"parent":0,"menu_order":0,"comment_status":"open","ping_status":"closed","template":"template-home-modern.php","meta":{"footnotes":""},"class_list":["post-10457","page","type-page","status-publish","has-post-thumbnail","hentry"],"yoast_head":"<!-- This site is optimized with the Yoast SEO plugin v27.3 - https:\/\/yoast.com\/product\/yoast-seo-wordpress\/ -->\n<title>Air Taxi from Munich to Switzerland Online Booking - Cheap Flights<\/title>\n<meta name=\"description\" content=\"Looking for cheap air taxi from Munich to Switzerland online booking app? Compare and book cheap flights from Switzerland to Munich\" \/>\n<meta name=\"robots\" content=\"index, follow, max-snippet:-1, max-image-preview:large, max-video-preview:-1\" \/>\n<link rel=\"canonical\" href=\"https:\/\/tiketi.com\/fr-fr\/air-taxi-from-munich-to-switzerland\/\" \/>\n<meta property=\"og:locale\" content=\"fr_FR\" \/>\n<meta property=\"og:type\" content=\"article\" \/>\n<meta property=\"og:title\" content=\"Air Taxi from Munich to Switzerland Online Booking - Cheap Flights\" \/>\n<meta property=\"og:description\" content=\"Looking for cheap air taxi from Munich to Switzerland online booking app? Compare and book cheap flights from Switzerland to Munich\" \/>\n<meta property=\"og:url\" content=\"https:\/\/tiketi.com\/fr-fr\/air-taxi-from-munich-to-switzerland\/\" \/>\n<meta property=\"og:site_name\" content=\"Tiketi.com\" \/>\n<meta property=\"article:publisher\" content=\"https:\/\/www.facebook.com\/TiketiCom\/\" \/>\n<meta property=\"article:modified_time\" content=\"2022-02-04T15:36:58+00:00\" \/>\n<meta property=\"og:image\" content=\"https:\/\/tiketi.com\/wp-content\/uploads\/2022\/02\/switzerland-schilthorn-3033.jpg\" \/>\n\t<meta property=\"og:image:width\" content=\"1200\" \/>\n\t<meta property=\"og:image:height\" content=\"202\" \/>\n\t<meta property=\"og:image:type\" content=\"image\/jpeg\" \/>\n<meta name=\"twitter:card\" content=\"summary_large_image\" \/>\n<meta name=\"twitter:label1\" content=\"Dur\u00e9e de lecture estim\u00e9e\" \/>\n\t<meta name=\"twitter:data1\" content=\"2 minutes\" \/>\n<script type=\"application\/ld+json\" class=\"yoast-schema-graph\">{\"@context\":\"https:\\\/\\\/schema.org\",\"@graph\":[{\"@type\":\"WebPage\",\"@id\":\"https:\\\/\\\/tiketi.com\\\/air-taxi-from-munich-to-switzerland\\\/\",\"url\":\"https:\\\/\\\/tiketi.com\\\/air-taxi-from-munich-to-switzerland\\\/\",\"name\":\"Air Taxi from Munich to Switzerland Online Booking - Cheap Flights\",\"isPartOf\":{\"@id\":\"https:\\\/\\\/tiketi.com\\\/#website\"},\"primaryImageOfPage\":{\"@id\":\"https:\\\/\\\/tiketi.com\\\/air-taxi-from-munich-to-switzerland\\\/#primaryimage\"},\"image\":{\"@id\":\"https:\\\/\\\/tiketi.com\\\/air-taxi-from-munich-to-switzerland\\\/#primaryimage\"},\"thumbnailUrl\":\"https:\\\/\\\/tiketi.com\\\/wp-content\\\/uploads\\\/2022\\\/02\\\/switzerland-schilthorn-3033.jpg\",\"datePublished\":\"2022-01-19T11:53:23+00:00\",\"dateModified\":\"2022-02-04T15:36:58+00:00\",\"description\":\"Looking for cheap air taxi from Munich to Switzerland online booking app? Compare and book cheap flights from Switzerland to Munich\",\"breadcrumb\":{\"@id\":\"https:\\\/\\\/tiketi.com\\\/air-taxi-from-munich-to-switzerland\\\/#breadcrumb\"},\"inLanguage\":\"fr-FR\",\"potentialAction\":[{\"@type\":\"ReadAction\",\"target\":[\"https:\\\/\\\/tiketi.com\\\/air-taxi-from-munich-to-switzerland\\\/\"]}]},{\"@type\":\"ImageObject\",\"inLanguage\":\"fr-FR\",\"@id\":\"https:\\\/\\\/tiketi.com\\\/air-taxi-from-munich-to-switzerland\\\/#primaryimage\",\"url\":\"https:\\\/\\\/tiketi.com\\\/wp-content\\\/uploads\\\/2022\\\/02\\\/switzerland-schilthorn-3033.jpg\",\"contentUrl\":\"https:\\\/\\\/tiketi.com\\\/wp-content\\\/uploads\\\/2022\\\/02\\\/switzerland-schilthorn-3033.jpg\",\"width\":1200,\"height\":202,\"caption\":\"Air Taxi in Switzerland\"},{\"@type\":\"BreadcrumbList\",\"@id\":\"https:\\\/\\\/tiketi.com\\\/air-taxi-from-munich-to-switzerland\\\/#breadcrumb\",\"itemListElement\":[{\"@type\":\"ListItem\",\"position\":1,\"name\":\"Home\",\"item\":\"https:\\\/\\\/tiketi.com\\\/\"},{\"@type\":\"ListItem\",\"position\":2,\"name\":\"Air Taxi from Munich to Switzerland Online Booking\"}]},{\"@type\":\"WebSite\",\"@id\":\"https:\\\/\\\/tiketi.com\\\/#website\",\"url\":\"https:\\\/\\\/tiketi.com\\\/\",\"name\":\"Flight & Bus Tickets, Tour Packages & Activitites - Tiketi.com\",\"description\":\"Flight &amp; Bus Tickets, Tours, Activitites\",\"publisher\":{\"@id\":\"https:\\\/\\\/tiketi.com\\\/#organization\"},\"potentialAction\":[{\"@type\":\"SearchAction\",\"target\":{\"@type\":\"EntryPoint\",\"urlTemplate\":\"https:\\\/\\\/tiketi.com\\\/?s={search_term_string}\"},\"query-input\":{\"@type\":\"PropertyValueSpecification\",\"valueRequired\":true,\"valueName\":\"search_term_string\"}}],\"inLanguage\":\"fr-FR\"},{\"@type\":\"Organization\",\"@id\":\"https:\\\/\\\/tiketi.com\\\/#organization\",\"name\":\"Tiketi.com\",\"alternateName\":\"Tiketi\",\"url\":\"https:\\\/\\\/tiketi.com\\\/\",\"logo\":{\"@type\":\"ImageObject\",\"inLanguage\":\"fr-FR\",\"@id\":\"https:\\\/\\\/tiketi.com\\\/#\\\/schema\\\/logo\\\/image\\\/\",\"url\":\"https:\\\/\\\/tiketi.com\\\/wp-content\\\/uploads\\\/2019\\\/05\\\/tiketi-logo-696.png\",\"contentUrl\":\"https:\\\/\\\/tiketi.com\\\/wp-content\\\/uploads\\\/2019\\\/05\\\/tiketi-logo-696.png\",\"width\":696,\"height\":696,\"caption\":\"Tiketi.com\"},\"image\":{\"@id\":\"https:\\\/\\\/tiketi.com\\\/#\\\/schema\\\/logo\\\/image\\\/\"},\"sameAs\":[\"https:\\\/\\\/www.facebook.com\\\/TiketiCom\\\/\"]}]}<\/script>\n<!-- \/ Yoast SEO plugin. -->","yoast_head_json":{"title":"Taxi a\u00e9rien de Munich \u00e0 la Suisse R\u00e9servation en ligne - Vols pas chers","description":"Vous recherchez une application de r\u00e9servation en ligne de taxi a\u00e9rien pas cher de Munich \u00e0 la Suisse? Comparez et r\u00e9servez des vols pas chers de Suisse \u00e0 Munich","robots":{"index":"index","follow":"follow","max-snippet":"max-snippet:-1","max-image-preview":"max-image-preview:large","max-video-preview":"max-video-preview:-1"},"canonical":"https:\/\/tiketi.com\/fr-fr\/air-taxi-from-munich-to-switzerland\/","og_locale":"fr_FR","og_type":"article","og_title":"Air Taxi from Munich to Switzerland Online Booking - Cheap Flights","og_description":"Looking for cheap air taxi from Munich to Switzerland online booking app? Compare and book cheap flights from Switzerland to Munich","og_url":"https:\/\/tiketi.com\/fr-fr\/air-taxi-from-munich-to-switzerland\/","og_site_name":"Tiketi.com","article_publisher":"https:\/\/www.facebook.com\/TiketiCom\/","article_modified_time":"2022-02-04T15:36:58+00:00","og_image":[{"width":1200,"height":202,"url":"https:\/\/tiketi.com\/wp-content\/uploads\/2022\/02\/switzerland-schilthorn-3033.jpg","type":"image\/jpeg"}],"twitter_card":"summary_large_image","twitter_misc":{"Dur\u00e9e de lecture estim\u00e9e":"2 minutes"},"schema":{"@context":"https:\/\/schema.org","@graph":[{"@type":"WebPage","@id":"https:\/\/tiketi.com\/air-taxi-from-munich-to-switzerland\/","url":"https:\/\/tiketi.com\/air-taxi-from-munich-to-switzerland\/","name":"Taxi a\u00e9rien de Munich \u00e0 la Suisse R\u00e9servation en ligne - Vols pas chers","isPartOf":{"@id":"https:\/\/tiketi.com\/#website"},"primaryImageOfPage":{"@id":"https:\/\/tiketi.com\/air-taxi-from-munich-to-switzerland\/#primaryimage"},"image":{"@id":"https:\/\/tiketi.com\/air-taxi-from-munich-to-switzerland\/#primaryimage"},"thumbnailUrl":"https:\/\/tiketi.com\/wp-content\/uploads\/2022\/02\/switzerland-schilthorn-3033.jpg","datePublished":"2022-01-19T11:53:23+00:00","dateModified":"2022-02-04T15:36:58+00:00","description":"Vous recherchez une application de r\u00e9servation en ligne de taxi a\u00e9rien pas cher de Munich \u00e0 la Suisse? Comparez et r\u00e9servez des vols pas chers de Suisse \u00e0 Munich","breadcrumb":{"@id":"https:\/\/tiketi.com\/air-taxi-from-munich-to-switzerland\/#breadcrumb"},"inLanguage":"fr-FR","potentialAction":[{"@type":"ReadAction","target":["https:\/\/tiketi.com\/air-taxi-from-munich-to-switzerland\/"]}]},{"@type":"ImageObject","inLanguage":"fr-FR","@id":"https:\/\/tiketi.com\/air-taxi-from-munich-to-switzerland\/#primaryimage","url":"https:\/\/tiketi.com\/wp-content\/uploads\/2022\/02\/switzerland-schilthorn-3033.jpg","contentUrl":"https:\/\/tiketi.com\/wp-content\/uploads\/2022\/02\/switzerland-schilthorn-3033.jpg","width":1200,"height":202,"caption":"Air Taxi in Switzerland"},{"@type":"BreadcrumbList","@id":"https:\/\/tiketi.com\/air-taxi-from-munich-to-switzerland\/#breadcrumb","itemListElement":[{"@type":"ListItem","position":1,"name":"Home","item":"https:\/\/tiketi.com\/"},{"@type":"ListItem","position":2,"name":"Air Taxi from Munich to Switzerland Online Booking"}]},{"@type":"WebSite","@id":"https:\/\/tiketi.com\/#website","url":"https:\/\/tiketi.com\/","name":"Billets d&#039;avion et de bus, forfaits touristiques et activit\u00e9s - Tiketi.com","description":"Billets d&#039;avion et de bus, Tours, Activit\u00e9s","publisher":{"@id":"https:\/\/tiketi.com\/#organization"},"potentialAction":[{"@type":"SearchAction","target":{"@type":"EntryPoint","urlTemplate":"https:\/\/tiketi.com\/?s={search_term_string}"},"query-input":{"@type":"PropertyValueSpecification","valueRequired":true,"valueName":"search_term_string"}}],"inLanguage":"fr-FR"},{"@type":"Organization","@id":"https:\/\/tiketi.com\/#organization","name":"Tiketi.com","alternateName":"Tiketi","url":"https:\/\/tiketi.com\/","logo":{"@type":"ImageObject","inLanguage":"fr-FR","@id":"https:\/\/tiketi.com\/#\/schema\/logo\/image\/","url":"https:\/\/tiketi.com\/wp-content\/uploads\/2019\/05\/tiketi-logo-696.png","contentUrl":"https:\/\/tiketi.com\/wp-content\/uploads\/2019\/05\/tiketi-logo-696.png","width":696,"height":696,"caption":"Tiketi.com"},"image":{"@id":"https:\/\/tiketi.com\/#\/schema\/logo\/image\/"},"sameAs":["https:\/\/www.facebook.com\/TiketiCom\/"]}]}},"_links":{"self":[{"href":"https:\/\/tiketi.com\/fr-fr\/wp-json\/wp\/v2\/pages\/10457","targetHints":{"allow":["GET"]}}],"collection":[{"href":"https:\/\/tiketi.com\/fr-fr\/wp-json\/wp\/v2\/pages"}],"about":[{"href":"https:\/\/tiketi.com\/fr-fr\/wp-json\/wp\/v2\/types\/page"}],"author":[{"embeddable":true,"href":"https:\/\/tiketi.com\/fr-fr\/wp-json\/wp\/v2\/users\/1"}],"replies":[{"embeddable":true,"href":"https:\/\/tiketi.com\/fr-fr\/wp-json\/wp\/v2\/comments?post=10457"}],"version-history":[{"count":0,"href":"https:\/\/tiketi.com\/fr-fr\/wp-json\/wp\/v2\/pages\/10457\/revisions"}],"wp:featuredmedia":[{"embeddable":true,"href":"https:\/\/tiketi.com\/fr-fr\/wp-json\/wp\/v2\/media\/17142"}],"wp:attachment":[{"href":"https:\/\/tiketi.com\/fr-fr\/wp-json\/wp\/v2\/media?parent=10457"}],"curies":[{"name":"wp","href":"https:\/\/api.w.org\/{rel}","templated":true}]}}