{"id":10471,"date":"2022-01-19T12:53:25","date_gmt":"2022-01-19T11:53:25","guid":{"rendered":"https:\/\/new.tiketi.com\/cheap-flights-air-taxi-from-hamburg-to-berlin\/"},"modified":"2022-02-04T09:55:52","modified_gmt":"2022-02-04T08:55:52","slug":"air-taxi-from-hamburg-to-berlin-flights","status":"publish","type":"page","link":"https:\/\/tiketi.com\/fr-fr\/air-taxi-from-hamburg-to-berlin-flights\/","title":{"rendered":"Taxi a\u00e9rien de Hambourg \u00e0 Berlin R\u00e9servation en ligne"},"content":{"rendered":"<h2>Vous recherchez des vols \u00e0 bas prix au Hambourg vers Berlin?<\/h2>\n<h3>Recherchez, comparez et r\u00e9servez d\u00e8s maintenant des billets d&#039;avion pas chers de Hambourg \u00e0 Berlin (BER).<\/h3>\n<p>La r\u00e9servation en ligne de taxi a\u00e9rien de Hambourg \u00e0 Berlin sera bient\u00f4t possible. L&#039;application Tiketi.com vous permet de rechercher, comparer et r\u00e9server en ligne des vols pas chers de Hambourg \u00e0 Berlin. Capitale de l&#039;Allemagne, Berlin est un centre d&#039;activit\u00e9s touristiques. Il offre quelque chose \u00e0 chacun, que vous recherchiez la culture et l&#039;histoire ou que vous souhaitiez d\u00e9couvrir la musique, l&#039;art et la vie nocturne incroyables. Berlin est un m\u00e9lange d&#039;architecture charmante de diff\u00e9rentes \u00e9poques et la ville est remarquable par sa vie. Berlin a une histoire \u00e9tonnante. Elle regorge de lieux importants dus \u00e0 ses nombreux conflits et guerres. M\u00eame si une grande partie a \u00e9t\u00e9 endommag\u00e9e pendant la guerre, la ville a \u00e9t\u00e9 reconstruite dans le but de mettre en valeur son histoire. Trouvez et comparez les billets d&#039;avion de Hambourg \u00e0 Berlin (BER) et r\u00e9servez d\u00e8s maintenant en ligne des offres int\u00e9ressantes sur les taxis a\u00e9riens bon march\u00e9 de Hambourg \u00e0 Berlin.<\/p>\n<h2>R\u00e9servation de taxi a\u00e9rien pas cher de Hambourg \u00e0 Berlin - R\u00e9servation en ligne FAQ<\/h2>\n<h3>Quelle est la distance entre Hambourg et Berlin ?<\/h3>\n<p>La distance du vol drone taxi de Hambourg \u00e0 Berlin est de 256 km (159 miles).<\/p>\n<h3>Que sont les taxis volants \u00e9lectriques eVLTO de Hambourg \u00e0 Berlin ?<\/h3>\n<p><!--{cke_protected}{C}%3C!%2D%2D%20%2Fwp%3Aheading%20%2D%2D%3E--><!--{cke_protected}{C}%3C!%2D%2D%20wp%3Aparagraph%20%2D%2D%3E-->Les taxis volants \u00e9lectriques reliant Hambourg \u00e0 Berlin, appel\u00e9s eVTOL (d\u00e9collage et atterrissage verticaux \u00e9lectriques), sont con\u00e7us pour transporter des personnes dans l&#039;atmosph\u00e8re urbaine et urbaine.<\/p>\n<h3>Les taxis a\u00e9riens \u00e9lectriques de Hambourg \u00e0 Berlin sont des transports publics \u00e0 grande vitesse<\/h3>\n<p><!--{cke_protected}{C}%3C!%2D%2D%20%2Fwp%3Aheading%20%2D%2D%3E--><!--{cke_protected}{C}%3C!%2D%2D%20wp%3Aparagraph%20%2D%2D%3E-->Le meilleur avantage des taxis a\u00e9riens par drones de Hambourg \u00e0 Berlin est leur vitesse \u00e9lev\u00e9e. C&#039;est le mode de transport le plus rapide et donc le moyen le plus parfait l\u00e0 o\u00f9 le temps est un facteur essentiel.<\/p>\n<h3>Le taxi volant par drone de Hambourg \u00e0 Berlin a de tr\u00e8s faibles \u00e9missions de carbone<\/h3>\n<p>Les producteurs de taxis drones de Hambourg \u00e0 Berlin utilisent l&#039;\u00e9lectricit\u00e9 pour propulser leurs v\u00e9hicules. Ainsi, les taxis drones n\u2019\u00e9mettent pas de gaz \u00e0 effet de serre. Par cons\u00e9quent, ces taxis peuvent contribuer \u00e0 r\u00e9duire l\u2019impact du changement climatique. Alors r\u00e9servez d\u00e8s maintenant votre taxi avec l&#039;aide d&#039;un taxi drone de Hambourg \u00e0 Berlin.<\/p>\n<h2>Conseils pour les vols pas chers de Hambourg \u00e0 Berlin<\/h2>\n<p>Les vols pas chers par drone de Hambourg \u00e0 Berlin offrent le plus de vols directs entre Berlin et Hambourg.<\/p>","protected":false},"excerpt":{"rendered":"<p>Looking for cheap flights from Hamburg to Berlin? Search, compare and book cheap flight tickets from Hamburg to Berlin (BER) online now. Air taxi from Hamburg to Berlin online booking will be possible soon. The Tiketi.com app helps you search, compare and book cheap flights from Hamburg to Berlin online.\u00a0The capital of Germany, Berlin is [&hellip;]<\/p>\n","protected":false},"author":1,"featured_media":14603,"parent":0,"menu_order":0,"comment_status":"open","ping_status":"closed","template":"template-home-modern.php","meta":{"footnotes":""},"class_list":["post-10471","page","type-page","status-publish","has-post-thumbnail","hentry"],"yoast_head":"<!-- This site is optimized with the Yoast SEO plugin v27.3 - https:\/\/yoast.com\/product\/yoast-seo-wordpress\/ -->\n<title>Air Taxi from Hamburg to Berlin Online Booking - Cheap Flights<\/title>\n<meta name=\"description\" content=\"Looking for cheap air taxi from Hamburg to Berlin online booking app? Compare and book cheap flights from Hamburg to Berlin online\" \/>\n<meta name=\"robots\" content=\"index, follow, max-snippet:-1, max-image-preview:large, max-video-preview:-1\" \/>\n<link rel=\"canonical\" href=\"https:\/\/tiketi.com\/fr-fr\/air-taxi-from-hamburg-to-berlin-flights\/\" \/>\n<meta property=\"og:locale\" content=\"fr_FR\" \/>\n<meta property=\"og:type\" content=\"article\" \/>\n<meta property=\"og:title\" content=\"Air Taxi from Hamburg to Berlin Online Booking - Cheap Flights\" \/>\n<meta property=\"og:description\" content=\"Looking for cheap air taxi from Hamburg to Berlin online booking app? Compare and book cheap flights from Hamburg to Berlin online\" \/>\n<meta property=\"og:url\" content=\"https:\/\/tiketi.com\/fr-fr\/air-taxi-from-hamburg-to-berlin-flights\/\" \/>\n<meta property=\"og:site_name\" content=\"Tiketi.com\" \/>\n<meta property=\"article:publisher\" content=\"https:\/\/www.facebook.com\/TiketiCom\/\" \/>\n<meta property=\"article:modified_time\" content=\"2022-02-04T08:55:52+00:00\" \/>\n<meta property=\"og:image\" content=\"https:\/\/tiketi.com\/wp-content\/uploads\/2022\/01\/berlin-4096342_1280.jpg\" \/>\n\t<meta property=\"og:image:width\" content=\"1200\" \/>\n\t<meta property=\"og:image:height\" content=\"240\" \/>\n\t<meta property=\"og:image:type\" content=\"image\/jpeg\" \/>\n<meta name=\"twitter:card\" content=\"summary_large_image\" \/>\n<meta name=\"twitter:label1\" content=\"Dur\u00e9e de lecture estim\u00e9e\" \/>\n\t<meta name=\"twitter:data1\" content=\"2 minutes\" \/>\n<script type=\"application\/ld+json\" class=\"yoast-schema-graph\">{\"@context\":\"https:\\\/\\\/schema.org\",\"@graph\":[{\"@type\":\"WebPage\",\"@id\":\"https:\\\/\\\/tiketi.com\\\/air-taxi-from-hamburg-to-berlin-flights\\\/\",\"url\":\"https:\\\/\\\/tiketi.com\\\/air-taxi-from-hamburg-to-berlin-flights\\\/\",\"name\":\"Air Taxi from Hamburg to Berlin Online Booking - Cheap Flights\",\"isPartOf\":{\"@id\":\"https:\\\/\\\/tiketi.com\\\/#website\"},\"primaryImageOfPage\":{\"@id\":\"https:\\\/\\\/tiketi.com\\\/air-taxi-from-hamburg-to-berlin-flights\\\/#primaryimage\"},\"image\":{\"@id\":\"https:\\\/\\\/tiketi.com\\\/air-taxi-from-hamburg-to-berlin-flights\\\/#primaryimage\"},\"thumbnailUrl\":\"https:\\\/\\\/tiketi.com\\\/wp-content\\\/uploads\\\/2022\\\/01\\\/berlin-4096342_1280.jpg\",\"datePublished\":\"2022-01-19T11:53:25+00:00\",\"dateModified\":\"2022-02-04T08:55:52+00:00\",\"description\":\"Looking for cheap air taxi from Hamburg to Berlin online booking app? Compare and book cheap flights from Hamburg to Berlin online\",\"breadcrumb\":{\"@id\":\"https:\\\/\\\/tiketi.com\\\/air-taxi-from-hamburg-to-berlin-flights\\\/#breadcrumb\"},\"inLanguage\":\"fr-FR\",\"potentialAction\":[{\"@type\":\"ReadAction\",\"target\":[\"https:\\\/\\\/tiketi.com\\\/air-taxi-from-hamburg-to-berlin-flights\\\/\"]}]},{\"@type\":\"ImageObject\",\"inLanguage\":\"fr-FR\",\"@id\":\"https:\\\/\\\/tiketi.com\\\/air-taxi-from-hamburg-to-berlin-flights\\\/#primaryimage\",\"url\":\"https:\\\/\\\/tiketi.com\\\/wp-content\\\/uploads\\\/2022\\\/01\\\/berlin-4096342_1280.jpg\",\"contentUrl\":\"https:\\\/\\\/tiketi.com\\\/wp-content\\\/uploads\\\/2022\\\/01\\\/berlin-4096342_1280.jpg\",\"width\":1200,\"height\":240,\"caption\":\"air taxi in Berlin\"},{\"@type\":\"BreadcrumbList\",\"@id\":\"https:\\\/\\\/tiketi.com\\\/air-taxi-from-hamburg-to-berlin-flights\\\/#breadcrumb\",\"itemListElement\":[{\"@type\":\"ListItem\",\"position\":1,\"name\":\"Home\",\"item\":\"https:\\\/\\\/tiketi.com\\\/\"},{\"@type\":\"ListItem\",\"position\":2,\"name\":\"Air Taxi from Hamburg to Berlin Online Booking\"}]},{\"@type\":\"WebSite\",\"@id\":\"https:\\\/\\\/tiketi.com\\\/#website\",\"url\":\"https:\\\/\\\/tiketi.com\\\/\",\"name\":\"Flight & Bus Tickets, Tour Packages & Activitites - Tiketi.com\",\"description\":\"Flight &amp; Bus Tickets, Tours, Activitites\",\"publisher\":{\"@id\":\"https:\\\/\\\/tiketi.com\\\/#organization\"},\"potentialAction\":[{\"@type\":\"SearchAction\",\"target\":{\"@type\":\"EntryPoint\",\"urlTemplate\":\"https:\\\/\\\/tiketi.com\\\/?s={search_term_string}\"},\"query-input\":{\"@type\":\"PropertyValueSpecification\",\"valueRequired\":true,\"valueName\":\"search_term_string\"}}],\"inLanguage\":\"fr-FR\"},{\"@type\":\"Organization\",\"@id\":\"https:\\\/\\\/tiketi.com\\\/#organization\",\"name\":\"Tiketi.com\",\"alternateName\":\"Tiketi\",\"url\":\"https:\\\/\\\/tiketi.com\\\/\",\"logo\":{\"@type\":\"ImageObject\",\"inLanguage\":\"fr-FR\",\"@id\":\"https:\\\/\\\/tiketi.com\\\/#\\\/schema\\\/logo\\\/image\\\/\",\"url\":\"https:\\\/\\\/tiketi.com\\\/wp-content\\\/uploads\\\/2019\\\/05\\\/tiketi-logo-696.png\",\"contentUrl\":\"https:\\\/\\\/tiketi.com\\\/wp-content\\\/uploads\\\/2019\\\/05\\\/tiketi-logo-696.png\",\"width\":696,\"height\":696,\"caption\":\"Tiketi.com\"},\"image\":{\"@id\":\"https:\\\/\\\/tiketi.com\\\/#\\\/schema\\\/logo\\\/image\\\/\"},\"sameAs\":[\"https:\\\/\\\/www.facebook.com\\\/TiketiCom\\\/\"]}]}<\/script>\n<!-- \/ Yoast SEO plugin. -->","yoast_head_json":{"title":"Taxi a\u00e9rien de Hambourg \u00e0 Berlin R\u00e9servation en ligne - Vols pas chers","description":"Vous recherchez une application de r\u00e9servation en ligne de taxi a\u00e9rien pas cher de Hambourg \u00e0 Berlin ? Comparez et r\u00e9servez en ligne des vols pas chers de Hambourg \u00e0 Berlin","robots":{"index":"index","follow":"follow","max-snippet":"max-snippet:-1","max-image-preview":"max-image-preview:large","max-video-preview":"max-video-preview:-1"},"canonical":"https:\/\/tiketi.com\/fr-fr\/air-taxi-from-hamburg-to-berlin-flights\/","og_locale":"fr_FR","og_type":"article","og_title":"Air Taxi from Hamburg to Berlin Online Booking - Cheap Flights","og_description":"Looking for cheap air taxi from Hamburg to Berlin online booking app? Compare and book cheap flights from Hamburg to Berlin online","og_url":"https:\/\/tiketi.com\/fr-fr\/air-taxi-from-hamburg-to-berlin-flights\/","og_site_name":"Tiketi.com","article_publisher":"https:\/\/www.facebook.com\/TiketiCom\/","article_modified_time":"2022-02-04T08:55:52+00:00","og_image":[{"width":1200,"height":240,"url":"https:\/\/tiketi.com\/wp-content\/uploads\/2022\/01\/berlin-4096342_1280.jpg","type":"image\/jpeg"}],"twitter_card":"summary_large_image","twitter_misc":{"Dur\u00e9e de lecture estim\u00e9e":"2 minutes"},"schema":{"@context":"https:\/\/schema.org","@graph":[{"@type":"WebPage","@id":"https:\/\/tiketi.com\/air-taxi-from-hamburg-to-berlin-flights\/","url":"https:\/\/tiketi.com\/air-taxi-from-hamburg-to-berlin-flights\/","name":"Taxi a\u00e9rien de Hambourg \u00e0 Berlin R\u00e9servation en ligne - Vols pas chers","isPartOf":{"@id":"https:\/\/tiketi.com\/#website"},"primaryImageOfPage":{"@id":"https:\/\/tiketi.com\/air-taxi-from-hamburg-to-berlin-flights\/#primaryimage"},"image":{"@id":"https:\/\/tiketi.com\/air-taxi-from-hamburg-to-berlin-flights\/#primaryimage"},"thumbnailUrl":"https:\/\/tiketi.com\/wp-content\/uploads\/2022\/01\/berlin-4096342_1280.jpg","datePublished":"2022-01-19T11:53:25+00:00","dateModified":"2022-02-04T08:55:52+00:00","description":"Vous recherchez une application de r\u00e9servation en ligne de taxi a\u00e9rien pas cher de Hambourg \u00e0 Berlin ? Comparez et r\u00e9servez en ligne des vols pas chers de Hambourg \u00e0 Berlin","breadcrumb":{"@id":"https:\/\/tiketi.com\/air-taxi-from-hamburg-to-berlin-flights\/#breadcrumb"},"inLanguage":"fr-FR","potentialAction":[{"@type":"ReadAction","target":["https:\/\/tiketi.com\/air-taxi-from-hamburg-to-berlin-flights\/"]}]},{"@type":"ImageObject","inLanguage":"fr-FR","@id":"https:\/\/tiketi.com\/air-taxi-from-hamburg-to-berlin-flights\/#primaryimage","url":"https:\/\/tiketi.com\/wp-content\/uploads\/2022\/01\/berlin-4096342_1280.jpg","contentUrl":"https:\/\/tiketi.com\/wp-content\/uploads\/2022\/01\/berlin-4096342_1280.jpg","width":1200,"height":240,"caption":"air taxi in Berlin"},{"@type":"BreadcrumbList","@id":"https:\/\/tiketi.com\/air-taxi-from-hamburg-to-berlin-flights\/#breadcrumb","itemListElement":[{"@type":"ListItem","position":1,"name":"Home","item":"https:\/\/tiketi.com\/"},{"@type":"ListItem","position":2,"name":"Air Taxi from Hamburg to Berlin Online Booking"}]},{"@type":"WebSite","@id":"https:\/\/tiketi.com\/#website","url":"https:\/\/tiketi.com\/","name":"Billets d&#039;avion et de bus, forfaits touristiques et activit\u00e9s - Tiketi.com","description":"Billets d&#039;avion et de bus, Tours, Activit\u00e9s","publisher":{"@id":"https:\/\/tiketi.com\/#organization"},"potentialAction":[{"@type":"SearchAction","target":{"@type":"EntryPoint","urlTemplate":"https:\/\/tiketi.com\/?s={search_term_string}"},"query-input":{"@type":"PropertyValueSpecification","valueRequired":true,"valueName":"search_term_string"}}],"inLanguage":"fr-FR"},{"@type":"Organization","@id":"https:\/\/tiketi.com\/#organization","name":"Tiketi.com","alternateName":"Tiketi","url":"https:\/\/tiketi.com\/","logo":{"@type":"ImageObject","inLanguage":"fr-FR","@id":"https:\/\/tiketi.com\/#\/schema\/logo\/image\/","url":"https:\/\/tiketi.com\/wp-content\/uploads\/2019\/05\/tiketi-logo-696.png","contentUrl":"https:\/\/tiketi.com\/wp-content\/uploads\/2019\/05\/tiketi-logo-696.png","width":696,"height":696,"caption":"Tiketi.com"},"image":{"@id":"https:\/\/tiketi.com\/#\/schema\/logo\/image\/"},"sameAs":["https:\/\/www.facebook.com\/TiketiCom\/"]}]}},"_links":{"self":[{"href":"https:\/\/tiketi.com\/fr-fr\/wp-json\/wp\/v2\/pages\/10471","targetHints":{"allow":["GET"]}}],"collection":[{"href":"https:\/\/tiketi.com\/fr-fr\/wp-json\/wp\/v2\/pages"}],"about":[{"href":"https:\/\/tiketi.com\/fr-fr\/wp-json\/wp\/v2\/types\/page"}],"author":[{"embeddable":true,"href":"https:\/\/tiketi.com\/fr-fr\/wp-json\/wp\/v2\/users\/1"}],"replies":[{"embeddable":true,"href":"https:\/\/tiketi.com\/fr-fr\/wp-json\/wp\/v2\/comments?post=10471"}],"version-history":[{"count":0,"href":"https:\/\/tiketi.com\/fr-fr\/wp-json\/wp\/v2\/pages\/10471\/revisions"}],"wp:featuredmedia":[{"embeddable":true,"href":"https:\/\/tiketi.com\/fr-fr\/wp-json\/wp\/v2\/media\/14603"}],"wp:attachment":[{"href":"https:\/\/tiketi.com\/fr-fr\/wp-json\/wp\/v2\/media?parent=10471"}],"curies":[{"name":"wp","href":"https:\/\/api.w.org\/{rel}","templated":true}]}}