{"id":10485,"date":"2022-01-19T12:53:25","date_gmt":"2022-01-19T11:53:25","guid":{"rendered":"https:\/\/new.tiketi.com\/cheap-flights-air-taxi-from-hongseong-to-seoul\/"},"modified":"2022-02-04T10:33:52","modified_gmt":"2022-02-04T09:33:52","slug":"air-taxi-from-hongseong-to-seoul-flights","status":"publish","type":"page","link":"https:\/\/tiketi.com\/fr-fr\/air-taxi-from-hongseong-to-seoul-flights\/","title":{"rendered":"Air Taxi from Hongseong to Seoul Online Booking"},"content":{"rendered":"<h2>Looking for cheap flights from Seoul to Hongseong?<\/h2>\n<h3>Search, compare and book cheap flight tickets from Hongseong to Seoul (ICN) online now.<\/h3>\n<p>Air taxi from Hongseong to Seoul online booking will be possible soon. The Tiketi.com app helps you search, compare and book cheap flights from Seoul to Hongseong online.\u00a0Seoul\u00a0is an amazing and vibrant city, one that deftly gathers very old history with ultra-modern technology and design. The city is packed with a big range of visitor attractions of all types, from open-air adventures like exploring Mount Namsan and its surrounding park to indoor fun like visiting one of Seoul\u2019s many museums. Seoul is a city of palaces, with 5 big palace complexes placed throughout the city and now restored to their former glory. Definitely, it is also famous for its food, with a mouthwatering range of street food, Korean specialties like barbecue, and perfect dining options.\u00a0So find and compare flight tickets from\u00a0Hongseong to Seoul (ICN) and book great offers on cheap air taxis from Seoul to Hongseong online now.<\/p>\n<h2>Cheap air taxi\u00a0from Hongseong to Seoul online booking FAQs<\/h2>\n<h3>How far is Hongseong to Seoul?<\/h3>\n<p>The distance of drone air taxi from Hongseong to Seoul flight is 111 km (69 miles).<\/p>\n<h3>What are eVLTO electric flying taxis from Albany to Manhattan?<\/h3>\n<p><!--{cke_protected}{C}%3C!%2D%2D%20%2Fwp%3Aheading%20%2D%2D%3E--><!--{cke_protected}{C}%3C!%2D%2D%20wp%3Aparagraph%20%2D%2D%3E-->The electric flying taxis from Albany to Manhattan aircraft, called as an eVTOL (electrical vertical take-off and landing), are designed to transport people via urban and cities atmosphere.<\/p>\n<h3>Electric air taxis from Albany to Manhattan are high-speed public transport<\/h3>\n<p><!--{cke_protected}{C}%3C!%2D%2D%20%2Fwp%3Aheading%20%2D%2D%3E--><!--{cke_protected}{C}%3C!%2D%2D%20wp%3Aparagraph%20%2D%2D%3E-->The best benefit of drone air taxis from Albany to Manhattan is its high speed. It is the quickest mode of transport and thus it is the most perfect mean where time is a vital factor.<\/p>\n<h3>Drone flying taxi from Albany to Manhattan has very low carbon emissions<\/h3>\n<p>Drone taxi from Albany to Manhattan producers use electricity to power their vehicles. Hence, drone taxis will not emit greenhouses gases. Hence, these taxis can support in decreasing the impact of climate change. So book your taxi with the help of drone taxi from Albany to Manhattan now.<\/p>\n<h2>Cheap flights from Seoul to Hongseong\u00a0tips<\/h2>\n<p>Drone cheap flights from Seoul to Hongseong offer the most nonstop flights between Seoul and Hongseong.<\/p>","protected":false},"excerpt":{"rendered":"<p>Looking for cheap flights from Seoul to Hongseong? Search, compare and book cheap flight tickets from Hongseong to Seoul (ICN) online now. Air taxi from Hongseong to Seoul online booking will be possible soon. The Tiketi.com app helps you search, compare and book cheap flights from Seoul to Hongseong online.\u00a0Seoul\u00a0is an amazing and vibrant city, [&hellip;]<\/p>\n","protected":false},"author":1,"featured_media":14286,"parent":0,"menu_order":0,"comment_status":"open","ping_status":"closed","template":"template-home-modern.php","meta":{"footnotes":""},"class_list":["post-10485","page","type-page","status-publish","has-post-thumbnail","hentry"],"yoast_head":"<!-- This site is optimized with the Yoast SEO plugin v27.3 - https:\/\/yoast.com\/product\/yoast-seo-wordpress\/ -->\n<title>Air Taxi from Hongseong to Seoul Online Booking - Cheap Flights<\/title>\n<meta name=\"description\" content=\"Looking for cheap air taxi from Hongseong to Seoul online booking app? Compare and book cheap flights from Seoul to Hongseong\" \/>\n<meta name=\"robots\" content=\"index, follow, max-snippet:-1, max-image-preview:large, max-video-preview:-1\" \/>\n<link rel=\"canonical\" href=\"https:\/\/tiketi.com\/fr-fr\/air-taxi-from-hongseong-to-seoul-flights\/\" \/>\n<meta property=\"og:locale\" content=\"fr_FR\" \/>\n<meta property=\"og:type\" content=\"article\" \/>\n<meta property=\"og:title\" content=\"Air Taxi from Hongseong to Seoul Online Booking - Cheap Flights\" \/>\n<meta property=\"og:description\" content=\"Looking for cheap air taxi from Hongseong to Seoul online booking app? Compare and book cheap flights from Seoul to Hongseong\" \/>\n<meta property=\"og:url\" content=\"https:\/\/tiketi.com\/fr-fr\/air-taxi-from-hongseong-to-seoul-flights\/\" \/>\n<meta property=\"og:site_name\" content=\"Tiketi.com\" \/>\n<meta property=\"article:publisher\" content=\"https:\/\/www.facebook.com\/TiketiCom\/\" \/>\n<meta property=\"article:modified_time\" content=\"2022-02-04T09:33:52+00:00\" \/>\n<meta property=\"og:image\" content=\"https:\/\/tiketi.com\/wp-content\/uploads\/2022\/01\/seoul-skyline-4119805_1280.jpg\" \/>\n\t<meta property=\"og:image:width\" content=\"1200\" \/>\n\t<meta property=\"og:image:height\" content=\"204\" \/>\n\t<meta property=\"og:image:type\" content=\"image\/jpeg\" \/>\n<meta name=\"twitter:card\" content=\"summary_large_image\" \/>\n<meta name=\"twitter:label1\" content=\"Dur\u00e9e de lecture estim\u00e9e\" \/>\n\t<meta name=\"twitter:data1\" content=\"2 minutes\" \/>\n<script type=\"application\/ld+json\" class=\"yoast-schema-graph\">{\"@context\":\"https:\\\/\\\/schema.org\",\"@graph\":[{\"@type\":\"WebPage\",\"@id\":\"https:\\\/\\\/tiketi.com\\\/air-taxi-from-hongseong-to-seoul-flights\\\/\",\"url\":\"https:\\\/\\\/tiketi.com\\\/air-taxi-from-hongseong-to-seoul-flights\\\/\",\"name\":\"Air Taxi from Hongseong to Seoul Online Booking - Cheap Flights\",\"isPartOf\":{\"@id\":\"https:\\\/\\\/tiketi.com\\\/#website\"},\"primaryImageOfPage\":{\"@id\":\"https:\\\/\\\/tiketi.com\\\/air-taxi-from-hongseong-to-seoul-flights\\\/#primaryimage\"},\"image\":{\"@id\":\"https:\\\/\\\/tiketi.com\\\/air-taxi-from-hongseong-to-seoul-flights\\\/#primaryimage\"},\"thumbnailUrl\":\"https:\\\/\\\/tiketi.com\\\/wp-content\\\/uploads\\\/2022\\\/01\\\/seoul-skyline-4119805_1280.jpg\",\"datePublished\":\"2022-01-19T11:53:25+00:00\",\"dateModified\":\"2022-02-04T09:33:52+00:00\",\"description\":\"Looking for cheap air taxi from Hongseong to Seoul online booking app? Compare and book cheap flights from Seoul to Hongseong\",\"breadcrumb\":{\"@id\":\"https:\\\/\\\/tiketi.com\\\/air-taxi-from-hongseong-to-seoul-flights\\\/#breadcrumb\"},\"inLanguage\":\"fr-FR\",\"potentialAction\":[{\"@type\":\"ReadAction\",\"target\":[\"https:\\\/\\\/tiketi.com\\\/air-taxi-from-hongseong-to-seoul-flights\\\/\"]}]},{\"@type\":\"ImageObject\",\"inLanguage\":\"fr-FR\",\"@id\":\"https:\\\/\\\/tiketi.com\\\/air-taxi-from-hongseong-to-seoul-flights\\\/#primaryimage\",\"url\":\"https:\\\/\\\/tiketi.com\\\/wp-content\\\/uploads\\\/2022\\\/01\\\/seoul-skyline-4119805_1280.jpg\",\"contentUrl\":\"https:\\\/\\\/tiketi.com\\\/wp-content\\\/uploads\\\/2022\\\/01\\\/seoul-skyline-4119805_1280.jpg\",\"width\":1200,\"height\":204,\"caption\":\"Air Taxi in Seoul Booking\"},{\"@type\":\"BreadcrumbList\",\"@id\":\"https:\\\/\\\/tiketi.com\\\/air-taxi-from-hongseong-to-seoul-flights\\\/#breadcrumb\",\"itemListElement\":[{\"@type\":\"ListItem\",\"position\":1,\"name\":\"Home\",\"item\":\"https:\\\/\\\/tiketi.com\\\/\"},{\"@type\":\"ListItem\",\"position\":2,\"name\":\"Air Taxi from Hongseong to Seoul Online Booking\"}]},{\"@type\":\"WebSite\",\"@id\":\"https:\\\/\\\/tiketi.com\\\/#website\",\"url\":\"https:\\\/\\\/tiketi.com\\\/\",\"name\":\"Flight & Bus Tickets, Tour Packages & Activitites - Tiketi.com\",\"description\":\"Flight &amp; Bus Tickets, Tours, Activitites\",\"publisher\":{\"@id\":\"https:\\\/\\\/tiketi.com\\\/#organization\"},\"potentialAction\":[{\"@type\":\"SearchAction\",\"target\":{\"@type\":\"EntryPoint\",\"urlTemplate\":\"https:\\\/\\\/tiketi.com\\\/?s={search_term_string}\"},\"query-input\":{\"@type\":\"PropertyValueSpecification\",\"valueRequired\":true,\"valueName\":\"search_term_string\"}}],\"inLanguage\":\"fr-FR\"},{\"@type\":\"Organization\",\"@id\":\"https:\\\/\\\/tiketi.com\\\/#organization\",\"name\":\"Tiketi.com\",\"alternateName\":\"Tiketi\",\"url\":\"https:\\\/\\\/tiketi.com\\\/\",\"logo\":{\"@type\":\"ImageObject\",\"inLanguage\":\"fr-FR\",\"@id\":\"https:\\\/\\\/tiketi.com\\\/#\\\/schema\\\/logo\\\/image\\\/\",\"url\":\"https:\\\/\\\/tiketi.com\\\/wp-content\\\/uploads\\\/2019\\\/05\\\/tiketi-logo-696.png\",\"contentUrl\":\"https:\\\/\\\/tiketi.com\\\/wp-content\\\/uploads\\\/2019\\\/05\\\/tiketi-logo-696.png\",\"width\":696,\"height\":696,\"caption\":\"Tiketi.com\"},\"image\":{\"@id\":\"https:\\\/\\\/tiketi.com\\\/#\\\/schema\\\/logo\\\/image\\\/\"},\"sameAs\":[\"https:\\\/\\\/www.facebook.com\\\/TiketiCom\\\/\"]}]}<\/script>\n<!-- \/ Yoast SEO plugin. -->","yoast_head_json":{"title":"Taxi a\u00e9rien de Hongseong \u00e0 S\u00e9oul R\u00e9servation en ligne - Vols pas chers","description":"Vous cherchez une application de r\u00e9servation en ligne pour un taxi a\u00e9rien pas cher de Hongseong \u00e0 S\u00e9oul\u00a0? Comparez et r\u00e9servez des vols pas chers de S\u00e9oul \u00e0 Hongseong.","robots":{"index":"index","follow":"follow","max-snippet":"max-snippet:-1","max-image-preview":"max-image-preview:large","max-video-preview":"max-video-preview:-1"},"canonical":"https:\/\/tiketi.com\/fr-fr\/air-taxi-from-hongseong-to-seoul-flights\/","og_locale":"fr_FR","og_type":"article","og_title":"Air Taxi from Hongseong to Seoul Online Booking - Cheap Flights","og_description":"Looking for cheap air taxi from Hongseong to Seoul online booking app? Compare and book cheap flights from Seoul to Hongseong","og_url":"https:\/\/tiketi.com\/fr-fr\/air-taxi-from-hongseong-to-seoul-flights\/","og_site_name":"Tiketi.com","article_publisher":"https:\/\/www.facebook.com\/TiketiCom\/","article_modified_time":"2022-02-04T09:33:52+00:00","og_image":[{"width":1200,"height":204,"url":"https:\/\/tiketi.com\/wp-content\/uploads\/2022\/01\/seoul-skyline-4119805_1280.jpg","type":"image\/jpeg"}],"twitter_card":"summary_large_image","twitter_misc":{"Dur\u00e9e de lecture estim\u00e9e":"2 minutes"},"schema":{"@context":"https:\/\/schema.org","@graph":[{"@type":"WebPage","@id":"https:\/\/tiketi.com\/air-taxi-from-hongseong-to-seoul-flights\/","url":"https:\/\/tiketi.com\/air-taxi-from-hongseong-to-seoul-flights\/","name":"Taxi a\u00e9rien de Hongseong \u00e0 S\u00e9oul R\u00e9servation en ligne - Vols pas chers","isPartOf":{"@id":"https:\/\/tiketi.com\/#website"},"primaryImageOfPage":{"@id":"https:\/\/tiketi.com\/air-taxi-from-hongseong-to-seoul-flights\/#primaryimage"},"image":{"@id":"https:\/\/tiketi.com\/air-taxi-from-hongseong-to-seoul-flights\/#primaryimage"},"thumbnailUrl":"https:\/\/tiketi.com\/wp-content\/uploads\/2022\/01\/seoul-skyline-4119805_1280.jpg","datePublished":"2022-01-19T11:53:25+00:00","dateModified":"2022-02-04T09:33:52+00:00","description":"Vous cherchez une application de r\u00e9servation en ligne pour un taxi a\u00e9rien pas cher de Hongseong \u00e0 S\u00e9oul\u00a0? Comparez et r\u00e9servez des vols pas chers de S\u00e9oul \u00e0 Hongseong.","breadcrumb":{"@id":"https:\/\/tiketi.com\/air-taxi-from-hongseong-to-seoul-flights\/#breadcrumb"},"inLanguage":"fr-FR","potentialAction":[{"@type":"ReadAction","target":["https:\/\/tiketi.com\/air-taxi-from-hongseong-to-seoul-flights\/"]}]},{"@type":"ImageObject","inLanguage":"fr-FR","@id":"https:\/\/tiketi.com\/air-taxi-from-hongseong-to-seoul-flights\/#primaryimage","url":"https:\/\/tiketi.com\/wp-content\/uploads\/2022\/01\/seoul-skyline-4119805_1280.jpg","contentUrl":"https:\/\/tiketi.com\/wp-content\/uploads\/2022\/01\/seoul-skyline-4119805_1280.jpg","width":1200,"height":204,"caption":"Air Taxi in Seoul Booking"},{"@type":"BreadcrumbList","@id":"https:\/\/tiketi.com\/air-taxi-from-hongseong-to-seoul-flights\/#breadcrumb","itemListElement":[{"@type":"ListItem","position":1,"name":"Home","item":"https:\/\/tiketi.com\/"},{"@type":"ListItem","position":2,"name":"Air Taxi from Hongseong to Seoul Online Booking"}]},{"@type":"WebSite","@id":"https:\/\/tiketi.com\/#website","url":"https:\/\/tiketi.com\/","name":"Billets d&#039;avion et de bus, forfaits touristiques et activit\u00e9s - Tiketi.com","description":"Billets d&#039;avion et de bus, Tours, Activit\u00e9s","publisher":{"@id":"https:\/\/tiketi.com\/#organization"},"potentialAction":[{"@type":"SearchAction","target":{"@type":"EntryPoint","urlTemplate":"https:\/\/tiketi.com\/?s={search_term_string}"},"query-input":{"@type":"PropertyValueSpecification","valueRequired":true,"valueName":"search_term_string"}}],"inLanguage":"fr-FR"},{"@type":"Organization","@id":"https:\/\/tiketi.com\/#organization","name":"Tiketi.com","alternateName":"Tiketi","url":"https:\/\/tiketi.com\/","logo":{"@type":"ImageObject","inLanguage":"fr-FR","@id":"https:\/\/tiketi.com\/#\/schema\/logo\/image\/","url":"https:\/\/tiketi.com\/wp-content\/uploads\/2019\/05\/tiketi-logo-696.png","contentUrl":"https:\/\/tiketi.com\/wp-content\/uploads\/2019\/05\/tiketi-logo-696.png","width":696,"height":696,"caption":"Tiketi.com"},"image":{"@id":"https:\/\/tiketi.com\/#\/schema\/logo\/image\/"},"sameAs":["https:\/\/www.facebook.com\/TiketiCom\/"]}]}},"_links":{"self":[{"href":"https:\/\/tiketi.com\/fr-fr\/wp-json\/wp\/v2\/pages\/10485","targetHints":{"allow":["GET"]}}],"collection":[{"href":"https:\/\/tiketi.com\/fr-fr\/wp-json\/wp\/v2\/pages"}],"about":[{"href":"https:\/\/tiketi.com\/fr-fr\/wp-json\/wp\/v2\/types\/page"}],"author":[{"embeddable":true,"href":"https:\/\/tiketi.com\/fr-fr\/wp-json\/wp\/v2\/users\/1"}],"replies":[{"embeddable":true,"href":"https:\/\/tiketi.com\/fr-fr\/wp-json\/wp\/v2\/comments?post=10485"}],"version-history":[{"count":0,"href":"https:\/\/tiketi.com\/fr-fr\/wp-json\/wp\/v2\/pages\/10485\/revisions"}],"wp:featuredmedia":[{"embeddable":true,"href":"https:\/\/tiketi.com\/fr-fr\/wp-json\/wp\/v2\/media\/14286"}],"wp:attachment":[{"href":"https:\/\/tiketi.com\/fr-fr\/wp-json\/wp\/v2\/media?parent=10485"}],"curies":[{"name":"wp","href":"https:\/\/api.w.org\/{rel}","templated":true}]}}