{"id":10486,"date":"2022-01-19T12:53:25","date_gmt":"2022-01-19T11:53:25","guid":{"rendered":"https:\/\/new.tiketi.com\/cheap-flights-air-taxi-from-suwon-to-seoul\/"},"modified":"2022-02-05T11:39:18","modified_gmt":"2022-02-05T10:39:18","slug":"air-taxi-from-suwon-to-seoul-flights","status":"publish","type":"page","link":"https:\/\/tiketi.com\/fr-fr\/air-taxi-from-suwon-to-seoul-flights\/","title":{"rendered":"Taxi a\u00e9rien de Suwon \u00e0 S\u00e9oul R\u00e9servation en ligne"},"content":{"rendered":"<h2>Vous recherchez des vols \u00e0 bas prix au S\u00e9oul vers Suwon?<\/h2>\n<h3>Recherchez, comparez et r\u00e9servez d\u00e8s maintenant des billets d&#039;avion pas chers de Suwon \u00e0 S\u00e9oul (ICN).<\/h3>\n<p>La r\u00e9servation en ligne d&#039;un taxi a\u00e9rien de Suwon \u00e0 S\u00e9oul sera bient\u00f4t possible. L&#039;application Tiketi.com vous permet de rechercher, comparer et r\u00e9server en ligne des vols pas chers de S\u00e9oul \u00e0 Suwon. S\u00e9oul est une ville \u00e9tonnante et dynamique, qui allie habilement une histoire tr\u00e8s ancienne \u00e0 une technologie et un design ultramodernes. La ville regorge d&#039;un large \u00e9ventail d&#039;attractions touristiques de tous types, depuis les aventures en plein air comme l&#039;exploration du mont Namsan et son parc environnant jusqu&#039;aux divertissements en int\u00e9rieur comme la visite de l&#039;un des nombreux mus\u00e9es de S\u00e9oul. S\u00e9oul est une ville de palais, avec 5 grands complexes de palais r\u00e9partis dans toute la ville et maintenant restaur\u00e9s \u00e0 leur gloire d&#039;antan. Sans aucun doute, il est \u00e9galement c\u00e9l\u00e8bre pour sa gastronomie, avec une gamme all\u00e9chante de plats de rue, des sp\u00e9cialit\u00e9s cor\u00e9ennes comme le barbecue et des options de restauration parfaites. Trouvez et comparez les billets d&#039;avion de Suwon \u00e0 S\u00e9oul (ICN) et r\u00e9servez d\u00e8s maintenant en ligne des offres int\u00e9ressantes sur les taxis a\u00e9riens bon march\u00e9 de S\u00e9oul \u00e0 Suwon.<\/p>\n<h2>R\u00e9servation en ligne de taxi a\u00e9rien pas cher de Suwon \u00e0 S\u00e9oul FAQ<\/h2>\n<h3>Quelle est la distance entre Suwon et S\u00e9oul ?<\/h3>\n<p>La distance du taxi drone entre Suwon et S\u00e9oul est de 31,00 km.<\/p>\n<h3>Que sont les taxis volants \u00e9lectriques eVLTO de Suwon \u00e0 S\u00e9oul ?<\/h3>\n<p><!--{cke_protected}{C}%3C!%2D%2D%20%2Fwp%3Aheading%20%2D%2D%3E--><!--{cke_protected}{C}%3C!%2D%2D%20wp%3Aparagraph%20%2D%2D%3E-->Les taxis volants \u00e9lectriques reliant Suwon \u00e0 S\u00e9oul, appel\u00e9s eVTOL (d\u00e9collage et atterrissage verticaux \u00e9lectriques), sont con\u00e7us pour transporter des personnes dans l&#039;atmosph\u00e8re urbaine et urbaine.<\/p>\n<h3>Les taxis a\u00e9riens \u00e9lectriques de Suwon \u00e0 S\u00e9oul sont des transports publics \u00e0 grande vitesse<\/h3>\n<p><!--{cke_protected}{C}%3C!%2D%2D%20%2Fwp%3Aheading%20%2D%2D%3E--><!--{cke_protected}{C}%3C!%2D%2D%20wp%3Aparagraph%20%2D%2D%3E-->Le meilleur avantage des taxis a\u00e9riens par drones de Suwon \u00e0 S\u00e9oul est sa vitesse \u00e9lev\u00e9e. C&#039;est le mode de transport le plus rapide et donc le moyen le plus parfait l\u00e0 o\u00f9 le temps est un facteur essentiel.<\/p>\n<h3>Le taxi volant par drone de Suwon \u00e0 S\u00e9oul a de tr\u00e8s faibles \u00e9missions de carbone<\/h3>\n<p>Les producteurs de drones-taxi de Suwon \u00e0 S\u00e9oul utilisent l&#039;\u00e9lectricit\u00e9 pour alimenter leurs v\u00e9hicules. Ainsi, les taxis drones n\u2019\u00e9mettent pas de gaz \u00e0 effet de serre. Par cons\u00e9quent, ces taxis peuvent contribuer \u00e0 r\u00e9duire l\u2019impact du changement climatique. Alors r\u00e9servez d\u00e8s maintenant votre taxi avec l&#039;aide d&#039;un taxi drone de Suwon \u00e0 S\u00e9oul.<\/p>\n<h2>Conseils pour les vols pas chers de S\u00e9oul \u00e0 Suwon<\/h2>\n<p>Les vols pas chers par drone de S\u00e9oul \u00e0 Suwon offriront le plus de vols sans escale entre S\u00e9oul et Suwon.<\/p>","protected":false},"excerpt":{"rendered":"<p>Looking for cheap flights from Seoul to Suwon? Search, compare and book cheap flight tickets from Suwon to Seoul (ICN) online now. Air taxi from Suwon to Seoul online booking will be possible soon. The Tiketi.com app helps you search, compare and book cheap flights from Seoul to Suwon online.\u00a0Seoul\u00a0is an amazing and vibrant city, [&hellip;]<\/p>\n","protected":false},"author":1,"featured_media":14286,"parent":0,"menu_order":0,"comment_status":"open","ping_status":"closed","template":"template-home-modern.php","meta":{"footnotes":""},"class_list":["post-10486","page","type-page","status-publish","has-post-thumbnail","hentry"],"yoast_head":"<!-- This site is optimized with the Yoast SEO plugin v27.3 - https:\/\/yoast.com\/product\/yoast-seo-wordpress\/ -->\n<title>Air Taxi from Suwon to Seoul Online Booking - Cheap Flights<\/title>\n<meta name=\"description\" content=\"Looking for cheap air taxi from Suwon to Seoul online booking app? Compare and book cheap flights from Seoul to Suwon\" \/>\n<meta name=\"robots\" content=\"index, follow, max-snippet:-1, max-image-preview:large, max-video-preview:-1\" \/>\n<link rel=\"canonical\" href=\"https:\/\/tiketi.com\/fr-fr\/air-taxi-from-suwon-to-seoul-flights\/\" \/>\n<meta property=\"og:locale\" content=\"fr_FR\" \/>\n<meta property=\"og:type\" content=\"article\" \/>\n<meta property=\"og:title\" content=\"Air Taxi from Suwon to Seoul Online Booking - Cheap Flights\" \/>\n<meta property=\"og:description\" content=\"Looking for cheap air taxi from Suwon to Seoul online booking app? Compare and book cheap flights from Seoul to Suwon\" \/>\n<meta property=\"og:url\" content=\"https:\/\/tiketi.com\/fr-fr\/air-taxi-from-suwon-to-seoul-flights\/\" \/>\n<meta property=\"og:site_name\" content=\"Tiketi.com\" \/>\n<meta property=\"article:publisher\" content=\"https:\/\/www.facebook.com\/TiketiCom\/\" \/>\n<meta property=\"article:modified_time\" content=\"2022-02-05T10:39:18+00:00\" \/>\n<meta property=\"og:image\" content=\"https:\/\/tiketi.com\/wp-content\/uploads\/2022\/01\/seoul-skyline-4119805_1280.jpg\" \/>\n\t<meta property=\"og:image:width\" content=\"1200\" \/>\n\t<meta property=\"og:image:height\" content=\"204\" \/>\n\t<meta property=\"og:image:type\" content=\"image\/jpeg\" \/>\n<meta name=\"twitter:card\" content=\"summary_large_image\" \/>\n<meta name=\"twitter:label1\" content=\"Dur\u00e9e de lecture estim\u00e9e\" \/>\n\t<meta name=\"twitter:data1\" content=\"2 minutes\" \/>\n<script type=\"application\/ld+json\" class=\"yoast-schema-graph\">{\"@context\":\"https:\\\/\\\/schema.org\",\"@graph\":[{\"@type\":\"WebPage\",\"@id\":\"https:\\\/\\\/tiketi.com\\\/air-taxi-from-suwon-to-seoul-flights\\\/\",\"url\":\"https:\\\/\\\/tiketi.com\\\/air-taxi-from-suwon-to-seoul-flights\\\/\",\"name\":\"Air Taxi from Suwon to Seoul Online Booking - Cheap Flights\",\"isPartOf\":{\"@id\":\"https:\\\/\\\/tiketi.com\\\/#website\"},\"primaryImageOfPage\":{\"@id\":\"https:\\\/\\\/tiketi.com\\\/air-taxi-from-suwon-to-seoul-flights\\\/#primaryimage\"},\"image\":{\"@id\":\"https:\\\/\\\/tiketi.com\\\/air-taxi-from-suwon-to-seoul-flights\\\/#primaryimage\"},\"thumbnailUrl\":\"https:\\\/\\\/tiketi.com\\\/wp-content\\\/uploads\\\/2022\\\/01\\\/seoul-skyline-4119805_1280.jpg\",\"datePublished\":\"2022-01-19T11:53:25+00:00\",\"dateModified\":\"2022-02-05T10:39:18+00:00\",\"description\":\"Looking for cheap air taxi from Suwon to Seoul online booking app? Compare and book cheap flights from Seoul to Suwon\",\"breadcrumb\":{\"@id\":\"https:\\\/\\\/tiketi.com\\\/air-taxi-from-suwon-to-seoul-flights\\\/#breadcrumb\"},\"inLanguage\":\"fr-FR\",\"potentialAction\":[{\"@type\":\"ReadAction\",\"target\":[\"https:\\\/\\\/tiketi.com\\\/air-taxi-from-suwon-to-seoul-flights\\\/\"]}]},{\"@type\":\"ImageObject\",\"inLanguage\":\"fr-FR\",\"@id\":\"https:\\\/\\\/tiketi.com\\\/air-taxi-from-suwon-to-seoul-flights\\\/#primaryimage\",\"url\":\"https:\\\/\\\/tiketi.com\\\/wp-content\\\/uploads\\\/2022\\\/01\\\/seoul-skyline-4119805_1280.jpg\",\"contentUrl\":\"https:\\\/\\\/tiketi.com\\\/wp-content\\\/uploads\\\/2022\\\/01\\\/seoul-skyline-4119805_1280.jpg\",\"width\":1200,\"height\":204,\"caption\":\"Air Taxi in Seoul Booking\"},{\"@type\":\"BreadcrumbList\",\"@id\":\"https:\\\/\\\/tiketi.com\\\/air-taxi-from-suwon-to-seoul-flights\\\/#breadcrumb\",\"itemListElement\":[{\"@type\":\"ListItem\",\"position\":1,\"name\":\"Home\",\"item\":\"https:\\\/\\\/tiketi.com\\\/\"},{\"@type\":\"ListItem\",\"position\":2,\"name\":\"Air Taxi from Suwon to Seoul Online Booking\"}]},{\"@type\":\"WebSite\",\"@id\":\"https:\\\/\\\/tiketi.com\\\/#website\",\"url\":\"https:\\\/\\\/tiketi.com\\\/\",\"name\":\"Flight & Bus Tickets, Tour Packages & Activitites - Tiketi.com\",\"description\":\"Flight &amp; Bus Tickets, Tours, Activitites\",\"publisher\":{\"@id\":\"https:\\\/\\\/tiketi.com\\\/#organization\"},\"potentialAction\":[{\"@type\":\"SearchAction\",\"target\":{\"@type\":\"EntryPoint\",\"urlTemplate\":\"https:\\\/\\\/tiketi.com\\\/?s={search_term_string}\"},\"query-input\":{\"@type\":\"PropertyValueSpecification\",\"valueRequired\":true,\"valueName\":\"search_term_string\"}}],\"inLanguage\":\"fr-FR\"},{\"@type\":\"Organization\",\"@id\":\"https:\\\/\\\/tiketi.com\\\/#organization\",\"name\":\"Tiketi.com\",\"alternateName\":\"Tiketi\",\"url\":\"https:\\\/\\\/tiketi.com\\\/\",\"logo\":{\"@type\":\"ImageObject\",\"inLanguage\":\"fr-FR\",\"@id\":\"https:\\\/\\\/tiketi.com\\\/#\\\/schema\\\/logo\\\/image\\\/\",\"url\":\"https:\\\/\\\/tiketi.com\\\/wp-content\\\/uploads\\\/2019\\\/05\\\/tiketi-logo-696.png\",\"contentUrl\":\"https:\\\/\\\/tiketi.com\\\/wp-content\\\/uploads\\\/2019\\\/05\\\/tiketi-logo-696.png\",\"width\":696,\"height\":696,\"caption\":\"Tiketi.com\"},\"image\":{\"@id\":\"https:\\\/\\\/tiketi.com\\\/#\\\/schema\\\/logo\\\/image\\\/\"},\"sameAs\":[\"https:\\\/\\\/www.facebook.com\\\/TiketiCom\\\/\"]}]}<\/script>\n<!-- \/ Yoast SEO plugin. -->","yoast_head_json":{"title":"Taxi a\u00e9rien de Suwon \u00e0 S\u00e9oul R\u00e9servation en ligne - Vols pas chers","description":"Vous recherchez une application de r\u00e9servation en ligne de taxi a\u00e9rien pas cher de Suwon \u00e0 S\u00e9oul ? Comparez et r\u00e9servez des vols pas chers de S\u00e9oul \u00e0 Suwon","robots":{"index":"index","follow":"follow","max-snippet":"max-snippet:-1","max-image-preview":"max-image-preview:large","max-video-preview":"max-video-preview:-1"},"canonical":"https:\/\/tiketi.com\/fr-fr\/air-taxi-from-suwon-to-seoul-flights\/","og_locale":"fr_FR","og_type":"article","og_title":"Air Taxi from Suwon to Seoul Online Booking - Cheap Flights","og_description":"Looking for cheap air taxi from Suwon to Seoul online booking app? Compare and book cheap flights from Seoul to Suwon","og_url":"https:\/\/tiketi.com\/fr-fr\/air-taxi-from-suwon-to-seoul-flights\/","og_site_name":"Tiketi.com","article_publisher":"https:\/\/www.facebook.com\/TiketiCom\/","article_modified_time":"2022-02-05T10:39:18+00:00","og_image":[{"width":1200,"height":204,"url":"https:\/\/tiketi.com\/wp-content\/uploads\/2022\/01\/seoul-skyline-4119805_1280.jpg","type":"image\/jpeg"}],"twitter_card":"summary_large_image","twitter_misc":{"Dur\u00e9e de lecture estim\u00e9e":"2 minutes"},"schema":{"@context":"https:\/\/schema.org","@graph":[{"@type":"WebPage","@id":"https:\/\/tiketi.com\/air-taxi-from-suwon-to-seoul-flights\/","url":"https:\/\/tiketi.com\/air-taxi-from-suwon-to-seoul-flights\/","name":"Taxi a\u00e9rien de Suwon \u00e0 S\u00e9oul R\u00e9servation en ligne - Vols pas chers","isPartOf":{"@id":"https:\/\/tiketi.com\/#website"},"primaryImageOfPage":{"@id":"https:\/\/tiketi.com\/air-taxi-from-suwon-to-seoul-flights\/#primaryimage"},"image":{"@id":"https:\/\/tiketi.com\/air-taxi-from-suwon-to-seoul-flights\/#primaryimage"},"thumbnailUrl":"https:\/\/tiketi.com\/wp-content\/uploads\/2022\/01\/seoul-skyline-4119805_1280.jpg","datePublished":"2022-01-19T11:53:25+00:00","dateModified":"2022-02-05T10:39:18+00:00","description":"Vous recherchez une application de r\u00e9servation en ligne de taxi a\u00e9rien pas cher de Suwon \u00e0 S\u00e9oul ? Comparez et r\u00e9servez des vols pas chers de S\u00e9oul \u00e0 Suwon","breadcrumb":{"@id":"https:\/\/tiketi.com\/air-taxi-from-suwon-to-seoul-flights\/#breadcrumb"},"inLanguage":"fr-FR","potentialAction":[{"@type":"ReadAction","target":["https:\/\/tiketi.com\/air-taxi-from-suwon-to-seoul-flights\/"]}]},{"@type":"ImageObject","inLanguage":"fr-FR","@id":"https:\/\/tiketi.com\/air-taxi-from-suwon-to-seoul-flights\/#primaryimage","url":"https:\/\/tiketi.com\/wp-content\/uploads\/2022\/01\/seoul-skyline-4119805_1280.jpg","contentUrl":"https:\/\/tiketi.com\/wp-content\/uploads\/2022\/01\/seoul-skyline-4119805_1280.jpg","width":1200,"height":204,"caption":"Air Taxi in Seoul Booking"},{"@type":"BreadcrumbList","@id":"https:\/\/tiketi.com\/air-taxi-from-suwon-to-seoul-flights\/#breadcrumb","itemListElement":[{"@type":"ListItem","position":1,"name":"Home","item":"https:\/\/tiketi.com\/"},{"@type":"ListItem","position":2,"name":"Air Taxi from Suwon to Seoul Online Booking"}]},{"@type":"WebSite","@id":"https:\/\/tiketi.com\/#website","url":"https:\/\/tiketi.com\/","name":"Billets d&#039;avion et de bus, forfaits touristiques et activit\u00e9s - Tiketi.com","description":"Billets d&#039;avion et de bus, Tours, Activit\u00e9s","publisher":{"@id":"https:\/\/tiketi.com\/#organization"},"potentialAction":[{"@type":"SearchAction","target":{"@type":"EntryPoint","urlTemplate":"https:\/\/tiketi.com\/?s={search_term_string}"},"query-input":{"@type":"PropertyValueSpecification","valueRequired":true,"valueName":"search_term_string"}}],"inLanguage":"fr-FR"},{"@type":"Organization","@id":"https:\/\/tiketi.com\/#organization","name":"Tiketi.com","alternateName":"Tiketi","url":"https:\/\/tiketi.com\/","logo":{"@type":"ImageObject","inLanguage":"fr-FR","@id":"https:\/\/tiketi.com\/#\/schema\/logo\/image\/","url":"https:\/\/tiketi.com\/wp-content\/uploads\/2019\/05\/tiketi-logo-696.png","contentUrl":"https:\/\/tiketi.com\/wp-content\/uploads\/2019\/05\/tiketi-logo-696.png","width":696,"height":696,"caption":"Tiketi.com"},"image":{"@id":"https:\/\/tiketi.com\/#\/schema\/logo\/image\/"},"sameAs":["https:\/\/www.facebook.com\/TiketiCom\/"]}]}},"_links":{"self":[{"href":"https:\/\/tiketi.com\/fr-fr\/wp-json\/wp\/v2\/pages\/10486","targetHints":{"allow":["GET"]}}],"collection":[{"href":"https:\/\/tiketi.com\/fr-fr\/wp-json\/wp\/v2\/pages"}],"about":[{"href":"https:\/\/tiketi.com\/fr-fr\/wp-json\/wp\/v2\/types\/page"}],"author":[{"embeddable":true,"href":"https:\/\/tiketi.com\/fr-fr\/wp-json\/wp\/v2\/users\/1"}],"replies":[{"embeddable":true,"href":"https:\/\/tiketi.com\/fr-fr\/wp-json\/wp\/v2\/comments?post=10486"}],"version-history":[{"count":0,"href":"https:\/\/tiketi.com\/fr-fr\/wp-json\/wp\/v2\/pages\/10486\/revisions"}],"wp:featuredmedia":[{"embeddable":true,"href":"https:\/\/tiketi.com\/fr-fr\/wp-json\/wp\/v2\/media\/14286"}],"wp:attachment":[{"href":"https:\/\/tiketi.com\/fr-fr\/wp-json\/wp\/v2\/media?parent=10486"}],"curies":[{"name":"wp","href":"https:\/\/api.w.org\/{rel}","templated":true}]}}