{"id":10490,"date":"2022-01-19T12:53:26","date_gmt":"2022-01-19T11:53:26","guid":{"rendered":"https:\/\/new.tiketi.com\/cheap-flights-air-taxi-from-jiangmen-to-guangzhou\/"},"modified":"2022-02-04T11:55:12","modified_gmt":"2022-02-04T10:55:12","slug":"air-taxi-from-jiangmen-to-guangzhou","status":"publish","type":"page","link":"https:\/\/tiketi.com\/fr-fr\/air-taxi-from-jiangmen-to-guangzhou\/","title":{"rendered":"Taxi a\u00e9rien de Jiangmen \u00e0 Guangzhou R\u00e9servation en ligne"},"content":{"rendered":"<h2>Vous recherchez des vols pas chers de Jiangmen \u00e0 Guangzhou ?<\/h2>\n<h3>Recherchez, comparez et r\u00e9servez des billets d&#039;avion pas chers de Jiangmen \u00e0 Guangzhou (CAN) en ligne d\u00e8s maintenant.<\/h3>\n<p>La r\u00e9servation en ligne de vols en taxi a\u00e9rien de Jiangmen \u00e0 Guangzhou sera bient\u00f4t possible. L&#039;application Tiketi.com vous permet de rechercher, comparer et r\u00e9server des vols pas chers de Jiangmen \u00e0 Guangzhou en ligne. Guangzhou, dans le sud de la Chine, est une grande m\u00e9tropole alliant modernit\u00e9 et tradition, offrant des attractions et des sites pour tous les go\u00fbts, que vous soyez passionn\u00e9 d&#039;histoire ou en qu\u00eate d&#039;un lieu de vacances id\u00e9al en famille. Voici les incontournables de la Cit\u00e9 des Cinq B\u00e9liers. Guangzhou est donc une destination id\u00e9ale pour tous les types de visiteurs. Trouvez et comparez vos billets d&#039;avion de Jiangmen \u00e0 Guangzhou (CAN) et r\u00e9servez d\u00e8s maintenant des offres exceptionnelles sur des vols en taxi a\u00e9rien pas chers. Voici quelques-unes des meilleures attractions de Guangzhou\u00a0:<\/p>\n<h3>Station touristique de Chimelong<\/h3>\n<p>Pour une journ\u00e9e compl\u00e8te ou m\u00eame une semaine de plaisir, la station touristique de Chimelong a tout pour plaire : cirque international, parc d&#039;attractions, parc ornithologique, parc safari et parc aquatique. Si cela ne suffit pas, la ville voisine de Zhuhai poss\u00e8de \u00e9galement un aquarium Ocean Kingdom. Pendant les vacances et les week-ends, il peut y avoir beaucoup de monde - essayez plut\u00f4t de visiter un jour de semaine.<\/p>\n<h3>Place Huacheng<\/h3>\n<p>Pour une nouvelle vue de Guangzhou, un endroit incontournable de la ville est la place Huacheng. Plusieurs nouveaux monuments entourent la place, une nouvelle biblioth\u00e8que, le mus\u00e9e du Guangdong, la tour de Canton et le centre financier international juste de l&#039;autre c\u00f4t\u00e9 de la rivi\u00e8re. Pour une vue nocturne magnifique, il est pr\u00e9f\u00e9rable de la visiter apr\u00e8s le coucher du soleil pour pouvoir admirer les lumi\u00e8res color\u00e9es.<\/p>\n<h3>\u00cele de Shamian<\/h3>\n<p>S\u00e9par\u00e9e du continent par un petit canal, l&#039;\u00eele de Shamian \u00e9tait autrefois un port vital pour le commerce ext\u00e9rieur des dynasties Song \u00e0 Qing. En raison de son histoire, c&#039;est comme une petite ville occidentale au centre de la Chine, id\u00e9ale pour une promenade d&#039;une heure ou deux.<\/p>\n<h3>Tour des cantons<\/h3>\n<p>Point de rep\u00e8re de Guangzhou, la tour de Canton s&#039;\u00e9l\u00e8ve jusqu&#039;\u00e0 pr\u00e8s de six cents m\u00e8tres et illumine le paysage de lumi\u00e8res color\u00e9es le soir. C&#039;\u00e9tait bri\u00e8vement la plus haute tour de la plan\u00e8te et comprend des restaurants, des caf\u00e9s, des man\u00e8ges et des ponts d&#039;observation pour les accros \u00e0 l&#039;adr\u00e9naline.<\/p>\n<h3>Acad\u00e9mie Chan Clan<\/h3>\n<p>Construite en 1894, l&#039;Acad\u00e9mie du clan Chen a en fait \u00e9t\u00e9 construite par la famille Chen comme salle d&#039;\u00e9tude pour que les jeunes hommes se pr\u00e9parent \u00e0 des examens majestueux. Aujourd&#039;hui, il abrite le mus\u00e9e des arts folkloriques du Guangdong. La salle ancestrale se compose de dix-neuf b\u00e2timents et de diff\u00e9rentes expositions, pr\u00e9voyez donc une visite d&#039;au moins 1 heure.<\/p>\n<h2>FAQ sur la r\u00e9servation en ligne de taxis a\u00e9riens pas chers de Jiangmen \u00e0 Guangzhou<\/h2>\n<h3>Quel est le meilleur moment pour visiter Guangzhou ?<\/h3>\n<p>\u00c9tant une zone subtropicale, le climat de Guangzhou est fortement influenc\u00e9 par la mousson. Les saisons les plus propices aux visiteurs \u00e9tant l&#039;hiver et l&#039;automne, la p\u00e9riode s&#039;\u00e9tend de septembre \u00e0 mars. Pendant cette p\u00e9riode, le temps reste g\u00e9n\u00e9ralement sec avec une temp\u00e9rature moyenne de 16\u00b0C de d\u00e9cembre \u00e0 mars. Novembre et octobre sont les plus ensoleill\u00e9s et le nombre moyen d&#039;heures d&#039;ensoleillement peut atteindre 183 heures par mois. C&#039;est le meilleur moment pour faire du tourisme et du trekking, d&#039;o\u00f9 la haute saison.<\/p>\n<h3>Quel est le meilleur moment pour r\u00e9server en ligne un taxi drone de Jiangmen \u00e0 Guangzhou ?<\/h3>\n<p>R\u00e9server \u00e0 l&#039;avance est le meilleur moment pour trouver des vols pas chers de Jiangmen \u00e0 Guangzhou. En r\u00e8gle g\u00e9n\u00e9rale, plus vous r\u00e9servez t\u00f4t, plus votre vol Guangzhou sera cher.<\/p>\n<h3>Quelle est la distance entre Jiangmen et Guangzhou ?<\/h3>\n<p>La distance du vol en taxi drone de Jiangmen \u00e0 Guangzhou est de 105 kilom\u00e8tres (65 miles).<\/p>\n<h3>Que sont les taxis volants \u00e9lectriques eVLTO de Jiangmen \u00e0 Guangzhou ?<\/h3>\n<p><!--{cke_protected}{C}%3C!%2D%2D%20%2Fwp%3Aheading%20%2D%2D%3E--><!--{cke_protected}{C}%3C!%2D%2D%20wp%3Aparagraph%20%2D%2D%3E-->Les taxis volants \u00e9lectriques de Jiangmen \u00e0 Guangzhou, appel\u00e9s eVTOL (d\u00e9collage et atterrissage verticaux \u00e9lectriques), sont con\u00e7us pour transporter des personnes dans l&#039;atmosph\u00e8re urbaine et urbaine.<\/p>\n<h3>Les taxis a\u00e9riens \u00e9lectriques de Jiangmen \u00e0 Guangzhou sont des transports publics \u00e0 grande vitesse<\/h3>\n<p><!--{cke_protected}{C}%3C!%2D%2D%20%2Fwp%3Aheading%20%2D%2D%3E--><!--{cke_protected}{C}%3C!%2D%2D%20wp%3Aparagraph%20%2D%2D%3E-->Le principal avantage des taxis a\u00e9riens par drone de Jiangmen \u00e0 Guangzhou r\u00e9side dans leur grande rapidit\u00e9. C&#039;est le mode de transport le plus rapide et donc le moyen id\u00e9al lorsque le temps est un facteur crucial.<\/p>\n<h3>Le drone volant en taxi de Jiangmen \u00e0 Guangzhou a de tr\u00e8s faibles \u00e9missions de carbone<\/h3>\n<p>Les drones-taxis de Jiangmen \u00e0 Guangzhou utilisent l&#039;\u00e9lectricit\u00e9 pour alimenter leurs v\u00e9hicules. Ils n&#039;\u00e9mettent donc pas de gaz \u00e0 effet de serre et contribuent ainsi \u00e0 la r\u00e9duction de l&#039;impact du changement climatique. R\u00e9servez d\u00e8s maintenant votre taxi a\u00e9rien de Jiangmen \u00e0 Guangzhou.<\/p>\n<h3>Quel est le principal a\u00e9roport international de Ghangzhou ?<\/h3>\n<p>L&#039;a\u00e9roport international de Guangzhou Baiyun est le 3\u00e8me a\u00e9roport le plus fr\u00e9quent\u00e9 de Chine et l&#039;a\u00e9roport de d\u00e9part pour les vols bon march\u00e9 vers Guangzhou. Il se trouve \u00e0 trente minutes en voiture du centre-ville depuis cet a\u00e9roport qui est id\u00e9alement situ\u00e9 \u00e0 une distance de 32 kilom\u00e8tres du centre de Guangzhou. Les compagnies a\u00e9riennes internationales utilisent actuellement le terminal 1 de l&#039;a\u00e9roport qui est en outre divis\u00e9 en 3 secteurs : le terminal principal et 2 halls d\u00e9sign\u00e9s comme zone B et zone A. Les passagers s&#039;enregistrent dans le terminal principal o\u00f9 ils attendent et se divertissent dans les boutiques de souvenirs et les restaurants. . Des points de vente de marques c\u00e9l\u00e8bres ont \u00e9t\u00e9 introduits \u00e0 l&#039;a\u00e9roport pour plus de commodit\u00e9 d&#039;une entreprise diversifi\u00e9e.<\/p>\n<h2>Conseils pour r\u00e9server un vol pas cher de Jiangmen \u00e0 Guangzhou<\/h2>\n<h3>Se d\u00e9placer \u00e0 Canton<\/h3>\n<p>La fa\u00e7on la plus c\u00e9l\u00e8bre de voir la ville est de marcher. Il y a m\u00eame une route r\u00e9serv\u00e9e aux visiteurs, Zhongshan 6 Road, qui vous emm\u00e8nera dans la plupart des grandes attractions touristiques de Guangzhou. Il existe \u00e9galement des services de bus publics r\u00e9guliers et des bus touristiques dont vous pouvez profiter. Pour plus de facilit\u00e9, les visiteurs peuvent \u00e9galement prendre le m\u00e9tro, m\u00eame si pendant les mois chauds et humides, la marche peut \u00eatre plus agr\u00e9able.<\/p>","protected":false},"excerpt":{"rendered":"<p>Looking for cheap flights from Jiangmen to Guangzhou? Search, compare and book cheap flight tickets from Jiangmen to Guangzhou (CAN) online now. Air taxi from Jiangmen to Guangzhou online booking will be possible soon. The Tiketi.com app helps you search, compare and book cheap flights from Jiangmen to Guangzhou online.\u00a0Guangzhou in Southern China is a [&hellip;]<\/p>\n","protected":false},"author":1,"featured_media":16735,"parent":0,"menu_order":0,"comment_status":"open","ping_status":"closed","template":"template-home-modern.php","meta":{"footnotes":""},"class_list":["post-10490","page","type-page","status-publish","has-post-thumbnail","hentry"],"yoast_head":"<!-- This site is optimized with the Yoast SEO plugin v27.3 - https:\/\/yoast.com\/product\/yoast-seo-wordpress\/ -->\n<title>Air Taxi from Jiangmen to Guangzhou Online Booking - Cheap Flights<\/title>\n<meta name=\"description\" content=\"Looking for cheap air taxi from Jiangmen to Guangzhou online booking? Compare and book cheap flights from Jiangmen to Guangzhou online\" \/>\n<meta name=\"robots\" content=\"index, follow, max-snippet:-1, max-image-preview:large, max-video-preview:-1\" \/>\n<link rel=\"canonical\" href=\"https:\/\/tiketi.com\/fr-fr\/air-taxi-from-jiangmen-to-guangzhou\/\" \/>\n<meta property=\"og:locale\" content=\"fr_FR\" \/>\n<meta property=\"og:type\" content=\"article\" \/>\n<meta property=\"og:title\" content=\"Air Taxi from Jiangmen to Guangzhou Online Booking - Cheap Flights\" \/>\n<meta property=\"og:description\" content=\"Looking for cheap air taxi from Jiangmen to Guangzhou online booking? Compare and book cheap flights from Jiangmen to Guangzhou online\" \/>\n<meta property=\"og:url\" content=\"https:\/\/tiketi.com\/fr-fr\/air-taxi-from-jiangmen-to-guangzhou\/\" \/>\n<meta property=\"og:site_name\" content=\"Tiketi.com\" \/>\n<meta property=\"article:publisher\" content=\"https:\/\/www.facebook.com\/TiketiCom\/\" \/>\n<meta property=\"article:modified_time\" content=\"2022-02-04T10:55:12+00:00\" \/>\n<meta property=\"og:image\" content=\"https:\/\/tiketi.com\/wp-content\/uploads\/2022\/02\/guangzhou-2278478_1280.jpg\" \/>\n\t<meta property=\"og:image:width\" content=\"1280\" \/>\n\t<meta property=\"og:image:height\" content=\"243\" \/>\n\t<meta property=\"og:image:type\" content=\"image\/jpeg\" \/>\n<meta name=\"twitter:card\" content=\"summary_large_image\" \/>\n<meta name=\"twitter:label1\" content=\"Dur\u00e9e de lecture estim\u00e9e\" \/>\n\t<meta name=\"twitter:data1\" content=\"5 minutes\" \/>\n<script type=\"application\/ld+json\" class=\"yoast-schema-graph\">{\"@context\":\"https:\\\/\\\/schema.org\",\"@graph\":[{\"@type\":\"WebPage\",\"@id\":\"https:\\\/\\\/tiketi.com\\\/air-taxi-from-jiangmen-to-guangzhou\\\/\",\"url\":\"https:\\\/\\\/tiketi.com\\\/air-taxi-from-jiangmen-to-guangzhou\\\/\",\"name\":\"Air Taxi from Jiangmen to Guangzhou Online Booking - Cheap Flights\",\"isPartOf\":{\"@id\":\"https:\\\/\\\/tiketi.com\\\/#website\"},\"primaryImageOfPage\":{\"@id\":\"https:\\\/\\\/tiketi.com\\\/air-taxi-from-jiangmen-to-guangzhou\\\/#primaryimage\"},\"image\":{\"@id\":\"https:\\\/\\\/tiketi.com\\\/air-taxi-from-jiangmen-to-guangzhou\\\/#primaryimage\"},\"thumbnailUrl\":\"https:\\\/\\\/tiketi.com\\\/wp-content\\\/uploads\\\/2022\\\/02\\\/guangzhou-2278478_1280.jpg\",\"datePublished\":\"2022-01-19T11:53:26+00:00\",\"dateModified\":\"2022-02-04T10:55:12+00:00\",\"description\":\"Looking for cheap air taxi from Jiangmen to Guangzhou online booking? Compare and book cheap flights from Jiangmen to Guangzhou online\",\"breadcrumb\":{\"@id\":\"https:\\\/\\\/tiketi.com\\\/air-taxi-from-jiangmen-to-guangzhou\\\/#breadcrumb\"},\"inLanguage\":\"fr-FR\",\"potentialAction\":[{\"@type\":\"ReadAction\",\"target\":[\"https:\\\/\\\/tiketi.com\\\/air-taxi-from-jiangmen-to-guangzhou\\\/\"]}]},{\"@type\":\"ImageObject\",\"inLanguage\":\"fr-FR\",\"@id\":\"https:\\\/\\\/tiketi.com\\\/air-taxi-from-jiangmen-to-guangzhou\\\/#primaryimage\",\"url\":\"https:\\\/\\\/tiketi.com\\\/wp-content\\\/uploads\\\/2022\\\/02\\\/guangzhou-2278478_1280.jpg\",\"contentUrl\":\"https:\\\/\\\/tiketi.com\\\/wp-content\\\/uploads\\\/2022\\\/02\\\/guangzhou-2278478_1280.jpg\",\"width\":1280,\"height\":243,\"caption\":\"Air Taxi in Guangzhou\"},{\"@type\":\"BreadcrumbList\",\"@id\":\"https:\\\/\\\/tiketi.com\\\/air-taxi-from-jiangmen-to-guangzhou\\\/#breadcrumb\",\"itemListElement\":[{\"@type\":\"ListItem\",\"position\":1,\"name\":\"Home\",\"item\":\"https:\\\/\\\/tiketi.com\\\/\"},{\"@type\":\"ListItem\",\"position\":2,\"name\":\"Air Taxi from Jiangmen to Guangzhou Online booking\"}]},{\"@type\":\"WebSite\",\"@id\":\"https:\\\/\\\/tiketi.com\\\/#website\",\"url\":\"https:\\\/\\\/tiketi.com\\\/\",\"name\":\"Flight & Bus Tickets, Tour Packages & Activitites - Tiketi.com\",\"description\":\"Flight &amp; Bus Tickets, Tours, Activitites\",\"publisher\":{\"@id\":\"https:\\\/\\\/tiketi.com\\\/#organization\"},\"potentialAction\":[{\"@type\":\"SearchAction\",\"target\":{\"@type\":\"EntryPoint\",\"urlTemplate\":\"https:\\\/\\\/tiketi.com\\\/?s={search_term_string}\"},\"query-input\":{\"@type\":\"PropertyValueSpecification\",\"valueRequired\":true,\"valueName\":\"search_term_string\"}}],\"inLanguage\":\"fr-FR\"},{\"@type\":\"Organization\",\"@id\":\"https:\\\/\\\/tiketi.com\\\/#organization\",\"name\":\"Tiketi.com\",\"alternateName\":\"Tiketi\",\"url\":\"https:\\\/\\\/tiketi.com\\\/\",\"logo\":{\"@type\":\"ImageObject\",\"inLanguage\":\"fr-FR\",\"@id\":\"https:\\\/\\\/tiketi.com\\\/#\\\/schema\\\/logo\\\/image\\\/\",\"url\":\"https:\\\/\\\/tiketi.com\\\/wp-content\\\/uploads\\\/2019\\\/05\\\/tiketi-logo-696.png\",\"contentUrl\":\"https:\\\/\\\/tiketi.com\\\/wp-content\\\/uploads\\\/2019\\\/05\\\/tiketi-logo-696.png\",\"width\":696,\"height\":696,\"caption\":\"Tiketi.com\"},\"image\":{\"@id\":\"https:\\\/\\\/tiketi.com\\\/#\\\/schema\\\/logo\\\/image\\\/\"},\"sameAs\":[\"https:\\\/\\\/www.facebook.com\\\/TiketiCom\\\/\"]}]}<\/script>\n<!-- \/ Yoast SEO plugin. -->","yoast_head_json":{"title":"R\u00e9servation en ligne de taxi a\u00e9rien de Jiangmen \u00e0 Guangzhou\u00a0\u2013 Vols pas chers","description":"Vous cherchez un taxi a\u00e9rien pas cher de Jiangmen \u00e0 Guangzhou\u00a0? R\u00e9servez en ligne\u00a0! Comparez et r\u00e9servez des vols pas chers de Jiangmen \u00e0 Guangzhou.","robots":{"index":"index","follow":"follow","max-snippet":"max-snippet:-1","max-image-preview":"max-image-preview:large","max-video-preview":"max-video-preview:-1"},"canonical":"https:\/\/tiketi.com\/fr-fr\/air-taxi-from-jiangmen-to-guangzhou\/","og_locale":"fr_FR","og_type":"article","og_title":"Air Taxi from Jiangmen to Guangzhou Online Booking - Cheap Flights","og_description":"Looking for cheap air taxi from Jiangmen to Guangzhou online booking? Compare and book cheap flights from Jiangmen to Guangzhou online","og_url":"https:\/\/tiketi.com\/fr-fr\/air-taxi-from-jiangmen-to-guangzhou\/","og_site_name":"Tiketi.com","article_publisher":"https:\/\/www.facebook.com\/TiketiCom\/","article_modified_time":"2022-02-04T10:55:12+00:00","og_image":[{"width":1280,"height":243,"url":"https:\/\/tiketi.com\/wp-content\/uploads\/2022\/02\/guangzhou-2278478_1280.jpg","type":"image\/jpeg"}],"twitter_card":"summary_large_image","twitter_misc":{"Dur\u00e9e de lecture estim\u00e9e":"5 minutes"},"schema":{"@context":"https:\/\/schema.org","@graph":[{"@type":"WebPage","@id":"https:\/\/tiketi.com\/air-taxi-from-jiangmen-to-guangzhou\/","url":"https:\/\/tiketi.com\/air-taxi-from-jiangmen-to-guangzhou\/","name":"R\u00e9servation en ligne de taxi a\u00e9rien de Jiangmen \u00e0 Guangzhou\u00a0\u2013 Vols pas chers","isPartOf":{"@id":"https:\/\/tiketi.com\/#website"},"primaryImageOfPage":{"@id":"https:\/\/tiketi.com\/air-taxi-from-jiangmen-to-guangzhou\/#primaryimage"},"image":{"@id":"https:\/\/tiketi.com\/air-taxi-from-jiangmen-to-guangzhou\/#primaryimage"},"thumbnailUrl":"https:\/\/tiketi.com\/wp-content\/uploads\/2022\/02\/guangzhou-2278478_1280.jpg","datePublished":"2022-01-19T11:53:26+00:00","dateModified":"2022-02-04T10:55:12+00:00","description":"Vous cherchez un taxi a\u00e9rien pas cher de Jiangmen \u00e0 Guangzhou\u00a0? R\u00e9servez en ligne\u00a0! Comparez et r\u00e9servez des vols pas chers de Jiangmen \u00e0 Guangzhou.","breadcrumb":{"@id":"https:\/\/tiketi.com\/air-taxi-from-jiangmen-to-guangzhou\/#breadcrumb"},"inLanguage":"fr-FR","potentialAction":[{"@type":"ReadAction","target":["https:\/\/tiketi.com\/air-taxi-from-jiangmen-to-guangzhou\/"]}]},{"@type":"ImageObject","inLanguage":"fr-FR","@id":"https:\/\/tiketi.com\/air-taxi-from-jiangmen-to-guangzhou\/#primaryimage","url":"https:\/\/tiketi.com\/wp-content\/uploads\/2022\/02\/guangzhou-2278478_1280.jpg","contentUrl":"https:\/\/tiketi.com\/wp-content\/uploads\/2022\/02\/guangzhou-2278478_1280.jpg","width":1280,"height":243,"caption":"Air Taxi in Guangzhou"},{"@type":"BreadcrumbList","@id":"https:\/\/tiketi.com\/air-taxi-from-jiangmen-to-guangzhou\/#breadcrumb","itemListElement":[{"@type":"ListItem","position":1,"name":"Home","item":"https:\/\/tiketi.com\/"},{"@type":"ListItem","position":2,"name":"Air Taxi from Jiangmen to Guangzhou Online booking"}]},{"@type":"WebSite","@id":"https:\/\/tiketi.com\/#website","url":"https:\/\/tiketi.com\/","name":"Billets d&#039;avion et de bus, forfaits touristiques et activit\u00e9s - Tiketi.com","description":"Billets d&#039;avion et de bus, Tours, Activit\u00e9s","publisher":{"@id":"https:\/\/tiketi.com\/#organization"},"potentialAction":[{"@type":"SearchAction","target":{"@type":"EntryPoint","urlTemplate":"https:\/\/tiketi.com\/?s={search_term_string}"},"query-input":{"@type":"PropertyValueSpecification","valueRequired":true,"valueName":"search_term_string"}}],"inLanguage":"fr-FR"},{"@type":"Organization","@id":"https:\/\/tiketi.com\/#organization","name":"Tiketi.com","alternateName":"Tiketi","url":"https:\/\/tiketi.com\/","logo":{"@type":"ImageObject","inLanguage":"fr-FR","@id":"https:\/\/tiketi.com\/#\/schema\/logo\/image\/","url":"https:\/\/tiketi.com\/wp-content\/uploads\/2019\/05\/tiketi-logo-696.png","contentUrl":"https:\/\/tiketi.com\/wp-content\/uploads\/2019\/05\/tiketi-logo-696.png","width":696,"height":696,"caption":"Tiketi.com"},"image":{"@id":"https:\/\/tiketi.com\/#\/schema\/logo\/image\/"},"sameAs":["https:\/\/www.facebook.com\/TiketiCom\/"]}]}},"_links":{"self":[{"href":"https:\/\/tiketi.com\/fr-fr\/wp-json\/wp\/v2\/pages\/10490","targetHints":{"allow":["GET"]}}],"collection":[{"href":"https:\/\/tiketi.com\/fr-fr\/wp-json\/wp\/v2\/pages"}],"about":[{"href":"https:\/\/tiketi.com\/fr-fr\/wp-json\/wp\/v2\/types\/page"}],"author":[{"embeddable":true,"href":"https:\/\/tiketi.com\/fr-fr\/wp-json\/wp\/v2\/users\/1"}],"replies":[{"embeddable":true,"href":"https:\/\/tiketi.com\/fr-fr\/wp-json\/wp\/v2\/comments?post=10490"}],"version-history":[{"count":0,"href":"https:\/\/tiketi.com\/fr-fr\/wp-json\/wp\/v2\/pages\/10490\/revisions"}],"wp:featuredmedia":[{"embeddable":true,"href":"https:\/\/tiketi.com\/fr-fr\/wp-json\/wp\/v2\/media\/16735"}],"wp:attachment":[{"href":"https:\/\/tiketi.com\/fr-fr\/wp-json\/wp\/v2\/media?parent=10490"}],"curies":[{"name":"wp","href":"https:\/\/api.w.org\/{rel}","templated":true}]}}