{"id":10498,"date":"2022-01-19T12:53:26","date_gmt":"2022-01-19T11:53:26","guid":{"rendered":"https:\/\/new.tiketi.com\/cheap-flights-air-taxi-from-zhongshan-to-hong-kong\/"},"modified":"2022-02-07T09:36:03","modified_gmt":"2022-02-07T08:36:03","slug":"air-taxi-from-zhongshan-to-hong-kong","status":"publish","type":"page","link":"https:\/\/tiketi.com\/fr-fr\/air-taxi-from-zhongshan-to-hong-kong\/","title":{"rendered":"Air Taxi from Zhongshan to Hong Kong Online Booking"},"content":{"rendered":"<h2>Looking for cheap flights from Zhongshan to Hong Kong?<\/h2>\n<h3>Search, compare and book cheap flight tickets from Zhongshan (ZGN) to Hong Kong (HKG) online now.<\/h3>\n<p>Air taxi from Zhongshan to Hong Kong online booking will be possible soon. The Tiketi.com app helps you search, compare and book cheap flights from Zhongshan to Hong Kong online.\u00a0Hong Kong is famous the world over as a glamour city and \u00a0best choice for luxury shopping. Around every corner of city is something special and new, whether it is a very old temple, a shop selling the latest electronic gadget. Here are something of the best attractions of Hong Kong. This makes Hong Kong a perfect place for all types of visitors.\u00a0So find and compare flight tickets from\u00a0Zhongshan (ZGN) to Hong Kong (HKG) and book great offers on cheap air taxis from Zhongshan to Hong Kong online now.<\/p>\n<h2>Here are some of the best Hong Kong attractions:<\/h2>\n<h3>Horizon de Hong-Kong<\/h3>\n<p>Hong Kong poss\u00e8de l&#039;un des horizons les plus remarquables et les plus reconnaissables de la plan\u00e8te. La dense collection de gratte-ciel, \u00e0 la fois sur les \u00eeles de Hong Kong et \u00e0 Kowloon, rassembl\u00e9e avec le port et les montagnes environnants, distingue cette ville. Dans le port, les jonques chinoises traditionnelles \u00e0 voiles rouges et l&#039;historique Star Ferry contrastent fortement avec la toile de fond des derniers gratte-ciel.<\/p>\n<h3>Pic Victoria<\/h3>\n<p>Vous n&#039;avez pas vu le sommet de Hong Kong tant que vous n&#039;avez pas admir\u00e9 la ligne d&#039;horizon depuis le Victoria Peak, plus g\u00e9n\u00e9ralement appel\u00e9 le Peak. Prenez le tram jusqu&#039;au sommet de ce magnifique point de vue pour admirer les gratte-ciel, les \u00eeles environnantes et le port. La station de tramway plac\u00e9e pr\u00e8s de l&#039;entr\u00e9e du parc de Hong Kong pr\u00e8s du b\u00e2timent Murray. Au sommet du tram se trouvent la Peak Galleria et la Peak Tower, avec des restaurants, des boutiques et une terrasse d&#039;observation.<\/p>\n<h3>Temple Wong Tai Sin<\/h3>\n<p>Le temple Wong Tai Sin est l&#039;un des plus chauds de Hong Kong et aussi l&#039;un des plus \u00e9tonnants. Situ\u00e9 \u00e0 Kowloon, le vrai temple \u00e9tait une structure priv\u00e9e construite en 1920.<\/p>\n<h2>Cheap air taxi\u00a0from Zhongshan to Hong Kong online booking FAQs<\/h2>\n<h3>How far is Zhongshan to Hong Kong?<\/h3>\n<p>The distance of drone taxi from Zhongshan to Hong Kong flight is 82,7 kilometers.<\/p>\n<h3>What are eVLTO electric flying taxis from Zhongshan to Hong Kong?<\/h3>\n<p><!--{cke_protected}{C}%3C!%2D%2D%20%2Fwp%3Aheading%20%2D%2D%3E--><!--{cke_protected}{C}%3C!%2D%2D%20wp%3Aparagraph%20%2D%2D%3E-->The electric flying taxis from Zhongshan to Hong Kong aircraft, called as an eVTOL (electrical vertical take-off and landing), are designed to transport people via urban and cities atmosphere.<\/p>\n<h3>Electric air taxis from Zhongshan to Hong Kong are high-speed public transport<\/h3>\n<p><!--{cke_protected}{C}%3C!%2D%2D%20%2Fwp%3Aheading%20%2D%2D%3E--><!--{cke_protected}{C}%3C!%2D%2D%20wp%3Aparagraph%20%2D%2D%3E-->The best benefit of drone air taxis from Zhongshan to Hong Kong is its high speed. It is the quickest mode of transport and thus it is the most perfect mean where time is a vital factor.<\/p>\n<h3>Drone flying taxi from Zhongshan to Hong Kong has very low carbon emissions<\/h3>\n<p>Drone taxi from Zhongshan to Hong Kong producers use electricity to power their vehicles. Hence, drone taxis will not emit greenhouses gases. Hence, these taxis can support in decreasing the impact of climate change. So book your taxi with the help of drone taxi from Zhongshan to Hong Kong now.<\/p>\n<h2>Cheap flights from Zhongshan to Hong Kong\u00a0tips<\/h2>\n<p>Drone cheap flights from Zhongshan to Hong Kong will offer the most nonstop flights between Hong Kong and Zhongshan.<\/p>","protected":false},"excerpt":{"rendered":"<p>Looking for cheap flights from Zhongshan to Hong Kong? Search, compare and book cheap flight tickets from Zhongshan (ZGN) to Hong Kong (HKG) online now. Air taxi from Zhongshan to Hong Kong online booking will be possible soon. The Tiketi.com app helps you search, compare and book cheap flights from Zhongshan to Hong Kong online.\u00a0Hong [&hellip;]<\/p>\n","protected":false},"author":1,"featured_media":14244,"parent":0,"menu_order":0,"comment_status":"open","ping_status":"closed","template":"template-home-modern.php","meta":{"footnotes":""},"class_list":["post-10498","page","type-page","status-publish","has-post-thumbnail","hentry"],"yoast_head":"<!-- This site is optimized with the Yoast SEO plugin v27.3 - https:\/\/yoast.com\/product\/yoast-seo-wordpress\/ -->\n<title>Air Taxi from Zhongshan to Hong Kong Online Booking - Cheap Flights<\/title>\n<meta name=\"description\" content=\"Looking for cheap air taxi from Zhongshan to Hong Kong online booking app? Compare and book cheap flights from Zhongshan to Hong Kong online\" \/>\n<meta name=\"robots\" content=\"index, follow, max-snippet:-1, max-image-preview:large, max-video-preview:-1\" \/>\n<link rel=\"canonical\" href=\"https:\/\/tiketi.com\/fr-fr\/air-taxi-from-zhongshan-to-hong-kong\/\" \/>\n<meta property=\"og:locale\" content=\"fr_FR\" \/>\n<meta property=\"og:type\" content=\"article\" \/>\n<meta property=\"og:title\" content=\"Air Taxi from Zhongshan to Hong Kong Online Booking - Cheap Flights\" \/>\n<meta property=\"og:description\" content=\"Looking for cheap air taxi from Zhongshan to Hong Kong online booking app? Compare and book cheap flights from Zhongshan to Hong Kong online\" \/>\n<meta property=\"og:url\" content=\"https:\/\/tiketi.com\/fr-fr\/air-taxi-from-zhongshan-to-hong-kong\/\" \/>\n<meta property=\"og:site_name\" content=\"Tiketi.com\" \/>\n<meta property=\"article:publisher\" content=\"https:\/\/www.facebook.com\/TiketiCom\/\" \/>\n<meta property=\"article:modified_time\" content=\"2022-02-07T08:36:03+00:00\" \/>\n<meta property=\"og:image\" content=\"https:\/\/tiketi.com\/wp-content\/uploads\/2022\/01\/hong-kong-4370342_1280.jpg\" \/>\n\t<meta property=\"og:image:width\" content=\"1200\" \/>\n\t<meta property=\"og:image:height\" content=\"264\" \/>\n\t<meta property=\"og:image:type\" content=\"image\/jpeg\" \/>\n<meta name=\"twitter:card\" content=\"summary_large_image\" \/>\n<meta name=\"twitter:label1\" content=\"Dur\u00e9e de lecture estim\u00e9e\" \/>\n\t<meta name=\"twitter:data1\" content=\"3 minutes\" \/>\n<script type=\"application\/ld+json\" class=\"yoast-schema-graph\">{\"@context\":\"https:\\\/\\\/schema.org\",\"@graph\":[{\"@type\":\"WebPage\",\"@id\":\"https:\\\/\\\/tiketi.com\\\/air-taxi-from-zhongshan-to-hong-kong\\\/\",\"url\":\"https:\\\/\\\/tiketi.com\\\/air-taxi-from-zhongshan-to-hong-kong\\\/\",\"name\":\"Air Taxi from Zhongshan to Hong Kong Online Booking - Cheap Flights\",\"isPartOf\":{\"@id\":\"https:\\\/\\\/tiketi.com\\\/#website\"},\"primaryImageOfPage\":{\"@id\":\"https:\\\/\\\/tiketi.com\\\/air-taxi-from-zhongshan-to-hong-kong\\\/#primaryimage\"},\"image\":{\"@id\":\"https:\\\/\\\/tiketi.com\\\/air-taxi-from-zhongshan-to-hong-kong\\\/#primaryimage\"},\"thumbnailUrl\":\"https:\\\/\\\/tiketi.com\\\/wp-content\\\/uploads\\\/2022\\\/01\\\/hong-kong-4370342_1280.jpg\",\"datePublished\":\"2022-01-19T11:53:26+00:00\",\"dateModified\":\"2022-02-07T08:36:03+00:00\",\"description\":\"Looking for cheap air taxi from Zhongshan to Hong Kong online booking app? Compare and book cheap flights from Zhongshan to Hong Kong online\",\"breadcrumb\":{\"@id\":\"https:\\\/\\\/tiketi.com\\\/air-taxi-from-zhongshan-to-hong-kong\\\/#breadcrumb\"},\"inLanguage\":\"fr-FR\",\"potentialAction\":[{\"@type\":\"ReadAction\",\"target\":[\"https:\\\/\\\/tiketi.com\\\/air-taxi-from-zhongshan-to-hong-kong\\\/\"]}]},{\"@type\":\"ImageObject\",\"inLanguage\":\"fr-FR\",\"@id\":\"https:\\\/\\\/tiketi.com\\\/air-taxi-from-zhongshan-to-hong-kong\\\/#primaryimage\",\"url\":\"https:\\\/\\\/tiketi.com\\\/wp-content\\\/uploads\\\/2022\\\/01\\\/hong-kong-4370342_1280.jpg\",\"contentUrl\":\"https:\\\/\\\/tiketi.com\\\/wp-content\\\/uploads\\\/2022\\\/01\\\/hong-kong-4370342_1280.jpg\",\"width\":1200,\"height\":264,\"caption\":\"Air Taxi in Hong Kong\"},{\"@type\":\"BreadcrumbList\",\"@id\":\"https:\\\/\\\/tiketi.com\\\/air-taxi-from-zhongshan-to-hong-kong\\\/#breadcrumb\",\"itemListElement\":[{\"@type\":\"ListItem\",\"position\":1,\"name\":\"Home\",\"item\":\"https:\\\/\\\/tiketi.com\\\/\"},{\"@type\":\"ListItem\",\"position\":2,\"name\":\"Air Taxi from Zhongshan to Hong Kong Online Booking\"}]},{\"@type\":\"WebSite\",\"@id\":\"https:\\\/\\\/tiketi.com\\\/#website\",\"url\":\"https:\\\/\\\/tiketi.com\\\/\",\"name\":\"Flight & Bus Tickets, Tour Packages & Activitites - Tiketi.com\",\"description\":\"Flight &amp; Bus Tickets, Tours, Activitites\",\"publisher\":{\"@id\":\"https:\\\/\\\/tiketi.com\\\/#organization\"},\"potentialAction\":[{\"@type\":\"SearchAction\",\"target\":{\"@type\":\"EntryPoint\",\"urlTemplate\":\"https:\\\/\\\/tiketi.com\\\/?s={search_term_string}\"},\"query-input\":{\"@type\":\"PropertyValueSpecification\",\"valueRequired\":true,\"valueName\":\"search_term_string\"}}],\"inLanguage\":\"fr-FR\"},{\"@type\":\"Organization\",\"@id\":\"https:\\\/\\\/tiketi.com\\\/#organization\",\"name\":\"Tiketi.com\",\"alternateName\":\"Tiketi\",\"url\":\"https:\\\/\\\/tiketi.com\\\/\",\"logo\":{\"@type\":\"ImageObject\",\"inLanguage\":\"fr-FR\",\"@id\":\"https:\\\/\\\/tiketi.com\\\/#\\\/schema\\\/logo\\\/image\\\/\",\"url\":\"https:\\\/\\\/tiketi.com\\\/wp-content\\\/uploads\\\/2019\\\/05\\\/tiketi-logo-696.png\",\"contentUrl\":\"https:\\\/\\\/tiketi.com\\\/wp-content\\\/uploads\\\/2019\\\/05\\\/tiketi-logo-696.png\",\"width\":696,\"height\":696,\"caption\":\"Tiketi.com\"},\"image\":{\"@id\":\"https:\\\/\\\/tiketi.com\\\/#\\\/schema\\\/logo\\\/image\\\/\"},\"sameAs\":[\"https:\\\/\\\/www.facebook.com\\\/TiketiCom\\\/\"]}]}<\/script>\n<!-- \/ Yoast SEO plugin. -->","yoast_head_json":{"title":"Air Taxi from Zhongshan to Hong Kong Online Booking - Cheap Flights","description":"Looking for cheap air taxi from Zhongshan to Hong Kong online booking app? Compare and book cheap flights from Zhongshan to Hong Kong online","robots":{"index":"index","follow":"follow","max-snippet":"max-snippet:-1","max-image-preview":"max-image-preview:large","max-video-preview":"max-video-preview:-1"},"canonical":"https:\/\/tiketi.com\/fr-fr\/air-taxi-from-zhongshan-to-hong-kong\/","og_locale":"fr_FR","og_type":"article","og_title":"Air Taxi from Zhongshan to Hong Kong Online Booking - Cheap Flights","og_description":"Looking for cheap air taxi from Zhongshan to Hong Kong online booking app? Compare and book cheap flights from Zhongshan to Hong Kong online","og_url":"https:\/\/tiketi.com\/fr-fr\/air-taxi-from-zhongshan-to-hong-kong\/","og_site_name":"Tiketi.com","article_publisher":"https:\/\/www.facebook.com\/TiketiCom\/","article_modified_time":"2022-02-07T08:36:03+00:00","og_image":[{"width":1200,"height":264,"url":"https:\/\/tiketi.com\/wp-content\/uploads\/2022\/01\/hong-kong-4370342_1280.jpg","type":"image\/jpeg"}],"twitter_card":"summary_large_image","twitter_misc":{"Dur\u00e9e de lecture estim\u00e9e":"3 minutes"},"schema":{"@context":"https:\/\/schema.org","@graph":[{"@type":"WebPage","@id":"https:\/\/tiketi.com\/air-taxi-from-zhongshan-to-hong-kong\/","url":"https:\/\/tiketi.com\/air-taxi-from-zhongshan-to-hong-kong\/","name":"Air Taxi from Zhongshan to Hong Kong Online Booking - Cheap Flights","isPartOf":{"@id":"https:\/\/tiketi.com\/#website"},"primaryImageOfPage":{"@id":"https:\/\/tiketi.com\/air-taxi-from-zhongshan-to-hong-kong\/#primaryimage"},"image":{"@id":"https:\/\/tiketi.com\/air-taxi-from-zhongshan-to-hong-kong\/#primaryimage"},"thumbnailUrl":"https:\/\/tiketi.com\/wp-content\/uploads\/2022\/01\/hong-kong-4370342_1280.jpg","datePublished":"2022-01-19T11:53:26+00:00","dateModified":"2022-02-07T08:36:03+00:00","description":"Looking for cheap air taxi from Zhongshan to Hong Kong online booking app? Compare and book cheap flights from Zhongshan to Hong Kong online","breadcrumb":{"@id":"https:\/\/tiketi.com\/air-taxi-from-zhongshan-to-hong-kong\/#breadcrumb"},"inLanguage":"fr-FR","potentialAction":[{"@type":"ReadAction","target":["https:\/\/tiketi.com\/air-taxi-from-zhongshan-to-hong-kong\/"]}]},{"@type":"ImageObject","inLanguage":"fr-FR","@id":"https:\/\/tiketi.com\/air-taxi-from-zhongshan-to-hong-kong\/#primaryimage","url":"https:\/\/tiketi.com\/wp-content\/uploads\/2022\/01\/hong-kong-4370342_1280.jpg","contentUrl":"https:\/\/tiketi.com\/wp-content\/uploads\/2022\/01\/hong-kong-4370342_1280.jpg","width":1200,"height":264,"caption":"Air Taxi in Hong Kong"},{"@type":"BreadcrumbList","@id":"https:\/\/tiketi.com\/air-taxi-from-zhongshan-to-hong-kong\/#breadcrumb","itemListElement":[{"@type":"ListItem","position":1,"name":"Home","item":"https:\/\/tiketi.com\/"},{"@type":"ListItem","position":2,"name":"Air Taxi from Zhongshan to Hong Kong Online Booking"}]},{"@type":"WebSite","@id":"https:\/\/tiketi.com\/#website","url":"https:\/\/tiketi.com\/","name":"Billets d&#039;avion et de bus, forfaits touristiques et activit\u00e9s - Tiketi.com","description":"Billets d&#039;avion et de bus, Tours, Activit\u00e9s","publisher":{"@id":"https:\/\/tiketi.com\/#organization"},"potentialAction":[{"@type":"SearchAction","target":{"@type":"EntryPoint","urlTemplate":"https:\/\/tiketi.com\/?s={search_term_string}"},"query-input":{"@type":"PropertyValueSpecification","valueRequired":true,"valueName":"search_term_string"}}],"inLanguage":"fr-FR"},{"@type":"Organization","@id":"https:\/\/tiketi.com\/#organization","name":"Tiketi.com","alternateName":"Tiketi","url":"https:\/\/tiketi.com\/","logo":{"@type":"ImageObject","inLanguage":"fr-FR","@id":"https:\/\/tiketi.com\/#\/schema\/logo\/image\/","url":"https:\/\/tiketi.com\/wp-content\/uploads\/2019\/05\/tiketi-logo-696.png","contentUrl":"https:\/\/tiketi.com\/wp-content\/uploads\/2019\/05\/tiketi-logo-696.png","width":696,"height":696,"caption":"Tiketi.com"},"image":{"@id":"https:\/\/tiketi.com\/#\/schema\/logo\/image\/"},"sameAs":["https:\/\/www.facebook.com\/TiketiCom\/"]}]}},"_links":{"self":[{"href":"https:\/\/tiketi.com\/fr-fr\/wp-json\/wp\/v2\/pages\/10498","targetHints":{"allow":["GET"]}}],"collection":[{"href":"https:\/\/tiketi.com\/fr-fr\/wp-json\/wp\/v2\/pages"}],"about":[{"href":"https:\/\/tiketi.com\/fr-fr\/wp-json\/wp\/v2\/types\/page"}],"author":[{"embeddable":true,"href":"https:\/\/tiketi.com\/fr-fr\/wp-json\/wp\/v2\/users\/1"}],"replies":[{"embeddable":true,"href":"https:\/\/tiketi.com\/fr-fr\/wp-json\/wp\/v2\/comments?post=10498"}],"version-history":[{"count":0,"href":"https:\/\/tiketi.com\/fr-fr\/wp-json\/wp\/v2\/pages\/10498\/revisions"}],"wp:featuredmedia":[{"embeddable":true,"href":"https:\/\/tiketi.com\/fr-fr\/wp-json\/wp\/v2\/media\/14244"}],"wp:attachment":[{"href":"https:\/\/tiketi.com\/fr-fr\/wp-json\/wp\/v2\/media?parent=10498"}],"curies":[{"name":"wp","href":"https:\/\/api.w.org\/{rel}","templated":true}]}}