{"id":10501,"date":"2022-01-19T12:53:26","date_gmt":"2022-01-19T11:53:26","guid":{"rendered":"https:\/\/new.tiketi.com\/neom-air-taxi-booking-app-electric-flying-taxis\/"},"modified":"2022-02-17T16:32:19","modified_gmt":"2022-02-17T15:32:19","slug":"flying-neom-air-taxi-booking","status":"publish","type":"page","link":"https:\/\/tiketi.com\/fr-fr\/flying-neom-air-taxi-booking\/","title":{"rendered":"Taxi a\u00e9rien dans l&#039;application de r\u00e9servation en ligne Neom - Taxis volants \u00e9lectriques"},"content":{"rendered":"<h2>Application de r\u00e9servation de taxi a\u00e9rien \u00e9lectrique Neom<\/h2>\n<!-- \/wp:post-content --><!-- wp:paragraph -->\n\nLe service d&#039;application de r\u00e9servation en ligne de taxi a\u00e9rien \u00e9lectrique dans Neom permettra aux utilisateurs de r\u00e9server un taxi volant \u00e9lectrique \u00e0 Neom qui sera bient\u00f4t lanc\u00e9 \u00e0 Neom. Les taxis a\u00e9riens autonomes \u00e0 Neom permettent de voyager pas cher et rapidement \u00e0 Neom. Neom, une nouvelle ville intelligente moderne en construction offrira des plages magnifiques et des eaux cristallines aux tombeaux anciens et aux montagnes imposantes. Comme pour tant d&#039;autres choses, vous pourrez faire \u00e0 tout moment et n&#039;importe o\u00f9 la r\u00e9servation d&#039;un taxi a\u00e9rien Neom drone pour votre vol en taxi a\u00e9rien \u00e9lectrique.\n\n<!-- \/wp:paragraph --><!-- wp:paragraph -->\n\n<!-- \/wp:paragraph --><!-- wp:heading -->\n<h2>Voici quelques-uns des avantages du taxi volant \u00e9lectrique \u00e0 Neom<\/h2>\n<!-- \/wp:heading --><!-- wp:heading {\"level\":3} -->\n<h3>Comment fonctionne le taxi volant \u00e9lectrique \u00e0 Neom ?<\/h3>\n<!-- \/wp:heading --><!-- wp:paragraph -->\n\nLes taxis a\u00e9riens \u00e9lectriques de Neomis sont de petits avions commerciaux qui effectuent des vols courts \u00e0 la demande. En 2001, les op\u00e9rations de taxi a\u00e9rien ont \u00e9t\u00e9 promues en Am\u00e9rique par une \u00e9tude de la NASA et de l&#039;industrie a\u00e9rospatiale sur le SATS et l&#039;essor de la fabrication d&#039;avions \u00e0 r\u00e9action l\u00e9gers.\n\n<!-- \/wp:paragraph --><!-- wp:heading {\"level\":3} -->\n<h3>Quel est l&#039;avenir des taxis a\u00e9riens autonomes \u00e0 Neom ?<\/h3>\n<!-- \/wp:heading --><!-- wp:paragraph -->\n\nD\u00e9placez-vous sur les taxis r\u00e9guliers! Neom a donn\u00e9 vie \u00e0 l&#039;avenir du transport avec la c\u00e9l\u00e8bre voiture a\u00e9rienne. La premi\u00e8re voiture a\u00e9rienne au monde a \u00e9t\u00e9 d\u00e9voil\u00e9e par Ueber et Hyundai. La nouvelle id\u00e9e a \u00e9t\u00e9 lanc\u00e9e au pavillon Etisalat le jour de l&#039;ouverture de la semaine Gitex Tech.\n\n<!-- \/wp:paragraph --><!-- wp:heading {\"level\":3} -->\n<h3>Quelle est la vitesse et la derni\u00e8re technologie des taxis a\u00e9riens \u00e9lectriques \u00e0 Neom ?<\/h3>\n<!-- \/wp:heading --><!-- wp:paragraph -->\n\nLes taxis volants \u00e9lectriques de Neom pourraient devenir un meilleur mode de transport urbain \u00e0 l&#039;avenir, en retirant les voitures de la route, en gardant le temps et en effa\u00e7ant les fronti\u00e8res urbaines. Les nouveaux taxis volants \u00e9lectriques du v\u00e9hicule Neom, qui ressemblent \u00e0 un hybride de drone d&#039;h\u00e9licopt\u00e8re, navigueront principalement \u00e0 une vitesse de 180 mph, avec la capacit\u00e9 d&#039;accueillir quelques passagers, y compris un pilote. Il serait n\u00e9cessaire avec plusieurs rotors, une s\u00e9curit\u00e9 accrue en cas de panne d&#039;un rotor individuel et un syst\u00e8me de parachute en cas d&#039;urgence.\n<h3>Combien co\u00fbtera un taxi volant \u00e9lectrique \u00e0 Neom ?<\/h3>\n<!-- \/wp:paragraph --><!-- wp:paragraph -->\n\nAu d\u00e9part, les drones taxis a\u00e9riens \u00e0 Neom co\u00fbteront environ $5,73 par passager-mile. Le co\u00fbt chutera ensuite \u00e0 $1,85 par mile passager avant d&#039;atteindre finalement le taux incroyable du client de $0,44 par mile. Vous pouvez facilement r\u00e9server un taxi a\u00e9rien via des taxis volants \u00e9lectriques dans l&#039;application Neom.\n\n<!-- \/wp:paragraph --><!-- wp:heading -->\n<h2>Avantages de l&#039;application de r\u00e9servation de taxi a\u00e9rien \u00e9lectrique Neom<\/h2>\n<!-- \/wp:heading --><!-- wp:paragraph -->\n\nParmi ses autres avantages, la r\u00e9servation en ligne de taxi drone dans Neom pourrait fournir un boom \u00e9conomique en augmentant le nombre de personnes se dirigeant vers des lieux de loisirs et de tourisme qui ne sont pas \u00e0 proximit\u00e9 des grands a\u00e9roports.\n\n<!-- \/wp:paragraph --><!-- wp:heading {\"level\":3} -->\n<h3>Le taxi a\u00e9rien par drone dans l&#039;application de r\u00e9servation en ligne Neom serait-il utilis\u00e9 pour r\u00e9server un vol en taxi a\u00e9rien \u00e9lectrique\u00a0?<\/h3>\n<!-- \/wp:heading --><!-- wp:paragraph -->\n\nOui, les clients peuvent utiliser de mani\u00e8re transparente l&#039;application de r\u00e9servation de taxi a\u00e9rien \u00e9lectrique Neom en ligne pour trouver le meilleur itin\u00e9raire et r\u00e9server un taxi volant \u00e9lectrique dans le vol Neom \u00e0 tout moment et n&#039;importe o\u00f9.","protected":false},"excerpt":{"rendered":"<p>Electric Neom air taxi booking app Electric air taxi in Neom online booking app service will enable users to book electric flying taxi in Neom launching in Neom soon. Autonomous air taxis in Neom makes possible to travel cheap and fast in Neom. Neom, a new modern Smart City in construction will offer offer stunning [&hellip;]<\/p>\n","protected":false},"author":1,"featured_media":14057,"parent":0,"menu_order":0,"comment_status":"open","ping_status":"closed","template":"template-home-modern.php","meta":{"footnotes":""},"class_list":["post-10501","page","type-page","status-publish","has-post-thumbnail","hentry"],"yoast_head":"<!-- This site is optimized with the Yoast SEO plugin v27.3 - https:\/\/yoast.com\/product\/yoast-seo-wordpress\/ -->\n<title>Air Taxi in Neom Online Booking App - Electric Flying Taxis<\/title>\n<meta name=\"description\" content=\"Looking for drone air taxi in Neom online booking app, route, schedule &amp; fare? Compare air taxis and book your cheap flying taxi in Neom\" \/>\n<meta name=\"robots\" content=\"index, follow, max-snippet:-1, max-image-preview:large, max-video-preview:-1\" \/>\n<link rel=\"canonical\" href=\"https:\/\/tiketi.com\/fr-fr\/flying-neom-air-taxi-booking\/\" \/>\n<meta property=\"og:locale\" content=\"fr_FR\" \/>\n<meta property=\"og:type\" content=\"article\" \/>\n<meta property=\"og:title\" content=\"Air Taxi in Neom Online Booking App - Electric Flying Taxis\" \/>\n<meta property=\"og:description\" content=\"Looking for drone air taxi in Neom online booking app, route, schedule &amp; fare? Compare air taxis and book your cheap flying taxi in Neom\" \/>\n<meta property=\"og:url\" content=\"https:\/\/tiketi.com\/fr-fr\/flying-neom-air-taxi-booking\/\" \/>\n<meta property=\"og:site_name\" content=\"Tiketi.com\" \/>\n<meta property=\"article:publisher\" content=\"https:\/\/www.facebook.com\/TiketiCom\/\" \/>\n<meta property=\"article:modified_time\" content=\"2022-02-17T15:32:19+00:00\" \/>\n<meta property=\"og:image\" content=\"https:\/\/tiketi.com\/wp-content\/uploads\/2022\/01\/drone-air-taxi-6819108_1280.jpg\" \/>\n\t<meta property=\"og:image:width\" content=\"1213\" \/>\n\t<meta property=\"og:image:height\" content=\"200\" \/>\n\t<meta property=\"og:image:type\" content=\"image\/jpeg\" \/>\n<meta name=\"twitter:card\" content=\"summary_large_image\" \/>\n<meta name=\"twitter:label1\" content=\"Dur\u00e9e de lecture estim\u00e9e\" \/>\n\t<meta name=\"twitter:data1\" content=\"2 minutes\" \/>\n<script type=\"application\/ld+json\" class=\"yoast-schema-graph\">{\"@context\":\"https:\\\/\\\/schema.org\",\"@graph\":[{\"@type\":\"WebPage\",\"@id\":\"https:\\\/\\\/tiketi.com\\\/en-gb\\\/flying-neom-air-taxi-booking\\\/\",\"url\":\"https:\\\/\\\/tiketi.com\\\/en-gb\\\/flying-neom-air-taxi-booking\\\/\",\"name\":\"Air Taxi in Neom Online Booking App - Electric Flying Taxis\",\"isPartOf\":{\"@id\":\"https:\\\/\\\/tiketi.com\\\/#website\"},\"primaryImageOfPage\":{\"@id\":\"https:\\\/\\\/tiketi.com\\\/en-gb\\\/flying-neom-air-taxi-booking\\\/#primaryimage\"},\"image\":{\"@id\":\"https:\\\/\\\/tiketi.com\\\/en-gb\\\/flying-neom-air-taxi-booking\\\/#primaryimage\"},\"thumbnailUrl\":\"https:\\\/\\\/tiketi.com\\\/wp-content\\\/uploads\\\/2022\\\/01\\\/drone-air-taxi-6819108_1280.jpg\",\"datePublished\":\"2022-01-19T11:53:26+00:00\",\"dateModified\":\"2022-02-17T15:32:19+00:00\",\"description\":\"Looking for drone air taxi in Neom online booking app, route, schedule & fare? Compare air taxis and book your cheap flying taxi in Neom\",\"breadcrumb\":{\"@id\":\"https:\\\/\\\/tiketi.com\\\/en-gb\\\/flying-neom-air-taxi-booking\\\/#breadcrumb\"},\"inLanguage\":\"fr-FR\",\"potentialAction\":[{\"@type\":\"ReadAction\",\"target\":[\"https:\\\/\\\/tiketi.com\\\/en-gb\\\/flying-neom-air-taxi-booking\\\/\"]}]},{\"@type\":\"ImageObject\",\"inLanguage\":\"fr-FR\",\"@id\":\"https:\\\/\\\/tiketi.com\\\/en-gb\\\/flying-neom-air-taxi-booking\\\/#primaryimage\",\"url\":\"https:\\\/\\\/tiketi.com\\\/wp-content\\\/uploads\\\/2022\\\/01\\\/drone-air-taxi-6819108_1280.jpg\",\"contentUrl\":\"https:\\\/\\\/tiketi.com\\\/wp-content\\\/uploads\\\/2022\\\/01\\\/drone-air-taxi-6819108_1280.jpg\",\"width\":1213,\"height\":200,\"caption\":\"Drone Air taxi\"},{\"@type\":\"BreadcrumbList\",\"@id\":\"https:\\\/\\\/tiketi.com\\\/en-gb\\\/flying-neom-air-taxi-booking\\\/#breadcrumb\",\"itemListElement\":[{\"@type\":\"ListItem\",\"position\":1,\"name\":\"Home\",\"item\":\"https:\\\/\\\/tiketi.com\\\/\"},{\"@type\":\"ListItem\",\"position\":2,\"name\":\"Air Taxi in Neom Online Booking App &#8211; Electric Flying Taxis\"}]},{\"@type\":\"WebSite\",\"@id\":\"https:\\\/\\\/tiketi.com\\\/#website\",\"url\":\"https:\\\/\\\/tiketi.com\\\/\",\"name\":\"Flight & Bus Tickets, Tour Packages & Activitites - Tiketi.com\",\"description\":\"Flight &amp; Bus Tickets, Tours, Activitites\",\"publisher\":{\"@id\":\"https:\\\/\\\/tiketi.com\\\/#organization\"},\"potentialAction\":[{\"@type\":\"SearchAction\",\"target\":{\"@type\":\"EntryPoint\",\"urlTemplate\":\"https:\\\/\\\/tiketi.com\\\/?s={search_term_string}\"},\"query-input\":{\"@type\":\"PropertyValueSpecification\",\"valueRequired\":true,\"valueName\":\"search_term_string\"}}],\"inLanguage\":\"fr-FR\"},{\"@type\":\"Organization\",\"@id\":\"https:\\\/\\\/tiketi.com\\\/#organization\",\"name\":\"Tiketi.com\",\"alternateName\":\"Tiketi\",\"url\":\"https:\\\/\\\/tiketi.com\\\/\",\"logo\":{\"@type\":\"ImageObject\",\"inLanguage\":\"fr-FR\",\"@id\":\"https:\\\/\\\/tiketi.com\\\/#\\\/schema\\\/logo\\\/image\\\/\",\"url\":\"https:\\\/\\\/tiketi.com\\\/wp-content\\\/uploads\\\/2019\\\/05\\\/tiketi-logo-696.png\",\"contentUrl\":\"https:\\\/\\\/tiketi.com\\\/wp-content\\\/uploads\\\/2019\\\/05\\\/tiketi-logo-696.png\",\"width\":696,\"height\":696,\"caption\":\"Tiketi.com\"},\"image\":{\"@id\":\"https:\\\/\\\/tiketi.com\\\/#\\\/schema\\\/logo\\\/image\\\/\"},\"sameAs\":[\"https:\\\/\\\/www.facebook.com\\\/TiketiCom\\\/\"]}]}<\/script>\n<!-- \/ Yoast SEO plugin. -->","yoast_head_json":{"title":"Taxi a\u00e9rien dans l&#039;application de r\u00e9servation en ligne Neom - Taxis volants \u00e9lectriques","description":"Vous recherchez un taxi a\u00e9rien drone dans l&#039;application de r\u00e9servation en ligne Neom, l&#039;itin\u00e9raire, les horaires et les tarifs\u00a0? Comparez les taxis a\u00e9riens et r\u00e9servez votre taxi volant pas cher \u00e0 Neom","robots":{"index":"index","follow":"follow","max-snippet":"max-snippet:-1","max-image-preview":"max-image-preview:large","max-video-preview":"max-video-preview:-1"},"canonical":"https:\/\/tiketi.com\/fr-fr\/flying-neom-air-taxi-booking\/","og_locale":"fr_FR","og_type":"article","og_title":"Air Taxi in Neom Online Booking App - Electric Flying Taxis","og_description":"Looking for drone air taxi in Neom online booking app, route, schedule & fare? Compare air taxis and book your cheap flying taxi in Neom","og_url":"https:\/\/tiketi.com\/fr-fr\/flying-neom-air-taxi-booking\/","og_site_name":"Tiketi.com","article_publisher":"https:\/\/www.facebook.com\/TiketiCom\/","article_modified_time":"2022-02-17T15:32:19+00:00","og_image":[{"width":1213,"height":200,"url":"https:\/\/tiketi.com\/wp-content\/uploads\/2022\/01\/drone-air-taxi-6819108_1280.jpg","type":"image\/jpeg"}],"twitter_card":"summary_large_image","twitter_misc":{"Dur\u00e9e de lecture estim\u00e9e":"2 minutes"},"schema":{"@context":"https:\/\/schema.org","@graph":[{"@type":"WebPage","@id":"https:\/\/tiketi.com\/en-gb\/flying-neom-air-taxi-booking\/","url":"https:\/\/tiketi.com\/en-gb\/flying-neom-air-taxi-booking\/","name":"Taxi a\u00e9rien dans l&#039;application de r\u00e9servation en ligne Neom - Taxis volants \u00e9lectriques","isPartOf":{"@id":"https:\/\/tiketi.com\/#website"},"primaryImageOfPage":{"@id":"https:\/\/tiketi.com\/en-gb\/flying-neom-air-taxi-booking\/#primaryimage"},"image":{"@id":"https:\/\/tiketi.com\/en-gb\/flying-neom-air-taxi-booking\/#primaryimage"},"thumbnailUrl":"https:\/\/tiketi.com\/wp-content\/uploads\/2022\/01\/drone-air-taxi-6819108_1280.jpg","datePublished":"2022-01-19T11:53:26+00:00","dateModified":"2022-02-17T15:32:19+00:00","description":"Vous recherchez un taxi a\u00e9rien drone dans l&#039;application de r\u00e9servation en ligne Neom, l&#039;itin\u00e9raire, les horaires et les tarifs\u00a0? Comparez les taxis a\u00e9riens et r\u00e9servez votre taxi volant pas cher \u00e0 Neom","breadcrumb":{"@id":"https:\/\/tiketi.com\/en-gb\/flying-neom-air-taxi-booking\/#breadcrumb"},"inLanguage":"fr-FR","potentialAction":[{"@type":"ReadAction","target":["https:\/\/tiketi.com\/en-gb\/flying-neom-air-taxi-booking\/"]}]},{"@type":"ImageObject","inLanguage":"fr-FR","@id":"https:\/\/tiketi.com\/en-gb\/flying-neom-air-taxi-booking\/#primaryimage","url":"https:\/\/tiketi.com\/wp-content\/uploads\/2022\/01\/drone-air-taxi-6819108_1280.jpg","contentUrl":"https:\/\/tiketi.com\/wp-content\/uploads\/2022\/01\/drone-air-taxi-6819108_1280.jpg","width":1213,"height":200,"caption":"Drone Air taxi"},{"@type":"BreadcrumbList","@id":"https:\/\/tiketi.com\/en-gb\/flying-neom-air-taxi-booking\/#breadcrumb","itemListElement":[{"@type":"ListItem","position":1,"name":"Home","item":"https:\/\/tiketi.com\/"},{"@type":"ListItem","position":2,"name":"Air Taxi in Neom Online Booking App &#8211; Electric Flying Taxis"}]},{"@type":"WebSite","@id":"https:\/\/tiketi.com\/#website","url":"https:\/\/tiketi.com\/","name":"Billets d&#039;avion et de bus, forfaits touristiques et activit\u00e9s - Tiketi.com","description":"Billets d&#039;avion et de bus, Tours, Activit\u00e9s","publisher":{"@id":"https:\/\/tiketi.com\/#organization"},"potentialAction":[{"@type":"SearchAction","target":{"@type":"EntryPoint","urlTemplate":"https:\/\/tiketi.com\/?s={search_term_string}"},"query-input":{"@type":"PropertyValueSpecification","valueRequired":true,"valueName":"search_term_string"}}],"inLanguage":"fr-FR"},{"@type":"Organization","@id":"https:\/\/tiketi.com\/#organization","name":"Tiketi.com","alternateName":"Tiketi","url":"https:\/\/tiketi.com\/","logo":{"@type":"ImageObject","inLanguage":"fr-FR","@id":"https:\/\/tiketi.com\/#\/schema\/logo\/image\/","url":"https:\/\/tiketi.com\/wp-content\/uploads\/2019\/05\/tiketi-logo-696.png","contentUrl":"https:\/\/tiketi.com\/wp-content\/uploads\/2019\/05\/tiketi-logo-696.png","width":696,"height":696,"caption":"Tiketi.com"},"image":{"@id":"https:\/\/tiketi.com\/#\/schema\/logo\/image\/"},"sameAs":["https:\/\/www.facebook.com\/TiketiCom\/"]}]}},"_links":{"self":[{"href":"https:\/\/tiketi.com\/fr-fr\/wp-json\/wp\/v2\/pages\/10501","targetHints":{"allow":["GET"]}}],"collection":[{"href":"https:\/\/tiketi.com\/fr-fr\/wp-json\/wp\/v2\/pages"}],"about":[{"href":"https:\/\/tiketi.com\/fr-fr\/wp-json\/wp\/v2\/types\/page"}],"author":[{"embeddable":true,"href":"https:\/\/tiketi.com\/fr-fr\/wp-json\/wp\/v2\/users\/1"}],"replies":[{"embeddable":true,"href":"https:\/\/tiketi.com\/fr-fr\/wp-json\/wp\/v2\/comments?post=10501"}],"version-history":[{"count":0,"href":"https:\/\/tiketi.com\/fr-fr\/wp-json\/wp\/v2\/pages\/10501\/revisions"}],"wp:featuredmedia":[{"embeddable":true,"href":"https:\/\/tiketi.com\/fr-fr\/wp-json\/wp\/v2\/media\/14057"}],"wp:attachment":[{"href":"https:\/\/tiketi.com\/fr-fr\/wp-json\/wp\/v2\/media?parent=10501"}],"curies":[{"name":"wp","href":"https:\/\/api.w.org\/{rel}","templated":true}]}}