{"id":10506,"date":"2022-01-19T12:53:26","date_gmt":"2022-01-19T11:53:26","guid":{"rendered":"https:\/\/new.tiketi.com\/air-taxi-from-hamptons-to-manhattan-cheap-flights\/"},"modified":"2022-01-21T17:41:59","modified_gmt":"2022-01-21T16:41:59","slug":"air-taxi-from-manhattan-to-hamptons","status":"publish","type":"page","link":"https:\/\/tiketi.com\/fr-fr\/air-taxi-from-manhattan-to-hamptons\/","title":{"rendered":"Taxi a\u00e9rien de Hamptons \u00e0 Manhattan \u2013 Vols pas chers"},"content":{"rendered":"<h2>Vous recherchez des vols \u00e0 bas prix de Manhattan \u00e0 Long Island ?<\/h2>\n<h3>&gt;&gt; Recherchez, comparez et r\u00e9servez en ligne maintenant des billets d&#039;avion pas chers de Manhattan \u00e0 Hamptons.<\/h3>\n<p>La r\u00e9servation en ligne d&#039;un taxi a\u00e9rien de Hamptons \u00e0 Manhattan sera bient\u00f4t possible. L&#039;application Tiketi.com vous permet de rechercher, comparer et r\u00e9server en ligne des vols pas chers de Manhattan \u00e0 Long Island. Avec des monuments populaires de New York comme l&#039;Empire State Building, le Rockefeller Center ou le pont de Brooklyn \u00e0 chaque coin de rue, il peut \u00eatre difficile de choisir les attractions que vous souhaitez voir lors de votre voyage \u00e0 New York. Vous trouverez ci-dessous les meilleures attractions de NYC. Trouvez et comparez donc les billets d&#039;avion de Manhattan \u00e0 Hamptons (Westhampton, Westhampton Beach, West Hampton Dunes, Quogue, East Quogue, Hampton Bays, Southampton, North Sea, Water Mill, Bridgehampton, Sagaponack, North Haven, Sag Harbor, East Hampton et Napeague ) et r\u00e9servez d\u00e8s maintenant en ligne des offres exceptionnelles sur des taxis a\u00e9riens bon march\u00e9 de Manhattan \u00e0 Hamptons.<\/p>\n<h2>Voici quelques-unes des meilleures attractions de New York<\/h2>\n<h3>La statue de la Libert\u00e9<\/h3>\n<p>La Statue de la Libert\u00e9 \u00e9tait un cadeau de France \u00e0 l&#039;Am\u00e9rique. Construit en 1886, il reste un symbole mondial populaire de libert\u00e9 et l&#039;une des plus grandes ic\u00f4nes am\u00e9ricaines. C&#039;est l&#039;une des plus grandes statues du monde, mesurant un peu moins de 152 pieds de haut de la base \u00e0 la torche et pesant environ 450 000 livres.<\/p>\n<h3>Parc central<\/h3>\n<p>Une promenade \u00e0 pied, \u00e0 pied ou en cal\u00e8che dans les all\u00e9es qui s&#039;entrecroisent de Central Park est un incontournable de tout itin\u00e9raire \u00e0 New York. Pendant les mois de glace, vous pouvez m\u00eame attacher vos patins et glisser sur la Wollman Rink. Ce grand parc du centre-ville, d&#039;une demi-largeur et d&#039;une longueur de 2,5 miles, est l&#039;une des choses qui font de NYC une ville aussi charmante et dynamique.<\/p>\n<h3>centre Rockefeller<\/h3>\n<p>En ce qui concerne les attractions de New York, le Rockefeller Center est presque tous les itin\u00e9raires des visiteurs. Ce grand complexe de divertissement et de shopping au milieu de Manhattan abrite NBC-TV et d&#039;autres m\u00e9dias, mais la pi\u00e8ce ma\u00eetresse est le Rockefeller Plaza de soixante-dix \u00e9tages, un gratte-ciel Art d\u00e9co qui offre une vue imprenable sur Manhattan depuis le sommet populaire du rocher. pont d&#039;observation.<\/p>\n<h3>L&#039;Empire State Building<\/h3>\n<p>L&#039;Empire State Building est l&#039;un des b\u00e2timents les plus c\u00e9l\u00e8bres de New York et des principales attractions touristiques. Le b\u00e2timent de 381 m\u00e8tres de haut et 102 \u00e9tages \u00e9tait le plus haut de la plan\u00e8te jusqu&#039;\u00e0 ce que le 1 World Trade Center s&#039;\u00e9l\u00e8ve plus haut, quarante et un ans plus tard. Surmont\u00e9 d&#039;un m\u00e2t d&#039;amarrage pour les dirigeables, l&#039;Empire State Building est rapidement devenu un point de rep\u00e8re et un symbole pour New York lors de son ouverture en 1931.<\/p>\n<h3>Mus\u00e9e d&#039;art m\u00e9tropolitain<\/h3>\n<p>Le Met, ou Metropolitan Museum of Art, comme on l&#039;appelle g\u00e9n\u00e9ralement, a \u00e9t\u00e9 fond\u00e9 en 1870 et est l&#039;un des mus\u00e9es les plus populaires d&#039;Am\u00e9rique. La collection permanente du Met contient plus de 2 millions d&#039;\u0153uvres d&#039;art, couvrant une p\u00e9riode de 5 000 ans.<\/p>\n<h2>Taxi a\u00e9rien abordable de Hamptons \u00e0 Manhattan FAQ sur la r\u00e9servation en ligne<\/h2>\n<h3>Quelle est la distance entre Manhattan et les Hamptons ?<\/h3>\n<p>La distance du vol en taxi a\u00e9rien de Manhattan \u00e0 East Hamptons est de 151,11 km.<\/p>\n<h3>Quel est le meilleur moment pour visiter New York ?<\/h3>\n<p>Les saisons de printemps et d&#039;\u00e9t\u00e9 sont d&#039;excellentes p\u00e9riodes pour d\u00e9couvrir le meilleur de cet aimant touristique, la plupart des touristes se rendant en grand nombre \u00e0 Manhattan. Le d\u00e9but de l&#039;automne est \u00e9galement pr\u00e9f\u00e9rable lorsque la brise froide et la temp\u00e9rature mod\u00e9r\u00e9e pr\u00e9dominent. Mais gardez \u00e0 l&#039;esprit, peu importe \u00e0 quelle p\u00e9riode de l&#039;ann\u00e9e vous r\u00e9servez un taxi a\u00e9rien bon march\u00e9 de Hamptons \u00e0 Manhattan New York, la ville sera toujours vivante, dynamique et ne manquera jamais d&#039;activit\u00e9s amusantes.<\/p>\n<h3>Quels sont les choix de transport disponibles pour les touristes \u00e0 New York\u00a0?<\/h3>\n<p>Toute la ville de New York est comme une grille et simplement navigable. Louer un taxi, de toute fa\u00e7on, est l&#039;excellent moyen de voyager \u00e0 New York qui ne co\u00fbterait pas trop cher et qui est \u00e9galement assez facile \u00e0 trouver, peu importe o\u00f9 vous vous trouvez dans la ville. C&#039;est l&#039;un des moyens abordables de voyager \u00e0 New York et aussi l&#039;un des meilleurs moyens d&#039;explorer v\u00e9ritablement l&#039;essence de la vie dans cette ville anim\u00e9e. Le m\u00e9tro fonctionne 24 heures sur 24 et est facilement accessible quelle que soit l&#039;heure de la journ\u00e9e \u00e0 laquelle vous voyagez. L&#039;utilisation du bus est \u00e9galement un meilleur choix \u00e0 condition que vous voyagiez pendant les heures de pointe o\u00f9 vous pourriez \u00eatre coinc\u00e9 dans la circulation.<\/p>\n<h3>Que sont les taxis volants \u00e9lectriques eVLTO de Manhattan \u00e0 Long Island ?<\/h3>\n<p><!--{cke_protected}{C}%3C!%2D%2D%20%2Fwp%3Aheading%20%2D%2D%3E--><!--{cke_protected}{C}%3C!%2D%2D%20wp%3Aparagraph%20%2D%2D%3E-->Les taxis volants \u00e9lectriques de Manhattan \u00e0 Long Island, appel\u00e9s eVTOL (d\u00e9collage et atterrissage verticaux \u00e9lectriques), sont con\u00e7us pour transporter des personnes dans l&#039;atmosph\u00e8re urbaine et citadine.<\/p>\n<h3>Les taxis a\u00e9riens \u00e9lectriques de Manhattan \u00e0 Long Island sont des transports publics \u00e0 grande vitesse<\/h3>\n<p><!--{cke_protected}{C}%3C!%2D%2D%20%2Fwp%3Aheading%20%2D%2D%3E--><!--{cke_protected}{C}%3C!%2D%2D%20wp%3Aparagraph%20%2D%2D%3E-->Le meilleur avantage des drones taxis a\u00e9riens de Manhattan \u00e0 Long Island est sa grande vitesse. C&#039;est le mode de transport le plus rapide et donc le moyen le plus parfait o\u00f9 le temps est un facteur vital.<\/p>\n<h3>Le taxi volant \u00e9lectrique des Hamptons \u00e0 Manhattan a de tr\u00e8s faibles \u00e9missions de carbone<\/h3>\n<p>Les taxis drones de Manhattan aux producteurs de Long Island utilisent l&#039;\u00e9lectricit\u00e9 pour alimenter leurs v\u00e9hicules. Ainsi, les taxis drones n&#039;\u00e9mettront pas de gaz \u00e0 effet de serre. Par cons\u00e9quent, ces taxis peuvent contribuer \u00e0 r\u00e9duire l&#039;impact du changement climatique. Alors r\u00e9servez votre taxi avec l&#039;aide d&#039;un taxi drone de Manhattan \u00e0 Long Island maintenant.<\/p>\n<h2>Conseils pratiques pour trouver des vols pas chers de Manhattan \u00e0 Long Island sans escale<\/h2>\n<p>\u2022 NYC City regorge de curiosit\u00e9s et de choses \u00e0 faire que vous ne voulez pas manquer. Assurez-vous donc de vous procurer un guide qui vous aidera \u00e0 planifier votre voyage de mani\u00e8re \u00e0 vous faire traverser la ville sans manquer les grandes attractions touristiques.<\/p>\n<p>\u2022 Vous voudrez peut-\u00eatre r\u00e9server vos r\u00e9servations pour certaines des principales attractions de NYC d\u00e8s que vous atterrirez dans la c\u00e9l\u00e8bre ville. Ceux-ci contiennent l&#039;observation du coucher du soleil au sommet du rocher, la visite du studio NBC, l&#039;observation de l&#039;Empire State, etc.<\/p>","protected":false},"excerpt":{"rendered":"<p>Looking for cheap flights from Manhattan to Long Island? &gt;&gt; Search, compare and book cheap flight tickets from\u00a0Manhattan to Hamptons online now. Air taxi from Hamptons to Manhattan online booking will be possible soon. The Tiketi.com app helps you search, compare and book cheap flights from Manhattan to Long Island\u00a0online.\u00a0With popular New York landmarks like [&hellip;]<\/p>\n","protected":false},"author":1,"featured_media":14271,"parent":0,"menu_order":0,"comment_status":"open","ping_status":"closed","template":"template-home-modern.php","meta":{"footnotes":""},"class_list":["post-10506","page","type-page","status-publish","has-post-thumbnail","hentry"],"yoast_head":"<!-- This site is optimized with the Yoast SEO plugin v27.3 - https:\/\/yoast.com\/product\/yoast-seo-wordpress\/ -->\n<title>Air Taxi from Hamptons to Manhattan - Cheap Flights<\/title>\n<meta name=\"description\" content=\"Looking for cheap air taxi from Hamptons to Manhattan online booking app? Search &amp; book cheap flights from Dusseldorf to Amsterdam\" \/>\n<meta name=\"robots\" content=\"index, follow, max-snippet:-1, max-image-preview:large, max-video-preview:-1\" \/>\n<link rel=\"canonical\" href=\"https:\/\/tiketi.com\/fr-fr\/air-taxi-from-manhattan-to-hamptons\/\" \/>\n<meta property=\"og:locale\" content=\"fr_FR\" \/>\n<meta property=\"og:type\" content=\"article\" \/>\n<meta property=\"og:title\" content=\"Air Taxi from Hamptons to Manhattan - Cheap Flights\" \/>\n<meta property=\"og:description\" content=\"Looking for cheap air taxi from Hamptons to Manhattan online booking app? Search &amp; book cheap flights from Dusseldorf to Amsterdam\" \/>\n<meta property=\"og:url\" content=\"https:\/\/tiketi.com\/fr-fr\/air-taxi-from-manhattan-to-hamptons\/\" \/>\n<meta property=\"og:site_name\" content=\"Tiketi.com\" \/>\n<meta property=\"article:publisher\" content=\"https:\/\/www.facebook.com\/TiketiCom\/\" \/>\n<meta property=\"article:modified_time\" content=\"2022-01-21T16:41:59+00:00\" \/>\n<meta property=\"og:image\" content=\"https:\/\/tiketi.com\/wp-content\/uploads\/2022\/01\/new-york-3846434_1280.jpg\" \/>\n\t<meta property=\"og:image:width\" content=\"1200\" \/>\n\t<meta property=\"og:image:height\" content=\"232\" \/>\n\t<meta property=\"og:image:type\" content=\"image\/jpeg\" \/>\n<meta name=\"twitter:card\" content=\"summary_large_image\" \/>\n<meta name=\"twitter:label1\" content=\"Dur\u00e9e de lecture estim\u00e9e\" \/>\n\t<meta name=\"twitter:data1\" content=\"5 minutes\" \/>\n<script type=\"application\/ld+json\" class=\"yoast-schema-graph\">{\"@context\":\"https:\\\/\\\/schema.org\",\"@graph\":[{\"@type\":\"WebPage\",\"@id\":\"https:\\\/\\\/tiketi.com\\\/air-taxi-from-manhattan-to-hamptons\\\/\",\"url\":\"https:\\\/\\\/tiketi.com\\\/air-taxi-from-manhattan-to-hamptons\\\/\",\"name\":\"Air Taxi from Hamptons to Manhattan - Cheap Flights\",\"isPartOf\":{\"@id\":\"https:\\\/\\\/tiketi.com\\\/#website\"},\"primaryImageOfPage\":{\"@id\":\"https:\\\/\\\/tiketi.com\\\/air-taxi-from-manhattan-to-hamptons\\\/#primaryimage\"},\"image\":{\"@id\":\"https:\\\/\\\/tiketi.com\\\/air-taxi-from-manhattan-to-hamptons\\\/#primaryimage\"},\"thumbnailUrl\":\"https:\\\/\\\/tiketi.com\\\/wp-content\\\/uploads\\\/2022\\\/01\\\/new-york-3846434_1280.jpg\",\"datePublished\":\"2022-01-19T11:53:26+00:00\",\"dateModified\":\"2022-01-21T16:41:59+00:00\",\"description\":\"Looking for cheap air taxi from Hamptons to Manhattan online booking app? Search & book cheap flights from Dusseldorf to Amsterdam\",\"breadcrumb\":{\"@id\":\"https:\\\/\\\/tiketi.com\\\/air-taxi-from-manhattan-to-hamptons\\\/#breadcrumb\"},\"inLanguage\":\"fr-FR\",\"potentialAction\":[{\"@type\":\"ReadAction\",\"target\":[\"https:\\\/\\\/tiketi.com\\\/air-taxi-from-manhattan-to-hamptons\\\/\"]}]},{\"@type\":\"ImageObject\",\"inLanguage\":\"fr-FR\",\"@id\":\"https:\\\/\\\/tiketi.com\\\/air-taxi-from-manhattan-to-hamptons\\\/#primaryimage\",\"url\":\"https:\\\/\\\/tiketi.com\\\/wp-content\\\/uploads\\\/2022\\\/01\\\/new-york-3846434_1280.jpg\",\"contentUrl\":\"https:\\\/\\\/tiketi.com\\\/wp-content\\\/uploads\\\/2022\\\/01\\\/new-york-3846434_1280.jpg\",\"width\":1200,\"height\":232,\"caption\":\"Air Taxi in Manhattan\"},{\"@type\":\"BreadcrumbList\",\"@id\":\"https:\\\/\\\/tiketi.com\\\/air-taxi-from-manhattan-to-hamptons\\\/#breadcrumb\",\"itemListElement\":[{\"@type\":\"ListItem\",\"position\":1,\"name\":\"Home\",\"item\":\"https:\\\/\\\/tiketi.com\\\/\"},{\"@type\":\"ListItem\",\"position\":2,\"name\":\"Air Taxi from Hamptons to Manhattan &#8211; Cheap Flights\"}]},{\"@type\":\"WebSite\",\"@id\":\"https:\\\/\\\/tiketi.com\\\/#website\",\"url\":\"https:\\\/\\\/tiketi.com\\\/\",\"name\":\"Flight & Bus Tickets, Tour Packages & Activitites - Tiketi.com\",\"description\":\"Flight &amp; Bus Tickets, Tours, Activitites\",\"publisher\":{\"@id\":\"https:\\\/\\\/tiketi.com\\\/#organization\"},\"potentialAction\":[{\"@type\":\"SearchAction\",\"target\":{\"@type\":\"EntryPoint\",\"urlTemplate\":\"https:\\\/\\\/tiketi.com\\\/?s={search_term_string}\"},\"query-input\":{\"@type\":\"PropertyValueSpecification\",\"valueRequired\":true,\"valueName\":\"search_term_string\"}}],\"inLanguage\":\"fr-FR\"},{\"@type\":\"Organization\",\"@id\":\"https:\\\/\\\/tiketi.com\\\/#organization\",\"name\":\"Tiketi.com\",\"alternateName\":\"Tiketi\",\"url\":\"https:\\\/\\\/tiketi.com\\\/\",\"logo\":{\"@type\":\"ImageObject\",\"inLanguage\":\"fr-FR\",\"@id\":\"https:\\\/\\\/tiketi.com\\\/#\\\/schema\\\/logo\\\/image\\\/\",\"url\":\"https:\\\/\\\/tiketi.com\\\/wp-content\\\/uploads\\\/2019\\\/05\\\/tiketi-logo-696.png\",\"contentUrl\":\"https:\\\/\\\/tiketi.com\\\/wp-content\\\/uploads\\\/2019\\\/05\\\/tiketi-logo-696.png\",\"width\":696,\"height\":696,\"caption\":\"Tiketi.com\"},\"image\":{\"@id\":\"https:\\\/\\\/tiketi.com\\\/#\\\/schema\\\/logo\\\/image\\\/\"},\"sameAs\":[\"https:\\\/\\\/www.facebook.com\\\/TiketiCom\\\/\"]}]}<\/script>\n<!-- \/ Yoast SEO plugin. -->","yoast_head_json":{"title":"Taxi a\u00e9rien de Hamptons \u00e0 Manhattan - Vols pas chers","description":"Vous recherchez une application de r\u00e9servation en ligne de taxi a\u00e9rien bon march\u00e9 de Hamptons \u00e0 Manhattan? Recherchez et r\u00e9servez des vols pas chers de D\u00fcsseldorf \u00e0 Amsterdam","robots":{"index":"index","follow":"follow","max-snippet":"max-snippet:-1","max-image-preview":"max-image-preview:large","max-video-preview":"max-video-preview:-1"},"canonical":"https:\/\/tiketi.com\/fr-fr\/air-taxi-from-manhattan-to-hamptons\/","og_locale":"fr_FR","og_type":"article","og_title":"Air Taxi from Hamptons to Manhattan - Cheap Flights","og_description":"Looking for cheap air taxi from Hamptons to Manhattan online booking app? Search & book cheap flights from Dusseldorf to Amsterdam","og_url":"https:\/\/tiketi.com\/fr-fr\/air-taxi-from-manhattan-to-hamptons\/","og_site_name":"Tiketi.com","article_publisher":"https:\/\/www.facebook.com\/TiketiCom\/","article_modified_time":"2022-01-21T16:41:59+00:00","og_image":[{"width":1200,"height":232,"url":"https:\/\/tiketi.com\/wp-content\/uploads\/2022\/01\/new-york-3846434_1280.jpg","type":"image\/jpeg"}],"twitter_card":"summary_large_image","twitter_misc":{"Dur\u00e9e de lecture estim\u00e9e":"5 minutes"},"schema":{"@context":"https:\/\/schema.org","@graph":[{"@type":"WebPage","@id":"https:\/\/tiketi.com\/air-taxi-from-manhattan-to-hamptons\/","url":"https:\/\/tiketi.com\/air-taxi-from-manhattan-to-hamptons\/","name":"Taxi a\u00e9rien de Hamptons \u00e0 Manhattan - Vols pas chers","isPartOf":{"@id":"https:\/\/tiketi.com\/#website"},"primaryImageOfPage":{"@id":"https:\/\/tiketi.com\/air-taxi-from-manhattan-to-hamptons\/#primaryimage"},"image":{"@id":"https:\/\/tiketi.com\/air-taxi-from-manhattan-to-hamptons\/#primaryimage"},"thumbnailUrl":"https:\/\/tiketi.com\/wp-content\/uploads\/2022\/01\/new-york-3846434_1280.jpg","datePublished":"2022-01-19T11:53:26+00:00","dateModified":"2022-01-21T16:41:59+00:00","description":"Vous recherchez une application de r\u00e9servation en ligne de taxi a\u00e9rien bon march\u00e9 de Hamptons \u00e0 Manhattan? Recherchez et r\u00e9servez des vols pas chers de D\u00fcsseldorf \u00e0 Amsterdam","breadcrumb":{"@id":"https:\/\/tiketi.com\/air-taxi-from-manhattan-to-hamptons\/#breadcrumb"},"inLanguage":"fr-FR","potentialAction":[{"@type":"ReadAction","target":["https:\/\/tiketi.com\/air-taxi-from-manhattan-to-hamptons\/"]}]},{"@type":"ImageObject","inLanguage":"fr-FR","@id":"https:\/\/tiketi.com\/air-taxi-from-manhattan-to-hamptons\/#primaryimage","url":"https:\/\/tiketi.com\/wp-content\/uploads\/2022\/01\/new-york-3846434_1280.jpg","contentUrl":"https:\/\/tiketi.com\/wp-content\/uploads\/2022\/01\/new-york-3846434_1280.jpg","width":1200,"height":232,"caption":"Air Taxi in Manhattan"},{"@type":"BreadcrumbList","@id":"https:\/\/tiketi.com\/air-taxi-from-manhattan-to-hamptons\/#breadcrumb","itemListElement":[{"@type":"ListItem","position":1,"name":"Home","item":"https:\/\/tiketi.com\/"},{"@type":"ListItem","position":2,"name":"Air Taxi from Hamptons to Manhattan &#8211; Cheap Flights"}]},{"@type":"WebSite","@id":"https:\/\/tiketi.com\/#website","url":"https:\/\/tiketi.com\/","name":"Billets d&#039;avion et de bus, forfaits touristiques et activit\u00e9s - Tiketi.com","description":"Billets d&#039;avion et de bus, Tours, Activit\u00e9s","publisher":{"@id":"https:\/\/tiketi.com\/#organization"},"potentialAction":[{"@type":"SearchAction","target":{"@type":"EntryPoint","urlTemplate":"https:\/\/tiketi.com\/?s={search_term_string}"},"query-input":{"@type":"PropertyValueSpecification","valueRequired":true,"valueName":"search_term_string"}}],"inLanguage":"fr-FR"},{"@type":"Organization","@id":"https:\/\/tiketi.com\/#organization","name":"Tiketi.com","alternateName":"Tiketi","url":"https:\/\/tiketi.com\/","logo":{"@type":"ImageObject","inLanguage":"fr-FR","@id":"https:\/\/tiketi.com\/#\/schema\/logo\/image\/","url":"https:\/\/tiketi.com\/wp-content\/uploads\/2019\/05\/tiketi-logo-696.png","contentUrl":"https:\/\/tiketi.com\/wp-content\/uploads\/2019\/05\/tiketi-logo-696.png","width":696,"height":696,"caption":"Tiketi.com"},"image":{"@id":"https:\/\/tiketi.com\/#\/schema\/logo\/image\/"},"sameAs":["https:\/\/www.facebook.com\/TiketiCom\/"]}]}},"_links":{"self":[{"href":"https:\/\/tiketi.com\/fr-fr\/wp-json\/wp\/v2\/pages\/10506","targetHints":{"allow":["GET"]}}],"collection":[{"href":"https:\/\/tiketi.com\/fr-fr\/wp-json\/wp\/v2\/pages"}],"about":[{"href":"https:\/\/tiketi.com\/fr-fr\/wp-json\/wp\/v2\/types\/page"}],"author":[{"embeddable":true,"href":"https:\/\/tiketi.com\/fr-fr\/wp-json\/wp\/v2\/users\/1"}],"replies":[{"embeddable":true,"href":"https:\/\/tiketi.com\/fr-fr\/wp-json\/wp\/v2\/comments?post=10506"}],"version-history":[{"count":0,"href":"https:\/\/tiketi.com\/fr-fr\/wp-json\/wp\/v2\/pages\/10506\/revisions"}],"wp:featuredmedia":[{"embeddable":true,"href":"https:\/\/tiketi.com\/fr-fr\/wp-json\/wp\/v2\/media\/14271"}],"wp:attachment":[{"href":"https:\/\/tiketi.com\/fr-fr\/wp-json\/wp\/v2\/media?parent=10506"}],"curies":[{"name":"wp","href":"https:\/\/api.w.org\/{rel}","templated":true}]}}